{"id":118246,"date":"2025-04-10T07:44:37","date_gmt":"2025-04-10T07:44:37","guid":{"rendered":"https:\/\/www.sportingpedia.com\/?page_id=118246"},"modified":"2025-12-03T14:59:30","modified_gmt":"2025-12-03T14:59:30","slug":"accumulators-explained","status":"publish","type":"page","link":"https:\/\/www.sportingpedia.com\/fr\/football-betting\/accumulators-explained\/","title":{"rendered":"Explication des Paris Combin\u00e9s sur le Football"},"content":{"rendered":"<p><img decoding=\"async\" src=\"https:\/\/www.sportingpedia.com\/wp-content\/uploads\/2021\/02\/football-betting-accumulators-explained.svg\" alt=\"Explication des Paris Accumulateurs de Football\" width=\"300\" class=\"alignleft \">Les paris accumulateurs, ou combin\u00e9s comme on les appelle aussi, <strong>comptent parmi les moyens les plus pris\u00e9s pour parier sur le football<\/strong>. En somme, tout parieur de football chevronn\u00e9 vous dira qu&rsquo;il est pr\u00e9f\u00e9rable de vous familiariser avec les tenants et aboutissants de ce mode de jeu, la raison la plus \u00e9vidente \u00e9tant les gains que de tels paris peuvent offrir.<\/p>\n\n<p>Cependant, les passionn\u00e9s de football doivent garder \u00e0 l&rsquo;esprit que r\u00e9ussir <strong>de tels paris peut s&rsquo;av\u00e9rer une t\u00e2che ardue<\/strong>. Bien s\u00fbr, cela ne signifie pas que les amateurs de football doivent \u00e9viter ces paris sous pr\u00e9texte qu&rsquo;ils exigent davantage de savoir-faire et de chance.<\/p>\n<div class=\"clear\"><\/div>\n<ol class=\"bookies-grid\">\r\n\t<li>\r\n\t\t<a rel=\"nofollow\" target=\"_blank\" href=\"\/out\/mybookie?au&#x3D;138&amp;bp&#x3D;1\"<\/a>\r\n\t\t\t<figure>\r\n\t\t\t  \t<img decoding=\"async\" src=\"https:\/\/www.sportingpedia.com\/wp-content\/uploads\/logos\/lg-mybookie-logo.jpg\" width=\"110\" height=\"55\">\r\n\t\t\t<\/figure>\r\n\r\n\t\t\t<div>\r\n\t\t\t  \t<span class=\"bookie-name\">MyBookie<\/span>\r\n\r\n\t\t\t  \t<span class=\"bookie-rating\">Rating: 4.9 <b>&starf;<\/b><\/span>\r\n\t\t\t<\/div>\r\n\t\t<\/a>\r\n\t<\/li>\r\n\t<li>\r\n\t\t<a rel=\"nofollow\" target=\"_blank\" href=\"\/out\/bovada?au&#x3D;138&amp;bp&#x3D;2\"<\/a>\r\n\t\t\t<figure>\r\n\t\t\t  \t<img decoding=\"async\" src=\"https:\/\/www.sportingpedia.com\/wp-content\/uploads\/logos\/lg-bovada-logo.jpg\" width=\"110\" height=\"55\">\r\n\t\t\t<\/figure>\r\n\r\n\t\t\t<div>\r\n\t\t\t  \t<span class=\"bookie-name\">Bovada<\/span>\r\n\r\n\t\t\t  \t<span class=\"bookie-rating\">Rating: 4.8 <b>&starf;<\/b><\/span>\r\n\t\t\t<\/div>\r\n\t\t<\/a>\r\n\t<\/li>\r\n\t<li>\r\n\t\t<a rel=\"nofollow\" target=\"_blank\" href=\"\/out\/xbet?au&#x3D;138&amp;bp&#x3D;3\"<\/a>\r\n\t\t\t<figure>\r\n\t\t\t  \t<img decoding=\"async\" src=\"https:\/\/www.sportingpedia.com\/wp-content\/uploads\/logos\/lg-xbet-logo.jpg\" width=\"110\" height=\"55\">\r\n\t\t\t<\/figure>\r\n\r\n\t\t\t<div>\r\n\t\t\t  \t<span class=\"bookie-name\">XBet<\/span>\r\n\r\n\t\t\t  \t<span class=\"bookie-rating\">Rating: 4.7 <b>&starf;<\/b><\/span>\r\n\t\t\t<\/div>\r\n\t\t<\/a>\r\n\t<\/li>\r\n\t<li>\r\n\t\t<a rel=\"nofollow\" target=\"_blank\" href=\"\/out\/intertops?au&#x3D;138&amp;bp&#x3D;4\"<\/a>\r\n\t\t\t<figure>\r\n\t\t\t  \t<img decoding=\"async\" src=\"https:\/\/www.sportingpedia.com\/wp-content\/uploads\/logos\/lg-everygame-logo.webp\" width=\"110\" height=\"55\">\r\n\t\t\t<\/figure>\r\n\r\n\t\t\t<div>\r\n\t\t\t  \t<span class=\"bookie-name\">Everygame<\/span>\r\n\r\n\t\t\t  \t<span class=\"bookie-rating\">Rating: 4.6 <b>&starf;<\/b><\/span>\r\n\t\t\t<\/div>\r\n\t\t<\/a>\r\n\t<\/li>\r\n\t<li>\r\n\t\t<a rel=\"nofollow\" target=\"_blank\" href=\"\/out\/betusr?au&#x3D;138&amp;bp&#x3D;5\"<\/a>\r\n\t\t\t<figure>\r\n\t\t\t  \t<img decoding=\"async\" src=\"https:\/\/www.sportingpedia.com\/wp-content\/uploads\/logos\/lg-betusr-logo.jpg\" width=\"110\" height=\"55\">\r\n\t\t\t<\/figure>\r\n\r\n\t\t\t<div>\r\n\t\t\t  \t<span class=\"bookie-name\">BetUSR<\/span>\r\n\r\n\t\t\t  \t<span class=\"bookie-rating\">Rating: 4.5 <b>&starf;<\/b><\/span>\r\n\t\t\t<\/div>\r\n\t\t<\/a>\r\n\t<\/li>\r\n\t<li>\r\n\t\t<a rel=\"nofollow\" target=\"_blank\" href=\"\/out\/vave?au&#x3D;138&amp;bp&#x3D;6\"<\/a>\r\n\t\t\t<figure>\r\n\t\t\t  \t<img decoding=\"async\" src=\"https:\/\/www.sportingpedia.com\/wp-content\/uploads\/logos\/lg-vave-logo.webp\" width=\"110\" height=\"55\">\r\n\t\t\t<\/figure>\r\n\r\n\t\t\t<div>\r\n\t\t\t  \t<span class=\"bookie-name\">Vave<\/span>\r\n\r\n\t\t\t  \t<span class=\"bookie-rating\">Rating: 4.4 <b>&starf;<\/b><\/span>\r\n\t\t\t<\/div>\r\n\t\t<\/a>\r\n\t<\/li>\r\n<\/ol><script>\n  setTimeout(function(){\n    if(!document.getElementById('JasHAAffsaMosaAdsANa2i')) {\n      jQuery('a[target=\"_blank\"]').removeAttr('target');\n    }\n  }, 1000);\n<\/script>\n\n<p>Ainsi, si vous cherchez \u00e0 ajouter un frisson suppl\u00e9mentaire \u00e0 vos sessions de paris, les paris accumulateurs pourraient s&rsquo;av\u00e9rer la meilleure voie \u00e0 suivre. Maintenant, si vous souhaitez apprendre les ficelles de ce type de paris multiples sur le football, <strong>continuez simplement votre lecture ci-dessous<\/strong>.<\/p>\n<h2 id=\"accumulators\">Qu&rsquo;est-ce qu&rsquo;un pari combin\u00e9 en football<\/h2>\n<p><img decoding=\"async\" src=\"https:\/\/www.sportingpedia.com\/wp-content\/uploads\/2021\/02\/football-betting-accumulators-explained_what-are-football-accumulators.svg\" alt=\"Qu'est-ce qu'un Pari Combin\u00e9 en Football\" width=\"300\" class=\"alignleft\">Il est ind\u00e9niable que les paris combin\u00e9s comptent parmi les favoris des parieurs, non seulement pour les gains qu&rsquo;ils peuvent offrir, mais aussi parce qu&rsquo;ils fonctionnent de fa\u00e7on extr\u00eamement simple. L&rsquo;une des premi\u00e8res choses que les passionn\u00e9s de football doivent retenir est que les termes \u00ab\u202fpari combin\u00e9\u202f\u00bb et \u00ab\u202fpari multiple\u202f\u00bb d\u00e9signent une seule et m\u00eame fa\u00e7on de miser sur le football. En ce qui concerne l&rsquo;expression \u00ab\u202fparis combin\u00e9s\u202f\u00bb, elle est utilis\u00e9e par les parieurs dans presque toutes les r\u00e9gions du monde, \u00e0 l&rsquo;exception des \u00c9tats-Unis, o\u00f9 l&rsquo;on emploie plut\u00f4t l&rsquo;expression \u00ab\u202fpari multiple\u202f\u00bb.<\/p>\n<p>Une fois cela clarifi\u00e9, la prochaine \u00e9tape consiste \u00e0 comprendre ce que sont r\u00e9ellement les paris combin\u00e9s. Bien que ces paris puissent sembler intimidants au premier abord, ne vous inqui\u00e9tez pas\u202f: en pratique, ils consistent simplement \u00e0 regrouper deux s\u00e9lections ou plus en un seul pari. En d&rsquo;autres termes, <strong>les parieurs de football effectuent plusieurs pr\u00e9dictions simultan\u00e9ment<\/strong>. Comme vous regroupez plusieurs mises en un seul pari combin\u00e9, vous combinez \u00e9galement les cotes, ce qui vous offre la possibilit\u00e9 de r\u00e9aliser des gains remarquables.<\/p>\n<p>Cependant, l&rsquo;un des aspects les plus d\u00e9licats de ces paris est que vous ne gagnez que si toutes vos s\u00e9lections sont correctes. C&rsquo;est l&rsquo;une des principales raisons pour lesquelles ils sont jug\u00e9s risqu\u00e9s dans le cadre des paris sur le football. En pratique, si les paris combin\u00e9s peuvent englober presque tous les types de mises, pour l&rsquo;essentiel, <strong>lorsqu&rsquo;ils font des paris combin\u00e9s, les amateurs de paris ont tendance \u00e0 miser sur le r\u00e9sultat final de plusieurs \u00e9v\u00e9nements de football<\/strong>.<\/p>\n<p>Comme indiqu\u00e9 plus haut, le principal d\u00e9fi des paris combin\u00e9s est de r\u00e9aliser un sans-faute. M\u00eame si vous n&rsquo;incluez que deux s\u00e9lections dans votre pari combin\u00e9, vos chances de pr\u00e9diction juste seront bien plus faibles que si vous aviez plac\u00e9 deux paris distincts sur les m\u00eames rencontres. Ainsi, <strong>vos probabilit\u00e9s de succ\u00e8s diminuent \u00e0 mesure que vous ajoutez des s\u00e9lections<\/strong>.<\/p>\n<p>Peut-\u00eatre vous demandez-vous maintenant pourquoi les parieurs de football ont recours \u00e0 de tels paris, alors qu&rsquo;ils peuvent s&rsquo;av\u00e9rer si compliqu\u00e9s. La r\u00e9ponse est simple\u202f: les paris combin\u00e9s ou multiples peuvent g\u00e9n\u00e9rer des gains nettement plus \u00e9lev\u00e9s que les autres options \u00e0 la disposition des amateurs de football.<\/p>\n<h2 id=\"creating\">Cr\u00e9er un pari accumulateur de football<\/h2>\n<p><img decoding=\"async\" src=\"https:\/\/www.sportingpedia.com\/wp-content\/uploads\/2021\/02\/football-betting-accumulators-explained_creating-acummulator-bet.svg\" alt=\"Cr\u00e9er un Pari Accumulateur de Football\" width=\"300\" class=\"alignleft\">Apr\u00e8s avoir pris connaissance des particularit\u00e9s de ce mode de pari, vous serez sans doute impatient de <strong>d\u00e9couvrir comment ces paris sont cr\u00e9\u00e9s<\/strong>. Bonne nouvelle\u202f: les passionn\u00e9s de football n&rsquo;ont aucune raison de s&rsquo;inqui\u00e9ter, car cr\u00e9er un pari accumulateur est d&rsquo;une simplicit\u00e9 d\u00e9concertante.<\/p>\n<p>Une fois votre compte ouvert chez le bookmaker en ligne de votre choix, il vous suffit de vous connecter puis de vous rendre dans la section consacr\u00e9e au football. Vous y verrez alors tous les \u00e9v\u00e9nements sur lesquels vous pouvez placer votre pari accumulateur. Rappelez-vous que vous n&rsquo;\u00eates pas oblig\u00e9 de vous limiter \u00e0 un seul tournoi ou \u00e0 une seule ligue\u202f; <strong>vous pouvez \u00e9taler vos pronostics sur plusieurs comp\u00e9titions individuelles<\/strong>. De plus, les rencontres s\u00e9lectionn\u00e9es n&rsquo;ont pas besoin de se d\u00e9rouler le m\u00eame jour.<\/p>\n<p>Supposons que vous d\u00e9cidiez de parier sur un match entre Liverpool et Crystal Palace, o\u00f9 la cote pour une victoire de Liverpool est de 1,85. Vous ajoutez ensuite le match Manchester United &#8211; Arsenal, la cote pour une victoire de Manchester United \u00e9tant de 2,10. Enfin, vous retenez la rencontre Stoke City &#8211; Manchester City, avec une cote de 2,30 pour une victoire de Stoke City. Outre les pronostics classiques (victoire, nul ou d\u00e9faite), les parieurs peuvent \u00e9galement miser sur le <strong>premier ou le dernier buteur, le nombre total de buts inscrits<\/strong>, etc. Il est important de noter que, sur votre bulletin, vos s\u00e9lections appara\u00eetront d&rsquo;abord comme des paris simples. Il vous suffit alors de s\u00e9lectionner l&rsquo;option \u00ab\u202fpari accumulateur\u202f\u00bb et d&rsquo;indiquer le montant que vous souhaitez engager.<\/p>\n<h2 id=\"estimating\">Estimer vos retours potentiels<\/h2>\n<p><img decoding=\"async\" src=\"https:\/\/www.sportingpedia.com\/wp-content\/uploads\/2021\/02\/football-betting-accumulators-explained_estimating-your-potential-returns.svg\" alt=\"Estimating Your Potential Returns\" width=\"300\" class=\"alignleft \">Portons maintenant une attention particuli\u00e8re aux exemples mentionn\u00e9s ci-dessus. Vous savez d\u00e9j\u00e0 que votre pari combin\u00e9 sera gagnant \u00e0 condition que Liverpool, Manchester United et Stoke City l&#8217;emportent. En revanche, si l&rsquo;une des rencontres se solde par un nul, votre combin\u00e9 sera imm\u00e9diatement perdant. Par cons\u00e9quent, <strong>vos chances de valider les trois s\u00e9lections sont nettement plus faibles<\/strong> que si vous aviez plac\u00e9 ces pronostics sous forme de paris individuels.<\/p>\n<p>Vous vous demandez peut-\u00eatre pourquoi prendre un tel risque alors que vous pourriez jouer la s\u00e9curit\u00e9 avec trois paris individuels. Bien que cela puisse d&rsquo;abord para\u00eetre illogique, vous changerez d&rsquo;avis en constatant la fa\u00e7on dont le calcul des cotes influe consid\u00e9rablement sur votre profit global.<\/p>\n<p>Ainsi, si vous d\u00e9cidez de jouer la s\u00e9curit\u00e9 et de placer trois paris individuels de 10\u202f\u20ac chacun, un pari gagnant sur Liverpool vous rapportera 18,50\u202f\u20ac, soit un b\u00e9n\u00e9fice de 8,50\u202f\u20ac. Si vous misez sur Manchester United et que l&rsquo;\u00e9quipe s&rsquo;impose, votre pari vous rapportera 21\u202f\u20ac, donc un b\u00e9n\u00e9fice de 11\u202f\u20ac. Enfin, si Stoke City l&#8217;emporte, vos gains s&rsquo;\u00e9l\u00e8veront \u00e0 23\u202f\u20ac, soit un b\u00e9n\u00e9fice de 13\u202f\u20ac. Vous constatez donc que vous risquez 30\u202f\u20ac pour un b\u00e9n\u00e9fice potentiel de 32,50\u202f\u20ac.<\/p>\n<p>Supposons maintenant que vous choisissiez de placer un pari combin\u00e9. Dans ce cas, <strong>il suffit de multiplier les cotes propos\u00e9es pour chaque match<\/strong>. En d&rsquo;autres termes, l&rsquo;\u00e9quation ressemblera \u00e0 ceci\u202f: 2,3 \u00d7 2,1 \u00d7 1,8 = 8,694. Il vous suffit ensuite de multiplier ce r\u00e9sultat par votre mise, soit 30\u202f\u20ac. Votre retour potentiel s&rsquo;\u00e9l\u00e8ve donc \u00e0 260,82\u202f\u20ac, ce qui signifie qu&rsquo;un pari combin\u00e9 gagnant vous rapporterait un b\u00e9n\u00e9fice de 230,82\u202f\u20ac.<\/p>\n<p>Comme vous pouvez le constater, la diff\u00e9rence est consid\u00e9rable\u202f; <strong>les valeurs diff\u00e8rent grandement<\/strong>, c&rsquo;est pr\u00e9cis\u00e9ment pour cette raison que tant d&rsquo;amateurs de football optent pour les paris combin\u00e9s. \u00c0 l&rsquo;inverse, certains parieurs jugent que ces paris n&rsquo;en valent pas la peine, car ils consid\u00e8rent qu&rsquo;il est trop difficile de r\u00e9ussir toutes les pr\u00e9dictions. Pourtant, comme vous le voyez, le risque peut clairement \u00eatre payant, surtout lorsqu&rsquo;une occasion aussi int\u00e9ressante se pr\u00e9sente.<\/p>\n<p>Cela dit, les parieurs doivent trouver un juste milieu\u202f: ils sont souvent tent\u00e9s d&rsquo;ajouter toujours plus de s\u00e9lections dans l&rsquo;espoir d&rsquo;augmenter leurs gains. Vous aurez sans doute compris pourquoi cette approche peut s&rsquo;av\u00e9rer contre-productive.<\/p>\n","protected":false},"excerpt":{"rendered":"<p>Les paris accumulateurs, ou combin\u00e9s comme on les appelle aussi, comptent parmi les moyens les plus pris\u00e9s pour parier sur le football. En somme, tout parieur de football chevronn\u00e9 vous dira qu&rsquo;il est pr\u00e9f\u00e9rable de vous familiariser avec les tenants et aboutissants de ce mode de jeu, la raison la plus \u00e9vidente \u00e9tant les gains [&hellip;]<\/p>\n","protected":false},"author":8,"featured_media":0,"parent":118235,"menu_order":0,"comment_status":"closed","ping_status":"closed","template":"template-guide-page.php","meta":{"footnotes":""},"class_list":["post-118246","page","type-page","status-publish","hentry"],"yoast_head":"<!-- This site is optimized with the Yoast SEO plugin v26.6 - https:\/\/yoast.com\/wordpress\/plugins\/seo\/ -->\n<title>Accumulations de Football Expliqu\u00e9s<\/title>\n<meta name=\"description\" content=\"Les paris combin\u00e9s, ou accumulators, comme on les appelle aussi, font partie des mani\u00e8res les plus pris\u00e9es de parier sur le football.\" \/>\n<meta name=\"robots\" content=\"index, follow, max-snippet:-1, max-image-preview:large, max-video-preview:-1\" \/>\n<link rel=\"canonical\" href=\"https:\/\/www.sportingpedia.com\/fr\/football-betting\/accumulators-explained\/\" \/>\n<meta property=\"og:locale\" content=\"fr_FR\" \/>\n<meta property=\"og:type\" content=\"article\" \/>\n<meta property=\"og:title\" content=\"Accumulations de Football Expliqu\u00e9s\" \/>\n<meta property=\"og:description\" content=\"Les paris combin\u00e9s, ou accumulators, comme on les appelle aussi, font partie des mani\u00e8res les plus pris\u00e9es de parier sur le football.\" \/>\n<meta property=\"og:url\" content=\"https:\/\/www.sportingpedia.com\/fr\/football-betting\/accumulators-explained\/\" \/>\n<meta property=\"og:site_name\" content=\"Sportingpedia - Latest Sports News From All Over the World\" \/>\n<meta property=\"article:modified_time\" content=\"2025-12-03T14:59:30+00:00\" \/>\n<meta property=\"og:image\" content=\"https:\/\/www.sportingpedia.com\/wp-content\/uploads\/2021\/02\/football-betting-accumulators-explained.svg\" \/>\n<meta name=\"twitter:card\" content=\"summary_large_image\" \/>\n<meta name=\"twitter:label1\" content=\"Dur\u00e9e de lecture estim\u00e9e\" \/>\n\t<meta name=\"twitter:data1\" content=\"6 minutes\" \/>\n<script type=\"application\/ld+json\" class=\"yoast-schema-graph\">{\"@context\":\"https:\/\/schema.org\",\"@graph\":[{\"@type\":\"WebPage\",\"@id\":\"https:\/\/www.sportingpedia.com\/fr\/football-betting\/accumulators-explained\/\",\"url\":\"https:\/\/www.sportingpedia.com\/fr\/football-betting\/accumulators-explained\/\",\"name\":\"Accumulations de Football Expliqu\u00e9s\",\"isPartOf\":{\"@id\":\"https:\/\/www.sportingpedia.com\/fr\/#website\"},\"primaryImageOfPage\":{\"@id\":\"https:\/\/www.sportingpedia.com\/fr\/football-betting\/accumulators-explained\/#primaryimage\"},\"image\":{\"@id\":\"https:\/\/www.sportingpedia.com\/fr\/football-betting\/accumulators-explained\/#primaryimage\"},\"thumbnailUrl\":\"https:\/\/www.sportingpedia.com\/wp-content\/uploads\/2021\/02\/football-betting-accumulators-explained.svg\",\"datePublished\":\"2025-04-10T07:44:37+00:00\",\"dateModified\":\"2025-12-03T14:59:30+00:00\",\"description\":\"Les paris combin\u00e9s, ou accumulators, comme on les appelle aussi, font partie des mani\u00e8res les plus pris\u00e9es de parier sur le football.\",\"breadcrumb\":{\"@id\":\"https:\/\/www.sportingpedia.com\/fr\/football-betting\/accumulators-explained\/#breadcrumb\"},\"inLanguage\":\"fr-FR\",\"potentialAction\":[{\"@type\":\"ReadAction\",\"target\":[\"https:\/\/www.sportingpedia.com\/fr\/football-betting\/accumulators-explained\/\"]}]},{\"@type\":\"ImageObject\",\"inLanguage\":\"fr-FR\",\"@id\":\"https:\/\/www.sportingpedia.com\/fr\/football-betting\/accumulators-explained\/#primaryimage\",\"url\":\"https:\/\/www.sportingpedia.com\/wp-content\/uploads\/2021\/02\/football-betting-accumulators-explained.svg\",\"contentUrl\":\"https:\/\/www.sportingpedia.com\/wp-content\/uploads\/2021\/02\/football-betting-accumulators-explained.svg\"},{\"@type\":\"BreadcrumbList\",\"@id\":\"https:\/\/www.sportingpedia.com\/fr\/football-betting\/accumulators-explained\/#breadcrumb\",\"itemListElement\":[{\"@type\":\"ListItem\",\"position\":1,\"name\":\"Accueil\",\"item\":\"https:\/\/www.sportingpedia.com\/fr\/home\/\"},{\"@type\":\"ListItem\",\"position\":2,\"name\":\"Parier sur le Football\",\"item\":\"https:\/\/www.sportingpedia.com\/fr\/football-betting\/\"},{\"@type\":\"ListItem\",\"position\":3,\"name\":\"Explication des Paris Combin\u00e9s sur le Football\"}]},{\"@type\":\"WebSite\",\"@id\":\"https:\/\/www.sportingpedia.com\/fr\/#website\",\"url\":\"https:\/\/www.sportingpedia.com\/fr\/\",\"name\":\"Sportingpedia - Latest Sports News From All Over the World\",\"description\":\"\",\"publisher\":{\"@id\":\"https:\/\/www.sportingpedia.com\/fr\/#organization\"},\"potentialAction\":[{\"@type\":\"SearchAction\",\"target\":{\"@type\":\"EntryPoint\",\"urlTemplate\":\"https:\/\/www.sportingpedia.com\/fr\/?s={search_term_string}\"},\"query-input\":{\"@type\":\"PropertyValueSpecification\",\"valueRequired\":true,\"valueName\":\"search_term_string\"}}],\"inLanguage\":\"fr-FR\"},{\"@type\":\"Organization\",\"@id\":\"https:\/\/www.sportingpedia.com\/fr\/#organization\",\"name\":\"SportingPedia\",\"url\":\"https:\/\/www.sportingpedia.com\/fr\/\",\"logo\":{\"@type\":\"ImageObject\",\"inLanguage\":\"fr-FR\",\"@id\":\"https:\/\/www.sportingpedia.com\/fr\/#\/schema\/logo\/image\/\",\"url\":\"https:\/\/www.sportingpedia.com\/wp-content\/uploads\/2019\/10\/SportingPedia_logo.png\",\"contentUrl\":\"https:\/\/www.sportingpedia.com\/wp-content\/uploads\/2019\/10\/SportingPedia_logo.png\",\"width\":600,\"height\":101,\"caption\":\"SportingPedia\"},\"image\":{\"@id\":\"https:\/\/www.sportingpedia.com\/fr\/#\/schema\/logo\/image\/\"}}]}<\/script>\n<!-- \/ Yoast SEO plugin. -->","yoast_head_json":{"title":"Accumulations de Football Expliqu\u00e9s","description":"Les paris combin\u00e9s, ou accumulators, comme on les appelle aussi, font partie des mani\u00e8res les plus pris\u00e9es de parier sur le football.","robots":{"index":"index","follow":"follow","max-snippet":"max-snippet:-1","max-image-preview":"max-image-preview:large","max-video-preview":"max-video-preview:-1"},"canonical":"https:\/\/www.sportingpedia.com\/fr\/football-betting\/accumulators-explained\/","og_locale":"fr_FR","og_type":"article","og_title":"Accumulations de Football Expliqu\u00e9s","og_description":"Les paris combin\u00e9s, ou accumulators, comme on les appelle aussi, font partie des mani\u00e8res les plus pris\u00e9es de parier sur le football.","og_url":"https:\/\/www.sportingpedia.com\/fr\/football-betting\/accumulators-explained\/","og_site_name":"Sportingpedia - Latest Sports News From All Over the World","article_modified_time":"2025-12-03T14:59:30+00:00","og_image":[{"url":"https:\/\/www.sportingpedia.com\/wp-content\/uploads\/2021\/02\/football-betting-accumulators-explained.svg","type":"","width":"","height":""}],"twitter_card":"summary_large_image","twitter_misc":{"Dur\u00e9e de lecture estim\u00e9e":"6 minutes"},"schema":{"@context":"https:\/\/schema.org","@graph":[{"@type":"WebPage","@id":"https:\/\/www.sportingpedia.com\/fr\/football-betting\/accumulators-explained\/","url":"https:\/\/www.sportingpedia.com\/fr\/football-betting\/accumulators-explained\/","name":"Accumulations de Football Expliqu\u00e9s","isPartOf":{"@id":"https:\/\/www.sportingpedia.com\/fr\/#website"},"primaryImageOfPage":{"@id":"https:\/\/www.sportingpedia.com\/fr\/football-betting\/accumulators-explained\/#primaryimage"},"image":{"@id":"https:\/\/www.sportingpedia.com\/fr\/football-betting\/accumulators-explained\/#primaryimage"},"thumbnailUrl":"https:\/\/www.sportingpedia.com\/wp-content\/uploads\/2021\/02\/football-betting-accumulators-explained.svg","datePublished":"2025-04-10T07:44:37+00:00","dateModified":"2025-12-03T14:59:30+00:00","description":"Les paris combin\u00e9s, ou accumulators, comme on les appelle aussi, font partie des mani\u00e8res les plus pris\u00e9es de parier sur le football.","breadcrumb":{"@id":"https:\/\/www.sportingpedia.com\/fr\/football-betting\/accumulators-explained\/#breadcrumb"},"inLanguage":"fr-FR","potentialAction":[{"@type":"ReadAction","target":["https:\/\/www.sportingpedia.com\/fr\/football-betting\/accumulators-explained\/"]}]},{"@type":"ImageObject","inLanguage":"fr-FR","@id":"https:\/\/www.sportingpedia.com\/fr\/football-betting\/accumulators-explained\/#primaryimage","url":"https:\/\/www.sportingpedia.com\/wp-content\/uploads\/2021\/02\/football-betting-accumulators-explained.svg","contentUrl":"https:\/\/www.sportingpedia.com\/wp-content\/uploads\/2021\/02\/football-betting-accumulators-explained.svg"},{"@type":"BreadcrumbList","@id":"https:\/\/www.sportingpedia.com\/fr\/football-betting\/accumulators-explained\/#breadcrumb","itemListElement":[{"@type":"ListItem","position":1,"name":"Accueil","item":"https:\/\/www.sportingpedia.com\/fr\/home\/"},{"@type":"ListItem","position":2,"name":"Parier sur le Football","item":"https:\/\/www.sportingpedia.com\/fr\/football-betting\/"},{"@type":"ListItem","position":3,"name":"Explication des Paris Combin\u00e9s sur le Football"}]},{"@type":"WebSite","@id":"https:\/\/www.sportingpedia.com\/fr\/#website","url":"https:\/\/www.sportingpedia.com\/fr\/","name":"Sportingpedia - Latest Sports News From All Over the World","description":"","publisher":{"@id":"https:\/\/www.sportingpedia.com\/fr\/#organization"},"potentialAction":[{"@type":"SearchAction","target":{"@type":"EntryPoint","urlTemplate":"https:\/\/www.sportingpedia.com\/fr\/?s={search_term_string}"},"query-input":{"@type":"PropertyValueSpecification","valueRequired":true,"valueName":"search_term_string"}}],"inLanguage":"fr-FR"},{"@type":"Organization","@id":"https:\/\/www.sportingpedia.com\/fr\/#organization","name":"SportingPedia","url":"https:\/\/www.sportingpedia.com\/fr\/","logo":{"@type":"ImageObject","inLanguage":"fr-FR","@id":"https:\/\/www.sportingpedia.com\/fr\/#\/schema\/logo\/image\/","url":"https:\/\/www.sportingpedia.com\/wp-content\/uploads\/2019\/10\/SportingPedia_logo.png","contentUrl":"https:\/\/www.sportingpedia.com\/wp-content\/uploads\/2019\/10\/SportingPedia_logo.png","width":600,"height":101,"caption":"SportingPedia"},"image":{"@id":"https:\/\/www.sportingpedia.com\/fr\/#\/schema\/logo\/image\/"}}]}},"_links":{"self":[{"href":"https:\/\/www.sportingpedia.com\/fr\/wp-json\/wp\/v2\/pages\/118246","targetHints":{"allow":["GET"]}}],"collection":[{"href":"https:\/\/www.sportingpedia.com\/fr\/wp-json\/wp\/v2\/pages"}],"about":[{"href":"https:\/\/www.sportingpedia.com\/fr\/wp-json\/wp\/v2\/types\/page"}],"author":[{"embeddable":true,"href":"https:\/\/www.sportingpedia.com\/fr\/wp-json\/wp\/v2\/users\/8"}],"replies":[{"embeddable":true,"href":"https:\/\/www.sportingpedia.com\/fr\/wp-json\/wp\/v2\/comments?post=118246"}],"version-history":[{"count":4,"href":"https:\/\/www.sportingpedia.com\/fr\/wp-json\/wp\/v2\/pages\/118246\/revisions"}],"predecessor-version":[{"id":148579,"href":"https:\/\/www.sportingpedia.com\/fr\/wp-json\/wp\/v2\/pages\/118246\/revisions\/148579"}],"up":[{"embeddable":true,"href":"https:\/\/www.sportingpedia.com\/fr\/wp-json\/wp\/v2\/pages\/118235"}],"wp:attachment":[{"href":"https:\/\/www.sportingpedia.com\/fr\/wp-json\/wp\/v2\/media?parent=118246"}],"curies":[{"name":"wp","href":"https:\/\/api.w.org\/{rel}","templated":true}]}}