{"id":118251,"date":"2025-04-10T07:44:38","date_gmt":"2025-04-10T07:44:38","guid":{"rendered":"https:\/\/www.sportingpedia.com\/?page_id=118251"},"modified":"2025-12-03T15:21:17","modified_gmt":"2025-12-03T15:21:17","slug":"martingale-betting-system-2","status":"publish","type":"page","link":"https:\/\/www.sportingpedia.com\/fr\/football-betting\/martingale-betting-system-2\/","title":{"rendered":"Syst\u00e8me de Paris Martingale pour le Football"},"content":{"rendered":"<p><img decoding=\"async\" src=\"https:\/\/www.sportingpedia.com\/wp-content\/uploads\/2021\/02\/football-betting-martingale-system.svg\" alt=\"Football Martingale Betting System\" width=\"300\" class=\"alignleft\">En mati\u00e8re de paris sur le football, nombre de parieurs sont de fervents partisans de l&rsquo;id\u00e9e selon laquelle les syst\u00e8mes de pari sont fiables et constituent une excellente option pour qui souhaite r\u00e9ussir. La principale raison en est que certains syst\u00e8mes promettent de r\u00e9cup\u00e9rer les pertes que vous avez subies, \u00e0 condition d&rsquo;augmenter vos mises apr\u00e8s chaque perte. Nombre d&rsquo;amateurs de jeux de hasard consid\u00e8rent ces syst\u00e8mes comme infaillibles, car ils estiment que les parieurs finiront toujours par gagner. Mieux encore, lorsque cela arrive, vous \u00eates cens\u00e9 r\u00e9cup\u00e9rer l&rsquo;argent perdu et atteindre le b\u00e9n\u00e9fice vis\u00e9 au d\u00e9part.<\/p>\n\n<p>En fin de compte, l&rsquo;une des choses essentielles que les amateurs de football doivent garder \u00e0 l&rsquo;esprit \u00e0 propos des jeux de hasard est qu&rsquo;il n&rsquo;existe pas d&rsquo;\u00e9v\u00e9nements in\u00e9vitables lors des paris. Pourtant, de nombreux passionn\u00e9s de football se laissent tromper par la croyance que les syst\u00e8mes de pari peuvent les aider \u00e0 surmonter les s\u00e9ries de d\u00e9faites.<\/p>\n<ol class=\"bookies-grid\">\r\n\t<li>\r\n\t\t<a rel=\"nofollow\" target=\"_blank\" href=\"\/out\/mybookie?au&#x3D;138&amp;bp&#x3D;1\"<\/a>\r\n\t\t\t<figure>\r\n\t\t\t  \t<img decoding=\"async\" src=\"https:\/\/www.sportingpedia.com\/wp-content\/uploads\/logos\/lg-mybookie-logo.jpg\" width=\"110\" height=\"55\">\r\n\t\t\t<\/figure>\r\n\r\n\t\t\t<div>\r\n\t\t\t  \t<span class=\"bookie-name\">MyBookie<\/span>\r\n\r\n\t\t\t  \t<span class=\"bookie-rating\">Rating: 4.9 <b>&starf;<\/b><\/span>\r\n\t\t\t<\/div>\r\n\t\t<\/a>\r\n\t<\/li>\r\n\t<li>\r\n\t\t<a rel=\"nofollow\" target=\"_blank\" href=\"\/out\/bovada?au&#x3D;138&amp;bp&#x3D;2\"<\/a>\r\n\t\t\t<figure>\r\n\t\t\t  \t<img decoding=\"async\" src=\"https:\/\/www.sportingpedia.com\/wp-content\/uploads\/logos\/lg-bovada-logo.jpg\" width=\"110\" height=\"55\">\r\n\t\t\t<\/figure>\r\n\r\n\t\t\t<div>\r\n\t\t\t  \t<span class=\"bookie-name\">Bovada<\/span>\r\n\r\n\t\t\t  \t<span class=\"bookie-rating\">Rating: 4.8 <b>&starf;<\/b><\/span>\r\n\t\t\t<\/div>\r\n\t\t<\/a>\r\n\t<\/li>\r\n\t<li>\r\n\t\t<a rel=\"nofollow\" target=\"_blank\" href=\"\/out\/xbet?au&#x3D;138&amp;bp&#x3D;3\"<\/a>\r\n\t\t\t<figure>\r\n\t\t\t  \t<img decoding=\"async\" src=\"https:\/\/www.sportingpedia.com\/wp-content\/uploads\/logos\/lg-xbet-logo.jpg\" width=\"110\" height=\"55\">\r\n\t\t\t<\/figure>\r\n\r\n\t\t\t<div>\r\n\t\t\t  \t<span class=\"bookie-name\">XBet<\/span>\r\n\r\n\t\t\t  \t<span class=\"bookie-rating\">Rating: 4.7 <b>&starf;<\/b><\/span>\r\n\t\t\t<\/div>\r\n\t\t<\/a>\r\n\t<\/li>\r\n\t<li>\r\n\t\t<a rel=\"nofollow\" target=\"_blank\" href=\"\/out\/intertops?au&#x3D;138&amp;bp&#x3D;4\"<\/a>\r\n\t\t\t<figure>\r\n\t\t\t  \t<img decoding=\"async\" src=\"https:\/\/www.sportingpedia.com\/wp-content\/uploads\/logos\/lg-everygame-logo.webp\" width=\"110\" height=\"55\">\r\n\t\t\t<\/figure>\r\n\r\n\t\t\t<div>\r\n\t\t\t  \t<span class=\"bookie-name\">Everygame<\/span>\r\n\r\n\t\t\t  \t<span class=\"bookie-rating\">Rating: 4.6 <b>&starf;<\/b><\/span>\r\n\t\t\t<\/div>\r\n\t\t<\/a>\r\n\t<\/li>\r\n\t<li>\r\n\t\t<a rel=\"nofollow\" target=\"_blank\" href=\"\/out\/betusr?au&#x3D;138&amp;bp&#x3D;5\"<\/a>\r\n\t\t\t<figure>\r\n\t\t\t  \t<img decoding=\"async\" src=\"https:\/\/www.sportingpedia.com\/wp-content\/uploads\/logos\/lg-betusr-logo.jpg\" width=\"110\" height=\"55\">\r\n\t\t\t<\/figure>\r\n\r\n\t\t\t<div>\r\n\t\t\t  \t<span class=\"bookie-name\">BetUSR<\/span>\r\n\r\n\t\t\t  \t<span class=\"bookie-rating\">Rating: 4.5 <b>&starf;<\/b><\/span>\r\n\t\t\t<\/div>\r\n\t\t<\/a>\r\n\t<\/li>\r\n\t<li>\r\n\t\t<a rel=\"nofollow\" target=\"_blank\" href=\"\/out\/vave?au&#x3D;138&amp;bp&#x3D;6\"<\/a>\r\n\t\t\t<figure>\r\n\t\t\t  \t<img decoding=\"async\" src=\"https:\/\/www.sportingpedia.com\/wp-content\/uploads\/logos\/lg-vave-logo.webp\" width=\"110\" height=\"55\">\r\n\t\t\t<\/figure>\r\n\r\n\t\t\t<div>\r\n\t\t\t  \t<span class=\"bookie-name\">Vave<\/span>\r\n\r\n\t\t\t  \t<span class=\"bookie-rating\">Rating: 4.4 <b>&starf;<\/b><\/span>\r\n\t\t\t<\/div>\r\n\t\t<\/a>\r\n\t<\/li>\r\n<\/ol><script>\n  setTimeout(function(){\n    if(!document.getElementById('JasHAAffsaMosaAdsANa2i')) {\n      jQuery('a[target=\"_blank\"]').removeAttr('target');\n    }\n  }, 1000);\n<\/script>\n\n<p>L&rsquo;un des syst\u00e8mes de pari que la plupart des parieurs connaissent est le syst\u00e8me Martingale. Non seulement il s&rsquo;agit du syst\u00e8me de pari le plus ancien, mais il est aussi consid\u00e9r\u00e9 comme <strong>l&rsquo;un des plus simples<\/strong>. M\u00eame si la plupart des parieurs comprendront facilement son fonctionnement, ils doivent garder \u00e0 l&rsquo;esprit que le syst\u00e8me Martingale peut bien fonctionner sur le papier, mais qu&rsquo;en r\u00e9alit\u00e9 les choses sont plus complexes.<\/p>\n<h2 id=\"explanation\">Le syst\u00e8me de pari Martingale expliqu\u00e9<\/h2>\n<p><img decoding=\"async\" src=\"https:\/\/www.sportingpedia.com\/wp-content\/uploads\/2021\/02\/football-betting-martingale-system_explained.svg\" alt=\"Le Syst\u00e8me de Paris Martingale Expliqu\u00e9\" width=\"300\" class=\"alignleft\">Le syst\u00e8me Martingale appliqu\u00e9 au football peut \u00eatre d\u00e9crit comme l&rsquo;un des moins compliqu\u00e9s\u202f: contrairement \u00e0 certaines autres progressions, il n&rsquo;exige aucun calcul complexe. De plus, la d\u00e9marche \u00e0 suivre est tr\u00e8s basique, ce qui fait qu&rsquo;il est fort peu probable de s&rsquo;y perdre.<\/p>\n<p>Peut-\u00eatre l&rsquo;un des aspects les plus importants \u00e0 retenir est qu&rsquo;il s&rsquo;agit d&rsquo;une <strong>progression n\u00e9gative<\/strong> : les amateurs de jeux de hasard doivent augmenter leurs mises apr\u00e8s chaque perte. Le principe \u00e0 la base du syst\u00e8me veut que, apr\u00e8s une longue s\u00e9rie de d\u00e9faites, il soit plus probable de gagner. Bien qu&rsquo;\u00e0 premi\u00e8re vue cela semble logique, cette th\u00e9orie est finalement erron\u00e9e.<\/p>\n<p>Le syst\u00e8me Martingale continue pourtant de s\u00e9duire de nombreux joueurs, y compris ceux qui s&rsquo;int\u00e9ressent au football. Certains l&rsquo;essaient parce qu&rsquo;il est d&rsquo;une simplicit\u00e9 extr\u00eame, d&rsquo;autres parce qu&rsquo;ils le croient infaillible. Quelle que soit la raison, sachez que, m\u00eame si vous appliquez ce <strong>syst\u00e8me de pari progressif<\/strong>, le succ\u00e8s n&rsquo;est jamais garanti, le r\u00e9sultat \u00e9tant souvent \u00e0 l&rsquo;oppos\u00e9 des attentes. Il est donc conseill\u00e9 de bien r\u00e9fl\u00e9chir avant de l&rsquo;adopter.<\/p>\n<p>Curieusement, ce syst\u00e8me est principalement utilis\u00e9 dans les jeux de casino offrant des mises \u00e0 chances \u00e9gales. Les amateurs de jeux de hasard l&#8217;emploient ainsi au blackjack, \u00e0 la roulette, au baccarat, mais aussi lorsqu&rsquo;ils parient sur des sports tels que le football.<\/p>\n<p>L&rsquo;une des raisons pour lesquelles tant de parieurs sportifs se tournent vers ce syst\u00e8me est qu&rsquo;il ne comprend que <strong>deux \u00e9tapes de base<\/strong> : doubler la taille de la mise apr\u00e8s chaque perte et, en cas de gain, revenir \u00e0 la mise de base.<\/p>\n<h2 id=\"martingale\">Le syst\u00e8me de pari Martingale est-il applicable au football\u202f?<\/h2>\n<p><img decoding=\"async\" src=\"https:\/\/www.sportingpedia.com\/wp-content\/uploads\/2021\/02\/football-betting-martingale-system_is-it-applicable.svg\" alt=\"Le Syst\u00e8me de Paris Martingale est-il Applicable au Football\" width=\"300\" class=\"alignleft\">De nombreux parieurs de football exp\u00e9riment\u00e9s estiment que les syst\u00e8mes de pari peuvent les aider \u00e0 limiter les pertes lorsque les conditions sont d\u00e9favorables et \u00e0 tirer parti des situations favorables.<\/p>\n<p>Pour utiliser le syst\u00e8me Martingale sur le football, il faut pouvoir placer plusieurs paris \u00e0 cotes \u00e9gales. Les amateurs de football doivent donc <strong>s&rsquo;assurer que les cotes propos\u00e9es se rapprochent le plus possible de la cote 2,00<\/strong>. Cela peut sembler ardu, mais certains grands bookmakers en ligne proposent, sur les march\u00e9s des lignes de buts ou du handicap asiatique, des cotes qui s&rsquo;y pr\u00eatent. Vous pourrez alors appliquer le syst\u00e8me, \u00e0 condition de trouver un nombre suffisant de cotes ad\u00e9quates.<\/p>\n<p>Cela ne repr\u00e9sente toutefois que la moiti\u00e9 du travail\u202f: il faut aussi v\u00e9rifier que les cotes offrent une v\u00e9ritable valeur. Les parieurs devraient donc exploiter leurs connaissances et les statistiques pour d\u00e9terminer si ces cotes sont avantageuses.<\/p>\n<p>Supposons que vous d\u00e9cidiez de miser 5\u202f\u20ac sur un match entre Arsenal et Manchester United. Malheureusement, votre pari est perdant et vous choisissez de poursuivre avec la Martingale. <strong>Votre prochain pari doit alors \u00eatre deux fois sup\u00e9rieur au pr\u00e9c\u00e9dent<\/strong>, soit 10\u202f\u20ac. Si ce second pari perd \u00e0 son tour, le troisi\u00e8me devra \u00eatre de 20\u202f\u20ac. Si la malchance continue, le quatri\u00e8me montera \u00e0 40\u202f\u20ac, et ainsi de suite. D\u00e8s que votre pari est gagnant, vous revenez \u00e0 l&rsquo;unit\u00e9 de base, soit 5\u202f\u20ac.<\/p>\n<p>Les parieurs doivent donc <strong>continuer \u00e0 augmenter leurs mises jusqu&rsquo;\u00e0 ce qu&rsquo;ils r\u00e9alisent une pr\u00e9diction correcte<\/strong>. Bien que le syst\u00e8me puisse para\u00eetre infaillible, le principal probl\u00e8me est que les mises augmentent tr\u00e8s vite, n\u00e9cessitant un capital important. Reprenons l&rsquo;exemple pr\u00e9c\u00e9dent\u202f: apr\u00e8s cinq pertes cons\u00e9cutives, vous finirez par risquer 160\u202f\u20ac.<\/p>\n<p>Le rythme auquel vos mises grossissent est stup\u00e9fiant, ce qui rend la Martingale inadapt\u00e9e \u00e0 ceux qui disposent de moyens financiers limit\u00e9s. De plus, la plupart des bookmakers imposent des limites de mise. <strong>Vous pourriez atteindre ces plafonds<\/strong> avant d&rsquo;avoir r\u00e9cup\u00e9r\u00e9 vos pertes, vous obligeant alors \u00e0 interrompre la progression pr\u00e9matur\u00e9ment.<\/p>\n<p>Comme vous le voyez, la Martingale est intrins\u00e8quement risqu\u00e9e\u202f: une longue s\u00e9rie de d\u00e9faites fait grimper les mises \u00e0 des niveaux tr\u00e8s \u00e9lev\u00e9s.<\/p>\n<h2 id=\"downsides\">Inconv\u00e9nients du syst\u00e8me de pari Martingale<\/h2>\n<p><img decoding=\"async\" src=\"https:\/\/www.sportingpedia.com\/wp-content\/uploads\/2021\/02\/football-betting-martingale-system_downsides.svg\" alt=\"Inconv\u00e9nients du syst\u00e8me de pari Martingale\" width=\"300\" class=\"alignleft\">Comme indiqu\u00e9 auparavant, l&rsquo;une des principales qualit\u00e9s du syst\u00e8me Martingale est sa simplicit\u00e9\u202f: aucun calcul complexe n&rsquo;est requis et, en pratique, tout amateur de football peut l&rsquo;essayer. Cependant, la question demeure de savoir s&rsquo;il <strong>est judicieux de l&rsquo;appliquer<\/strong> lorsque vous pariez sur le football.<\/p>\n<p>Le plus grand inconv\u00e9nient est la n\u00e9cessit\u00e9 de disposer d&rsquo;une bankroll cons\u00e9quente. Beaucoup s&rsquo;y int\u00e9ressent parce qu&rsquo;on pr\u00e9sente la Martingale comme une m\u00e9thode garantie pour r\u00e9aliser un profit. Or cet objectif n&rsquo;est r\u00e9alisable que si vos fonds sont quasiment illimit\u00e9s ou si vous acceptez de risquer de tr\u00e8s grosses sommes. Si, par exemple, vous subissez dix pertes d&rsquo;affil\u00e9e, le montant \u00e0 miser devient colossal. En d&rsquo;autres termes, comme <strong>personne ne peut pr\u00e9dire la dur\u00e9e d&rsquo;une s\u00e9rie de d\u00e9faites<\/strong> ni le moment o\u00f9 vous gagnerez, recourir \u00e0 ce syst\u00e8me n&rsquo;est gu\u00e8re raisonnable.<\/p>\n<p>En outre, la Martingale ne conviendra pas aux parieurs plus ambitieux qui esp\u00e8rent engranger rapidement des gains importants. Alors que de nombreux autres syst\u00e8mes visent \u00e0 accro\u00eetre le b\u00e9n\u00e9fice sur une courte p\u00e9riode, la Martingale cherche surtout \u00e0 r\u00e9cup\u00e9rer les pertes. Le <strong>syst\u00e8me Martingale ne d\u00e9livre donc pas de voie facile<\/strong> vers des gains extraordinaires et, parfois, les r\u00e9compenses obtenues ne suffisent pas \u00e0 compenser les pertes subies.<\/p>\n<h2 id=\"conclusion\">Conclusion<\/h2>\n<p><img decoding=\"async\" src=\"https:\/\/www.sportingpedia.com\/wp-content\/uploads\/2021\/02\/football-betting-martingale-system_conclusion.svg\" alt=\"Conclusion\" class=\"alignleft\" width=\"200\">Comme vous pouvez le constater, utiliser le syst\u00e8me Martingale n&rsquo;est sans doute pas la meilleure approche si vous souhaitez garantir de bons r\u00e9sultats. <strong>Th\u00e9oriquement, il fonctionne comme pr\u00e9vu, mais en pratique il peut avoir un effet tr\u00e8s n\u00e9faste sur votre bankroll.<\/strong><\/p>\n<p>Les parieurs de football devraient donc envisager d&rsquo;adopter une approche diff\u00e9rente, mieux adapt\u00e9e \u00e0 leur style et \u00e0 leurs objectifs. Vous pouvez, par exemple, cr\u00e9er votre propre syst\u00e8me de pari sur le football ou rechercher une strat\u00e9gie \u00e9prouv\u00e9e qui produira les r\u00e9sultats escompt\u00e9s.<\/p>\n","protected":false},"excerpt":{"rendered":"<p>En mati\u00e8re de paris sur le football, nombre de parieurs sont de fervents partisans de l&rsquo;id\u00e9e selon laquelle les syst\u00e8mes de pari sont fiables et constituent une excellente option pour qui souhaite r\u00e9ussir. La principale raison en est que certains syst\u00e8mes promettent de r\u00e9cup\u00e9rer les pertes que vous avez subies, \u00e0 condition d&rsquo;augmenter vos mises [&hellip;]<\/p>\n","protected":false},"author":1,"featured_media":0,"parent":118235,"menu_order":0,"comment_status":"closed","ping_status":"closed","template":"template-guide-page.php","meta":{"footnotes":""},"class_list":["post-118251","page","type-page","status-publish","hentry"],"yoast_head":"<!-- This site is optimized with the Yoast SEO plugin v26.6 - https:\/\/yoast.com\/wordpress\/plugins\/seo\/ -->\n<title>Syst\u00e8me de Pari Martingale sur le Football<\/title>\n<meta name=\"description\" content=\"Le syst\u00e8me de pari Martingale au football peut facilement \u00eatre d\u00e9crit comme l&#039;un des syst\u00e8mes de pari les moins compliqu\u00e9s, car contrairement \u00e0 certaines autres progressions de paris, il n&#039;implique pas de faire des calculs compliqu\u00e9s. En dehors de cela, le sch\u00e9ma que les parieurs doivent suivre est tr\u00e8s simple, ce qui signifie qu&#039;il est tr\u00e8s peu probable que vous vous embrouillez.\" \/>\n<meta name=\"robots\" content=\"index, follow, max-snippet:-1, max-image-preview:large, max-video-preview:-1\" \/>\n<link rel=\"canonical\" href=\"https:\/\/www.sportingpedia.com\/fr\/football-betting\/martingale-betting-system-2\/\" \/>\n<meta property=\"og:locale\" content=\"fr_FR\" \/>\n<meta property=\"og:type\" content=\"article\" \/>\n<meta property=\"og:title\" content=\"Syst\u00e8me de Pari Martingale sur le Football\" \/>\n<meta property=\"og:description\" content=\"Le syst\u00e8me de pari Martingale au football peut facilement \u00eatre d\u00e9crit comme l&#039;un des syst\u00e8mes de pari les moins compliqu\u00e9s, car contrairement \u00e0 certaines autres progressions de paris, il n&#039;implique pas de faire des calculs compliqu\u00e9s. En dehors de cela, le sch\u00e9ma que les parieurs doivent suivre est tr\u00e8s simple, ce qui signifie qu&#039;il est tr\u00e8s peu probable que vous vous embrouillez.\" \/>\n<meta property=\"og:url\" content=\"https:\/\/www.sportingpedia.com\/fr\/football-betting\/martingale-betting-system-2\/\" \/>\n<meta property=\"og:site_name\" content=\"Sportingpedia - Latest Sports News From All Over the World\" \/>\n<meta property=\"article:modified_time\" content=\"2025-12-03T15:21:17+00:00\" \/>\n<meta property=\"og:image\" content=\"https:\/\/www.sportingpedia.com\/wp-content\/uploads\/2021\/02\/football-betting-martingale-system.svg\" \/>\n<meta name=\"twitter:card\" content=\"summary_large_image\" \/>\n<meta name=\"twitter:label1\" content=\"Dur\u00e9e de lecture estim\u00e9e\" \/>\n\t<meta name=\"twitter:data1\" content=\"7 minutes\" \/>\n<script type=\"application\/ld+json\" class=\"yoast-schema-graph\">{\"@context\":\"https:\/\/schema.org\",\"@graph\":[{\"@type\":\"WebPage\",\"@id\":\"https:\/\/www.sportingpedia.com\/fr\/football-betting\/martingale-betting-system-2\/\",\"url\":\"https:\/\/www.sportingpedia.com\/fr\/football-betting\/martingale-betting-system-2\/\",\"name\":\"Syst\u00e8me de Pari Martingale sur le Football\",\"isPartOf\":{\"@id\":\"https:\/\/www.sportingpedia.com\/fr\/#website\"},\"primaryImageOfPage\":{\"@id\":\"https:\/\/www.sportingpedia.com\/fr\/football-betting\/martingale-betting-system-2\/#primaryimage\"},\"image\":{\"@id\":\"https:\/\/www.sportingpedia.com\/fr\/football-betting\/martingale-betting-system-2\/#primaryimage\"},\"thumbnailUrl\":\"https:\/\/www.sportingpedia.com\/wp-content\/uploads\/2021\/02\/football-betting-martingale-system.svg\",\"datePublished\":\"2025-04-10T07:44:38+00:00\",\"dateModified\":\"2025-12-03T15:21:17+00:00\",\"description\":\"Le syst\u00e8me de pari Martingale au football peut facilement \u00eatre d\u00e9crit comme l'un des syst\u00e8mes de pari les moins compliqu\u00e9s, car contrairement \u00e0 certaines autres progressions de paris, il n'implique pas de faire des calculs compliqu\u00e9s. En dehors de cela, le sch\u00e9ma que les parieurs doivent suivre est tr\u00e8s simple, ce qui signifie qu'il est tr\u00e8s peu probable que vous vous embrouillez.\",\"breadcrumb\":{\"@id\":\"https:\/\/www.sportingpedia.com\/fr\/football-betting\/martingale-betting-system-2\/#breadcrumb\"},\"inLanguage\":\"fr-FR\",\"potentialAction\":[{\"@type\":\"ReadAction\",\"target\":[\"https:\/\/www.sportingpedia.com\/fr\/football-betting\/martingale-betting-system-2\/\"]}]},{\"@type\":\"ImageObject\",\"inLanguage\":\"fr-FR\",\"@id\":\"https:\/\/www.sportingpedia.com\/fr\/football-betting\/martingale-betting-system-2\/#primaryimage\",\"url\":\"https:\/\/www.sportingpedia.com\/wp-content\/uploads\/2021\/02\/football-betting-martingale-system.svg\",\"contentUrl\":\"https:\/\/www.sportingpedia.com\/wp-content\/uploads\/2021\/02\/football-betting-martingale-system.svg\"},{\"@type\":\"BreadcrumbList\",\"@id\":\"https:\/\/www.sportingpedia.com\/fr\/football-betting\/martingale-betting-system-2\/#breadcrumb\",\"itemListElement\":[{\"@type\":\"ListItem\",\"position\":1,\"name\":\"Accueil\",\"item\":\"https:\/\/www.sportingpedia.com\/fr\/home\/\"},{\"@type\":\"ListItem\",\"position\":2,\"name\":\"Parier sur le Football\",\"item\":\"https:\/\/www.sportingpedia.com\/fr\/football-betting\/\"},{\"@type\":\"ListItem\",\"position\":3,\"name\":\"Syst\u00e8me de Paris Martingale pour le Football\"}]},{\"@type\":\"WebSite\",\"@id\":\"https:\/\/www.sportingpedia.com\/fr\/#website\",\"url\":\"https:\/\/www.sportingpedia.com\/fr\/\",\"name\":\"Sportingpedia - Latest Sports News From All Over the World\",\"description\":\"\",\"publisher\":{\"@id\":\"https:\/\/www.sportingpedia.com\/fr\/#organization\"},\"potentialAction\":[{\"@type\":\"SearchAction\",\"target\":{\"@type\":\"EntryPoint\",\"urlTemplate\":\"https:\/\/www.sportingpedia.com\/fr\/?s={search_term_string}\"},\"query-input\":{\"@type\":\"PropertyValueSpecification\",\"valueRequired\":true,\"valueName\":\"search_term_string\"}}],\"inLanguage\":\"fr-FR\"},{\"@type\":\"Organization\",\"@id\":\"https:\/\/www.sportingpedia.com\/fr\/#organization\",\"name\":\"SportingPedia\",\"url\":\"https:\/\/www.sportingpedia.com\/fr\/\",\"logo\":{\"@type\":\"ImageObject\",\"inLanguage\":\"fr-FR\",\"@id\":\"https:\/\/www.sportingpedia.com\/fr\/#\/schema\/logo\/image\/\",\"url\":\"https:\/\/www.sportingpedia.com\/wp-content\/uploads\/2019\/10\/SportingPedia_logo.png\",\"contentUrl\":\"https:\/\/www.sportingpedia.com\/wp-content\/uploads\/2019\/10\/SportingPedia_logo.png\",\"width\":600,\"height\":101,\"caption\":\"SportingPedia\"},\"image\":{\"@id\":\"https:\/\/www.sportingpedia.com\/fr\/#\/schema\/logo\/image\/\"}}]}<\/script>\n<!-- \/ Yoast SEO plugin. -->","yoast_head_json":{"title":"Syst\u00e8me de Pari Martingale sur le Football","description":"Le syst\u00e8me de pari Martingale au football peut facilement \u00eatre d\u00e9crit comme l'un des syst\u00e8mes de pari les moins compliqu\u00e9s, car contrairement \u00e0 certaines autres progressions de paris, il n'implique pas de faire des calculs compliqu\u00e9s. En dehors de cela, le sch\u00e9ma que les parieurs doivent suivre est tr\u00e8s simple, ce qui signifie qu'il est tr\u00e8s peu probable que vous vous embrouillez.","robots":{"index":"index","follow":"follow","max-snippet":"max-snippet:-1","max-image-preview":"max-image-preview:large","max-video-preview":"max-video-preview:-1"},"canonical":"https:\/\/www.sportingpedia.com\/fr\/football-betting\/martingale-betting-system-2\/","og_locale":"fr_FR","og_type":"article","og_title":"Syst\u00e8me de Pari Martingale sur le Football","og_description":"Le syst\u00e8me de pari Martingale au football peut facilement \u00eatre d\u00e9crit comme l'un des syst\u00e8mes de pari les moins compliqu\u00e9s, car contrairement \u00e0 certaines autres progressions de paris, il n'implique pas de faire des calculs compliqu\u00e9s. En dehors de cela, le sch\u00e9ma que les parieurs doivent suivre est tr\u00e8s simple, ce qui signifie qu'il est tr\u00e8s peu probable que vous vous embrouillez.","og_url":"https:\/\/www.sportingpedia.com\/fr\/football-betting\/martingale-betting-system-2\/","og_site_name":"Sportingpedia - Latest Sports News From All Over the World","article_modified_time":"2025-12-03T15:21:17+00:00","og_image":[{"url":"https:\/\/www.sportingpedia.com\/wp-content\/uploads\/2021\/02\/football-betting-martingale-system.svg","type":"","width":"","height":""}],"twitter_card":"summary_large_image","twitter_misc":{"Dur\u00e9e de lecture estim\u00e9e":"7 minutes"},"schema":{"@context":"https:\/\/schema.org","@graph":[{"@type":"WebPage","@id":"https:\/\/www.sportingpedia.com\/fr\/football-betting\/martingale-betting-system-2\/","url":"https:\/\/www.sportingpedia.com\/fr\/football-betting\/martingale-betting-system-2\/","name":"Syst\u00e8me de Pari Martingale sur le Football","isPartOf":{"@id":"https:\/\/www.sportingpedia.com\/fr\/#website"},"primaryImageOfPage":{"@id":"https:\/\/www.sportingpedia.com\/fr\/football-betting\/martingale-betting-system-2\/#primaryimage"},"image":{"@id":"https:\/\/www.sportingpedia.com\/fr\/football-betting\/martingale-betting-system-2\/#primaryimage"},"thumbnailUrl":"https:\/\/www.sportingpedia.com\/wp-content\/uploads\/2021\/02\/football-betting-martingale-system.svg","datePublished":"2025-04-10T07:44:38+00:00","dateModified":"2025-12-03T15:21:17+00:00","description":"Le syst\u00e8me de pari Martingale au football peut facilement \u00eatre d\u00e9crit comme l'un des syst\u00e8mes de pari les moins compliqu\u00e9s, car contrairement \u00e0 certaines autres progressions de paris, il n'implique pas de faire des calculs compliqu\u00e9s. En dehors de cela, le sch\u00e9ma que les parieurs doivent suivre est tr\u00e8s simple, ce qui signifie qu'il est tr\u00e8s peu probable que vous vous embrouillez.","breadcrumb":{"@id":"https:\/\/www.sportingpedia.com\/fr\/football-betting\/martingale-betting-system-2\/#breadcrumb"},"inLanguage":"fr-FR","potentialAction":[{"@type":"ReadAction","target":["https:\/\/www.sportingpedia.com\/fr\/football-betting\/martingale-betting-system-2\/"]}]},{"@type":"ImageObject","inLanguage":"fr-FR","@id":"https:\/\/www.sportingpedia.com\/fr\/football-betting\/martingale-betting-system-2\/#primaryimage","url":"https:\/\/www.sportingpedia.com\/wp-content\/uploads\/2021\/02\/football-betting-martingale-system.svg","contentUrl":"https:\/\/www.sportingpedia.com\/wp-content\/uploads\/2021\/02\/football-betting-martingale-system.svg"},{"@type":"BreadcrumbList","@id":"https:\/\/www.sportingpedia.com\/fr\/football-betting\/martingale-betting-system-2\/#breadcrumb","itemListElement":[{"@type":"ListItem","position":1,"name":"Accueil","item":"https:\/\/www.sportingpedia.com\/fr\/home\/"},{"@type":"ListItem","position":2,"name":"Parier sur le Football","item":"https:\/\/www.sportingpedia.com\/fr\/football-betting\/"},{"@type":"ListItem","position":3,"name":"Syst\u00e8me de Paris Martingale pour le Football"}]},{"@type":"WebSite","@id":"https:\/\/www.sportingpedia.com\/fr\/#website","url":"https:\/\/www.sportingpedia.com\/fr\/","name":"Sportingpedia - Latest Sports News From All Over the World","description":"","publisher":{"@id":"https:\/\/www.sportingpedia.com\/fr\/#organization"},"potentialAction":[{"@type":"SearchAction","target":{"@type":"EntryPoint","urlTemplate":"https:\/\/www.sportingpedia.com\/fr\/?s={search_term_string}"},"query-input":{"@type":"PropertyValueSpecification","valueRequired":true,"valueName":"search_term_string"}}],"inLanguage":"fr-FR"},{"@type":"Organization","@id":"https:\/\/www.sportingpedia.com\/fr\/#organization","name":"SportingPedia","url":"https:\/\/www.sportingpedia.com\/fr\/","logo":{"@type":"ImageObject","inLanguage":"fr-FR","@id":"https:\/\/www.sportingpedia.com\/fr\/#\/schema\/logo\/image\/","url":"https:\/\/www.sportingpedia.com\/wp-content\/uploads\/2019\/10\/SportingPedia_logo.png","contentUrl":"https:\/\/www.sportingpedia.com\/wp-content\/uploads\/2019\/10\/SportingPedia_logo.png","width":600,"height":101,"caption":"SportingPedia"},"image":{"@id":"https:\/\/www.sportingpedia.com\/fr\/#\/schema\/logo\/image\/"}}]}},"_links":{"self":[{"href":"https:\/\/www.sportingpedia.com\/fr\/wp-json\/wp\/v2\/pages\/118251","targetHints":{"allow":["GET"]}}],"collection":[{"href":"https:\/\/www.sportingpedia.com\/fr\/wp-json\/wp\/v2\/pages"}],"about":[{"href":"https:\/\/www.sportingpedia.com\/fr\/wp-json\/wp\/v2\/types\/page"}],"author":[{"embeddable":true,"href":"https:\/\/www.sportingpedia.com\/fr\/wp-json\/wp\/v2\/users\/1"}],"replies":[{"embeddable":true,"href":"https:\/\/www.sportingpedia.com\/fr\/wp-json\/wp\/v2\/comments?post=118251"}],"version-history":[{"count":4,"href":"https:\/\/www.sportingpedia.com\/fr\/wp-json\/wp\/v2\/pages\/118251\/revisions"}],"predecessor-version":[{"id":148593,"href":"https:\/\/www.sportingpedia.com\/fr\/wp-json\/wp\/v2\/pages\/118251\/revisions\/148593"}],"up":[{"embeddable":true,"href":"https:\/\/www.sportingpedia.com\/fr\/wp-json\/wp\/v2\/pages\/118235"}],"wp:attachment":[{"href":"https:\/\/www.sportingpedia.com\/fr\/wp-json\/wp\/v2\/media?parent=118251"}],"curies":[{"name":"wp","href":"https:\/\/api.w.org\/{rel}","templated":true}]}}