{"id":118401,"date":"2025-04-10T07:45:12","date_gmt":"2025-04-10T07:45:12","guid":{"rendered":"https:\/\/www.sportingpedia.com\/?page_id=118401"},"modified":"2025-12-03T15:52:34","modified_gmt":"2025-12-03T15:52:34","slug":"football-bet-slip","status":"publish","type":"page","link":"https:\/\/www.sportingpedia.com\/fr\/football-betting\/football-bet-slip\/","title":{"rendered":"Ticket de Pari Football"},"content":{"rendered":"<p><img decoding=\"async\" src=\"https:\/\/www.sportingpedia.com\/wp-content\/uploads\/2021\/02\/football-betting-how-to-prevent-emotions_feelings-caused-by-winning-streaks.svg\" alt=\"Pari de Football\" width=\"300\" class=\"alignleft\"> Si vous \u00eates un parieur exp\u00e9riment\u00e9, vous savez d\u00e9j\u00e0 que le bulletin de pari est une partie int\u00e9grante de votre exp\u00e9rience de pari quotidienne. C&rsquo;est un aspect fondamental pour placer des paris de football en ligne. Il est donc particuli\u00e8rement important de bien comprendre comment il fonctionne afin de pouvoir en tirer le meilleur parti.<\/p>\n\n<p>Au d\u00e9but des paris sportifs, la seule forme de bulletin de pari \u00e9tait un morceau de papier qu&rsquo;il fallait remplir lors de la mise d&rsquo;un pari chez un bookmaker terrestre. Son but \u00e9tait de servir de re\u00e7u pour les paris plac\u00e9s. En cas de succ\u00e8s, les parieurs retournaient le bulletin de pari pour que le caissier calcule combien de gains devaient \u00eatre vers\u00e9s. De nos jours, les plateformes de paris en ligne sont en constante progression et le bulletin de pari est d\u00e9sormais propos\u00e9 sous forme \u00e9lectronique. En plus d&rsquo;enregistrer les d\u00e9tails de vos paris, il calcule automatiquement le paiement \u00e9ventuel d&rsquo;un pari r\u00e9ussi.<\/p>\n<ol class=\"bookies-grid\">\r\n\t<li>\r\n\t\t<a rel=\"nofollow\" target=\"_blank\" href=\"\/out\/mybookie?au&#x3D;138&amp;bp&#x3D;1\"<\/a>\r\n\t\t\t<figure>\r\n\t\t\t  \t<img decoding=\"async\" src=\"https:\/\/www.sportingpedia.com\/wp-content\/uploads\/logos\/lg-mybookie-logo.jpg\" width=\"110\" height=\"55\">\r\n\t\t\t<\/figure>\r\n\r\n\t\t\t<div>\r\n\t\t\t  \t<span class=\"bookie-name\">MyBookie<\/span>\r\n\r\n\t\t\t  \t<span class=\"bookie-rating\">Rating: 4.9 <b>&starf;<\/b><\/span>\r\n\t\t\t<\/div>\r\n\t\t<\/a>\r\n\t<\/li>\r\n\t<li>\r\n\t\t<a rel=\"nofollow\" target=\"_blank\" href=\"\/out\/bovada?au&#x3D;138&amp;bp&#x3D;2\"<\/a>\r\n\t\t\t<figure>\r\n\t\t\t  \t<img decoding=\"async\" src=\"https:\/\/www.sportingpedia.com\/wp-content\/uploads\/logos\/lg-bovada-logo.jpg\" width=\"110\" height=\"55\">\r\n\t\t\t<\/figure>\r\n\r\n\t\t\t<div>\r\n\t\t\t  \t<span class=\"bookie-name\">Bovada<\/span>\r\n\r\n\t\t\t  \t<span class=\"bookie-rating\">Rating: 4.8 <b>&starf;<\/b><\/span>\r\n\t\t\t<\/div>\r\n\t\t<\/a>\r\n\t<\/li>\r\n\t<li>\r\n\t\t<a rel=\"nofollow\" target=\"_blank\" href=\"\/out\/xbet?au&#x3D;138&amp;bp&#x3D;3\"<\/a>\r\n\t\t\t<figure>\r\n\t\t\t  \t<img decoding=\"async\" src=\"https:\/\/www.sportingpedia.com\/wp-content\/uploads\/logos\/lg-xbet-logo.jpg\" width=\"110\" height=\"55\">\r\n\t\t\t<\/figure>\r\n\r\n\t\t\t<div>\r\n\t\t\t  \t<span class=\"bookie-name\">XBet<\/span>\r\n\r\n\t\t\t  \t<span class=\"bookie-rating\">Rating: 4.7 <b>&starf;<\/b><\/span>\r\n\t\t\t<\/div>\r\n\t\t<\/a>\r\n\t<\/li>\r\n\t<li>\r\n\t\t<a rel=\"nofollow\" target=\"_blank\" href=\"\/out\/intertops?au&#x3D;138&amp;bp&#x3D;4\"<\/a>\r\n\t\t\t<figure>\r\n\t\t\t  \t<img decoding=\"async\" src=\"https:\/\/www.sportingpedia.com\/wp-content\/uploads\/logos\/lg-everygame-logo.webp\" width=\"110\" height=\"55\">\r\n\t\t\t<\/figure>\r\n\r\n\t\t\t<div>\r\n\t\t\t  \t<span class=\"bookie-name\">Everygame<\/span>\r\n\r\n\t\t\t  \t<span class=\"bookie-rating\">Rating: 4.6 <b>&starf;<\/b><\/span>\r\n\t\t\t<\/div>\r\n\t\t<\/a>\r\n\t<\/li>\r\n\t<li>\r\n\t\t<a rel=\"nofollow\" target=\"_blank\" href=\"\/out\/betusr?au&#x3D;138&amp;bp&#x3D;5\"<\/a>\r\n\t\t\t<figure>\r\n\t\t\t  \t<img decoding=\"async\" src=\"https:\/\/www.sportingpedia.com\/wp-content\/uploads\/logos\/lg-betusr-logo.jpg\" width=\"110\" height=\"55\">\r\n\t\t\t<\/figure>\r\n\r\n\t\t\t<div>\r\n\t\t\t  \t<span class=\"bookie-name\">BetUSR<\/span>\r\n\r\n\t\t\t  \t<span class=\"bookie-rating\">Rating: 4.5 <b>&starf;<\/b><\/span>\r\n\t\t\t<\/div>\r\n\t\t<\/a>\r\n\t<\/li>\r\n\t<li>\r\n\t\t<a rel=\"nofollow\" target=\"_blank\" href=\"\/out\/vave?au&#x3D;138&amp;bp&#x3D;6\"<\/a>\r\n\t\t\t<figure>\r\n\t\t\t  \t<img decoding=\"async\" src=\"https:\/\/www.sportingpedia.com\/wp-content\/uploads\/logos\/lg-vave-logo.webp\" width=\"110\" height=\"55\">\r\n\t\t\t<\/figure>\r\n\r\n\t\t\t<div>\r\n\t\t\t  \t<span class=\"bookie-name\">Vave<\/span>\r\n\r\n\t\t\t  \t<span class=\"bookie-rating\">Rating: 4.4 <b>&starf;<\/b><\/span>\r\n\t\t\t<\/div>\r\n\t\t<\/a>\r\n\t<\/li>\r\n<\/ol><script>\n  setTimeout(function(){\n    if(!document.getElementById('JasHAAffsaMosaAdsANa2i')) {\n      jQuery('a[target=\"_blank\"]').removeAttr('target');\n    }\n  }, 1000);\n<\/script>\n\n<h2 id=\"slip\">Le coupon de paris expliqu\u00e9<\/h2>\n<p><img decoding=\"async\" src=\"https:\/\/www.sportingpedia.com\/wp-content\/uploads\/2021\/02\/football-betting-kelly-criterion_explained.svg\" alt=\"Le Coupon de Paris Expliqu\u00e9\" width=\"300\" class=\"alignleft \"> Que vous utilisiez votre ordinateur de bureau ou votre appareil mobile pr\u00e9f\u00e9r\u00e9 pour placer des paris sur le football en ligne, vous pouvez toujours trouver le coupon de paris sur le c\u00f4t\u00e9 droit de votre \u00e9cran. Les fonctionnalit\u00e9s exactes peuvent l\u00e9g\u00e8rement diff\u00e9rer d&rsquo;un bookmaker en ligne \u00e0 l&rsquo;autre mais, en g\u00e9n\u00e9ral, la proc\u00e9dure de pari est assez universelle.<\/p>\n<p>En haut du coupon de paris, vous pouvez voir le type de paris que vous \u00eates autoris\u00e9 \u00e0 faire. Ils sont g\u00e9n\u00e9ralement appel\u00e9s Simple ou Multiple mais il peut y avoir des boutons s\u00e9par\u00e9s pour Parlay, Reverse, En cas de paris, Teaser, etc. Pour placer un pari, vous devez ajouter au moins une s\u00e9lection au coupon de paris et, en g\u00e9n\u00e9ral, il n&rsquo;existe aucune limite maximale au nombre de paris. Ajouter une s\u00e9lection est d&rsquo;une simplicit\u00e9 enfantine. Il vous suffit de cliquer ou de toucher le march\u00e9 de pari choisi et il appara\u00eetra automatiquement.<\/p>\n<p>Regardez attentivement votre coupon de paris et vous remarquerez combien d&rsquo;informations il fournit r\u00e9ellement. Selon l&rsquo;interface, le nombre de paris s\u00e9lectionn\u00e9s est indiqu\u00e9 soit en haut, soit en bas du coupon de paris. Si vous d\u00e9cidez que vous avez choisi trop d&rsquo;\u00e9v\u00e9nements, il vous suffit de cliquer sur l&rsquo;ic\u00f4ne \u00ab\u202fsupprimer\u202f\u00bb \u00e0 c\u00f4t\u00e9 de chaque s\u00e9lection. L&rsquo;autre option consiste \u00e0 supprimer toutes les s\u00e9lections \u00e0 l&rsquo;aide des boutons <strong>\u00ab\u202fTout supprimer\u202f\u00bb ou \u00ab\u202fSupprimer tout\u202f\u00bb<\/strong>.<\/p>\n<p>Une fois que vous avez termin\u00e9 de choisir les \u00e9v\u00e9nements sur lesquels parier, ajoutez le montant que vous souhaitez engager. S&rsquo;il n&rsquo;y a pas suffisamment de fonds dans le solde de votre compte, le coupon de paris vous invite \u00e0 effectuer un d\u00e9p\u00f4t, puis \u00e0 poursuivre votre pari. Si vous avez choisi de faire un pari multiple, certains bookmakers permettent d&rsquo;entrer un montant s\u00e9par\u00e9 pour chaque \u00e9v\u00e9nement, tandis que d&rsquo;autres offrent l&rsquo;option d&rsquo;indiquer une mise conjointe.<\/p>\n<p>En dessous de tous les march\u00e9s s\u00e9lectionn\u00e9s, vous verrez trois types d&rsquo;informations\u202f: <strong>cotes totales, montant pari\u00e9 et gains potentiels<\/strong>. Si tout est en ordre dans votre coupon de paris, il vous suffit d&rsquo;appuyer sur le bouton de confirmation du pari. Vous pouvez trouver ce bouton intitul\u00e9 Valider, Parier maintenant, Placer un pari, etc.<\/p>\n<p>L&rsquo;une des fonctionnalit\u00e9s les plus pratiques de cet \u00e9l\u00e9ment de site de paris en ligne est qu&rsquo;il vous notifie chaque fois que les cotes baissent ou augmentent, ou si l&rsquo;un des \u00e9v\u00e9nements s\u00e9lectionn\u00e9s a pris fin avant que vous n&rsquo;ayez confirm\u00e9 votre pari.<\/p>\n<h2 id=\"how\">Comment le bulletin de pari calcule vos profits<\/h2>\n<p><img decoding=\"async\" src=\"https:\/\/www.sportingpedia.com\/wp-content\/uploads\/2021\/02\/football-betting-kelly-criterion_formula.svg\" alt=\"Comment Le Bulletin de Pari Calcule Vos Profits\" width=\"300\" class=\"alignleft\"> Les parieurs n&rsquo;ont pas \u00e0 se soucier des calculs math\u00e9matiques puisque leur bulletin de pari agit comme une calculatrice en ligne, avec diff\u00e9rents r\u00e9glages selon le type de pari plac\u00e9. Si vous pr\u00e9f\u00e9rez placer des paris simples, vous devez savoir que vos gains \u00e9ventuels sont calcul\u00e9s en multipliant votre mise par les cotes respectives. Par exemple, vous souhaitez soutenir <strong>Aston Villa<\/strong> pour gagner contre Watford lors du prochain match de Premier League\u202f:<\/p>\n<div class=\"clear\"><\/div>\n<ul>\n<li>Cotes\u202f: 1,59 x Mise\u202f: 10\u202f\u20ac<\/li>\n<li>Gains\u202f: 15,90\u202f\u20ac<\/li>\n<li>Profit\u202f: 15,90\u202f\u20ac &#8211; 10\u202f\u20ac = 5,90\u202f\u20ac<\/li>\n<\/ul>\n<p>Si les paris simples ne sont pas assez stimulants pour vous ou si vous visez des profits plus \u00e9lev\u00e9s, vous pouvez tenter des pr\u00e9dictions au moyen d&rsquo;un pari combin\u00e9. Pour placer ce type de pari, vous devez cliquer sur plusieurs \u00e9v\u00e9nements, les ajoutant ainsi au bulletin de pari, puis indiquer la cat\u00e9gorie de pari pertinente. Ici, <strong>le montant potentiellement gagnable est beaucoup plus \u00e9lev\u00e9 puisque les cotes seront multipli\u00e9es<\/strong>. Ce n&rsquo;est pas aussi compliqu\u00e9 que cela en a l&rsquo;air, vous le verrez dans l&rsquo;exemple suivant. Imaginons qu&rsquo;en plus de l&rsquo;\u00e9v\u00e9nement mentionn\u00e9 ci-dessus, vous d\u00e9cidiez \u00e9galement de parier sur les r\u00e9sultats des matchs Fulham vs Huddersfield Town (cotes de 7,6 pour Huddersfield) et Hull City vs Barnsley (cotes de 3,3 pour un match nul).<\/p>\n<ul>\n<li>Cotes\u202f: 1,59 x 7,6 x 3,3 Mise\u202f: 10\u202f\u20ac<\/li>\n<li>Gains\u202f: 398,77\u202f\u20ac<\/li>\n<li>Profit\u202f: 398,77\u202f\u20ac &#8211; 10\u202f\u20ac = 388,77\u202f\u20ac<\/li>\n<\/ul>\n<p>\u00c7a n&rsquo;a pas l&rsquo;air mal du tout, n&rsquo;est-ce pas\u202f? Un tel profit lucratif n&rsquo;est possible qu&rsquo;avec les accumulateurs \u00e0 haut risque. Rappelez-vous\u202f: si une seule de vos pr\u00e9dictions s&rsquo;av\u00e8re incorrecte, vous perdez votre mise. Avec le temps, un autre type de pari, le syst\u00e8me, a gagn\u00e9 en popularit\u00e9 parmi les parieurs en ligne. En raison de leur nature, ces paris comportent un degr\u00e9 de risque moindre, mais les profits possibles ne sont pas aussi \u00e9lev\u00e9s.<\/p>\n<p>Encore une fois, nous examinerons un exemple pour vous montrer comment fonctionnent les bulletins de pari en relation avec les paris syst\u00e8me. Les matchs et les cotes restent les m\u00eames que dans le cas des accumulateurs ci-dessus. Supposez que vous ayez choisi le syst\u00e8me 2 sur 3 et mis\u00e9 10\u202f\u20ac sur trois combinaisons, <strong>votre mise initiale sera multipli\u00e9e par 3, soit 10\u202f\u20ac x 3 = 30\u202f\u20ac<\/strong>. <\/p>\n<p>Pari 1\u202f: victoire d&rsquo;Aston Villa &#8211; cotes de 1,59, Pari 2\u202f: victoire d&rsquo;Huddersfield Town &#8211; cotes de 7,6, Pari 3\u202f: match nul Hull City vs Barnsley &#8211; cotes de 3,3.<\/p>\n<ul>\n<li>Si le Pari 1 et le Pari 2 sont corrects, mais pas le Pari 3, le calcul est le suivant\u202f: 10\u202f\u20ac x 1,59 x 7,6 = 120,84\u202f\u20ac\u202f;<\/li>\n<li>Si le Pari 1 et le Pari 3 sont corrects, mais pas le Pari 2, le calcul est le suivant\u202f: 10\u202f\u20ac x 1,59 x 3,3 = 52,47\u202f\u20ac\u202f;<\/li>\n<li>Si le Pari 2 et le Pari 3 sont corrects, mais pas le Pari 1, le calcul est le suivant\u202f: 10\u202f\u20ac x 7,6 x 3,3 = 250,80\u202f\u20ac.<\/li>\n<\/ul>\n<h2 id=\"tips\">Conseils<\/h2>\n<p><img decoding=\"async\" src=\"https:\/\/www.sportingpedia.com\/wp-content\/uploads\/2021\/02\/football-betting-challenge-bets-tactics_common-strategies.svg\" alt=\"Conseils de Paris\" width=\"300\" class=\"alignleft\"> Apr\u00e8s avoir lu les informations ci-dessus, vous \u00eates d\u00e9sormais familiaris\u00e9 avec tout ce qu&rsquo;il faut savoir sur les \u00e9l\u00e9ments du ticket de pari et son fonctionnement. Nous avons dress\u00e9 une liste de conseils afin de contribuer \u00e0 une <strong>exp\u00e9rience de pari sur le football agr\u00e9able, s\u00fbre et rentable<\/strong>.<\/p>\n<ul>\n<li>Donnez la priorit\u00e9 \u00e0 la probabilit\u00e9 de succ\u00e8s plut\u00f4t qu&rsquo;\u00e0 la rentabilit\u00e9 du pari lui-m\u00eame\u202f;<\/li>\n<li>V\u00e9rifiez \u00e0 deux reprises les s\u00e9lections que vous avez ajout\u00e9es \u00e0 votre ticket de pari. Ainsi, vous \u00e9vitez les inexactitudes dues \u00e0 une lecture incorrecte des cotes ou \u00e0 une s\u00e9lection erron\u00e9e du march\u00e9 de paris\u202f;<\/li>\n<li>M\u00eame si vous pariez depuis longtemps sur un certain site de paris, comparez toujours les cotes qu&rsquo;il propose avec celles d&rsquo;autres bookmakers r\u00e9put\u00e9s\u202f;<\/li>\n<li>Si vous n&rsquo;\u00eates pas seulement un parieur r\u00e9cr\u00e9atif mais souhaitez vous inscrire dans la dur\u00e9e, il est pr\u00e9f\u00e9rable de d\u00e9finir un fonds s\u00e9par\u00e9 pour les paris, fonds qui ne doit en aucun cas \u00eatre li\u00e9 aux ressources n\u00e9cessaires pour couvrir vos besoins quotidiens.<\/li>\n<\/ul>\n","protected":false},"excerpt":{"rendered":"<p>Si vous \u00eates un parieur exp\u00e9riment\u00e9, vous savez d\u00e9j\u00e0 que le bulletin de pari est une partie int\u00e9grante de votre exp\u00e9rience de pari quotidienne. C&rsquo;est un aspect fondamental pour placer des paris de football en ligne. Il est donc particuli\u00e8rement important de bien comprendre comment il fonctionne afin de pouvoir en tirer le meilleur parti. [&hellip;]<\/p>\n","protected":false},"author":11,"featured_media":0,"parent":118235,"menu_order":0,"comment_status":"closed","ping_status":"closed","template":"template-guide-page.php","meta":{"footnotes":""},"class_list":["post-118401","page","type-page","status-publish","hentry"],"yoast_head":"<!-- This site is optimized with the Yoast SEO plugin v26.6 - https:\/\/yoast.com\/wordpress\/plugins\/seo\/ -->\n<title>Billet de Pari - Bordereau de Pari de Football<\/title>\n<meta name=\"description\" content=\"Si vous \u00eates un parieur exp\u00e9riment\u00e9, vous savez d\u00e9j\u00e0 que le ticket de pari est une partie int\u00e9grante de votre exp\u00e9rience quotidienne de paris sur le football.\" \/>\n<meta name=\"robots\" content=\"index, follow, max-snippet:-1, max-image-preview:large, max-video-preview:-1\" \/>\n<link rel=\"canonical\" href=\"https:\/\/www.sportingpedia.com\/fr\/football-betting\/football-bet-slip\/\" \/>\n<meta property=\"og:locale\" content=\"fr_FR\" \/>\n<meta property=\"og:type\" content=\"article\" \/>\n<meta property=\"og:title\" content=\"Billet de Pari - Bordereau de Pari de Football\" \/>\n<meta property=\"og:description\" content=\"Si vous \u00eates un parieur exp\u00e9riment\u00e9, vous savez d\u00e9j\u00e0 que le ticket de pari est une partie int\u00e9grante de votre exp\u00e9rience quotidienne de paris sur le football.\" \/>\n<meta property=\"og:url\" content=\"https:\/\/www.sportingpedia.com\/fr\/football-betting\/football-bet-slip\/\" \/>\n<meta property=\"og:site_name\" content=\"Sportingpedia - Latest Sports News From All Over the World\" \/>\n<meta property=\"article:modified_time\" content=\"2025-12-03T15:52:34+00:00\" \/>\n<meta property=\"og:image\" content=\"https:\/\/www.sportingpedia.com\/wp-content\/uploads\/2021\/02\/football-betting-how-to-prevent-emotions_feelings-caused-by-winning-streaks.svg\" \/>\n<meta name=\"twitter:card\" content=\"summary_large_image\" \/>\n<meta name=\"twitter:label1\" content=\"Dur\u00e9e de lecture estim\u00e9e\" \/>\n\t<meta name=\"twitter:data1\" content=\"7 minutes\" \/>\n<script type=\"application\/ld+json\" class=\"yoast-schema-graph\">{\"@context\":\"https:\/\/schema.org\",\"@graph\":[{\"@type\":\"WebPage\",\"@id\":\"https:\/\/www.sportingpedia.com\/fr\/football-betting\/football-bet-slip\/\",\"url\":\"https:\/\/www.sportingpedia.com\/fr\/football-betting\/football-bet-slip\/\",\"name\":\"Billet de Pari - Bordereau de Pari de Football\",\"isPartOf\":{\"@id\":\"https:\/\/www.sportingpedia.com\/fr\/#website\"},\"primaryImageOfPage\":{\"@id\":\"https:\/\/www.sportingpedia.com\/fr\/football-betting\/football-bet-slip\/#primaryimage\"},\"image\":{\"@id\":\"https:\/\/www.sportingpedia.com\/fr\/football-betting\/football-bet-slip\/#primaryimage\"},\"thumbnailUrl\":\"https:\/\/www.sportingpedia.com\/wp-content\/uploads\/2021\/02\/football-betting-how-to-prevent-emotions_feelings-caused-by-winning-streaks.svg\",\"datePublished\":\"2025-04-10T07:45:12+00:00\",\"dateModified\":\"2025-12-03T15:52:34+00:00\",\"description\":\"Si vous \u00eates un parieur exp\u00e9riment\u00e9, vous savez d\u00e9j\u00e0 que le ticket de pari est une partie int\u00e9grante de votre exp\u00e9rience quotidienne de paris sur le football.\",\"breadcrumb\":{\"@id\":\"https:\/\/www.sportingpedia.com\/fr\/football-betting\/football-bet-slip\/#breadcrumb\"},\"inLanguage\":\"fr-FR\",\"potentialAction\":[{\"@type\":\"ReadAction\",\"target\":[\"https:\/\/www.sportingpedia.com\/fr\/football-betting\/football-bet-slip\/\"]}]},{\"@type\":\"ImageObject\",\"inLanguage\":\"fr-FR\",\"@id\":\"https:\/\/www.sportingpedia.com\/fr\/football-betting\/football-bet-slip\/#primaryimage\",\"url\":\"https:\/\/www.sportingpedia.com\/wp-content\/uploads\/2021\/02\/football-betting-how-to-prevent-emotions_feelings-caused-by-winning-streaks.svg\",\"contentUrl\":\"https:\/\/www.sportingpedia.com\/wp-content\/uploads\/2021\/02\/football-betting-how-to-prevent-emotions_feelings-caused-by-winning-streaks.svg\"},{\"@type\":\"BreadcrumbList\",\"@id\":\"https:\/\/www.sportingpedia.com\/fr\/football-betting\/football-bet-slip\/#breadcrumb\",\"itemListElement\":[{\"@type\":\"ListItem\",\"position\":1,\"name\":\"Accueil\",\"item\":\"https:\/\/www.sportingpedia.com\/fr\/home\/\"},{\"@type\":\"ListItem\",\"position\":2,\"name\":\"Parier sur le Football\",\"item\":\"https:\/\/www.sportingpedia.com\/fr\/football-betting\/\"},{\"@type\":\"ListItem\",\"position\":3,\"name\":\"Ticket de Pari Football\"}]},{\"@type\":\"WebSite\",\"@id\":\"https:\/\/www.sportingpedia.com\/fr\/#website\",\"url\":\"https:\/\/www.sportingpedia.com\/fr\/\",\"name\":\"Sportingpedia - Latest Sports News From All Over the World\",\"description\":\"\",\"publisher\":{\"@id\":\"https:\/\/www.sportingpedia.com\/fr\/#organization\"},\"potentialAction\":[{\"@type\":\"SearchAction\",\"target\":{\"@type\":\"EntryPoint\",\"urlTemplate\":\"https:\/\/www.sportingpedia.com\/fr\/?s={search_term_string}\"},\"query-input\":{\"@type\":\"PropertyValueSpecification\",\"valueRequired\":true,\"valueName\":\"search_term_string\"}}],\"inLanguage\":\"fr-FR\"},{\"@type\":\"Organization\",\"@id\":\"https:\/\/www.sportingpedia.com\/fr\/#organization\",\"name\":\"SportingPedia\",\"url\":\"https:\/\/www.sportingpedia.com\/fr\/\",\"logo\":{\"@type\":\"ImageObject\",\"inLanguage\":\"fr-FR\",\"@id\":\"https:\/\/www.sportingpedia.com\/fr\/#\/schema\/logo\/image\/\",\"url\":\"https:\/\/www.sportingpedia.com\/wp-content\/uploads\/2019\/10\/SportingPedia_logo.png\",\"contentUrl\":\"https:\/\/www.sportingpedia.com\/wp-content\/uploads\/2019\/10\/SportingPedia_logo.png\",\"width\":600,\"height\":101,\"caption\":\"SportingPedia\"},\"image\":{\"@id\":\"https:\/\/www.sportingpedia.com\/fr\/#\/schema\/logo\/image\/\"}}]}<\/script>\n<!-- \/ Yoast SEO plugin. -->","yoast_head_json":{"title":"Billet de Pari - Bordereau de Pari de Football","description":"Si vous \u00eates un parieur exp\u00e9riment\u00e9, vous savez d\u00e9j\u00e0 que le ticket de pari est une partie int\u00e9grante de votre exp\u00e9rience quotidienne de paris sur le football.","robots":{"index":"index","follow":"follow","max-snippet":"max-snippet:-1","max-image-preview":"max-image-preview:large","max-video-preview":"max-video-preview:-1"},"canonical":"https:\/\/www.sportingpedia.com\/fr\/football-betting\/football-bet-slip\/","og_locale":"fr_FR","og_type":"article","og_title":"Billet de Pari - Bordereau de Pari de Football","og_description":"Si vous \u00eates un parieur exp\u00e9riment\u00e9, vous savez d\u00e9j\u00e0 que le ticket de pari est une partie int\u00e9grante de votre exp\u00e9rience quotidienne de paris sur le football.","og_url":"https:\/\/www.sportingpedia.com\/fr\/football-betting\/football-bet-slip\/","og_site_name":"Sportingpedia - Latest Sports News From All Over the World","article_modified_time":"2025-12-03T15:52:34+00:00","og_image":[{"url":"https:\/\/www.sportingpedia.com\/wp-content\/uploads\/2021\/02\/football-betting-how-to-prevent-emotions_feelings-caused-by-winning-streaks.svg","type":"","width":"","height":""}],"twitter_card":"summary_large_image","twitter_misc":{"Dur\u00e9e de lecture estim\u00e9e":"7 minutes"},"schema":{"@context":"https:\/\/schema.org","@graph":[{"@type":"WebPage","@id":"https:\/\/www.sportingpedia.com\/fr\/football-betting\/football-bet-slip\/","url":"https:\/\/www.sportingpedia.com\/fr\/football-betting\/football-bet-slip\/","name":"Billet de Pari - Bordereau de Pari de Football","isPartOf":{"@id":"https:\/\/www.sportingpedia.com\/fr\/#website"},"primaryImageOfPage":{"@id":"https:\/\/www.sportingpedia.com\/fr\/football-betting\/football-bet-slip\/#primaryimage"},"image":{"@id":"https:\/\/www.sportingpedia.com\/fr\/football-betting\/football-bet-slip\/#primaryimage"},"thumbnailUrl":"https:\/\/www.sportingpedia.com\/wp-content\/uploads\/2021\/02\/football-betting-how-to-prevent-emotions_feelings-caused-by-winning-streaks.svg","datePublished":"2025-04-10T07:45:12+00:00","dateModified":"2025-12-03T15:52:34+00:00","description":"Si vous \u00eates un parieur exp\u00e9riment\u00e9, vous savez d\u00e9j\u00e0 que le ticket de pari est une partie int\u00e9grante de votre exp\u00e9rience quotidienne de paris sur le football.","breadcrumb":{"@id":"https:\/\/www.sportingpedia.com\/fr\/football-betting\/football-bet-slip\/#breadcrumb"},"inLanguage":"fr-FR","potentialAction":[{"@type":"ReadAction","target":["https:\/\/www.sportingpedia.com\/fr\/football-betting\/football-bet-slip\/"]}]},{"@type":"ImageObject","inLanguage":"fr-FR","@id":"https:\/\/www.sportingpedia.com\/fr\/football-betting\/football-bet-slip\/#primaryimage","url":"https:\/\/www.sportingpedia.com\/wp-content\/uploads\/2021\/02\/football-betting-how-to-prevent-emotions_feelings-caused-by-winning-streaks.svg","contentUrl":"https:\/\/www.sportingpedia.com\/wp-content\/uploads\/2021\/02\/football-betting-how-to-prevent-emotions_feelings-caused-by-winning-streaks.svg"},{"@type":"BreadcrumbList","@id":"https:\/\/www.sportingpedia.com\/fr\/football-betting\/football-bet-slip\/#breadcrumb","itemListElement":[{"@type":"ListItem","position":1,"name":"Accueil","item":"https:\/\/www.sportingpedia.com\/fr\/home\/"},{"@type":"ListItem","position":2,"name":"Parier sur le Football","item":"https:\/\/www.sportingpedia.com\/fr\/football-betting\/"},{"@type":"ListItem","position":3,"name":"Ticket de Pari Football"}]},{"@type":"WebSite","@id":"https:\/\/www.sportingpedia.com\/fr\/#website","url":"https:\/\/www.sportingpedia.com\/fr\/","name":"Sportingpedia - Latest Sports News From All Over the World","description":"","publisher":{"@id":"https:\/\/www.sportingpedia.com\/fr\/#organization"},"potentialAction":[{"@type":"SearchAction","target":{"@type":"EntryPoint","urlTemplate":"https:\/\/www.sportingpedia.com\/fr\/?s={search_term_string}"},"query-input":{"@type":"PropertyValueSpecification","valueRequired":true,"valueName":"search_term_string"}}],"inLanguage":"fr-FR"},{"@type":"Organization","@id":"https:\/\/www.sportingpedia.com\/fr\/#organization","name":"SportingPedia","url":"https:\/\/www.sportingpedia.com\/fr\/","logo":{"@type":"ImageObject","inLanguage":"fr-FR","@id":"https:\/\/www.sportingpedia.com\/fr\/#\/schema\/logo\/image\/","url":"https:\/\/www.sportingpedia.com\/wp-content\/uploads\/2019\/10\/SportingPedia_logo.png","contentUrl":"https:\/\/www.sportingpedia.com\/wp-content\/uploads\/2019\/10\/SportingPedia_logo.png","width":600,"height":101,"caption":"SportingPedia"},"image":{"@id":"https:\/\/www.sportingpedia.com\/fr\/#\/schema\/logo\/image\/"}}]}},"_links":{"self":[{"href":"https:\/\/www.sportingpedia.com\/fr\/wp-json\/wp\/v2\/pages\/118401","targetHints":{"allow":["GET"]}}],"collection":[{"href":"https:\/\/www.sportingpedia.com\/fr\/wp-json\/wp\/v2\/pages"}],"about":[{"href":"https:\/\/www.sportingpedia.com\/fr\/wp-json\/wp\/v2\/types\/page"}],"author":[{"embeddable":true,"href":"https:\/\/www.sportingpedia.com\/fr\/wp-json\/wp\/v2\/users\/11"}],"replies":[{"embeddable":true,"href":"https:\/\/www.sportingpedia.com\/fr\/wp-json\/wp\/v2\/comments?post=118401"}],"version-history":[{"count":3,"href":"https:\/\/www.sportingpedia.com\/fr\/wp-json\/wp\/v2\/pages\/118401\/revisions"}],"predecessor-version":[{"id":148608,"href":"https:\/\/www.sportingpedia.com\/fr\/wp-json\/wp\/v2\/pages\/118401\/revisions\/148608"}],"up":[{"embeddable":true,"href":"https:\/\/www.sportingpedia.com\/fr\/wp-json\/wp\/v2\/pages\/118235"}],"wp:attachment":[{"href":"https:\/\/www.sportingpedia.com\/fr\/wp-json\/wp\/v2\/media?parent=118401"}],"curies":[{"name":"wp","href":"https:\/\/api.w.org\/{rel}","templated":true}]}}