{"id":118405,"date":"2025-04-10T07:45:13","date_gmt":"2025-04-10T07:45:13","guid":{"rendered":"https:\/\/www.sportingpedia.com\/?page_id=118405"},"modified":"2025-05-16T13:03:02","modified_gmt":"2025-05-16T13:03:02","slug":"standard-horse-racing-bets","status":"publish","type":"page","link":"https:\/\/www.sportingpedia.com\/fr\/horse-racing-betting\/standard-horse-racing-bets\/","title":{"rendered":"Paris Standard sur les Courses Hippiques"},"content":{"rendered":"<p>Vous vous demandez peut-\u00eatre comment il est possible qu&rsquo;un sport avec une si longue histoire comme les courses de chevaux non seulement continue d&rsquo;\u00eatre pratiqu\u00e9 mais jouisse d&rsquo;une popularit\u00e9 impressionnante dans diff\u00e9rentes parties du monde. Bien que sa dynamique et sa diversit\u00e9 soient tr\u00e8s bien per\u00e7ues par de nombreux fans, un r\u00f4le majeur dans cette relation est jou\u00e9 par l\u2019<strong>interconnexion intrins\u00e8que du sport avec les paris<\/strong>. Dans sa forme moderne, les courses de chevaux reposent principalement sur l&rsquo;industrie des paris sportifs, car elle fournit un pourcentage significatif de financement pour le sport. De nombreux hippodromes ne pourraient tout simplement pas fonctionner sans le soutien financier des bookmakers sur place et en ligne.<\/p>\n<p>L&rsquo;essence des courses de chevaux suppose la disponibilit\u00e9 de divers types de paris, certains plus faciles \u00e0 placer et d&rsquo;autres n\u00e9cessitant de l&rsquo;exp\u00e9rience dans les paris sportifs et une bonne connaissance de la discipline. Ils sont g\u00e9n\u00e9ralement divis\u00e9s en deux cat\u00e9gories : les paris de course standard et les paris exotiques. <strong>La caract\u00e9ristique distinctive des paris simples est qu&rsquo;ils impliquent un seul cheval dans une seule course et sont statistiquement plus susceptibles de r\u00e9ussir<\/strong>. Le pr\u00e9sent article vous expliquera tout ce que vous devez savoir pour cr\u00e9er une strat\u00e9gie de paris solide.<\/p>\n<p>Il existe quelques divergences dans les noms des paris de course standard \u00e0 travers le monde. Aux \u00c9tats-Unis, ils sont appel\u00e9s Win, Place, Show, et Across the board, tandis que dans la plupart des autres r\u00e9gions, les march\u00e9s simples sont appel\u00e9s Win, Place, et Each-way.<\/p>\n<h2 id=\"win_bet\">Pari Gagnant<\/h2>\n<p><img decoding=\"async\" src=\"https:\/\/www.sportingpedia.com\/wp-content\/uploads\/2021\/02\/betting-sites-payment-methods_cost-and-fees.svg\" alt=\"Pari Gagnant\" width=\"300\" class=\"alignleft\" \/>Inutile de dire que c&rsquo;est le pari le plus souvent plac\u00e9 car il est extr\u00eamement simple, vous devez juste pr\u00e9dire <strong>quel cheval en particulier va gagner la course<\/strong>. Le pari est r\u00e9ussi si le concurrent franchit la ligne d&rsquo;arriv\u00e9e en premier et est perdant dans le cas de tout autre r\u00e9sultat. Le pari gagnant offre les gains \u00e9ventuels les plus lucratifs parmi tous les paris standard de courses de chevaux car c&rsquo;est le plus difficile \u00e0 pr\u00e9voir correctement.<\/p>\n<p>Lorsque les parieurs effectuent des paris simples, y compris l&rsquo;option gagnante, leur <strong>perte ou profit potentiel est d\u00e9termin\u00e9 par des cotes fixes<\/strong> offertes par le bookmaker en ligne respectif. Vous pouvez le voir simplement en cliquant sur le bouton pour l&rsquo;\u00e9v\u00e9nement particulier. Une nouvelle fen\u00eatre s&rsquo;ouvrira et bien que les bookmakers aient des interfaces diff\u00e9rentes, dans la plupart des cas, l&rsquo;en-t\u00eate du tableau pour le march\u00e9 du pari gagnant ressemblera \u00e0 ceci :<\/p>\n<div class=\"table-responsive\">\n<table class=\"previewTable\">\n<tbody>\n<tr>\n<td>No.<\/td>\n<td>Nom du Cheval<\/td>\n<td>Entra\u00eeneur\/Jockey<\/td>\n<td>\u00c2ge\/Poids<\/td>\n<td>Forme<\/td>\n<td>Cotes Actuelles<\/td>\n<\/tr>\n<\/tbody>\n<\/table>\n<\/div>\n<p>Ce sont les principaux piliers sur lesquels construire votre pr\u00e9vision. Certains sites de paris sportifs en ligne de premier ordre vont m\u00eame plus loin et publient un r\u00e9sum\u00e9 succinct de la course \u00e0 venir comprenant certains r\u00e9sultats cl\u00e9s concernant les favoris et leur rivalit\u00e9 jusqu&rsquo;\u00e0 pr\u00e9sent. La mise \u00e0 disposition de <strong>donn\u00e9es statistiques sur chaque cheval est avantageuse pour les amateurs de paris<\/strong> car ils n&rsquo;ont pas besoin de perdre du temps \u00e0 les chercher.<\/p>\n<p>Il convient de garder \u00e0 l&rsquo;esprit que lorsque l&rsquo;on pratique le pari mutuel, les choses sont assez diff\u00e9rentes. Les cotes ne sont pas fixes comme dans le cas g\u00e9n\u00e9ral mais fluctuent car le pool de prix d\u00e9pend de l&rsquo;argent entrant jusqu&rsquo;au dernier moment. Apr\u00e8s que les cotes initiales ont \u00e9t\u00e9 publi\u00e9es, les parieurs commencent \u00e0 placer leurs paris et forcent ainsi les chiffres dans une direction ou une autre. Par exemple, si de nombreux parieurs misent sur un cheval particulier, ses cotes vont consid\u00e9rablement diminuer.<\/p>\n<h2 id=\"place_bet\">Pari Plac\u00e9<\/h2>\n<p><img decoding=\"async\" src=\"http:\/\/www.sportingpedia.com\/wp-content\/uploads\/2021\/02\/horse-racing-betting_hallmarks.svg\" alt=\"Place Bet\" width=\"300\" class=\"alignleft \" \/>Si vous avez besoin d&rsquo;une plus grande certitude et que vous pouvez accepter des cotes moins favorables, alors le pari plac\u00e9 sur les courses de chevaux est fait pour vous. Il s&rsquo;agit \u00e0 nouveau de parier sur un seul cheval, mais cette fois, cela permet aux parieurs de pr\u00e9dire s&rsquo;il finira \u00e0 la premi\u00e8re ou \u00e0 la deuxi\u00e8me place. C&rsquo;est une merveilleuse opportunit\u00e9 lorsque votre concurrent pr\u00e9f\u00e9r\u00e9 a un adversaire aussi fort et que vous avez peur de le soutenir avec un pari gagnant. Le cheval choisi doit toujours bien performer, mais avec le pari plac\u00e9, vous laissez un peu de marge pour une erreur. Ce march\u00e9 de pari permet aux parieurs de <strong>soutenir un cheval et de garantir un certain profit, bien que minimal, s&rsquo;il ne gagne pas<\/strong>.<\/p>\n<h2 id=\"show\">Pari Show<\/h2>\n<p><img decoding=\"async\" src=\"https:\/\/www.sportingpedia.com\/wp-content\/uploads\/2021\/01\/betting-sites-countries_digital-wallets.svg\" alt=\"Pari Show\" width=\"300\" class=\"alignleft\" \/>Le pari standard des courses de chevaux qui pr\u00e9sente le plus faible degr\u00e9 de risque est le Pari Show, car il couvre les trois premi\u00e8res positions, offrant ainsi <strong>plus de chances de faire une pr\u00e9diction correcte<\/strong>. Quand est-ce que cela a du sens de placer un tel pari ? Plus une course est comp\u00e9titive, plus il est difficile de juger lequel des chevaux ayant des capacit\u00e9s et des performances similaires sera le gagnant. La ligne de forme du cheval peut vous indiquer quel type de performeur est votre concurrent choisi et vous aider \u00e0 d\u00e9cider s&rsquo;il vaut la peine de placer un pari show. Un cheval sans victoire lors des cinq derni\u00e8res courses mais avec des positionnements constants dans le Top 3 est un bien meilleur choix qu&rsquo;un cheval avec deux victoires accompagn\u00e9es de quelques classements dramatiquement bas. En d&rsquo;autres termes, <strong>ce n\u2019est pas aussi crucial de trouver un concurrent avec des qualit\u00e9s exceptionnelles, mais plut\u00f4t un qui performe bien de mani\u00e8re r\u00e9p\u00e9t\u00e9e<\/strong>.<\/p>\n<p>Pour avoir une id\u00e9e de la mesure dans laquelle les cotes de ces trois principaux paris simples de courses de chevaux diff\u00e8rent, consultez le tableau suivant des donn\u00e9es r\u00e9elles de la course de Haydock au Royaume-Uni.<\/p>\n<div class=\"table-responsive\">\n<table class=\"previewTable\">\n<tbody>\n<tr>\n<th colspan=\"2\">L&rsquo;Incorrigible (M. Thomas M O&rsquo;Brien (3))<\/th>\n<\/tr>\n<tr>\n<td>March\u00e9 des paris<\/td>\n<td>Cotes<\/td>\n<\/tr>\n<tr>\n<td>Gagnant<\/td>\n<td>4,5<\/td>\n<\/tr>\n<tr>\n<td>Dans le Top 2<\/td>\n<td>2,056<\/td>\n<\/tr>\n<tr>\n<td>Dans le Top 3<\/td>\n<td>1,375<\/td>\n<\/tr>\n<\/tbody>\n<\/table>\n<\/div>\n<h2 id=\"each_way\">Syst\u00e8me de Pari Each-Way<\/h2>\n<p><img decoding=\"async\" class=\"alignleft\" src=\"https:\/\/www.sportingpedia.com\/wp-content\/uploads\/2021\/02\/betting-sites-payment-methods_advantages.svg\" alt=\"Syst\u00e8me de Pari Each-Way\" width=\"300\" \/>La m\u00e9thode de pari each-way permet aux parieurs de <strong>combiner deux paris hippiques standard sur un m\u00eame ticket<\/strong>. Le pari mixte comprend presque toujours un pari Gagnant et soit un pari Plac\u00e9 soit un pari \u00c0 Afficher \u00e0 co\u00fbt \u00e9gal. Si le cheval s\u00e9lectionn\u00e9 gagne, vous recevrez un rendement pour les deux mises. S&rsquo;il finit en deuxi\u00e8me ou troisi\u00e8me position, seule la partie plac\u00e9e du pari each-way vous rapportera un paiement. Parfois, il est possible que le pari plac\u00e9 couvre plus de positions, mais cela d\u00e9pend de la volont\u00e9 du bookmaker et du nombre de chevaux participants. Par exemple, vous ne pouvez pas vous attendre \u00e0 ce que la 4\u00e8me place soit incluse si le nombre total de chevaux est \u00e9galement de quatre.<\/p>\n<p>Avant de d\u00e9cider de placer un pari each-way ou non, vous devez d&rsquo;abord vous assurer que vous ferez au moins un retour sur investissement si votre s\u00e9lection est plac\u00e9e. V\u00e9rifiez attentivement les cotes pour \u00e9viter de perdre de l&rsquo;argent si les cotes de pari plac\u00e9s sont trop d\u00e9favorables.<\/p>\n<h2 id=\"Conclusion\">Conclusion<\/h2>\n<p><img decoding=\"async\" class=\"alignleft\" src=\"https:\/\/www.sportingpedia.com\/wp-content\/uploads\/2022\/01\/conclusion.svg\" alt=\"Conclusion\" width=\"300\" \/>Avant de commencer \u00e0 parier pour de l&rsquo;argent r\u00e9el sur les courses de chevaux, il ne devrait y avoir aucun point obscur, que vous le fassiez sur le champ de course ou via une plateforme de paris en ligne. Nous vous conseillons de ne pas vous pr\u00e9cipiter et de <strong>simplifier initialement les paris \u00e0 leurs \u00e9l\u00e9ments de base<\/strong>. Les types de paris standard sont un excellent point de d\u00e9part car ils se concentrent sur un seul cheval. Apr\u00e8s avoir acquis un peu d&rsquo;exp\u00e9rience, vous pouvez facilement continuer avec des types de paris offrant des gains plus \u00e9lev\u00e9s, mais aussi plus risqu\u00e9s. Vous pouvez en apprendre davantage \u00e0 leur sujet dans la prochaine partie de notre guide, alors continuons.<\/p>\n","protected":false},"excerpt":{"rendered":"<p>Vous vous demandez peut-\u00eatre comment il est possible qu&rsquo;un sport avec une si longue histoire comme les courses de chevaux non seulement continue d&rsquo;\u00eatre pratiqu\u00e9 mais jouisse d&rsquo;une popularit\u00e9 impressionnante dans diff\u00e9rentes parties du monde. Bien que sa dynamique et sa diversit\u00e9 soient tr\u00e8s bien per\u00e7ues par de nombreux fans, un r\u00f4le majeur dans cette [&hellip;]<\/p>\n","protected":false},"author":17,"featured_media":0,"parent":118237,"menu_order":200,"comment_status":"closed","ping_status":"closed","template":"template-guide-page.php","meta":{"footnotes":""},"class_list":["post-118405","page","type-page","status-publish","hentry"],"yoast_head":"<!-- This site is optimized with the Yoast SEO plugin v26.6 - https:\/\/yoast.com\/wordpress\/plugins\/seo\/ -->\n<title>Paris Hippiques Standard - Pari Gagnant, Pari Plac\u00e9, Pari Dans Les Trois, Pari Chaque C\u00f4t\u00e9<\/title>\n<meta name=\"description\" content=\"Explications d\u00e9taill\u00e9es des paris hippiques standard. Nous abordons le pari gagnant, le pari plac\u00e9, le pari show, le pari chacun pour soi.\" \/>\n<meta name=\"robots\" content=\"index, follow, max-snippet:-1, max-image-preview:large, max-video-preview:-1\" \/>\n<link rel=\"canonical\" href=\"https:\/\/www.sportingpedia.com\/fr\/horse-racing-betting\/standard-horse-racing-bets\/\" \/>\n<meta property=\"og:locale\" content=\"fr_FR\" \/>\n<meta property=\"og:type\" content=\"article\" \/>\n<meta property=\"og:title\" content=\"Paris Hippiques Standard - Pari Gagnant, Pari Plac\u00e9, Pari Dans Les Trois, Pari Chaque C\u00f4t\u00e9\" \/>\n<meta property=\"og:description\" content=\"Explications d\u00e9taill\u00e9es des paris hippiques standard. Nous abordons le pari gagnant, le pari plac\u00e9, le pari show, le pari chacun pour soi.\" \/>\n<meta property=\"og:url\" content=\"https:\/\/www.sportingpedia.com\/fr\/horse-racing-betting\/standard-horse-racing-bets\/\" \/>\n<meta property=\"og:site_name\" content=\"Sportingpedia - Latest Sports News From All Over the World\" \/>\n<meta property=\"article:modified_time\" content=\"2025-05-16T13:03:02+00:00\" \/>\n<meta property=\"og:image\" content=\"https:\/\/www.sportingpedia.com\/wp-content\/uploads\/2021\/02\/betting-sites-payment-methods_cost-and-fees.svg\" \/>\n<meta name=\"twitter:card\" content=\"summary_large_image\" \/>\n<meta name=\"twitter:label1\" content=\"Dur\u00e9e de lecture estim\u00e9e\" \/>\n\t<meta name=\"twitter:data1\" content=\"7 minutes\" \/>\n<script type=\"application\/ld+json\" class=\"yoast-schema-graph\">{\"@context\":\"https:\/\/schema.org\",\"@graph\":[{\"@type\":\"WebPage\",\"@id\":\"https:\/\/www.sportingpedia.com\/fr\/horse-racing-betting\/standard-horse-racing-bets\/\",\"url\":\"https:\/\/www.sportingpedia.com\/fr\/horse-racing-betting\/standard-horse-racing-bets\/\",\"name\":\"Paris Hippiques Standard - Pari Gagnant, Pari Plac\u00e9, Pari Dans Les Trois, Pari Chaque C\u00f4t\u00e9\",\"isPartOf\":{\"@id\":\"https:\/\/www.sportingpedia.com\/fr\/#website\"},\"primaryImageOfPage\":{\"@id\":\"https:\/\/www.sportingpedia.com\/fr\/horse-racing-betting\/standard-horse-racing-bets\/#primaryimage\"},\"image\":{\"@id\":\"https:\/\/www.sportingpedia.com\/fr\/horse-racing-betting\/standard-horse-racing-bets\/#primaryimage\"},\"thumbnailUrl\":\"https:\/\/www.sportingpedia.com\/wp-content\/uploads\/2021\/02\/betting-sites-payment-methods_cost-and-fees.svg\",\"datePublished\":\"2025-04-10T07:45:13+00:00\",\"dateModified\":\"2025-05-16T13:03:02+00:00\",\"description\":\"Explications d\u00e9taill\u00e9es des paris hippiques standard. Nous abordons le pari gagnant, le pari plac\u00e9, le pari show, le pari chacun pour soi.\",\"breadcrumb\":{\"@id\":\"https:\/\/www.sportingpedia.com\/fr\/horse-racing-betting\/standard-horse-racing-bets\/#breadcrumb\"},\"inLanguage\":\"fr-FR\",\"potentialAction\":[{\"@type\":\"ReadAction\",\"target\":[\"https:\/\/www.sportingpedia.com\/fr\/horse-racing-betting\/standard-horse-racing-bets\/\"]}]},{\"@type\":\"ImageObject\",\"inLanguage\":\"fr-FR\",\"@id\":\"https:\/\/www.sportingpedia.com\/fr\/horse-racing-betting\/standard-horse-racing-bets\/#primaryimage\",\"url\":\"https:\/\/www.sportingpedia.com\/wp-content\/uploads\/2021\/02\/betting-sites-payment-methods_cost-and-fees.svg\",\"contentUrl\":\"https:\/\/www.sportingpedia.com\/wp-content\/uploads\/2021\/02\/betting-sites-payment-methods_cost-and-fees.svg\"},{\"@type\":\"BreadcrumbList\",\"@id\":\"https:\/\/www.sportingpedia.com\/fr\/horse-racing-betting\/standard-horse-racing-bets\/#breadcrumb\",\"itemListElement\":[{\"@type\":\"ListItem\",\"position\":1,\"name\":\"Accueil\",\"item\":\"https:\/\/www.sportingpedia.com\/fr\/home\/\"},{\"@type\":\"ListItem\",\"position\":2,\"name\":\"Parier sur les Courses Hippiques\",\"item\":\"https:\/\/www.sportingpedia.com\/fr\/horse-racing-betting\/\"},{\"@type\":\"ListItem\",\"position\":3,\"name\":\"Paris Standard sur les Courses Hippiques\"}]},{\"@type\":\"WebSite\",\"@id\":\"https:\/\/www.sportingpedia.com\/fr\/#website\",\"url\":\"https:\/\/www.sportingpedia.com\/fr\/\",\"name\":\"Sportingpedia - Latest Sports News From All Over the World\",\"description\":\"\",\"publisher\":{\"@id\":\"https:\/\/www.sportingpedia.com\/fr\/#organization\"},\"potentialAction\":[{\"@type\":\"SearchAction\",\"target\":{\"@type\":\"EntryPoint\",\"urlTemplate\":\"https:\/\/www.sportingpedia.com\/fr\/?s={search_term_string}\"},\"query-input\":{\"@type\":\"PropertyValueSpecification\",\"valueRequired\":true,\"valueName\":\"search_term_string\"}}],\"inLanguage\":\"fr-FR\"},{\"@type\":\"Organization\",\"@id\":\"https:\/\/www.sportingpedia.com\/fr\/#organization\",\"name\":\"SportingPedia\",\"url\":\"https:\/\/www.sportingpedia.com\/fr\/\",\"logo\":{\"@type\":\"ImageObject\",\"inLanguage\":\"fr-FR\",\"@id\":\"https:\/\/www.sportingpedia.com\/fr\/#\/schema\/logo\/image\/\",\"url\":\"https:\/\/www.sportingpedia.com\/wp-content\/uploads\/2019\/10\/SportingPedia_logo.png\",\"contentUrl\":\"https:\/\/www.sportingpedia.com\/wp-content\/uploads\/2019\/10\/SportingPedia_logo.png\",\"width\":600,\"height\":101,\"caption\":\"SportingPedia\"},\"image\":{\"@id\":\"https:\/\/www.sportingpedia.com\/fr\/#\/schema\/logo\/image\/\"}}]}<\/script>\n<!-- \/ Yoast SEO plugin. -->","yoast_head_json":{"title":"Paris Hippiques Standard - Pari Gagnant, Pari Plac\u00e9, Pari Dans Les Trois, Pari Chaque C\u00f4t\u00e9","description":"Explications d\u00e9taill\u00e9es des paris hippiques standard. Nous abordons le pari gagnant, le pari plac\u00e9, le pari show, le pari chacun pour soi.","robots":{"index":"index","follow":"follow","max-snippet":"max-snippet:-1","max-image-preview":"max-image-preview:large","max-video-preview":"max-video-preview:-1"},"canonical":"https:\/\/www.sportingpedia.com\/fr\/horse-racing-betting\/standard-horse-racing-bets\/","og_locale":"fr_FR","og_type":"article","og_title":"Paris Hippiques Standard - Pari Gagnant, Pari Plac\u00e9, Pari Dans Les Trois, Pari Chaque C\u00f4t\u00e9","og_description":"Explications d\u00e9taill\u00e9es des paris hippiques standard. Nous abordons le pari gagnant, le pari plac\u00e9, le pari show, le pari chacun pour soi.","og_url":"https:\/\/www.sportingpedia.com\/fr\/horse-racing-betting\/standard-horse-racing-bets\/","og_site_name":"Sportingpedia - Latest Sports News From All Over the World","article_modified_time":"2025-05-16T13:03:02+00:00","og_image":[{"url":"https:\/\/www.sportingpedia.com\/wp-content\/uploads\/2021\/02\/betting-sites-payment-methods_cost-and-fees.svg","type":"","width":"","height":""}],"twitter_card":"summary_large_image","twitter_misc":{"Dur\u00e9e de lecture estim\u00e9e":"7 minutes"},"schema":{"@context":"https:\/\/schema.org","@graph":[{"@type":"WebPage","@id":"https:\/\/www.sportingpedia.com\/fr\/horse-racing-betting\/standard-horse-racing-bets\/","url":"https:\/\/www.sportingpedia.com\/fr\/horse-racing-betting\/standard-horse-racing-bets\/","name":"Paris Hippiques Standard - Pari Gagnant, Pari Plac\u00e9, Pari Dans Les Trois, Pari Chaque C\u00f4t\u00e9","isPartOf":{"@id":"https:\/\/www.sportingpedia.com\/fr\/#website"},"primaryImageOfPage":{"@id":"https:\/\/www.sportingpedia.com\/fr\/horse-racing-betting\/standard-horse-racing-bets\/#primaryimage"},"image":{"@id":"https:\/\/www.sportingpedia.com\/fr\/horse-racing-betting\/standard-horse-racing-bets\/#primaryimage"},"thumbnailUrl":"https:\/\/www.sportingpedia.com\/wp-content\/uploads\/2021\/02\/betting-sites-payment-methods_cost-and-fees.svg","datePublished":"2025-04-10T07:45:13+00:00","dateModified":"2025-05-16T13:03:02+00:00","description":"Explications d\u00e9taill\u00e9es des paris hippiques standard. Nous abordons le pari gagnant, le pari plac\u00e9, le pari show, le pari chacun pour soi.","breadcrumb":{"@id":"https:\/\/www.sportingpedia.com\/fr\/horse-racing-betting\/standard-horse-racing-bets\/#breadcrumb"},"inLanguage":"fr-FR","potentialAction":[{"@type":"ReadAction","target":["https:\/\/www.sportingpedia.com\/fr\/horse-racing-betting\/standard-horse-racing-bets\/"]}]},{"@type":"ImageObject","inLanguage":"fr-FR","@id":"https:\/\/www.sportingpedia.com\/fr\/horse-racing-betting\/standard-horse-racing-bets\/#primaryimage","url":"https:\/\/www.sportingpedia.com\/wp-content\/uploads\/2021\/02\/betting-sites-payment-methods_cost-and-fees.svg","contentUrl":"https:\/\/www.sportingpedia.com\/wp-content\/uploads\/2021\/02\/betting-sites-payment-methods_cost-and-fees.svg"},{"@type":"BreadcrumbList","@id":"https:\/\/www.sportingpedia.com\/fr\/horse-racing-betting\/standard-horse-racing-bets\/#breadcrumb","itemListElement":[{"@type":"ListItem","position":1,"name":"Accueil","item":"https:\/\/www.sportingpedia.com\/fr\/home\/"},{"@type":"ListItem","position":2,"name":"Parier sur les Courses Hippiques","item":"https:\/\/www.sportingpedia.com\/fr\/horse-racing-betting\/"},{"@type":"ListItem","position":3,"name":"Paris Standard sur les Courses Hippiques"}]},{"@type":"WebSite","@id":"https:\/\/www.sportingpedia.com\/fr\/#website","url":"https:\/\/www.sportingpedia.com\/fr\/","name":"Sportingpedia - Latest Sports News From All Over the World","description":"","publisher":{"@id":"https:\/\/www.sportingpedia.com\/fr\/#organization"},"potentialAction":[{"@type":"SearchAction","target":{"@type":"EntryPoint","urlTemplate":"https:\/\/www.sportingpedia.com\/fr\/?s={search_term_string}"},"query-input":{"@type":"PropertyValueSpecification","valueRequired":true,"valueName":"search_term_string"}}],"inLanguage":"fr-FR"},{"@type":"Organization","@id":"https:\/\/www.sportingpedia.com\/fr\/#organization","name":"SportingPedia","url":"https:\/\/www.sportingpedia.com\/fr\/","logo":{"@type":"ImageObject","inLanguage":"fr-FR","@id":"https:\/\/www.sportingpedia.com\/fr\/#\/schema\/logo\/image\/","url":"https:\/\/www.sportingpedia.com\/wp-content\/uploads\/2019\/10\/SportingPedia_logo.png","contentUrl":"https:\/\/www.sportingpedia.com\/wp-content\/uploads\/2019\/10\/SportingPedia_logo.png","width":600,"height":101,"caption":"SportingPedia"},"image":{"@id":"https:\/\/www.sportingpedia.com\/fr\/#\/schema\/logo\/image\/"}}]}},"_links":{"self":[{"href":"https:\/\/www.sportingpedia.com\/fr\/wp-json\/wp\/v2\/pages\/118405","targetHints":{"allow":["GET"]}}],"collection":[{"href":"https:\/\/www.sportingpedia.com\/fr\/wp-json\/wp\/v2\/pages"}],"about":[{"href":"https:\/\/www.sportingpedia.com\/fr\/wp-json\/wp\/v2\/types\/page"}],"author":[{"embeddable":true,"href":"https:\/\/www.sportingpedia.com\/fr\/wp-json\/wp\/v2\/users\/17"}],"replies":[{"embeddable":true,"href":"https:\/\/www.sportingpedia.com\/fr\/wp-json\/wp\/v2\/comments?post=118405"}],"version-history":[{"count":1,"href":"https:\/\/www.sportingpedia.com\/fr\/wp-json\/wp\/v2\/pages\/118405\/revisions"}],"predecessor-version":[{"id":123089,"href":"https:\/\/www.sportingpedia.com\/fr\/wp-json\/wp\/v2\/pages\/118405\/revisions\/123089"}],"up":[{"embeddable":true,"href":"https:\/\/www.sportingpedia.com\/fr\/wp-json\/wp\/v2\/pages\/118237"}],"wp:attachment":[{"href":"https:\/\/www.sportingpedia.com\/fr\/wp-json\/wp\/v2\/media?parent=118405"}],"curies":[{"name":"wp","href":"https:\/\/api.w.org\/{rel}","templated":true}]}}