{"id":118407,"date":"2025-04-10T07:45:13","date_gmt":"2025-04-10T07:45:13","guid":{"rendered":"https:\/\/www.sportingpedia.com\/?page_id=118407"},"modified":"2025-05-16T13:36:39","modified_gmt":"2025-05-16T13:36:39","slug":"live-in-play-betting","status":"publish","type":"page","link":"https:\/\/www.sportingpedia.com\/fr\/horse-racing-betting\/live-in-play-betting\/","title":{"rendered":"Paris en Direct\/En Jeu"},"content":{"rendered":"<p><img decoding=\"async\" src=\"https:\/\/www.sportingpedia.com\/wp-content\/uploads\/2021\/02\/horse-racing-betting_in-play.svg\" alt=\"Paris en direct\/en cours\" width=\"300\" class=\"alignleft\" \/><strong>En relativement peu de temps, les paris en direct sont pass\u00e9s d&rsquo;une simple exp\u00e9rience \u00e0 une grande entreprise<\/strong>, une fonctionnalit\u00e9 que tout bookmaker en ligne digne de ce nom ne pourrait se permettre d&rsquo;ignorer. Les paris hippiques traditionnels offrent toujours une bonne quantit\u00e9 d&rsquo;options de paris, y compris des paris plac\u00e9s des jours ou des semaines avant un certain \u00e9v\u00e9nement ainsi que certains paris \u00e0 la veille de la course. Cependant, pour les parieurs d&rsquo;aujourd&rsquo;hui qui ont l&rsquo;habitude d&rsquo;un large choix, il est de plus en plus rare de consid\u00e9rer les paris simples Gagnant, Plac\u00e9 et Show comme suffisamment attractifs, ils recherchent donc invariablement des options plus stimulantes. Heureusement pour eux, nous vivons \u00e0 une \u00e9poque moderne o\u00f9 le progr\u00e8s technologique fait avancer de nombreux domaines, y compris les paris en cours de course.<\/p>\n\n<p>Cette fa\u00e7on de parier permet aux passionn\u00e9s de courses hippiques de placer <strong>une abondance de paris vari\u00e9s tout au long de la course<\/strong>, leur permettant ainsi de r\u00e9agir \u00e0 ce qui se passe actuellement et de modifier leurs paris initialement pr\u00e9vus en fonction des derni\u00e8res informations disponibles. Bien que vous puissiez faire quelques recherches pr\u00e9liminaires, avec les paris en direct, vous devez prendre des d\u00e9cisions imm\u00e9diates et ce n&rsquo;est en aucun cas une t\u00e2che facile lorsqu&rsquo;il s&rsquo;agit d&rsquo;un sport \u00e0 rythme rapide comme les courses de chevaux.<\/p>\n<ol class=\"bookies-grid\">\r\n\t<li>\r\n\t\t<a rel=\"nofollow\" target=\"_blank\" href=\"\/out\/mybookie?au&#x3D;138&amp;bp&#x3D;1\"<\/a>\r\n\t\t\t<figure>\r\n\t\t\t  \t<img decoding=\"async\" src=\"https:\/\/www.sportingpedia.com\/wp-content\/uploads\/logos\/lg-mybookie-logo.jpg\" width=\"110\" height=\"55\">\r\n\t\t\t<\/figure>\r\n\r\n\t\t\t<div>\r\n\t\t\t  \t<span class=\"bookie-name\">MyBookie<\/span>\r\n\r\n\t\t\t  \t<span class=\"bookie-rating\">Rating: 4.9 <b>&starf;<\/b><\/span>\r\n\t\t\t<\/div>\r\n\t\t<\/a>\r\n\t<\/li>\r\n\t<li>\r\n\t\t<a rel=\"nofollow\" target=\"_blank\" href=\"\/out\/bovada?au&#x3D;138&amp;bp&#x3D;2\"<\/a>\r\n\t\t\t<figure>\r\n\t\t\t  \t<img decoding=\"async\" src=\"https:\/\/www.sportingpedia.com\/wp-content\/uploads\/logos\/lg-bovada-logo.jpg\" width=\"110\" height=\"55\">\r\n\t\t\t<\/figure>\r\n\r\n\t\t\t<div>\r\n\t\t\t  \t<span class=\"bookie-name\">Bovada<\/span>\r\n\r\n\t\t\t  \t<span class=\"bookie-rating\">Rating: 4.8 <b>&starf;<\/b><\/span>\r\n\t\t\t<\/div>\r\n\t\t<\/a>\r\n\t<\/li>\r\n\t<li>\r\n\t\t<a rel=\"nofollow\" target=\"_blank\" href=\"\/out\/xbet?au&#x3D;138&amp;bp&#x3D;3\"<\/a>\r\n\t\t\t<figure>\r\n\t\t\t  \t<img decoding=\"async\" src=\"https:\/\/www.sportingpedia.com\/wp-content\/uploads\/logos\/lg-xbet-logo.jpg\" width=\"110\" height=\"55\">\r\n\t\t\t<\/figure>\r\n\r\n\t\t\t<div>\r\n\t\t\t  \t<span class=\"bookie-name\">XBet<\/span>\r\n\r\n\t\t\t  \t<span class=\"bookie-rating\">Rating: 4.7 <b>&starf;<\/b><\/span>\r\n\t\t\t<\/div>\r\n\t\t<\/a>\r\n\t<\/li>\r\n\t<li>\r\n\t\t<a rel=\"nofollow\" target=\"_blank\" href=\"\/out\/intertops?au&#x3D;138&amp;bp&#x3D;4\"<\/a>\r\n\t\t\t<figure>\r\n\t\t\t  \t<img decoding=\"async\" src=\"https:\/\/www.sportingpedia.com\/wp-content\/uploads\/logos\/lg-everygame-logo.webp\" width=\"110\" height=\"55\">\r\n\t\t\t<\/figure>\r\n\r\n\t\t\t<div>\r\n\t\t\t  \t<span class=\"bookie-name\">Everygame<\/span>\r\n\r\n\t\t\t  \t<span class=\"bookie-rating\">Rating: 4.6 <b>&starf;<\/b><\/span>\r\n\t\t\t<\/div>\r\n\t\t<\/a>\r\n\t<\/li>\r\n\t<li>\r\n\t\t<a rel=\"nofollow\" target=\"_blank\" href=\"\/out\/betusr?au&#x3D;138&amp;bp&#x3D;5\"<\/a>\r\n\t\t\t<figure>\r\n\t\t\t  \t<img decoding=\"async\" src=\"https:\/\/www.sportingpedia.com\/wp-content\/uploads\/logos\/lg-betusr-logo.jpg\" width=\"110\" height=\"55\">\r\n\t\t\t<\/figure>\r\n\r\n\t\t\t<div>\r\n\t\t\t  \t<span class=\"bookie-name\">BetUSR<\/span>\r\n\r\n\t\t\t  \t<span class=\"bookie-rating\">Rating: 4.5 <b>&starf;<\/b><\/span>\r\n\t\t\t<\/div>\r\n\t\t<\/a>\r\n\t<\/li>\r\n\t<li>\r\n\t\t<a rel=\"nofollow\" target=\"_blank\" href=\"\/out\/vave?au&#x3D;138&amp;bp&#x3D;6\"<\/a>\r\n\t\t\t<figure>\r\n\t\t\t  \t<img decoding=\"async\" src=\"https:\/\/www.sportingpedia.com\/wp-content\/uploads\/logos\/lg-vave-logo.webp\" width=\"110\" height=\"55\">\r\n\t\t\t<\/figure>\r\n\r\n\t\t\t<div>\r\n\t\t\t  \t<span class=\"bookie-name\">Vave<\/span>\r\n\r\n\t\t\t  \t<span class=\"bookie-rating\">Rating: 4.4 <b>&starf;<\/b><\/span>\r\n\t\t\t<\/div>\r\n\t\t<\/a>\r\n\t<\/li>\r\n<\/ol><script>\n  setTimeout(function(){\n    if(!document.getElementById('JasHAAffsaMosaAdsANa2i')) {\n      jQuery('a[target=\"_blank\"]').removeAttr('target');\n    }\n  }, 1000);\n<\/script>\n\n<h2 id=\"peculiarities\">Particularit\u00e9s des Paris Hippiques en Direct<\/h2>\n<p><img decoding=\"async\" src=\"https:\/\/www.sportingpedia.com\/wp-content\/uploads\/2021\/02\/horse-racing-betting_intro.svg\" alt=\"Illustration d'un casque vert avec des lignes de mouvement rapide.\" width=\"300\" class=\"alignleft\" \/>En ce qui concerne les plateformes de paris qui ont inclus les <strong>paris hippiques en direct<\/strong>, elles fonctionnent toutes de mani\u00e8re similaire. Bien que cela soit \u00e9galement vrai pour d&rsquo;autres sports, lorsqu&rsquo;il s&rsquo;agit de parier sur les courses de chevaux, le temps est vraiment crucial. Vous devez traiter l&rsquo;information extr\u00eamement rapidement, car les cotes du ou des concurrents que vous suivez peuvent augmenter ou baisser consid\u00e9rablement en moins d&rsquo;une minute.<\/p>\n<p>Si pour une raison quelconque, selon les cotes du matin, un certain cheval est le grand favori mais que vous avez regard\u00e9 ses derni\u00e8res courses et doutez qu&rsquo;il ait assez de puissance pour maintenir sa pouss\u00e9e initiale, mieux vaut se d\u00e9p\u00eacher et placer un pari en \u00ab\u00a0lay\u00a0\u00bb avant que les cotes ne commencent \u00e0 changer. Une autre situation possible est qu&rsquo;un cheval bien en retrait dans le peloton puisse r\u00e9aliser un sprint final et r\u00e9organiser le classement au dernier moment. Si vous pouvez pr\u00e9voir cela suffisamment t\u00f4t et <strong>placer votre pari \u00ab\u00a0Win\u00a0\u00bb sur ce cheval particulier \u00e0 temps, vous b\u00e9n\u00e9ficierez probablement d&rsquo;un gros gain<\/strong>.<\/p>\n<p>Gardez \u00e0 l&rsquo;esprit qu&rsquo;il y a toujours un certain d\u00e9calage entre le moment o\u00f9 vous placez un pari et sa confirmation r\u00e9elle. Lorsque les parieurs font un pari en direct, ils doivent attendre quelques secondes avant de recevoir une notification que le pari a \u00e9t\u00e9 fait. C&rsquo;est ainsi que les bookmakers s&rsquo;assurent que <strong>les cotes propos\u00e9es refl\u00e8tent valablement le d\u00e9roulement de l&rsquo;\u00e9v\u00e9nement<\/strong>. En fait, les paris hippiques en direct sont une sorte de comp\u00e9tition entre la strat\u00e9gie commerciale de l&rsquo;op\u00e9rateur et les comp\u00e9tences des passionn\u00e9s de jeux en ligne pour suivre le d\u00e9roulement rapide des courses.<\/p>\n<p>Parmi les diff\u00e9rents types de courses hippiques, celles impliquant des obstacles verront probablement <strong>les plus grandes fluctuations des cotes<\/strong>. Non seulement les courses sont plus longues, ce qui conduit parfois \u00e0 la fatigue des chevaux, mais les obstacles pr\u00e9disposent \u00e9galement \u00e0 plus d&rsquo;erreurs, et donc \u00e0 un changement brutal de favori.<\/p>\n<h2 id=\"cash_out\">Encaissement et Encaissement Partiel<\/h2>\n<p><img decoding=\"async\" src=\"https:\/\/www.sportingpedia.com\/wp-content\/uploads\/2021\/02\/betting-sites-payment-methods_withdrawing-from-balance.svg\" alt=\"Encaissement et Encaissement Partiel\" width=\"300\" class=\"alignleft\" \/>Il va sans dire que tant <strong>les encaissements complets que partiels offrent aux parieurs un plus grand degr\u00e9 de contr\u00f4le<\/strong> et \u00e9galement la possibilit\u00e9 de minimiser les effets ind\u00e9sirables de certains \u00e9v\u00e9nements inattendus. Il peut y avoir toutes les conditions n\u00e9cessaires pour que les chevaux list\u00e9s dans votre pari Pick 4 remportent leurs courses. Cependant, le temps peut soudainement se d\u00e9grader et la pluie adoucir la piste. Vous pouvez avoir l&rsquo;opportunit\u00e9 d&rsquo;encaisser avant la quatri\u00e8me course et ainsi vous \u00e9viter une perte au cas o\u00f9 votre cheval de choix ne performerait pas bien sur une piste mouill\u00e9e. Les parieurs choisissant d&rsquo;utiliser une option d&rsquo;\u00ab encaissement \u00bb rencontrent \u00e9galement un d\u00e9lai entre la pression du bouton d&rsquo;encaissement et la r\u00e9ception de la confirmation que la transaction a \u00e9t\u00e9 trait\u00e9e.<\/p>\n<p>En ce qui concerne l&rsquo;encaissement partiel, il permet aux parieurs de d\u00e9cider combien de leur mise encaisser et combien laisser jusqu&rsquo;\u00e0 ce que le pari soit r\u00e9gl\u00e9. Imaginez que vous misiez 10 $ sur deux \u00e9v\u00e9nements dans un Daily Double pour un retour de 40 $ et que le premier pari s&rsquo;av\u00e8re gagnant. Vous avez le choix d&rsquo;encaisser 10 $, <strong>mettant votre mise initiale en s\u00e9curit\u00e9<\/strong> et laissant les autres 10 $ sur le deuxi\u00e8me cheval pour un retour de 20 $ si votre pr\u00e9diction est correcte. Notre exemple couvre le type de pari Daily Double assez simple, mais il est \u00e9galement b\u00e9n\u00e9fique pour de gros accumulateurs co\u00fbteux. Vous pouvez retirer un petit pourcentage et couvrir votre mise initiale plus une petite somme mais laisser la plus grande partie courir pour \u00e9ventuellement atteindre <strong>un \u00e9norme gain sans vous soucier d&rsquo;\u00e9puiser votre cagnotte<\/strong>.<\/p>\n<p>Gardez \u00e0 l&rsquo;esprit, cependant, que les cotes d&rsquo;encaissement ne sont g\u00e9n\u00e9ralement pas si lucratives. Le retour possible n&rsquo;est pas si tentant si la course vient de commencer ou m\u00eame avant que les chevaux ne soient sur la piste. <strong>Plus vous attendez avant d&rsquo;initier un encaissement, plus les cotes seront b\u00e9n\u00e9fiques<\/strong>. D&rsquo;autre part, avec chaque seconde qui passe, il devient de plus en plus probable que le pari bascule et que vous vous retrouviez les mains vides.<\/p>\n<h2 id=\"live\">Streaming en Direct<\/h2>\n<p><img decoding=\"async\" src=\"https:\/\/www.sportingpedia.com\/wp-content\/uploads\/2021\/02\/nfl-betting-fundamentals_the-right-time-to-bet.svg\" alt=\"Particularit\u00e9s des paris en direct sur les courses de chevaux\" width=\"300\" class=\"alignleft\" \/>Une autre fonctionnalit\u00e9 qui va de pair avec les paris hippiques en direct est le streaming en direct. La mise en \u0153uvre des diffusions en direct est l&rsquo;un des facteurs qui ont contribu\u00e9 \u00e0 l&rsquo;essor des plateformes de paris en ligne ces derni\u00e8res ann\u00e9es. Il y a quelques d\u00e9cennies, les courses de chevaux \u00e9taient uniquement diffus\u00e9es en direct dans des locaux de paris physiques. Heureusement, cet \u00e9l\u00e9ment recherch\u00e9 des paris sportifs en ligne n&rsquo;est plus une exception et la plupart des grandes marques de jeux d&rsquo;argent l&rsquo;ont inclus dans leurs portefeuilles. De plus, <strong>les parieurs n&rsquo;ont pas besoin de payer de frais suppl\u00e9mentaires<\/strong> pour regarder les passionnantes courses de chevaux. Comme vous pouvez le voir sur l&rsquo;image ci-dessous, dans la plupart des cas, vous serez invit\u00e9 \u00e0 vous connecter \u00e0 votre compte avant d&rsquo;acc\u00e9der \u00e0 la diffusion en direct.<\/p>\n<p><strong>Le streaming en direct permet aux amateurs de paris de ressentir l&rsquo;esprit de l&rsquo;\u00e9v\u00e9nement<\/strong> car ils voient de leurs propres yeux ce qui se passe sur la piste. Par exemple, en regardant la premi\u00e8re course de la journ\u00e9e, vous aurez une id\u00e9e de la mani\u00e8re dont le reste de la journ\u00e9e est cens\u00e9 se d\u00e9rouler. Imaginez que les pr\u00e9visions m\u00e9t\u00e9orologiques avant la course annon\u00e7aient un temps nuageux, mais que sur l&rsquo;\u00e9cran, vous voyez qu&rsquo;il commence \u00e0 pleuvoir.<\/p>\n<p>Cela changera votre strat\u00e9gie de pari pour la journ\u00e9e, n&rsquo;est-ce pas ?<\/p>\n<h2 id=\"final\">Mots de la fin<\/h2>\n<p><img decoding=\"async\" src=\"https:\/\/www.sportingpedia.com\/wp-content\/uploads\/2021\/02\/football-betting-calculating-bookmaker-commission_conclusion.svg\" alt=\"Mots de la fin\" width=\"300\" class=\"alignleft\" \/>Il faut beaucoup de temps et d&rsquo;efforts pour acqu\u00e9rir les comp\u00e9tences n\u00e9cessaires \u00e0 <strong>une exp\u00e9rience r\u00e9ussie de paris en direct<\/strong>. Cependant, si vous \u00eates suffisamment patient, cela peut rapporter assez bien, alors lancez-vous.<\/p>\n","protected":false},"excerpt":{"rendered":"<p>En relativement peu de temps, les paris en direct sont pass\u00e9s d&rsquo;une simple exp\u00e9rience \u00e0 une grande entreprise, une fonctionnalit\u00e9 que tout bookmaker en ligne digne de ce nom ne pourrait se permettre d&rsquo;ignorer. Les paris hippiques traditionnels offrent toujours une bonne quantit\u00e9 d&rsquo;options de paris, y compris des paris plac\u00e9s des jours ou des [&hellip;]<\/p>\n","protected":false},"author":17,"featured_media":0,"parent":118237,"menu_order":400,"comment_status":"closed","ping_status":"closed","template":"template-guide-page.php","meta":{"footnotes":""},"class_list":["post-118407","page","type-page","status-publish","hentry"],"yoast_head":"<!-- This site is optimized with the Yoast SEO plugin v26.6 - https:\/\/yoast.com\/wordpress\/plugins\/seo\/ -->\n<title>Paris en Direct\/Live sur les Courses Hippiques - Particularit\u00e9s, Cash Out, Streaming en Direct<\/title>\n<meta name=\"description\" content=\"Les paris en direct\/en cours de jeu permettent aux passionn\u00e9s de courses hippiques de placer une multitude de paris vari\u00e9s tout au long de la course, leur offrant ainsi la possibilit\u00e9 de r\u00e9agir \u00e0 ce qui se passe actuellement et de modifier leurs paris initialement pr\u00e9vus en fonction des derni\u00e8res informations disponibles.\" \/>\n<meta name=\"robots\" content=\"index, follow, max-snippet:-1, max-image-preview:large, max-video-preview:-1\" \/>\n<link rel=\"canonical\" href=\"https:\/\/www.sportingpedia.com\/fr\/horse-racing-betting\/live-in-play-betting\/\" \/>\n<meta property=\"og:locale\" content=\"fr_FR\" \/>\n<meta property=\"og:type\" content=\"article\" \/>\n<meta property=\"og:title\" content=\"Paris en Direct\/Live sur les Courses Hippiques - Particularit\u00e9s, Cash Out, Streaming en Direct\" \/>\n<meta property=\"og:description\" content=\"Les paris en direct\/en cours de jeu permettent aux passionn\u00e9s de courses hippiques de placer une multitude de paris vari\u00e9s tout au long de la course, leur offrant ainsi la possibilit\u00e9 de r\u00e9agir \u00e0 ce qui se passe actuellement et de modifier leurs paris initialement pr\u00e9vus en fonction des derni\u00e8res informations disponibles.\" \/>\n<meta property=\"og:url\" content=\"https:\/\/www.sportingpedia.com\/fr\/horse-racing-betting\/live-in-play-betting\/\" \/>\n<meta property=\"og:site_name\" content=\"Sportingpedia - Latest Sports News From All Over the World\" \/>\n<meta property=\"article:modified_time\" content=\"2025-05-16T13:36:39+00:00\" \/>\n<meta property=\"og:image\" content=\"https:\/\/www.sportingpedia.com\/wp-content\/uploads\/2021\/02\/horse-racing-betting_in-play.svg\" \/>\n<meta name=\"twitter:card\" content=\"summary_large_image\" \/>\n<meta name=\"twitter:label1\" content=\"Dur\u00e9e de lecture estim\u00e9e\" \/>\n\t<meta name=\"twitter:data1\" content=\"7 minutes\" \/>\n<script type=\"application\/ld+json\" class=\"yoast-schema-graph\">{\"@context\":\"https:\/\/schema.org\",\"@graph\":[{\"@type\":\"WebPage\",\"@id\":\"https:\/\/www.sportingpedia.com\/fr\/horse-racing-betting\/live-in-play-betting\/\",\"url\":\"https:\/\/www.sportingpedia.com\/fr\/horse-racing-betting\/live-in-play-betting\/\",\"name\":\"Paris en Direct\/Live sur les Courses Hippiques - Particularit\u00e9s, Cash Out, Streaming en Direct\",\"isPartOf\":{\"@id\":\"https:\/\/www.sportingpedia.com\/fr\/#website\"},\"primaryImageOfPage\":{\"@id\":\"https:\/\/www.sportingpedia.com\/fr\/horse-racing-betting\/live-in-play-betting\/#primaryimage\"},\"image\":{\"@id\":\"https:\/\/www.sportingpedia.com\/fr\/horse-racing-betting\/live-in-play-betting\/#primaryimage\"},\"thumbnailUrl\":\"https:\/\/www.sportingpedia.com\/wp-content\/uploads\/2021\/02\/horse-racing-betting_in-play.svg\",\"datePublished\":\"2025-04-10T07:45:13+00:00\",\"dateModified\":\"2025-05-16T13:36:39+00:00\",\"description\":\"Les paris en direct\/en cours de jeu permettent aux passionn\u00e9s de courses hippiques de placer une multitude de paris vari\u00e9s tout au long de la course, leur offrant ainsi la possibilit\u00e9 de r\u00e9agir \u00e0 ce qui se passe actuellement et de modifier leurs paris initialement pr\u00e9vus en fonction des derni\u00e8res informations disponibles.\",\"breadcrumb\":{\"@id\":\"https:\/\/www.sportingpedia.com\/fr\/horse-racing-betting\/live-in-play-betting\/#breadcrumb\"},\"inLanguage\":\"fr-FR\",\"potentialAction\":[{\"@type\":\"ReadAction\",\"target\":[\"https:\/\/www.sportingpedia.com\/fr\/horse-racing-betting\/live-in-play-betting\/\"]}]},{\"@type\":\"ImageObject\",\"inLanguage\":\"fr-FR\",\"@id\":\"https:\/\/www.sportingpedia.com\/fr\/horse-racing-betting\/live-in-play-betting\/#primaryimage\",\"url\":\"https:\/\/www.sportingpedia.com\/wp-content\/uploads\/2021\/02\/horse-racing-betting_in-play.svg\",\"contentUrl\":\"https:\/\/www.sportingpedia.com\/wp-content\/uploads\/2021\/02\/horse-racing-betting_in-play.svg\"},{\"@type\":\"BreadcrumbList\",\"@id\":\"https:\/\/www.sportingpedia.com\/fr\/horse-racing-betting\/live-in-play-betting\/#breadcrumb\",\"itemListElement\":[{\"@type\":\"ListItem\",\"position\":1,\"name\":\"Accueil\",\"item\":\"https:\/\/www.sportingpedia.com\/fr\/home\/\"},{\"@type\":\"ListItem\",\"position\":2,\"name\":\"Parier sur les Courses Hippiques\",\"item\":\"https:\/\/www.sportingpedia.com\/fr\/horse-racing-betting\/\"},{\"@type\":\"ListItem\",\"position\":3,\"name\":\"Paris en Direct\/En Jeu\"}]},{\"@type\":\"WebSite\",\"@id\":\"https:\/\/www.sportingpedia.com\/fr\/#website\",\"url\":\"https:\/\/www.sportingpedia.com\/fr\/\",\"name\":\"Sportingpedia - Latest Sports News From All Over the World\",\"description\":\"\",\"publisher\":{\"@id\":\"https:\/\/www.sportingpedia.com\/fr\/#organization\"},\"potentialAction\":[{\"@type\":\"SearchAction\",\"target\":{\"@type\":\"EntryPoint\",\"urlTemplate\":\"https:\/\/www.sportingpedia.com\/fr\/?s={search_term_string}\"},\"query-input\":{\"@type\":\"PropertyValueSpecification\",\"valueRequired\":true,\"valueName\":\"search_term_string\"}}],\"inLanguage\":\"fr-FR\"},{\"@type\":\"Organization\",\"@id\":\"https:\/\/www.sportingpedia.com\/fr\/#organization\",\"name\":\"SportingPedia\",\"url\":\"https:\/\/www.sportingpedia.com\/fr\/\",\"logo\":{\"@type\":\"ImageObject\",\"inLanguage\":\"fr-FR\",\"@id\":\"https:\/\/www.sportingpedia.com\/fr\/#\/schema\/logo\/image\/\",\"url\":\"https:\/\/www.sportingpedia.com\/wp-content\/uploads\/2019\/10\/SportingPedia_logo.png\",\"contentUrl\":\"https:\/\/www.sportingpedia.com\/wp-content\/uploads\/2019\/10\/SportingPedia_logo.png\",\"width\":600,\"height\":101,\"caption\":\"SportingPedia\"},\"image\":{\"@id\":\"https:\/\/www.sportingpedia.com\/fr\/#\/schema\/logo\/image\/\"}}]}<\/script>\n<!-- \/ Yoast SEO plugin. -->","yoast_head_json":{"title":"Paris en Direct\/Live sur les Courses Hippiques - Particularit\u00e9s, Cash Out, Streaming en Direct","description":"Les paris en direct\/en cours de jeu permettent aux passionn\u00e9s de courses hippiques de placer une multitude de paris vari\u00e9s tout au long de la course, leur offrant ainsi la possibilit\u00e9 de r\u00e9agir \u00e0 ce qui se passe actuellement et de modifier leurs paris initialement pr\u00e9vus en fonction des derni\u00e8res informations disponibles.","robots":{"index":"index","follow":"follow","max-snippet":"max-snippet:-1","max-image-preview":"max-image-preview:large","max-video-preview":"max-video-preview:-1"},"canonical":"https:\/\/www.sportingpedia.com\/fr\/horse-racing-betting\/live-in-play-betting\/","og_locale":"fr_FR","og_type":"article","og_title":"Paris en Direct\/Live sur les Courses Hippiques - Particularit\u00e9s, Cash Out, Streaming en Direct","og_description":"Les paris en direct\/en cours de jeu permettent aux passionn\u00e9s de courses hippiques de placer une multitude de paris vari\u00e9s tout au long de la course, leur offrant ainsi la possibilit\u00e9 de r\u00e9agir \u00e0 ce qui se passe actuellement et de modifier leurs paris initialement pr\u00e9vus en fonction des derni\u00e8res informations disponibles.","og_url":"https:\/\/www.sportingpedia.com\/fr\/horse-racing-betting\/live-in-play-betting\/","og_site_name":"Sportingpedia - Latest Sports News From All Over the World","article_modified_time":"2025-05-16T13:36:39+00:00","og_image":[{"url":"https:\/\/www.sportingpedia.com\/wp-content\/uploads\/2021\/02\/horse-racing-betting_in-play.svg","type":"","width":"","height":""}],"twitter_card":"summary_large_image","twitter_misc":{"Dur\u00e9e de lecture estim\u00e9e":"7 minutes"},"schema":{"@context":"https:\/\/schema.org","@graph":[{"@type":"WebPage","@id":"https:\/\/www.sportingpedia.com\/fr\/horse-racing-betting\/live-in-play-betting\/","url":"https:\/\/www.sportingpedia.com\/fr\/horse-racing-betting\/live-in-play-betting\/","name":"Paris en Direct\/Live sur les Courses Hippiques - Particularit\u00e9s, Cash Out, Streaming en Direct","isPartOf":{"@id":"https:\/\/www.sportingpedia.com\/fr\/#website"},"primaryImageOfPage":{"@id":"https:\/\/www.sportingpedia.com\/fr\/horse-racing-betting\/live-in-play-betting\/#primaryimage"},"image":{"@id":"https:\/\/www.sportingpedia.com\/fr\/horse-racing-betting\/live-in-play-betting\/#primaryimage"},"thumbnailUrl":"https:\/\/www.sportingpedia.com\/wp-content\/uploads\/2021\/02\/horse-racing-betting_in-play.svg","datePublished":"2025-04-10T07:45:13+00:00","dateModified":"2025-05-16T13:36:39+00:00","description":"Les paris en direct\/en cours de jeu permettent aux passionn\u00e9s de courses hippiques de placer une multitude de paris vari\u00e9s tout au long de la course, leur offrant ainsi la possibilit\u00e9 de r\u00e9agir \u00e0 ce qui se passe actuellement et de modifier leurs paris initialement pr\u00e9vus en fonction des derni\u00e8res informations disponibles.","breadcrumb":{"@id":"https:\/\/www.sportingpedia.com\/fr\/horse-racing-betting\/live-in-play-betting\/#breadcrumb"},"inLanguage":"fr-FR","potentialAction":[{"@type":"ReadAction","target":["https:\/\/www.sportingpedia.com\/fr\/horse-racing-betting\/live-in-play-betting\/"]}]},{"@type":"ImageObject","inLanguage":"fr-FR","@id":"https:\/\/www.sportingpedia.com\/fr\/horse-racing-betting\/live-in-play-betting\/#primaryimage","url":"https:\/\/www.sportingpedia.com\/wp-content\/uploads\/2021\/02\/horse-racing-betting_in-play.svg","contentUrl":"https:\/\/www.sportingpedia.com\/wp-content\/uploads\/2021\/02\/horse-racing-betting_in-play.svg"},{"@type":"BreadcrumbList","@id":"https:\/\/www.sportingpedia.com\/fr\/horse-racing-betting\/live-in-play-betting\/#breadcrumb","itemListElement":[{"@type":"ListItem","position":1,"name":"Accueil","item":"https:\/\/www.sportingpedia.com\/fr\/home\/"},{"@type":"ListItem","position":2,"name":"Parier sur les Courses Hippiques","item":"https:\/\/www.sportingpedia.com\/fr\/horse-racing-betting\/"},{"@type":"ListItem","position":3,"name":"Paris en Direct\/En Jeu"}]},{"@type":"WebSite","@id":"https:\/\/www.sportingpedia.com\/fr\/#website","url":"https:\/\/www.sportingpedia.com\/fr\/","name":"Sportingpedia - Latest Sports News From All Over the World","description":"","publisher":{"@id":"https:\/\/www.sportingpedia.com\/fr\/#organization"},"potentialAction":[{"@type":"SearchAction","target":{"@type":"EntryPoint","urlTemplate":"https:\/\/www.sportingpedia.com\/fr\/?s={search_term_string}"},"query-input":{"@type":"PropertyValueSpecification","valueRequired":true,"valueName":"search_term_string"}}],"inLanguage":"fr-FR"},{"@type":"Organization","@id":"https:\/\/www.sportingpedia.com\/fr\/#organization","name":"SportingPedia","url":"https:\/\/www.sportingpedia.com\/fr\/","logo":{"@type":"ImageObject","inLanguage":"fr-FR","@id":"https:\/\/www.sportingpedia.com\/fr\/#\/schema\/logo\/image\/","url":"https:\/\/www.sportingpedia.com\/wp-content\/uploads\/2019\/10\/SportingPedia_logo.png","contentUrl":"https:\/\/www.sportingpedia.com\/wp-content\/uploads\/2019\/10\/SportingPedia_logo.png","width":600,"height":101,"caption":"SportingPedia"},"image":{"@id":"https:\/\/www.sportingpedia.com\/fr\/#\/schema\/logo\/image\/"}}]}},"_links":{"self":[{"href":"https:\/\/www.sportingpedia.com\/fr\/wp-json\/wp\/v2\/pages\/118407","targetHints":{"allow":["GET"]}}],"collection":[{"href":"https:\/\/www.sportingpedia.com\/fr\/wp-json\/wp\/v2\/pages"}],"about":[{"href":"https:\/\/www.sportingpedia.com\/fr\/wp-json\/wp\/v2\/types\/page"}],"author":[{"embeddable":true,"href":"https:\/\/www.sportingpedia.com\/fr\/wp-json\/wp\/v2\/users\/17"}],"replies":[{"embeddable":true,"href":"https:\/\/www.sportingpedia.com\/fr\/wp-json\/wp\/v2\/comments?post=118407"}],"version-history":[{"count":2,"href":"https:\/\/www.sportingpedia.com\/fr\/wp-json\/wp\/v2\/pages\/118407\/revisions"}],"predecessor-version":[{"id":128384,"href":"https:\/\/www.sportingpedia.com\/fr\/wp-json\/wp\/v2\/pages\/118407\/revisions\/128384"}],"up":[{"embeddable":true,"href":"https:\/\/www.sportingpedia.com\/fr\/wp-json\/wp\/v2\/pages\/118237"}],"wp:attachment":[{"href":"https:\/\/www.sportingpedia.com\/fr\/wp-json\/wp\/v2\/media?parent=118407"}],"curies":[{"name":"wp","href":"https:\/\/api.w.org\/{rel}","templated":true}]}}