{"id":118410,"date":"2025-04-10T07:45:14","date_gmt":"2025-04-10T07:45:14","guid":{"rendered":"https:\/\/www.sportingpedia.com\/?page_id=118410"},"modified":"2025-12-04T10:25:32","modified_gmt":"2025-12-04T10:25:32","slug":"mma-standard-bets","status":"publish","type":"page","link":"https:\/\/www.sportingpedia.com\/fr\/mma-betting\/mma-standard-bets\/","title":{"rendered":"Paris Standard MMA"},"content":{"rendered":"<p><img decoding=\"async\" src=\"https:\/\/www.sportingpedia.com\/wp-content\/uploads\/2021\/02\/mma-betting_intro.svg\" alt=\"Paris Standards MMA\" width=\"300\" height=\"150\" class=\"alignleft\">Habituellement, les soir\u00e9es UFC comprennent plusieurs combats et vous offrent ainsi des heures d&rsquo;action et d&rsquo;excitation. L&rsquo;essence des arts martiaux mixtes implique l&rsquo;existence de diff\u00e9rents types de paris qui vont bien au-del\u00e0 de l&rsquo;option consistant \u00e0 parier sur le vainqueur du combat. Le sport permet aux parieurs de tester leurs comp\u00e9tences \u00e0 travers <strong>diff\u00e9rents types de paris standard et de paris sp\u00e9ciaux<\/strong> ; si vous souhaitez devenir un parieur MMA accompli, vous devez bien comprendre chacun d&rsquo;eux. Le principal objectif de cet article est de vous pr\u00e9senter les march\u00e9s de paris MMA conventionnels avec lesquels il est conseill\u00e9 de commencer votre parcours dans le domaine des paris sur les arts martiaux mixtes. Nous expliquons les principaux aspects de chaque march\u00e9, accompagn\u00e9s de quelques <strong>conseils de paris MMA<\/strong>, afin de vous aider \u00e0 vivre une exp\u00e9rience de pari sportif agr\u00e9able et fructueuse.<\/p>\n\n<ol class=\"bookies-grid\">\r\n\t<li>\r\n\t\t<a rel=\"nofollow\" target=\"_blank\" href=\"\/out\/mybookie?au&#x3D;138&amp;bp&#x3D;1\"<\/a>\r\n\t\t\t<figure>\r\n\t\t\t  \t<img decoding=\"async\" src=\"https:\/\/www.sportingpedia.com\/wp-content\/uploads\/logos\/lg-mybookie-logo.jpg\" width=\"110\" height=\"55\">\r\n\t\t\t<\/figure>\r\n\r\n\t\t\t<div>\r\n\t\t\t  \t<span class=\"bookie-name\">MyBookie<\/span>\r\n\r\n\t\t\t  \t<span class=\"bookie-rating\">Rating: 4.9 <b>&starf;<\/b><\/span>\r\n\t\t\t<\/div>\r\n\t\t<\/a>\r\n\t<\/li>\r\n\t<li>\r\n\t\t<a rel=\"nofollow\" target=\"_blank\" href=\"\/out\/bovada?au&#x3D;138&amp;bp&#x3D;2\"<\/a>\r\n\t\t\t<figure>\r\n\t\t\t  \t<img decoding=\"async\" src=\"https:\/\/www.sportingpedia.com\/wp-content\/uploads\/logos\/lg-bovada-logo.jpg\" width=\"110\" height=\"55\">\r\n\t\t\t<\/figure>\r\n\r\n\t\t\t<div>\r\n\t\t\t  \t<span class=\"bookie-name\">Bovada<\/span>\r\n\r\n\t\t\t  \t<span class=\"bookie-rating\">Rating: 4.8 <b>&starf;<\/b><\/span>\r\n\t\t\t<\/div>\r\n\t\t<\/a>\r\n\t<\/li>\r\n\t<li>\r\n\t\t<a rel=\"nofollow\" target=\"_blank\" href=\"\/out\/xbet?au&#x3D;138&amp;bp&#x3D;3\"<\/a>\r\n\t\t\t<figure>\r\n\t\t\t  \t<img decoding=\"async\" src=\"https:\/\/www.sportingpedia.com\/wp-content\/uploads\/logos\/lg-xbet-logo.jpg\" width=\"110\" height=\"55\">\r\n\t\t\t<\/figure>\r\n\r\n\t\t\t<div>\r\n\t\t\t  \t<span class=\"bookie-name\">XBet<\/span>\r\n\r\n\t\t\t  \t<span class=\"bookie-rating\">Rating: 4.7 <b>&starf;<\/b><\/span>\r\n\t\t\t<\/div>\r\n\t\t<\/a>\r\n\t<\/li>\r\n\t<li>\r\n\t\t<a rel=\"nofollow\" target=\"_blank\" href=\"\/out\/intertops?au&#x3D;138&amp;bp&#x3D;4\"<\/a>\r\n\t\t\t<figure>\r\n\t\t\t  \t<img decoding=\"async\" src=\"https:\/\/www.sportingpedia.com\/wp-content\/uploads\/logos\/lg-everygame-logo.webp\" width=\"110\" height=\"55\">\r\n\t\t\t<\/figure>\r\n\r\n\t\t\t<div>\r\n\t\t\t  \t<span class=\"bookie-name\">Everygame<\/span>\r\n\r\n\t\t\t  \t<span class=\"bookie-rating\">Rating: 4.6 <b>&starf;<\/b><\/span>\r\n\t\t\t<\/div>\r\n\t\t<\/a>\r\n\t<\/li>\r\n\t<li>\r\n\t\t<a rel=\"nofollow\" target=\"_blank\" href=\"\/out\/betusr?au&#x3D;138&amp;bp&#x3D;5\"<\/a>\r\n\t\t\t<figure>\r\n\t\t\t  \t<img decoding=\"async\" src=\"https:\/\/www.sportingpedia.com\/wp-content\/uploads\/logos\/lg-betusr-logo.jpg\" width=\"110\" height=\"55\">\r\n\t\t\t<\/figure>\r\n\r\n\t\t\t<div>\r\n\t\t\t  \t<span class=\"bookie-name\">BetUSR<\/span>\r\n\r\n\t\t\t  \t<span class=\"bookie-rating\">Rating: 4.5 <b>&starf;<\/b><\/span>\r\n\t\t\t<\/div>\r\n\t\t<\/a>\r\n\t<\/li>\r\n\t<li>\r\n\t\t<a rel=\"nofollow\" target=\"_blank\" href=\"\/out\/vave?au&#x3D;138&amp;bp&#x3D;6\"<\/a>\r\n\t\t\t<figure>\r\n\t\t\t  \t<img decoding=\"async\" src=\"https:\/\/www.sportingpedia.com\/wp-content\/uploads\/logos\/lg-vave-logo.webp\" width=\"110\" height=\"55\">\r\n\t\t\t<\/figure>\r\n\r\n\t\t\t<div>\r\n\t\t\t  \t<span class=\"bookie-name\">Vave<\/span>\r\n\r\n\t\t\t  \t<span class=\"bookie-rating\">Rating: 4.4 <b>&starf;<\/b><\/span>\r\n\t\t\t<\/div>\r\n\t\t<\/a>\r\n\t<\/li>\r\n<\/ol><script>\n  setTimeout(function(){\n    if(!document.getElementById('JasHAAffsaMosaAdsANa2i')) {\n      jQuery('a[target=\"_blank\"]').removeAttr('target');\n    }\n  }, 1000);\n<\/script>\n\n<h2 id=\"moneyline\">Pari Moneyline MMA<\/h2>\n<p><img decoding=\"async\" src=\"https:\/\/www.sportingpedia.com\/wp-content\/uploads\/2021\/02\/mma-betting_moneyline-bet.svg\" alt=\"Pari Moneyline\" width=\"300\" height=\"150\" class=\"alignleft\">\u00c9galement connu sous le nom de pari vainqueur direct, c&rsquo;est le type de mise le plus r\u00e9pandu parmi les amateurs de paris, car il est le plus facile \u00e0 comprendre. Comme son nom l&rsquo;indique, ce march\u00e9 vous demande de pr\u00e9dire <strong>le combattant qui va vaincre son adversaire<\/strong>, quel que soit le mode de victoire ou le moment de l&rsquo;\u00e9v\u00e9nement o\u00f9 elle survient. Bien qu&rsquo;un r\u00e9sultat nul soit tr\u00e8s rare, il reste possible et certains bookmakers en ligne acceptent les paris sur cette option. Dans un tel cas, le march\u00e9 est appel\u00e9 Moneyline \u00e0 3 issues et se pr\u00e9sente comme suit\u202f:<\/p>\n<table class=\"previewTable\">\n<tbody>\n<tr>\n<th colspan=\"2\">Moneyline \u00e0 3 issues<\/th>\n<\/tr>\n<tr>\n<td style=\"text-align: center\"><strong>R\u00e9sultat<\/strong><\/td>\n<td style=\"text-align: center\"><strong>Cotes de pari<\/strong><\/td>\n<\/tr>\n<tr>\n<td>Alexander Volkanovski vainqueur<\/td>\n<td>1,12 (- 833)<\/td>\n<\/tr>\n<tr>\n<td>Nul<\/td>\n<td>81,00 (+ 8000)<\/td>\n<\/tr>\n<tr>\n<td>Chan-Sung Jung vainqueur<\/td>\n<td>6,50 (+ 550)<\/td>\n<\/tr>\n<\/tbody>\n<\/table>\n<p>Les cotes de paris MMA pr\u00e9sent\u00e9es montrent clairement qui est le favori, qui est l&rsquo;outsider et que le nul est jug\u00e9 hautement improbable. Cependant, si vous misez 10\u202f\u20ac sur ce dernier r\u00e9sultat et que vous avez l&rsquo;extr\u00eame chance de viser juste, vous empocherez 800\u202f\u20ac suppl\u00e9mentaires (10 \u00d7 81 &#8211; 10 = 810 &#8211; 10 = 800) qui viendront gonfler votre bankroll.<\/p>\n<p>La seule diff\u00e9rence avec le Moneyline \u00e0 2 issues est l&rsquo;absence de march\u00e9 de pari \u00ab\u202fNul\u202f\u00bb. Voici un exemple typique d&rsquo;une soir\u00e9e de combats UFC.<\/p>\n<table class=\"previewTable\">\n<tbody>\n<tr>\n<th colspan=\"2\">Moneyline \u00e0 2 issues<\/th>\n<\/tr>\n<tr>\n<td style=\"text-align: center\"><strong>D\u00e9roulement<\/strong><\/td>\n<td style=\"text-align: center\"><strong>Cotes de pari<\/strong><\/td>\n<\/tr>\n<tr>\n<td>Jordan Leavitt vainqueur<\/td>\n<td>2,05 (+ 105)<\/td>\n<\/tr>\n<tr>\n<td>Trey Ogden vainqueur<\/td>\n<td>1,72 (- 139)<\/td>\n<\/tr>\n<\/tbody>\n<\/table>\n<p>Dans ce combat MMA, si l&rsquo;on se fie aux cotes publi\u00e9es par le bookmaker en ligne, les forces paraissent plus \u00e9quilibr\u00e9es, de sorte qu&rsquo;il sera probablement plus difficile de pr\u00e9dire l&rsquo;issue. Il ne fait aucun doute que les cotes de victoire font partie int\u00e9grante de l&rsquo;exp\u00e9rience de chaque parieur. Cependant, il n&rsquo;est pas raisonnable de fonder vos pronostics uniquement sur elles. Apr\u00e8s tout, les bookmakers sont des \u00eatres humains et, \u00e0 ce titre, ils peuvent commettre des erreurs. En outre, <a href=\"https:\/\/www.sportingpedia.com\/fr\/betting-sites\/\">les sites de paris en ligne<\/a> sont des entit\u00e9s \u00e9conomiques\u202f; ils doivent donc respecter certaines r\u00e8gles du march\u00e9, ce qui peut parfois influencer les chiffres publi\u00e9s.<\/p>\n<p>Notre conseil est de tenir compte des cotes publi\u00e9es par votre bookmaker favori tout en menant vos propres recherches. Les performances des deux combattants peuvent en grande partie annoncer ce qui vous attend lors du prochain affrontement. La forme physique actuelle d&rsquo;un combattant est essentielle pour \u00e9valuer ses chances de succ\u00e8s\u202f; concentrez-vous donc particuli\u00e8rement sur ses derniers combats. Faites attention aux victoires et aux d\u00e9faites ainsi qu&rsquo;aux adversaires rencontr\u00e9s. Quels que soient les talents d&rsquo;un combattant, il affronte parfois un rival qui lui pose probl\u00e8me. Si vous connaissez un \u00e9l\u00e9ment aussi important, vous disposerez d&rsquo;un avantage sur les parieurs qui n&rsquo;ont pas approfondi leurs recherches avant le combat.<\/p>\n<h2 id=\"over\">Paris Over\/Under en MMA<\/h2>\n<p><img decoding=\"async\" src=\"https:\/\/www.sportingpedia.com\/wp-content\/uploads\/2021\/02\/mma-betting_over-under.svg\" alt=\"Paris Over\/Under\" width=\"300\" height=\"150\" class=\"alignleft\">Le pari sur le nombre total de rounds est l&rsquo;oppos\u00e9 du type de pari mentionn\u00e9 ci-dessus, mais il est presque aussi populaire en raison de sa <strong>simplicit\u00e9 et de la forte probabilit\u00e9 de pr\u00e9dire juste<\/strong>. Par \u00ab\u202foppos\u00e9\u202f\u00bb, nous entendons que le nom du vainqueur n&rsquo;a absolument aucune importance lors d&rsquo;un pari Over\/Under\u202f; vous devez simplement pronostiquer si le combat durera plus ou moins longtemps qu&rsquo;un nombre de rounds pr\u00e9d\u00e9fini. Certains bookmakers en ligne proposent un seul seuil, tandis que d&rsquo;autres affichent des cotes pour toutes les options possibles.<\/p>\n<table class=\"previewTable\">\n<tbody>\n<tr>\n<th>Rounds<\/th>\n<th>Over<\/th>\n<th>Under<\/th>\n<\/tr>\n<tr>\n<td>1,5<\/td>\n<td>1,16<\/td>\n<td>5<\/td>\n<\/tr>\n<tr>\n<td>2,5<\/td>\n<td>1,28<\/td>\n<td>3,5<\/td>\n<\/tr>\n<tr>\n<td>3,5<\/td>\n<td>1,4<\/td>\n<td>2,75<\/td>\n<\/tr>\n<tr>\n<td>4,5<\/td>\n<td>1,5<\/td>\n<td>2,5<\/td>\n<\/tr>\n<\/tbody>\n<\/table>\n<p>Bien qu&rsquo;il ne soit pas obligatoire que le nombre de rounds se termine par un demi (par exemple 1,5), il vaut mieux \u00e9viter de parier sur des nombres entiers, sauf si vous recherchez un risque accru. Par exemple, si vous misez sur un Over\/Under fix\u00e9 \u00e0 3 rounds et que l&rsquo;un des combattants jette l&rsquo;\u00e9ponge juste avant le d\u00e9but du quatri\u00e8me round, votre pari sera perdant. Il est donc pr\u00e9f\u00e9rable de choisir un bookmaker qui propose un march\u00e9 Over\/Under \u00e0 3,5 rounds. Si vous pensez que le combat durera 4 rounds, vous devez s\u00e9lectionner l&rsquo;option over. Logiquement, si vous estimez que la victoire sera acquise au plus tard au troisi\u00e8me round, vous devez parier sur l&rsquo;option under. Un round dure 5 minutes\u202f; par cons\u00e9quent, le \u00ab\u202f.5\u202f\u00bb correspond \u00e0 2 min 30 s du round concern\u00e9.<\/p>\n<p>Pour \u00e9tablir un pronostic fiable, il est indispensable de bien conna\u00eetre les combattants. Analysez leurs statistiques en accordant une attention particuli\u00e8re \u00e0 la dur\u00e9e moyenne de leurs combats. <strong>Le style de combat et l\u2019endurance des deux adversaires jouent \u00e9galement un r\u00f4le d\u00e9terminant<\/strong>. Si vous ne connaissez pas bien les athl\u00e8tes, prenez le temps de v\u00e9rifier s\u2019ils attaquent d\u2019entr\u00e9e de jeu, leur niveau d\u2019endurance et leur capacit\u00e9 \u00e0 encaisser, etc.<\/p>\n<h2 id=\"future\">Paris sur l&rsquo;avenir en MMA<\/h2>\n<p><img decoding=\"async\" src=\"https:\/\/www.sportingpedia.com\/wp-content\/uploads\/2021\/02\/nba-betting_future-bets.svg\" alt=\"MMA Future Betting\" width=\"300\" height=\"150\" class=\"alignleft\">Comme pour de nombreux autres sports, la nature du MMA permet de placer certains paris des semaines, voire des mois, \u00e0 l&rsquo;avance. Parier sur l&rsquo;avenir en UFC est une forme de pari exigeante qui demande aux amateurs de pr\u00e9dire qui d\u00e9tiendra une ceinture donn\u00e9e \u00e0 la fin de l&rsquo;ann\u00e9e civile. En raison du long d\u00e9lai avant la fin de la saison, les cotes de ce march\u00e9 sont g\u00e9n\u00e9ralement assez \u00e9lev\u00e9es. Au moment de la r\u00e9daction, les cotes pour le champion poids l\u00e9ger de l&rsquo;UFC 2022 sont les suivantes\u202f:<\/p>\n<table class=\"previewTable\">\n<tbody>\n<tr>\n<th colspan=\"4\">Champion poids l\u00e9ger de l&rsquo;UFC 2022<\/th>\n<\/tr>\n<tr>\n<td>Charles Oliveira<\/td>\n<td>200<\/td>\n<td>Dustin Poirier<\/td>\n<td>900<\/td>\n<\/tr>\n<tr>\n<td>Islam Makhachev<\/td>\n<td>200<\/td>\n<td>Michael Chandler<\/td>\n<td>1 150<\/td>\n<\/tr>\n<tr>\n<td>Beneil Dariush<\/td>\n<td>400<\/td>\n<td>Rafael Dos Anjos<\/td>\n<td>2 000<\/td>\n<\/tr>\n<tr>\n<td>Justin Gaethje<\/td>\n<td>600<\/td>\n<td>Gregor Gillespie<\/td>\n<td>2 500<\/td>\n<\/tr>\n<tr>\n<td>Conor McGregor<\/td>\n<td>900<\/td>\n<td>Rafael Fiziev<\/td>\n<td>2 800<\/td>\n<\/tr>\n<\/tbody>\n<\/table>\n<p>Un autre type de pari \u00e0 long terme sur le MMA est le pari dit \u2039 d\u00e9finitif \u203a, qui permet aux parieurs de miser sur des combats futurs qui ne sont pas encore confirm\u00e9s. Les n\u00e9gociations autour des grands affrontements entre vedettes portent sur les droits, les dates, le lieu, etc., et il peut s&rsquo;\u00e9couler plusieurs mois avant que votre pari ne soit r\u00e9gl\u00e9. C&rsquo;est un v\u00e9ritable test de patience, mais le potentiel de gains est cons\u00e9quent. Si un combat est annul\u00e9 avant l&rsquo;annonce officielle d&rsquo;une date, les bookmakers annulent tous les paris engag\u00e9s et remboursent les mises.<\/p>\n<h2 id=\"conclusion\">Conclusion<\/h2>\n<p>Nous allons conclure notre revue des <strong>types de paris MMA standard<\/strong> par un conseil valable pour tous les paris sur les arts martiaux mixtes. Il est vrai que le MMA est une discipline appr\u00e9ci\u00e9e des parieurs, mais sa popularit\u00e9 reste inf\u00e9rieure \u00e0 celle du <a href=\"https:\/\/www.sportingpedia.com\/category\/soccer\/\">football<\/a>, par exemple. Les bookmakers en ligne consacrent donc souvent plus de temps et d&rsquo;efforts aux sports les plus suivis, ce qui laisse une marge d&rsquo;erreur dans la fixation des cotes sur le MMA. Il est donc judicieux de comparer les cotes propos\u00e9es et de miser aupr\u00e8s du bookmaker qui offre, au moment de votre pari, les conditions les plus avantageuses.<\/p>\n","protected":false},"excerpt":{"rendered":"<p>Habituellement, les soir\u00e9es UFC comprennent plusieurs combats et vous offrent ainsi des heures d&rsquo;action et d&rsquo;excitation. L&rsquo;essence des arts martiaux mixtes implique l&rsquo;existence de diff\u00e9rents types de paris qui vont bien au-del\u00e0 de l&rsquo;option consistant \u00e0 parier sur le vainqueur du combat. Le sport permet aux parieurs de tester leurs comp\u00e9tences \u00e0 travers diff\u00e9rents types [&hellip;]<\/p>\n","protected":false},"author":8,"featured_media":0,"parent":118238,"menu_order":200,"comment_status":"closed","ping_status":"closed","template":"template-guide-page.php","meta":{"footnotes":""},"class_list":["post-118410","page","type-page","status-publish","hentry"],"yoast_head":"<!-- This site is optimized with the Yoast SEO plugin v26.6 - https:\/\/yoast.com\/wordpress\/plugins\/seo\/ -->\n<title>Paris Standard MMA - Cote Moneyline, Plus\/Moins, Pari Futur<\/title>\n<meta name=\"description\" content=\"L&#039;objectif principal de l&#039;article actuel est de vous pr\u00e9senter les march\u00e9s de paris MMA conventionnels avec lesquels il est conseill\u00e9 de commencer votre parcours dans le domaine des paris sur les arts martiaux mixtes.\" \/>\n<meta name=\"robots\" content=\"index, follow, max-snippet:-1, max-image-preview:large, max-video-preview:-1\" \/>\n<link rel=\"canonical\" href=\"https:\/\/www.sportingpedia.com\/fr\/mma-betting\/mma-standard-bets\/\" \/>\n<meta property=\"og:locale\" content=\"fr_FR\" \/>\n<meta property=\"og:type\" content=\"article\" \/>\n<meta property=\"og:title\" content=\"Paris Standard MMA - Cote Moneyline, Plus\/Moins, Pari Futur\" \/>\n<meta property=\"og:description\" content=\"L&#039;objectif principal de l&#039;article actuel est de vous pr\u00e9senter les march\u00e9s de paris MMA conventionnels avec lesquels il est conseill\u00e9 de commencer votre parcours dans le domaine des paris sur les arts martiaux mixtes.\" \/>\n<meta property=\"og:url\" content=\"https:\/\/www.sportingpedia.com\/fr\/mma-betting\/mma-standard-bets\/\" \/>\n<meta property=\"og:site_name\" content=\"Sportingpedia - Latest Sports News From All Over the World\" \/>\n<meta property=\"article:modified_time\" content=\"2025-12-04T10:25:32+00:00\" \/>\n<meta property=\"og:image\" content=\"https:\/\/www.sportingpedia.com\/wp-content\/uploads\/2021\/02\/mma-betting_intro.svg\" \/>\n<meta name=\"twitter:card\" content=\"summary_large_image\" \/>\n<meta name=\"twitter:label1\" content=\"Dur\u00e9e de lecture estim\u00e9e\" \/>\n\t<meta name=\"twitter:data1\" content=\"7 minutes\" \/>\n<script type=\"application\/ld+json\" class=\"yoast-schema-graph\">{\"@context\":\"https:\/\/schema.org\",\"@graph\":[{\"@type\":\"WebPage\",\"@id\":\"https:\/\/www.sportingpedia.com\/fr\/mma-betting\/mma-standard-bets\/\",\"url\":\"https:\/\/www.sportingpedia.com\/fr\/mma-betting\/mma-standard-bets\/\",\"name\":\"Paris Standard MMA - Cote Moneyline, Plus\/Moins, Pari Futur\",\"isPartOf\":{\"@id\":\"https:\/\/www.sportingpedia.com\/fr\/#website\"},\"primaryImageOfPage\":{\"@id\":\"https:\/\/www.sportingpedia.com\/fr\/mma-betting\/mma-standard-bets\/#primaryimage\"},\"image\":{\"@id\":\"https:\/\/www.sportingpedia.com\/fr\/mma-betting\/mma-standard-bets\/#primaryimage\"},\"thumbnailUrl\":\"https:\/\/www.sportingpedia.com\/wp-content\/uploads\/2021\/02\/mma-betting_intro.svg\",\"datePublished\":\"2025-04-10T07:45:14+00:00\",\"dateModified\":\"2025-12-04T10:25:32+00:00\",\"description\":\"L'objectif principal de l'article actuel est de vous pr\u00e9senter les march\u00e9s de paris MMA conventionnels avec lesquels il est conseill\u00e9 de commencer votre parcours dans le domaine des paris sur les arts martiaux mixtes.\",\"breadcrumb\":{\"@id\":\"https:\/\/www.sportingpedia.com\/fr\/mma-betting\/mma-standard-bets\/#breadcrumb\"},\"inLanguage\":\"fr-FR\",\"potentialAction\":[{\"@type\":\"ReadAction\",\"target\":[\"https:\/\/www.sportingpedia.com\/fr\/mma-betting\/mma-standard-bets\/\"]}]},{\"@type\":\"ImageObject\",\"inLanguage\":\"fr-FR\",\"@id\":\"https:\/\/www.sportingpedia.com\/fr\/mma-betting\/mma-standard-bets\/#primaryimage\",\"url\":\"https:\/\/www.sportingpedia.com\/wp-content\/uploads\/2021\/02\/mma-betting_intro.svg\",\"contentUrl\":\"https:\/\/www.sportingpedia.com\/wp-content\/uploads\/2021\/02\/mma-betting_intro.svg\"},{\"@type\":\"BreadcrumbList\",\"@id\":\"https:\/\/www.sportingpedia.com\/fr\/mma-betting\/mma-standard-bets\/#breadcrumb\",\"itemListElement\":[{\"@type\":\"ListItem\",\"position\":1,\"name\":\"Accueil\",\"item\":\"https:\/\/www.sportingpedia.com\/fr\/home\/\"},{\"@type\":\"ListItem\",\"position\":2,\"name\":\"Paris sur le MMA\",\"item\":\"https:\/\/www.sportingpedia.com\/fr\/mma-betting\/\"},{\"@type\":\"ListItem\",\"position\":3,\"name\":\"Paris Standard MMA\"}]},{\"@type\":\"WebSite\",\"@id\":\"https:\/\/www.sportingpedia.com\/fr\/#website\",\"url\":\"https:\/\/www.sportingpedia.com\/fr\/\",\"name\":\"Sportingpedia - Latest Sports News From All Over the World\",\"description\":\"\",\"publisher\":{\"@id\":\"https:\/\/www.sportingpedia.com\/fr\/#organization\"},\"potentialAction\":[{\"@type\":\"SearchAction\",\"target\":{\"@type\":\"EntryPoint\",\"urlTemplate\":\"https:\/\/www.sportingpedia.com\/fr\/?s={search_term_string}\"},\"query-input\":{\"@type\":\"PropertyValueSpecification\",\"valueRequired\":true,\"valueName\":\"search_term_string\"}}],\"inLanguage\":\"fr-FR\"},{\"@type\":\"Organization\",\"@id\":\"https:\/\/www.sportingpedia.com\/fr\/#organization\",\"name\":\"SportingPedia\",\"url\":\"https:\/\/www.sportingpedia.com\/fr\/\",\"logo\":{\"@type\":\"ImageObject\",\"inLanguage\":\"fr-FR\",\"@id\":\"https:\/\/www.sportingpedia.com\/fr\/#\/schema\/logo\/image\/\",\"url\":\"https:\/\/www.sportingpedia.com\/wp-content\/uploads\/2019\/10\/SportingPedia_logo.png\",\"contentUrl\":\"https:\/\/www.sportingpedia.com\/wp-content\/uploads\/2019\/10\/SportingPedia_logo.png\",\"width\":600,\"height\":101,\"caption\":\"SportingPedia\"},\"image\":{\"@id\":\"https:\/\/www.sportingpedia.com\/fr\/#\/schema\/logo\/image\/\"}}]}<\/script>\n<!-- \/ Yoast SEO plugin. -->","yoast_head_json":{"title":"Paris Standard MMA - Cote Moneyline, Plus\/Moins, Pari Futur","description":"L'objectif principal de l'article actuel est de vous pr\u00e9senter les march\u00e9s de paris MMA conventionnels avec lesquels il est conseill\u00e9 de commencer votre parcours dans le domaine des paris sur les arts martiaux mixtes.","robots":{"index":"index","follow":"follow","max-snippet":"max-snippet:-1","max-image-preview":"max-image-preview:large","max-video-preview":"max-video-preview:-1"},"canonical":"https:\/\/www.sportingpedia.com\/fr\/mma-betting\/mma-standard-bets\/","og_locale":"fr_FR","og_type":"article","og_title":"Paris Standard MMA - Cote Moneyline, Plus\/Moins, Pari Futur","og_description":"L'objectif principal de l'article actuel est de vous pr\u00e9senter les march\u00e9s de paris MMA conventionnels avec lesquels il est conseill\u00e9 de commencer votre parcours dans le domaine des paris sur les arts martiaux mixtes.","og_url":"https:\/\/www.sportingpedia.com\/fr\/mma-betting\/mma-standard-bets\/","og_site_name":"Sportingpedia - Latest Sports News From All Over the World","article_modified_time":"2025-12-04T10:25:32+00:00","og_image":[{"url":"https:\/\/www.sportingpedia.com\/wp-content\/uploads\/2021\/02\/mma-betting_intro.svg","type":"","width":"","height":""}],"twitter_card":"summary_large_image","twitter_misc":{"Dur\u00e9e de lecture estim\u00e9e":"7 minutes"},"schema":{"@context":"https:\/\/schema.org","@graph":[{"@type":"WebPage","@id":"https:\/\/www.sportingpedia.com\/fr\/mma-betting\/mma-standard-bets\/","url":"https:\/\/www.sportingpedia.com\/fr\/mma-betting\/mma-standard-bets\/","name":"Paris Standard MMA - Cote Moneyline, Plus\/Moins, Pari Futur","isPartOf":{"@id":"https:\/\/www.sportingpedia.com\/fr\/#website"},"primaryImageOfPage":{"@id":"https:\/\/www.sportingpedia.com\/fr\/mma-betting\/mma-standard-bets\/#primaryimage"},"image":{"@id":"https:\/\/www.sportingpedia.com\/fr\/mma-betting\/mma-standard-bets\/#primaryimage"},"thumbnailUrl":"https:\/\/www.sportingpedia.com\/wp-content\/uploads\/2021\/02\/mma-betting_intro.svg","datePublished":"2025-04-10T07:45:14+00:00","dateModified":"2025-12-04T10:25:32+00:00","description":"L'objectif principal de l'article actuel est de vous pr\u00e9senter les march\u00e9s de paris MMA conventionnels avec lesquels il est conseill\u00e9 de commencer votre parcours dans le domaine des paris sur les arts martiaux mixtes.","breadcrumb":{"@id":"https:\/\/www.sportingpedia.com\/fr\/mma-betting\/mma-standard-bets\/#breadcrumb"},"inLanguage":"fr-FR","potentialAction":[{"@type":"ReadAction","target":["https:\/\/www.sportingpedia.com\/fr\/mma-betting\/mma-standard-bets\/"]}]},{"@type":"ImageObject","inLanguage":"fr-FR","@id":"https:\/\/www.sportingpedia.com\/fr\/mma-betting\/mma-standard-bets\/#primaryimage","url":"https:\/\/www.sportingpedia.com\/wp-content\/uploads\/2021\/02\/mma-betting_intro.svg","contentUrl":"https:\/\/www.sportingpedia.com\/wp-content\/uploads\/2021\/02\/mma-betting_intro.svg"},{"@type":"BreadcrumbList","@id":"https:\/\/www.sportingpedia.com\/fr\/mma-betting\/mma-standard-bets\/#breadcrumb","itemListElement":[{"@type":"ListItem","position":1,"name":"Accueil","item":"https:\/\/www.sportingpedia.com\/fr\/home\/"},{"@type":"ListItem","position":2,"name":"Paris sur le MMA","item":"https:\/\/www.sportingpedia.com\/fr\/mma-betting\/"},{"@type":"ListItem","position":3,"name":"Paris Standard MMA"}]},{"@type":"WebSite","@id":"https:\/\/www.sportingpedia.com\/fr\/#website","url":"https:\/\/www.sportingpedia.com\/fr\/","name":"Sportingpedia - Latest Sports News From All Over the World","description":"","publisher":{"@id":"https:\/\/www.sportingpedia.com\/fr\/#organization"},"potentialAction":[{"@type":"SearchAction","target":{"@type":"EntryPoint","urlTemplate":"https:\/\/www.sportingpedia.com\/fr\/?s={search_term_string}"},"query-input":{"@type":"PropertyValueSpecification","valueRequired":true,"valueName":"search_term_string"}}],"inLanguage":"fr-FR"},{"@type":"Organization","@id":"https:\/\/www.sportingpedia.com\/fr\/#organization","name":"SportingPedia","url":"https:\/\/www.sportingpedia.com\/fr\/","logo":{"@type":"ImageObject","inLanguage":"fr-FR","@id":"https:\/\/www.sportingpedia.com\/fr\/#\/schema\/logo\/image\/","url":"https:\/\/www.sportingpedia.com\/wp-content\/uploads\/2019\/10\/SportingPedia_logo.png","contentUrl":"https:\/\/www.sportingpedia.com\/wp-content\/uploads\/2019\/10\/SportingPedia_logo.png","width":600,"height":101,"caption":"SportingPedia"},"image":{"@id":"https:\/\/www.sportingpedia.com\/fr\/#\/schema\/logo\/image\/"}}]}},"_links":{"self":[{"href":"https:\/\/www.sportingpedia.com\/fr\/wp-json\/wp\/v2\/pages\/118410","targetHints":{"allow":["GET"]}}],"collection":[{"href":"https:\/\/www.sportingpedia.com\/fr\/wp-json\/wp\/v2\/pages"}],"about":[{"href":"https:\/\/www.sportingpedia.com\/fr\/wp-json\/wp\/v2\/types\/page"}],"author":[{"embeddable":true,"href":"https:\/\/www.sportingpedia.com\/fr\/wp-json\/wp\/v2\/users\/8"}],"replies":[{"embeddable":true,"href":"https:\/\/www.sportingpedia.com\/fr\/wp-json\/wp\/v2\/comments?post=118410"}],"version-history":[{"count":3,"href":"https:\/\/www.sportingpedia.com\/fr\/wp-json\/wp\/v2\/pages\/118410\/revisions"}],"predecessor-version":[{"id":148752,"href":"https:\/\/www.sportingpedia.com\/fr\/wp-json\/wp\/v2\/pages\/118410\/revisions\/148752"}],"up":[{"embeddable":true,"href":"https:\/\/www.sportingpedia.com\/fr\/wp-json\/wp\/v2\/pages\/118238"}],"wp:attachment":[{"href":"https:\/\/www.sportingpedia.com\/fr\/wp-json\/wp\/v2\/media?parent=118410"}],"curies":[{"name":"wp","href":"https:\/\/api.w.org\/{rel}","templated":true}]}}