{"id":118449,"date":"2025-04-10T07:45:30","date_gmt":"2025-04-10T07:45:30","guid":{"rendered":"https:\/\/www.sportingpedia.com\/?page_id=118449"},"modified":"2025-11-28T14:45:57","modified_gmt":"2025-11-28T14:45:57","slug":"casino-deposit","status":"publish","type":"page","link":"https:\/\/www.sportingpedia.com\/fr\/casino-deposit\/","title":{"rendered":"M\u00e9thodes de d\u00e9p\u00f4t casino"},"content":{"rendered":"<p>Vous vous demandez quelle solution de paiement choisir pour jouer sur votre site de jeux pr\u00e9f\u00e9r\u00e9 ? Si oui, SportingPedia est l\u00e0 pour vous aider \u00e0 prendre la bonne d\u00e9cision. Le nombre impressionnant de m\u00e9thodes bancaires propos\u00e9es par les op\u00e9rateurs de jeux en ligne peut \u00eatre pour le moins d\u00e9concertant.<\/p>\n<p>Cependant, ne vous inqui\u00e9tez pas ! Nous venons \u00e0 votre secours avec des articles complets sur les solutions de paiement les plus r\u00e9pandues que les joueurs peuvent utiliser pour transf\u00e9rer des fonds vers et depuis leurs comptes de casino en ligne. Chaque article pr\u00e9sente une liste des meilleurs casinos en ligne acceptant cette m\u00e9thode, vous permettant ainsi de faire facilement le bon choix sans perdre de temps en recherches.<\/p>\n<div class=\"grid-fixed-thumbnails\">    <div class=\"row\">\n            <a class=\"col-12 col-sm-6 col-md-4 child-page-thumbnail-wrapper\" href=\"https:\/\/www.sportingpedia.com\/fr\/casino-deposit\/apple-pay-online-casinos\/\">\n            <div class=\"col-12 text-center child-page-thumbnail\">\n                <img decoding=\"async\" src=\"https:\/\/www.sportingpedia.com\/wp-content\/uploads\/2023\/01\/apple-pay.webp\" \/>\n                Casinos en ligne avec Apple Pay            <\/div>\n        <\/a>\n                    <a class=\"col-12 col-sm-6 col-md-4 child-page-thumbnail-wrapper\" href=\"https:\/\/www.sportingpedia.com\/fr\/casino-deposit\/astropay-online-casinos\/\">\n            <div class=\"col-12 text-center child-page-thumbnail\">\n                <img decoding=\"async\" src=\"https:\/\/www.sportingpedia.com\/wp-content\/uploads\/2023\/01\/astropay-1.webp\" \/>\n                Casinos en ligne avec AstroPay            <\/div>\n        <\/a>\n                    <a class=\"col-12 col-sm-6 col-md-4 child-page-thumbnail-wrapper\" href=\"https:\/\/www.sportingpedia.com\/fr\/casino-deposit\/credit-debit-cards-online-casinos\/\">\n            <div class=\"col-12 text-center child-page-thumbnail\">\n                <img decoding=\"async\" src=\"https:\/\/www.sportingpedia.com\/wp-content\/uploads\/2023\/01\/credit-debit-cards-featured.webp\" \/>\n                Casinos en ligne avec cartes de cr\u00e9dit &amp; d\u00e9bit            <\/div>\n        <\/a>\n                    <a class=\"col-12 col-sm-6 col-md-4 child-page-thumbnail-wrapper\" href=\"https:\/\/www.sportingpedia.com\/fr\/casino-deposit\/prepaid-cards-online-casinos\/\">\n            <div class=\"col-12 text-center child-page-thumbnail\">\n                <img decoding=\"async\" src=\"https:\/\/www.sportingpedia.com\/wp-content\/uploads\/2023\/01\/prepaid-cards-featured.webp\" \/>\n                Casinos en ligne avec cartes pr\u00e9pay\u00e9es            <\/div>\n        <\/a>\n                    <a class=\"col-12 col-sm-6 col-md-4 child-page-thumbnail-wrapper\" href=\"https:\/\/www.sportingpedia.com\/fr\/casino-deposit\/crypto-online-casinos\/\">\n            <div class=\"col-12 text-center child-page-thumbnail\">\n                <img decoding=\"async\" src=\"https:\/\/www.sportingpedia.com\/wp-content\/uploads\/2023\/01\/bitcoin-featured.webp\" \/>\n                Casinos en ligne avec crypto            <\/div>\n        <\/a>\n                    <a class=\"col-12 col-sm-6 col-md-4 child-page-thumbnail-wrapper\" href=\"https:\/\/www.sportingpedia.com\/fr\/casino-deposit\/echeck-online-casinos\/\">\n            <div class=\"col-12 text-center child-page-thumbnail\">\n                <img decoding=\"async\" src=\"https:\/\/www.sportingpedia.com\/wp-content\/uploads\/2023\/01\/echeck-featured.webp\" \/>\n                Casinos en ligne avec eCheck            <\/div>\n        <\/a>\n                    <a class=\"col-12 col-sm-6 col-md-4 child-page-thumbnail-wrapper\" href=\"https:\/\/www.sportingpedia.com\/fr\/casino-deposit\/flexepin-online-casinos\/\">\n            <div class=\"col-12 text-center child-page-thumbnail\">\n                <img decoding=\"async\" src=\"https:\/\/www.sportingpedia.com\/wp-content\/uploads\/2023\/01\/flexepin-1.webp\" \/>\n                Casinos en ligne avec Flexepin            <\/div>\n        <\/a>\n                    <a class=\"col-12 col-sm-6 col-md-4 child-page-thumbnail-wrapper\" href=\"https:\/\/www.sportingpedia.com\/fr\/casino-deposit\/google-pay-online-casinos\/\">\n            <div class=\"col-12 text-center child-page-thumbnail\">\n                <img decoding=\"async\" src=\"https:\/\/www.sportingpedia.com\/wp-content\/uploads\/2023\/01\/google-pay.webp\" \/>\n                Casinos en ligne avec Google Pay            <\/div>\n        <\/a>\n                    <a class=\"col-12 col-sm-6 col-md-4 child-page-thumbnail-wrapper\" href=\"https:\/\/www.sportingpedia.com\/fr\/casino-deposit\/idebit-online-casinos\/\">\n            <div class=\"col-12 text-center child-page-thumbnail\">\n                <img decoding=\"async\" src=\"https:\/\/www.sportingpedia.com\/wp-content\/uploads\/2023\/01\/idebit.webp\" \/>\n                Casinos en ligne avec iDebit            <\/div>\n        <\/a>\n                    <a class=\"col-12 col-sm-6 col-md-4 child-page-thumbnail-wrapper\" href=\"https:\/\/www.sportingpedia.com\/fr\/casino-deposit\/instadebit-online-casinos\/\">\n            <div class=\"col-12 text-center child-page-thumbnail\">\n                <img decoding=\"async\" src=\"https:\/\/www.sportingpedia.com\/wp-content\/uploads\/2023\/01\/instadebit.webp\" \/>\n                Casinos en ligne avec Instadebit            <\/div>\n        <\/a>\n                    <a class=\"col-12 col-sm-6 col-md-4 child-page-thumbnail-wrapper\" href=\"https:\/\/www.sportingpedia.com\/fr\/casino-deposit\/interac-online-casinos\/\">\n            <div class=\"col-12 text-center child-page-thumbnail\">\n                <img decoding=\"async\" src=\"https:\/\/www.sportingpedia.com\/wp-content\/uploads\/2023\/01\/interac.webp\" \/>\n                Casinos en ligne avec Interac            <\/div>\n        <\/a>\n                    <a class=\"col-12 col-sm-6 col-md-4 child-page-thumbnail-wrapper\" href=\"https:\/\/www.sportingpedia.com\/fr\/casino-deposit\/jeton-online-casinos\/\">\n            <div class=\"col-12 text-center child-page-thumbnail\">\n                <img decoding=\"async\" src=\"https:\/\/www.sportingpedia.com\/wp-content\/uploads\/2023\/01\/jeton.webp\" \/>\n                Casinos en ligne avec Jeton            <\/div>\n        <\/a>\n                    <a class=\"col-12 col-sm-6 col-md-4 child-page-thumbnail-wrapper\" href=\"https:\/\/www.sportingpedia.com\/fr\/casino-deposit\/mifinity-online-casinos\/\">\n            <div class=\"col-12 text-center child-page-thumbnail\">\n                <img decoding=\"async\" src=\"https:\/\/www.sportingpedia.com\/wp-content\/uploads\/2023\/01\/mifinity.webp\" \/>\n                Casinos en ligne avec MiFinity            <\/div>\n        <\/a>\n                    <a class=\"col-12 col-sm-6 col-md-4 child-page-thumbnail-wrapper\" href=\"https:\/\/www.sportingpedia.com\/fr\/casino-deposit\/neosurf-online-casinos\/\">\n            <div class=\"col-12 text-center child-page-thumbnail\">\n                <img decoding=\"async\" src=\"https:\/\/www.sportingpedia.com\/wp-content\/uploads\/2023\/01\/neosurf.webp\" \/>\n                Casinos en ligne avec Neosurf            <\/div>\n        <\/a>\n                    <a class=\"col-12 col-sm-6 col-md-4 child-page-thumbnail-wrapper\" href=\"https:\/\/www.sportingpedia.com\/fr\/casino-deposit\/paypal-online-casinos\/\">\n            <div class=\"col-12 text-center child-page-thumbnail\">\n                <img decoding=\"async\" src=\"https:\/\/www.sportingpedia.com\/wp-content\/uploads\/2023\/01\/paypal.webp\" \/>\n                Casinos en ligne avec PayPal            <\/div>\n        <\/a>\n                    <a class=\"col-12 col-sm-6 col-md-4 child-page-thumbnail-wrapper\" href=\"https:\/\/www.sportingpedia.com\/fr\/casino-deposit\/paysafecard-online-casinos\/\">\n            <div class=\"col-12 text-center child-page-thumbnail\">\n                <img decoding=\"async\" src=\"https:\/\/www.sportingpedia.com\/wp-content\/uploads\/2023\/01\/paysafecard.webp\" \/>\n                Casinos en ligne avec Paysafecard            <\/div>\n        <\/a>\n                    <a class=\"col-12 col-sm-6 col-md-4 child-page-thumbnail-wrapper\" href=\"https:\/\/www.sportingpedia.com\/fr\/casino-deposit\/e-wallet-online-casinos\/\">\n            <div class=\"col-12 text-center child-page-thumbnail\">\n                <img decoding=\"async\" src=\"https:\/\/www.sportingpedia.com\/wp-content\/uploads\/2023\/01\/ewallet-featured.webp\" \/>\n                Casinos en ligne avec portefeuilles \u00e9lectroniques            <\/div>\n        <\/a>\n                    <a class=\"col-12 col-sm-6 col-md-4 child-page-thumbnail-wrapper\" href=\"https:\/\/www.sportingpedia.com\/fr\/casino-deposit\/revolut-online-casinos\/\">\n            <div class=\"col-12 text-center child-page-thumbnail\">\n                <img decoding=\"async\" src=\"https:\/\/www.sportingpedia.com\/wp-content\/uploads\/2023\/01\/revolut-1.webp\" \/>\n                Casinos en ligne avec Revolut            <\/div>\n        <\/a>\n                    <a class=\"col-12 col-sm-6 col-md-4 child-page-thumbnail-wrapper\" href=\"https:\/\/www.sportingpedia.com\/fr\/casino-deposit\/bank-account-transfer-online-casinos\/\">\n            <div class=\"col-12 text-center child-page-thumbnail\">\n                <img decoding=\"async\" src=\"https:\/\/www.sportingpedia.com\/wp-content\/uploads\/2023\/01\/bank-transfer-featured.webp\" \/>\n                Casinos en ligne avec transfert bancaire            <\/div>\n        <\/a>\n                            <\/div>\n            <\/div>\n","protected":false},"excerpt":{"rendered":"<p>Vous vous demandez quelle solution de paiement choisir pour jouer sur votre site de jeux pr\u00e9f\u00e9r\u00e9 ? Si oui, SportingPedia est l\u00e0 pour vous aider \u00e0 prendre la bonne d\u00e9cision. Le nombre impressionnant de m\u00e9thodes bancaires propos\u00e9es par les op\u00e9rateurs de jeux en ligne peut \u00eatre pour le moins d\u00e9concertant. Cependant, ne vous inqui\u00e9tez pas [&hellip;]<\/p>\n","protected":false},"author":1,"featured_media":0,"parent":0,"menu_order":0,"comment_status":"closed","ping_status":"closed","template":"template-payment-method.php","meta":{"footnotes":""},"class_list":["post-118449","page","type-page","status-publish","hentry"],"yoast_head":"<!-- This site is optimized with the Yoast SEO plugin v26.6 - https:\/\/yoast.com\/wordpress\/plugins\/seo\/ -->\n<title>Banque de Casino en Ligne - Options de D\u00e9p\u00f4t et de Retrait Fiables pour les Jeux d&#039;Argent en Ligne<\/title>\n<meta name=\"description\" content=\"D\u00e9poser et retirer de votre compte de casino en ligne est essentiel pour tout parieur. Voici une liste des m\u00e9thodes bancaires les plus fiables utilis\u00e9es pour parier en ligne.\" \/>\n<meta name=\"robots\" content=\"index, follow, max-snippet:-1, max-image-preview:large, max-video-preview:-1\" \/>\n<link rel=\"canonical\" href=\"https:\/\/www.sportingpedia.com\/fr\/casino-deposit\/\" \/>\n<meta property=\"og:locale\" content=\"fr_FR\" \/>\n<meta property=\"og:type\" content=\"article\" \/>\n<meta property=\"og:title\" content=\"Banque de Casino en Ligne - Options de D\u00e9p\u00f4t et de Retrait Fiables pour les Jeux d&#039;Argent en Ligne\" \/>\n<meta property=\"og:description\" content=\"D\u00e9poser et retirer de votre compte de casino en ligne est essentiel pour tout parieur. Voici une liste des m\u00e9thodes bancaires les plus fiables utilis\u00e9es pour parier en ligne.\" \/>\n<meta property=\"og:url\" content=\"https:\/\/www.sportingpedia.com\/fr\/casino-deposit\/\" \/>\n<meta property=\"og:site_name\" content=\"Sportingpedia - Latest Sports News From All Over the World\" \/>\n<meta property=\"article:modified_time\" content=\"2025-11-28T14:45:57+00:00\" \/>\n<meta name=\"twitter:card\" content=\"summary_large_image\" \/>\n<meta name=\"twitter:label1\" content=\"Dur\u00e9e de lecture estim\u00e9e\" \/>\n\t<meta name=\"twitter:data1\" content=\"1 minute\" \/>\n<script type=\"application\/ld+json\" class=\"yoast-schema-graph\">{\"@context\":\"https:\/\/schema.org\",\"@graph\":[{\"@type\":\"WebPage\",\"@id\":\"https:\/\/www.sportingpedia.com\/fr\/casino-deposit\/\",\"url\":\"https:\/\/www.sportingpedia.com\/fr\/casino-deposit\/\",\"name\":\"Banque de Casino en Ligne - Options de D\u00e9p\u00f4t et de Retrait Fiables pour les Jeux d'Argent en Ligne\",\"isPartOf\":{\"@id\":\"https:\/\/www.sportingpedia.com\/fr\/#website\"},\"datePublished\":\"2025-04-10T07:45:30+00:00\",\"dateModified\":\"2025-11-28T14:45:57+00:00\",\"description\":\"D\u00e9poser et retirer de votre compte de casino en ligne est essentiel pour tout parieur. Voici une liste des m\u00e9thodes bancaires les plus fiables utilis\u00e9es pour parier en ligne.\",\"breadcrumb\":{\"@id\":\"https:\/\/www.sportingpedia.com\/fr\/casino-deposit\/#breadcrumb\"},\"inLanguage\":\"fr-FR\",\"potentialAction\":[{\"@type\":\"ReadAction\",\"target\":[\"https:\/\/www.sportingpedia.com\/fr\/casino-deposit\/\"]}]},{\"@type\":\"BreadcrumbList\",\"@id\":\"https:\/\/www.sportingpedia.com\/fr\/casino-deposit\/#breadcrumb\",\"itemListElement\":[{\"@type\":\"ListItem\",\"position\":1,\"name\":\"Accueil\",\"item\":\"https:\/\/www.sportingpedia.com\/fr\/home\/\"},{\"@type\":\"ListItem\",\"position\":2,\"name\":\"M\u00e9thodes de d\u00e9p\u00f4t casino\"}]},{\"@type\":\"WebSite\",\"@id\":\"https:\/\/www.sportingpedia.com\/fr\/#website\",\"url\":\"https:\/\/www.sportingpedia.com\/fr\/\",\"name\":\"Sportingpedia - Latest Sports News From All Over the World\",\"description\":\"\",\"publisher\":{\"@id\":\"https:\/\/www.sportingpedia.com\/fr\/#organization\"},\"potentialAction\":[{\"@type\":\"SearchAction\",\"target\":{\"@type\":\"EntryPoint\",\"urlTemplate\":\"https:\/\/www.sportingpedia.com\/fr\/?s={search_term_string}\"},\"query-input\":{\"@type\":\"PropertyValueSpecification\",\"valueRequired\":true,\"valueName\":\"search_term_string\"}}],\"inLanguage\":\"fr-FR\"},{\"@type\":\"Organization\",\"@id\":\"https:\/\/www.sportingpedia.com\/fr\/#organization\",\"name\":\"SportingPedia\",\"url\":\"https:\/\/www.sportingpedia.com\/fr\/\",\"logo\":{\"@type\":\"ImageObject\",\"inLanguage\":\"fr-FR\",\"@id\":\"https:\/\/www.sportingpedia.com\/fr\/#\/schema\/logo\/image\/\",\"url\":\"https:\/\/www.sportingpedia.com\/wp-content\/uploads\/2019\/10\/SportingPedia_logo.png\",\"contentUrl\":\"https:\/\/www.sportingpedia.com\/wp-content\/uploads\/2019\/10\/SportingPedia_logo.png\",\"width\":600,\"height\":101,\"caption\":\"SportingPedia\"},\"image\":{\"@id\":\"https:\/\/www.sportingpedia.com\/fr\/#\/schema\/logo\/image\/\"}}]}<\/script>\n<!-- \/ Yoast SEO plugin. -->","yoast_head_json":{"title":"Banque de Casino en Ligne - Options de D\u00e9p\u00f4t et de Retrait Fiables pour les Jeux d'Argent en Ligne","description":"D\u00e9poser et retirer de votre compte de casino en ligne est essentiel pour tout parieur. Voici une liste des m\u00e9thodes bancaires les plus fiables utilis\u00e9es pour parier en ligne.","robots":{"index":"index","follow":"follow","max-snippet":"max-snippet:-1","max-image-preview":"max-image-preview:large","max-video-preview":"max-video-preview:-1"},"canonical":"https:\/\/www.sportingpedia.com\/fr\/casino-deposit\/","og_locale":"fr_FR","og_type":"article","og_title":"Banque de Casino en Ligne - Options de D\u00e9p\u00f4t et de Retrait Fiables pour les Jeux d'Argent en Ligne","og_description":"D\u00e9poser et retirer de votre compte de casino en ligne est essentiel pour tout parieur. Voici une liste des m\u00e9thodes bancaires les plus fiables utilis\u00e9es pour parier en ligne.","og_url":"https:\/\/www.sportingpedia.com\/fr\/casino-deposit\/","og_site_name":"Sportingpedia - Latest Sports News From All Over the World","article_modified_time":"2025-11-28T14:45:57+00:00","twitter_card":"summary_large_image","twitter_misc":{"Dur\u00e9e de lecture estim\u00e9e":"1 minute"},"schema":{"@context":"https:\/\/schema.org","@graph":[{"@type":"WebPage","@id":"https:\/\/www.sportingpedia.com\/fr\/casino-deposit\/","url":"https:\/\/www.sportingpedia.com\/fr\/casino-deposit\/","name":"Banque de Casino en Ligne - Options de D\u00e9p\u00f4t et de Retrait Fiables pour les Jeux d'Argent en Ligne","isPartOf":{"@id":"https:\/\/www.sportingpedia.com\/fr\/#website"},"datePublished":"2025-04-10T07:45:30+00:00","dateModified":"2025-11-28T14:45:57+00:00","description":"D\u00e9poser et retirer de votre compte de casino en ligne est essentiel pour tout parieur. Voici une liste des m\u00e9thodes bancaires les plus fiables utilis\u00e9es pour parier en ligne.","breadcrumb":{"@id":"https:\/\/www.sportingpedia.com\/fr\/casino-deposit\/#breadcrumb"},"inLanguage":"fr-FR","potentialAction":[{"@type":"ReadAction","target":["https:\/\/www.sportingpedia.com\/fr\/casino-deposit\/"]}]},{"@type":"BreadcrumbList","@id":"https:\/\/www.sportingpedia.com\/fr\/casino-deposit\/#breadcrumb","itemListElement":[{"@type":"ListItem","position":1,"name":"Accueil","item":"https:\/\/www.sportingpedia.com\/fr\/home\/"},{"@type":"ListItem","position":2,"name":"M\u00e9thodes de d\u00e9p\u00f4t casino"}]},{"@type":"WebSite","@id":"https:\/\/www.sportingpedia.com\/fr\/#website","url":"https:\/\/www.sportingpedia.com\/fr\/","name":"Sportingpedia - Latest Sports News From All Over the World","description":"","publisher":{"@id":"https:\/\/www.sportingpedia.com\/fr\/#organization"},"potentialAction":[{"@type":"SearchAction","target":{"@type":"EntryPoint","urlTemplate":"https:\/\/www.sportingpedia.com\/fr\/?s={search_term_string}"},"query-input":{"@type":"PropertyValueSpecification","valueRequired":true,"valueName":"search_term_string"}}],"inLanguage":"fr-FR"},{"@type":"Organization","@id":"https:\/\/www.sportingpedia.com\/fr\/#organization","name":"SportingPedia","url":"https:\/\/www.sportingpedia.com\/fr\/","logo":{"@type":"ImageObject","inLanguage":"fr-FR","@id":"https:\/\/www.sportingpedia.com\/fr\/#\/schema\/logo\/image\/","url":"https:\/\/www.sportingpedia.com\/wp-content\/uploads\/2019\/10\/SportingPedia_logo.png","contentUrl":"https:\/\/www.sportingpedia.com\/wp-content\/uploads\/2019\/10\/SportingPedia_logo.png","width":600,"height":101,"caption":"SportingPedia"},"image":{"@id":"https:\/\/www.sportingpedia.com\/fr\/#\/schema\/logo\/image\/"}}]}},"_links":{"self":[{"href":"https:\/\/www.sportingpedia.com\/fr\/wp-json\/wp\/v2\/pages\/118449","targetHints":{"allow":["GET"]}}],"collection":[{"href":"https:\/\/www.sportingpedia.com\/fr\/wp-json\/wp\/v2\/pages"}],"about":[{"href":"https:\/\/www.sportingpedia.com\/fr\/wp-json\/wp\/v2\/types\/page"}],"author":[{"embeddable":true,"href":"https:\/\/www.sportingpedia.com\/fr\/wp-json\/wp\/v2\/users\/1"}],"replies":[{"embeddable":true,"href":"https:\/\/www.sportingpedia.com\/fr\/wp-json\/wp\/v2\/comments?post=118449"}],"version-history":[{"count":3,"href":"https:\/\/www.sportingpedia.com\/fr\/wp-json\/wp\/v2\/pages\/118449\/revisions"}],"predecessor-version":[{"id":148135,"href":"https:\/\/www.sportingpedia.com\/fr\/wp-json\/wp\/v2\/pages\/118449\/revisions\/148135"}],"wp:attachment":[{"href":"https:\/\/www.sportingpedia.com\/fr\/wp-json\/wp\/v2\/media?parent=118449"}],"curies":[{"name":"wp","href":"https:\/\/api.w.org\/{rel}","templated":true}]}}