{"id":118477,"date":"2025-04-10T07:45:43","date_gmt":"2025-04-10T07:45:43","guid":{"rendered":"https:\/\/www.sportingpedia.com\/?page_id=118477"},"modified":"2025-12-05T15:17:45","modified_gmt":"2025-12-05T15:17:45","slug":"single-bet-calculator","status":"publish","type":"page","link":"https:\/\/www.sportingpedia.com\/fr\/betting-calculators\/single-bet-calculator\/","title":{"rendered":"Calculateur de Pari Simple"},"content":{"rendered":"<p>Un pari simple est le moyen le plus direct de parier sur un \u00e9v\u00e9nement et vous permet de <strong>miser sur une seule s\u00e9lection<\/strong>. Vous pouvez placer un pari simple sur une grande vari\u00e9t\u00e9 de r\u00e9sultats\u202f: la victoire d&rsquo;une \u00e9quipe, d&rsquo;un joueur, d&rsquo;un cheval dans une course, etc.<\/p>\n<p>Si vous optez pour un pari simple \u00ab\u202feach-way\u202f\u00bb, vous pouvez r\u00e9aliser un profit m\u00eame si l&rsquo;\u00e9quipe ou le joueur que vous avez soutenu ne gagne pas. Pour conna\u00eetre votre retour potentiel, vous pouvez utiliser <strong>notre calculateur de pari simple d\u00e9taill\u00e9<\/strong>. Ci-dessous, nous fournissons \u00e9galement des informations sur son fonctionnement.<\/p>\n\n\t\t<div class=\"container p-3 widget-betting-calculator\">\n\t\t\t<div class=\"row\">\n\t\t\t\t<div class=\"col-12 col-md-4 form-group\">\n\t\t\t\t\t<label for=\"format\">Format des cotes :<\/label>\n\t\t\t\t\t<select class=\"form-control\" id=\"format\">\n\t\t\t\t\t\t<option value=\"decimal\">D\u00e9cimale<\/option>\n\t\t\t\t\t\t<option value=\"american\">Am\u00e9ricaine<\/option>\n\t\t\t\t\t\t<option value=\"fractional\">Fractionnaire<\/option>\n\t\t\t\t\t<\/select>\n\t\t\t\t<\/div>\n\n\t\t\t\t<div class=\"col-12 col-md-4 form-group\">\n\t\t\t\t\t<label for=\"odds\">Cotes :<\/label>\n\t\t\t\t\t<input type=\"text\" class=\"form-control\" id=\"odds\" placeholder=\"Entrez les cotes\">\n\t\t\t\t<\/div>\n\n\t\t\t\t<div class=\"col-12 col-md-4 form-group\">\n\t\t\t\t\t<label for=\"stake\">Mise :<\/label>\n\t\t\t\t\t<input type=\"text\" class=\"form-control\" id=\"stake\" placeholder=\"Entrez la mise\">\n\t\t\t\t<\/div>\n\t\t\t<\/div>\n\n\t\t\t\t<div id=\"result\"><\/div>\n\n\t\t\t\t<button type=\"button\" class=\"btn btn-primary\" id=\"calculate\">Calculer<\/button>\n\t\t\t\t<button type=\"button\" class=\"btn btn-warning\" id=\"reset\">R\u00e9initialiser<\/button>\n\t\t\t\t\n\t\t<\/div>\n\n\t\t<script>\n\t\t\tjQuery(document).ready(function($) {\n\t\t\t\t$(\"#calculate\").click(function() {\n\t\t\t\t\tvar format = $(\"#format\").val();\n\t\t\t\t\tvar odds = $(\"#odds\").val();\n\t\t\t\t\tvar stake = $(\"#stake\").val();\n\t\t\t\t\tif (format == \"decimal\") {\n\t\t\t\t\t\tif ($.isNumeric(odds) && odds > 1) {\n\t\t\t\t\t\t\tvar payout = (stake * odds).toFixed(2);\n\t\t\t\t\t\t\tvar profit = (payout - stake).toFixed(2);\n\t\t\t\t\t\t\t$(\"#result\").html(\"Paiement : $\" + payout + \"<br>Profit : $\" + profit).addClass(\"success\");\n\t\t\t\t\t\t} else {\n\t\t\t\t\t\t\t$(\"#result\").html(\"Veuillez entrer une cote d\u00e9cimale valide sup\u00e9rieure \u00e0 1.\").addClass(\"error\");\n\t\t\t\t\t\t}\n\t\t\t\t\t} else if (format == \"american\") {\n\t\t\t\t\t\tif ($.isNumeric(odds)) {\n\t\t\t\t\t\t\tvar decimalOdds;\n\t\t\t\t\t\t\tif (odds > 0) {\n\t\t\t\t\t\t\t\tdecimalOdds = (odds \/ 100 + 1).toFixed(2);\n\t\t\t\t\t\t\t} else {\n\t\t\t\t\t\t\t\tdecimalOdds = (100 \/ -odds + 1).toFixed(2);\n\t\t\t\t\t\t\t}\n\t\t\t\t\t\t\tvar payout = (stake * decimalOdds).toFixed(2);\n\t\t\t\t\t\t\tvar profit = (payout - stake).toFixed(2);\n\t\t\t\t\t\t\t$(\"#result\").html(\"Paiement : $\" + payout + \"<br>Profit : $\" + profit).addClass(\"success\");\n\t\t\t\t\t\t} else {\n\t\t\t\t\t\t\t$(\"#result\").html(\"Veuillez entrer une cote am\u00e9ricaine valide.\").addClass(\"error\");\n\t\t\t\t\t\t}\n\t\t\t\t\t} else if (format == \"fractional\") {\n\t\t\t\t\t\tif (\/^\\d+\\\/\\d+$\/.test(odds)) {\n\t\t\t\t\t\t\tvar parts = odds.split(\"\/\");\n\t\t\t\t\t\t\tvar numerator = parseInt(parts[0]);\n\t\t\t\t\t\t\tvar denominator = parseInt(parts[1]);\n\t\t\t\t\t\t\tvar decimalOdds = (numerator \/ denominator + 1).toFixed(2);\n\t\t\t\t\t\t\tvar payout = (stake * decimalOdds).toFixed(2);\n\t\t\t\t\t\t\tvar profit = (payout - stake).toFixed(2);\n\t\t\t\t\t\t\t$(\"#result\").html(\"Paiement : $\" + payout + \"<br>Profit : $\" + profit).addClass(\"success\");\n\t\t\t\t\t\t} else {\n\t\t\t\t\t\t\t$(\"#result\").html(\"Veuillez entrer une cote fractionnelle valide au format X\/Y.\").addClass(\"error\");\n\t\t\t\t\t\t}\n\t\t\t\t\t}\n\t\t\t\t});\n\n\t\t\t\t$(\"#reset\").click(function() {\n\t\t\t\t\t$(\"#odds\").val(\"\");\n\t\t\t\t\t$(\"#stake\").val(\"\");\n\t\t\t\t\t$(\"#result\").html(\"\").removeClass();\n\t\t\t\t});\n\t\t\t});\n\t\t<\/script>\n\t\n<div class=\"mb-3\">&nbsp;<\/div>\n\n<h2 id=\"what\">Qu&rsquo;est-ce qu&rsquo;un pari simple\u202f?<\/h2>\n<p><img decoding=\"async\" src=\"https:\/\/www.sportingpedia.com\/wp-content\/uploads\/2021\/02\/football-betting-accumulators-vs-single_single-bets.svg\" alt=\"Qu'est-ce qu'un Pari Simple ?\" width=\"300\" height=\"150\" class=\"alignleft \">Le pari simple est la forme la plus basique de pari\u202f: il permet aux parieurs de miser de l&rsquo;argent sur le r\u00e9sultat d&rsquo;un \u00e9v\u00e9nement sportif ou d&rsquo;un autre type d&rsquo;\u00e9v\u00e9nement. Les parieurs choisissent un seul r\u00e9sultat, comme le vainqueur d&rsquo;un match, d&rsquo;o\u00f9 le nom de cette option. Si vous souhaitez en savoir plus sur ce type de pari et sur d&rsquo;autres formules, vous pouvez \u00e9galement vous rendre dans notre <strong>section Sites de paris<\/strong> et lire nos avis d\u00e9taill\u00e9s sur les paris sportifs.<\/p>\n<div class=\"clear\"><\/div>\n<h2 id=\"how\">Comment fonctionne notre calculateur de pari simple\u202f?<\/h2>\n<p><img decoding=\"async\" src=\"https:\/\/www.sportingpedia.com\/wp-content\/uploads\/2021\/02\/nfl-betting-cashout_calculating.svg\" alt=\"Comment Fonctionne Notre Calculateur de Pari Simple ?\" width=\"300\" height=\"150\" class=\"alignleft \">Chaque fois que vous avez besoin d&rsquo;aide pour d\u00e9terminer le retour potentiel de vos paris simples, utilisez notre calculateur de pari simple. Ses param\u00e8tres vous permettent de choisir parmi les formats de cotes les plus populaires et d&rsquo;entrer les cotes de la fa\u00e7on la plus claire. <\/p>\n<p>Par ailleurs, explorez le menu des param\u00e8tres\u202f: vous pourrez notamment ajouter des notes \u00e0 une s\u00e9lection ou activer des r\u00e9glages suppl\u00e9mentaires pour l&rsquo;each way. Pour les informations de base, indiquez d&rsquo;abord si vous calculez les cotes d&rsquo;un pari simple avec ou sans option each way.<\/p>\n<p>Notre calculateur permet \u00e9galement d&rsquo;estimer le retour sur plusieurs s\u00e9lections sans avoir \u00e0 saisir les cotes de chaque s\u00e9lection s\u00e9par\u00e9ment. Vous pouvez effectuer ces calculs pour un maximum de 20 s\u00e9lections, mais gardez \u00e0 l&rsquo;esprit que si vous d\u00e9passez le nombre requis pour un pari simple, double ou triple, votre mise sera trait\u00e9e comme un perm (combinaison de paris).<\/p>\n<p>Si vous calculez un pari simple sur une course hippique et que la r\u00e8gle 4 s&rsquo;applique, vous pouvez choisir d&rsquo;inclure cette d\u00e9duction dans le calcul. Vous devrez alors s\u00e9lectionner la valeur \u00e0 retirer du gain potentiel.<\/p>\n<p>Pour chaque s\u00e9lection, indiquez le r\u00e9sultat\u202f: Gagnant, Dead Heat, Perdu ou Annul\u00e9\/Non partant. L&rsquo;\u00e9tape suivante consiste \u00e0 saisir les cotes de votre pari simple. Si vous pr\u00e9f\u00e9rez un autre format, il vous suffit de le s\u00e9lectionner dans les param\u00e8tres.<\/p>\n<p>Si vous calculez le retour sur plusieurs s\u00e9lections, pr\u00e9cisez si le montant indiqu\u00e9 correspond \u00e0 la mise totale engag\u00e9e sur l&rsquo;ensemble des s\u00e9lections ou \u00e0 la mise par s\u00e9lection. La section suivante du calculateur vous invite ensuite \u00e0 saisir ce montant.<\/p>\n<p>Une fois toutes les sections compl\u00e9t\u00e9es, notre calculateur vous indiquera le co\u00fbt total de vos paris, le retour total attendu ainsi que le b\u00e9n\u00e9fice potentiel si votre session est r\u00e9ussie. Vous pourrez alors sauvegarder ce ticket de pari ou effacer les donn\u00e9es saisies.<\/p>\n<h2 id=\"why\">Pourquoi utiliser un calculateur de pari simple\u202f?<\/h2>\n<p><img decoding=\"async\" src=\"https:\/\/www.sportingpedia.com\/wp-content\/uploads\/2021\/02\/football-betting-how-to-calculate-arbitrage-bets_why-do-such-opportunities-appear.svg\" alt=\"Pourquoi Utiliser un Calculateur de Paris Simple\" width=\"300\" height=\"150\" class=\"alignleft \">Bien que les paris simples soient la mani\u00e8re la plus facile de miser sur un \u00e9v\u00e9nement, vous pouvez tirer un grand avantage de notre calculateur de pari simple avant de placer votre mise chez un bookmaker. Si plusieurs bookmakers proposent des cotes diff\u00e9rentes pour le m\u00eame \u00e9v\u00e9nement, utilisez notre calculateur pour d\u00e9terminer lequel offre le meilleur retour potentiel. De plus, vous pouvez calculer facilement le montant de la mise n\u00e9cessaire pour atteindre un retour cibl\u00e9.<\/p>\n<p>Les calculateurs de paris simples sont aussi extr\u00eamement utiles pour les amateurs de courses hippiques, car ils permettent de saisir les cotes de tous les concurrents et d&rsquo;identifier le cheval offrant le meilleur retour potentiel s&rsquo;il l&#8217;emporte. Il suffit pour cela de renseigner les cotes de chaque partant et de choisir la m\u00eame mise pour toutes les s\u00e9lections\u202f; vous rep\u00e9rerez alors rapidement les paris \u00e0 plus forte valeur.<\/p>\n<p>Si vous pr\u00e9f\u00e9rez placer des paris doubles, triples ou \u00e0 plusieurs \u00e9tapes plut\u00f4t que plusieurs paris simples, consultez \u00e9galement nos calculateurs de paris doubles, triples ou accumulateurs.<\/p>\n","protected":false},"excerpt":{"rendered":"<p>Un pari simple est le moyen le plus direct de parier sur un \u00e9v\u00e9nement et vous permet de miser sur une seule s\u00e9lection. Vous pouvez placer un pari simple sur une grande vari\u00e9t\u00e9 de r\u00e9sultats\u202f: la victoire d&rsquo;une \u00e9quipe, d&rsquo;un joueur, d&rsquo;un cheval dans une course, etc. Si vous optez pour un pari simple \u00ab\u202feach-way\u202f\u00bb, [&hellip;]<\/p>\n","protected":false},"author":8,"featured_media":123471,"parent":118485,"menu_order":100,"comment_status":"closed","ping_status":"closed","template":"template-guide-page.php","meta":{"footnotes":""},"class_list":["post-118477","page","type-page","status-publish","has-post-thumbnail","hentry"],"yoast_head":"<!-- This site is optimized with the Yoast SEO plugin v26.6 - https:\/\/yoast.com\/wordpress\/plugins\/seo\/ -->\n<title>Calculateur de Pari Simple : Calculez Votre Gain de Pari Sportif<\/title>\n<meta name=\"description\" content=\"Utilisez notre calculateur de pari Simple pour calculer le retour de votre pari. D\u00e9couvrez combien vous pouvez gagner avec vos paris simples sur des \u00e9v\u00e9nements sportifs.\" \/>\n<meta name=\"robots\" content=\"index, follow, max-snippet:-1, max-image-preview:large, max-video-preview:-1\" \/>\n<link rel=\"canonical\" href=\"https:\/\/www.sportingpedia.com\/fr\/betting-calculators\/single-bet-calculator\/\" \/>\n<meta property=\"og:locale\" content=\"fr_FR\" \/>\n<meta property=\"og:type\" content=\"article\" \/>\n<meta property=\"og:title\" content=\"Calculateur de Pari Simple : Calculez Votre Gain de Pari Sportif\" \/>\n<meta property=\"og:description\" content=\"Utilisez notre calculateur de pari Simple pour calculer le retour de votre pari. D\u00e9couvrez combien vous pouvez gagner avec vos paris simples sur des \u00e9v\u00e9nements sportifs.\" \/>\n<meta property=\"og:url\" content=\"https:\/\/www.sportingpedia.com\/fr\/betting-calculators\/single-bet-calculator\/\" \/>\n<meta property=\"og:site_name\" content=\"Sportingpedia - Latest Sports News From All Over the World\" \/>\n<meta property=\"article:modified_time\" content=\"2025-12-05T15:17:45+00:00\" \/>\n<meta name=\"twitter:card\" content=\"summary_large_image\" \/>\n<meta name=\"twitter:label1\" content=\"Dur\u00e9e de lecture estim\u00e9e\" \/>\n\t<meta name=\"twitter:data1\" content=\"5 minutes\" \/>\n<script type=\"application\/ld+json\" class=\"yoast-schema-graph\">{\"@context\":\"https:\/\/schema.org\",\"@graph\":[{\"@type\":\"WebPage\",\"@id\":\"https:\/\/www.sportingpedia.com\/fr\/betting-calculators\/single-bet-calculator\/\",\"url\":\"https:\/\/www.sportingpedia.com\/fr\/betting-calculators\/single-bet-calculator\/\",\"name\":\"Calculateur de Pari Simple : Calculez Votre Gain de Pari Sportif\",\"isPartOf\":{\"@id\":\"https:\/\/www.sportingpedia.com\/fr\/#website\"},\"primaryImageOfPage\":{\"@id\":\"https:\/\/www.sportingpedia.com\/fr\/betting-calculators\/single-bet-calculator\/#primaryimage\"},\"image\":{\"@id\":\"https:\/\/www.sportingpedia.com\/fr\/betting-calculators\/single-bet-calculator\/#primaryimage\"},\"thumbnailUrl\":\"https:\/\/www.sportingpedia.com\/wp-content\/uploads\/2023\/03\/single-bet-calculator-featured.svg\",\"datePublished\":\"2025-04-10T07:45:43+00:00\",\"dateModified\":\"2025-12-05T15:17:45+00:00\",\"description\":\"Utilisez notre calculateur de pari Simple pour calculer le retour de votre pari. D\u00e9couvrez combien vous pouvez gagner avec vos paris simples sur des \u00e9v\u00e9nements sportifs.\",\"breadcrumb\":{\"@id\":\"https:\/\/www.sportingpedia.com\/fr\/betting-calculators\/single-bet-calculator\/#breadcrumb\"},\"inLanguage\":\"fr-FR\",\"potentialAction\":[{\"@type\":\"ReadAction\",\"target\":[\"https:\/\/www.sportingpedia.com\/fr\/betting-calculators\/single-bet-calculator\/\"]}]},{\"@type\":\"ImageObject\",\"inLanguage\":\"fr-FR\",\"@id\":\"https:\/\/www.sportingpedia.com\/fr\/betting-calculators\/single-bet-calculator\/#primaryimage\",\"url\":\"https:\/\/www.sportingpedia.com\/wp-content\/uploads\/2023\/03\/single-bet-calculator-featured.svg\",\"contentUrl\":\"https:\/\/www.sportingpedia.com\/wp-content\/uploads\/2023\/03\/single-bet-calculator-featured.svg\"},{\"@type\":\"BreadcrumbList\",\"@id\":\"https:\/\/www.sportingpedia.com\/fr\/betting-calculators\/single-bet-calculator\/#breadcrumb\",\"itemListElement\":[{\"@type\":\"ListItem\",\"position\":1,\"name\":\"Accueil\",\"item\":\"https:\/\/www.sportingpedia.com\/fr\/home\/\"},{\"@type\":\"ListItem\",\"position\":2,\"name\":\"Calculatrices de paris sportifs\",\"item\":\"https:\/\/www.sportingpedia.com\/fr\/betting-calculators\/\"},{\"@type\":\"ListItem\",\"position\":3,\"name\":\"Calculateur de Pari Simple\"}]},{\"@type\":\"WebSite\",\"@id\":\"https:\/\/www.sportingpedia.com\/fr\/#website\",\"url\":\"https:\/\/www.sportingpedia.com\/fr\/\",\"name\":\"Sportingpedia - Latest Sports News From All Over the World\",\"description\":\"\",\"publisher\":{\"@id\":\"https:\/\/www.sportingpedia.com\/fr\/#organization\"},\"potentialAction\":[{\"@type\":\"SearchAction\",\"target\":{\"@type\":\"EntryPoint\",\"urlTemplate\":\"https:\/\/www.sportingpedia.com\/fr\/?s={search_term_string}\"},\"query-input\":{\"@type\":\"PropertyValueSpecification\",\"valueRequired\":true,\"valueName\":\"search_term_string\"}}],\"inLanguage\":\"fr-FR\"},{\"@type\":\"Organization\",\"@id\":\"https:\/\/www.sportingpedia.com\/fr\/#organization\",\"name\":\"SportingPedia\",\"url\":\"https:\/\/www.sportingpedia.com\/fr\/\",\"logo\":{\"@type\":\"ImageObject\",\"inLanguage\":\"fr-FR\",\"@id\":\"https:\/\/www.sportingpedia.com\/fr\/#\/schema\/logo\/image\/\",\"url\":\"https:\/\/www.sportingpedia.com\/wp-content\/uploads\/2019\/10\/SportingPedia_logo.png\",\"contentUrl\":\"https:\/\/www.sportingpedia.com\/wp-content\/uploads\/2019\/10\/SportingPedia_logo.png\",\"width\":600,\"height\":101,\"caption\":\"SportingPedia\"},\"image\":{\"@id\":\"https:\/\/www.sportingpedia.com\/fr\/#\/schema\/logo\/image\/\"}}]}<\/script>\n<!-- \/ Yoast SEO plugin. -->","yoast_head_json":{"title":"Calculateur de Pari Simple : Calculez Votre Gain de Pari Sportif","description":"Utilisez notre calculateur de pari Simple pour calculer le retour de votre pari. D\u00e9couvrez combien vous pouvez gagner avec vos paris simples sur des \u00e9v\u00e9nements sportifs.","robots":{"index":"index","follow":"follow","max-snippet":"max-snippet:-1","max-image-preview":"max-image-preview:large","max-video-preview":"max-video-preview:-1"},"canonical":"https:\/\/www.sportingpedia.com\/fr\/betting-calculators\/single-bet-calculator\/","og_locale":"fr_FR","og_type":"article","og_title":"Calculateur de Pari Simple : Calculez Votre Gain de Pari Sportif","og_description":"Utilisez notre calculateur de pari Simple pour calculer le retour de votre pari. D\u00e9couvrez combien vous pouvez gagner avec vos paris simples sur des \u00e9v\u00e9nements sportifs.","og_url":"https:\/\/www.sportingpedia.com\/fr\/betting-calculators\/single-bet-calculator\/","og_site_name":"Sportingpedia - Latest Sports News From All Over the World","article_modified_time":"2025-12-05T15:17:45+00:00","twitter_card":"summary_large_image","twitter_misc":{"Dur\u00e9e de lecture estim\u00e9e":"5 minutes"},"schema":{"@context":"https:\/\/schema.org","@graph":[{"@type":"WebPage","@id":"https:\/\/www.sportingpedia.com\/fr\/betting-calculators\/single-bet-calculator\/","url":"https:\/\/www.sportingpedia.com\/fr\/betting-calculators\/single-bet-calculator\/","name":"Calculateur de Pari Simple : Calculez Votre Gain de Pari Sportif","isPartOf":{"@id":"https:\/\/www.sportingpedia.com\/fr\/#website"},"primaryImageOfPage":{"@id":"https:\/\/www.sportingpedia.com\/fr\/betting-calculators\/single-bet-calculator\/#primaryimage"},"image":{"@id":"https:\/\/www.sportingpedia.com\/fr\/betting-calculators\/single-bet-calculator\/#primaryimage"},"thumbnailUrl":"https:\/\/www.sportingpedia.com\/wp-content\/uploads\/2023\/03\/single-bet-calculator-featured.svg","datePublished":"2025-04-10T07:45:43+00:00","dateModified":"2025-12-05T15:17:45+00:00","description":"Utilisez notre calculateur de pari Simple pour calculer le retour de votre pari. D\u00e9couvrez combien vous pouvez gagner avec vos paris simples sur des \u00e9v\u00e9nements sportifs.","breadcrumb":{"@id":"https:\/\/www.sportingpedia.com\/fr\/betting-calculators\/single-bet-calculator\/#breadcrumb"},"inLanguage":"fr-FR","potentialAction":[{"@type":"ReadAction","target":["https:\/\/www.sportingpedia.com\/fr\/betting-calculators\/single-bet-calculator\/"]}]},{"@type":"ImageObject","inLanguage":"fr-FR","@id":"https:\/\/www.sportingpedia.com\/fr\/betting-calculators\/single-bet-calculator\/#primaryimage","url":"https:\/\/www.sportingpedia.com\/wp-content\/uploads\/2023\/03\/single-bet-calculator-featured.svg","contentUrl":"https:\/\/www.sportingpedia.com\/wp-content\/uploads\/2023\/03\/single-bet-calculator-featured.svg"},{"@type":"BreadcrumbList","@id":"https:\/\/www.sportingpedia.com\/fr\/betting-calculators\/single-bet-calculator\/#breadcrumb","itemListElement":[{"@type":"ListItem","position":1,"name":"Accueil","item":"https:\/\/www.sportingpedia.com\/fr\/home\/"},{"@type":"ListItem","position":2,"name":"Calculatrices de paris sportifs","item":"https:\/\/www.sportingpedia.com\/fr\/betting-calculators\/"},{"@type":"ListItem","position":3,"name":"Calculateur de Pari Simple"}]},{"@type":"WebSite","@id":"https:\/\/www.sportingpedia.com\/fr\/#website","url":"https:\/\/www.sportingpedia.com\/fr\/","name":"Sportingpedia - Latest Sports News From All Over the World","description":"","publisher":{"@id":"https:\/\/www.sportingpedia.com\/fr\/#organization"},"potentialAction":[{"@type":"SearchAction","target":{"@type":"EntryPoint","urlTemplate":"https:\/\/www.sportingpedia.com\/fr\/?s={search_term_string}"},"query-input":{"@type":"PropertyValueSpecification","valueRequired":true,"valueName":"search_term_string"}}],"inLanguage":"fr-FR"},{"@type":"Organization","@id":"https:\/\/www.sportingpedia.com\/fr\/#organization","name":"SportingPedia","url":"https:\/\/www.sportingpedia.com\/fr\/","logo":{"@type":"ImageObject","inLanguage":"fr-FR","@id":"https:\/\/www.sportingpedia.com\/fr\/#\/schema\/logo\/image\/","url":"https:\/\/www.sportingpedia.com\/wp-content\/uploads\/2019\/10\/SportingPedia_logo.png","contentUrl":"https:\/\/www.sportingpedia.com\/wp-content\/uploads\/2019\/10\/SportingPedia_logo.png","width":600,"height":101,"caption":"SportingPedia"},"image":{"@id":"https:\/\/www.sportingpedia.com\/fr\/#\/schema\/logo\/image\/"}}]}},"_links":{"self":[{"href":"https:\/\/www.sportingpedia.com\/fr\/wp-json\/wp\/v2\/pages\/118477","targetHints":{"allow":["GET"]}}],"collection":[{"href":"https:\/\/www.sportingpedia.com\/fr\/wp-json\/wp\/v2\/pages"}],"about":[{"href":"https:\/\/www.sportingpedia.com\/fr\/wp-json\/wp\/v2\/types\/page"}],"author":[{"embeddable":true,"href":"https:\/\/www.sportingpedia.com\/fr\/wp-json\/wp\/v2\/users\/8"}],"replies":[{"embeddable":true,"href":"https:\/\/www.sportingpedia.com\/fr\/wp-json\/wp\/v2\/comments?post=118477"}],"version-history":[{"count":2,"href":"https:\/\/www.sportingpedia.com\/fr\/wp-json\/wp\/v2\/pages\/118477\/revisions"}],"predecessor-version":[{"id":148961,"href":"https:\/\/www.sportingpedia.com\/fr\/wp-json\/wp\/v2\/pages\/118477\/revisions\/148961"}],"up":[{"embeddable":true,"href":"https:\/\/www.sportingpedia.com\/fr\/wp-json\/wp\/v2\/pages\/118485"}],"wp:featuredmedia":[{"embeddable":true,"href":"https:\/\/www.sportingpedia.com\/fr\/wp-json\/wp\/v2\/media\/123471"}],"wp:attachment":[{"href":"https:\/\/www.sportingpedia.com\/fr\/wp-json\/wp\/v2\/media?parent=118477"}],"curies":[{"name":"wp","href":"https:\/\/api.w.org\/{rel}","templated":true}]}}