{"id":118478,"date":"2025-04-10T07:45:44","date_gmt":"2025-04-10T07:45:44","guid":{"rendered":"https:\/\/www.sportingpedia.com\/?page_id=118478"},"modified":"2025-12-05T15:19:17","modified_gmt":"2025-12-05T15:19:17","slug":"double-bet-calculator","status":"publish","type":"page","link":"https:\/\/www.sportingpedia.com\/fr\/betting-calculators\/double-bet-calculator\/","title":{"rendered":"Calculateur de Paris Doubles"},"content":{"rendered":"<p>Le pari double est un autre type de pari simple que les parieurs peuvent placer sur divers \u00e9v\u00e9nements sportifs et non sportifs. Il s&rsquo;agit d&rsquo;une <strong>option de pari multiple<\/strong>, qui consiste en deux s\u00e9lections, avec paiement du pari uniquement si les deux s\u00e9lections gagnent. Pour calculer le gain de ce type de pari, vous pouvez utiliser notre Calculateur de pari double ci-dessous.<\/p>\n\n\t\t<div class=\"container p-3 widget-betting-calculator\">\n\t\t\t<div class=\"row\">\n\t\t\t\t<div class=\"col-12 col-md-6 form-group\">\n\t\t\t\t\t<label for=\"format\">Format des cotes :<\/label>\n\t\t\t\t\t<select class=\"form-control\" id=\"format\">\n\t\t\t\t\t\t<option value=\"decimal\">D\u00e9cimale<\/option>\n\t\t\t\t\t\t<option value=\"american\">Am\u00e9ricaine<\/option>\n\t\t\t\t\t\t<option value=\"fractional\">Fractionnaire<\/option>\n\t\t\t\t\t<\/select>\n\t\t\t\t<\/div>\n\t\t\t\t\n\t\t\t\t<div class=\"col-12 col-md-6 form-group\">\n\t\t\t\t\t<label for=\"stake\">Mise :<\/label>\n\t\t\t\t\t<input type=\"text\" class=\"form-control\" id=\"stake\" placeholder=\"Entrez la mise\">\n\t\t\t\t<\/div>\n\n\t\t\t\t<div class=\"col-12 col-md-6 form-group\">\n\t\t\t\t\t<label for=\"odds\">Cotes :<\/label>\n\t\t\t\t\t<input type=\"text\" class=\"form-control\" id=\"odds\" placeholder=\"Entrez les cotes\">\n\t\t\t\t<\/div>\n\n\t\t\t\t<div class=\"col-12 col-md-6 form-group\">\n\t\t\t\t\t<label for=\"odds2\">Cotes 2 :<\/label>\n\t\t\t\t\t<input type=\"text\" class=\"form-control\" id=\"odds2\" placeholder=\"Entrez les cotes\">\n\t\t\t\t<\/div>\n\t\t\t<\/div>\n\n\t\t\t\t<div id=\"result\"><\/div>\n\n\t\t\t\t<button type=\"button\" class=\"btn btn-primary\" id=\"calculate\">Calculer<\/button>\n\t\t\t\t<button type=\"button\" class=\"btn btn-warning\" id=\"reset\">R\u00e9initialiser<\/button>\n\t\t\t\t\n\t\t<\/div>\n\n\t\t<script>\n\t\t\tjQuery(document).ready(function($) {\n\t\t\t\t$(\"#calculate\").click(function() {\n\t\t\t    var format = $(\"#format\").val();\n\t\t\t    var odds = $(\"#odds\").val();\n\t\t\t    var odds2 = $(\"#odds2\").val();\n\t\t\t    var stake = $(\"#stake\").val();\n\t\t\t    if (format == \"decimal\") {\n\t\t\t      \tif ($.isNumeric(odds) && odds > 1 && $.isNumeric(odds2) && odds2 > 1) {\n\t\t\t        \tvar payout = (stake * (parseFloat(odds) * parseFloat(odds2))).toFixed(2);\n\t\t\t        \tvar profit = (payout - stake).toFixed(2);\n\t\t\t        \t$(\"#result\").html(\"Paiement : $\" + payout + \"<br>Profit : $\" + profit).addClass(\"success\");\n\t\t\t      \t} else {\n\t\t\t        \t$(\"#result\").html(\"Veuillez entrer des cotes d\u00e9cimales valides sup\u00e9rieures \u00e0 1.\").addClass(\"error\");\n\t\t\t      \t}\n\t\t\t    } else if (format == \"american\") {\n\t\t\t      \tif ($.isNumeric(odds) && $.isNumeric(odds2)) {\n\t\t\t\t        var decimalOdds, decimalOdds2;\n\t\t\t\t        if (odds > 0) {\n\t\t\t\t          decimalOdds = (odds \/ 100 + 1).toFixed(2);\n\t\t\t\t        } else {\n\t\t\t\t          decimalOdds = (100 \/ -odds + 1).toFixed(2);\n\t\t\t\t        }\n\t\t\t\t        if (odds2 > 0) {\n\t\t\t\t          decimalOdds2 = (odds2 \/ 100 + 1).toFixed(2);\n\t\t\t\t        } else {\n\t\t\t\t          decimalOdds2 = (100 \/ -odds2 + 1).toFixed(2);\n\t\t\t\t        }\n\t\t\t\t        var payout = (stake * (parseFloat(decimalOdds) * parseFloat(decimalOdds2))).toFixed(2);\n\t\t\t\t        var profit = (payout - stake).toFixed(2);\n\t\t\t\t        $(\"#result\").html(\"Paiement : $\" + payout + \"<br>Profit : $\" + profit).addClass(\"success\");\n\t\t\t      \t} else {\n\t\t\t        \t$(\"#result\").html(\"Veuillez entrer des cotes am\u00e9ricaines valides.\").addClass(\"error\");\n\t\t\t      \t}\n\t\t\t    } else if (format == \"fractional\") {\n\t\t\t      \tif (\/^\\d+\\\/\\d+$\/.test(odds) && \/^\\d+\\\/\\d+$\/.test(odds2)) {\n\t\t\t\t        var parts = odds.split(\"\/\");\n\t\t\t\t        var numerator = parseInt(parts[0]);\n\t\t\t\t        var denominator = parseInt(parts[1]);\n\t\t\t\t        var decimalOdds = (numerator \/ denominator + 1).toFixed(2);\n\t\t\t\t        var parts2 = odds2.split(\"\/\");\n\t\t\t\t        var numerator2 = parseInt(parts2[0]);\n\t\t\t\t        var denominator2 = parseInt(parts2[1]);\n\t\t\t\t        var decimalOdds2 = (numerator2 \/ denominator2 + 1).toFixed(2);\n\t\t\t\t        var payout = (stake * (parseFloat(decimalOdds) * parseFloat(decimalOdds2))).toFixed(2);\n\t\t\t\t        var profit = (payout - stake).toFixed(2);\n\t\t\t\t        $(\"#result\").html(\"Paiement : $\" + payout + \"<br>Profit : $\" + profit).addClass(\"success\");\n\t\t\t      \t} else {\n\t\t\t        \t$(\"#result\").html(\"Veuillez entrer des cotes fractionnelles valides au format X\/Y.\").addClass(\"error\");\n\t\t\t      \t}\n\t\t\t    }\n\n\t\t\t  });\n\t\t\t  $(\"#reset\").click(function() {\n\t\t\t    $(\"#odds\").val(\"\");\n\t\t\t    $(\"#odds2\").val(\"\");\n\t\t\t    $(\"#stake\").val(\"\");\n\t\t\t    $(\"#result\").html(\"\").removeClass();\n\t\t\t  });\n\t\t\t});\n\t\t<\/script>\n\t\n<div class=\"mb-3\">&nbsp;<\/div>\n\n<h2 id=\"what\">Qu&rsquo;est-ce qu&rsquo;un pari double\u202f?<\/h2>\n<p><img decoding=\"async\" src=\"https:\/\/www.sportingpedia.com\/wp-content\/uploads\/2021\/02\/football-betting-accumulators-vs-single_single-bets.svg\" alt=\"Qu'est-ce qu'un Pari Double ?\" width=\"300\" height=\"150\" class=\"alignleft \">Contrairement aux paris simples, o\u00f9 vous pouvez choisir deux s\u00e9lections diff\u00e9rentes et gagner ind\u00e9pendamment sur chacune d&rsquo;elles, les paris doubles offrent des gains d&rsquo;une mani\u00e8re diff\u00e9rente. Chaque fois que vous choisissez deux \u00e9tapes pour votre pari double, le gain du premier \u00e9v\u00e9nement, \u00e0 condition qu&rsquo;il gagne, est report\u00e9 et sert de mise pour la deuxi\u00e8me \u00e9tape du pari. <strong>C&rsquo;est pourquoi vous devez gagner les deux s\u00e9lections pour recevoir un paiement<\/strong>.<\/p>\n<p>Si vous d\u00e9butez encore dans le domaine des paris sportifs, vous ne verrez peut-\u00eatre pas les avantages de placer un pari double plut\u00f4t que deux paris simples sur les \u00e9v\u00e9nements sur lesquels vous souhaitez miser de l&rsquo;argent. Pour le dire simplement, <strong>les cotes d&rsquo;un pari double sont sup\u00e9rieures aux cotes propos\u00e9es sur deux s\u00e9lections distinctes<\/strong>. Si vous utilisez nos calculatrices de pari simple et de pari double, vous distinguerez facilement la diff\u00e9rence de retour potentiel.<\/p>\n<p>Les paris doubles sont populaires aupr\u00e8s des amateurs de football, de tennis, de courses de chevaux ainsi que de nombreux autres sports. Bien que la difficult\u00e9 consiste \u00e0 remporter les deux \u00e9tapes qui le composent, vous constaterez que le retour potentiel est nettement meilleur avec les paris doubles. <strong>Les cotes de ce type de pari se calculent en multipliant les cotes de chaque s\u00e9lection<\/strong>. Le r\u00e9sultat repr\u00e9sente les cotes combin\u00e9es de votre pari double\u202f; ce type de pari n&rsquo;offre le retour attendu que si les deux \u00e9tapes gagnent.<\/p>\n<p>Il est \u00e9galement possible de faire un pari double Each Way, similaire \u00e0 un pari simple Each Way\u202f; cela revient \u00e0 placer deux paris identiques sur deux s\u00e9lections. La r\u00e8gle est la suivante\u202f: les deux paris Each Way doivent gagner pour que vous receviez un retour sur votre pari double.<\/p>\n<h2 id=\"work\">Comment fonctionne notre calculateur de paris doubles\u202f?<\/h2>\n<p><img decoding=\"async\" src=\"https:\/\/www.sportingpedia.com\/wp-content\/uploads\/2021\/02\/nfl-betting-cashout_calculating.svg\" alt=\"Comment fonctionne notre calculateur de paris doubles&nbsp;?\" width=\"300\" height=\"150\" class=\"alignleft \">Pour calculer le retour potentiel de vos paris doubles, vous pouvez utiliser notre outil de calcul extr\u00eamement facile \u00e0 prendre en main, qui vous montrera instantan\u00e9ment le profit que vous pouvez esp\u00e9rer. Pour <strong>ajuster le format des cotes du calculateur<\/strong>, rendez-vous dans les param\u00e8tres de l&rsquo;outil, o\u00f9 vous pourrez choisir parmi les formats de cotes couramment utilis\u00e9s. Vous pouvez \u00e9galement ajouter des notes \u00e0 vos s\u00e9lections ou activer les param\u00e8tres de pari sp\u00e9cial Each Way.<\/p>\n<p>Une fois les r\u00e9glages termin\u00e9s, vous pouvez indiquer si vous avez opt\u00e9 pour <strong>le pari Each Way<\/strong> ou non. Vous devez \u00e9galement choisir le nombre de s\u00e9lections sur lesquelles vous envisagez de parier. Comme vous faites un pari double, le nombre minimum de s\u00e9lections requis est de deux, mais vous pouvez choisir de voir le retour pour jusqu&rsquo;\u00e0 20 s\u00e9lections. Gardez \u00e0 l&rsquo;esprit que, lorsque vous s\u00e9lectionnez plus de s\u00e9lections que n\u00e9cessaire pour un pari double, vos paris sont consid\u00e9r\u00e9s comme des paris multiples (combinaisons de paris).<\/p>\n<p>Si vous pariez sur un coureur lors d&rsquo;une course de chevaux et que <strong>la r\u00e8gle 4<\/strong> s&rsquo;applique, vous pouvez \u00e9galement ajuster les param\u00e8tres de notre calculateur pour en tenir compte dans les estimations du retour potentiel. L&rsquo;\u00e9tape suivante consiste \u00e0 choisir l&rsquo;issue de chaque s\u00e9lection, les options disponibles \u00e9tant Gagnant, Dead Heat, Perdu et Annul\u00e9\/Non-partant.<\/p>\n<p>Vous devrez ensuite saisir les cotes pour chaque s\u00e9lection de votre pari double, et vous \u00eates libre de les entrer dans le format qui vous para\u00eet le plus pratique. <strong>L&rsquo;\u00e9tape suivante consiste \u00e0 indiquer le montant que vous souhaitez parier<\/strong>. Notre calculateur vous permet soit d&rsquo;appliquer ce montant comme mise totale, soit de l&rsquo;utiliser comme mise par pari pour calculer le retour.<\/p>\n<p>Une fois toutes les informations saisies, vous verrez le total mis\u00e9, le montant d&rsquo;un seul pari, le retour total et <strong>le profit total que vous pouvez attendre de vos paris doubles<\/strong>. Vous pouvez enregistrer le ticket de pari g\u00e9n\u00e9r\u00e9 ou effacer tous les d\u00e9tails que vous avez saisis dans l&rsquo;outil de calcul.<\/p>\n<h2 id=\"why\">Pourquoi utiliser un calculateur de pari double\u202f?<\/h2>\n<p><img decoding=\"async\" src=\"https:\/\/www.sportingpedia.com\/wp-content\/uploads\/2021\/02\/football-betting-how-to-calculate-arbitrage-bets_why-do-such-opportunities-appear.svg\" alt=\"Pourquoi utiliser un calculateur de pari double ?\" width=\"300\" height=\"150\" class=\"alignleft \">Bien que les paris doubles soient la forme la plus simple de pari multiple, il reste beaucoup plus facile de calculer vos gains en utilisant un outil de calcul. Gr\u00e2ce \u00e0 cet outil, <strong>vous pouvez \u00e9galement discerner clairement la diff\u00e9rence entre placer deux paris simples ou opter pour un pari double<\/strong>. Avec l&rsquo;aide de notre calculateur de pari double, vous pouvez voir comment l&rsquo;augmentation du nombre de s\u00e9lections affecte le montant total de votre pari ainsi que votre gain potentiel.<\/p>\n<p>En d&rsquo;autres termes, <strong>utiliser un calculateur de pari double<\/strong> peut vous aider \u00e0 d\u00e9terminer le gain potentiel de votre session de paris avant m\u00eame de placer des mises aupr\u00e8s d&rsquo;un bookmaker. Si vous \u00eates int\u00e9ress\u00e9 par les paris multiples, vous pouvez \u00e9galement consulter notre calculateur de pari triple et notre calculateur de pari accumul\u00e9.<\/p>\n","protected":false},"excerpt":{"rendered":"<p>Le pari double est un autre type de pari simple que les parieurs peuvent placer sur divers \u00e9v\u00e9nements sportifs et non sportifs. Il s&rsquo;agit d&rsquo;une option de pari multiple, qui consiste en deux s\u00e9lections, avec paiement du pari uniquement si les deux s\u00e9lections gagnent. Pour calculer le gain de ce type de pari, vous pouvez [&hellip;]<\/p>\n","protected":false},"author":8,"featured_media":123474,"parent":118485,"menu_order":200,"comment_status":"closed","ping_status":"closed","template":"template-guide-page.php","meta":{"footnotes":""},"class_list":["post-118478","page","type-page","status-publish","has-post-thumbnail","hentry"],"yoast_head":"<!-- This site is optimized with the Yoast SEO plugin v26.6 - https:\/\/yoast.com\/wordpress\/plugins\/seo\/ -->\n<title>Calculateur de Double Pari : Calculez Votre Gain de Paris Sportifs<\/title>\n<meta name=\"description\" content=\"Utilisez notre calculatrice de paris Double Bet pour calculer le retour de votre mise. D\u00e9couvrez combien vous pouvez gagner de vos paris sur des \u00e9v\u00e9nements sportifs.\" \/>\n<meta name=\"robots\" content=\"index, follow, max-snippet:-1, max-image-preview:large, max-video-preview:-1\" \/>\n<link rel=\"canonical\" href=\"https:\/\/www.sportingpedia.com\/fr\/betting-calculators\/double-bet-calculator\/\" \/>\n<meta property=\"og:locale\" content=\"fr_FR\" \/>\n<meta property=\"og:type\" content=\"article\" \/>\n<meta property=\"og:title\" content=\"Calculateur de Double Pari : Calculez Votre Gain de Paris Sportifs\" \/>\n<meta property=\"og:description\" content=\"Utilisez notre calculatrice de paris Double Bet pour calculer le retour de votre mise. D\u00e9couvrez combien vous pouvez gagner de vos paris sur des \u00e9v\u00e9nements sportifs.\" \/>\n<meta property=\"og:url\" content=\"https:\/\/www.sportingpedia.com\/fr\/betting-calculators\/double-bet-calculator\/\" \/>\n<meta property=\"og:site_name\" content=\"Sportingpedia - Latest Sports News From All Over the World\" \/>\n<meta property=\"article:modified_time\" content=\"2025-12-05T15:19:17+00:00\" \/>\n<meta name=\"twitter:card\" content=\"summary_large_image\" \/>\n<meta name=\"twitter:label1\" content=\"Dur\u00e9e de lecture estim\u00e9e\" \/>\n\t<meta name=\"twitter:data1\" content=\"5 minutes\" \/>\n<script type=\"application\/ld+json\" class=\"yoast-schema-graph\">{\"@context\":\"https:\/\/schema.org\",\"@graph\":[{\"@type\":\"WebPage\",\"@id\":\"https:\/\/www.sportingpedia.com\/fr\/betting-calculators\/double-bet-calculator\/\",\"url\":\"https:\/\/www.sportingpedia.com\/fr\/betting-calculators\/double-bet-calculator\/\",\"name\":\"Calculateur de Double Pari : Calculez Votre Gain de Paris Sportifs\",\"isPartOf\":{\"@id\":\"https:\/\/www.sportingpedia.com\/fr\/#website\"},\"primaryImageOfPage\":{\"@id\":\"https:\/\/www.sportingpedia.com\/fr\/betting-calculators\/double-bet-calculator\/#primaryimage\"},\"image\":{\"@id\":\"https:\/\/www.sportingpedia.com\/fr\/betting-calculators\/double-bet-calculator\/#primaryimage\"},\"thumbnailUrl\":\"https:\/\/www.sportingpedia.com\/wp-content\/uploads\/2023\/03\/double-bet-calculator-featured.svg\",\"datePublished\":\"2025-04-10T07:45:44+00:00\",\"dateModified\":\"2025-12-05T15:19:17+00:00\",\"description\":\"Utilisez notre calculatrice de paris Double Bet pour calculer le retour de votre mise. D\u00e9couvrez combien vous pouvez gagner de vos paris sur des \u00e9v\u00e9nements sportifs.\",\"breadcrumb\":{\"@id\":\"https:\/\/www.sportingpedia.com\/fr\/betting-calculators\/double-bet-calculator\/#breadcrumb\"},\"inLanguage\":\"fr-FR\",\"potentialAction\":[{\"@type\":\"ReadAction\",\"target\":[\"https:\/\/www.sportingpedia.com\/fr\/betting-calculators\/double-bet-calculator\/\"]}]},{\"@type\":\"ImageObject\",\"inLanguage\":\"fr-FR\",\"@id\":\"https:\/\/www.sportingpedia.com\/fr\/betting-calculators\/double-bet-calculator\/#primaryimage\",\"url\":\"https:\/\/www.sportingpedia.com\/wp-content\/uploads\/2023\/03\/double-bet-calculator-featured.svg\",\"contentUrl\":\"https:\/\/www.sportingpedia.com\/wp-content\/uploads\/2023\/03\/double-bet-calculator-featured.svg\"},{\"@type\":\"BreadcrumbList\",\"@id\":\"https:\/\/www.sportingpedia.com\/fr\/betting-calculators\/double-bet-calculator\/#breadcrumb\",\"itemListElement\":[{\"@type\":\"ListItem\",\"position\":1,\"name\":\"Accueil\",\"item\":\"https:\/\/www.sportingpedia.com\/fr\/home\/\"},{\"@type\":\"ListItem\",\"position\":2,\"name\":\"Calculatrices de paris sportifs\",\"item\":\"https:\/\/www.sportingpedia.com\/fr\/betting-calculators\/\"},{\"@type\":\"ListItem\",\"position\":3,\"name\":\"Calculateur de Paris Doubles\"}]},{\"@type\":\"WebSite\",\"@id\":\"https:\/\/www.sportingpedia.com\/fr\/#website\",\"url\":\"https:\/\/www.sportingpedia.com\/fr\/\",\"name\":\"Sportingpedia - Latest Sports News From All Over the World\",\"description\":\"\",\"publisher\":{\"@id\":\"https:\/\/www.sportingpedia.com\/fr\/#organization\"},\"potentialAction\":[{\"@type\":\"SearchAction\",\"target\":{\"@type\":\"EntryPoint\",\"urlTemplate\":\"https:\/\/www.sportingpedia.com\/fr\/?s={search_term_string}\"},\"query-input\":{\"@type\":\"PropertyValueSpecification\",\"valueRequired\":true,\"valueName\":\"search_term_string\"}}],\"inLanguage\":\"fr-FR\"},{\"@type\":\"Organization\",\"@id\":\"https:\/\/www.sportingpedia.com\/fr\/#organization\",\"name\":\"SportingPedia\",\"url\":\"https:\/\/www.sportingpedia.com\/fr\/\",\"logo\":{\"@type\":\"ImageObject\",\"inLanguage\":\"fr-FR\",\"@id\":\"https:\/\/www.sportingpedia.com\/fr\/#\/schema\/logo\/image\/\",\"url\":\"https:\/\/www.sportingpedia.com\/wp-content\/uploads\/2019\/10\/SportingPedia_logo.png\",\"contentUrl\":\"https:\/\/www.sportingpedia.com\/wp-content\/uploads\/2019\/10\/SportingPedia_logo.png\",\"width\":600,\"height\":101,\"caption\":\"SportingPedia\"},\"image\":{\"@id\":\"https:\/\/www.sportingpedia.com\/fr\/#\/schema\/logo\/image\/\"}}]}<\/script>\n<!-- \/ Yoast SEO plugin. -->","yoast_head_json":{"title":"Calculateur de Double Pari : Calculez Votre Gain de Paris Sportifs","description":"Utilisez notre calculatrice de paris Double Bet pour calculer le retour de votre mise. D\u00e9couvrez combien vous pouvez gagner de vos paris sur des \u00e9v\u00e9nements sportifs.","robots":{"index":"index","follow":"follow","max-snippet":"max-snippet:-1","max-image-preview":"max-image-preview:large","max-video-preview":"max-video-preview:-1"},"canonical":"https:\/\/www.sportingpedia.com\/fr\/betting-calculators\/double-bet-calculator\/","og_locale":"fr_FR","og_type":"article","og_title":"Calculateur de Double Pari : Calculez Votre Gain de Paris Sportifs","og_description":"Utilisez notre calculatrice de paris Double Bet pour calculer le retour de votre mise. D\u00e9couvrez combien vous pouvez gagner de vos paris sur des \u00e9v\u00e9nements sportifs.","og_url":"https:\/\/www.sportingpedia.com\/fr\/betting-calculators\/double-bet-calculator\/","og_site_name":"Sportingpedia - Latest Sports News From All Over the World","article_modified_time":"2025-12-05T15:19:17+00:00","twitter_card":"summary_large_image","twitter_misc":{"Dur\u00e9e de lecture estim\u00e9e":"5 minutes"},"schema":{"@context":"https:\/\/schema.org","@graph":[{"@type":"WebPage","@id":"https:\/\/www.sportingpedia.com\/fr\/betting-calculators\/double-bet-calculator\/","url":"https:\/\/www.sportingpedia.com\/fr\/betting-calculators\/double-bet-calculator\/","name":"Calculateur de Double Pari : Calculez Votre Gain de Paris Sportifs","isPartOf":{"@id":"https:\/\/www.sportingpedia.com\/fr\/#website"},"primaryImageOfPage":{"@id":"https:\/\/www.sportingpedia.com\/fr\/betting-calculators\/double-bet-calculator\/#primaryimage"},"image":{"@id":"https:\/\/www.sportingpedia.com\/fr\/betting-calculators\/double-bet-calculator\/#primaryimage"},"thumbnailUrl":"https:\/\/www.sportingpedia.com\/wp-content\/uploads\/2023\/03\/double-bet-calculator-featured.svg","datePublished":"2025-04-10T07:45:44+00:00","dateModified":"2025-12-05T15:19:17+00:00","description":"Utilisez notre calculatrice de paris Double Bet pour calculer le retour de votre mise. D\u00e9couvrez combien vous pouvez gagner de vos paris sur des \u00e9v\u00e9nements sportifs.","breadcrumb":{"@id":"https:\/\/www.sportingpedia.com\/fr\/betting-calculators\/double-bet-calculator\/#breadcrumb"},"inLanguage":"fr-FR","potentialAction":[{"@type":"ReadAction","target":["https:\/\/www.sportingpedia.com\/fr\/betting-calculators\/double-bet-calculator\/"]}]},{"@type":"ImageObject","inLanguage":"fr-FR","@id":"https:\/\/www.sportingpedia.com\/fr\/betting-calculators\/double-bet-calculator\/#primaryimage","url":"https:\/\/www.sportingpedia.com\/wp-content\/uploads\/2023\/03\/double-bet-calculator-featured.svg","contentUrl":"https:\/\/www.sportingpedia.com\/wp-content\/uploads\/2023\/03\/double-bet-calculator-featured.svg"},{"@type":"BreadcrumbList","@id":"https:\/\/www.sportingpedia.com\/fr\/betting-calculators\/double-bet-calculator\/#breadcrumb","itemListElement":[{"@type":"ListItem","position":1,"name":"Accueil","item":"https:\/\/www.sportingpedia.com\/fr\/home\/"},{"@type":"ListItem","position":2,"name":"Calculatrices de paris sportifs","item":"https:\/\/www.sportingpedia.com\/fr\/betting-calculators\/"},{"@type":"ListItem","position":3,"name":"Calculateur de Paris Doubles"}]},{"@type":"WebSite","@id":"https:\/\/www.sportingpedia.com\/fr\/#website","url":"https:\/\/www.sportingpedia.com\/fr\/","name":"Sportingpedia - Latest Sports News From All Over the World","description":"","publisher":{"@id":"https:\/\/www.sportingpedia.com\/fr\/#organization"},"potentialAction":[{"@type":"SearchAction","target":{"@type":"EntryPoint","urlTemplate":"https:\/\/www.sportingpedia.com\/fr\/?s={search_term_string}"},"query-input":{"@type":"PropertyValueSpecification","valueRequired":true,"valueName":"search_term_string"}}],"inLanguage":"fr-FR"},{"@type":"Organization","@id":"https:\/\/www.sportingpedia.com\/fr\/#organization","name":"SportingPedia","url":"https:\/\/www.sportingpedia.com\/fr\/","logo":{"@type":"ImageObject","inLanguage":"fr-FR","@id":"https:\/\/www.sportingpedia.com\/fr\/#\/schema\/logo\/image\/","url":"https:\/\/www.sportingpedia.com\/wp-content\/uploads\/2019\/10\/SportingPedia_logo.png","contentUrl":"https:\/\/www.sportingpedia.com\/wp-content\/uploads\/2019\/10\/SportingPedia_logo.png","width":600,"height":101,"caption":"SportingPedia"},"image":{"@id":"https:\/\/www.sportingpedia.com\/fr\/#\/schema\/logo\/image\/"}}]}},"_links":{"self":[{"href":"https:\/\/www.sportingpedia.com\/fr\/wp-json\/wp\/v2\/pages\/118478","targetHints":{"allow":["GET"]}}],"collection":[{"href":"https:\/\/www.sportingpedia.com\/fr\/wp-json\/wp\/v2\/pages"}],"about":[{"href":"https:\/\/www.sportingpedia.com\/fr\/wp-json\/wp\/v2\/types\/page"}],"author":[{"embeddable":true,"href":"https:\/\/www.sportingpedia.com\/fr\/wp-json\/wp\/v2\/users\/8"}],"replies":[{"embeddable":true,"href":"https:\/\/www.sportingpedia.com\/fr\/wp-json\/wp\/v2\/comments?post=118478"}],"version-history":[{"count":2,"href":"https:\/\/www.sportingpedia.com\/fr\/wp-json\/wp\/v2\/pages\/118478\/revisions"}],"predecessor-version":[{"id":148962,"href":"https:\/\/www.sportingpedia.com\/fr\/wp-json\/wp\/v2\/pages\/118478\/revisions\/148962"}],"up":[{"embeddable":true,"href":"https:\/\/www.sportingpedia.com\/fr\/wp-json\/wp\/v2\/pages\/118485"}],"wp:featuredmedia":[{"embeddable":true,"href":"https:\/\/www.sportingpedia.com\/fr\/wp-json\/wp\/v2\/media\/123474"}],"wp:attachment":[{"href":"https:\/\/www.sportingpedia.com\/fr\/wp-json\/wp\/v2\/media?parent=118478"}],"curies":[{"name":"wp","href":"https:\/\/api.w.org\/{rel}","templated":true}]}}