{"id":118479,"date":"2025-04-10T07:45:44","date_gmt":"2025-04-10T07:45:44","guid":{"rendered":"https:\/\/www.sportingpedia.com\/?page_id=118479"},"modified":"2025-12-05T15:20:37","modified_gmt":"2025-12-05T15:20:37","slug":"treble-bet-calculator","status":"publish","type":"page","link":"https:\/\/www.sportingpedia.com\/fr\/betting-calculators\/treble-bet-calculator\/","title":{"rendered":"Calculateur de Mise Triple"},"content":{"rendered":"<p>Semblables aux paris doubles, les paris triples combinent trois s\u00e9lections simples \u00e0 cote fixe\u202f; ce type de pari ne rapporte un gain que si les trois s\u00e9lections gagnent. Si vous souhaitez conna\u00eetre le paiement potentiel de vos paris triples, utilisez <strong>notre calculatrice facile \u00e0 utiliser<\/strong> ; elle affichera instantan\u00e9ment le profit potentiel que vous pouvez attendre.<\/p>\n\n\t\t<div class=\"container p-3 widget-betting-calculator\">\n\t\t\t<div class=\"row\">\n\t\t\t\t<div class=\"col-12 col-md-6 form-group\">\n\t\t\t\t\t<label for=\"format\">Format des cotes :<\/label>\n\t\t\t\t\t<select class=\"form-control\" id=\"format\">\n\t\t\t\t\t\t<option value=\"decimal\">D\u00e9cimale<\/option>\n\t\t\t\t\t\t<option value=\"american\">Am\u00e9ricaine<\/option>\n\t\t\t\t\t\t<option value=\"fractional\">Fractionnaire<\/option>\n\t\t\t\t\t<\/select>\n\t\t\t\t<\/div>\n\t\t\t\t\n\t\t\t\t<div class=\"col-12 col-md-6 form-group\">\n\t\t\t\t\t<label for=\"stake\">Mise :<\/label>\n\t\t\t\t\t<input type=\"text\" class=\"form-control\" id=\"stake\" placeholder=\"Entrez la mise\">\n\t\t\t\t<\/div>\n\n\t\t\t\t<div class=\"col-12 col-md-4 form-group\">\n\t\t\t\t\t<label for=\"odds\">Cotes :<\/label>\n\t\t\t\t\t<input type=\"text\" class=\"form-control\" id=\"odds\" placeholder=\"Entrez les cotes\">\n\t\t\t\t<\/div>\n\n\t\t\t\t<div class=\"col-12 col-md-4 form-group\">\n\t\t\t\t\t<label for=\"odds2\">Cotes 2 :<\/label>\n\t\t\t\t\t<input type=\"text\" class=\"form-control\" id=\"odds2\" placeholder=\"Entrez les cotes\">\n\t\t\t\t<\/div>\n\n\t\t\t\t<div class=\"col-12 col-md-4 form-group\">\n\t\t\t\t\t<label for=\"odds2\">Cotes 3 :<\/label>\n\t\t\t\t\t<input type=\"text\" class=\"form-control\" id=\"odds3\" placeholder=\"Entrez les cotes\">\n\t\t\t\t<\/div>\n\t\t\t<\/div>\n\n\t\t\t\t<div id=\"result\"><\/div>\n\n\t\t\t\t<button type=\"button\" class=\"btn btn-primary\" id=\"calculate\">Calculer<\/button>\n\t\t\t\t<button type=\"button\" class=\"btn btn-warning\" id=\"reset\">R\u00e9initialiser<\/button>\n\t\t\t\t\n\t\t<\/div>\n\n\t\t<script>\n\t\t\tjQuery(document).ready(function($) {\n\t\t\t\t$(\"#calculate\").click(function() {\n\t\t\t\t    var format = $(\"#format\").val();\n\t\t\t\t    var odds = $(\"#odds\").val();\n\t\t\t\t    var odds2 = $(\"#odds2\").val();\n\t\t\t\t    var odds3 = $(\"#odds3\").val();\n\t\t\t\t    var stake = $(\"#stake\").val();\n\t\t\t\t    if (format == \"decimal\") {\n\t\t\t\t      \tif ($.isNumeric(odds) && odds > 1 && $.isNumeric(odds2) && odds2 > 1 && $.isNumeric(odds3) && odds3 > 1) {\n\t\t\t\t        \tvar payout = (stake * (parseFloat(odds) * parseFloat(odds2) * parseFloat(odds3))).toFixed(2);\n\t\t\t\t        \tvar profit = (payout - stake).toFixed(2);\n\t\t\t\t        \t$(\"#result\").html(\"Paiement : $\" + payout + \"<br>Profit : $\" + profit).addClass(\"success\");;\n\t\t\t\t      \t} else {\n\t\t\t\t        \t$(\"#result\").html(\"Veuillez entrer des cotes d\u00e9cimales valides sup\u00e9rieures \u00e0 1.\").addClass(\"error\");\n\t\t\t\t      \t}\n\t\t\t\t    } else if (format == \"american\") {\n\t\t\t\t      \tif ($.isNumeric(odds) && $.isNumeric(odds2) && $.isNumeric(odds3)) {\n\t\t\t\t\t        var decimalOdds, decimalOdds2, decimalOdds3;\n\t\t\t\t\t        if (odds > 0) {\n\t\t\t\t\t          decimalOdds = (odds \/ 100 + 1).toFixed(2);\n\t\t\t\t\t        } else {\n\t\t\t\t\t          decimalOdds = (100 \/ -odds + 1).toFixed(2);\n\t\t\t\t\t        }\n\t\t\t\t\t        if (odds2 > 0) {\n\t\t\t\t\t          decimalOdds2 = (odds2 \/ 100 + 1).toFixed(2);\n\t\t\t\t\t        } else {\n\t\t\t\t\t          decimalOdds2 = (100 \/ -odds2 + 1).toFixed(2);\n\t\t\t\t\t        }\n\t\t\t\t\t        if (odds3 > 0) {\n\t\t\t\t\t          decimalOdds3 = (odds3 \/ 100 + 1).toFixed(2);\n\t\t\t\t\t        } else {\n\t\t\t\t\t          decimalOdds3 = (100 \/ -odds3 + 1).toFixed(2);\n\t\t\t\t\t        }\n\t\t\t\t\t        var payout = (stake * (parseFloat(decimalOdds) * parseFloat(decimalOdds2) * parseFloat(decimalOdds3))).toFixed(2);\n\t\t\t\t\t        var profit = (payout - stake).toFixed(2);\n\t\t\t\t\t        $(\"#result\").html(\"Paiement : $\" + payout + \"<br>Profit : $\" + profit).addClass(\"success\");;\n\t\t\t\t      \t} else {\n\t\t\t\t        \t$(\"#result\").html(\"Veuillez entrer des cotes am\u00e9ricaines valides.\").addClass(\"error\");\n\t\t\t\t      \t}\n\t\t\t\t    } else if (format == \"fractional\") {\n\t\t\t\t      \tif (\/^\\d+\\\/\\d+$\/.test(odds) && \/^\\d+\\\/\\d+$\/.test(odds2) && \/^\\d+\\\/\\d+$\/.test(odds3)) {\n\t\t\t\t\t        var parts = odds.split(\"\/\");\n\t\t\t\t\t        var numerator = parseInt(parts[0]);\n\t\t\t\t\t        var denominator = parseInt(parts[1]);\n\t\t\t\t\t        var decimalOdds = (numerator \/ denominator + 1).toFixed(2);\n\t\t\t\t\t        var parts2 = odds2.split(\"\/\");\n\t\t\t\t\t        var numerator2 = parseInt(parts2[0]);\n\t\t\t\t\t        var denominator2 = parseInt(parts2[1]);\n\t\t\t\t\t        var decimalOdds2 = (numerator2 \/ denominator2 + 1).toFixed(2);\n\t\t\t\t\t        var parts3 = odds3.split(\"\/\");\n\t\t\t\t\t        var numerator3 = parseInt(parts3[0]);\n\t\t\t\t\t        var denominator3 = parseInt(parts3[1]);\n\t\t\t\t\t        var decimalOdds3 = (numerator3 \/ denominator3 + 1).toFixed(2);\n\t\t\t\t\t        var payout = (stake * (parseFloat(decimalOdds) * parseFloat(decimalOdds2) * parseFloat(decimalOdds3))).toFixed(2);\n\t\t\t\t\t        var profit = (payout - stake).toFixed(2);\n\t\t\t\t\t        $(\"#result\").html(\"Paiement : $\" + payout + \"<br>Profit : $\" + profit).addClass(\"success\");;\n\t\t\t\t      \t} else {\n\t\t\t\t        \t$(\"#result\").html(\"Veuillez entrer des cotes fractionnelles valides au format X\/Y.\").addClass(\"error\");\n\t\t\t\t      \t}\n\t\t\t\t    }\n\t\t\t\t});\n\n\t\t\t\t$(\"#reset\").click(function() {\n\t\t\t\t    $(\"#odds\").val(\"\");\n\t\t\t\t    $(\"#odds2\").val(\"\");\n\t\t\t\t    $(\"#odds3\").val(\"\");\n\t\t\t\t    $(\"#stake\").val(\"\");\n\t\t\t\t    $(\"#result\").html(\"\").removeClass();\n\t\t\t\t});\n\t\t\t});\n\t\t<\/script>\n\t\n<div class=\"mb-3\">&nbsp;<\/div>\n\n<h2 id=\"what\">Qu&rsquo;est-ce qu&rsquo;un pari triple\u202f?<\/h2>\n<p><img decoding=\"async\" src=\"https:\/\/www.sportingpedia.com\/wp-content\/uploads\/2021\/02\/football-betting-accumulators-vs-single_single-bets.svg\" alt=\"Qu'est-ce qu'un pari triple ?\" width=\"300\" height=\"150\" class=\"alignleft \">Si vous vous demandez quelle diff\u00e9rence il y a entre placer trois paris simples sur des s\u00e9lections diff\u00e9rentes et placer un pari triple sur ces m\u00eames s\u00e9lections, la r\u00e9ponse tient aux cotes propos\u00e9es pour votre mise. Au lieu de percevoir le retour individuel de chacune des s\u00e9lections, <strong>les cotes des trois volets sont multipli\u00e9es<\/strong> et appliqu\u00e9es \u00e0 votre mise, \u00e0 condition que les trois s\u00e9lections gagnent.<\/p>\n<p>Chaque fois que vous placez un pari triple sur trois \u00e9v\u00e9nements distincts, le retour obtenu sur le premier volet est r\u00e9investi comme mise sur le volet suivant. Le profit du deuxi\u00e8me volet est ensuite mis\u00e9 sur le troisi\u00e8me\u202f; vous b\u00e9n\u00e9ficiez ainsi d&rsquo;un <strong>gain nettement plus \u00e9lev\u00e9<\/strong> si les trois volets sont gagnants.<\/p>\n<p>Les parieurs peuvent \u00e9galement r\u00e9aliser des paris triples chacun \u00e0 sa place, c&rsquo;est-\u00e0-dire un pari triple gagnant et un pari triple plac\u00e9 sur trois s\u00e9lections distinctes. Parce que vous placez en r\u00e9alit\u00e9 deux paris triples, votre mise est naturellement doubl\u00e9e. Pour calculer le retour potentiel d&rsquo;un pari triple chacun \u00e0 sa place, vous pouvez simplement utiliser un calculateur de pari triple.<\/p>\n<h2 id=\"how\">Comment fonctionne notre calculateur de pari triple\u202f?<\/h2>\n<p><img decoding=\"async\" src=\"https:\/\/www.sportingpedia.com\/wp-content\/uploads\/2021\/02\/nfl-betting-cashout_calculating.svg\" alt=\"Comment Fonctionne Notre Calculateur de Pari Triple ?\" width=\"300\" height=\"150\" class=\"alignleft \">Notre calculateur affiche instantan\u00e9ment le retour potentiel de votre pari triple et reste extr\u00eamement simple \u00e0 utiliser, quel que soit votre profil de parieur. Quel que soit le format de cote que vous pr\u00e9f\u00e9rez, <strong>vous pouvez utiliser le menu des param\u00e8tres pour choisir parmi les formats les plus courants<\/strong>. Vous pouvez \u00e9galement ajouter des notes \u00e0 vos s\u00e9lections ou recourir \u00e0 des param\u00e8tres avanc\u00e9s pour les paris \u00e0 sens unique. <\/p>\n<p>Lorsque les param\u00e8tres de votre ticket de pari sont d\u00e9finis, vous pouvez choisir de placer un pari triple de base ou un pari triple \u00e0 sens unique. L&rsquo;\u00e9tape suivante consiste \u00e0 indiquer le nombre de s\u00e9lections sur lesquelles parier. Bien qu&rsquo;un triple n\u00e9cessite trois s\u00e9lections, vous pouvez demander une estimation du retour pour jusqu&rsquo;\u00e0 20 s\u00e9lections. Gardez toutefois \u00e0 l&rsquo;esprit que, au-del\u00e0 de trois s\u00e9lections, il s&rsquo;agira d&rsquo;estimations bas\u00e9es sur des permutations (<strong>combinaisons de paris<\/strong>).<\/p>\n<p>Si vous placez vos triples sur les courses de chevaux, vous pouvez \u00e9galement choisir d&rsquo;inclure la r\u00e8gle 4 dans les calculs de votre retour potentiel. L&rsquo;\u00e9tape suivante est de s\u00e9lectionner l&rsquo;issue de chaque volet et de saisir les cotes correspondantes. Les issues possibles sont\u202f: Gagnant, Ex-\u00e6quo, Perdu ou Annul\u00e9\/Non-partant.<\/p>\n<p>La derni\u00e8re \u00e9tape consiste \u00e0 saisir votre mise et \u00e0 indiquer s&rsquo;il s&rsquo;agit du montant total allou\u00e9 au pari triple ou de la mise par pari. Une fois cette information renseign\u00e9e, vous verrez appara\u00eetre la mise totale, <strong>le retour total et le b\u00e9n\u00e9fice total que vous pouvez attendre de votre pari triple r\u00e9ussi<\/strong>. Vous pouvez ensuite enregistrer le ticket de pari g\u00e9n\u00e9r\u00e9 via le calculateur ou effacer toutes les informations saisies.<\/p>\n<h2 id=\"why\">Pourquoi utiliser un calculateur de pari triple\u202f?<\/h2>\n<p><img decoding=\"async\" src=\"https:\/\/www.sportingpedia.com\/wp-content\/uploads\/2021\/02\/football-betting-how-to-calculate-arbitrage-bets_why-do-such-opportunities-appear.svg\" alt=\"Pourquoi devriez-vous utiliser un calculateur de paris trio ?\" width=\"300\" height=\"150\" class=\"alignleft \">Utiliser un calculateur de pari triple offre un moyen pratique de calculer les cotes combin\u00e9es et de comparer le profit que vous pourriez obtenir avec ce type de pari plut\u00f4t qu&rsquo;avec trois paris simples. En recourant \u00e0 notre outil, <strong>vous visualisez facilement le retour potentiel et le b\u00e9n\u00e9fice attendu<\/strong>. Vous d\u00e9terminerez ainsi quelle option est la plus avantageuse avant de miser aupr\u00e8s d&rsquo;un bookmaker.<\/p>\n<p>Comme certains parieurs appr\u00e9cient les paris chacun \u00e0 sa place, notre calculateur peut \u00e9galement afficher le retour potentiel d&rsquo;un pari triple chacun \u00e0 sa place. Il est aussi possible de prendre en compte la r\u00e8gle 4 et d&rsquo;autres param\u00e8tres sp\u00e9cifiques, permettant aux parieurs de personnaliser leur ticket de pari dans les moindres d\u00e9tails.<\/p>\n<p>Puisque nous proposons \u00e9galement un <strong>calculateur de paris simples<\/strong>, les parieurs peuvent comparer en toute simplicit\u00e9 le retour potentiel de trois paris simples et d&rsquo;un pari triple sur les m\u00eames s\u00e9lections. De plus, ceux qui s&rsquo;int\u00e9ressent aux paris multiples peuvent utiliser nos calculateurs de paris doubles et de paris cumulatifs afin de d\u00e9terminer les meilleures options pour leurs sessions de mise.<\/p>\n","protected":false},"excerpt":{"rendered":"<p>Semblables aux paris doubles, les paris triples combinent trois s\u00e9lections simples \u00e0 cote fixe\u202f; ce type de pari ne rapporte un gain que si les trois s\u00e9lections gagnent. Si vous souhaitez conna\u00eetre le paiement potentiel de vos paris triples, utilisez notre calculatrice facile \u00e0 utiliser ; elle affichera instantan\u00e9ment le profit potentiel que vous pouvez [&hellip;]<\/p>\n","protected":false},"author":8,"featured_media":123476,"parent":118485,"menu_order":300,"comment_status":"closed","ping_status":"closed","template":"template-guide-page.php","meta":{"footnotes":""},"class_list":["post-118479","page","type-page","status-publish","has-post-thumbnail","hentry"],"yoast_head":"<!-- This site is optimized with the Yoast SEO plugin v26.6 - https:\/\/yoast.com\/wordpress\/plugins\/seo\/ -->\n<title>Calculateur de Pari Triple : Calculez Votre Gain de Pari Sportif<\/title>\n<meta name=\"description\" content=\"Utilisez notre calculatrice de pari Treble Bet pour calculer le rendement de votre pari. D\u00e9couvrez ce que vous pourriez gagner de vos paris sur des \u00e9v\u00e9nements sportifs.\" \/>\n<meta name=\"robots\" content=\"index, follow, max-snippet:-1, max-image-preview:large, max-video-preview:-1\" \/>\n<link rel=\"canonical\" href=\"https:\/\/www.sportingpedia.com\/fr\/betting-calculators\/treble-bet-calculator\/\" \/>\n<meta property=\"og:locale\" content=\"fr_FR\" \/>\n<meta property=\"og:type\" content=\"article\" \/>\n<meta property=\"og:title\" content=\"Calculateur de Pari Triple : Calculez Votre Gain de Pari Sportif\" \/>\n<meta property=\"og:description\" content=\"Utilisez notre calculatrice de pari Treble Bet pour calculer le rendement de votre pari. D\u00e9couvrez ce que vous pourriez gagner de vos paris sur des \u00e9v\u00e9nements sportifs.\" \/>\n<meta property=\"og:url\" content=\"https:\/\/www.sportingpedia.com\/fr\/betting-calculators\/treble-bet-calculator\/\" \/>\n<meta property=\"og:site_name\" content=\"Sportingpedia - Latest Sports News From All Over the World\" \/>\n<meta property=\"article:modified_time\" content=\"2025-12-05T15:20:37+00:00\" \/>\n<meta name=\"twitter:card\" content=\"summary_large_image\" \/>\n<meta name=\"twitter:label1\" content=\"Dur\u00e9e de lecture estim\u00e9e\" \/>\n\t<meta name=\"twitter:data1\" content=\"5 minutes\" \/>\n<script type=\"application\/ld+json\" class=\"yoast-schema-graph\">{\"@context\":\"https:\/\/schema.org\",\"@graph\":[{\"@type\":\"WebPage\",\"@id\":\"https:\/\/www.sportingpedia.com\/fr\/betting-calculators\/treble-bet-calculator\/\",\"url\":\"https:\/\/www.sportingpedia.com\/fr\/betting-calculators\/treble-bet-calculator\/\",\"name\":\"Calculateur de Pari Triple : Calculez Votre Gain de Pari Sportif\",\"isPartOf\":{\"@id\":\"https:\/\/www.sportingpedia.com\/fr\/#website\"},\"primaryImageOfPage\":{\"@id\":\"https:\/\/www.sportingpedia.com\/fr\/betting-calculators\/treble-bet-calculator\/#primaryimage\"},\"image\":{\"@id\":\"https:\/\/www.sportingpedia.com\/fr\/betting-calculators\/treble-bet-calculator\/#primaryimage\"},\"thumbnailUrl\":\"https:\/\/www.sportingpedia.com\/wp-content\/uploads\/2023\/03\/triple-bet-calculator-featured.svg\",\"datePublished\":\"2025-04-10T07:45:44+00:00\",\"dateModified\":\"2025-12-05T15:20:37+00:00\",\"description\":\"Utilisez notre calculatrice de pari Treble Bet pour calculer le rendement de votre pari. D\u00e9couvrez ce que vous pourriez gagner de vos paris sur des \u00e9v\u00e9nements sportifs.\",\"breadcrumb\":{\"@id\":\"https:\/\/www.sportingpedia.com\/fr\/betting-calculators\/treble-bet-calculator\/#breadcrumb\"},\"inLanguage\":\"fr-FR\",\"potentialAction\":[{\"@type\":\"ReadAction\",\"target\":[\"https:\/\/www.sportingpedia.com\/fr\/betting-calculators\/treble-bet-calculator\/\"]}]},{\"@type\":\"ImageObject\",\"inLanguage\":\"fr-FR\",\"@id\":\"https:\/\/www.sportingpedia.com\/fr\/betting-calculators\/treble-bet-calculator\/#primaryimage\",\"url\":\"https:\/\/www.sportingpedia.com\/wp-content\/uploads\/2023\/03\/triple-bet-calculator-featured.svg\",\"contentUrl\":\"https:\/\/www.sportingpedia.com\/wp-content\/uploads\/2023\/03\/triple-bet-calculator-featured.svg\"},{\"@type\":\"BreadcrumbList\",\"@id\":\"https:\/\/www.sportingpedia.com\/fr\/betting-calculators\/treble-bet-calculator\/#breadcrumb\",\"itemListElement\":[{\"@type\":\"ListItem\",\"position\":1,\"name\":\"Accueil\",\"item\":\"https:\/\/www.sportingpedia.com\/fr\/home\/\"},{\"@type\":\"ListItem\",\"position\":2,\"name\":\"Calculatrices de paris sportifs\",\"item\":\"https:\/\/www.sportingpedia.com\/fr\/betting-calculators\/\"},{\"@type\":\"ListItem\",\"position\":3,\"name\":\"Calculateur de Mise Triple\"}]},{\"@type\":\"WebSite\",\"@id\":\"https:\/\/www.sportingpedia.com\/fr\/#website\",\"url\":\"https:\/\/www.sportingpedia.com\/fr\/\",\"name\":\"Sportingpedia - Latest Sports News From All Over the World\",\"description\":\"\",\"publisher\":{\"@id\":\"https:\/\/www.sportingpedia.com\/fr\/#organization\"},\"potentialAction\":[{\"@type\":\"SearchAction\",\"target\":{\"@type\":\"EntryPoint\",\"urlTemplate\":\"https:\/\/www.sportingpedia.com\/fr\/?s={search_term_string}\"},\"query-input\":{\"@type\":\"PropertyValueSpecification\",\"valueRequired\":true,\"valueName\":\"search_term_string\"}}],\"inLanguage\":\"fr-FR\"},{\"@type\":\"Organization\",\"@id\":\"https:\/\/www.sportingpedia.com\/fr\/#organization\",\"name\":\"SportingPedia\",\"url\":\"https:\/\/www.sportingpedia.com\/fr\/\",\"logo\":{\"@type\":\"ImageObject\",\"inLanguage\":\"fr-FR\",\"@id\":\"https:\/\/www.sportingpedia.com\/fr\/#\/schema\/logo\/image\/\",\"url\":\"https:\/\/www.sportingpedia.com\/wp-content\/uploads\/2019\/10\/SportingPedia_logo.png\",\"contentUrl\":\"https:\/\/www.sportingpedia.com\/wp-content\/uploads\/2019\/10\/SportingPedia_logo.png\",\"width\":600,\"height\":101,\"caption\":\"SportingPedia\"},\"image\":{\"@id\":\"https:\/\/www.sportingpedia.com\/fr\/#\/schema\/logo\/image\/\"}}]}<\/script>\n<!-- \/ Yoast SEO plugin. -->","yoast_head_json":{"title":"Calculateur de Pari Triple : Calculez Votre Gain de Pari Sportif","description":"Utilisez notre calculatrice de pari Treble Bet pour calculer le rendement de votre pari. D\u00e9couvrez ce que vous pourriez gagner de vos paris sur des \u00e9v\u00e9nements sportifs.","robots":{"index":"index","follow":"follow","max-snippet":"max-snippet:-1","max-image-preview":"max-image-preview:large","max-video-preview":"max-video-preview:-1"},"canonical":"https:\/\/www.sportingpedia.com\/fr\/betting-calculators\/treble-bet-calculator\/","og_locale":"fr_FR","og_type":"article","og_title":"Calculateur de Pari Triple : Calculez Votre Gain de Pari Sportif","og_description":"Utilisez notre calculatrice de pari Treble Bet pour calculer le rendement de votre pari. D\u00e9couvrez ce que vous pourriez gagner de vos paris sur des \u00e9v\u00e9nements sportifs.","og_url":"https:\/\/www.sportingpedia.com\/fr\/betting-calculators\/treble-bet-calculator\/","og_site_name":"Sportingpedia - Latest Sports News From All Over the World","article_modified_time":"2025-12-05T15:20:37+00:00","twitter_card":"summary_large_image","twitter_misc":{"Dur\u00e9e de lecture estim\u00e9e":"5 minutes"},"schema":{"@context":"https:\/\/schema.org","@graph":[{"@type":"WebPage","@id":"https:\/\/www.sportingpedia.com\/fr\/betting-calculators\/treble-bet-calculator\/","url":"https:\/\/www.sportingpedia.com\/fr\/betting-calculators\/treble-bet-calculator\/","name":"Calculateur de Pari Triple : Calculez Votre Gain de Pari Sportif","isPartOf":{"@id":"https:\/\/www.sportingpedia.com\/fr\/#website"},"primaryImageOfPage":{"@id":"https:\/\/www.sportingpedia.com\/fr\/betting-calculators\/treble-bet-calculator\/#primaryimage"},"image":{"@id":"https:\/\/www.sportingpedia.com\/fr\/betting-calculators\/treble-bet-calculator\/#primaryimage"},"thumbnailUrl":"https:\/\/www.sportingpedia.com\/wp-content\/uploads\/2023\/03\/triple-bet-calculator-featured.svg","datePublished":"2025-04-10T07:45:44+00:00","dateModified":"2025-12-05T15:20:37+00:00","description":"Utilisez notre calculatrice de pari Treble Bet pour calculer le rendement de votre pari. D\u00e9couvrez ce que vous pourriez gagner de vos paris sur des \u00e9v\u00e9nements sportifs.","breadcrumb":{"@id":"https:\/\/www.sportingpedia.com\/fr\/betting-calculators\/treble-bet-calculator\/#breadcrumb"},"inLanguage":"fr-FR","potentialAction":[{"@type":"ReadAction","target":["https:\/\/www.sportingpedia.com\/fr\/betting-calculators\/treble-bet-calculator\/"]}]},{"@type":"ImageObject","inLanguage":"fr-FR","@id":"https:\/\/www.sportingpedia.com\/fr\/betting-calculators\/treble-bet-calculator\/#primaryimage","url":"https:\/\/www.sportingpedia.com\/wp-content\/uploads\/2023\/03\/triple-bet-calculator-featured.svg","contentUrl":"https:\/\/www.sportingpedia.com\/wp-content\/uploads\/2023\/03\/triple-bet-calculator-featured.svg"},{"@type":"BreadcrumbList","@id":"https:\/\/www.sportingpedia.com\/fr\/betting-calculators\/treble-bet-calculator\/#breadcrumb","itemListElement":[{"@type":"ListItem","position":1,"name":"Accueil","item":"https:\/\/www.sportingpedia.com\/fr\/home\/"},{"@type":"ListItem","position":2,"name":"Calculatrices de paris sportifs","item":"https:\/\/www.sportingpedia.com\/fr\/betting-calculators\/"},{"@type":"ListItem","position":3,"name":"Calculateur de Mise Triple"}]},{"@type":"WebSite","@id":"https:\/\/www.sportingpedia.com\/fr\/#website","url":"https:\/\/www.sportingpedia.com\/fr\/","name":"Sportingpedia - Latest Sports News From All Over the World","description":"","publisher":{"@id":"https:\/\/www.sportingpedia.com\/fr\/#organization"},"potentialAction":[{"@type":"SearchAction","target":{"@type":"EntryPoint","urlTemplate":"https:\/\/www.sportingpedia.com\/fr\/?s={search_term_string}"},"query-input":{"@type":"PropertyValueSpecification","valueRequired":true,"valueName":"search_term_string"}}],"inLanguage":"fr-FR"},{"@type":"Organization","@id":"https:\/\/www.sportingpedia.com\/fr\/#organization","name":"SportingPedia","url":"https:\/\/www.sportingpedia.com\/fr\/","logo":{"@type":"ImageObject","inLanguage":"fr-FR","@id":"https:\/\/www.sportingpedia.com\/fr\/#\/schema\/logo\/image\/","url":"https:\/\/www.sportingpedia.com\/wp-content\/uploads\/2019\/10\/SportingPedia_logo.png","contentUrl":"https:\/\/www.sportingpedia.com\/wp-content\/uploads\/2019\/10\/SportingPedia_logo.png","width":600,"height":101,"caption":"SportingPedia"},"image":{"@id":"https:\/\/www.sportingpedia.com\/fr\/#\/schema\/logo\/image\/"}}]}},"_links":{"self":[{"href":"https:\/\/www.sportingpedia.com\/fr\/wp-json\/wp\/v2\/pages\/118479","targetHints":{"allow":["GET"]}}],"collection":[{"href":"https:\/\/www.sportingpedia.com\/fr\/wp-json\/wp\/v2\/pages"}],"about":[{"href":"https:\/\/www.sportingpedia.com\/fr\/wp-json\/wp\/v2\/types\/page"}],"author":[{"embeddable":true,"href":"https:\/\/www.sportingpedia.com\/fr\/wp-json\/wp\/v2\/users\/8"}],"replies":[{"embeddable":true,"href":"https:\/\/www.sportingpedia.com\/fr\/wp-json\/wp\/v2\/comments?post=118479"}],"version-history":[{"count":2,"href":"https:\/\/www.sportingpedia.com\/fr\/wp-json\/wp\/v2\/pages\/118479\/revisions"}],"predecessor-version":[{"id":148963,"href":"https:\/\/www.sportingpedia.com\/fr\/wp-json\/wp\/v2\/pages\/118479\/revisions\/148963"}],"up":[{"embeddable":true,"href":"https:\/\/www.sportingpedia.com\/fr\/wp-json\/wp\/v2\/pages\/118485"}],"wp:featuredmedia":[{"embeddable":true,"href":"https:\/\/www.sportingpedia.com\/fr\/wp-json\/wp\/v2\/media\/123476"}],"wp:attachment":[{"href":"https:\/\/www.sportingpedia.com\/fr\/wp-json\/wp\/v2\/media?parent=118479"}],"curies":[{"name":"wp","href":"https:\/\/api.w.org\/{rel}","templated":true}]}}