{"id":118481,"date":"2025-04-10T07:45:44","date_gmt":"2025-04-10T07:45:44","guid":{"rendered":"https:\/\/www.sportingpedia.com\/?page_id=118481"},"modified":"2025-12-05T15:21:26","modified_gmt":"2025-12-05T15:21:26","slug":"odds-calculator","status":"publish","type":"page","link":"https:\/\/www.sportingpedia.com\/fr\/betting-calculators\/odds-calculator\/","title":{"rendered":"Calculateur de Cotes de Paris"},"content":{"rendered":"<p>L&rsquo;un des moyens les plus simples de d\u00e9terminer le retour potentiel de votre pari est d&rsquo;<strong>utiliser un calculateur de cotes<\/strong>. Quel que soit le format de cotes que vous pr\u00e9f\u00e9rez, vous pouvez utiliser notre outil de calcul pour estimer rapidement le gain potentiel de vos paris. Avec notre calculateur de cotes de paris, vous pouvez saisir votre mise et les cotes au format am\u00e9ricain, d\u00e9cimal ou fractionnaire afin de calculer le gain de vos paris.<\/p>\n\n\t\t<div class=\"container p-3 widget-betting-calculator\">\n\t\t\t<div class=\"row\">\n\t\t\t\t<div class=\"col-12 form-group\">\n\t\t\t\t\t<label for=\"odds-type\">Format des cotes :<\/label>\n\t\t\t\t\t<select class=\"form-control\" id=\"odds-type\">\n\t\t\t\t\t\t<option value=\"decimal\">D\u00e9cimale<\/option>\n\t\t\t\t\t\t<option value=\"american\">Am\u00e9ricaine<\/option>\n\t\t\t\t\t\t<option value=\"fractional\">Fractionnaire<\/option>\n\t\t\t\t\t<\/select>\n\t\t\t\t<\/div>\n\t\t\t\t\n\t\t\t    <div class=\"col-12 col-md-6 form-group\">\n\t\t\t      \t<label for=\"odds-input-1\">Cotes domicile :<\/label>\n\t\t\t      \t<input type=\"text\" class=\"form-control\" id=\"odds-input-1\" placeholder=\"Entrez les cotes\">\n\t\t\t    <\/div>\n\n\t\t\t    <div class=\"col-12 col-md-6 form-group\">\n\t\t\t      \t<label for=\"implied-odds-1\">Cotes implicites domicile :<\/label>\n\t\t\t      \t<input type=\"text\" class=\"form-control\" id=\"implied-odds-1\" readonly>\n\t\t\t    <\/div>\n\n\t\t\t\t<div class=\"col-12 col-md-6 form-group\">\n\t\t\t\t\t<label for=\"odds-input-2\">Cotes match nul :<\/label>\n\t\t\t\t\t<input type=\"text\" class=\"form-control\" id=\"odds-input-2\" placeholder=\"Entrez les cotes\">\n\t\t\t\t<\/div>\n\n\t\t\t\t<div class=\"col-12 col-md-6 form-group\">\n\t\t\t\t\t<label for=\"implied-odds-2\">Cotes implicites match nul :<\/label>\n\t\t\t\t\t<input type=\"text\" class=\"form-control\" id=\"implied-odds-2\" readonly>\n\t\t\t\t<\/div>\n\n\t\t\t\t<div class=\"col-12 col-md-6 form-group\">\n\t\t\t\t\t<label for=\"odds-input-3\">Cotes ext\u00e9rieur :<\/label>\n\t\t\t\t\t<input type=\"text\" class=\"form-control\" id=\"odds-input-3\" placeholder=\"Entrez les cotes\">\n\t\t\t\t<\/div>\n\t\t\t\t\t   \n\t\t\t\t<div class=\"col-12 col-md-6 form-group\">\n\t\t\t\t\t<label for=\"implied-odds-3\">Cotes implicites ext\u00e9rieur :<\/label>\n\t\t\t\t\t<input type=\"text\" class=\"form-control\" id=\"implied-odds-3\" readonly>\n\t\t\t\t<\/div>\n\n\t\t\t\t<div class=\"col-12 col-md-6 form-group\">\n\t\t\t\t\t<label for=\"margin-1x2\">Marge 1x2 :<\/label>\n\t\t\t\t\t<input type=\"text\" class=\"form-control\" id=\"margin-1x2\" readonly>\n\t\t\t\t<\/div>\n\n\t\t\t\t<div class=\"col-12 col-md-6 form-group\">\n\t\t\t\t\t<label for=\"margin-2way\">Marge 2-voies :<\/label>\n\t\t\t\t\t<input type=\"text\" class=\"form-control\" id=\"margin-2way\" readonly>\n\t\t\t\t<\/div>\n\t\t\t<\/div>\n\n\t\t\t\t<button type=\"button\" class=\"btn btn-primary\" id=\"calculate\">Calculer<\/button>\n\t\t\t\t<button type=\"button\" class=\"btn btn-warning\" id=\"reset\">R\u00e9initialiser<\/button>\n\t\t\t\t\n\t\t<\/div>\n\n\t\t<script>\n\t\t\tjQuery(document).ready(function($) {\n\t\t\t\t$(\"#calculate\").click(function() {\n\t\t\t\t    var oddsType = $(\"#odds-type\").val();\n\t\t\t        var odds1 = $(\"#odds-input-1\").val();\n\t\t\t        var odds2 = $(\"#odds-input-2\").val();\n\t\t\t        var odds3 = $(\"#odds-input-3\").val();\n\n\t\t\t        if (oddsType == \"decimal\") {\n\t\t\t            var decimalOdds1 = parseFloat(odds1);\n\t\t\t            var decimalOdds2 = parseFloat(odds2);\n\t\t\t            var decimalOdds3 = parseFloat(odds3);\n\t\t\t            var impliedOdds1 = (1 \/ decimalOdds1) * 100;\n\t\t\t            var impliedOdds2 = (1 \/ decimalOdds2) * 100;\n\t\t\t            var impliedOdds3 = (1 \/ decimalOdds3) * 100;\n\t\t\t        } else if (oddsType == \"american\") {\n\t\t\t            var decimalOdds1 = odds1 >= 0 ? (odds1 \/ 100) + 1 : (100 \/ Math.abs(odds1)) + 1;\n\t\t\t            var decimalOdds2 = odds2 >= 0 ? (odds2 \/ 100) + 1 : (100 \/ Math.abs(odds2)) + 1;\n\t\t\t            var decimalOdds3 = odds3 >= 0 ? (odds3 \/ 100) + 1 : (100 \/ Math.abs(odds3)) + 1;\n\n\t\t\t            var impliedOdds1 = (1 \/ decimalOdds1) * 100;\n\t\t\t            var impliedOdds2 = (1 \/ decimalOdds2) * 100;\n\t\t\t            var impliedOdds3 = (1 \/ decimalOdds3) * 100;\n\t\t\t        } else if (oddsType == \"fractional\") {\n\t\t\t            var numerator1 = parseFloat(odds1.split(\"\/\")[0]);\n\t\t\t            var denominator1 = parseFloat(odds1.split(\"\/\")[1]);\n\t\t\t            var numerator2 = parseFloat(odds2.split(\"\/\")[0]);\n\t\t\t            var denominator2 = parseFloat(odds2.split(\"\/\")[1]);\n\t\t\t            var numerator3 = parseFloat(odds3.split(\"\/\")[0]);\n\t\t\t            var denominator3 = parseFloat(odds3.split(\"\/\")[1]);\n\n\t\t\t            var decimalOdds1 = numerator1 \/ denominator1 + 1;\n\t\t\t            var decimalOdds2 = numerator2 \/ denominator2 + 1;\n\t\t\t            var decimalOdds3 = numerator3 \/ denominator3 + 1;\n\n\t\t\t            var impliedOdds1 = (1 \/ decimalOdds1) * 100;\n\t\t\t            var impliedOdds2 = (1 \/ decimalOdds2) * 100;\n\t\t\t            var impliedOdds3 = (1 \/ decimalOdds3) * 100;\n\t\t\t        }\n\n\t\t\t        var margin1x2;\n\t\t\t        var margin2way;\n\t\t\t        if (decimalOdds1 && decimalOdds2 && decimalOdds3) {\n\t\t\t            if (decimalOdds1 >= 1 && decimalOdds2 >= 1 && decimalOdds3 >= 1) {\n\t\t\t                margin1x2 = 1 - (1 \/ decimalOdds1 + 1 \/ decimalOdds2 + 1 \/ decimalOdds3);\n\t\t\t                margin2way = 1 - (1 \/ decimalOdds1 + 1 \/ decimalOdds3);\n\t\t\t            } else if (decimalOdds1 < 1 && decimalOdds2 < 1 && decimalOdds3 < 1) {\n\t\t\t                margin1x2 = (decimalOdds1 + decimalOdds2 + decimalOdds3) - 1;\n\t\t\t                margin2way = (decimalOdds1 + decimalOdds3) - 1;\n\t\t\t            } else {\n\t\t\t                var positiveDecimalOdds = [decimalOdds1, decimalOdds2, decimalOdds3].filter(odds => odds >= 1);\n\t\t\t                var negativeDecimalOdds = [decimalOdds1, decimalOdds2, decimalOdds3].filter(odds => odds < 1);\n\n\t\t\t                var positiveMargin = 0;\n\t\t\t                var negativeMargin = 0;\n\n\t\t\t                for (var i = 0; i < positiveDecimalOdds.length; i++) {\n\t\t\t                    positiveMargin += 1 \/ positiveDecimalOdds[i];\n\t\t\t                }\n\n\t\t\t                for (var i = 0; i < negativeDecimalOdds.length; i++) {\n\t\t\t                    negativeMargin += Math.abs(negativeDecimalOdds[i] \/ (negativeDecimalOdds[i] - 1));\n\t\t\t                }\n\n\t\t\t                margin1x2 = positiveMargin + negativeMargin - 1;\n\t\t\t                margin2way = positiveMargin + negativeMargin - 1 \/ decimalOdds2;\n\t\t\t            }\n\n\t\t\t            $(\"#implied-odds-1\").val(impliedOdds1.toFixed(2) + \"%\");\n\t\t\t            $(\"#implied-odds-2\").val(impliedOdds2.toFixed(2) + \"%\");\n\t\t\t            $(\"#implied-odds-3\").val(impliedOdds3.toFixed(2) + \"%\");\n\t\t\t            $(\"#margin-1x2\").val((margin1x2 * 100).toFixed(2) + \"%\");\n\t\t\t            $(\"#margin-2way\").val((margin2way * 100).toFixed(2) + \"%\");\n\t\t\t        }\n\t\t\t    });\n\n\t\t\t\t$(\"#reset\").click(function() {\n\t\t\t\t    $(\"#odds-input-1\").val(\"\");\n\t\t\t\t    $(\"#odds-input-2\").val(\"\");\n\t\t\t\t    $(\"#odds-input-3\").val(\"\");\n\t\t\t\t    $(\"#implied-odds-1\").val(\"\");\n\t\t\t\t    $(\"#implied-odds-2\").val(\"\");\n\t\t\t\t    $(\"#implied-odds-3\").val(\"\");\n\t\t\t\t    $(\"#margin-1x2\").val(\"\");\n\t\t\t\t    $(\"#margin-2way\").val(\"\");\n\t\t\t\t});\n\t\t\t});\n\t\t<\/script>\n\t\n<div class=\"mb-3\">&nbsp;<\/div>\n\n<h2 id=\"purpose\">Quel est le but des cotes de pari\u202f?<\/h2>\n<p><img decoding=\"async\" src=\"https:\/\/www.sportingpedia.com\/wp-content\/uploads\/2021\/01\/betting-sites_fractional-odds.svg\" alt=\"Quel est le but des cotes de pari\u2009?\" width=\"300\" height=\"150\" class=\"alignleft \">Chaque fois que vous envisagez de placer un pari, il est important de conna\u00eetre le gain potentiel. Les cotes que vous voyez chez le bookmaker de votre choix correspondent \u00e0 la probabilit\u00e9 implicite que le r\u00e9sultat concern\u00e9 se produise. Si un bookmaker propose un pari avec une probabilit\u00e9 implicite inf\u00e9rieure \u00e0 la v\u00e9ritable probabilit\u00e9 que cet \u00e9v\u00e9nement se produise, alors vous avez trouv\u00e9 une tr\u00e8s bonne option sur laquelle parier.<\/p>\n<p>En utilisant un calculateur de cotes, vous pouvez facilement calculer les <strong>cotes r\u00e9elles et implicites<\/strong> et d\u00e9terminer si vous \u00eates tomb\u00e9 sur une option de pari tr\u00e8s g\u00e9n\u00e9reuse. Pour calculer la valeur d&rsquo;un pari, vous devez g\u00e9n\u00e9ralement saisir uniquement les cotes offertes par le bookmaker et le montant que vous souhaitez parier. Le reste des calculs est effectu\u00e9 automatiquement par le calculateur de cotes, qui vous fournit imm\u00e9diatement la r\u00e9ponse.<\/p>\n<h2 id=\"difference\">Quelle est la diff\u00e9rence entre les cotes r\u00e9elles et les cotes implicites\u202f?<\/h2>\n<p><img decoding=\"async\" src=\"https:\/\/www.sportingpedia.com\/wp-content\/uploads\/2021\/02\/football-betting-introduction_football-betting-odds-explained.svg\" alt=\"Quelle est la diff\u00e9rence entre les c\u00f4tes r\u00e9elles et les c\u00f4tes implicites ?\" width=\"300\" height=\"150\" class=\"alignleft \">En termes simples, les cotes implicites repr\u00e9sentent la conversion des cotes par le bookmaker en une probabilit\u00e9 implicite de gain. Tant que vous connaissez les cotes propos\u00e9es par un op\u00e9rateur de paris pour un pari, vous pouvez <strong>utiliser notre calculateur de cotes pour consulter les cotes implicites d&rsquo;un pari<\/strong>. Prenons par exemple un pari \u00e0 handicap en football, qui affiche g\u00e9n\u00e9ralement des cotes de -110 de chaque c\u00f4t\u00e9. La probabilit\u00e9 de gain de chaque s\u00e9lection est alors de 52,38\u202f%, ce qui correspond \u00e9galement aux cotes implicites pour ce type de pari.<\/p>\n<p>Les cotes r\u00e9elles sont principalement d\u00e9termin\u00e9es par le parieur et ses pr\u00e9visions de la probabilit\u00e9 qu&rsquo;un r\u00e9sultat se produise. <strong>Il est difficile de d\u00e9terminer exactement les cotes r\u00e9elles pour un \u00e9v\u00e9nement, car elles sont subjectives<\/strong>. Cela dit, il est possible de s&rsquo;approcher des cotes r\u00e9elles pour un \u00e9v\u00e9nement en utilisant des mod\u00e8les pr\u00e9dictifs. Vous pouvez utiliser le handicap pour d\u00e9terminer quelle sera la v\u00e9ritable probabilit\u00e9 qu&rsquo;un \u00e9v\u00e9nement se produise. Si le pourcentage de probabilit\u00e9 r\u00e9elle d\u00e9passe la probabilit\u00e9 implicite, alors vous pouvez consid\u00e9rer cela comme un bon pari.<\/p>\n<h2 id=\"work\">Comment fonctionne notre calculatrice de cotes\u202f?<\/h2>\n<p><img decoding=\"async\" src=\"https:\/\/www.sportingpedia.com\/wp-content\/uploads\/2021\/02\/nfl-betting-cashout_calculating.svg\" alt=\"Comment Fonctionne Notre Calculatrice de Cotes ?\" width=\"300\" height=\"150\" class=\"alignleft \">En utilisant notre calculateur de cotes, vous verrez instantan\u00e9ment le retour potentiel que vous pouvez esp\u00e9rer lors de vos sessions de paris avec votre bookmaker pr\u00e9f\u00e9r\u00e9. Pour obtenir les informations n\u00e9cessaires, il vous suffira d&rsquo;entrer quelques d\u00e9tails sur votre pari. Vous pouvez commencer par choisir le type de pari que vous souhaitez placer. Notre calculatrice prend en charge plusieurs options de paris. <\/p>\n<p>Vous devrez \u00e9galement entrer les cotes dans le format que vous pr\u00e9f\u00e9rez. <strong>Notre calculatrice de cotes prend en charge quelques-uns des formats les plus populaires<\/strong>, ce qui vous permet de saisir ces informations de la mani\u00e8re la plus pratique pour vous. Une fois que vous avez saisi les cotes propos\u00e9es par le bookmaker, vous verrez les cotes implicites repr\u00e9sent\u00e9es en pourcentages. L&rsquo;\u00e9tape suivante consiste simplement \u00e0 taper le montant que vous souhaitez miser, et la calculatrice pr\u00e9sentera le retour total potentiel ainsi que le profit total que vous pouvez esp\u00e9rer si vous profitez d&rsquo;une session de paris r\u00e9ussie. <\/p>\n<p>Le ticket de pari g\u00e9n\u00e9r\u00e9 peut \u00eatre sauvegard\u00e9 ou <strong>vous pouvez le r\u00e9initialiser, ce qui effacera tous les d\u00e9tails que vous avez pr\u00e9c\u00e9demment entr\u00e9s<\/strong>. Vous pouvez modifier les informations relatives \u00e0 votre pari jusqu&rsquo;\u00e0 obtenir des calculs r\u00e9v\u00e9lant un pari de bonne valeur avec un potentiel de gain \u00e9lev\u00e9.<\/p>\n<h2 id=\"why\">Pourquoi utiliser un calculateur de cotes\u202f?<\/h2>\n<p><img decoding=\"async\" src=\"https:\/\/www.sportingpedia.com\/wp-content\/uploads\/2021\/02\/football-betting-how-to-calculate-arbitrage-bets_why-do-such-opportunities-appear.svg\" alt=\"Why Should You Use an Odds Calculator?\" width=\"300\" height=\"150\" class=\"alignleft \">Le moyen le plus simple de d\u00e9terminer la valeur d&rsquo;un pari est d&rsquo;utiliser un calculateur de cotes. Tant que vous connaissez les cotes de votre pari et le montant que vous pr\u00e9voyez de miser, <strong>vous pouvez instantan\u00e9ment voir les cotes implicites d&rsquo;un pari et votre b\u00e9n\u00e9fice potentiel<\/strong>. Puisque les calculateurs de cotes garantissent des r\u00e9sultats imm\u00e9diats, il faut tr\u00e8s peu de temps pour effectuer quelques calculs simples et d\u00e9cider si un pari vaut la peine.<\/p>\n<p><strong>Notre calculateur de cotes est extr\u00eamement simple d&rsquo;utilisation<\/strong> et vous permet de choisir le format de cotes qui vous convient. De plus, vous pouvez utiliser cet outil pour diff\u00e9rents types de paris, ce qui vous aide \u00e0 d\u00e9terminer quelle option pourrait vous rapporter le meilleur retour potentiel. En utilisant un calculateur de cotes, vous serez en mesure de prendre des d\u00e9cisions de paris beaucoup plus rapidement et d&rsquo;am\u00e9liorer vos chances de profiter de sessions de paris en ligne plus fructueuses.<\/p>\n","protected":false},"excerpt":{"rendered":"<p>L&rsquo;un des moyens les plus simples de d\u00e9terminer le retour potentiel de votre pari est d&rsquo;utiliser un calculateur de cotes. Quel que soit le format de cotes que vous pr\u00e9f\u00e9rez, vous pouvez utiliser notre outil de calcul pour estimer rapidement le gain potentiel de vos paris. Avec notre calculateur de cotes de paris, vous pouvez [&hellip;]<\/p>\n","protected":false},"author":8,"featured_media":123480,"parent":118485,"menu_order":400,"comment_status":"closed","ping_status":"closed","template":"template-guide-page.php","meta":{"footnotes":""},"class_list":["post-118481","page","type-page","status-publish","has-post-thumbnail","hentry"],"yoast_head":"<!-- This site is optimized with the Yoast SEO plugin v26.6 - https:\/\/yoast.com\/wordpress\/plugins\/seo\/ -->\n<title>Calculateur de Cotes de Paris<\/title>\n<meta name=\"description\" content=\"Utilisez notre calculateur de cotes pour calculer le retour de vos paris sportifs. D\u00e9couvrez combien vous pouvez gagner en pariant sur des \u00e9v\u00e9nements sportifs.\" \/>\n<meta name=\"robots\" content=\"index, follow, max-snippet:-1, max-image-preview:large, max-video-preview:-1\" \/>\n<link rel=\"canonical\" href=\"https:\/\/www.sportingpedia.com\/fr\/betting-calculators\/odds-calculator\/\" \/>\n<meta property=\"og:locale\" content=\"fr_FR\" \/>\n<meta property=\"og:type\" content=\"article\" \/>\n<meta property=\"og:title\" content=\"Calculateur de Cotes de Paris\" \/>\n<meta property=\"og:description\" content=\"Utilisez notre calculateur de cotes pour calculer le retour de vos paris sportifs. D\u00e9couvrez combien vous pouvez gagner en pariant sur des \u00e9v\u00e9nements sportifs.\" \/>\n<meta property=\"og:url\" content=\"https:\/\/www.sportingpedia.com\/fr\/betting-calculators\/odds-calculator\/\" \/>\n<meta property=\"og:site_name\" content=\"Sportingpedia - Latest Sports News From All Over the World\" \/>\n<meta property=\"article:modified_time\" content=\"2025-12-05T15:21:26+00:00\" \/>\n<meta name=\"twitter:card\" content=\"summary_large_image\" \/>\n<meta name=\"twitter:label1\" content=\"Dur\u00e9e de lecture estim\u00e9e\" \/>\n\t<meta name=\"twitter:data1\" content=\"5 minutes\" \/>\n<script type=\"application\/ld+json\" class=\"yoast-schema-graph\">{\"@context\":\"https:\/\/schema.org\",\"@graph\":[{\"@type\":\"WebPage\",\"@id\":\"https:\/\/www.sportingpedia.com\/fr\/betting-calculators\/odds-calculator\/\",\"url\":\"https:\/\/www.sportingpedia.com\/fr\/betting-calculators\/odds-calculator\/\",\"name\":\"Calculateur de Cotes de Paris\",\"isPartOf\":{\"@id\":\"https:\/\/www.sportingpedia.com\/fr\/#website\"},\"primaryImageOfPage\":{\"@id\":\"https:\/\/www.sportingpedia.com\/fr\/betting-calculators\/odds-calculator\/#primaryimage\"},\"image\":{\"@id\":\"https:\/\/www.sportingpedia.com\/fr\/betting-calculators\/odds-calculator\/#primaryimage\"},\"thumbnailUrl\":\"https:\/\/www.sportingpedia.com\/wp-content\/uploads\/2023\/03\/odds-calculator-featured.svg\",\"datePublished\":\"2025-04-10T07:45:44+00:00\",\"dateModified\":\"2025-12-05T15:21:26+00:00\",\"description\":\"Utilisez notre calculateur de cotes pour calculer le retour de vos paris sportifs. D\u00e9couvrez combien vous pouvez gagner en pariant sur des \u00e9v\u00e9nements sportifs.\",\"breadcrumb\":{\"@id\":\"https:\/\/www.sportingpedia.com\/fr\/betting-calculators\/odds-calculator\/#breadcrumb\"},\"inLanguage\":\"fr-FR\",\"potentialAction\":[{\"@type\":\"ReadAction\",\"target\":[\"https:\/\/www.sportingpedia.com\/fr\/betting-calculators\/odds-calculator\/\"]}]},{\"@type\":\"ImageObject\",\"inLanguage\":\"fr-FR\",\"@id\":\"https:\/\/www.sportingpedia.com\/fr\/betting-calculators\/odds-calculator\/#primaryimage\",\"url\":\"https:\/\/www.sportingpedia.com\/wp-content\/uploads\/2023\/03\/odds-calculator-featured.svg\",\"contentUrl\":\"https:\/\/www.sportingpedia.com\/wp-content\/uploads\/2023\/03\/odds-calculator-featured.svg\"},{\"@type\":\"BreadcrumbList\",\"@id\":\"https:\/\/www.sportingpedia.com\/fr\/betting-calculators\/odds-calculator\/#breadcrumb\",\"itemListElement\":[{\"@type\":\"ListItem\",\"position\":1,\"name\":\"Accueil\",\"item\":\"https:\/\/www.sportingpedia.com\/fr\/home\/\"},{\"@type\":\"ListItem\",\"position\":2,\"name\":\"Calculatrices de paris sportifs\",\"item\":\"https:\/\/www.sportingpedia.com\/fr\/betting-calculators\/\"},{\"@type\":\"ListItem\",\"position\":3,\"name\":\"Calculateur de Cotes de Paris\"}]},{\"@type\":\"WebSite\",\"@id\":\"https:\/\/www.sportingpedia.com\/fr\/#website\",\"url\":\"https:\/\/www.sportingpedia.com\/fr\/\",\"name\":\"Sportingpedia - Latest Sports News From All Over the World\",\"description\":\"\",\"publisher\":{\"@id\":\"https:\/\/www.sportingpedia.com\/fr\/#organization\"},\"potentialAction\":[{\"@type\":\"SearchAction\",\"target\":{\"@type\":\"EntryPoint\",\"urlTemplate\":\"https:\/\/www.sportingpedia.com\/fr\/?s={search_term_string}\"},\"query-input\":{\"@type\":\"PropertyValueSpecification\",\"valueRequired\":true,\"valueName\":\"search_term_string\"}}],\"inLanguage\":\"fr-FR\"},{\"@type\":\"Organization\",\"@id\":\"https:\/\/www.sportingpedia.com\/fr\/#organization\",\"name\":\"SportingPedia\",\"url\":\"https:\/\/www.sportingpedia.com\/fr\/\",\"logo\":{\"@type\":\"ImageObject\",\"inLanguage\":\"fr-FR\",\"@id\":\"https:\/\/www.sportingpedia.com\/fr\/#\/schema\/logo\/image\/\",\"url\":\"https:\/\/www.sportingpedia.com\/wp-content\/uploads\/2019\/10\/SportingPedia_logo.png\",\"contentUrl\":\"https:\/\/www.sportingpedia.com\/wp-content\/uploads\/2019\/10\/SportingPedia_logo.png\",\"width\":600,\"height\":101,\"caption\":\"SportingPedia\"},\"image\":{\"@id\":\"https:\/\/www.sportingpedia.com\/fr\/#\/schema\/logo\/image\/\"}}]}<\/script>\n<!-- \/ Yoast SEO plugin. -->","yoast_head_json":{"title":"Calculateur de Cotes de Paris","description":"Utilisez notre calculateur de cotes pour calculer le retour de vos paris sportifs. D\u00e9couvrez combien vous pouvez gagner en pariant sur des \u00e9v\u00e9nements sportifs.","robots":{"index":"index","follow":"follow","max-snippet":"max-snippet:-1","max-image-preview":"max-image-preview:large","max-video-preview":"max-video-preview:-1"},"canonical":"https:\/\/www.sportingpedia.com\/fr\/betting-calculators\/odds-calculator\/","og_locale":"fr_FR","og_type":"article","og_title":"Calculateur de Cotes de Paris","og_description":"Utilisez notre calculateur de cotes pour calculer le retour de vos paris sportifs. D\u00e9couvrez combien vous pouvez gagner en pariant sur des \u00e9v\u00e9nements sportifs.","og_url":"https:\/\/www.sportingpedia.com\/fr\/betting-calculators\/odds-calculator\/","og_site_name":"Sportingpedia - Latest Sports News From All Over the World","article_modified_time":"2025-12-05T15:21:26+00:00","twitter_card":"summary_large_image","twitter_misc":{"Dur\u00e9e de lecture estim\u00e9e":"5 minutes"},"schema":{"@context":"https:\/\/schema.org","@graph":[{"@type":"WebPage","@id":"https:\/\/www.sportingpedia.com\/fr\/betting-calculators\/odds-calculator\/","url":"https:\/\/www.sportingpedia.com\/fr\/betting-calculators\/odds-calculator\/","name":"Calculateur de Cotes de Paris","isPartOf":{"@id":"https:\/\/www.sportingpedia.com\/fr\/#website"},"primaryImageOfPage":{"@id":"https:\/\/www.sportingpedia.com\/fr\/betting-calculators\/odds-calculator\/#primaryimage"},"image":{"@id":"https:\/\/www.sportingpedia.com\/fr\/betting-calculators\/odds-calculator\/#primaryimage"},"thumbnailUrl":"https:\/\/www.sportingpedia.com\/wp-content\/uploads\/2023\/03\/odds-calculator-featured.svg","datePublished":"2025-04-10T07:45:44+00:00","dateModified":"2025-12-05T15:21:26+00:00","description":"Utilisez notre calculateur de cotes pour calculer le retour de vos paris sportifs. D\u00e9couvrez combien vous pouvez gagner en pariant sur des \u00e9v\u00e9nements sportifs.","breadcrumb":{"@id":"https:\/\/www.sportingpedia.com\/fr\/betting-calculators\/odds-calculator\/#breadcrumb"},"inLanguage":"fr-FR","potentialAction":[{"@type":"ReadAction","target":["https:\/\/www.sportingpedia.com\/fr\/betting-calculators\/odds-calculator\/"]}]},{"@type":"ImageObject","inLanguage":"fr-FR","@id":"https:\/\/www.sportingpedia.com\/fr\/betting-calculators\/odds-calculator\/#primaryimage","url":"https:\/\/www.sportingpedia.com\/wp-content\/uploads\/2023\/03\/odds-calculator-featured.svg","contentUrl":"https:\/\/www.sportingpedia.com\/wp-content\/uploads\/2023\/03\/odds-calculator-featured.svg"},{"@type":"BreadcrumbList","@id":"https:\/\/www.sportingpedia.com\/fr\/betting-calculators\/odds-calculator\/#breadcrumb","itemListElement":[{"@type":"ListItem","position":1,"name":"Accueil","item":"https:\/\/www.sportingpedia.com\/fr\/home\/"},{"@type":"ListItem","position":2,"name":"Calculatrices de paris sportifs","item":"https:\/\/www.sportingpedia.com\/fr\/betting-calculators\/"},{"@type":"ListItem","position":3,"name":"Calculateur de Cotes de Paris"}]},{"@type":"WebSite","@id":"https:\/\/www.sportingpedia.com\/fr\/#website","url":"https:\/\/www.sportingpedia.com\/fr\/","name":"Sportingpedia - Latest Sports News From All Over the World","description":"","publisher":{"@id":"https:\/\/www.sportingpedia.com\/fr\/#organization"},"potentialAction":[{"@type":"SearchAction","target":{"@type":"EntryPoint","urlTemplate":"https:\/\/www.sportingpedia.com\/fr\/?s={search_term_string}"},"query-input":{"@type":"PropertyValueSpecification","valueRequired":true,"valueName":"search_term_string"}}],"inLanguage":"fr-FR"},{"@type":"Organization","@id":"https:\/\/www.sportingpedia.com\/fr\/#organization","name":"SportingPedia","url":"https:\/\/www.sportingpedia.com\/fr\/","logo":{"@type":"ImageObject","inLanguage":"fr-FR","@id":"https:\/\/www.sportingpedia.com\/fr\/#\/schema\/logo\/image\/","url":"https:\/\/www.sportingpedia.com\/wp-content\/uploads\/2019\/10\/SportingPedia_logo.png","contentUrl":"https:\/\/www.sportingpedia.com\/wp-content\/uploads\/2019\/10\/SportingPedia_logo.png","width":600,"height":101,"caption":"SportingPedia"},"image":{"@id":"https:\/\/www.sportingpedia.com\/fr\/#\/schema\/logo\/image\/"}}]}},"_links":{"self":[{"href":"https:\/\/www.sportingpedia.com\/fr\/wp-json\/wp\/v2\/pages\/118481","targetHints":{"allow":["GET"]}}],"collection":[{"href":"https:\/\/www.sportingpedia.com\/fr\/wp-json\/wp\/v2\/pages"}],"about":[{"href":"https:\/\/www.sportingpedia.com\/fr\/wp-json\/wp\/v2\/types\/page"}],"author":[{"embeddable":true,"href":"https:\/\/www.sportingpedia.com\/fr\/wp-json\/wp\/v2\/users\/8"}],"replies":[{"embeddable":true,"href":"https:\/\/www.sportingpedia.com\/fr\/wp-json\/wp\/v2\/comments?post=118481"}],"version-history":[{"count":2,"href":"https:\/\/www.sportingpedia.com\/fr\/wp-json\/wp\/v2\/pages\/118481\/revisions"}],"predecessor-version":[{"id":148964,"href":"https:\/\/www.sportingpedia.com\/fr\/wp-json\/wp\/v2\/pages\/118481\/revisions\/148964"}],"up":[{"embeddable":true,"href":"https:\/\/www.sportingpedia.com\/fr\/wp-json\/wp\/v2\/pages\/118485"}],"wp:featuredmedia":[{"embeddable":true,"href":"https:\/\/www.sportingpedia.com\/fr\/wp-json\/wp\/v2\/media\/123480"}],"wp:attachment":[{"href":"https:\/\/www.sportingpedia.com\/fr\/wp-json\/wp\/v2\/media?parent=118481"}],"curies":[{"name":"wp","href":"https:\/\/api.w.org\/{rel}","templated":true}]}}