{"id":118485,"date":"2025-04-10T07:45:45","date_gmt":"2025-04-10T07:45:45","guid":{"rendered":"https:\/\/www.sportingpedia.com\/?page_id=118485"},"modified":"2025-12-05T15:25:00","modified_gmt":"2025-12-05T15:25:00","slug":"betting-calculators","status":"publish","type":"page","link":"https:\/\/www.sportingpedia.com\/fr\/betting-calculators\/","title":{"rendered":"Calculatrices de paris sportifs"},"content":{"rendered":"<p>Avez-vous pass\u00e9 des heures \u00e0 chercher un ensemble complet d&rsquo;outils pour am\u00e9liorer votre strat\u00e9gie de pari, sans pour autant trouver tout ce dont vous avez besoin au m\u00eame endroit ? Si la r\u00e9ponse est \u00ab oui \u00bb, SportingPedia est l\u00e0 pour vous fournir un large \u00e9ventail de calculateurs et d&rsquo;outils d\u00e9di\u00e9s aux paris sportifs. <\/p>\n<div class=\"grid-fixed-thumbnails\">    <div class=\"row\">\n            <a class=\"col-12 col-sm-6 col-md-4 child-page-thumbnail-wrapper\" href=\"https:\/\/www.sportingpedia.com\/fr\/betting-calculators\/odds-calculator\/\">\n            <div class=\"col-12 text-center child-page-thumbnail\">\n                <img decoding=\"async\" src=\"https:\/\/www.sportingpedia.com\/wp-content\/uploads\/2023\/03\/odds-calculator-featured.svg\" \/>\n                Calculateur de Cotes de Paris            <\/div>\n        <\/a>\n                    <a class=\"col-12 col-sm-6 col-md-4 child-page-thumbnail-wrapper\" href=\"https:\/\/www.sportingpedia.com\/fr\/betting-calculators\/treble-bet-calculator\/\">\n            <div class=\"col-12 text-center child-page-thumbnail\">\n                <img decoding=\"async\" src=\"https:\/\/www.sportingpedia.com\/wp-content\/uploads\/2023\/03\/triple-bet-calculator-featured.svg\" \/>\n                Calculateur de Mise Triple            <\/div>\n        <\/a>\n                    <a class=\"col-12 col-sm-6 col-md-4 child-page-thumbnail-wrapper\" href=\"https:\/\/www.sportingpedia.com\/fr\/betting-calculators\/single-bet-calculator\/\">\n            <div class=\"col-12 text-center child-page-thumbnail\">\n                <img decoding=\"async\" src=\"https:\/\/www.sportingpedia.com\/wp-content\/uploads\/2023\/03\/single-bet-calculator-featured.svg\" \/>\n                Calculateur de Pari Simple            <\/div>\n        <\/a>\n                    <a class=\"col-12 col-sm-6 col-md-4 child-page-thumbnail-wrapper\" href=\"https:\/\/www.sportingpedia.com\/fr\/betting-calculators\/double-bet-calculator\/\">\n            <div class=\"col-12 text-center child-page-thumbnail\">\n                <img decoding=\"async\" src=\"https:\/\/www.sportingpedia.com\/wp-content\/uploads\/2023\/03\/double-bet-calculator-featured.svg\" \/>\n                Calculateur de Paris Doubles            <\/div>\n        <\/a>\n                    <a class=\"col-12 col-sm-6 col-md-4 child-page-thumbnail-wrapper\" href=\"https:\/\/www.sportingpedia.com\/fr\/betting-calculators\/hedge-betting-calculator\/\">\n            <div class=\"col-12 text-center child-page-thumbnail\">\n                <img decoding=\"async\" src=\"https:\/\/www.sportingpedia.com\/wp-content\/uploads\/2023\/03\/hedge-calculator-featured.svg\" \/>\n                Calculatrice de Pari de Couverture            <\/div>\n        <\/a>\n                            <\/div>\n            <\/div>\n","protected":false},"excerpt":{"rendered":"<p>Avez-vous pass\u00e9 des heures \u00e0 chercher un ensemble complet d&rsquo;outils pour am\u00e9liorer votre strat\u00e9gie de pari, sans pour autant trouver tout ce dont vous avez besoin au m\u00eame endroit ? Si la r\u00e9ponse est \u00ab oui \u00bb, SportingPedia est l\u00e0 pour vous fournir un large \u00e9ventail de calculateurs et d&rsquo;outils d\u00e9di\u00e9s aux paris sportifs.<\/p>\n","protected":false},"author":1,"featured_media":0,"parent":0,"menu_order":0,"comment_status":"closed","ping_status":"closed","template":"template-bookies-list.php","meta":{"footnotes":""},"class_list":["post-118485","page","type-page","status-publish","hentry"],"yoast_head":"<!-- This site is optimized with the Yoast SEO plugin v26.6 - https:\/\/yoast.com\/wordpress\/plugins\/seo\/ -->\n<title>Calculatrices et Outils de Paris Sportifs<\/title>\n<meta name=\"description\" content=\"SportingPedia fournit une large gamme de calculateurs et d&#039;outils de paris sportifs qui aident les parieurs \u00e0 optimiser leurs strat\u00e9gies de paris et \u00e0 calculer leur retour sur investissement.\" \/>\n<meta name=\"robots\" content=\"index, follow, max-snippet:-1, max-image-preview:large, max-video-preview:-1\" \/>\n<link rel=\"canonical\" href=\"https:\/\/www.sportingpedia.com\/fr\/betting-calculators\/\" \/>\n<meta property=\"og:locale\" content=\"fr_FR\" \/>\n<meta property=\"og:type\" content=\"article\" \/>\n<meta property=\"og:title\" content=\"Calculatrices et Outils de Paris Sportifs\" \/>\n<meta property=\"og:description\" content=\"SportingPedia fournit une large gamme de calculateurs et d&#039;outils de paris sportifs qui aident les parieurs \u00e0 optimiser leurs strat\u00e9gies de paris et \u00e0 calculer leur retour sur investissement.\" \/>\n<meta property=\"og:url\" content=\"https:\/\/www.sportingpedia.com\/fr\/betting-calculators\/\" \/>\n<meta property=\"og:site_name\" content=\"Sportingpedia - Latest Sports News From All Over the World\" \/>\n<meta property=\"article:modified_time\" content=\"2025-12-05T15:25:00+00:00\" \/>\n<meta name=\"twitter:card\" content=\"summary_large_image\" \/>\n<meta name=\"twitter:label1\" content=\"Dur\u00e9e de lecture estim\u00e9e\" \/>\n\t<meta name=\"twitter:data1\" content=\"1 minute\" \/>\n<script type=\"application\/ld+json\" class=\"yoast-schema-graph\">{\"@context\":\"https:\/\/schema.org\",\"@graph\":[{\"@type\":\"WebPage\",\"@id\":\"https:\/\/www.sportingpedia.com\/fr\/betting-calculators\/\",\"url\":\"https:\/\/www.sportingpedia.com\/fr\/betting-calculators\/\",\"name\":\"Calculatrices et Outils de Paris Sportifs\",\"isPartOf\":{\"@id\":\"https:\/\/www.sportingpedia.com\/fr\/#website\"},\"datePublished\":\"2025-04-10T07:45:45+00:00\",\"dateModified\":\"2025-12-05T15:25:00+00:00\",\"description\":\"SportingPedia fournit une large gamme de calculateurs et d'outils de paris sportifs qui aident les parieurs \u00e0 optimiser leurs strat\u00e9gies de paris et \u00e0 calculer leur retour sur investissement.\",\"breadcrumb\":{\"@id\":\"https:\/\/www.sportingpedia.com\/fr\/betting-calculators\/#breadcrumb\"},\"inLanguage\":\"fr-FR\",\"potentialAction\":[{\"@type\":\"ReadAction\",\"target\":[\"https:\/\/www.sportingpedia.com\/fr\/betting-calculators\/\"]}]},{\"@type\":\"BreadcrumbList\",\"@id\":\"https:\/\/www.sportingpedia.com\/fr\/betting-calculators\/#breadcrumb\",\"itemListElement\":[{\"@type\":\"ListItem\",\"position\":1,\"name\":\"Accueil\",\"item\":\"https:\/\/www.sportingpedia.com\/fr\/home\/\"},{\"@type\":\"ListItem\",\"position\":2,\"name\":\"Calculatrices de paris sportifs\"}]},{\"@type\":\"WebSite\",\"@id\":\"https:\/\/www.sportingpedia.com\/fr\/#website\",\"url\":\"https:\/\/www.sportingpedia.com\/fr\/\",\"name\":\"Sportingpedia - Latest Sports News From All Over the World\",\"description\":\"\",\"publisher\":{\"@id\":\"https:\/\/www.sportingpedia.com\/fr\/#organization\"},\"potentialAction\":[{\"@type\":\"SearchAction\",\"target\":{\"@type\":\"EntryPoint\",\"urlTemplate\":\"https:\/\/www.sportingpedia.com\/fr\/?s={search_term_string}\"},\"query-input\":{\"@type\":\"PropertyValueSpecification\",\"valueRequired\":true,\"valueName\":\"search_term_string\"}}],\"inLanguage\":\"fr-FR\"},{\"@type\":\"Organization\",\"@id\":\"https:\/\/www.sportingpedia.com\/fr\/#organization\",\"name\":\"SportingPedia\",\"url\":\"https:\/\/www.sportingpedia.com\/fr\/\",\"logo\":{\"@type\":\"ImageObject\",\"inLanguage\":\"fr-FR\",\"@id\":\"https:\/\/www.sportingpedia.com\/fr\/#\/schema\/logo\/image\/\",\"url\":\"https:\/\/www.sportingpedia.com\/wp-content\/uploads\/2019\/10\/SportingPedia_logo.png\",\"contentUrl\":\"https:\/\/www.sportingpedia.com\/wp-content\/uploads\/2019\/10\/SportingPedia_logo.png\",\"width\":600,\"height\":101,\"caption\":\"SportingPedia\"},\"image\":{\"@id\":\"https:\/\/www.sportingpedia.com\/fr\/#\/schema\/logo\/image\/\"}}]}<\/script>\n<!-- \/ Yoast SEO plugin. -->","yoast_head_json":{"title":"Calculatrices et Outils de Paris Sportifs","description":"SportingPedia fournit une large gamme de calculateurs et d'outils de paris sportifs qui aident les parieurs \u00e0 optimiser leurs strat\u00e9gies de paris et \u00e0 calculer leur retour sur investissement.","robots":{"index":"index","follow":"follow","max-snippet":"max-snippet:-1","max-image-preview":"max-image-preview:large","max-video-preview":"max-video-preview:-1"},"canonical":"https:\/\/www.sportingpedia.com\/fr\/betting-calculators\/","og_locale":"fr_FR","og_type":"article","og_title":"Calculatrices et Outils de Paris Sportifs","og_description":"SportingPedia fournit une large gamme de calculateurs et d'outils de paris sportifs qui aident les parieurs \u00e0 optimiser leurs strat\u00e9gies de paris et \u00e0 calculer leur retour sur investissement.","og_url":"https:\/\/www.sportingpedia.com\/fr\/betting-calculators\/","og_site_name":"Sportingpedia - Latest Sports News From All Over the World","article_modified_time":"2025-12-05T15:25:00+00:00","twitter_card":"summary_large_image","twitter_misc":{"Dur\u00e9e de lecture estim\u00e9e":"1 minute"},"schema":{"@context":"https:\/\/schema.org","@graph":[{"@type":"WebPage","@id":"https:\/\/www.sportingpedia.com\/fr\/betting-calculators\/","url":"https:\/\/www.sportingpedia.com\/fr\/betting-calculators\/","name":"Calculatrices et Outils de Paris Sportifs","isPartOf":{"@id":"https:\/\/www.sportingpedia.com\/fr\/#website"},"datePublished":"2025-04-10T07:45:45+00:00","dateModified":"2025-12-05T15:25:00+00:00","description":"SportingPedia fournit une large gamme de calculateurs et d'outils de paris sportifs qui aident les parieurs \u00e0 optimiser leurs strat\u00e9gies de paris et \u00e0 calculer leur retour sur investissement.","breadcrumb":{"@id":"https:\/\/www.sportingpedia.com\/fr\/betting-calculators\/#breadcrumb"},"inLanguage":"fr-FR","potentialAction":[{"@type":"ReadAction","target":["https:\/\/www.sportingpedia.com\/fr\/betting-calculators\/"]}]},{"@type":"BreadcrumbList","@id":"https:\/\/www.sportingpedia.com\/fr\/betting-calculators\/#breadcrumb","itemListElement":[{"@type":"ListItem","position":1,"name":"Accueil","item":"https:\/\/www.sportingpedia.com\/fr\/home\/"},{"@type":"ListItem","position":2,"name":"Calculatrices de paris sportifs"}]},{"@type":"WebSite","@id":"https:\/\/www.sportingpedia.com\/fr\/#website","url":"https:\/\/www.sportingpedia.com\/fr\/","name":"Sportingpedia - Latest Sports News From All Over the World","description":"","publisher":{"@id":"https:\/\/www.sportingpedia.com\/fr\/#organization"},"potentialAction":[{"@type":"SearchAction","target":{"@type":"EntryPoint","urlTemplate":"https:\/\/www.sportingpedia.com\/fr\/?s={search_term_string}"},"query-input":{"@type":"PropertyValueSpecification","valueRequired":true,"valueName":"search_term_string"}}],"inLanguage":"fr-FR"},{"@type":"Organization","@id":"https:\/\/www.sportingpedia.com\/fr\/#organization","name":"SportingPedia","url":"https:\/\/www.sportingpedia.com\/fr\/","logo":{"@type":"ImageObject","inLanguage":"fr-FR","@id":"https:\/\/www.sportingpedia.com\/fr\/#\/schema\/logo\/image\/","url":"https:\/\/www.sportingpedia.com\/wp-content\/uploads\/2019\/10\/SportingPedia_logo.png","contentUrl":"https:\/\/www.sportingpedia.com\/wp-content\/uploads\/2019\/10\/SportingPedia_logo.png","width":600,"height":101,"caption":"SportingPedia"},"image":{"@id":"https:\/\/www.sportingpedia.com\/fr\/#\/schema\/logo\/image\/"}}]}},"_links":{"self":[{"href":"https:\/\/www.sportingpedia.com\/fr\/wp-json\/wp\/v2\/pages\/118485","targetHints":{"allow":["GET"]}}],"collection":[{"href":"https:\/\/www.sportingpedia.com\/fr\/wp-json\/wp\/v2\/pages"}],"about":[{"href":"https:\/\/www.sportingpedia.com\/fr\/wp-json\/wp\/v2\/types\/page"}],"author":[{"embeddable":true,"href":"https:\/\/www.sportingpedia.com\/fr\/wp-json\/wp\/v2\/users\/1"}],"replies":[{"embeddable":true,"href":"https:\/\/www.sportingpedia.com\/fr\/wp-json\/wp\/v2\/comments?post=118485"}],"version-history":[{"count":3,"href":"https:\/\/www.sportingpedia.com\/fr\/wp-json\/wp\/v2\/pages\/118485\/revisions"}],"predecessor-version":[{"id":148967,"href":"https:\/\/www.sportingpedia.com\/fr\/wp-json\/wp\/v2\/pages\/118485\/revisions\/148967"}],"wp:attachment":[{"href":"https:\/\/www.sportingpedia.com\/fr\/wp-json\/wp\/v2\/media?parent=118485"}],"curies":[{"name":"wp","href":"https:\/\/api.w.org\/{rel}","templated":true}]}}