{"id":118495,"date":"2025-04-10T07:45:47","date_gmt":"2025-04-10T07:45:47","guid":{"rendered":"https:\/\/www.sportingpedia.com\/?page_id=118495"},"modified":"2025-05-16T10:00:17","modified_gmt":"2025-05-16T10:00:17","slug":"aiden-beswick","status":"publish","type":"page","link":"https:\/\/www.sportingpedia.com\/fr\/meet-the-team\/aiden-beswick\/","title":{"rendered":"Aiden Beswick"},"content":{"rendered":"<p>Aiden Beswick est un journaliste sportif qui couvre principalement la Premier League. Il est un grand fan de Manchester United, WWE et AEW. Il travaille actuellement comme agent de soutien m\u00e9diatique \u00e0 la police du Grand Manchester et comme charg\u00e9 de communication \u00e0 Wythenshawe FC.<\/p>\n","protected":false},"excerpt":{"rendered":"<p>Aiden Beswick est un journaliste sportif qui couvre principalement la Premier League. Il est un grand fan de Manchester United, WWE et AEW. Il travaille actuellement comme agent de soutien m\u00e9diatique \u00e0 la police du Grand Manchester et comme charg\u00e9 de communication \u00e0 Wythenshawe FC.<\/p>\n","protected":false},"author":8,"featured_media":0,"parent":118196,"menu_order":0,"comment_status":"closed","ping_status":"closed","template":"page-nosidebar.php","meta":{"footnotes":""},"class_list":["post-118495","page","type-page","status-publish","hentry"],"yoast_head":"<!-- This site is optimized with the Yoast SEO plugin v26.6 - https:\/\/yoast.com\/wordpress\/plugins\/seo\/ -->\n<title>Aiden Beswick - Sportingpedia - Latest Sports News From All Over the World<\/title>\n<meta name=\"robots\" content=\"index, follow, max-snippet:-1, max-image-preview:large, max-video-preview:-1\" \/>\n<link rel=\"canonical\" href=\"https:\/\/www.sportingpedia.com\/fr\/meet-the-team\/aiden-beswick\/\" \/>\n<meta property=\"og:locale\" content=\"fr_FR\" \/>\n<meta property=\"og:type\" content=\"article\" \/>\n<meta property=\"og:title\" content=\"Aiden Beswick - Sportingpedia - Latest Sports News From All Over the World\" \/>\n<meta property=\"og:description\" content=\"Aiden Beswick est un journaliste sportif qui couvre principalement la Premier League. Il est un grand fan de Manchester United, WWE et AEW. Il travaille actuellement comme agent de soutien m\u00e9diatique \u00e0 la police du Grand Manchester et comme charg\u00e9 de communication \u00e0 Wythenshawe FC.\" \/>\n<meta property=\"og:url\" content=\"https:\/\/www.sportingpedia.com\/fr\/meet-the-team\/aiden-beswick\/\" \/>\n<meta property=\"og:site_name\" content=\"Sportingpedia - Latest Sports News From All Over the World\" \/>\n<meta property=\"article:modified_time\" content=\"2025-05-16T10:00:17+00:00\" \/>\n<meta name=\"twitter:card\" content=\"summary_large_image\" \/>\n<meta name=\"twitter:label1\" content=\"Dur\u00e9e de lecture estim\u00e9e\" \/>\n\t<meta name=\"twitter:data1\" content=\"1 minute\" \/>\n<script type=\"application\/ld+json\" class=\"yoast-schema-graph\">{\"@context\":\"https:\/\/schema.org\",\"@graph\":[{\"@type\":\"WebPage\",\"@id\":\"https:\/\/www.sportingpedia.com\/fr\/meet-the-team\/aiden-beswick\/\",\"url\":\"https:\/\/www.sportingpedia.com\/fr\/meet-the-team\/aiden-beswick\/\",\"name\":\"Aiden Beswick - Sportingpedia - Latest Sports News From All Over the World\",\"isPartOf\":{\"@id\":\"https:\/\/www.sportingpedia.com\/fr\/#website\"},\"datePublished\":\"2025-04-10T07:45:47+00:00\",\"dateModified\":\"2025-05-16T10:00:17+00:00\",\"breadcrumb\":{\"@id\":\"https:\/\/www.sportingpedia.com\/fr\/meet-the-team\/aiden-beswick\/#breadcrumb\"},\"inLanguage\":\"fr-FR\",\"potentialAction\":[{\"@type\":\"ReadAction\",\"target\":[\"https:\/\/www.sportingpedia.com\/fr\/meet-the-team\/aiden-beswick\/\"]}]},{\"@type\":\"BreadcrumbList\",\"@id\":\"https:\/\/www.sportingpedia.com\/fr\/meet-the-team\/aiden-beswick\/#breadcrumb\",\"itemListElement\":[{\"@type\":\"ListItem\",\"position\":1,\"name\":\"Accueil\",\"item\":\"https:\/\/www.sportingpedia.com\/fr\/home\/\"},{\"@type\":\"ListItem\",\"position\":2,\"name\":\"Rencontrez l&#8217;\u00e9quipe\",\"item\":\"https:\/\/www.sportingpedia.com\/fr\/meet-the-team\/\"},{\"@type\":\"ListItem\",\"position\":3,\"name\":\"Aiden Beswick\"}]},{\"@type\":\"WebSite\",\"@id\":\"https:\/\/www.sportingpedia.com\/fr\/#website\",\"url\":\"https:\/\/www.sportingpedia.com\/fr\/\",\"name\":\"Sportingpedia - Latest Sports News From All Over the World\",\"description\":\"\",\"publisher\":{\"@id\":\"https:\/\/www.sportingpedia.com\/fr\/#organization\"},\"potentialAction\":[{\"@type\":\"SearchAction\",\"target\":{\"@type\":\"EntryPoint\",\"urlTemplate\":\"https:\/\/www.sportingpedia.com\/fr\/?s={search_term_string}\"},\"query-input\":{\"@type\":\"PropertyValueSpecification\",\"valueRequired\":true,\"valueName\":\"search_term_string\"}}],\"inLanguage\":\"fr-FR\"},{\"@type\":\"Organization\",\"@id\":\"https:\/\/www.sportingpedia.com\/fr\/#organization\",\"name\":\"SportingPedia\",\"url\":\"https:\/\/www.sportingpedia.com\/fr\/\",\"logo\":{\"@type\":\"ImageObject\",\"inLanguage\":\"fr-FR\",\"@id\":\"https:\/\/www.sportingpedia.com\/fr\/#\/schema\/logo\/image\/\",\"url\":\"https:\/\/www.sportingpedia.com\/wp-content\/uploads\/2019\/10\/SportingPedia_logo.png\",\"contentUrl\":\"https:\/\/www.sportingpedia.com\/wp-content\/uploads\/2019\/10\/SportingPedia_logo.png\",\"width\":600,\"height\":101,\"caption\":\"SportingPedia\"},\"image\":{\"@id\":\"https:\/\/www.sportingpedia.com\/fr\/#\/schema\/logo\/image\/\"}}]}<\/script>\n<!-- \/ Yoast SEO plugin. -->","yoast_head_json":{"title":"Aiden Beswick - Sportingpedia - Latest Sports News From All Over the World","robots":{"index":"index","follow":"follow","max-snippet":"max-snippet:-1","max-image-preview":"max-image-preview:large","max-video-preview":"max-video-preview:-1"},"canonical":"https:\/\/www.sportingpedia.com\/fr\/meet-the-team\/aiden-beswick\/","og_locale":"fr_FR","og_type":"article","og_title":"Aiden Beswick - Sportingpedia - Latest Sports News From All Over the World","og_description":"Aiden Beswick est un journaliste sportif qui couvre principalement la Premier League. Il est un grand fan de Manchester United, WWE et AEW. Il travaille actuellement comme agent de soutien m\u00e9diatique \u00e0 la police du Grand Manchester et comme charg\u00e9 de communication \u00e0 Wythenshawe FC.","og_url":"https:\/\/www.sportingpedia.com\/fr\/meet-the-team\/aiden-beswick\/","og_site_name":"Sportingpedia - Latest Sports News From All Over the World","article_modified_time":"2025-05-16T10:00:17+00:00","twitter_card":"summary_large_image","twitter_misc":{"Dur\u00e9e de lecture estim\u00e9e":"1 minute"},"schema":{"@context":"https:\/\/schema.org","@graph":[{"@type":"WebPage","@id":"https:\/\/www.sportingpedia.com\/fr\/meet-the-team\/aiden-beswick\/","url":"https:\/\/www.sportingpedia.com\/fr\/meet-the-team\/aiden-beswick\/","name":"Aiden Beswick - Sportingpedia - Latest Sports News From All Over the World","isPartOf":{"@id":"https:\/\/www.sportingpedia.com\/fr\/#website"},"datePublished":"2025-04-10T07:45:47+00:00","dateModified":"2025-05-16T10:00:17+00:00","breadcrumb":{"@id":"https:\/\/www.sportingpedia.com\/fr\/meet-the-team\/aiden-beswick\/#breadcrumb"},"inLanguage":"fr-FR","potentialAction":[{"@type":"ReadAction","target":["https:\/\/www.sportingpedia.com\/fr\/meet-the-team\/aiden-beswick\/"]}]},{"@type":"BreadcrumbList","@id":"https:\/\/www.sportingpedia.com\/fr\/meet-the-team\/aiden-beswick\/#breadcrumb","itemListElement":[{"@type":"ListItem","position":1,"name":"Accueil","item":"https:\/\/www.sportingpedia.com\/fr\/home\/"},{"@type":"ListItem","position":2,"name":"Rencontrez l&#8217;\u00e9quipe","item":"https:\/\/www.sportingpedia.com\/fr\/meet-the-team\/"},{"@type":"ListItem","position":3,"name":"Aiden Beswick"}]},{"@type":"WebSite","@id":"https:\/\/www.sportingpedia.com\/fr\/#website","url":"https:\/\/www.sportingpedia.com\/fr\/","name":"Sportingpedia - Latest Sports News From All Over the World","description":"","publisher":{"@id":"https:\/\/www.sportingpedia.com\/fr\/#organization"},"potentialAction":[{"@type":"SearchAction","target":{"@type":"EntryPoint","urlTemplate":"https:\/\/www.sportingpedia.com\/fr\/?s={search_term_string}"},"query-input":{"@type":"PropertyValueSpecification","valueRequired":true,"valueName":"search_term_string"}}],"inLanguage":"fr-FR"},{"@type":"Organization","@id":"https:\/\/www.sportingpedia.com\/fr\/#organization","name":"SportingPedia","url":"https:\/\/www.sportingpedia.com\/fr\/","logo":{"@type":"ImageObject","inLanguage":"fr-FR","@id":"https:\/\/www.sportingpedia.com\/fr\/#\/schema\/logo\/image\/","url":"https:\/\/www.sportingpedia.com\/wp-content\/uploads\/2019\/10\/SportingPedia_logo.png","contentUrl":"https:\/\/www.sportingpedia.com\/wp-content\/uploads\/2019\/10\/SportingPedia_logo.png","width":600,"height":101,"caption":"SportingPedia"},"image":{"@id":"https:\/\/www.sportingpedia.com\/fr\/#\/schema\/logo\/image\/"}}]}},"_links":{"self":[{"href":"https:\/\/www.sportingpedia.com\/fr\/wp-json\/wp\/v2\/pages\/118495","targetHints":{"allow":["GET"]}}],"collection":[{"href":"https:\/\/www.sportingpedia.com\/fr\/wp-json\/wp\/v2\/pages"}],"about":[{"href":"https:\/\/www.sportingpedia.com\/fr\/wp-json\/wp\/v2\/types\/page"}],"author":[{"embeddable":true,"href":"https:\/\/www.sportingpedia.com\/fr\/wp-json\/wp\/v2\/users\/8"}],"replies":[{"embeddable":true,"href":"https:\/\/www.sportingpedia.com\/fr\/wp-json\/wp\/v2\/comments?post=118495"}],"version-history":[{"count":1,"href":"https:\/\/www.sportingpedia.com\/fr\/wp-json\/wp\/v2\/pages\/118495\/revisions"}],"predecessor-version":[{"id":123500,"href":"https:\/\/www.sportingpedia.com\/fr\/wp-json\/wp\/v2\/pages\/118495\/revisions\/123500"}],"up":[{"embeddable":true,"href":"https:\/\/www.sportingpedia.com\/fr\/wp-json\/wp\/v2\/pages\/118196"}],"wp:attachment":[{"href":"https:\/\/www.sportingpedia.com\/fr\/wp-json\/wp\/v2\/media?parent=118495"}],"curies":[{"name":"wp","href":"https:\/\/api.w.org\/{rel}","templated":true}]}}