{"id":118498,"date":"2025-04-10T07:45:47","date_gmt":"2025-04-10T07:45:47","guid":{"rendered":"https:\/\/www.sportingpedia.com\/?page_id=118498"},"modified":"2025-05-16T12:15:24","modified_gmt":"2025-05-16T12:15:24","slug":"earl-campbell","status":"publish","type":"page","link":"https:\/\/www.sportingpedia.com\/fr\/meet-the-team\/earl-campbell\/","title":{"rendered":"Earl Campbell"},"content":{"rendered":"<p><img decoding=\"async\" src=\"https:\/\/www.sportingpedia.com\/wp-content\/uploads\/2018\/07\/earl.png\" alt=\"Earl Campbell\" style=\"border-radius: 50%\" width=\"150\" height=\"150\" class=\"alignleft\" \/>Earl Campbell est un journaliste sportif bien connu, sp\u00e9cialis\u00e9 dans le football, la NBA, le tennis et le hockey. Il contribue quotidiennement \u00e0 Sportingpedia et de nombreux articles de sa plume sont publi\u00e9s dans des journaux prestigieux tels que BBC, Yahoo, MCN, Sun et Evening News, en italien, anglais, espagnol et portugais.<\/p>\n<p><a target=\"_blank\" href=\"https:\/\/www.linkedin.com\/in\/earl-campbell-57545417\/\" rel=\"noopener nofollow\"><img decoding=\"async\" width=\"25\" src=\"https:\/\/www.sportingpedia.com\/wp-content\/uploads\/2024\/09\/icon-linkedin.svg\" alt=\"Earl Campbell - Linkedin Profile\" \/><\/a><\/p>\n<div class=\"clear\"><\/div>\n","protected":false},"excerpt":{"rendered":"<p>Earl Campbell est un journaliste sportif bien connu, sp\u00e9cialis\u00e9 dans le football, la NBA, le tennis et le hockey. Il contribue quotidiennement \u00e0 Sportingpedia et de nombreux articles de sa plume sont publi\u00e9s dans des journaux prestigieux tels que BBC, Yahoo, MCN, Sun et Evening News, en italien, anglais, espagnol et portugais.<\/p>\n","protected":false},"author":8,"featured_media":0,"parent":118196,"menu_order":0,"comment_status":"closed","ping_status":"closed","template":"page-nosidebar.php","meta":{"footnotes":""},"class_list":["post-118498","page","type-page","status-publish","hentry"],"yoast_head":"<!-- This site is optimized with the Yoast SEO plugin v26.6 - https:\/\/yoast.com\/wordpress\/plugins\/seo\/ -->\n<title>Earl Campbell - Sportingpedia - Latest Sports News From All Over the World<\/title>\n<meta name=\"robots\" content=\"index, follow, max-snippet:-1, max-image-preview:large, max-video-preview:-1\" \/>\n<link rel=\"canonical\" href=\"https:\/\/www.sportingpedia.com\/fr\/meet-the-team\/earl-campbell\/\" \/>\n<meta property=\"og:locale\" content=\"fr_FR\" \/>\n<meta property=\"og:type\" content=\"article\" \/>\n<meta property=\"og:title\" content=\"Earl Campbell - Sportingpedia - Latest Sports News From All Over the World\" \/>\n<meta property=\"og:description\" content=\"Earl Campbell est un journaliste sportif bien connu, sp\u00e9cialis\u00e9 dans le football, la NBA, le tennis et le hockey. Il contribue quotidiennement \u00e0 Sportingpedia et de nombreux articles de sa plume sont publi\u00e9s dans des journaux prestigieux tels que BBC, Yahoo, MCN, Sun et Evening News, en italien, anglais, espagnol et portugais.\" \/>\n<meta property=\"og:url\" content=\"https:\/\/www.sportingpedia.com\/fr\/meet-the-team\/earl-campbell\/\" \/>\n<meta property=\"og:site_name\" content=\"Sportingpedia - Latest Sports News From All Over the World\" \/>\n<meta property=\"article:modified_time\" content=\"2025-05-16T12:15:24+00:00\" \/>\n<meta property=\"og:image\" content=\"https:\/\/www.sportingpedia.com\/wp-content\/uploads\/2018\/07\/earl.png\" \/>\n<meta name=\"twitter:card\" content=\"summary_large_image\" \/>\n<meta name=\"twitter:label1\" content=\"Dur\u00e9e de lecture estim\u00e9e\" \/>\n\t<meta name=\"twitter:data1\" content=\"1 minute\" \/>\n<script type=\"application\/ld+json\" class=\"yoast-schema-graph\">{\"@context\":\"https:\/\/schema.org\",\"@graph\":[{\"@type\":\"WebPage\",\"@id\":\"https:\/\/www.sportingpedia.com\/fr\/meet-the-team\/earl-campbell\/\",\"url\":\"https:\/\/www.sportingpedia.com\/fr\/meet-the-team\/earl-campbell\/\",\"name\":\"Earl Campbell - Sportingpedia - Latest Sports News From All Over the World\",\"isPartOf\":{\"@id\":\"https:\/\/www.sportingpedia.com\/fr\/#website\"},\"primaryImageOfPage\":{\"@id\":\"https:\/\/www.sportingpedia.com\/fr\/meet-the-team\/earl-campbell\/#primaryimage\"},\"image\":{\"@id\":\"https:\/\/www.sportingpedia.com\/fr\/meet-the-team\/earl-campbell\/#primaryimage\"},\"thumbnailUrl\":\"https:\/\/www.sportingpedia.com\/wp-content\/uploads\/2018\/07\/earl.png\",\"datePublished\":\"2025-04-10T07:45:47+00:00\",\"dateModified\":\"2025-05-16T12:15:24+00:00\",\"breadcrumb\":{\"@id\":\"https:\/\/www.sportingpedia.com\/fr\/meet-the-team\/earl-campbell\/#breadcrumb\"},\"inLanguage\":\"fr-FR\",\"potentialAction\":[{\"@type\":\"ReadAction\",\"target\":[\"https:\/\/www.sportingpedia.com\/fr\/meet-the-team\/earl-campbell\/\"]}]},{\"@type\":\"ImageObject\",\"inLanguage\":\"fr-FR\",\"@id\":\"https:\/\/www.sportingpedia.com\/fr\/meet-the-team\/earl-campbell\/#primaryimage\",\"url\":\"https:\/\/www.sportingpedia.com\/wp-content\/uploads\/2018\/07\/earl.png\",\"contentUrl\":\"https:\/\/www.sportingpedia.com\/wp-content\/uploads\/2018\/07\/earl.png\"},{\"@type\":\"BreadcrumbList\",\"@id\":\"https:\/\/www.sportingpedia.com\/fr\/meet-the-team\/earl-campbell\/#breadcrumb\",\"itemListElement\":[{\"@type\":\"ListItem\",\"position\":1,\"name\":\"Accueil\",\"item\":\"https:\/\/www.sportingpedia.com\/fr\/home\/\"},{\"@type\":\"ListItem\",\"position\":2,\"name\":\"Rencontrez l&#8217;\u00e9quipe\",\"item\":\"https:\/\/www.sportingpedia.com\/fr\/meet-the-team\/\"},{\"@type\":\"ListItem\",\"position\":3,\"name\":\"Earl Campbell\"}]},{\"@type\":\"WebSite\",\"@id\":\"https:\/\/www.sportingpedia.com\/fr\/#website\",\"url\":\"https:\/\/www.sportingpedia.com\/fr\/\",\"name\":\"Sportingpedia - Latest Sports News From All Over the World\",\"description\":\"\",\"publisher\":{\"@id\":\"https:\/\/www.sportingpedia.com\/fr\/#organization\"},\"potentialAction\":[{\"@type\":\"SearchAction\",\"target\":{\"@type\":\"EntryPoint\",\"urlTemplate\":\"https:\/\/www.sportingpedia.com\/fr\/?s={search_term_string}\"},\"query-input\":{\"@type\":\"PropertyValueSpecification\",\"valueRequired\":true,\"valueName\":\"search_term_string\"}}],\"inLanguage\":\"fr-FR\"},{\"@type\":\"Organization\",\"@id\":\"https:\/\/www.sportingpedia.com\/fr\/#organization\",\"name\":\"SportingPedia\",\"url\":\"https:\/\/www.sportingpedia.com\/fr\/\",\"logo\":{\"@type\":\"ImageObject\",\"inLanguage\":\"fr-FR\",\"@id\":\"https:\/\/www.sportingpedia.com\/fr\/#\/schema\/logo\/image\/\",\"url\":\"https:\/\/www.sportingpedia.com\/wp-content\/uploads\/2019\/10\/SportingPedia_logo.png\",\"contentUrl\":\"https:\/\/www.sportingpedia.com\/wp-content\/uploads\/2019\/10\/SportingPedia_logo.png\",\"width\":600,\"height\":101,\"caption\":\"SportingPedia\"},\"image\":{\"@id\":\"https:\/\/www.sportingpedia.com\/fr\/#\/schema\/logo\/image\/\"}}]}<\/script>\n<!-- \/ Yoast SEO plugin. -->","yoast_head_json":{"title":"Earl Campbell - Sportingpedia - Latest Sports News From All Over the World","robots":{"index":"index","follow":"follow","max-snippet":"max-snippet:-1","max-image-preview":"max-image-preview:large","max-video-preview":"max-video-preview:-1"},"canonical":"https:\/\/www.sportingpedia.com\/fr\/meet-the-team\/earl-campbell\/","og_locale":"fr_FR","og_type":"article","og_title":"Earl Campbell - Sportingpedia - Latest Sports News From All Over the World","og_description":"Earl Campbell est un journaliste sportif bien connu, sp\u00e9cialis\u00e9 dans le football, la NBA, le tennis et le hockey. Il contribue quotidiennement \u00e0 Sportingpedia et de nombreux articles de sa plume sont publi\u00e9s dans des journaux prestigieux tels que BBC, Yahoo, MCN, Sun et Evening News, en italien, anglais, espagnol et portugais.","og_url":"https:\/\/www.sportingpedia.com\/fr\/meet-the-team\/earl-campbell\/","og_site_name":"Sportingpedia - Latest Sports News From All Over the World","article_modified_time":"2025-05-16T12:15:24+00:00","og_image":[{"url":"https:\/\/www.sportingpedia.com\/wp-content\/uploads\/2018\/07\/earl.png","type":"","width":"","height":""}],"twitter_card":"summary_large_image","twitter_misc":{"Dur\u00e9e de lecture estim\u00e9e":"1 minute"},"schema":{"@context":"https:\/\/schema.org","@graph":[{"@type":"WebPage","@id":"https:\/\/www.sportingpedia.com\/fr\/meet-the-team\/earl-campbell\/","url":"https:\/\/www.sportingpedia.com\/fr\/meet-the-team\/earl-campbell\/","name":"Earl Campbell - Sportingpedia - Latest Sports News From All Over the World","isPartOf":{"@id":"https:\/\/www.sportingpedia.com\/fr\/#website"},"primaryImageOfPage":{"@id":"https:\/\/www.sportingpedia.com\/fr\/meet-the-team\/earl-campbell\/#primaryimage"},"image":{"@id":"https:\/\/www.sportingpedia.com\/fr\/meet-the-team\/earl-campbell\/#primaryimage"},"thumbnailUrl":"https:\/\/www.sportingpedia.com\/wp-content\/uploads\/2018\/07\/earl.png","datePublished":"2025-04-10T07:45:47+00:00","dateModified":"2025-05-16T12:15:24+00:00","breadcrumb":{"@id":"https:\/\/www.sportingpedia.com\/fr\/meet-the-team\/earl-campbell\/#breadcrumb"},"inLanguage":"fr-FR","potentialAction":[{"@type":"ReadAction","target":["https:\/\/www.sportingpedia.com\/fr\/meet-the-team\/earl-campbell\/"]}]},{"@type":"ImageObject","inLanguage":"fr-FR","@id":"https:\/\/www.sportingpedia.com\/fr\/meet-the-team\/earl-campbell\/#primaryimage","url":"https:\/\/www.sportingpedia.com\/wp-content\/uploads\/2018\/07\/earl.png","contentUrl":"https:\/\/www.sportingpedia.com\/wp-content\/uploads\/2018\/07\/earl.png"},{"@type":"BreadcrumbList","@id":"https:\/\/www.sportingpedia.com\/fr\/meet-the-team\/earl-campbell\/#breadcrumb","itemListElement":[{"@type":"ListItem","position":1,"name":"Accueil","item":"https:\/\/www.sportingpedia.com\/fr\/home\/"},{"@type":"ListItem","position":2,"name":"Rencontrez l&#8217;\u00e9quipe","item":"https:\/\/www.sportingpedia.com\/fr\/meet-the-team\/"},{"@type":"ListItem","position":3,"name":"Earl Campbell"}]},{"@type":"WebSite","@id":"https:\/\/www.sportingpedia.com\/fr\/#website","url":"https:\/\/www.sportingpedia.com\/fr\/","name":"Sportingpedia - Latest Sports News From All Over the World","description":"","publisher":{"@id":"https:\/\/www.sportingpedia.com\/fr\/#organization"},"potentialAction":[{"@type":"SearchAction","target":{"@type":"EntryPoint","urlTemplate":"https:\/\/www.sportingpedia.com\/fr\/?s={search_term_string}"},"query-input":{"@type":"PropertyValueSpecification","valueRequired":true,"valueName":"search_term_string"}}],"inLanguage":"fr-FR"},{"@type":"Organization","@id":"https:\/\/www.sportingpedia.com\/fr\/#organization","name":"SportingPedia","url":"https:\/\/www.sportingpedia.com\/fr\/","logo":{"@type":"ImageObject","inLanguage":"fr-FR","@id":"https:\/\/www.sportingpedia.com\/fr\/#\/schema\/logo\/image\/","url":"https:\/\/www.sportingpedia.com\/wp-content\/uploads\/2019\/10\/SportingPedia_logo.png","contentUrl":"https:\/\/www.sportingpedia.com\/wp-content\/uploads\/2019\/10\/SportingPedia_logo.png","width":600,"height":101,"caption":"SportingPedia"},"image":{"@id":"https:\/\/www.sportingpedia.com\/fr\/#\/schema\/logo\/image\/"}}]}},"_links":{"self":[{"href":"https:\/\/www.sportingpedia.com\/fr\/wp-json\/wp\/v2\/pages\/118498","targetHints":{"allow":["GET"]}}],"collection":[{"href":"https:\/\/www.sportingpedia.com\/fr\/wp-json\/wp\/v2\/pages"}],"about":[{"href":"https:\/\/www.sportingpedia.com\/fr\/wp-json\/wp\/v2\/types\/page"}],"author":[{"embeddable":true,"href":"https:\/\/www.sportingpedia.com\/fr\/wp-json\/wp\/v2\/users\/8"}],"replies":[{"embeddable":true,"href":"https:\/\/www.sportingpedia.com\/fr\/wp-json\/wp\/v2\/comments?post=118498"}],"version-history":[{"count":2,"href":"https:\/\/www.sportingpedia.com\/fr\/wp-json\/wp\/v2\/pages\/118498\/revisions"}],"predecessor-version":[{"id":128313,"href":"https:\/\/www.sportingpedia.com\/fr\/wp-json\/wp\/v2\/pages\/118498\/revisions\/128313"}],"up":[{"embeddable":true,"href":"https:\/\/www.sportingpedia.com\/fr\/wp-json\/wp\/v2\/pages\/118196"}],"wp:attachment":[{"href":"https:\/\/www.sportingpedia.com\/fr\/wp-json\/wp\/v2\/media?parent=118498"}],"curies":[{"name":"wp","href":"https:\/\/api.w.org\/{rel}","templated":true}]}}