{"id":115140,"date":"2025-04-10T06:56:37","date_gmt":"2025-04-10T06:56:37","guid":{"rendered":"https:\/\/www.sportingpedia.com\/?page_id=115140"},"modified":"2025-05-14T12:03:40","modified_gmt":"2025-05-14T12:03:40","slug":"terms-and-conditions","status":"publish","type":"page","link":"https:\/\/www.sportingpedia.com\/it\/terms-and-conditions\/","title":{"rendered":"Termini e Condizioni"},"content":{"rendered":"<p>Accedendo al sito web www.sportingpedia.com, accetti automaticamente i seguenti Termini e Condizioni. Ti preghiamo di leggerli attentamente poich\u00e9 questo ti aiuter\u00e0 a ottenere informazioni dettagliate sul sito web.<\/p>\n<h2>Accesso al sito web<\/h2>\n<p>Quando accedi al sito web, accetti automaticamente che Sportingpedia non possa essere ritenuta responsabile per eventuali errori, omissioni, danni, ecc. che possono verificarsi dopo l&#8217;utilizzo del contenuto disponibile su questo sito web. Accetti inoltre di considerare il possibile rischio che pu\u00f2 derivare dal contenuto pubblicato sul sito web. Sarai l&#8217;unico responsabile per eventuali rischi legati all&#8217;integrit\u00e0, utilit\u00e0 e accuratezza delle informazioni disponibili sul sito web.<\/p>\n<p>\u00c8 tua responsabilit\u00e0 verificare se il gioco d&#8217;azzardo online \u00e8 legale nella giurisdizione del tuo attuale paese di residenza.<\/p>\n<h2>Restrizione di Et\u00e0<\/h2>\n<p>Dovresti tenere presente che il sito web di Sportingpedia non dovrebbe essere accessibile da minori di et\u00e0. Dovresti avere almeno 18 anni per poter leggere il contenuto del sito web. La restrizione di et\u00e0 potrebbe essere pi\u00f9 alta, a seconda della giurisdizione in cui risiedi e dovresti conformarti ad essa.<\/p>\n<h2>Informativa sulla Privacy<\/h2>\n<p>Assicurati di familiarizzare con l&#8217;Informativa sulla Privacy del sito web che puoi trovare su <a href=\"https:\/\/www.sportingpedia.com\/it\/privacy-policy\/\">www.sportingpedia.com\/it\/privacy-policy\/<\/a><\/p>\n<h2>Esclusione di Garanzie e Limitazione di Responsabilit\u00e0<\/h2>\n<p>Sportingpedia non pu\u00f2 essere ritenuta responsabile per alcuna garanzia espressa o implicita che copra il contenuto, i dati e il materiale pubblicati sul sito web. Con questi mezzi, Sportingpedia declina tutte le garanzie implicite ed espresse nella misura consentita dalla legge applicabile.<\/p>\n<p>Inoltre, Sportingpedia non pu\u00f2 essere ritenuta responsabile per eventuali problemi che possono verificarsi a causa dell&#8217;uso o dell&#8217;impossibilit\u00e0 di utilizzare il sito web. Pertanto, gli utenti accettano di accedere al sito web a loro rischio.<\/p>\n<h2>Cambiamenti nei Termini e Condizioni<\/h2>\n<p>Sportingpedia si riserva i diritti esclusivi di alterare o modificare i propri Termini e Condizioni in qualsiasi momento senza alcun preavviso. Per questo motivo, si consiglia agli utenti di controllare regolarmente la pagina dei Termini e Condizioni del sito web per eventuali modifiche. Se ci sono delle alterazioni e si continua a utilizzare il sito web, questo sar\u00e0 considerato come un accordo con i nuovi e rivisti Termini e Condizioni di Sportingpedia.<\/p>\n<h2>Contattaci<\/h2>\n<p>Puoi sempre contattarci per qualsiasi domanda riguardante i nostri Termini e Condizioni o se desideri fornirci un feedback. Puoi farlo visitando la nostra <a href=\"https:\/\/www.sportingpedia.com\/it\/contact-us\/\">pagina di contatto<\/a>.<\/p>\n","protected":false},"excerpt":{"rendered":"<p>Accedendo al sito web www.sportingpedia.com, accetti automaticamente i seguenti Termini e Condizioni. Ti preghiamo di leggerli attentamente poich\u00e9 questo ti aiuter\u00e0 a ottenere informazioni dettagliate sul sito web. Accesso al sito web Quando accedi al sito web, accetti automaticamente che Sportingpedia non possa essere ritenuta responsabile per eventuali errori, omissioni, danni, ecc. che possono verificarsi [&hellip;]<\/p>\n","protected":false},"author":1,"featured_media":0,"parent":0,"menu_order":0,"comment_status":"closed","ping_status":"closed","template":"page-nosidebar.php","meta":{"footnotes":""},"class_list":["post-115140","page","type-page","status-publish","hentry"],"yoast_head":"<!-- This site is optimized with the Yoast SEO plugin v26.6 - https:\/\/yoast.com\/wordpress\/plugins\/seo\/ -->\n<title>Termini e Condizioni - Sportingpedia - Latest Sports News From All Over the World<\/title>\n<meta name=\"robots\" content=\"noindex, follow\" \/>\n<meta property=\"og:locale\" content=\"it_IT\" \/>\n<meta property=\"og:type\" content=\"article\" \/>\n<meta property=\"og:title\" content=\"Termini e Condizioni - Sportingpedia - Latest Sports News From All Over the World\" \/>\n<meta property=\"og:description\" content=\"Accedendo al sito web www.sportingpedia.com, accetti automaticamente i seguenti Termini e Condizioni. Ti preghiamo di leggerli attentamente poich\u00e9 questo ti aiuter\u00e0 a ottenere informazioni dettagliate sul sito web. Accesso al sito web Quando accedi al sito web, accetti automaticamente che Sportingpedia non possa essere ritenuta responsabile per eventuali errori, omissioni, danni, ecc. che possono verificarsi [&hellip;]\" \/>\n<meta property=\"og:url\" content=\"https:\/\/www.sportingpedia.com\/it\/terms-and-conditions\/\" \/>\n<meta property=\"og:site_name\" content=\"Sportingpedia - Latest Sports News From All Over the World\" \/>\n<meta property=\"article:modified_time\" content=\"2025-05-14T12:03:40+00:00\" \/>\n<meta name=\"twitter:card\" content=\"summary_large_image\" \/>\n<meta name=\"twitter:label1\" content=\"Tempo di lettura stimato\" \/>\n\t<meta name=\"twitter:data1\" content=\"2 minuti\" \/>\n<script type=\"application\/ld+json\" class=\"yoast-schema-graph\">{\"@context\":\"https:\/\/schema.org\",\"@graph\":[{\"@type\":\"WebPage\",\"@id\":\"https:\/\/www.sportingpedia.com\/it\/terms-and-conditions\/\",\"url\":\"https:\/\/www.sportingpedia.com\/it\/terms-and-conditions\/\",\"name\":\"Termini e Condizioni - Sportingpedia - Latest Sports News From All Over the World\",\"isPartOf\":{\"@id\":\"https:\/\/www.sportingpedia.com\/it\/#website\"},\"datePublished\":\"2025-04-10T06:56:37+00:00\",\"dateModified\":\"2025-05-14T12:03:40+00:00\",\"breadcrumb\":{\"@id\":\"https:\/\/www.sportingpedia.com\/it\/terms-and-conditions\/#breadcrumb\"},\"inLanguage\":\"it-IT\",\"potentialAction\":[{\"@type\":\"ReadAction\",\"target\":[\"https:\/\/www.sportingpedia.com\/it\/terms-and-conditions\/\"]}]},{\"@type\":\"BreadcrumbList\",\"@id\":\"https:\/\/www.sportingpedia.com\/it\/terms-and-conditions\/#breadcrumb\",\"itemListElement\":[{\"@type\":\"ListItem\",\"position\":1,\"name\":\"Home\",\"item\":\"https:\/\/www.sportingpedia.com\/it\/home-2\/\"},{\"@type\":\"ListItem\",\"position\":2,\"name\":\"Termini e Condizioni\"}]},{\"@type\":\"WebSite\",\"@id\":\"https:\/\/www.sportingpedia.com\/it\/#website\",\"url\":\"https:\/\/www.sportingpedia.com\/it\/\",\"name\":\"Sportingpedia - Latest Sports News From All Over the World\",\"description\":\"\",\"publisher\":{\"@id\":\"https:\/\/www.sportingpedia.com\/it\/#organization\"},\"potentialAction\":[{\"@type\":\"SearchAction\",\"target\":{\"@type\":\"EntryPoint\",\"urlTemplate\":\"https:\/\/www.sportingpedia.com\/it\/?s={search_term_string}\"},\"query-input\":{\"@type\":\"PropertyValueSpecification\",\"valueRequired\":true,\"valueName\":\"search_term_string\"}}],\"inLanguage\":\"it-IT\"},{\"@type\":\"Organization\",\"@id\":\"https:\/\/www.sportingpedia.com\/it\/#organization\",\"name\":\"SportingPedia\",\"url\":\"https:\/\/www.sportingpedia.com\/it\/\",\"logo\":{\"@type\":\"ImageObject\",\"inLanguage\":\"it-IT\",\"@id\":\"https:\/\/www.sportingpedia.com\/it\/#\/schema\/logo\/image\/\",\"url\":\"https:\/\/www.sportingpedia.com\/wp-content\/uploads\/2019\/10\/SportingPedia_logo.png\",\"contentUrl\":\"https:\/\/www.sportingpedia.com\/wp-content\/uploads\/2019\/10\/SportingPedia_logo.png\",\"width\":600,\"height\":101,\"caption\":\"SportingPedia\"},\"image\":{\"@id\":\"https:\/\/www.sportingpedia.com\/it\/#\/schema\/logo\/image\/\"}}]}<\/script>\n<!-- \/ Yoast SEO plugin. -->","yoast_head_json":{"title":"Termini e Condizioni - Sportingpedia - Latest Sports News From All Over the World","robots":{"index":"noindex","follow":"follow"},"og_locale":"it_IT","og_type":"article","og_title":"Termini e Condizioni - Sportingpedia - Latest Sports News From All Over the World","og_description":"Accedendo al sito web www.sportingpedia.com, accetti automaticamente i seguenti Termini e Condizioni. Ti preghiamo di leggerli attentamente poich\u00e9 questo ti aiuter\u00e0 a ottenere informazioni dettagliate sul sito web. Accesso al sito web Quando accedi al sito web, accetti automaticamente che Sportingpedia non possa essere ritenuta responsabile per eventuali errori, omissioni, danni, ecc. che possono verificarsi [&hellip;]","og_url":"https:\/\/www.sportingpedia.com\/it\/terms-and-conditions\/","og_site_name":"Sportingpedia - Latest Sports News From All Over the World","article_modified_time":"2025-05-14T12:03:40+00:00","twitter_card":"summary_large_image","twitter_misc":{"Tempo di lettura stimato":"2 minuti"},"schema":{"@context":"https:\/\/schema.org","@graph":[{"@type":"WebPage","@id":"https:\/\/www.sportingpedia.com\/it\/terms-and-conditions\/","url":"https:\/\/www.sportingpedia.com\/it\/terms-and-conditions\/","name":"Termini e Condizioni - Sportingpedia - Latest Sports News From All Over the World","isPartOf":{"@id":"https:\/\/www.sportingpedia.com\/it\/#website"},"datePublished":"2025-04-10T06:56:37+00:00","dateModified":"2025-05-14T12:03:40+00:00","breadcrumb":{"@id":"https:\/\/www.sportingpedia.com\/it\/terms-and-conditions\/#breadcrumb"},"inLanguage":"it-IT","potentialAction":[{"@type":"ReadAction","target":["https:\/\/www.sportingpedia.com\/it\/terms-and-conditions\/"]}]},{"@type":"BreadcrumbList","@id":"https:\/\/www.sportingpedia.com\/it\/terms-and-conditions\/#breadcrumb","itemListElement":[{"@type":"ListItem","position":1,"name":"Home","item":"https:\/\/www.sportingpedia.com\/it\/home-2\/"},{"@type":"ListItem","position":2,"name":"Termini e Condizioni"}]},{"@type":"WebSite","@id":"https:\/\/www.sportingpedia.com\/it\/#website","url":"https:\/\/www.sportingpedia.com\/it\/","name":"Sportingpedia - Latest Sports News From All Over the World","description":"","publisher":{"@id":"https:\/\/www.sportingpedia.com\/it\/#organization"},"potentialAction":[{"@type":"SearchAction","target":{"@type":"EntryPoint","urlTemplate":"https:\/\/www.sportingpedia.com\/it\/?s={search_term_string}"},"query-input":{"@type":"PropertyValueSpecification","valueRequired":true,"valueName":"search_term_string"}}],"inLanguage":"it-IT"},{"@type":"Organization","@id":"https:\/\/www.sportingpedia.com\/it\/#organization","name":"SportingPedia","url":"https:\/\/www.sportingpedia.com\/it\/","logo":{"@type":"ImageObject","inLanguage":"it-IT","@id":"https:\/\/www.sportingpedia.com\/it\/#\/schema\/logo\/image\/","url":"https:\/\/www.sportingpedia.com\/wp-content\/uploads\/2019\/10\/SportingPedia_logo.png","contentUrl":"https:\/\/www.sportingpedia.com\/wp-content\/uploads\/2019\/10\/SportingPedia_logo.png","width":600,"height":101,"caption":"SportingPedia"},"image":{"@id":"https:\/\/www.sportingpedia.com\/it\/#\/schema\/logo\/image\/"}}]}},"_links":{"self":[{"href":"https:\/\/www.sportingpedia.com\/it\/wp-json\/wp\/v2\/pages\/115140","targetHints":{"allow":["GET"]}}],"collection":[{"href":"https:\/\/www.sportingpedia.com\/it\/wp-json\/wp\/v2\/pages"}],"about":[{"href":"https:\/\/www.sportingpedia.com\/it\/wp-json\/wp\/v2\/types\/page"}],"author":[{"embeddable":true,"href":"https:\/\/www.sportingpedia.com\/it\/wp-json\/wp\/v2\/users\/1"}],"replies":[{"embeddable":true,"href":"https:\/\/www.sportingpedia.com\/it\/wp-json\/wp\/v2\/comments?post=115140"}],"version-history":[{"count":3,"href":"https:\/\/www.sportingpedia.com\/it\/wp-json\/wp\/v2\/pages\/115140\/revisions"}],"predecessor-version":[{"id":127940,"href":"https:\/\/www.sportingpedia.com\/it\/wp-json\/wp\/v2\/pages\/115140\/revisions\/127940"}],"wp:attachment":[{"href":"https:\/\/www.sportingpedia.com\/it\/wp-json\/wp\/v2\/media?parent=115140"}],"curies":[{"name":"wp","href":"https:\/\/api.w.org\/{rel}","templated":true}]}}