{"id":115191,"date":"2025-04-10T06:56:49","date_gmt":"2025-04-10T06:56:49","guid":{"rendered":"https:\/\/www.sportingpedia.com\/?page_id=115191"},"modified":"2025-11-14T14:34:43","modified_gmt":"2025-11-14T14:34:43","slug":"accumulators-explained","status":"publish","type":"page","link":"https:\/\/www.sportingpedia.com\/it\/football-betting\/accumulators-explained\/","title":{"rendered":"Le scommesse multiple sul calcio"},"content":{"rendered":"<p><img decoding=\"async\" src=\"https:\/\/www.sportingpedia.com\/wp-content\/uploads\/2021\/02\/football-betting-accumulators-explained.svg\" alt=\"Accumulator di Calcio Spiegato\" width=\"300\" class=\"alignleft \" \/>Le scommesse accumulatori, o multiple come sono anche conosciute, rientrano tra <strong>i modi pi\u00f9 apprezzati per scommettere sul calcio<\/strong>. In sostanza, qualsiasi scommettitore di calcio esperto ti dir\u00e0 che \u00e8 opportuno familiarizzare con i dettagli di questo tipo di scommessa, poich\u00e9 il motivo pi\u00f9 ovvio sono le vincite che tali puntate possono garantire.<\/p>\n\n<p>Tuttavia, gli appassionati di calcio dovrebbero tenere conto del fatto che ottenere una vincita quando si <strong>effettuano tali scommesse pu\u00f2 risultare un compito piuttosto arduo<\/strong>. Naturalmente, ci\u00f2 non significa che gli appassionati di calcio dovrebbero evitare tali scommesse solo perch\u00e9 richiedono maggiore competenza e fortuna.<\/p>\n<div class=\"clear\"><\/div>\n<ol class=\"bookies-grid\">\r\n\t<li>\r\n\t\t<a rel=\"nofollow\" target=\"_blank\" href=\"\/out\/mybookie?au&#x3D;138&amp;bp&#x3D;1\"<\/a>\r\n\t\t\t<figure>\r\n\t\t\t  \t<img decoding=\"async\" src=\"https:\/\/www.sportingpedia.com\/wp-content\/uploads\/logos\/lg-mybookie-logo.jpg\" width=\"110\" height=\"55\">\r\n\t\t\t<\/figure>\r\n\r\n\t\t\t<div>\r\n\t\t\t  \t<span class=\"bookie-name\">MyBookie<\/span>\r\n\r\n\t\t\t  \t<span class=\"bookie-rating\">Rating: 4.9 <b>&starf;<\/b><\/span>\r\n\t\t\t<\/div>\r\n\t\t<\/a>\r\n\t<\/li>\r\n\t<li>\r\n\t\t<a rel=\"nofollow\" target=\"_blank\" href=\"\/out\/bovada?au&#x3D;138&amp;bp&#x3D;2\"<\/a>\r\n\t\t\t<figure>\r\n\t\t\t  \t<img decoding=\"async\" src=\"https:\/\/www.sportingpedia.com\/wp-content\/uploads\/logos\/lg-bovada-logo.jpg\" width=\"110\" height=\"55\">\r\n\t\t\t<\/figure>\r\n\r\n\t\t\t<div>\r\n\t\t\t  \t<span class=\"bookie-name\">Bovada<\/span>\r\n\r\n\t\t\t  \t<span class=\"bookie-rating\">Rating: 4.8 <b>&starf;<\/b><\/span>\r\n\t\t\t<\/div>\r\n\t\t<\/a>\r\n\t<\/li>\r\n\t<li>\r\n\t\t<a rel=\"nofollow\" target=\"_blank\" href=\"\/out\/xbet?au&#x3D;138&amp;bp&#x3D;3\"<\/a>\r\n\t\t\t<figure>\r\n\t\t\t  \t<img decoding=\"async\" src=\"https:\/\/www.sportingpedia.com\/wp-content\/uploads\/logos\/lg-xbet-logo.jpg\" width=\"110\" height=\"55\">\r\n\t\t\t<\/figure>\r\n\r\n\t\t\t<div>\r\n\t\t\t  \t<span class=\"bookie-name\">XBet<\/span>\r\n\r\n\t\t\t  \t<span class=\"bookie-rating\">Rating: 4.7 <b>&starf;<\/b><\/span>\r\n\t\t\t<\/div>\r\n\t\t<\/a>\r\n\t<\/li>\r\n\t<li>\r\n\t\t<a rel=\"nofollow\" target=\"_blank\" href=\"\/out\/intertops?au&#x3D;138&amp;bp&#x3D;4\"<\/a>\r\n\t\t\t<figure>\r\n\t\t\t  \t<img decoding=\"async\" src=\"https:\/\/www.sportingpedia.com\/wp-content\/uploads\/logos\/lg-everygame-logo.webp\" width=\"110\" height=\"55\">\r\n\t\t\t<\/figure>\r\n\r\n\t\t\t<div>\r\n\t\t\t  \t<span class=\"bookie-name\">Everygame<\/span>\r\n\r\n\t\t\t  \t<span class=\"bookie-rating\">Rating: 4.6 <b>&starf;<\/b><\/span>\r\n\t\t\t<\/div>\r\n\t\t<\/a>\r\n\t<\/li>\r\n\t<li>\r\n\t\t<a rel=\"nofollow\" target=\"_blank\" href=\"\/out\/betusr?au&#x3D;138&amp;bp&#x3D;5\"<\/a>\r\n\t\t\t<figure>\r\n\t\t\t  \t<img decoding=\"async\" src=\"https:\/\/www.sportingpedia.com\/wp-content\/uploads\/logos\/lg-betusr-logo.jpg\" width=\"110\" height=\"55\">\r\n\t\t\t<\/figure>\r\n\r\n\t\t\t<div>\r\n\t\t\t  \t<span class=\"bookie-name\">BetUSR<\/span>\r\n\r\n\t\t\t  \t<span class=\"bookie-rating\">Rating: 4.5 <b>&starf;<\/b><\/span>\r\n\t\t\t<\/div>\r\n\t\t<\/a>\r\n\t<\/li>\r\n\t<li>\r\n\t\t<a rel=\"nofollow\" target=\"_blank\" href=\"\/out\/vave?au&#x3D;138&amp;bp&#x3D;6\"<\/a>\r\n\t\t\t<figure>\r\n\t\t\t  \t<img decoding=\"async\" src=\"https:\/\/www.sportingpedia.com\/wp-content\/uploads\/logos\/lg-vave-logo.webp\" width=\"110\" height=\"55\">\r\n\t\t\t<\/figure>\r\n\r\n\t\t\t<div>\r\n\t\t\t  \t<span class=\"bookie-name\">Vave<\/span>\r\n\r\n\t\t\t  \t<span class=\"bookie-rating\">Rating: 4.4 <b>&starf;<\/b><\/span>\r\n\t\t\t<\/div>\r\n\t\t<\/a>\r\n\t<\/li>\r\n<\/ol><script>\n  setTimeout(function(){\n    if(!document.getElementById('JasHAAffsaMosaAdsANa2i')) {\n      jQuery('a[target=\"_blank\"]').removeAttr('target');\n    }\n  }, 1000);\n<\/script>\n\n<p>Quindi, se cerchi di aggiungere un&#8217;emozione extra alla tua sessione di gioco, le scommesse accumulatori potrebbero rivelarsi la scelta migliore. Ora, se desideri imparare le basi di questo tipo di scommessa multipla sul calcio, <strong>continua a leggere qui sotto<\/strong>.<\/p>\n<h2 id=\"accumulators\">Cosa sono le scommesse multiple sul calcio<\/h2>\n<p><img decoding=\"async\" src=\"https:\/\/www.sportingpedia.com\/wp-content\/uploads\/2021\/02\/football-betting-accumulators-explained_what-are-football-accumulators.svg\" alt=\"Cosa Sono le Scommesse Multiple sul Calcio\" width=\"300\" class=\"alignleft\" \/>\u00c8 corretto affermare che le scommesse multiple sono tra le preferite dagli appassionati non solo per il valore che possono offrire, ma anche per il loro funzionamento estremamente semplice. Una delle prime cose che gli appassionati di calcio dovrebbero ricordare \u00e8 che <strong>i termini multiple e parlay vengono utilizzati per riferirsi allo stesso tipo di scommessa sul calcio<\/strong>. Quanto al termine scommesse multiple, \u00e8 utilizzato dagli appassionati di gioco d&#8217;azzardo in quasi tutto il mondo, con l&#8217;unica eccezione degli Stati Uniti, dove si preferisce \u201cscommesse parlay\u201d.<\/p>\n<p>Una volta chiarito ci\u00f2, la prossima cosa da capire \u00e8 che cosa siano le scommesse multiple. Nonostante tali scommesse possano sembrare leggermente complesse all&#8217;inizio, non dovresti preoccuparti: in pratica si tratta semplicemente di puntate che includono due o pi\u00f9 selezioni in un&#8217;unica giocata. In altre parole, <strong>gli scommettitori di calcio fanno diverse previsioni contemporaneamente<\/strong>. Poich\u00e9 stai riunendo diverse selezioni in un&#8217;unica scommessa multipla, unisci anche le quote e, di conseguenza, puoi ottenere vincite notevoli.<\/p>\n<p>Tuttavia, una delle cose pi\u00f9 difficili riguardo a queste scommesse \u00e8 che vincerai solo se tutte le selezioni che hai fatto sono corrette. Questo \u00e8 uno dei principali motivi per cui tali scommesse sono considerate una sfida nelle scommesse calcistiche. Anche se, in teoria, una multipla pu\u00f2 includere quasi qualsiasi tipo di puntata, nella maggior parte dei casi <strong>quando piazzano scommesse multiple gli appassionati tendono a puntare sul risultato finale di diversi incontri di calcio<\/strong>.<\/p>\n<p>Come detto, l&#8217;aspetto pi\u00f9 impegnativo delle multiple resta centrare tutte le scelte. Anche se decidi di includere solo due selezioni nella tua scommessa multipla, le tue probabilit\u00e0 di fare una previsione giusta saranno molto inferiori rispetto a quando piazzi due scommesse singole sugli stessi eventi. Quindi, <strong>le tue possibilit\u00e0 di fare scelte corrette diminuiscono con ogni selezione aggiuntiva che decidi di includere<\/strong>.<\/p>\n<p>Forse ti stai chiedendo perch\u00e9 gli scommettitori di calcio dovrebbero ricorrere a tali scommesse, dato che possono risultare cos\u00ec complicate. La spiegazione \u00e8 piuttosto semplice: le scommesse multiple o parlay possono generare vincite pi\u00f9 sostanziali rispetto alle altre opzioni di scommessa a disposizione degli appassionati.<\/p>\n<h2 id=\"creating\">Creare una scommessa multipla sul calcio<\/h2>\n<p><img decoding=\"async\" src=\"https:\/\/www.sportingpedia.com\/wp-content\/uploads\/2021\/02\/football-betting-accumulators-explained_creating-acummulator-bet.svg\" alt=\"Creare una Scommessa Multipla sul Calcio\" width=\"300\" class=\"alignleft\" \/>Una volta apprese le caratteristiche di questo modo di scommettere sul calcio, forse sei curioso di <strong>scoprire di pi\u00f9 sul modo in cui vengono create tali scommesse<\/strong>. La buona notizia \u00e8 che gli appassionati di calcio non devono preoccuparsi, poich\u00e9 creare una scommessa multipla sul calcio non potrebbe essere pi\u00f9 semplice.<\/p>\n<p>Una volta aperto un conto presso il bookmaker virtuale che soddisfa tutte le tue esigenze, accedi al tuo account e dirigiti alla sezione riservata agli eventi calcistici. Ti saranno presentati tutti gli eventi sui quali puoi inserire la tua multipla. Gli appassionati di scommesse devono ricordare che non sono obbligati a limitarsi a un unico torneo o campionato, poich\u00e9 <strong>possono distribuire le loro previsioni su pi\u00f9 competizioni individuali<\/strong>. Inoltre, i scommettitori di calcio dovrebbero sapere che gli eventi su cui hanno deciso di puntare non devono necessariamente svolgersi nello stesso giorno.<\/p>\n<p>Supponiamo che tu abbia scelto di scommettere su una partita tra Liverpool e Crystal Palace, in cui le quote per la vittoria del Liverpool sono 1,85. Poi hai selezionato una partita tra Manchester United e Arsenal, in cui le quote per la vittoria del Manchester United sono 2,10. Infine, hai scelto una partita tra Stoke City e Manchester City, in cui le quote per lo Stoke City sono 2,30. Oltre alle opzioni pi\u00f9 tradizionali, come scommettere su pareggio, vittoria o sconfitta, gli appassionati potrebbero essere interessati a scoprire che possono anche fare previsioni riguardanti il <strong>primo e l&#8217;ultimo marcatore, nonch\u00e9 il numero totale di gol segnati<\/strong> e cos\u00ec via. \u00c8 importante notare che, osservando la tua schedina, le puntate appariranno come singole. Dovrai quindi selezionare l&#8217;opzione per trasformarle in una scommessa multipla e inserire l&#8217;importo che desideri puntare.<\/p>\n<h2 id=\"estimating\">Stimare i tuoi potenziali ritorni<\/h2>\n<p><img decoding=\"async\" src=\"https:\/\/www.sportingpedia.com\/wp-content\/uploads\/2021\/02\/football-betting-accumulators-explained_estimating-your-potential-returns.svg\" alt=\"Stimare i Tuoi Potenziali Ritorni\" width=\"300\" class=\"alignleft \" \/>Ora concentriamoci sugli esempi riportati sopra. Forse sei gi\u00e0 consapevole che la tua scommessa accumulativa sar\u00e0 vincente a condizione che Liverpool, Manchester United e Stoke City risultino le squadre vittoriose. Pertanto, se anche solo una delle partite dovesse finire in pareggio, la tua scommessa accumulativa risulterebbe immediatamente perdente. <strong>Le tue possibilit\u00e0 di azzeccare tutte e tre le selezioni sarebbero molto inferiori<\/strong> rispetto a quelle che avresti piazzando le stesse previsioni come scommesse singole.<\/p>\n<p>A questo punto potresti chiederti perch\u00e9 correre il rischio di perdere i tuoi soldi quando potresti giocare sul sicuro e piazzare tre scommesse singole. Sebbene inizialmente questa scelta possa sembrarti insensata, scoprirai che il modo in cui vengono calcolate le quote nei due casi influisce notevolmente sul profitto complessivo, inducendoti a cambiare idea.<\/p>\n<p>Se decidi di rimanere sul sicuro e piazzare tre scommesse singole da 10 \u20ac ciascuna, nel primo caso una puntata vincente sul Liverpool ti restituir\u00e0 18,50 \u20ac, con un profitto di 8,50 \u20ac. Se hai scommesso sul Manchester United e la squadra vince, <strong>la tua scommessa ti restituir\u00e0 21 \u20ac<\/strong>, quindi otterrai un profitto di 11 \u20ac. Nel caso in cui la scommessa sullo Stoke City risulti vincente, i ritorni concessi ammontano a 23 \u20ac, ovvero un profitto di 13 \u20ac. Dovrebbe quindi esserti chiaro che stai rischiando 30 \u20ac per ottenere un profitto complessivo di 32,50 \u20ac.<\/p>\n<p>Ora supponiamo che tu scelga un altro approccio e decida di piazzare una scommessa accumulativa. Questa volta, <strong>devi moltiplicare le quote offerte per ciascuna delle singole partite di calcio<\/strong>. In altre parole, l&#8217;equazione sar\u00e0 la seguente: 2,3 x 2,1 x 1,8 = 8,694. Devi quindi moltiplicare questo valore per l&#8217;importo scommesso, che nel nostro caso \u00e8 30 \u20ac. In questo modo il tuo potenziale ritorno sar\u00e0 di 260,82 \u20ac, con un profitto netto di 230,82 \u20ac.<\/p>\n<p>Come puoi vedere, <strong>i valori differiscono notevolmente<\/strong>, ed \u00e8 proprio per questo motivo che cos\u00ec tanti appassionati di calcio optano per le scommesse accumulative. Al contrario, alcuni scommettitori ritengono che tali scommesse non valgano la pena, poich\u00e9, secondo loro, \u00e8 piuttosto difficile azzeccare tutte le previsioni. Tuttavia, come hai potuto notare, il rischio pu\u00f2 essere ampiamente ripagato, soprattutto quando le quote proposte sono particolarmente vantaggiose.<\/p>\n<p>Anche se ci\u00f2 \u00e8 vero, gli scommettitori di calcio dovrebbero sempre sforzarsi di trovare il giusto equilibrio quando si tratta di multiple, poich\u00e9 spesso potrebbero essere tentati di aggiungere un numero eccessivo di selezioni nel tentativo di aumentare il profitto potenziale. Probabilmente hai gi\u00e0 capito perch\u00e9 un simile approccio pu\u00f2 rivelarsi del tutto sbagliato.<\/p>\n","protected":false},"excerpt":{"rendered":"<p>Le scommesse accumulatori, o multiple come sono anche conosciute, rientrano tra i modi pi\u00f9 apprezzati per scommettere sul calcio. In sostanza, qualsiasi scommettitore di calcio esperto ti dir\u00e0 che \u00e8 opportuno familiarizzare con i dettagli di questo tipo di scommessa, poich\u00e9 il motivo pi\u00f9 ovvio sono le vincite che tali puntate possono garantire. Tuttavia, gli [&hellip;]<\/p>\n","protected":false},"author":8,"featured_media":0,"parent":115180,"menu_order":0,"comment_status":"closed","ping_status":"closed","template":"template-guide-page.php","meta":{"footnotes":""},"class_list":["post-115191","page","type-page","status-publish","hentry"],"yoast_head":"<!-- This site is optimized with the Yoast SEO plugin v26.6 - https:\/\/yoast.com\/wordpress\/plugins\/seo\/ -->\n<title>Le scommesse multiple sul calcio: come funzionano<\/title>\n<meta name=\"description\" content=\"Le scommesse multiple sul calcio sono conosciute anche come scommesse a catena, e sono tra pi\u00f9 preferiti di scommettere sul calcio.\" \/>\n<meta name=\"robots\" content=\"index, follow, max-snippet:-1, max-image-preview:large, max-video-preview:-1\" \/>\n<link rel=\"canonical\" href=\"https:\/\/www.sportingpedia.com\/it\/football-betting\/accumulators-explained\/\" \/>\n<meta property=\"og:locale\" content=\"it_IT\" \/>\n<meta property=\"og:type\" content=\"article\" \/>\n<meta property=\"og:title\" content=\"Le scommesse multiple sul calcio: come funzionano\" \/>\n<meta property=\"og:description\" content=\"Le scommesse multiple sul calcio sono conosciute anche come scommesse a catena, e sono tra pi\u00f9 preferiti di scommettere sul calcio.\" \/>\n<meta property=\"og:url\" content=\"https:\/\/www.sportingpedia.com\/it\/football-betting\/accumulators-explained\/\" \/>\n<meta property=\"og:site_name\" content=\"Sportingpedia - Latest Sports News From All Over the World\" \/>\n<meta property=\"article:modified_time\" content=\"2025-11-14T14:34:43+00:00\" \/>\n<meta property=\"og:image\" content=\"https:\/\/www.sportingpedia.com\/wp-content\/uploads\/2021\/02\/football-betting-accumulators-explained.svg\" \/>\n<meta name=\"twitter:card\" content=\"summary_large_image\" \/>\n<meta name=\"twitter:label1\" content=\"Tempo di lettura stimato\" \/>\n\t<meta name=\"twitter:data1\" content=\"7 minuti\" \/>\n<script type=\"application\/ld+json\" class=\"yoast-schema-graph\">{\"@context\":\"https:\/\/schema.org\",\"@graph\":[{\"@type\":\"WebPage\",\"@id\":\"https:\/\/www.sportingpedia.com\/it\/football-betting\/accumulators-explained\/\",\"url\":\"https:\/\/www.sportingpedia.com\/it\/football-betting\/accumulators-explained\/\",\"name\":\"Le scommesse multiple sul calcio: come funzionano\",\"isPartOf\":{\"@id\":\"https:\/\/www.sportingpedia.com\/it\/#website\"},\"primaryImageOfPage\":{\"@id\":\"https:\/\/www.sportingpedia.com\/it\/football-betting\/accumulators-explained\/#primaryimage\"},\"image\":{\"@id\":\"https:\/\/www.sportingpedia.com\/it\/football-betting\/accumulators-explained\/#primaryimage\"},\"thumbnailUrl\":\"https:\/\/www.sportingpedia.com\/wp-content\/uploads\/2021\/02\/football-betting-accumulators-explained.svg\",\"datePublished\":\"2025-04-10T06:56:49+00:00\",\"dateModified\":\"2025-11-14T14:34:43+00:00\",\"description\":\"Le scommesse multiple sul calcio sono conosciute anche come scommesse a catena, e sono tra pi\u00f9 preferiti di scommettere sul calcio.\",\"breadcrumb\":{\"@id\":\"https:\/\/www.sportingpedia.com\/it\/football-betting\/accumulators-explained\/#breadcrumb\"},\"inLanguage\":\"it-IT\",\"potentialAction\":[{\"@type\":\"ReadAction\",\"target\":[\"https:\/\/www.sportingpedia.com\/it\/football-betting\/accumulators-explained\/\"]}]},{\"@type\":\"ImageObject\",\"inLanguage\":\"it-IT\",\"@id\":\"https:\/\/www.sportingpedia.com\/it\/football-betting\/accumulators-explained\/#primaryimage\",\"url\":\"https:\/\/www.sportingpedia.com\/wp-content\/uploads\/2021\/02\/football-betting-accumulators-explained.svg\",\"contentUrl\":\"https:\/\/www.sportingpedia.com\/wp-content\/uploads\/2021\/02\/football-betting-accumulators-explained.svg\"},{\"@type\":\"BreadcrumbList\",\"@id\":\"https:\/\/www.sportingpedia.com\/it\/football-betting\/accumulators-explained\/#breadcrumb\",\"itemListElement\":[{\"@type\":\"ListItem\",\"position\":1,\"name\":\"Home\",\"item\":\"https:\/\/www.sportingpedia.com\/it\/home-2\/\"},{\"@type\":\"ListItem\",\"position\":2,\"name\":\"Scommesse sul Calcio\",\"item\":\"https:\/\/www.sportingpedia.com\/it\/football-betting\/\"},{\"@type\":\"ListItem\",\"position\":3,\"name\":\"Le scommesse multiple sul calcio\"}]},{\"@type\":\"WebSite\",\"@id\":\"https:\/\/www.sportingpedia.com\/it\/#website\",\"url\":\"https:\/\/www.sportingpedia.com\/it\/\",\"name\":\"Sportingpedia - Latest Sports News From All Over the World\",\"description\":\"\",\"publisher\":{\"@id\":\"https:\/\/www.sportingpedia.com\/it\/#organization\"},\"potentialAction\":[{\"@type\":\"SearchAction\",\"target\":{\"@type\":\"EntryPoint\",\"urlTemplate\":\"https:\/\/www.sportingpedia.com\/it\/?s={search_term_string}\"},\"query-input\":{\"@type\":\"PropertyValueSpecification\",\"valueRequired\":true,\"valueName\":\"search_term_string\"}}],\"inLanguage\":\"it-IT\"},{\"@type\":\"Organization\",\"@id\":\"https:\/\/www.sportingpedia.com\/it\/#organization\",\"name\":\"SportingPedia\",\"url\":\"https:\/\/www.sportingpedia.com\/it\/\",\"logo\":{\"@type\":\"ImageObject\",\"inLanguage\":\"it-IT\",\"@id\":\"https:\/\/www.sportingpedia.com\/it\/#\/schema\/logo\/image\/\",\"url\":\"https:\/\/www.sportingpedia.com\/wp-content\/uploads\/2019\/10\/SportingPedia_logo.png\",\"contentUrl\":\"https:\/\/www.sportingpedia.com\/wp-content\/uploads\/2019\/10\/SportingPedia_logo.png\",\"width\":600,\"height\":101,\"caption\":\"SportingPedia\"},\"image\":{\"@id\":\"https:\/\/www.sportingpedia.com\/it\/#\/schema\/logo\/image\/\"}}]}<\/script>\n<!-- \/ Yoast SEO plugin. -->","yoast_head_json":{"title":"Le scommesse multiple sul calcio: come funzionano","description":"Le scommesse multiple sul calcio sono conosciute anche come scommesse a catena, e sono tra pi\u00f9 preferiti di scommettere sul calcio.","robots":{"index":"index","follow":"follow","max-snippet":"max-snippet:-1","max-image-preview":"max-image-preview:large","max-video-preview":"max-video-preview:-1"},"canonical":"https:\/\/www.sportingpedia.com\/it\/football-betting\/accumulators-explained\/","og_locale":"it_IT","og_type":"article","og_title":"Le scommesse multiple sul calcio: come funzionano","og_description":"Le scommesse multiple sul calcio sono conosciute anche come scommesse a catena, e sono tra pi\u00f9 preferiti di scommettere sul calcio.","og_url":"https:\/\/www.sportingpedia.com\/it\/football-betting\/accumulators-explained\/","og_site_name":"Sportingpedia - Latest Sports News From All Over the World","article_modified_time":"2025-11-14T14:34:43+00:00","og_image":[{"url":"https:\/\/www.sportingpedia.com\/wp-content\/uploads\/2021\/02\/football-betting-accumulators-explained.svg","type":"","width":"","height":""}],"twitter_card":"summary_large_image","twitter_misc":{"Tempo di lettura stimato":"7 minuti"},"schema":{"@context":"https:\/\/schema.org","@graph":[{"@type":"WebPage","@id":"https:\/\/www.sportingpedia.com\/it\/football-betting\/accumulators-explained\/","url":"https:\/\/www.sportingpedia.com\/it\/football-betting\/accumulators-explained\/","name":"Le scommesse multiple sul calcio: come funzionano","isPartOf":{"@id":"https:\/\/www.sportingpedia.com\/it\/#website"},"primaryImageOfPage":{"@id":"https:\/\/www.sportingpedia.com\/it\/football-betting\/accumulators-explained\/#primaryimage"},"image":{"@id":"https:\/\/www.sportingpedia.com\/it\/football-betting\/accumulators-explained\/#primaryimage"},"thumbnailUrl":"https:\/\/www.sportingpedia.com\/wp-content\/uploads\/2021\/02\/football-betting-accumulators-explained.svg","datePublished":"2025-04-10T06:56:49+00:00","dateModified":"2025-11-14T14:34:43+00:00","description":"Le scommesse multiple sul calcio sono conosciute anche come scommesse a catena, e sono tra pi\u00f9 preferiti di scommettere sul calcio.","breadcrumb":{"@id":"https:\/\/www.sportingpedia.com\/it\/football-betting\/accumulators-explained\/#breadcrumb"},"inLanguage":"it-IT","potentialAction":[{"@type":"ReadAction","target":["https:\/\/www.sportingpedia.com\/it\/football-betting\/accumulators-explained\/"]}]},{"@type":"ImageObject","inLanguage":"it-IT","@id":"https:\/\/www.sportingpedia.com\/it\/football-betting\/accumulators-explained\/#primaryimage","url":"https:\/\/www.sportingpedia.com\/wp-content\/uploads\/2021\/02\/football-betting-accumulators-explained.svg","contentUrl":"https:\/\/www.sportingpedia.com\/wp-content\/uploads\/2021\/02\/football-betting-accumulators-explained.svg"},{"@type":"BreadcrumbList","@id":"https:\/\/www.sportingpedia.com\/it\/football-betting\/accumulators-explained\/#breadcrumb","itemListElement":[{"@type":"ListItem","position":1,"name":"Home","item":"https:\/\/www.sportingpedia.com\/it\/home-2\/"},{"@type":"ListItem","position":2,"name":"Scommesse sul Calcio","item":"https:\/\/www.sportingpedia.com\/it\/football-betting\/"},{"@type":"ListItem","position":3,"name":"Le scommesse multiple sul calcio"}]},{"@type":"WebSite","@id":"https:\/\/www.sportingpedia.com\/it\/#website","url":"https:\/\/www.sportingpedia.com\/it\/","name":"Sportingpedia - Latest Sports News From All Over the World","description":"","publisher":{"@id":"https:\/\/www.sportingpedia.com\/it\/#organization"},"potentialAction":[{"@type":"SearchAction","target":{"@type":"EntryPoint","urlTemplate":"https:\/\/www.sportingpedia.com\/it\/?s={search_term_string}"},"query-input":{"@type":"PropertyValueSpecification","valueRequired":true,"valueName":"search_term_string"}}],"inLanguage":"it-IT"},{"@type":"Organization","@id":"https:\/\/www.sportingpedia.com\/it\/#organization","name":"SportingPedia","url":"https:\/\/www.sportingpedia.com\/it\/","logo":{"@type":"ImageObject","inLanguage":"it-IT","@id":"https:\/\/www.sportingpedia.com\/it\/#\/schema\/logo\/image\/","url":"https:\/\/www.sportingpedia.com\/wp-content\/uploads\/2019\/10\/SportingPedia_logo.png","contentUrl":"https:\/\/www.sportingpedia.com\/wp-content\/uploads\/2019\/10\/SportingPedia_logo.png","width":600,"height":101,"caption":"SportingPedia"},"image":{"@id":"https:\/\/www.sportingpedia.com\/it\/#\/schema\/logo\/image\/"}}]}},"_links":{"self":[{"href":"https:\/\/www.sportingpedia.com\/it\/wp-json\/wp\/v2\/pages\/115191","targetHints":{"allow":["GET"]}}],"collection":[{"href":"https:\/\/www.sportingpedia.com\/it\/wp-json\/wp\/v2\/pages"}],"about":[{"href":"https:\/\/www.sportingpedia.com\/it\/wp-json\/wp\/v2\/types\/page"}],"author":[{"embeddable":true,"href":"https:\/\/www.sportingpedia.com\/it\/wp-json\/wp\/v2\/users\/8"}],"replies":[{"embeddable":true,"href":"https:\/\/www.sportingpedia.com\/it\/wp-json\/wp\/v2\/comments?post=115191"}],"version-history":[{"count":5,"href":"https:\/\/www.sportingpedia.com\/it\/wp-json\/wp\/v2\/pages\/115191\/revisions"}],"predecessor-version":[{"id":146164,"href":"https:\/\/www.sportingpedia.com\/it\/wp-json\/wp\/v2\/pages\/115191\/revisions\/146164"}],"up":[{"embeddable":true,"href":"https:\/\/www.sportingpedia.com\/it\/wp-json\/wp\/v2\/pages\/115180"}],"wp:attachment":[{"href":"https:\/\/www.sportingpedia.com\/it\/wp-json\/wp\/v2\/media?parent=115191"}],"curies":[{"name":"wp","href":"https:\/\/api.w.org\/{rel}","templated":true}]}}