{"id":115198,"date":"2025-04-10T06:56:50","date_gmt":"2025-04-10T06:56:50","guid":{"rendered":"https:\/\/www.sportingpedia.com\/?page_id=115198"},"modified":"2025-11-14T14:59:50","modified_gmt":"2025-11-14T14:59:50","slug":"cash-out-when-betting-on-football","status":"publish","type":"page","link":"https:\/\/www.sportingpedia.com\/it\/football-betting\/cash-out-when-betting-on-football\/","title":{"rendered":"Cash out delle scommesse sul calcio"},"content":{"rendered":"<p><img decoding=\"async\" src=\"https:\/\/www.sportingpedia.com\/wp-content\/uploads\/2021\/02\/football-betting-cash-out.svg\" alt=\"Cash Out Quando Scommetti sul Calcio\" width=\"300\" class=\"alignleft\" \/>Al momento, gli appassionati di calcio potrebbero trovare piuttosto difficile rintracciare un bookmaker che soddisfi le loro aspettative e preferenze. Questo \u00e8 il motivo per cui i tifosi di calcio tendono a prestare maggiore attenzione ad alcune delle caratteristiche speciali offerte dai bookmaker virtuali. <strong>Una delle funzioni che attira invariabilmente l&#8217;attenzione degli scommettitori \u00e8 il cash-out<\/strong>. Non \u00e8 una sorpresa: grazie ad essa, gli appassionati di gioco d&#8217;azzardo possono rinunciare alla puntata piazzata e, in cambio, ricevere indietro una parte della scommessa effettuata o, in alcuni casi, conseguire perfino un profitto.<\/p>\n\n<p>Non c&#8217;\u00e8 dubbio che, a prima vista, l&#8217;opzione di cash-out sembri un&#8217;offerta irresistibile. Tuttavia, i giocatori dovrebbero chiedersi come viene stimato il cash-out e se sia davvero redditizio utilizzarlo.<\/p>\n<ol class=\"bookies-grid\">\r\n\t<li>\r\n\t\t<a rel=\"nofollow\" target=\"_blank\" href=\"\/out\/mybookie?au&#x3D;138&amp;bp&#x3D;1\"<\/a>\r\n\t\t\t<figure>\r\n\t\t\t  \t<img decoding=\"async\" src=\"https:\/\/www.sportingpedia.com\/wp-content\/uploads\/logos\/lg-mybookie-logo.jpg\" width=\"110\" height=\"55\">\r\n\t\t\t<\/figure>\r\n\r\n\t\t\t<div>\r\n\t\t\t  \t<span class=\"bookie-name\">MyBookie<\/span>\r\n\r\n\t\t\t  \t<span class=\"bookie-rating\">Rating: 4.9 <b>&starf;<\/b><\/span>\r\n\t\t\t<\/div>\r\n\t\t<\/a>\r\n\t<\/li>\r\n\t<li>\r\n\t\t<a rel=\"nofollow\" target=\"_blank\" href=\"\/out\/bovada?au&#x3D;138&amp;bp&#x3D;2\"<\/a>\r\n\t\t\t<figure>\r\n\t\t\t  \t<img decoding=\"async\" src=\"https:\/\/www.sportingpedia.com\/wp-content\/uploads\/logos\/lg-bovada-logo.jpg\" width=\"110\" height=\"55\">\r\n\t\t\t<\/figure>\r\n\r\n\t\t\t<div>\r\n\t\t\t  \t<span class=\"bookie-name\">Bovada<\/span>\r\n\r\n\t\t\t  \t<span class=\"bookie-rating\">Rating: 4.8 <b>&starf;<\/b><\/span>\r\n\t\t\t<\/div>\r\n\t\t<\/a>\r\n\t<\/li>\r\n\t<li>\r\n\t\t<a rel=\"nofollow\" target=\"_blank\" href=\"\/out\/xbet?au&#x3D;138&amp;bp&#x3D;3\"<\/a>\r\n\t\t\t<figure>\r\n\t\t\t  \t<img decoding=\"async\" src=\"https:\/\/www.sportingpedia.com\/wp-content\/uploads\/logos\/lg-xbet-logo.jpg\" width=\"110\" height=\"55\">\r\n\t\t\t<\/figure>\r\n\r\n\t\t\t<div>\r\n\t\t\t  \t<span class=\"bookie-name\">XBet<\/span>\r\n\r\n\t\t\t  \t<span class=\"bookie-rating\">Rating: 4.7 <b>&starf;<\/b><\/span>\r\n\t\t\t<\/div>\r\n\t\t<\/a>\r\n\t<\/li>\r\n\t<li>\r\n\t\t<a rel=\"nofollow\" target=\"_blank\" href=\"\/out\/intertops?au&#x3D;138&amp;bp&#x3D;4\"<\/a>\r\n\t\t\t<figure>\r\n\t\t\t  \t<img decoding=\"async\" src=\"https:\/\/www.sportingpedia.com\/wp-content\/uploads\/logos\/lg-everygame-logo.webp\" width=\"110\" height=\"55\">\r\n\t\t\t<\/figure>\r\n\r\n\t\t\t<div>\r\n\t\t\t  \t<span class=\"bookie-name\">Everygame<\/span>\r\n\r\n\t\t\t  \t<span class=\"bookie-rating\">Rating: 4.6 <b>&starf;<\/b><\/span>\r\n\t\t\t<\/div>\r\n\t\t<\/a>\r\n\t<\/li>\r\n\t<li>\r\n\t\t<a rel=\"nofollow\" target=\"_blank\" href=\"\/out\/betusr?au&#x3D;138&amp;bp&#x3D;5\"<\/a>\r\n\t\t\t<figure>\r\n\t\t\t  \t<img decoding=\"async\" src=\"https:\/\/www.sportingpedia.com\/wp-content\/uploads\/logos\/lg-betusr-logo.jpg\" width=\"110\" height=\"55\">\r\n\t\t\t<\/figure>\r\n\r\n\t\t\t<div>\r\n\t\t\t  \t<span class=\"bookie-name\">BetUSR<\/span>\r\n\r\n\t\t\t  \t<span class=\"bookie-rating\">Rating: 4.5 <b>&starf;<\/b><\/span>\r\n\t\t\t<\/div>\r\n\t\t<\/a>\r\n\t<\/li>\r\n\t<li>\r\n\t\t<a rel=\"nofollow\" target=\"_blank\" href=\"\/out\/vave?au&#x3D;138&amp;bp&#x3D;6\"<\/a>\r\n\t\t\t<figure>\r\n\t\t\t  \t<img decoding=\"async\" src=\"https:\/\/www.sportingpedia.com\/wp-content\/uploads\/logos\/lg-vave-logo.webp\" width=\"110\" height=\"55\">\r\n\t\t\t<\/figure>\r\n\r\n\t\t\t<div>\r\n\t\t\t  \t<span class=\"bookie-name\">Vave<\/span>\r\n\r\n\t\t\t  \t<span class=\"bookie-rating\">Rating: 4.4 <b>&starf;<\/b><\/span>\r\n\t\t\t<\/div>\r\n\t\t<\/a>\r\n\t<\/li>\r\n<\/ol><script>\n  setTimeout(function(){\n    if(!document.getElementById('JasHAAffsaMosaAdsANa2i')) {\n      jQuery('a[target=\"_blank\"]').removeAttr('target');\n    }\n  }, 1000);\n<\/script>\n\n<h2 id=\"explanation\">Il cash-out nelle scommesse sul calcio spiegato<\/h2>\n<p><img decoding=\"async\" src=\"https:\/\/www.sportingpedia.com\/wp-content\/uploads\/2021\/02\/football-betting-cash-out_explained.svg\" alt=\"Il Cash Out nelle Scommesse sul Calcio Spiegato\" width=\"300\" height=\"150\" class=\"alignleft size-full wp-image-6145\" \/>Se hai un po&#8217; di esperienza nelle scommesse sul calcio, probabilmente molte volte sei rimasto deluso perch\u00e9 la partita su cui avevi puntato non \u00e8 andata come volevi. Se \u00e8 successo anche a te, potresti voler saperne di pi\u00f9 sull&#8217;opzione di cash-out, che sempre pi\u00f9 bookmaker virtuali hanno deciso di introdurre.<\/p>\n<p>In sostanza, gli appassionati di calcio possono facilmente comprendere il funzionamento del cash-out: avranno la possibilit\u00e0 di recuperare una parte della puntata o addirittura di ottenere un profitto prima che la partita giunga al termine, a condizione di annullare la scommessa. Una delle cose pi\u00f9 importanti da ricordare \u00e8 che <strong>l&#8217;importo che otterrai indietro dipende dalla probabilit\u00e0 che la tua puntata risulti vincente<\/strong>. Pertanto, la somma restituita potr\u00e0 essere superiore o inferiore alla puntata originale.<\/p>\n<p>Curiosamente, quando disponibile, il cash-out accompagna la funzione di scommesse in-play (o live), che permette di piazzare puntate mentre la partita \u00e8 in corso. Grazie alle <strong>scommesse dal vivo<\/strong>, gli scommettitori possono formulare previsioni dopo l&#8217;inizio dell&#8217;incontro e, di conseguenza, aumentare le possibilit\u00e0 di azzeccarle. Con il cash-out, invece, potranno riavere i fondi prima che il risultato finale sia noto.<\/p>\n<p>\u00c8 importante notare che i prezzi offerti dal mercato live al momento del cash-out determinano la somma restituita. L&#8217;offerta di cash-out continuer\u00e0 quindi a variare finch\u00e9 l&#8217;esito della partita non sar\u00e0 definito: il valore potr\u00e0 aumentare, diminuire o essere rimosso man mano che cambiano le probabilit\u00e0 di vincita. Poich\u00e9, il pi\u00f9 delle volte, gli scommettitori ricorrono al cash-out nelle fasi finali degli incontri, prevedere l&#8217;importo che si recuperer\u00e0 pu\u00f2 rivelarsi piuttosto arduo. <strong>Resta comunque un&#8217;opzione interessante<\/strong>, soprattutto per chi ha puntato su un risultato sfavorevole o su un evento poco probabile.<\/p>\n<p>Pur essendo offerta da un numero crescente di operatori, la disponibilit\u00e0 del cash-out dipende esclusivamente dal bookmaker presso cui sei registrato.<\/p>\n<p>Ora, supponiamo che tu decida di puntare su tre squadre che ritieni vincenti. Le quote della prima squadra sono 2,00, quelle della seconda 2,90 e quelle dell&#8217;ultima 3,50. Se scommetti la somma di 20 \u20ac, nel caso in cui <strong>tu abbia indovinato tutte le selezioni<\/strong>, i tuoi guadagni saranno di 406 \u20ac. Immagina per\u00f2 che le partite non si stiano sviluppando a tuo favore e ti venga offerto un cash-out di 200 \u20ac. A questo punto hai due opzioni.<\/p>\n<p>La prima \u00e8 accettare l&#8217;offerta di cash-out e incassare, indipendentemente da come si concluderanno le partite. L&#8217;altra \u00e8 rifiutare e attendere l&#8217;esito degli incontri: se tutte le squadre risulteranno vincenti, ti saranno corrisposti 406 \u20ac, ma se anche solo una squadra dovesse pareggiare o perdere, i guadagni finali diminuiranno sensibilmente.<\/p>\n<h2 id=\"estimate\">Stima del cash-out<\/h2>\n<p><img decoding=\"async\" src=\"https:\/\/www.sportingpedia.com\/wp-content\/uploads\/2021\/02\/football-betting-cash-out_estimating-the-cash-out.svg\" alt=\"Estimating the Cash Out\" width=\"300\" height=\"150\" class=\"alignleft size-full wp-image-5235\" \/>Per capire come funziona il cash-out \u00e8 necessario scoprire come viene calcolato. Gli appassionati di calcio possono comunque stare tranquilli, poich\u00e9 <strong>non serve fare calcoli complicati<\/strong>: basta controllare le vincite potenziali e il valore attuale delle quote.<\/p>\n<p>Supponiamo di scommettere 20 $ sulla vittoria dell&#8217;Arsenal contro il Manchester City con quote iniziali di 3,50. La squadra sta rendendo bene e le quote scendono a 2,00. Il valore del cash-out \u00abequo\u00bb si ottiene dividendo le vincite potenziali per le quote attuali: 70 $ diviso 2,00 restituisce 35 $. <\/p>\n<p>Nonostante questa appaia un&#8217;opzione allettante, <strong>gli scommettitori devono ricordare che offerte del genere sono rare<\/strong>. Oltre al margine gi\u00e0 incluso nelle quote, i bookmaker tendono infatti ad aggiungerne un altro anche al valore del cash-out. Riprendendo l&#8217;esempio, il cash-out proposto potrebbe aggirarsi intorno ai 32 $. <strong>Anche una differenza apparentemente minima pu\u00f2 incidere in modo significativo sui profitti complessivi<\/strong>, specialmente se l&#8217;obiettivo \u00e8 guadagnare sul lungo periodo.<\/p>\n<p>Alcuni bookmaker offrono inoltre il cosiddetto cash-out parziale: gli utenti possono incassare solo una parte della puntata, mentre il resto rimane attivo. Questa opzione \u00e8 molto interessante, soprattutto quando il bookmaker consente di utilizzarla pi\u00f9 volte, a patto che lo slider del cash-out sia disponibile.<\/p>\n<h2 id=\"alternatives\">Alternative al cash-out<\/h2>\n<p><img decoding=\"async\" src=\"https:\/\/www.sportingpedia.com\/wp-content\/uploads\/2021\/02\/football-betting-cash-out_alternatives-for-cash-out.svg\" alt=\"Alternative all'Opzione Cash-out\" width=\"300\" class=\"alignleft\" \/>Anche se la partita su cui hai scommesso non sta andando per il verso giusto e potresti essere tentato di usare il cash-out, esistono altre soluzioni. Molti scommettitori esperti ritengono che sia meglio lasciare che le puntate seguano il loro corso: in questo modo eviterai le commissioni aggiuntive spesso applicate quando si opta per il cash-out.<\/p>\n<p>In alcuni casi, <strong>pu\u00f2 essere ragionevole mettere al sicuro un profitto<\/strong> anzich\u00e9 subire una perdita. Sebbene il cash-out sembri una panacea, talvolta conviene cercare alternative. Una di queste \u00e8 la scommessa \u00abprimo tempo\/fine partita\u00bb, che prevede di puntare congiuntamente sull&#8217;esito del primo tempo e su quello del tempo pieno.<\/p>\n<p>Le opzioni non finiscono qui: \u00e8 possibile ricorrere anche all&#8217;hedging. In questo modo potrai garantirti un profitto qualunque sia il risultato finale del match. Con l&#8217;hedge betting, dopo la puntata iniziale \u00e8 necessario <strong>piazzare scommesse aggiuntive sugli altri possibili esiti<\/strong>, cos\u00ec da ottenere un guadagno sia in caso di vittoria sia in caso di sconfitta della puntata originaria. Il principio di base \u00e8 sfruttare le variazioni delle quote.<\/p>\n<p>Da menzionare, infine, le scommesse di arbitraggio. Si tratta di un&#8217;opzione allettante perch\u00e9 il profitto \u00e8 garantito: basta piazzare puntate su tutti i possibili risultati approfittando delle incongruenze tra le quote offerte dai diversi bookmaker.<\/p>\n<h2 id=\"conclusion\">Conclusione<\/h2>\n<p><img decoding=\"async\" src=\"https:\/\/www.sportingpedia.com\/wp-content\/uploads\/2021\/02\/football-betting-cash-out_conclusion.svg\" alt=\"Conclusione\" class=\"alignleft\" \/>Pur presentando alcuni svantaggi, il cash-out pu\u00f2 rivelarsi utile per recuperare una somma definita quando si decide di annullare una scommessa. In pratica, anche se l&#8217;incontro non dovesse concludersi nel modo pi\u00f9 favorevole, <strong>potrai contare su un certo ritorno<\/strong>.<\/p>\n<p>D&#8217;altro canto, un uso eccessivo del cash-out potrebbe portare al blocco o a limitazioni nell&#8217;utilizzo dei servizi di alcuni bookmaker virtuali.<\/p>\n","protected":false},"excerpt":{"rendered":"<p>Al momento, gli appassionati di calcio potrebbero trovare piuttosto difficile rintracciare un bookmaker che soddisfi le loro aspettative e preferenze. Questo \u00e8 il motivo per cui i tifosi di calcio tendono a prestare maggiore attenzione ad alcune delle caratteristiche speciali offerte dai bookmaker virtuali. Una delle funzioni che attira invariabilmente l&#8217;attenzione degli scommettitori \u00e8 il [&hellip;]<\/p>\n","protected":false},"author":1,"featured_media":0,"parent":115180,"menu_order":0,"comment_status":"closed","ping_status":"closed","template":"template-guide-page.php","meta":{"footnotes":""},"class_list":["post-115198","page","type-page","status-publish","hentry"],"yoast_head":"<!-- This site is optimized with the Yoast SEO plugin v26.6 - https:\/\/yoast.com\/wordpress\/plugins\/seo\/ -->\n<title>Opzioni di cash out delle scommesse sul calcio<\/title>\n<meta name=\"description\" content=\"Quali sono le opzioni di cash out delle scommesse sul calcio. Come incassare le tue vincite.\" \/>\n<meta name=\"robots\" content=\"index, follow, max-snippet:-1, max-image-preview:large, max-video-preview:-1\" \/>\n<link rel=\"canonical\" href=\"https:\/\/www.sportingpedia.com\/it\/football-betting\/cash-out-when-betting-on-football\/\" \/>\n<meta property=\"og:locale\" content=\"it_IT\" \/>\n<meta property=\"og:type\" content=\"article\" \/>\n<meta property=\"og:title\" content=\"Opzioni di cash out delle scommesse sul calcio\" \/>\n<meta property=\"og:description\" content=\"Quali sono le opzioni di cash out delle scommesse sul calcio. Come incassare le tue vincite.\" \/>\n<meta property=\"og:url\" content=\"https:\/\/www.sportingpedia.com\/it\/football-betting\/cash-out-when-betting-on-football\/\" \/>\n<meta property=\"og:site_name\" content=\"Sportingpedia - Latest Sports News From All Over the World\" \/>\n<meta property=\"article:modified_time\" content=\"2025-11-14T14:59:50+00:00\" \/>\n<meta property=\"og:image\" content=\"https:\/\/www.sportingpedia.com\/wp-content\/uploads\/2021\/02\/football-betting-cash-out.svg\" \/>\n<meta name=\"twitter:card\" content=\"summary_large_image\" \/>\n<meta name=\"twitter:label1\" content=\"Tempo di lettura stimato\" \/>\n\t<meta name=\"twitter:data1\" content=\"8 minuti\" \/>\n<script type=\"application\/ld+json\" class=\"yoast-schema-graph\">{\"@context\":\"https:\/\/schema.org\",\"@graph\":[{\"@type\":\"WebPage\",\"@id\":\"https:\/\/www.sportingpedia.com\/it\/football-betting\/cash-out-when-betting-on-football\/\",\"url\":\"https:\/\/www.sportingpedia.com\/it\/football-betting\/cash-out-when-betting-on-football\/\",\"name\":\"Opzioni di cash out delle scommesse sul calcio\",\"isPartOf\":{\"@id\":\"https:\/\/www.sportingpedia.com\/it\/#website\"},\"primaryImageOfPage\":{\"@id\":\"https:\/\/www.sportingpedia.com\/it\/football-betting\/cash-out-when-betting-on-football\/#primaryimage\"},\"image\":{\"@id\":\"https:\/\/www.sportingpedia.com\/it\/football-betting\/cash-out-when-betting-on-football\/#primaryimage\"},\"thumbnailUrl\":\"https:\/\/www.sportingpedia.com\/wp-content\/uploads\/2021\/02\/football-betting-cash-out.svg\",\"datePublished\":\"2025-04-10T06:56:50+00:00\",\"dateModified\":\"2025-11-14T14:59:50+00:00\",\"description\":\"Quali sono le opzioni di cash out delle scommesse sul calcio. Come incassare le tue vincite.\",\"breadcrumb\":{\"@id\":\"https:\/\/www.sportingpedia.com\/it\/football-betting\/cash-out-when-betting-on-football\/#breadcrumb\"},\"inLanguage\":\"it-IT\",\"potentialAction\":[{\"@type\":\"ReadAction\",\"target\":[\"https:\/\/www.sportingpedia.com\/it\/football-betting\/cash-out-when-betting-on-football\/\"]}]},{\"@type\":\"ImageObject\",\"inLanguage\":\"it-IT\",\"@id\":\"https:\/\/www.sportingpedia.com\/it\/football-betting\/cash-out-when-betting-on-football\/#primaryimage\",\"url\":\"https:\/\/www.sportingpedia.com\/wp-content\/uploads\/2021\/02\/football-betting-cash-out.svg\",\"contentUrl\":\"https:\/\/www.sportingpedia.com\/wp-content\/uploads\/2021\/02\/football-betting-cash-out.svg\"},{\"@type\":\"BreadcrumbList\",\"@id\":\"https:\/\/www.sportingpedia.com\/it\/football-betting\/cash-out-when-betting-on-football\/#breadcrumb\",\"itemListElement\":[{\"@type\":\"ListItem\",\"position\":1,\"name\":\"Home\",\"item\":\"https:\/\/www.sportingpedia.com\/it\/home-2\/\"},{\"@type\":\"ListItem\",\"position\":2,\"name\":\"Scommesse sul Calcio\",\"item\":\"https:\/\/www.sportingpedia.com\/it\/football-betting\/\"},{\"@type\":\"ListItem\",\"position\":3,\"name\":\"Cash out delle scommesse sul calcio\"}]},{\"@type\":\"WebSite\",\"@id\":\"https:\/\/www.sportingpedia.com\/it\/#website\",\"url\":\"https:\/\/www.sportingpedia.com\/it\/\",\"name\":\"Sportingpedia - Latest Sports News From All Over the World\",\"description\":\"\",\"publisher\":{\"@id\":\"https:\/\/www.sportingpedia.com\/it\/#organization\"},\"potentialAction\":[{\"@type\":\"SearchAction\",\"target\":{\"@type\":\"EntryPoint\",\"urlTemplate\":\"https:\/\/www.sportingpedia.com\/it\/?s={search_term_string}\"},\"query-input\":{\"@type\":\"PropertyValueSpecification\",\"valueRequired\":true,\"valueName\":\"search_term_string\"}}],\"inLanguage\":\"it-IT\"},{\"@type\":\"Organization\",\"@id\":\"https:\/\/www.sportingpedia.com\/it\/#organization\",\"name\":\"SportingPedia\",\"url\":\"https:\/\/www.sportingpedia.com\/it\/\",\"logo\":{\"@type\":\"ImageObject\",\"inLanguage\":\"it-IT\",\"@id\":\"https:\/\/www.sportingpedia.com\/it\/#\/schema\/logo\/image\/\",\"url\":\"https:\/\/www.sportingpedia.com\/wp-content\/uploads\/2019\/10\/SportingPedia_logo.png\",\"contentUrl\":\"https:\/\/www.sportingpedia.com\/wp-content\/uploads\/2019\/10\/SportingPedia_logo.png\",\"width\":600,\"height\":101,\"caption\":\"SportingPedia\"},\"image\":{\"@id\":\"https:\/\/www.sportingpedia.com\/it\/#\/schema\/logo\/image\/\"}}]}<\/script>\n<!-- \/ Yoast SEO plugin. -->","yoast_head_json":{"title":"Opzioni di cash out delle scommesse sul calcio","description":"Quali sono le opzioni di cash out delle scommesse sul calcio. Come incassare le tue vincite.","robots":{"index":"index","follow":"follow","max-snippet":"max-snippet:-1","max-image-preview":"max-image-preview:large","max-video-preview":"max-video-preview:-1"},"canonical":"https:\/\/www.sportingpedia.com\/it\/football-betting\/cash-out-when-betting-on-football\/","og_locale":"it_IT","og_type":"article","og_title":"Opzioni di cash out delle scommesse sul calcio","og_description":"Quali sono le opzioni di cash out delle scommesse sul calcio. Come incassare le tue vincite.","og_url":"https:\/\/www.sportingpedia.com\/it\/football-betting\/cash-out-when-betting-on-football\/","og_site_name":"Sportingpedia - Latest Sports News From All Over the World","article_modified_time":"2025-11-14T14:59:50+00:00","og_image":[{"url":"https:\/\/www.sportingpedia.com\/wp-content\/uploads\/2021\/02\/football-betting-cash-out.svg","type":"","width":"","height":""}],"twitter_card":"summary_large_image","twitter_misc":{"Tempo di lettura stimato":"8 minuti"},"schema":{"@context":"https:\/\/schema.org","@graph":[{"@type":"WebPage","@id":"https:\/\/www.sportingpedia.com\/it\/football-betting\/cash-out-when-betting-on-football\/","url":"https:\/\/www.sportingpedia.com\/it\/football-betting\/cash-out-when-betting-on-football\/","name":"Opzioni di cash out delle scommesse sul calcio","isPartOf":{"@id":"https:\/\/www.sportingpedia.com\/it\/#website"},"primaryImageOfPage":{"@id":"https:\/\/www.sportingpedia.com\/it\/football-betting\/cash-out-when-betting-on-football\/#primaryimage"},"image":{"@id":"https:\/\/www.sportingpedia.com\/it\/football-betting\/cash-out-when-betting-on-football\/#primaryimage"},"thumbnailUrl":"https:\/\/www.sportingpedia.com\/wp-content\/uploads\/2021\/02\/football-betting-cash-out.svg","datePublished":"2025-04-10T06:56:50+00:00","dateModified":"2025-11-14T14:59:50+00:00","description":"Quali sono le opzioni di cash out delle scommesse sul calcio. Come incassare le tue vincite.","breadcrumb":{"@id":"https:\/\/www.sportingpedia.com\/it\/football-betting\/cash-out-when-betting-on-football\/#breadcrumb"},"inLanguage":"it-IT","potentialAction":[{"@type":"ReadAction","target":["https:\/\/www.sportingpedia.com\/it\/football-betting\/cash-out-when-betting-on-football\/"]}]},{"@type":"ImageObject","inLanguage":"it-IT","@id":"https:\/\/www.sportingpedia.com\/it\/football-betting\/cash-out-when-betting-on-football\/#primaryimage","url":"https:\/\/www.sportingpedia.com\/wp-content\/uploads\/2021\/02\/football-betting-cash-out.svg","contentUrl":"https:\/\/www.sportingpedia.com\/wp-content\/uploads\/2021\/02\/football-betting-cash-out.svg"},{"@type":"BreadcrumbList","@id":"https:\/\/www.sportingpedia.com\/it\/football-betting\/cash-out-when-betting-on-football\/#breadcrumb","itemListElement":[{"@type":"ListItem","position":1,"name":"Home","item":"https:\/\/www.sportingpedia.com\/it\/home-2\/"},{"@type":"ListItem","position":2,"name":"Scommesse sul Calcio","item":"https:\/\/www.sportingpedia.com\/it\/football-betting\/"},{"@type":"ListItem","position":3,"name":"Cash out delle scommesse sul calcio"}]},{"@type":"WebSite","@id":"https:\/\/www.sportingpedia.com\/it\/#website","url":"https:\/\/www.sportingpedia.com\/it\/","name":"Sportingpedia - Latest Sports News From All Over the World","description":"","publisher":{"@id":"https:\/\/www.sportingpedia.com\/it\/#organization"},"potentialAction":[{"@type":"SearchAction","target":{"@type":"EntryPoint","urlTemplate":"https:\/\/www.sportingpedia.com\/it\/?s={search_term_string}"},"query-input":{"@type":"PropertyValueSpecification","valueRequired":true,"valueName":"search_term_string"}}],"inLanguage":"it-IT"},{"@type":"Organization","@id":"https:\/\/www.sportingpedia.com\/it\/#organization","name":"SportingPedia","url":"https:\/\/www.sportingpedia.com\/it\/","logo":{"@type":"ImageObject","inLanguage":"it-IT","@id":"https:\/\/www.sportingpedia.com\/it\/#\/schema\/logo\/image\/","url":"https:\/\/www.sportingpedia.com\/wp-content\/uploads\/2019\/10\/SportingPedia_logo.png","contentUrl":"https:\/\/www.sportingpedia.com\/wp-content\/uploads\/2019\/10\/SportingPedia_logo.png","width":600,"height":101,"caption":"SportingPedia"},"image":{"@id":"https:\/\/www.sportingpedia.com\/it\/#\/schema\/logo\/image\/"}}]}},"_links":{"self":[{"href":"https:\/\/www.sportingpedia.com\/it\/wp-json\/wp\/v2\/pages\/115198","targetHints":{"allow":["GET"]}}],"collection":[{"href":"https:\/\/www.sportingpedia.com\/it\/wp-json\/wp\/v2\/pages"}],"about":[{"href":"https:\/\/www.sportingpedia.com\/it\/wp-json\/wp\/v2\/types\/page"}],"author":[{"embeddable":true,"href":"https:\/\/www.sportingpedia.com\/it\/wp-json\/wp\/v2\/users\/1"}],"replies":[{"embeddable":true,"href":"https:\/\/www.sportingpedia.com\/it\/wp-json\/wp\/v2\/comments?post=115198"}],"version-history":[{"count":4,"href":"https:\/\/www.sportingpedia.com\/it\/wp-json\/wp\/v2\/pages\/115198\/revisions"}],"predecessor-version":[{"id":146174,"href":"https:\/\/www.sportingpedia.com\/it\/wp-json\/wp\/v2\/pages\/115198\/revisions\/146174"}],"up":[{"embeddable":true,"href":"https:\/\/www.sportingpedia.com\/it\/wp-json\/wp\/v2\/pages\/115180"}],"wp:attachment":[{"href":"https:\/\/www.sportingpedia.com\/it\/wp-json\/wp\/v2\/media?parent=115198"}],"curies":[{"name":"wp","href":"https:\/\/api.w.org\/{rel}","templated":true}]}}