{"id":115215,"date":"2025-04-10T06:56:53","date_gmt":"2025-04-10T06:56:53","guid":{"rendered":"https:\/\/www.sportingpedia.com\/?page_id=115215"},"modified":"2025-11-17T09:44:55","modified_gmt":"2025-11-17T09:44:55","slug":"accumulators-explained","status":"publish","type":"page","link":"https:\/\/www.sportingpedia.com\/it\/nba-betting\/accumulators-explained\/","title":{"rendered":"Le scommesse multiple su NBA"},"content":{"rendered":"<p><img decoding=\"async\" src=\"https:\/\/www.sportingpedia.com\/wp-content\/uploads\/2021\/02\/nba-betting-accumulators_intro.svg\" alt=\"NBA Accumulators Explained\" width=\"300\" class=\"alignleft\" \/>Inutile dire che il basket \u00e8 uno degli sport con una vasta base di seguaci, perch\u00e9 \u00e8 estremamente avvincente. Pertanto, non \u00e8 affatto sorprendente che la popolarit\u00e0 di questo sport si sia trasferita gradualmente anche al mondo delle scommesse, dato che \u00e8 difficile trovare un bookmaker online che non proponga scommesse sul basket. Sebbene esistano molti campionati di basket in tutto il mondo, la National Basketball Association \u00e8 indubbiamente la competizione che attira l&#8217;attenzione della maggior parte degli appassionati di scommesse.<\/p>\n\n<p><strong>L&#8217;ampia variet\u00e0 di opzioni di scommessa \u00e8 uno dei motivi principali per cui gli scommettitori trovano le scommesse NBA cos\u00ec allettanti<\/strong>. Le scommesse accumulatore sono un tipo di scommessa NBA molto apprezzato dagli appassionati a causa del generoso profitto che tali puntate possono offrire. Se desideri saperne di pi\u00f9 su questo tipo di scommesse sul basket e assicurarti di trionfare utilizzandole, potresti trovare utile la nostra guida, poich\u00e9 ci sforzeremo di evidenziare le caratteristiche pi\u00f9 essenziali delle scommesse accumulatore NBA.<\/p>\n<ol class=\"bookies-grid\">\r\n\t<li>\r\n\t\t<a rel=\"nofollow\" target=\"_blank\" href=\"\/out\/mybookie?au&#x3D;138&amp;bp&#x3D;1\"<\/a>\r\n\t\t\t<figure>\r\n\t\t\t  \t<img decoding=\"async\" src=\"https:\/\/www.sportingpedia.com\/wp-content\/uploads\/logos\/lg-mybookie-logo.jpg\" width=\"110\" height=\"55\">\r\n\t\t\t<\/figure>\r\n\r\n\t\t\t<div>\r\n\t\t\t  \t<span class=\"bookie-name\">MyBookie<\/span>\r\n\r\n\t\t\t  \t<span class=\"bookie-rating\">Rating: 4.9 <b>&starf;<\/b><\/span>\r\n\t\t\t<\/div>\r\n\t\t<\/a>\r\n\t<\/li>\r\n\t<li>\r\n\t\t<a rel=\"nofollow\" target=\"_blank\" href=\"\/out\/bovada?au&#x3D;138&amp;bp&#x3D;2\"<\/a>\r\n\t\t\t<figure>\r\n\t\t\t  \t<img decoding=\"async\" src=\"https:\/\/www.sportingpedia.com\/wp-content\/uploads\/logos\/lg-bovada-logo.jpg\" width=\"110\" height=\"55\">\r\n\t\t\t<\/figure>\r\n\r\n\t\t\t<div>\r\n\t\t\t  \t<span class=\"bookie-name\">Bovada<\/span>\r\n\r\n\t\t\t  \t<span class=\"bookie-rating\">Rating: 4.8 <b>&starf;<\/b><\/span>\r\n\t\t\t<\/div>\r\n\t\t<\/a>\r\n\t<\/li>\r\n\t<li>\r\n\t\t<a rel=\"nofollow\" target=\"_blank\" href=\"\/out\/xbet?au&#x3D;138&amp;bp&#x3D;3\"<\/a>\r\n\t\t\t<figure>\r\n\t\t\t  \t<img decoding=\"async\" src=\"https:\/\/www.sportingpedia.com\/wp-content\/uploads\/logos\/lg-xbet-logo.jpg\" width=\"110\" height=\"55\">\r\n\t\t\t<\/figure>\r\n\r\n\t\t\t<div>\r\n\t\t\t  \t<span class=\"bookie-name\">XBet<\/span>\r\n\r\n\t\t\t  \t<span class=\"bookie-rating\">Rating: 4.7 <b>&starf;<\/b><\/span>\r\n\t\t\t<\/div>\r\n\t\t<\/a>\r\n\t<\/li>\r\n\t<li>\r\n\t\t<a rel=\"nofollow\" target=\"_blank\" href=\"\/out\/intertops?au&#x3D;138&amp;bp&#x3D;4\"<\/a>\r\n\t\t\t<figure>\r\n\t\t\t  \t<img decoding=\"async\" src=\"https:\/\/www.sportingpedia.com\/wp-content\/uploads\/logos\/lg-everygame-logo.webp\" width=\"110\" height=\"55\">\r\n\t\t\t<\/figure>\r\n\r\n\t\t\t<div>\r\n\t\t\t  \t<span class=\"bookie-name\">Everygame<\/span>\r\n\r\n\t\t\t  \t<span class=\"bookie-rating\">Rating: 4.6 <b>&starf;<\/b><\/span>\r\n\t\t\t<\/div>\r\n\t\t<\/a>\r\n\t<\/li>\r\n\t<li>\r\n\t\t<a rel=\"nofollow\" target=\"_blank\" href=\"\/out\/betusr?au&#x3D;138&amp;bp&#x3D;5\"<\/a>\r\n\t\t\t<figure>\r\n\t\t\t  \t<img decoding=\"async\" src=\"https:\/\/www.sportingpedia.com\/wp-content\/uploads\/logos\/lg-betusr-logo.jpg\" width=\"110\" height=\"55\">\r\n\t\t\t<\/figure>\r\n\r\n\t\t\t<div>\r\n\t\t\t  \t<span class=\"bookie-name\">BetUSR<\/span>\r\n\r\n\t\t\t  \t<span class=\"bookie-rating\">Rating: 4.5 <b>&starf;<\/b><\/span>\r\n\t\t\t<\/div>\r\n\t\t<\/a>\r\n\t<\/li>\r\n\t<li>\r\n\t\t<a rel=\"nofollow\" target=\"_blank\" href=\"\/out\/vave?au&#x3D;138&amp;bp&#x3D;6\"<\/a>\r\n\t\t\t<figure>\r\n\t\t\t  \t<img decoding=\"async\" src=\"https:\/\/www.sportingpedia.com\/wp-content\/uploads\/logos\/lg-vave-logo.webp\" width=\"110\" height=\"55\">\r\n\t\t\t<\/figure>\r\n\r\n\t\t\t<div>\r\n\t\t\t  \t<span class=\"bookie-name\">Vave<\/span>\r\n\r\n\t\t\t  \t<span class=\"bookie-rating\">Rating: 4.4 <b>&starf;<\/b><\/span>\r\n\t\t\t<\/div>\r\n\t\t<\/a>\r\n\t<\/li>\r\n<\/ol><script>\n  setTimeout(function(){\n    if(!document.getElementById('JasHAAffsaMosaAdsANa2i')) {\n      jQuery('a[target=\"_blank\"]').removeAttr('target');\n    }\n  }, 1000);\n<\/script>\n\n<h2 id=\"explained\">Spiegazione delle scommesse accumulatore<\/h2>\n<p><img decoding=\"async\" src=\"https:\/\/www.sportingpedia.com\/wp-content\/uploads\/2021\/02\/nba-betting-accumulators_explained.svg\" alt=\"Spiegazione delle Scommesse Accumulatore\" width=\"300\" class=\"alignleft\" \/>Sebbene molti esperti di scommesse sul basket guardino con diffidenza alle scommesse accumulatore, queste rimangono un modo molto apprezzato di piazzare puntate sulla National Basketball Association grazie al loro elevato valore di intrattenimento e ai profitti che possono generare. Se sei alle prime armi con le scommesse sul basket, forse hai sentito parlare delle scommesse accumulatore in molte occasioni. Per i principianti, tali puntate possono comprendere due o pi\u00f9 selezioni che non devono necessariamente riguardare lo stesso evento sportivo. Inoltre, \u00e8 importante tenere a mente che <strong>le scommesse accumulatore sono anche conosciute come scommesse multiple o parlay<\/strong> e la ragione principale per cui sono preferite da molti appassionati di basket \u00e8 che promettono di portare guadagni maggiori con un investimento minore.<\/p>\n<p>Sebbene le scommesse accumulatore ti offrano la possibilit\u00e0 di ottenere un profitto maggiore con un investimento piuttosto modesto, dovresti ricordare che vincere con queste puntate sar\u00e0 molto pi\u00f9 difficile. Tuttavia, il profitto che gli scommettitori NBA potrebbero potenzialmente ottenere dovrebbe compensare il rischio che devono affrontare quando fanno una scommessa accumulatore. Molto spesso, quando si piazzano scommesse parlay, gli appassionati NBA tendono a scegliere selezioni che riguardano l&#8217;esito finale delle partite piuttosto che puntare su altre variabili.<\/p>\n<p>Come puoi intuire, poich\u00e9 le scommesse accumulatore collegano insieme diverse selezioni, tali puntate sono trattate come una singola scommessa, il che significa che la tua <strong>scommessa parlay diventer\u00e0 vincente solo se avrai indovinato correttamente tutte le tue selezioni<\/strong>. Pertanto, pi\u00f9 selezioni decidi di aggiungere, minori saranno le possibilit\u00e0 di indovinare correttamente ogni singola previsione. \u00c8 ovvio che questa rimane la parte pi\u00f9 difficile delle scommesse accumulatore, il che spiega perch\u00e9 molti appassionati di basket le disapprovano.<\/p>\n<p>\u00c8 interessante notare che le scommesse accumulatore sono diventate popolari per prime nel Regno Unito, dove sono anche chiamate scommesse acca. A quanto pare, ci\u00f2 che contribuisce al fascino di tali puntate non sono solo i generosi ritorni che possono garantire, ma anche l&#8217;emozione che offrono. In altre parole, piazzare una scommessa accumulatore potrebbe permetterti di trasformare qualsiasi partita NBA apparentemente ordinaria in una fonte inesauribile di intrattenimento, lasciandoti con il fiato sospeso fino all&#8217;ultimo fischio.<\/p>\n<h2 id=\"placing\">Come piazzare una scommessa multipla<\/h2>\n<p><img decoding=\"async\" src=\"https:\/\/www.sportingpedia.com\/wp-content\/uploads\/2021\/02\/nba-betting-accumulators_placing-bet.svg\" alt=\"Tre frecce verdi puntano verso un cerchio rosso e bianco.\" width=\"300\" class=\"alignleft\" \/>Ora che conosci gi\u00e0 le sfumature delle scommesse multiple sulla NBA, potresti voler approfondire i passaggi da seguire quando piazzi questo tipo di puntate. Fortunatamente, la procedura non \u00e8 cos\u00ec complessa e intimidatoria come potrebbe sembrarti a prima vista.<\/p>\n<p>Finch\u00e9 hai gi\u00e0 trovato un sito di scommesse che soddisfi tutte le tue preferenze ed \u00e8 al contempo affidabile, devi solo accedere al tuo account utilizzando le tue credenziali. Il passo successivo \u00e8 consultare l&#8217;elenco dei mercati disponibili e navigare nella sezione delle scommesse NBA per scoprire quali eventi futuri potrai pronosticare. In questo modo, tutte le opzioni a tua disposizione verranno visualizzate in un istante. <strong>Gli appassionati dovrebbero ricordare che, quando costruiscono una scommessa multipla, non sono obbligati a includere solo selezioni sulla NBA<\/strong>. Pertanto, se sei interessato a seguire anche la NCAA, puoi stare tranquillo: avrai la possibilit\u00e0 di coprire pure quei match. Inoltre, gli amanti del basket devono sapere che il momento in cui si disputeranno gli eventi non influisce sulla validit\u00e0 delle loro multiple.<\/p>\n<p>Supponiamo che tu abbia esaminato l&#8217;elenco delle opzioni disponibili e abbia deciso di scommettere su tre partite. Immagina di puntare sul fatto che i Denver Nuggets batteranno i Washington Wizards con quota 1,32. La seconda selezione che hai inserito nella tua multipla riguarda la partita tra Atlanta Hawks e Utah Jazz, in cui la quota degli Utah Jazz vincenti \u00e8 1,34. L&#8217;ultima partita su cui hai deciso di puntare mette di fronte Sacramento Kings e Dallas Mavericks, con quota dei Kings vincitori pari a 3,45. Per aggiungere ciascuna di queste selezioni alla tua schedina devi semplicemente cliccare sul valore della quota relativa alla squadra scelta.<\/p>\n<p>Una volta inserite tutte le selezioni che ti interessano nella schedina, ti basta aprirla e digitare l&#8217;importo che desideri puntare. Vale la pena menzionare che, quando apri la schedina, <strong>ti verr\u00e0 data la possibilit\u00e0 di decidere se preferisci piazzare queste puntate singolarmente o inserirle in una scommessa multipla<\/strong>. Per questo motivo devi assicurarti di aver indicato l&#8217;opzione per combinarle. Molto spesso potrai controllare sia l&#8217;importo totale puntato sia le vincite potenziali nel caso in cui la tua multipla risulti vincente.<\/p>\n<h2 id=\"calculating\">Calcolare i tuoi potenziali guadagni<\/h2>\n<p><img decoding=\"async\" src=\"https:\/\/www.sportingpedia.com\/wp-content\/uploads\/2021\/02\/nba-betting-accumulators_calculating-potential-returns.svg\" alt=\"Calcolatrice verde con simboli matematici e un pulsante uguale.\" width=\"300\" class=\"alignleft\" \/>Per ottenere un quadro pi\u00f9 chiaro del funzionamento delle scommesse multiple, esamineremo una situazione in cui effettui le puntate singolarmente e un&#8217;altra in cui decidi di combinarle in una multipla.<\/p>\n<p>Ora, supponiamo che gli eventi su cui hai deciso di scommettere siano una partita tra Golden State Warriors e Indiana Pacers, con quote per la vittoria delle rispettive squadre pari a -110 e +105. La seconda partita su cui ci concentreremo \u00e8 quella tra Houston Rockets e San Antonio Spurs, dove le quote di vittoria sono anch&#8217;esse -110 e +105. Infine, ipotizziamo di puntare sul match tra Miami Heat e Charlotte Hornets, con quote identiche: -110 e +105. Abbiamo scelto proprio questi valori per aiutarti a comprendere pi\u00f9 facilmente il meccanismo delle multiple NBA.<\/p>\n<p>Passiamo ora ai diversi scenari che potresti trovarti ad affrontare. Supponiamo che tu non trovi le scommesse multiple particolarmente affascinanti e preferisca <strong>piazzare queste puntate singolarmente<\/strong>. Se decidi di puntare 50 \u20ac su ciascuna partita e scommetti su Golden State Warriors, Houston Rockets e Miami Heat, <strong>incasserai 45,45 \u20ac per ogni pronostico corretto<\/strong>. In altre parole, gli appassionati di basket otterranno un totale di 136,35 \u20ac. \u00c8 importante notare che l&#8217;esborso complessivo sar\u00e0 di 150 \u20ac.<\/p>\n<p>Supponiamo, invece, che tu voglia puntare sulle stesse squadre ma decida di cambiare approccio combinando le selezioni in una scommessa multipla. Anche in questo caso scommetti 50 \u20ac per partita, per un esborso totale di 150 \u20ac. La principale differenza fra i due scenari \u00e8 che, se indovini tutte le scelte, questa volta <strong>il profitto di cui godrai sar\u00e0 pari a 893,69 \u20ac<\/strong>. Con le multiple, infatti, le quote dei singoli eventi vanno moltiplicate tra loro. In altre parole, gli amanti della NBA devono moltiplicare le quote di Golden State Warriors, Houston Rockets e Miami Heat.<\/p>\n<p>Forse ora pensi che sia sempre meglio optare per le scommesse multiple invece di piazzare puntate singole, dal momento che i guadagni potenziali sono molto pi\u00f9 alti. Tuttavia, non dovresti dimenticare che \u00e8 decisamente pi\u00f9 difficile vincere tre volte di fila, motivo per cui i premi risultano pi\u00f9 elevati. Se riprendiamo l&#8217;esempio e ipotizziamo che gli Houston Rockets non riescano a imporsi, la tua multipla sar\u00e0 perdente e perderai l&#8217;intero importo inizialmente puntato. Se, invece, avessi piazzato scommesse individuali sugli stessi eventi, anche se il pronostico sugli Houston Rockets fosse risultato errato, avresti comunque incassato 90,90 \u20ac. \u00c8 evidente che le multiple possono essere molto pi\u00f9 redditizie, ma \u00e8 altrettanto impegnativo azzeccare tutte le selezioni.<\/p>\n<h2 id=\"pros-cons\">Pro e contro delle scommesse accumulatore NBA<\/h2>\n<p><img decoding=\"async\" src=\"https:\/\/www.sportingpedia.com\/wp-content\/uploads\/2021\/02\/nba-betting-accumulators_pros-and-cons.svg\" alt=\"Mani che tengono segni pi\u00f9 e meno su palette verdi e rosse.\" width=\"300\" class=\"alignleft\" \/>\u00c8 evidente che il maggiore vantaggio delle scommesse accumulatore \u00e8 che, grazie a tali puntate, <strong>potresti riuscire a ottenere vincite pi\u00f9 sostanziose<\/strong>. Ancora meglio, con queste scommesse gli appassionati di gioco d&#8217;azzardo possono assicurarsi premi davvero interessanti investendo somme pi\u00f9 contenute.<\/p>\n<p>Purtroppo, quando si parla di gioco d&#8217;azzardo e di scommesse NBA in particolare, non esistono puntate prive di rischi. Per quanto riguarda le scommesse accumulatore, i giocatori devono sapere che il rischio che affronteranno sar\u00e0 decisamente pi\u00f9 elevato.<\/p>\n<p>Come gi\u00e0 accennato, questo aspetto dovrebbe compensare i maggiori rendimenti che tali puntate possono offrire. <strong>Piazzare una scommessa accumulatore non \u00e8 solo pi\u00f9 rischioso<\/strong>, ma anche pi\u00f9 complesso, poich\u00e9 gli amanti del basket otterranno un profitto solo se tutte le partite si concluderanno nel modo previsto.<\/p>\n<h2>Conclusione<\/h2>\n<p><img decoding=\"async\" src=\"https:\/\/www.sportingpedia.com\/wp-content\/uploads\/2021\/02\/nba-betting-accumulators_conclusion.svg\" alt=\"Conclusione\" width=\"300\" class=\"alignleft\" \/>Se stai cercando di ottenere ritorni pi\u00f9 consistenti e pensi di utilizzare scommesse multiple per raggiungere il tuo obiettivo, dovresti rifletterci attentamente. Sebbene il profitto potenziale sia davvero allettante, non devi trascurare il rischio che dovrai assumerti piazzando questo tipo di puntate. In altre parole, <strong>gli scommettitori NBA dovrebbero evitare che l&#8217;idea di premi elevati offuschi il loro giudizio<\/strong>.<\/p>\n<p>Naturalmente, non vogliamo lasciarti con l&#8217;impressione che non dovresti mai ricorrere alle multiple. Sceglierle pu\u00f2 essere una buona idea, purch\u00e9 tu ritenga di avere l&#8217;esperienza necessaria per effettuare valutazioni accurate.<\/p>\n","protected":false},"excerpt":{"rendered":"<p>Inutile dire che il basket \u00e8 uno degli sport con una vasta base di seguaci, perch\u00e9 \u00e8 estremamente avvincente. Pertanto, non \u00e8 affatto sorprendente che la popolarit\u00e0 di questo sport si sia trasferita gradualmente anche al mondo delle scommesse, dato che \u00e8 difficile trovare un bookmaker online che non proponga scommesse sul basket. Sebbene esistano [&hellip;]<\/p>\n","protected":false},"author":1,"featured_media":0,"parent":115184,"menu_order":0,"comment_status":"closed","ping_status":"closed","template":"template-guide-page.php","meta":{"footnotes":""},"class_list":["post-115215","page","type-page","status-publish","hentry"],"yoast_head":"<!-- This site is optimized with the Yoast SEO plugin v26.6 - https:\/\/yoast.com\/wordpress\/plugins\/seo\/ -->\n<title>Le scommesse multiple su NBA: come funzionano<\/title>\n<meta name=\"description\" content=\"Le scommesse multiple su NBA sono conosciute anche come scommesse a catena, e sono tra pi\u00f9 preferiti di scommettere su NBA.\" \/>\n<meta name=\"robots\" content=\"index, follow, max-snippet:-1, max-image-preview:large, max-video-preview:-1\" \/>\n<link rel=\"canonical\" href=\"https:\/\/www.sportingpedia.com\/it\/nba-betting\/accumulators-explained\/\" \/>\n<meta property=\"og:locale\" content=\"it_IT\" \/>\n<meta property=\"og:type\" content=\"article\" \/>\n<meta property=\"og:title\" content=\"Le scommesse multiple su NBA: come funzionano\" \/>\n<meta property=\"og:description\" content=\"Le scommesse multiple su NBA sono conosciute anche come scommesse a catena, e sono tra pi\u00f9 preferiti di scommettere su NBA.\" \/>\n<meta property=\"og:url\" content=\"https:\/\/www.sportingpedia.com\/it\/nba-betting\/accumulators-explained\/\" \/>\n<meta property=\"og:site_name\" content=\"Sportingpedia - Latest Sports News From All Over the World\" \/>\n<meta property=\"article:modified_time\" content=\"2025-11-17T09:44:55+00:00\" \/>\n<meta property=\"og:image\" content=\"https:\/\/www.sportingpedia.com\/wp-content\/uploads\/2021\/02\/nba-betting-accumulators_intro.svg\" \/>\n<meta name=\"twitter:card\" content=\"summary_large_image\" \/>\n<meta name=\"twitter:label1\" content=\"Tempo di lettura stimato\" \/>\n\t<meta name=\"twitter:data1\" content=\"9 minuti\" \/>\n<script type=\"application\/ld+json\" class=\"yoast-schema-graph\">{\"@context\":\"https:\/\/schema.org\",\"@graph\":[{\"@type\":\"WebPage\",\"@id\":\"https:\/\/www.sportingpedia.com\/it\/nba-betting\/accumulators-explained\/\",\"url\":\"https:\/\/www.sportingpedia.com\/it\/nba-betting\/accumulators-explained\/\",\"name\":\"Le scommesse multiple su NBA: come funzionano\",\"isPartOf\":{\"@id\":\"https:\/\/www.sportingpedia.com\/it\/#website\"},\"primaryImageOfPage\":{\"@id\":\"https:\/\/www.sportingpedia.com\/it\/nba-betting\/accumulators-explained\/#primaryimage\"},\"image\":{\"@id\":\"https:\/\/www.sportingpedia.com\/it\/nba-betting\/accumulators-explained\/#primaryimage\"},\"thumbnailUrl\":\"https:\/\/www.sportingpedia.com\/wp-content\/uploads\/2021\/02\/nba-betting-accumulators_intro.svg\",\"datePublished\":\"2025-04-10T06:56:53+00:00\",\"dateModified\":\"2025-11-17T09:44:55+00:00\",\"description\":\"Le scommesse multiple su NBA sono conosciute anche come scommesse a catena, e sono tra pi\u00f9 preferiti di scommettere su NBA.\",\"breadcrumb\":{\"@id\":\"https:\/\/www.sportingpedia.com\/it\/nba-betting\/accumulators-explained\/#breadcrumb\"},\"inLanguage\":\"it-IT\",\"potentialAction\":[{\"@type\":\"ReadAction\",\"target\":[\"https:\/\/www.sportingpedia.com\/it\/nba-betting\/accumulators-explained\/\"]}]},{\"@type\":\"ImageObject\",\"inLanguage\":\"it-IT\",\"@id\":\"https:\/\/www.sportingpedia.com\/it\/nba-betting\/accumulators-explained\/#primaryimage\",\"url\":\"https:\/\/www.sportingpedia.com\/wp-content\/uploads\/2021\/02\/nba-betting-accumulators_intro.svg\",\"contentUrl\":\"https:\/\/www.sportingpedia.com\/wp-content\/uploads\/2021\/02\/nba-betting-accumulators_intro.svg\"},{\"@type\":\"BreadcrumbList\",\"@id\":\"https:\/\/www.sportingpedia.com\/it\/nba-betting\/accumulators-explained\/#breadcrumb\",\"itemListElement\":[{\"@type\":\"ListItem\",\"position\":1,\"name\":\"Home\",\"item\":\"https:\/\/www.sportingpedia.com\/it\/home-2\/\"},{\"@type\":\"ListItem\",\"position\":2,\"name\":\"Scommesse sul basket della NBA\",\"item\":\"https:\/\/www.sportingpedia.com\/it\/nba-betting\/\"},{\"@type\":\"ListItem\",\"position\":3,\"name\":\"Le scommesse multiple su NBA\"}]},{\"@type\":\"WebSite\",\"@id\":\"https:\/\/www.sportingpedia.com\/it\/#website\",\"url\":\"https:\/\/www.sportingpedia.com\/it\/\",\"name\":\"Sportingpedia - Latest Sports News From All Over the World\",\"description\":\"\",\"publisher\":{\"@id\":\"https:\/\/www.sportingpedia.com\/it\/#organization\"},\"potentialAction\":[{\"@type\":\"SearchAction\",\"target\":{\"@type\":\"EntryPoint\",\"urlTemplate\":\"https:\/\/www.sportingpedia.com\/it\/?s={search_term_string}\"},\"query-input\":{\"@type\":\"PropertyValueSpecification\",\"valueRequired\":true,\"valueName\":\"search_term_string\"}}],\"inLanguage\":\"it-IT\"},{\"@type\":\"Organization\",\"@id\":\"https:\/\/www.sportingpedia.com\/it\/#organization\",\"name\":\"SportingPedia\",\"url\":\"https:\/\/www.sportingpedia.com\/it\/\",\"logo\":{\"@type\":\"ImageObject\",\"inLanguage\":\"it-IT\",\"@id\":\"https:\/\/www.sportingpedia.com\/it\/#\/schema\/logo\/image\/\",\"url\":\"https:\/\/www.sportingpedia.com\/wp-content\/uploads\/2019\/10\/SportingPedia_logo.png\",\"contentUrl\":\"https:\/\/www.sportingpedia.com\/wp-content\/uploads\/2019\/10\/SportingPedia_logo.png\",\"width\":600,\"height\":101,\"caption\":\"SportingPedia\"},\"image\":{\"@id\":\"https:\/\/www.sportingpedia.com\/it\/#\/schema\/logo\/image\/\"}}]}<\/script>\n<!-- \/ Yoast SEO plugin. -->","yoast_head_json":{"title":"Le scommesse multiple su NBA: come funzionano","description":"Le scommesse multiple su NBA sono conosciute anche come scommesse a catena, e sono tra pi\u00f9 preferiti di scommettere su NBA.","robots":{"index":"index","follow":"follow","max-snippet":"max-snippet:-1","max-image-preview":"max-image-preview:large","max-video-preview":"max-video-preview:-1"},"canonical":"https:\/\/www.sportingpedia.com\/it\/nba-betting\/accumulators-explained\/","og_locale":"it_IT","og_type":"article","og_title":"Le scommesse multiple su NBA: come funzionano","og_description":"Le scommesse multiple su NBA sono conosciute anche come scommesse a catena, e sono tra pi\u00f9 preferiti di scommettere su NBA.","og_url":"https:\/\/www.sportingpedia.com\/it\/nba-betting\/accumulators-explained\/","og_site_name":"Sportingpedia - Latest Sports News From All Over the World","article_modified_time":"2025-11-17T09:44:55+00:00","og_image":[{"url":"https:\/\/www.sportingpedia.com\/wp-content\/uploads\/2021\/02\/nba-betting-accumulators_intro.svg","type":"","width":"","height":""}],"twitter_card":"summary_large_image","twitter_misc":{"Tempo di lettura stimato":"9 minuti"},"schema":{"@context":"https:\/\/schema.org","@graph":[{"@type":"WebPage","@id":"https:\/\/www.sportingpedia.com\/it\/nba-betting\/accumulators-explained\/","url":"https:\/\/www.sportingpedia.com\/it\/nba-betting\/accumulators-explained\/","name":"Le scommesse multiple su NBA: come funzionano","isPartOf":{"@id":"https:\/\/www.sportingpedia.com\/it\/#website"},"primaryImageOfPage":{"@id":"https:\/\/www.sportingpedia.com\/it\/nba-betting\/accumulators-explained\/#primaryimage"},"image":{"@id":"https:\/\/www.sportingpedia.com\/it\/nba-betting\/accumulators-explained\/#primaryimage"},"thumbnailUrl":"https:\/\/www.sportingpedia.com\/wp-content\/uploads\/2021\/02\/nba-betting-accumulators_intro.svg","datePublished":"2025-04-10T06:56:53+00:00","dateModified":"2025-11-17T09:44:55+00:00","description":"Le scommesse multiple su NBA sono conosciute anche come scommesse a catena, e sono tra pi\u00f9 preferiti di scommettere su NBA.","breadcrumb":{"@id":"https:\/\/www.sportingpedia.com\/it\/nba-betting\/accumulators-explained\/#breadcrumb"},"inLanguage":"it-IT","potentialAction":[{"@type":"ReadAction","target":["https:\/\/www.sportingpedia.com\/it\/nba-betting\/accumulators-explained\/"]}]},{"@type":"ImageObject","inLanguage":"it-IT","@id":"https:\/\/www.sportingpedia.com\/it\/nba-betting\/accumulators-explained\/#primaryimage","url":"https:\/\/www.sportingpedia.com\/wp-content\/uploads\/2021\/02\/nba-betting-accumulators_intro.svg","contentUrl":"https:\/\/www.sportingpedia.com\/wp-content\/uploads\/2021\/02\/nba-betting-accumulators_intro.svg"},{"@type":"BreadcrumbList","@id":"https:\/\/www.sportingpedia.com\/it\/nba-betting\/accumulators-explained\/#breadcrumb","itemListElement":[{"@type":"ListItem","position":1,"name":"Home","item":"https:\/\/www.sportingpedia.com\/it\/home-2\/"},{"@type":"ListItem","position":2,"name":"Scommesse sul basket della NBA","item":"https:\/\/www.sportingpedia.com\/it\/nba-betting\/"},{"@type":"ListItem","position":3,"name":"Le scommesse multiple su NBA"}]},{"@type":"WebSite","@id":"https:\/\/www.sportingpedia.com\/it\/#website","url":"https:\/\/www.sportingpedia.com\/it\/","name":"Sportingpedia - Latest Sports News From All Over the World","description":"","publisher":{"@id":"https:\/\/www.sportingpedia.com\/it\/#organization"},"potentialAction":[{"@type":"SearchAction","target":{"@type":"EntryPoint","urlTemplate":"https:\/\/www.sportingpedia.com\/it\/?s={search_term_string}"},"query-input":{"@type":"PropertyValueSpecification","valueRequired":true,"valueName":"search_term_string"}}],"inLanguage":"it-IT"},{"@type":"Organization","@id":"https:\/\/www.sportingpedia.com\/it\/#organization","name":"SportingPedia","url":"https:\/\/www.sportingpedia.com\/it\/","logo":{"@type":"ImageObject","inLanguage":"it-IT","@id":"https:\/\/www.sportingpedia.com\/it\/#\/schema\/logo\/image\/","url":"https:\/\/www.sportingpedia.com\/wp-content\/uploads\/2019\/10\/SportingPedia_logo.png","contentUrl":"https:\/\/www.sportingpedia.com\/wp-content\/uploads\/2019\/10\/SportingPedia_logo.png","width":600,"height":101,"caption":"SportingPedia"},"image":{"@id":"https:\/\/www.sportingpedia.com\/it\/#\/schema\/logo\/image\/"}}]}},"_links":{"self":[{"href":"https:\/\/www.sportingpedia.com\/it\/wp-json\/wp\/v2\/pages\/115215","targetHints":{"allow":["GET"]}}],"collection":[{"href":"https:\/\/www.sportingpedia.com\/it\/wp-json\/wp\/v2\/pages"}],"about":[{"href":"https:\/\/www.sportingpedia.com\/it\/wp-json\/wp\/v2\/types\/page"}],"author":[{"embeddable":true,"href":"https:\/\/www.sportingpedia.com\/it\/wp-json\/wp\/v2\/users\/1"}],"replies":[{"embeddable":true,"href":"https:\/\/www.sportingpedia.com\/it\/wp-json\/wp\/v2\/comments?post=115215"}],"version-history":[{"count":4,"href":"https:\/\/www.sportingpedia.com\/it\/wp-json\/wp\/v2\/pages\/115215\/revisions"}],"predecessor-version":[{"id":146300,"href":"https:\/\/www.sportingpedia.com\/it\/wp-json\/wp\/v2\/pages\/115215\/revisions\/146300"}],"up":[{"embeddable":true,"href":"https:\/\/www.sportingpedia.com\/it\/wp-json\/wp\/v2\/pages\/115184"}],"wp:attachment":[{"href":"https:\/\/www.sportingpedia.com\/it\/wp-json\/wp\/v2\/media?parent=115215"}],"curies":[{"name":"wp","href":"https:\/\/api.w.org\/{rel}","templated":true}]}}