{"id":115346,"date":"2025-04-10T06:57:19","date_gmt":"2025-04-10T06:57:19","guid":{"rendered":"https:\/\/www.sportingpedia.com\/?page_id=115346"},"modified":"2025-11-14T15:19:32","modified_gmt":"2025-11-14T15:19:32","slug":"football-bet-slip","status":"publish","type":"page","link":"https:\/\/www.sportingpedia.com\/it\/football-betting\/football-bet-slip\/","title":{"rendered":"Schedine Calcio"},"content":{"rendered":"<p><img decoding=\"async\" src=\"https:\/\/www.sportingpedia.com\/wp-content\/uploads\/2021\/02\/football-betting-how-to-prevent-emotions_feelings-caused-by-winning-streaks.svg\" alt=\"Schedina di calcio\" width=\"300\" class=\"alignleft\"> Se sei un scommettitore esperto, sai gi\u00e0 che la schedina \u00e8 parte integrante della tua esperienza quotidiana di gioco. Si tratta di un elemento fondamentale per piazzare scommesse di calcio online, perci\u00f2 \u00e8 particolarmente importante comprenderne il funzionamento, cos\u00ec da poterne sfruttare appieno i vantaggi. <\/p>\n\n<p>Agli albori delle scommesse sportive l&#8217;unica schedina era un pezzo di carta, compilato al momento della giocata presso un bookmaker fisico. Il suo scopo era fungere da ricevuta per le scommesse piazzate: se risultavano vincenti, lo scommettitore doveva riconsegnarla al cassiere, che calcolava l&#8217;importo delle vincite da pagare. Oggi, con la costante crescita delle piattaforme di scommesse online, la schedina esiste in forma elettronica. Oltre a registrare i dettagli delle tue giocate, calcola automaticamente l&#8217;eventuale pagamento di una scommessa vincente.<\/p>\n<ol class=\"bookies-grid\">\r\n\t<li>\r\n\t\t<a rel=\"nofollow\" target=\"_blank\" href=\"\/out\/mybookie?au&#x3D;138&amp;bp&#x3D;1\"<\/a>\r\n\t\t\t<figure>\r\n\t\t\t  \t<img decoding=\"async\" src=\"https:\/\/www.sportingpedia.com\/wp-content\/uploads\/logos\/lg-mybookie-logo.jpg\" width=\"110\" height=\"55\">\r\n\t\t\t<\/figure>\r\n\r\n\t\t\t<div>\r\n\t\t\t  \t<span class=\"bookie-name\">MyBookie<\/span>\r\n\r\n\t\t\t  \t<span class=\"bookie-rating\">Rating: 4.9 <b>&starf;<\/b><\/span>\r\n\t\t\t<\/div>\r\n\t\t<\/a>\r\n\t<\/li>\r\n\t<li>\r\n\t\t<a rel=\"nofollow\" target=\"_blank\" href=\"\/out\/bovada?au&#x3D;138&amp;bp&#x3D;2\"<\/a>\r\n\t\t\t<figure>\r\n\t\t\t  \t<img decoding=\"async\" src=\"https:\/\/www.sportingpedia.com\/wp-content\/uploads\/logos\/lg-bovada-logo.jpg\" width=\"110\" height=\"55\">\r\n\t\t\t<\/figure>\r\n\r\n\t\t\t<div>\r\n\t\t\t  \t<span class=\"bookie-name\">Bovada<\/span>\r\n\r\n\t\t\t  \t<span class=\"bookie-rating\">Rating: 4.8 <b>&starf;<\/b><\/span>\r\n\t\t\t<\/div>\r\n\t\t<\/a>\r\n\t<\/li>\r\n\t<li>\r\n\t\t<a rel=\"nofollow\" target=\"_blank\" href=\"\/out\/xbet?au&#x3D;138&amp;bp&#x3D;3\"<\/a>\r\n\t\t\t<figure>\r\n\t\t\t  \t<img decoding=\"async\" src=\"https:\/\/www.sportingpedia.com\/wp-content\/uploads\/logos\/lg-xbet-logo.jpg\" width=\"110\" height=\"55\">\r\n\t\t\t<\/figure>\r\n\r\n\t\t\t<div>\r\n\t\t\t  \t<span class=\"bookie-name\">XBet<\/span>\r\n\r\n\t\t\t  \t<span class=\"bookie-rating\">Rating: 4.7 <b>&starf;<\/b><\/span>\r\n\t\t\t<\/div>\r\n\t\t<\/a>\r\n\t<\/li>\r\n\t<li>\r\n\t\t<a rel=\"nofollow\" target=\"_blank\" href=\"\/out\/intertops?au&#x3D;138&amp;bp&#x3D;4\"<\/a>\r\n\t\t\t<figure>\r\n\t\t\t  \t<img decoding=\"async\" src=\"https:\/\/www.sportingpedia.com\/wp-content\/uploads\/logos\/lg-everygame-logo.webp\" width=\"110\" height=\"55\">\r\n\t\t\t<\/figure>\r\n\r\n\t\t\t<div>\r\n\t\t\t  \t<span class=\"bookie-name\">Everygame<\/span>\r\n\r\n\t\t\t  \t<span class=\"bookie-rating\">Rating: 4.6 <b>&starf;<\/b><\/span>\r\n\t\t\t<\/div>\r\n\t\t<\/a>\r\n\t<\/li>\r\n\t<li>\r\n\t\t<a rel=\"nofollow\" target=\"_blank\" href=\"\/out\/betusr?au&#x3D;138&amp;bp&#x3D;5\"<\/a>\r\n\t\t\t<figure>\r\n\t\t\t  \t<img decoding=\"async\" src=\"https:\/\/www.sportingpedia.com\/wp-content\/uploads\/logos\/lg-betusr-logo.jpg\" width=\"110\" height=\"55\">\r\n\t\t\t<\/figure>\r\n\r\n\t\t\t<div>\r\n\t\t\t  \t<span class=\"bookie-name\">BetUSR<\/span>\r\n\r\n\t\t\t  \t<span class=\"bookie-rating\">Rating: 4.5 <b>&starf;<\/b><\/span>\r\n\t\t\t<\/div>\r\n\t\t<\/a>\r\n\t<\/li>\r\n\t<li>\r\n\t\t<a rel=\"nofollow\" target=\"_blank\" href=\"\/out\/vave?au&#x3D;138&amp;bp&#x3D;6\"<\/a>\r\n\t\t\t<figure>\r\n\t\t\t  \t<img decoding=\"async\" src=\"https:\/\/www.sportingpedia.com\/wp-content\/uploads\/logos\/lg-vave-logo.webp\" width=\"110\" height=\"55\">\r\n\t\t\t<\/figure>\r\n\r\n\t\t\t<div>\r\n\t\t\t  \t<span class=\"bookie-name\">Vave<\/span>\r\n\r\n\t\t\t  \t<span class=\"bookie-rating\">Rating: 4.4 <b>&starf;<\/b><\/span>\r\n\t\t\t<\/div>\r\n\t\t<\/a>\r\n\t<\/li>\r\n<\/ol><script>\n  setTimeout(function(){\n    if(!document.getElementById('JasHAAffsaMosaAdsANa2i')) {\n      jQuery('a[target=\"_blank\"]').removeAttr('target');\n    }\n  }, 1000);\n<\/script>\n\n<h2 id=\"slip\">Spiegazione della schedina<\/h2>\n<p><img decoding=\"async\" src=\"https:\/\/www.sportingpedia.com\/wp-content\/uploads\/2021\/02\/football-betting-kelly-criterion_explained.svg\" alt=\"Spiegazione della Schedina\" width=\"300\" class=\"alignleft \"> Che tu stia usando il computer desktop o il dispositivo mobile preferito per piazzare scommesse sul calcio online, troverai sempre la schedina sul lato destro dello schermo. Le caratteristiche esatte possono variare leggermente da un bookmaker all&#8217;altro, ma in generale la procedura di scommessa \u00e8 piuttosto universale.<\/p>\n<p>Nella parte superiore della schedina puoi vedere i tipi di puntata disponibili. Solitamente sono indicate come Singola o Multipla, ma possono comparire pulsanti separati per Sistematica, Reverse, If Bet, Teaser e cos\u00ec via. Per piazzare una scommessa devi aggiungere almeno una selezione alla schedina e, di norma, non esiste un limite massimo di eventi. Aggiungere una selezione \u00e8 molto semplice: basta cliccare o toccare il mercato scelto e questa verr\u00e0 aggiunta automaticamente.<\/p>\n<p>Guarda attentamente la tua schedina e noterai quante informazioni fornisce. A seconda dell&#8217;interfaccia, il numero di scommesse selezionate \u00e8 mostrato in alto o in basso. Se pensi di aver scelto troppi eventi, puoi cliccare sull&#8217;icona \u00abelimina\u00bb accanto a ciascuna selezione. In alternativa, puoi rimuovere tutte le selezioni tramite il <strong>pulsante \u00abRimuovi tutto\u00bb o \u00abCancella tutto\u00bb<\/strong>.<\/p>\n<p>Dopo aver scelto gli eventi su cui scommettere, inserisci l&#8217;importo che desideri puntare. Se il saldo del tuo conto non \u00e8 sufficiente, la schedina ti inviter\u00e0 a effettuare un deposito prima di proseguire. Se hai scelto una scommessa multipla, alcuni bookmaker consentono di impostare un importo distinto per ogni evento, mentre altri permettono di indicare una puntata unica.<\/p>\n<p>Sotto tutti i mercati selezionati vedrai tre voci: <strong>quote totali, importo scommesso e vincita potenziale<\/strong>. Se tutto \u00e8 a posto, non ti resta che premere il pulsante Conferma scommessa. Questo pulsante pu\u00f2 anche chiamarsi Invia, Scommetti ora, Piazza la scommessa, ecc.<\/p>\n<p>Una delle funzioni pi\u00f9 utili di questo strumento \u00e8 che ti avvisa ogni volta che le quote diminuiscono o aumentano, o se uno degli eventi selezionati termina prima che tu confermi la scommessa.<\/p>\n<h2 id=\"how\">Come il biglietto scommessa calcola i tuoi profitti<\/h2>\n<p><img decoding=\"async\" src=\"https:\/\/www.sportingpedia.com\/wp-content\/uploads\/2021\/02\/football-betting-kelly-criterion_formula.svg\" alt=\"Come Il Biglietto Scommessa Calcola I Tuoi Profitti\" width=\"300\" class=\"alignleft\"> Gli scommettitori non devono preoccuparsi della matematica: il biglietto scommessa funge da calcolatrice online con diverse impostazioni a seconda del tipo di puntata. Se preferisci le scommesse singole, devi sapere che le eventuali vincite sono calcolate moltiplicando la puntata per le relative quote. Ad esempio, desideri puntare sull&#8217;<strong>Aston Villa<\/strong> vincente contro il Watford nella prossima partita di Premier League:<\/p>\n<div class=\"clear\"><\/div>\n<ul>\n<li>Quote: 1,59 x Puntata: 10 \u20ac    <\/li>\n<li>Vincite: 15,90 \u20ac    <\/li>\n<li>Profitto: 15,90 \u20ac &#8211; 10 \u20ac = 5,90 \u20ac<\/li>\n<\/ul>\n<p>Se le scommesse singole non sono abbastanza stimolanti o punti a profitti pi\u00f9 alti, puoi tentare una scommessa combinata. Per farlo clicca su diversi eventi, aggiungendoli al biglietto, quindi seleziona l&#8217;apposita categoria. In questo caso <strong>l&#8217;importo che pu\u00f2 essere vinto \u00e8 molto pi\u00f9 alto, poich\u00e9 le quote vengono moltiplicate<\/strong>. Non \u00e8 complicato come sembra, come mostra l&#8217;esempio seguente. Oltre all&#8217;evento sopra, decidi di scommettere anche su Fulham vs Huddersfield Town (quote 7,6 per Huddersfield) e Hull City vs Barnsley (quote 3,3 per il pareggio).<\/p>\n<ul>\n<li>Quote: 1,59 x 7,6 x 3,3 Puntata: 10 \u20ac    <\/li>\n<li>Vincite: 398,77 \u20ac    <\/li>\n<li>Profitto: 398,77 \u20ac &#8211; 10 \u20ac = 388,77 \u20ac<\/li>\n<\/ul>\n<p>Niente male, vero? Un profitto cos\u00ec elevato \u00e8 possibile solo con accumulatori ad alto rischio. Ricorda che, se anche una sola previsione risulta errata, perdi l&#8217;intera puntata. Con il tempo un altro tipo di scommessa, il sistema, ha guadagnato popolarit\u00e0 tra gli scommettitori online. A causa della sua natura comporta un rischio inferiore, ma, di conseguenza, i possibili profitti non sono cos\u00ec alti.<\/p>\n<p>Ecco un esempio di biglietto scommessa in relazione alle scommesse a sistema. Partite e quote sono le stesse dell&#8217;esempio precedente. Supponendo che tu scelga il sistema 2 su 3 e punti 10 \u20ac su ciascuna delle tre combinazioni, <strong>la puntata iniziale sar\u00e0 moltiplicata per 3, ossia 10 \u20ac x 3 = 30 \u20ac<\/strong>. Scommessa 1: vittoria Aston Villa (quote 1,59); Scommessa 2: vittoria Huddersfield Town (quote 7,6); Scommessa 3: pareggio Hull City vs Barnsley (quote 3,3).<\/p>\n<ul>\n<li>Se la Scommessa 1 e la Scommessa 2 sono corrette, ma la Scommessa 3 no, il calcolo \u00e8: 10 \u20ac x 1,59 x 7,6 = 120,84 \u20ac;<\/li>\n<li>Se la Scommessa 1 e la Scommessa 3 sono corrette, ma la Scommessa 2 no, il calcolo \u00e8: 10 \u20ac x 1,59 x 3,3 = 52,47 \u20ac;<\/li>\n<li>Se la Scommessa 2 e la Scommessa 3 sono corrette, ma la Scommessa 1 no, il calcolo \u00e8: 10 \u20ac x 7,6 x 3,3 = 250,80 \u20ac.<\/li>\n<\/ul>\n<h2 id=\"tips\">Consigli<\/h2>\n<p><img decoding=\"async\" src=\"https:\/\/www.sportingpedia.com\/wp-content\/uploads\/2021\/02\/football-betting-challenge-bets-tactics_common-strategies.svg\" alt=\"Consigli di Scommessa\" width=\"300\" class=\"alignleft\"> Dopo aver letto le informazioni sopra sei gi\u00e0 familiare con tutto ci\u00f2 che serve sapere sugli elementi della schedina e sul loro funzionamento. Abbiamo compilato un breve elenco di suggerimenti per contribuire a un&#8217;<strong>esperienza di scommesse sul calcio piacevole, sicura e redditizia<\/strong>.<\/p>\n<ul>\n<li>Dai priorit\u00e0 alla probabilit\u00e0 di successo rispetto alla mera redditivit\u00e0 della puntata;<\/li>\n<li>Ricontrolla le selezioni aggiunte alla schedina, per evitare imprecisioni dovute a quote lette male o mercati inseriti per errore;<\/li>\n<li>Anche se utilizzi lo stesso sito di scommesse da molto tempo, confronta sempre le quote offerte con quelle di altri bookmaker rinomati;<\/li>\n<li>Se non sei solo uno scommettitore occasionale ma intendi giocare sul lungo periodo, stabilisci un fondo dedicato alle scommesse, separato dalle risorse necessarie per le spese quotidiane.<\/li>\n<\/ul>\n","protected":false},"excerpt":{"rendered":"<p>Se sei un scommettitore esperto, sai gi\u00e0 che la schedina \u00e8 parte integrante della tua esperienza quotidiana di gioco. Si tratta di un elemento fondamentale per piazzare scommesse di calcio online, perci\u00f2 \u00e8 particolarmente importante comprenderne il funzionamento, cos\u00ec da poterne sfruttare appieno i vantaggi. Agli albori delle scommesse sportive l&#8217;unica schedina era un pezzo [&hellip;]<\/p>\n","protected":false},"author":11,"featured_media":0,"parent":115180,"menu_order":0,"comment_status":"closed","ping_status":"closed","template":"template-guide-page.php","meta":{"footnotes":""},"class_list":["post-115346","page","type-page","status-publish","hentry"],"yoast_head":"<!-- This site is optimized with the Yoast SEO plugin v26.6 - https:\/\/yoast.com\/wordpress\/plugins\/seo\/ -->\n<title>Schedine di Calcio<\/title>\n<meta name=\"description\" content=\"Se sei un scommettitore esperto, sai gi\u00e0 che la schedina \u00e8 una parte integrante della tua esperienza quotidiana di scommesse sul calcio.\" \/>\n<meta name=\"robots\" content=\"index, follow, max-snippet:-1, max-image-preview:large, max-video-preview:-1\" \/>\n<link rel=\"canonical\" href=\"https:\/\/www.sportingpedia.com\/it\/football-betting\/football-bet-slip\/\" \/>\n<meta property=\"og:locale\" content=\"it_IT\" \/>\n<meta property=\"og:type\" content=\"article\" \/>\n<meta property=\"og:title\" content=\"Schedine di Calcio\" \/>\n<meta property=\"og:description\" content=\"Se sei un scommettitore esperto, sai gi\u00e0 che la schedina \u00e8 una parte integrante della tua esperienza quotidiana di scommesse sul calcio.\" \/>\n<meta property=\"og:url\" content=\"https:\/\/www.sportingpedia.com\/it\/football-betting\/football-bet-slip\/\" \/>\n<meta property=\"og:site_name\" content=\"Sportingpedia - Latest Sports News From All Over the World\" \/>\n<meta property=\"article:modified_time\" content=\"2025-11-14T15:19:32+00:00\" \/>\n<meta property=\"og:image\" content=\"https:\/\/www.sportingpedia.com\/wp-content\/uploads\/2021\/02\/football-betting-how-to-prevent-emotions_feelings-caused-by-winning-streaks.svg\" \/>\n<meta name=\"twitter:card\" content=\"summary_large_image\" \/>\n<meta name=\"twitter:label1\" content=\"Tempo di lettura stimato\" \/>\n\t<meta name=\"twitter:data1\" content=\"6 minuti\" \/>\n<script type=\"application\/ld+json\" class=\"yoast-schema-graph\">{\"@context\":\"https:\/\/schema.org\",\"@graph\":[{\"@type\":\"WebPage\",\"@id\":\"https:\/\/www.sportingpedia.com\/it\/football-betting\/football-bet-slip\/\",\"url\":\"https:\/\/www.sportingpedia.com\/it\/football-betting\/football-bet-slip\/\",\"name\":\"Schedine di Calcio\",\"isPartOf\":{\"@id\":\"https:\/\/www.sportingpedia.com\/it\/#website\"},\"primaryImageOfPage\":{\"@id\":\"https:\/\/www.sportingpedia.com\/it\/football-betting\/football-bet-slip\/#primaryimage\"},\"image\":{\"@id\":\"https:\/\/www.sportingpedia.com\/it\/football-betting\/football-bet-slip\/#primaryimage\"},\"thumbnailUrl\":\"https:\/\/www.sportingpedia.com\/wp-content\/uploads\/2021\/02\/football-betting-how-to-prevent-emotions_feelings-caused-by-winning-streaks.svg\",\"datePublished\":\"2025-04-10T06:57:19+00:00\",\"dateModified\":\"2025-11-14T15:19:32+00:00\",\"description\":\"Se sei un scommettitore esperto, sai gi\u00e0 che la schedina \u00e8 una parte integrante della tua esperienza quotidiana di scommesse sul calcio.\",\"breadcrumb\":{\"@id\":\"https:\/\/www.sportingpedia.com\/it\/football-betting\/football-bet-slip\/#breadcrumb\"},\"inLanguage\":\"it-IT\",\"potentialAction\":[{\"@type\":\"ReadAction\",\"target\":[\"https:\/\/www.sportingpedia.com\/it\/football-betting\/football-bet-slip\/\"]}]},{\"@type\":\"ImageObject\",\"inLanguage\":\"it-IT\",\"@id\":\"https:\/\/www.sportingpedia.com\/it\/football-betting\/football-bet-slip\/#primaryimage\",\"url\":\"https:\/\/www.sportingpedia.com\/wp-content\/uploads\/2021\/02\/football-betting-how-to-prevent-emotions_feelings-caused-by-winning-streaks.svg\",\"contentUrl\":\"https:\/\/www.sportingpedia.com\/wp-content\/uploads\/2021\/02\/football-betting-how-to-prevent-emotions_feelings-caused-by-winning-streaks.svg\"},{\"@type\":\"BreadcrumbList\",\"@id\":\"https:\/\/www.sportingpedia.com\/it\/football-betting\/football-bet-slip\/#breadcrumb\",\"itemListElement\":[{\"@type\":\"ListItem\",\"position\":1,\"name\":\"Home\",\"item\":\"https:\/\/www.sportingpedia.com\/it\/home-2\/\"},{\"@type\":\"ListItem\",\"position\":2,\"name\":\"Scommesse sul Calcio\",\"item\":\"https:\/\/www.sportingpedia.com\/it\/football-betting\/\"},{\"@type\":\"ListItem\",\"position\":3,\"name\":\"Schedine Calcio\"}]},{\"@type\":\"WebSite\",\"@id\":\"https:\/\/www.sportingpedia.com\/it\/#website\",\"url\":\"https:\/\/www.sportingpedia.com\/it\/\",\"name\":\"Sportingpedia - Latest Sports News From All Over the World\",\"description\":\"\",\"publisher\":{\"@id\":\"https:\/\/www.sportingpedia.com\/it\/#organization\"},\"potentialAction\":[{\"@type\":\"SearchAction\",\"target\":{\"@type\":\"EntryPoint\",\"urlTemplate\":\"https:\/\/www.sportingpedia.com\/it\/?s={search_term_string}\"},\"query-input\":{\"@type\":\"PropertyValueSpecification\",\"valueRequired\":true,\"valueName\":\"search_term_string\"}}],\"inLanguage\":\"it-IT\"},{\"@type\":\"Organization\",\"@id\":\"https:\/\/www.sportingpedia.com\/it\/#organization\",\"name\":\"SportingPedia\",\"url\":\"https:\/\/www.sportingpedia.com\/it\/\",\"logo\":{\"@type\":\"ImageObject\",\"inLanguage\":\"it-IT\",\"@id\":\"https:\/\/www.sportingpedia.com\/it\/#\/schema\/logo\/image\/\",\"url\":\"https:\/\/www.sportingpedia.com\/wp-content\/uploads\/2019\/10\/SportingPedia_logo.png\",\"contentUrl\":\"https:\/\/www.sportingpedia.com\/wp-content\/uploads\/2019\/10\/SportingPedia_logo.png\",\"width\":600,\"height\":101,\"caption\":\"SportingPedia\"},\"image\":{\"@id\":\"https:\/\/www.sportingpedia.com\/it\/#\/schema\/logo\/image\/\"}}]}<\/script>\n<!-- \/ Yoast SEO plugin. -->","yoast_head_json":{"title":"Schedine di Calcio","description":"Se sei un scommettitore esperto, sai gi\u00e0 che la schedina \u00e8 una parte integrante della tua esperienza quotidiana di scommesse sul calcio.","robots":{"index":"index","follow":"follow","max-snippet":"max-snippet:-1","max-image-preview":"max-image-preview:large","max-video-preview":"max-video-preview:-1"},"canonical":"https:\/\/www.sportingpedia.com\/it\/football-betting\/football-bet-slip\/","og_locale":"it_IT","og_type":"article","og_title":"Schedine di Calcio","og_description":"Se sei un scommettitore esperto, sai gi\u00e0 che la schedina \u00e8 una parte integrante della tua esperienza quotidiana di scommesse sul calcio.","og_url":"https:\/\/www.sportingpedia.com\/it\/football-betting\/football-bet-slip\/","og_site_name":"Sportingpedia - Latest Sports News From All Over the World","article_modified_time":"2025-11-14T15:19:32+00:00","og_image":[{"url":"https:\/\/www.sportingpedia.com\/wp-content\/uploads\/2021\/02\/football-betting-how-to-prevent-emotions_feelings-caused-by-winning-streaks.svg","type":"","width":"","height":""}],"twitter_card":"summary_large_image","twitter_misc":{"Tempo di lettura stimato":"6 minuti"},"schema":{"@context":"https:\/\/schema.org","@graph":[{"@type":"WebPage","@id":"https:\/\/www.sportingpedia.com\/it\/football-betting\/football-bet-slip\/","url":"https:\/\/www.sportingpedia.com\/it\/football-betting\/football-bet-slip\/","name":"Schedine di Calcio","isPartOf":{"@id":"https:\/\/www.sportingpedia.com\/it\/#website"},"primaryImageOfPage":{"@id":"https:\/\/www.sportingpedia.com\/it\/football-betting\/football-bet-slip\/#primaryimage"},"image":{"@id":"https:\/\/www.sportingpedia.com\/it\/football-betting\/football-bet-slip\/#primaryimage"},"thumbnailUrl":"https:\/\/www.sportingpedia.com\/wp-content\/uploads\/2021\/02\/football-betting-how-to-prevent-emotions_feelings-caused-by-winning-streaks.svg","datePublished":"2025-04-10T06:57:19+00:00","dateModified":"2025-11-14T15:19:32+00:00","description":"Se sei un scommettitore esperto, sai gi\u00e0 che la schedina \u00e8 una parte integrante della tua esperienza quotidiana di scommesse sul calcio.","breadcrumb":{"@id":"https:\/\/www.sportingpedia.com\/it\/football-betting\/football-bet-slip\/#breadcrumb"},"inLanguage":"it-IT","potentialAction":[{"@type":"ReadAction","target":["https:\/\/www.sportingpedia.com\/it\/football-betting\/football-bet-slip\/"]}]},{"@type":"ImageObject","inLanguage":"it-IT","@id":"https:\/\/www.sportingpedia.com\/it\/football-betting\/football-bet-slip\/#primaryimage","url":"https:\/\/www.sportingpedia.com\/wp-content\/uploads\/2021\/02\/football-betting-how-to-prevent-emotions_feelings-caused-by-winning-streaks.svg","contentUrl":"https:\/\/www.sportingpedia.com\/wp-content\/uploads\/2021\/02\/football-betting-how-to-prevent-emotions_feelings-caused-by-winning-streaks.svg"},{"@type":"BreadcrumbList","@id":"https:\/\/www.sportingpedia.com\/it\/football-betting\/football-bet-slip\/#breadcrumb","itemListElement":[{"@type":"ListItem","position":1,"name":"Home","item":"https:\/\/www.sportingpedia.com\/it\/home-2\/"},{"@type":"ListItem","position":2,"name":"Scommesse sul Calcio","item":"https:\/\/www.sportingpedia.com\/it\/football-betting\/"},{"@type":"ListItem","position":3,"name":"Schedine Calcio"}]},{"@type":"WebSite","@id":"https:\/\/www.sportingpedia.com\/it\/#website","url":"https:\/\/www.sportingpedia.com\/it\/","name":"Sportingpedia - Latest Sports News From All Over the World","description":"","publisher":{"@id":"https:\/\/www.sportingpedia.com\/it\/#organization"},"potentialAction":[{"@type":"SearchAction","target":{"@type":"EntryPoint","urlTemplate":"https:\/\/www.sportingpedia.com\/it\/?s={search_term_string}"},"query-input":{"@type":"PropertyValueSpecification","valueRequired":true,"valueName":"search_term_string"}}],"inLanguage":"it-IT"},{"@type":"Organization","@id":"https:\/\/www.sportingpedia.com\/it\/#organization","name":"SportingPedia","url":"https:\/\/www.sportingpedia.com\/it\/","logo":{"@type":"ImageObject","inLanguage":"it-IT","@id":"https:\/\/www.sportingpedia.com\/it\/#\/schema\/logo\/image\/","url":"https:\/\/www.sportingpedia.com\/wp-content\/uploads\/2019\/10\/SportingPedia_logo.png","contentUrl":"https:\/\/www.sportingpedia.com\/wp-content\/uploads\/2019\/10\/SportingPedia_logo.png","width":600,"height":101,"caption":"SportingPedia"},"image":{"@id":"https:\/\/www.sportingpedia.com\/it\/#\/schema\/logo\/image\/"}}]}},"_links":{"self":[{"href":"https:\/\/www.sportingpedia.com\/it\/wp-json\/wp\/v2\/pages\/115346","targetHints":{"allow":["GET"]}}],"collection":[{"href":"https:\/\/www.sportingpedia.com\/it\/wp-json\/wp\/v2\/pages"}],"about":[{"href":"https:\/\/www.sportingpedia.com\/it\/wp-json\/wp\/v2\/types\/page"}],"author":[{"embeddable":true,"href":"https:\/\/www.sportingpedia.com\/it\/wp-json\/wp\/v2\/users\/11"}],"replies":[{"embeddable":true,"href":"https:\/\/www.sportingpedia.com\/it\/wp-json\/wp\/v2\/comments?post=115346"}],"version-history":[{"count":4,"href":"https:\/\/www.sportingpedia.com\/it\/wp-json\/wp\/v2\/pages\/115346\/revisions"}],"predecessor-version":[{"id":146183,"href":"https:\/\/www.sportingpedia.com\/it\/wp-json\/wp\/v2\/pages\/115346\/revisions\/146183"}],"up":[{"embeddable":true,"href":"https:\/\/www.sportingpedia.com\/it\/wp-json\/wp\/v2\/pages\/115180"}],"wp:attachment":[{"href":"https:\/\/www.sportingpedia.com\/it\/wp-json\/wp\/v2\/media?parent=115346"}],"curies":[{"name":"wp","href":"https:\/\/api.w.org\/{rel}","templated":true}]}}