{"id":115350,"date":"2025-04-10T06:57:20","date_gmt":"2025-04-10T06:57:20","guid":{"rendered":"https:\/\/www.sportingpedia.com\/?page_id=115350"},"modified":"2025-05-15T13:37:58","modified_gmt":"2025-05-15T13:37:58","slug":"standard-horse-racing-bets","status":"publish","type":"page","link":"https:\/\/www.sportingpedia.com\/it\/horse-racing-betting\/standard-horse-racing-bets\/","title":{"rendered":"Scommesse Standard sulle Corse di Cavalli"},"content":{"rendered":"<p><img decoding=\"async\" src=\"http:\/\/www.sportingpedia.com\/wp-content\/uploads\/2021\/02\/horse-racing-betting_intro.svg\" alt=\"Scommesse Standard sulle Corse di Cavalli\" width=\"300\" class=\"alignleft\" \/>Forse ti chiedi come sia possibile che uno sport con una storia cos\u00ec lunga come le corse di cavalli non solo sia ancora praticato, ma goda di una popolarit\u00e0 impressionante in diverse parti del mondo. Mentre la sua dinamica e diversit\u00e0 sono ben percepite da molti fan, un ruolo importante in questa relazione \u00e8 svolto dall&#8217;<strong>intrinseca interconnessione dello sport con il gioco d&#8217;azzardo<\/strong>. Nella sua forma moderna, le corse di cavalli si basano principalmente sull&#8217;industria delle scommesse sportive, poich\u00e9 fornisce una percentuale significativa di finanziamenti per lo sport. Molti ippodromi semplicemente non potrebbero funzionare senza il supporto finanziario proveniente dai bookmaker in loco e online.<\/p>\n<p>L&#8217;essenza delle corse di cavalli presuppone la disponibilit\u00e0 di vari tipi di scommesse, alcune pi\u00f9 facili da piazzare e altre che richiedono esperienza nelle scommesse sportive e una buona conoscenza della disciplina. Queste sono generalmente divise in due categorie: scommesse standard sulle corse di cavalli e scommesse esotiche. <strong>La caratteristica distintiva delle scommesse semplici \u00e8 che coinvolgono un singolo cavallo in una singola gara e statisticamente hanno pi\u00f9 probabilit\u00e0 di successo<\/strong>. Questo articolo spiegher\u00e0 tutto ci\u00f2 che devi sapere per creare una solida strategia di scommesse.<\/p>\n\n<p>C&#8217;\u00e8 qualche discrepanza nei nomi delle scommesse standard sulle corse di cavalli in giro per il mondo. Negli Stati Uniti sono Win, Place, Show e Across the board, mentre nella maggior parte delle altre regioni i mercati semplici sono chiamati Win, Place ed Each-way.<\/p>\n<ol class=\"bookies-grid\">\r\n\t<li>\r\n\t\t<a rel=\"nofollow\" target=\"_blank\" href=\"\/out\/mybookie?au&#x3D;138&amp;bp&#x3D;1\"<\/a>\r\n\t\t\t<figure>\r\n\t\t\t  \t<img decoding=\"async\" src=\"https:\/\/www.sportingpedia.com\/wp-content\/uploads\/logos\/lg-mybookie-logo.jpg\" width=\"110\" height=\"55\">\r\n\t\t\t<\/figure>\r\n\r\n\t\t\t<div>\r\n\t\t\t  \t<span class=\"bookie-name\">MyBookie<\/span>\r\n\r\n\t\t\t  \t<span class=\"bookie-rating\">Rating: 4.9 <b>&starf;<\/b><\/span>\r\n\t\t\t<\/div>\r\n\t\t<\/a>\r\n\t<\/li>\r\n\t<li>\r\n\t\t<a rel=\"nofollow\" target=\"_blank\" href=\"\/out\/bovada?au&#x3D;138&amp;bp&#x3D;2\"<\/a>\r\n\t\t\t<figure>\r\n\t\t\t  \t<img decoding=\"async\" src=\"https:\/\/www.sportingpedia.com\/wp-content\/uploads\/logos\/lg-bovada-logo.jpg\" width=\"110\" height=\"55\">\r\n\t\t\t<\/figure>\r\n\r\n\t\t\t<div>\r\n\t\t\t  \t<span class=\"bookie-name\">Bovada<\/span>\r\n\r\n\t\t\t  \t<span class=\"bookie-rating\">Rating: 4.8 <b>&starf;<\/b><\/span>\r\n\t\t\t<\/div>\r\n\t\t<\/a>\r\n\t<\/li>\r\n\t<li>\r\n\t\t<a rel=\"nofollow\" target=\"_blank\" href=\"\/out\/xbet?au&#x3D;138&amp;bp&#x3D;3\"<\/a>\r\n\t\t\t<figure>\r\n\t\t\t  \t<img decoding=\"async\" src=\"https:\/\/www.sportingpedia.com\/wp-content\/uploads\/logos\/lg-xbet-logo.jpg\" width=\"110\" height=\"55\">\r\n\t\t\t<\/figure>\r\n\r\n\t\t\t<div>\r\n\t\t\t  \t<span class=\"bookie-name\">XBet<\/span>\r\n\r\n\t\t\t  \t<span class=\"bookie-rating\">Rating: 4.7 <b>&starf;<\/b><\/span>\r\n\t\t\t<\/div>\r\n\t\t<\/a>\r\n\t<\/li>\r\n\t<li>\r\n\t\t<a rel=\"nofollow\" target=\"_blank\" href=\"\/out\/intertops?au&#x3D;138&amp;bp&#x3D;4\"<\/a>\r\n\t\t\t<figure>\r\n\t\t\t  \t<img decoding=\"async\" src=\"https:\/\/www.sportingpedia.com\/wp-content\/uploads\/logos\/lg-everygame-logo.webp\" width=\"110\" height=\"55\">\r\n\t\t\t<\/figure>\r\n\r\n\t\t\t<div>\r\n\t\t\t  \t<span class=\"bookie-name\">Everygame<\/span>\r\n\r\n\t\t\t  \t<span class=\"bookie-rating\">Rating: 4.6 <b>&starf;<\/b><\/span>\r\n\t\t\t<\/div>\r\n\t\t<\/a>\r\n\t<\/li>\r\n\t<li>\r\n\t\t<a rel=\"nofollow\" target=\"_blank\" href=\"\/out\/betusr?au&#x3D;138&amp;bp&#x3D;5\"<\/a>\r\n\t\t\t<figure>\r\n\t\t\t  \t<img decoding=\"async\" src=\"https:\/\/www.sportingpedia.com\/wp-content\/uploads\/logos\/lg-betusr-logo.jpg\" width=\"110\" height=\"55\">\r\n\t\t\t<\/figure>\r\n\r\n\t\t\t<div>\r\n\t\t\t  \t<span class=\"bookie-name\">BetUSR<\/span>\r\n\r\n\t\t\t  \t<span class=\"bookie-rating\">Rating: 4.5 <b>&starf;<\/b><\/span>\r\n\t\t\t<\/div>\r\n\t\t<\/a>\r\n\t<\/li>\r\n\t<li>\r\n\t\t<a rel=\"nofollow\" target=\"_blank\" href=\"\/out\/vave?au&#x3D;138&amp;bp&#x3D;6\"<\/a>\r\n\t\t\t<figure>\r\n\t\t\t  \t<img decoding=\"async\" src=\"https:\/\/www.sportingpedia.com\/wp-content\/uploads\/logos\/lg-vave-logo.webp\" width=\"110\" height=\"55\">\r\n\t\t\t<\/figure>\r\n\r\n\t\t\t<div>\r\n\t\t\t  \t<span class=\"bookie-name\">Vave<\/span>\r\n\r\n\t\t\t  \t<span class=\"bookie-rating\">Rating: 4.4 <b>&starf;<\/b><\/span>\r\n\t\t\t<\/div>\r\n\t\t<\/a>\r\n\t<\/li>\r\n<\/ol><script>\n  setTimeout(function(){\n    if(!document.getElementById('JasHAAffsaMosaAdsANa2i')) {\n      jQuery('a[target=\"_blank\"]').removeAttr('target');\n    }\n  }, 1000);\n<\/script>\n\n<h2 id=\"win_bet\">Scommessa Vincente<\/h2>\n<p><img decoding=\"async\" src=\"https:\/\/www.sportingpedia.com\/wp-content\/uploads\/2021\/02\/betting-sites-payment-methods_cost-and-fees.svg\" alt=\"Scommessa Vincente\" width=\"300\" class=\"alignleft\" \/>Inutile dire che questa \u00e8 la scommessa pi\u00f9 frequentemente piazzata poich\u00e9 \u00e8 estremamente semplice, devi solo prevedere <strong>quale particolare cavallo vincer\u00e0 la corsa<\/strong>. La scommessa \u00e8 vincente se il concorrente attraversa per primo la linea del traguardo ed \u00e8 perdente in caso di qualsiasi altro risultato. La scommessa vincente offre tra le pi\u00f9 lucrative vincite potenziali tra tutte le scommesse standard sulle corse dei cavalli, poich\u00e9 \u00e8 la pi\u00f9 difficile da prevedere correttamente.<\/p>\n<p>Quando gli scommettitori effettuano scommesse dirette, inclusa l&#8217;opzione vincente, la loro <strong>potenziale perdita o profitto \u00e8 determinata da quote fisse<\/strong> offerte dal rispettivo bookmaker online. Puoi vederle semplicemente cliccando sul pulsante per l&#8217;evento specifico. Si aprir\u00e0 una nuova finestra e, sebbene i bookmaker abbiano interfacce diverse, nella maggior parte dei casi l&#8217;intestazione della tabella per il mercato delle scommesse Vincono apparir\u00e0 cos\u00ec:<\/p>\n<div class=\"table-responsive\">\n<table class=\"previewTable\">\n<tbody>\n<tr>\n<td>Nr.<\/td>\n<td>Nome Cavallo<\/td>\n<td>Allenatore\/Fantino<\/td>\n<td>Et\u00e0\/Peso<\/td>\n<td>Forma<\/td>\n<td>Quote Attuali<\/td>\n<\/tr>\n<\/tbody>\n<\/table>\n<\/div>\n<p>Questi sono i pilastri principali su cui costruire la tua previsione. Alcuni bookmaker online di alto livello vanno oltre e pubblicano un breve riepilogo per la corsa imminente che comprende alcuni risultati chiave riguardanti i migliori favoriti e la loro competizione fino a quel momento. La fornitura di <strong>dati statistici su ciascun cavallo \u00e8 vantaggiosa per gli appassionati di scommesse<\/strong> poich\u00e9 non hanno bisogno di perdere tempo a cercarli.<\/p>\n<p>Vale la pena ricordare che quando si pratica il betting pari-mutuel le cose sono abbastanza diverse. Le quote non sono fisse come nel caso generale ma fluttuano poich\u00e9 il montepremi dipende dal denaro in arrivo fino all&#8217;ultimo momento. Dopo che le quote della mattina sono pubblicate gli scommettitori iniziano a piazzare le loro scommesse e forzano cos\u00ec i numeri in una direzione o nell&#8217;altra. Ad esempio, se molti scommettitori puntano il loro denaro su un particolare cavallo, le sue quote si accorceranno considerevolmente.<\/p>\n<h2 id=\"place_bet\">Piazza Scommessa<\/h2>\n<p><img decoding=\"async\" src=\"http:\/\/www.sportingpedia.com\/wp-content\/uploads\/2021\/02\/horse-racing-betting_hallmarks.svg\" alt=\"Piazza Scommessa\" width=\"300\" class=\"alignleft \" \/>Se hai bisogno di una dose maggiore di certezza e puoi accettare quote meno favorevoli, allora la scommessa Piazza per le corse dei cavalli \u00e8 quella giusta per te. Coinvolge nuovamente un solo cavallo, ma questa volta permette agli scommettitori di prevedere se finir\u00e0 al primo o al secondo posto. Questa \u00e8 un&#8217;opportunit\u00e0 meravigliosa quando il tuo concorrente scelto ha un avversario altrettanto forte e hai paura di sostenerlo con una scommessa sulla vittoria. Il cavallo scelto deve comunque performare bene, ma con la scommessa piazza lasci un po&#8217; di margine per un errore. Questo mercato delle scommesse consente agli scommettitori di <strong>sostenere un cavallo e garantire un po&#8217; di profitto, seppur minimo, nel caso in cui non vinca<\/strong>.<\/p>\n<h2 id=\"show\">Scommessa Show<\/h2>\n<p><img decoding=\"async\" src=\"https:\/\/www.sportingpedia.com\/wp-content\/uploads\/2021\/01\/betting-sites-countries_digital-wallets.svg\" alt=\"Scommessa Show\" width=\"300\" class=\"alignleft\" \/>La scommessa standard sulle corse dei cavalli che ha il minor grado di rischio \u00e8 la Scommessa Show in quanto copre le prime tre posizioni, dando cos\u00ec <strong>pi\u00f9 possibilit\u00e0 di fare una previsione corretta<\/strong>. Quando ha senso piazzare una tale scommessa? Pi\u00f9 una gara \u00e8 competitiva, pi\u00f9 \u00e8 difficile giudicare quale dei cavalli con abilit\u00e0 e risultati simili emerger\u00e0 come vincitore. La linea di forma del cavallo pu\u00f2 dirti che tipo di performance offre il tuo concorrente scelto e aiutarti a decidere se vale la pena piazzare una scommessa show. Un cavallo senza vittorie nelle ultime cinque gare ma con una posizione costante nella Top 3 \u00e8 una scelta molto migliore rispetto a un cavallo con due vittorie accompagnate da classificazioni drammaticamente basse. In altre parole, <strong>non \u00e8 cos\u00ec cruciale trovare un concorrente con qualit\u00e0 eccezionali, ma uno che si esibisca bene ripetutamente<\/strong>.<\/p>\n<p>Per avere un&#8217;idea di quanto differiscano le quote di queste tre principali scommesse diritte sulle corse dei cavalli, vedi la seguente tabella di dati effettivi dalla corsa di Haydock nel Regno Unito.<\/p>\n<div class=\"table-responsive\">\n<table class=\"previewTable\">\n<tbody>\n<tr>\n<th colspan=\"2\">L&#8217;Incorrigibile (Sig. Thomas M O&#8217;Brien (3))<\/th>\n<\/tr>\n<tr>\n<td>Mercato delle scommesse<\/td>\n<td>Quote<\/td>\n<\/tr>\n<tr>\n<td>Vincente<\/td>\n<td>4,5<\/td>\n<\/tr>\n<tr>\n<td>Nei primi 2<\/td>\n<td>2,056<\/td>\n<\/tr>\n<tr>\n<td>Nei primi 3<\/td>\n<td>1,375<\/td>\n<\/tr>\n<\/tbody>\n<\/table>\n<\/div>\n<h2 id=\"each_way\">Sistema di Scommesse Each-Way<\/h2>\n<p><img decoding=\"async\" class=\"alignleft\" src=\"https:\/\/www.sportingpedia.com\/wp-content\/uploads\/2021\/02\/betting-sites-payment-methods_advantages.svg\" alt=\"Sistema di Scommesse Each-Way\" width=\"300\" \/>Il metodo di scommessa each-way consente agli scommettitori di <strong>combinare due scommesse ippiche standard su un unico biglietto<\/strong>. La scommessa mista comprende quasi sempre una scommessa Vincente e una scommessa Piazzato o Ancora, a costi uguali. Se il cavallo selezionato vince, riceverete un ritorno su entrambe le puntate. Se si classifica al secondo o al terzo posto, solo la parte piazzata della scommessa each-way vi porter\u00e0 una vincita. A volte \u00e8 possibile che la scommessa piazzata copra pi\u00f9 posizioni, ma ci\u00f2 dipende dalla volont\u00e0 del bookmaker e dal numero di cavalli partecipanti. Ad esempio, non ci si pu\u00f2 aspettare che il 4\u00ba posto sia incluso se il numero totale di cavalli \u00e8 anch&#8217;esso quattro.<\/p>\n<p>Prima di decidere se piazzare una scommessa each-way o no, dovreste prima assicurarvi di almeno rientrare nei costi nel caso in cui la vostra selezione si piazzi. Controllate attentamente le quote per evitare di finire per perdere denaro se le quote delle scommesse piazzate sono troppo sfavorevoli.<\/p>\n<h2 id=\"Conclusion\">Conclusione<\/h2>\n<p><img decoding=\"async\" class=\"alignleft\" src=\"https:\/\/www.sportingpedia.com\/wp-content\/uploads\/2022\/01\/conclusion.svg\" alt=\"Conclusion\" width=\"300\" \/>Prima di iniziare a scommettere con soldi veri sulle corse dei cavalli, non dovrebbero esserci questioni oscure, sia che lo facciate in pista che tramite una piattaforma di scommesse online. Vi consigliamo di non avere fretta e di <strong>iniziare semplificando le scommesse ai loro elementi di base<\/strong>. I tipi di scommesse standard sono un ottimo punto di partenza poich\u00e9 si concentrano su un singolo cavallo. Dopo aver acquisito un po&#8217; di esperienza, potrete facilmente continuare con tipi di scommesse che offrono vincite pi\u00f9 alte, ma che sono anche pi\u00f9 rischiose. Potete saperne di pi\u00f9 nella parte successiva della nostra guida, quindi andiamo avanti.<\/p>\n","protected":false},"excerpt":{"rendered":"<p>Forse ti chiedi come sia possibile che uno sport con una storia cos\u00ec lunga come le corse di cavalli non solo sia ancora praticato, ma goda di una popolarit\u00e0 impressionante in diverse parti del mondo. Mentre la sua dinamica e diversit\u00e0 sono ben percepite da molti fan, un ruolo importante in questa relazione \u00e8 svolto [&hellip;]<\/p>\n","protected":false},"author":17,"featured_media":0,"parent":115182,"menu_order":200,"comment_status":"closed","ping_status":"closed","template":"template-guide-page.php","meta":{"footnotes":""},"class_list":["post-115350","page","type-page","status-publish","hentry"],"yoast_head":"<!-- This site is optimized with the Yoast SEO plugin v26.6 - https:\/\/yoast.com\/wordpress\/plugins\/seo\/ -->\n<title>Scommesse Standard sulle Corse di Cavalli - Scommessa Vincente, Scommessa sul Piazzamento, Scommessa sul Podio, Scommessa Each-Way<\/title>\n<meta name=\"description\" content=\"Spiegazione dettagliata delle scommesse standard sulle corse di cavalli. Discutiamo la scommessa su vincente, la scommessa su piazzato, la scommessa su piazzamento, e le scommesse a ciascun piazzamento.\" \/>\n<meta name=\"robots\" content=\"index, follow, max-snippet:-1, max-image-preview:large, max-video-preview:-1\" \/>\n<link rel=\"canonical\" href=\"https:\/\/www.sportingpedia.com\/it\/horse-racing-betting\/standard-horse-racing-bets\/\" \/>\n<meta property=\"og:locale\" content=\"it_IT\" \/>\n<meta property=\"og:type\" content=\"article\" \/>\n<meta property=\"og:title\" content=\"Scommesse Standard sulle Corse di Cavalli - Scommessa Vincente, Scommessa sul Piazzamento, Scommessa sul Podio, Scommessa Each-Way\" \/>\n<meta property=\"og:description\" content=\"Spiegazione dettagliata delle scommesse standard sulle corse di cavalli. Discutiamo la scommessa su vincente, la scommessa su piazzato, la scommessa su piazzamento, e le scommesse a ciascun piazzamento.\" \/>\n<meta property=\"og:url\" content=\"https:\/\/www.sportingpedia.com\/it\/horse-racing-betting\/standard-horse-racing-bets\/\" \/>\n<meta property=\"og:site_name\" content=\"Sportingpedia - Latest Sports News From All Over the World\" \/>\n<meta property=\"article:modified_time\" content=\"2025-05-15T13:37:58+00:00\" \/>\n<meta property=\"og:image\" content=\"http:\/\/www.sportingpedia.com\/wp-content\/uploads\/2021\/02\/horse-racing-betting_intro.svg\" \/>\n<meta name=\"twitter:card\" content=\"summary_large_image\" \/>\n<meta name=\"twitter:label1\" content=\"Tempo di lettura stimato\" \/>\n\t<meta name=\"twitter:data1\" content=\"7 minuti\" \/>\n<script type=\"application\/ld+json\" class=\"yoast-schema-graph\">{\"@context\":\"https:\/\/schema.org\",\"@graph\":[{\"@type\":\"WebPage\",\"@id\":\"https:\/\/www.sportingpedia.com\/it\/horse-racing-betting\/standard-horse-racing-bets\/\",\"url\":\"https:\/\/www.sportingpedia.com\/it\/horse-racing-betting\/standard-horse-racing-bets\/\",\"name\":\"Scommesse Standard sulle Corse di Cavalli - Scommessa Vincente, Scommessa sul Piazzamento, Scommessa sul Podio, Scommessa Each-Way\",\"isPartOf\":{\"@id\":\"https:\/\/www.sportingpedia.com\/it\/#website\"},\"primaryImageOfPage\":{\"@id\":\"https:\/\/www.sportingpedia.com\/it\/horse-racing-betting\/standard-horse-racing-bets\/#primaryimage\"},\"image\":{\"@id\":\"https:\/\/www.sportingpedia.com\/it\/horse-racing-betting\/standard-horse-racing-bets\/#primaryimage\"},\"thumbnailUrl\":\"http:\/\/www.sportingpedia.com\/wp-content\/uploads\/2021\/02\/horse-racing-betting_intro.svg\",\"datePublished\":\"2025-04-10T06:57:20+00:00\",\"dateModified\":\"2025-05-15T13:37:58+00:00\",\"description\":\"Spiegazione dettagliata delle scommesse standard sulle corse di cavalli. Discutiamo la scommessa su vincente, la scommessa su piazzato, la scommessa su piazzamento, e le scommesse a ciascun piazzamento.\",\"breadcrumb\":{\"@id\":\"https:\/\/www.sportingpedia.com\/it\/horse-racing-betting\/standard-horse-racing-bets\/#breadcrumb\"},\"inLanguage\":\"it-IT\",\"potentialAction\":[{\"@type\":\"ReadAction\",\"target\":[\"https:\/\/www.sportingpedia.com\/it\/horse-racing-betting\/standard-horse-racing-bets\/\"]}]},{\"@type\":\"ImageObject\",\"inLanguage\":\"it-IT\",\"@id\":\"https:\/\/www.sportingpedia.com\/it\/horse-racing-betting\/standard-horse-racing-bets\/#primaryimage\",\"url\":\"http:\/\/www.sportingpedia.com\/wp-content\/uploads\/2021\/02\/horse-racing-betting_intro.svg\",\"contentUrl\":\"http:\/\/www.sportingpedia.com\/wp-content\/uploads\/2021\/02\/horse-racing-betting_intro.svg\"},{\"@type\":\"BreadcrumbList\",\"@id\":\"https:\/\/www.sportingpedia.com\/it\/horse-racing-betting\/standard-horse-racing-bets\/#breadcrumb\",\"itemListElement\":[{\"@type\":\"ListItem\",\"position\":1,\"name\":\"Home\",\"item\":\"https:\/\/www.sportingpedia.com\/it\/home-2\/\"},{\"@type\":\"ListItem\",\"position\":2,\"name\":\"Scommesse su Corse di Cavalli\",\"item\":\"https:\/\/www.sportingpedia.com\/it\/horse-racing-betting\/\"},{\"@type\":\"ListItem\",\"position\":3,\"name\":\"Scommesse Standard sulle Corse di Cavalli\"}]},{\"@type\":\"WebSite\",\"@id\":\"https:\/\/www.sportingpedia.com\/it\/#website\",\"url\":\"https:\/\/www.sportingpedia.com\/it\/\",\"name\":\"Sportingpedia - Latest Sports News From All Over the World\",\"description\":\"\",\"publisher\":{\"@id\":\"https:\/\/www.sportingpedia.com\/it\/#organization\"},\"potentialAction\":[{\"@type\":\"SearchAction\",\"target\":{\"@type\":\"EntryPoint\",\"urlTemplate\":\"https:\/\/www.sportingpedia.com\/it\/?s={search_term_string}\"},\"query-input\":{\"@type\":\"PropertyValueSpecification\",\"valueRequired\":true,\"valueName\":\"search_term_string\"}}],\"inLanguage\":\"it-IT\"},{\"@type\":\"Organization\",\"@id\":\"https:\/\/www.sportingpedia.com\/it\/#organization\",\"name\":\"SportingPedia\",\"url\":\"https:\/\/www.sportingpedia.com\/it\/\",\"logo\":{\"@type\":\"ImageObject\",\"inLanguage\":\"it-IT\",\"@id\":\"https:\/\/www.sportingpedia.com\/it\/#\/schema\/logo\/image\/\",\"url\":\"https:\/\/www.sportingpedia.com\/wp-content\/uploads\/2019\/10\/SportingPedia_logo.png\",\"contentUrl\":\"https:\/\/www.sportingpedia.com\/wp-content\/uploads\/2019\/10\/SportingPedia_logo.png\",\"width\":600,\"height\":101,\"caption\":\"SportingPedia\"},\"image\":{\"@id\":\"https:\/\/www.sportingpedia.com\/it\/#\/schema\/logo\/image\/\"}}]}<\/script>\n<!-- \/ Yoast SEO plugin. -->","yoast_head_json":{"title":"Scommesse Standard sulle Corse di Cavalli - Scommessa Vincente, Scommessa sul Piazzamento, Scommessa sul Podio, Scommessa Each-Way","description":"Spiegazione dettagliata delle scommesse standard sulle corse di cavalli. Discutiamo la scommessa su vincente, la scommessa su piazzato, la scommessa su piazzamento, e le scommesse a ciascun piazzamento.","robots":{"index":"index","follow":"follow","max-snippet":"max-snippet:-1","max-image-preview":"max-image-preview:large","max-video-preview":"max-video-preview:-1"},"canonical":"https:\/\/www.sportingpedia.com\/it\/horse-racing-betting\/standard-horse-racing-bets\/","og_locale":"it_IT","og_type":"article","og_title":"Scommesse Standard sulle Corse di Cavalli - Scommessa Vincente, Scommessa sul Piazzamento, Scommessa sul Podio, Scommessa Each-Way","og_description":"Spiegazione dettagliata delle scommesse standard sulle corse di cavalli. Discutiamo la scommessa su vincente, la scommessa su piazzato, la scommessa su piazzamento, e le scommesse a ciascun piazzamento.","og_url":"https:\/\/www.sportingpedia.com\/it\/horse-racing-betting\/standard-horse-racing-bets\/","og_site_name":"Sportingpedia - Latest Sports News From All Over the World","article_modified_time":"2025-05-15T13:37:58+00:00","og_image":[{"url":"http:\/\/www.sportingpedia.com\/wp-content\/uploads\/2021\/02\/horse-racing-betting_intro.svg","type":"","width":"","height":""}],"twitter_card":"summary_large_image","twitter_misc":{"Tempo di lettura stimato":"7 minuti"},"schema":{"@context":"https:\/\/schema.org","@graph":[{"@type":"WebPage","@id":"https:\/\/www.sportingpedia.com\/it\/horse-racing-betting\/standard-horse-racing-bets\/","url":"https:\/\/www.sportingpedia.com\/it\/horse-racing-betting\/standard-horse-racing-bets\/","name":"Scommesse Standard sulle Corse di Cavalli - Scommessa Vincente, Scommessa sul Piazzamento, Scommessa sul Podio, Scommessa Each-Way","isPartOf":{"@id":"https:\/\/www.sportingpedia.com\/it\/#website"},"primaryImageOfPage":{"@id":"https:\/\/www.sportingpedia.com\/it\/horse-racing-betting\/standard-horse-racing-bets\/#primaryimage"},"image":{"@id":"https:\/\/www.sportingpedia.com\/it\/horse-racing-betting\/standard-horse-racing-bets\/#primaryimage"},"thumbnailUrl":"http:\/\/www.sportingpedia.com\/wp-content\/uploads\/2021\/02\/horse-racing-betting_intro.svg","datePublished":"2025-04-10T06:57:20+00:00","dateModified":"2025-05-15T13:37:58+00:00","description":"Spiegazione dettagliata delle scommesse standard sulle corse di cavalli. Discutiamo la scommessa su vincente, la scommessa su piazzato, la scommessa su piazzamento, e le scommesse a ciascun piazzamento.","breadcrumb":{"@id":"https:\/\/www.sportingpedia.com\/it\/horse-racing-betting\/standard-horse-racing-bets\/#breadcrumb"},"inLanguage":"it-IT","potentialAction":[{"@type":"ReadAction","target":["https:\/\/www.sportingpedia.com\/it\/horse-racing-betting\/standard-horse-racing-bets\/"]}]},{"@type":"ImageObject","inLanguage":"it-IT","@id":"https:\/\/www.sportingpedia.com\/it\/horse-racing-betting\/standard-horse-racing-bets\/#primaryimage","url":"http:\/\/www.sportingpedia.com\/wp-content\/uploads\/2021\/02\/horse-racing-betting_intro.svg","contentUrl":"http:\/\/www.sportingpedia.com\/wp-content\/uploads\/2021\/02\/horse-racing-betting_intro.svg"},{"@type":"BreadcrumbList","@id":"https:\/\/www.sportingpedia.com\/it\/horse-racing-betting\/standard-horse-racing-bets\/#breadcrumb","itemListElement":[{"@type":"ListItem","position":1,"name":"Home","item":"https:\/\/www.sportingpedia.com\/it\/home-2\/"},{"@type":"ListItem","position":2,"name":"Scommesse su Corse di Cavalli","item":"https:\/\/www.sportingpedia.com\/it\/horse-racing-betting\/"},{"@type":"ListItem","position":3,"name":"Scommesse Standard sulle Corse di Cavalli"}]},{"@type":"WebSite","@id":"https:\/\/www.sportingpedia.com\/it\/#website","url":"https:\/\/www.sportingpedia.com\/it\/","name":"Sportingpedia - Latest Sports News From All Over the World","description":"","publisher":{"@id":"https:\/\/www.sportingpedia.com\/it\/#organization"},"potentialAction":[{"@type":"SearchAction","target":{"@type":"EntryPoint","urlTemplate":"https:\/\/www.sportingpedia.com\/it\/?s={search_term_string}"},"query-input":{"@type":"PropertyValueSpecification","valueRequired":true,"valueName":"search_term_string"}}],"inLanguage":"it-IT"},{"@type":"Organization","@id":"https:\/\/www.sportingpedia.com\/it\/#organization","name":"SportingPedia","url":"https:\/\/www.sportingpedia.com\/it\/","logo":{"@type":"ImageObject","inLanguage":"it-IT","@id":"https:\/\/www.sportingpedia.com\/it\/#\/schema\/logo\/image\/","url":"https:\/\/www.sportingpedia.com\/wp-content\/uploads\/2019\/10\/SportingPedia_logo.png","contentUrl":"https:\/\/www.sportingpedia.com\/wp-content\/uploads\/2019\/10\/SportingPedia_logo.png","width":600,"height":101,"caption":"SportingPedia"},"image":{"@id":"https:\/\/www.sportingpedia.com\/it\/#\/schema\/logo\/image\/"}}]}},"_links":{"self":[{"href":"https:\/\/www.sportingpedia.com\/it\/wp-json\/wp\/v2\/pages\/115350","targetHints":{"allow":["GET"]}}],"collection":[{"href":"https:\/\/www.sportingpedia.com\/it\/wp-json\/wp\/v2\/pages"}],"about":[{"href":"https:\/\/www.sportingpedia.com\/it\/wp-json\/wp\/v2\/types\/page"}],"author":[{"embeddable":true,"href":"https:\/\/www.sportingpedia.com\/it\/wp-json\/wp\/v2\/users\/17"}],"replies":[{"embeddable":true,"href":"https:\/\/www.sportingpedia.com\/it\/wp-json\/wp\/v2\/comments?post=115350"}],"version-history":[{"count":3,"href":"https:\/\/www.sportingpedia.com\/it\/wp-json\/wp\/v2\/pages\/115350\/revisions"}],"predecessor-version":[{"id":128226,"href":"https:\/\/www.sportingpedia.com\/it\/wp-json\/wp\/v2\/pages\/115350\/revisions\/128226"}],"up":[{"embeddable":true,"href":"https:\/\/www.sportingpedia.com\/it\/wp-json\/wp\/v2\/pages\/115182"}],"wp:attachment":[{"href":"https:\/\/www.sportingpedia.com\/it\/wp-json\/wp\/v2\/media?parent=115350"}],"curies":[{"name":"wp","href":"https:\/\/api.w.org\/{rel}","templated":true}]}}