{"id":115352,"date":"2025-04-10T06:57:20","date_gmt":"2025-04-10T06:57:20","guid":{"rendered":"https:\/\/www.sportingpedia.com\/?page_id=115352"},"modified":"2025-05-15T13:37:35","modified_gmt":"2025-05-15T13:37:35","slug":"live-in-play-betting","status":"publish","type":"page","link":"https:\/\/www.sportingpedia.com\/it\/horse-racing-betting\/live-in-play-betting\/","title":{"rendered":"Scommesse Live\/In-Play"},"content":{"rendered":"<p><img decoding=\"async\" src=\"https:\/\/www.sportingpedia.com\/wp-content\/uploads\/2021\/02\/horse-racing-betting_in-play.svg\" alt=\"Live\/In-Play Betting\" width=\"300\" class=\"alignleft\" \/><strong>In un tempo relativamente breve, le scommesse live sono passate dall&#8217;essere solo un esperimento a diventare un grande business<\/strong>, una caratteristica che nessun bookmaker online di rispetto potrebbe permettersi di tralasciare. Le scommesse tradizionali sull&#8217;ippica offrono ancora una buona variet\u00e0 di opzioni di puntata, comprese scommesse piazzate giorni o settimane prima di un certo evento e anche alcune scommesse alla vigilia della corsa. Tuttavia, per gli scommettitori di oggi, coccolati come sono, \u00e8 sempre pi\u00f9 raro considerare le scommesse semplici Vincente, Piazzato e Show abbastanza attraenti, quindi invariabilmente cercano opzioni pi\u00f9 impegnative. Fortunatamente per loro, viviamo in tempi moderni in cui il progresso tecnologico avanza in molte aree, comprese le scommesse in-play.<\/p>\n\n<p>Questo modo di scommettere permette agli appassionati di corse di cavalli di piazzare <strong>un&#8217;abbondanza di diverse scommesse durante la corsa<\/strong>, potendo cos\u00ec reagire a ci\u00f2 che sta attualmente accadendo e modificare le loro scommesse inizialmente pianificate in base alle ultime informazioni disponibili. Mentre puoi fare qualche ricerca preliminare, con le scommesse live devi prendere decisioni immediate e questo non \u00e8 affatto un compito facile quando si tratta di uno sport veloce come le corse di cavalli.<\/p>\n<ol class=\"bookies-grid\">\r\n\t<li>\r\n\t\t<a rel=\"nofollow\" target=\"_blank\" href=\"\/out\/mybookie?au&#x3D;138&amp;bp&#x3D;1\"<\/a>\r\n\t\t\t<figure>\r\n\t\t\t  \t<img decoding=\"async\" src=\"https:\/\/www.sportingpedia.com\/wp-content\/uploads\/logos\/lg-mybookie-logo.jpg\" width=\"110\" height=\"55\">\r\n\t\t\t<\/figure>\r\n\r\n\t\t\t<div>\r\n\t\t\t  \t<span class=\"bookie-name\">MyBookie<\/span>\r\n\r\n\t\t\t  \t<span class=\"bookie-rating\">Rating: 4.9 <b>&starf;<\/b><\/span>\r\n\t\t\t<\/div>\r\n\t\t<\/a>\r\n\t<\/li>\r\n\t<li>\r\n\t\t<a rel=\"nofollow\" target=\"_blank\" href=\"\/out\/bovada?au&#x3D;138&amp;bp&#x3D;2\"<\/a>\r\n\t\t\t<figure>\r\n\t\t\t  \t<img decoding=\"async\" src=\"https:\/\/www.sportingpedia.com\/wp-content\/uploads\/logos\/lg-bovada-logo.jpg\" width=\"110\" height=\"55\">\r\n\t\t\t<\/figure>\r\n\r\n\t\t\t<div>\r\n\t\t\t  \t<span class=\"bookie-name\">Bovada<\/span>\r\n\r\n\t\t\t  \t<span class=\"bookie-rating\">Rating: 4.8 <b>&starf;<\/b><\/span>\r\n\t\t\t<\/div>\r\n\t\t<\/a>\r\n\t<\/li>\r\n\t<li>\r\n\t\t<a rel=\"nofollow\" target=\"_blank\" href=\"\/out\/xbet?au&#x3D;138&amp;bp&#x3D;3\"<\/a>\r\n\t\t\t<figure>\r\n\t\t\t  \t<img decoding=\"async\" src=\"https:\/\/www.sportingpedia.com\/wp-content\/uploads\/logos\/lg-xbet-logo.jpg\" width=\"110\" height=\"55\">\r\n\t\t\t<\/figure>\r\n\r\n\t\t\t<div>\r\n\t\t\t  \t<span class=\"bookie-name\">XBet<\/span>\r\n\r\n\t\t\t  \t<span class=\"bookie-rating\">Rating: 4.7 <b>&starf;<\/b><\/span>\r\n\t\t\t<\/div>\r\n\t\t<\/a>\r\n\t<\/li>\r\n\t<li>\r\n\t\t<a rel=\"nofollow\" target=\"_blank\" href=\"\/out\/intertops?au&#x3D;138&amp;bp&#x3D;4\"<\/a>\r\n\t\t\t<figure>\r\n\t\t\t  \t<img decoding=\"async\" src=\"https:\/\/www.sportingpedia.com\/wp-content\/uploads\/logos\/lg-everygame-logo.webp\" width=\"110\" height=\"55\">\r\n\t\t\t<\/figure>\r\n\r\n\t\t\t<div>\r\n\t\t\t  \t<span class=\"bookie-name\">Everygame<\/span>\r\n\r\n\t\t\t  \t<span class=\"bookie-rating\">Rating: 4.6 <b>&starf;<\/b><\/span>\r\n\t\t\t<\/div>\r\n\t\t<\/a>\r\n\t<\/li>\r\n\t<li>\r\n\t\t<a rel=\"nofollow\" target=\"_blank\" href=\"\/out\/betusr?au&#x3D;138&amp;bp&#x3D;5\"<\/a>\r\n\t\t\t<figure>\r\n\t\t\t  \t<img decoding=\"async\" src=\"https:\/\/www.sportingpedia.com\/wp-content\/uploads\/logos\/lg-betusr-logo.jpg\" width=\"110\" height=\"55\">\r\n\t\t\t<\/figure>\r\n\r\n\t\t\t<div>\r\n\t\t\t  \t<span class=\"bookie-name\">BetUSR<\/span>\r\n\r\n\t\t\t  \t<span class=\"bookie-rating\">Rating: 4.5 <b>&starf;<\/b><\/span>\r\n\t\t\t<\/div>\r\n\t\t<\/a>\r\n\t<\/li>\r\n\t<li>\r\n\t\t<a rel=\"nofollow\" target=\"_blank\" href=\"\/out\/vave?au&#x3D;138&amp;bp&#x3D;6\"<\/a>\r\n\t\t\t<figure>\r\n\t\t\t  \t<img decoding=\"async\" src=\"https:\/\/www.sportingpedia.com\/wp-content\/uploads\/logos\/lg-vave-logo.webp\" width=\"110\" height=\"55\">\r\n\t\t\t<\/figure>\r\n\r\n\t\t\t<div>\r\n\t\t\t  \t<span class=\"bookie-name\">Vave<\/span>\r\n\r\n\t\t\t  \t<span class=\"bookie-rating\">Rating: 4.4 <b>&starf;<\/b><\/span>\r\n\t\t\t<\/div>\r\n\t\t<\/a>\r\n\t<\/li>\r\n<\/ol><script>\n  setTimeout(function(){\n    if(!document.getElementById('JasHAAffsaMosaAdsANa2i')) {\n      jQuery('a[target=\"_blank\"]').removeAttr('target');\n    }\n  }, 1000);\n<\/script>\n\n<h2 id=\"peculiarities\">Particolarit\u00e0 delle Scommesse Ippiche Live<\/h2>\n<p><img decoding=\"async\" src=\"https:\/\/www.sportingpedia.com\/wp-content\/uploads\/2021\/02\/horse-racing-betting_intro.svg\" alt=\"Illustrazione di un casco verde con linee di movimento rapido.\" width=\"300\" class=\"alignleft\" \/>Per quanto riguarda le piattaforme di scommesse che hanno incluso le <strong>scommesse ippiche in-play<\/strong>, tutte funzionano in modo simile. Sebbene ci\u00f2 sia vero anche per altri sport, quando si tratta di scommettere sui cavalli, il tempo \u00e8 davvero cruciale. Devi elaborare le informazioni estremamente rapidamente, poich\u00e9 le quote del concorrente che stai seguendo possono aumentare o diminuire significativamente in meno di un minuto.<\/p>\n<p>Se per qualsiasi motivo, in base alle quote del mattino un certo cavallo \u00e8 il chiaro favorito ma hai visto le sue ultime gare e dubiti che avr\u00e0 abbastanza forza per mantenere la sua spinta iniziale, meglio affrettarti e piazzare una puntata lay prima che le quote inizino a cambiare. Un&#8217;altra situazione possibile \u00e8 che un cavallo nel gruppo possa realizzare uno sprint finale e riorganizzare la classifica all&#8217;ultimo secondo. Se riesci a prevederlo abbastanza presto e <strong>piazzare la tua scommessa Win su quel particolare cavallo in tempo, probabilmente godrai di una vincita enorme<\/strong>.<\/p>\n<p>Ricorda che c&#8217;\u00e8 sempre un certo ritardo tra il momento in cui piazzi una scommessa e la sua effettiva conferma. Quando gli scommettitori effettuano una giocata in-play devono aspettare un paio di secondi prima di ricevere una notifica che la puntata \u00e8 stata effettuata. \u00c8 cos\u00ec che i bookmaker garantiscono che <strong>le quote offerte riflettano validamente l&#8217;andamento dell&#8217;evento<\/strong>. Infatti, le scommesse ippiche in-play sono un tipo di competizione tra la strategia di trading dell&#8217;operatore e le abilit\u00e0 degli appassionati di gioco d&#8217;azzardo online nel tenere il passo con il rapido svolgersi delle gare.<\/p>\n<p>Tra i diversi tipi di eventi ippici, quelli che coinvolgono gli ostacoli vedranno probabilmente <strong>le maggiori fluttuazioni delle quote<\/strong>. Non solo le gare sono pi\u00f9 lunghe, il che a volte porta alla stanchezza dei cavalli, ma anche gli ostacoli predispongono a pi\u00f9 errori e quindi a un cambiamento netto del favorito.<\/p>\n<h2 id=\"cash_out\">Cash Out e Cash Out Parziale<\/h2>\n<p><img decoding=\"async\" src=\"https:\/\/www.sportingpedia.com\/wp-content\/uploads\/2021\/02\/betting-sites-payment-methods_withdrawing-from-balance.svg\" alt=\"Cash Out e Cash Out Parziale\" width=\"300\" class=\"alignleft\" \/> \u00c8 evidente che sia il cash-out totale che quello parziale offrono agli scommettitori un maggiore grado di controllo e anche l&#8217;opportunit\u00e0 di minimizzare l&#8217;effetto negativo di alcuni eventi inaspettati. Potrebbero esserci tutti i presupposti affinch\u00e9 i cavalli elencati nella tua scommessa Pick 4 vincano le loro gare. Tuttavia, il tempo pu\u00f2 peggiorare improvvisamente e la pioggia potrebbe ammorbidire il tracciato. Potresti avere l&#8217;opportunit\u00e0 di eseguire il cash-out prima della quarta gara e quindi risparmiarti una perdita nel caso in cui il cavallo scelto non si comporti bene su una pista bagnata. Gli scommettitori che scelgono di utilizzare la funzionalit\u00e0 di &#8216;cash-out&#8217; sperimentano anche un ritardo tra la pressione del pulsante di cash-out e la ricezione della conferma che la transazione \u00e8 stata processata.<\/p>\n<p>Per quanto riguarda il cash-out parziale, consente agli scommettitori di decidere quanto della loro puntata incassare e quanto lasciare fino a quando la scommessa viene conclusa. Immagina di scommettere 10 \u20ac su due eventi in una Daily Double con un ritorno di 40 \u20ac e la prima scommessa risulti vincente. Hai la scelta di incassare 10 \u20ac, mettendo la tua puntata iniziale sul conto e lasciando gli altri 10 \u20ac sul secondo cavallo per un ritorno di 20 \u20ac se la tua previsione \u00e8 corretta. Il nostro esempio copre il tipo di scommessa abbastanza semplice della Daily Double, ma \u00e8 anche utile per grandi accumulatori costosi. Puoi prelevare una piccola percentuale e coprire la tua puntata iniziale pi\u00f9 una piccola somma, ma lasciare la maggior parte in gioco per raggiungere eventualmente un enorme payout senza preoccuparti di esaurire il tuo bankroll.<\/p>\n<p>Tieni presente, tuttavia, che le quote di cash-out di solito non sono cos\u00ec allettanti. Il possibile ritorno non \u00e8 cos\u00ec appetibile se la gara \u00e8 appena iniziata o anche prima che i cavalli siano in pista. Pi\u00f9 aspetti prima di iniziare un cash-out, pi\u00f9 le quote diventeranno vantaggiose. D&#8217;altra parte, con il passare di ogni secondo, diventa sempre pi\u00f9 probabile che la scommessa cambi e ti ritrovi a mani vuote.<\/p>\n<h2 id=\"live\">Streaming live<\/h2>\n<p><img decoding=\"async\" src=\"https:\/\/www.sportingpedia.com\/wp-content\/uploads\/2021\/02\/nfl-betting-fundamentals_the-right-time-to-bet.svg\" alt=\"Particolarit\u00e0 delle Scommesse sui Cavalli in Diretta\" width=\"300\" class=\"alignleft\" \/>Un&#8217;altra caratteristica che va di pari passo con le scommesse ippiche in diretta \u00e8 lo streaming live. L&#8217;implementazione delle trasmissioni in diretta \u00e8 uno dei fattori che hanno contribuito all&#8217;ascesa delle piattaforme di scommesse online negli ultimi anni. Un paio di decenni fa, le corse di cavalli venivano trasmesse in diretta solo nelle sedi fisiche delle scommesse. Fortunatamente, questo elemento ricercato nelle scommesse sportive online non \u00e8 pi\u00f9 un&#8217;eccezione e la maggior parte dei marchi di gioco d&#8217;azzardo di rilievo l&#8217;ha incluso nei propri portafogli. Inoltre, <strong>gli scommettitori non devono pagare alcuna tassa aggiuntiva<\/strong> per guardare le eccitanti corse di cavalli. Come puoi vedere dall&#8217;immagine qui sotto, nella maggior parte dei casi, ti verr\u00e0 chiesto di accedere al tuo account prima di ottenere l&#8217;accesso alla trasmissione in diretta.<\/p>\n<p><strong>Lo streaming live permette agli appassionati di scommesse di sentire lo spirito dell&#8217;evento<\/strong> perch\u00e9 vedono con i propri occhi cosa sta succedendo sulla pista. Ad esempio, guardando la prima corsa del giorno, potrai farti un&#8217;idea di come \u00e8 previsto che vada il resto della giornata. Immagina che la previsione meteorologica prima della corsa fosse di tempo nuvoloso, ma sullo schermo vedi che sta iniziando a piovere.<\/p>\n<p>Questo cambier\u00e0 la tua strategia di scommessa per la giornata, vero?<\/p>\n<h2 id=\"final\">Parole Finali<\/h2>\n<p><img decoding=\"async\" src=\"https:\/\/www.sportingpedia.com\/wp-content\/uploads\/2021\/02\/football-betting-calculating-bookmaker-commission_conclusion.svg\" alt=\"Parole Finali\" width=\"300\" class=\"alignleft\" \/>Ci vuole molto tempo e tanto impegno per acquisire le competenze adeguate per <strong>un&#8217;esperienza di scommesse in-play di successo<\/strong>. Se hai abbastanza pazienza, tuttavia, queste possono ripagarti molto bene, quindi provaci.<\/p>\n","protected":false},"excerpt":{"rendered":"<p>In un tempo relativamente breve, le scommesse live sono passate dall&#8217;essere solo un esperimento a diventare un grande business, una caratteristica che nessun bookmaker online di rispetto potrebbe permettersi di tralasciare. Le scommesse tradizionali sull&#8217;ippica offrono ancora una buona variet\u00e0 di opzioni di puntata, comprese scommesse piazzate giorni o settimane prima di un certo evento [&hellip;]<\/p>\n","protected":false},"author":17,"featured_media":0,"parent":115182,"menu_order":400,"comment_status":"closed","ping_status":"closed","template":"template-guide-page.php","meta":{"footnotes":""},"class_list":["post-115352","page","type-page","status-publish","hentry"],"yoast_head":"<!-- This site is optimized with the Yoast SEO plugin v26.6 - https:\/\/yoast.com\/wordpress\/plugins\/seo\/ -->\n<title>Scommesse Ippiche Live\/In-Play - Peculiarit\u00e0, Cash Out, Streaming Live<\/title>\n<meta name=\"description\" content=\"Le scommesse Live\/In-Play consentono agli appassionati di corse dei cavalli di piazzare un&#039;ampia variet\u00e0 di scommesse durante la gara, permettendo cos\u00ec di reagire a ci\u00f2 che sta accadendo al momento e modificare le loro puntate inizialmente pianificate secondo le ultime informazioni disponibili.\" \/>\n<meta name=\"robots\" content=\"index, follow, max-snippet:-1, max-image-preview:large, max-video-preview:-1\" \/>\n<link rel=\"canonical\" href=\"https:\/\/www.sportingpedia.com\/it\/horse-racing-betting\/live-in-play-betting\/\" \/>\n<meta property=\"og:locale\" content=\"it_IT\" \/>\n<meta property=\"og:type\" content=\"article\" \/>\n<meta property=\"og:title\" content=\"Scommesse Ippiche Live\/In-Play - Peculiarit\u00e0, Cash Out, Streaming Live\" \/>\n<meta property=\"og:description\" content=\"Le scommesse Live\/In-Play consentono agli appassionati di corse dei cavalli di piazzare un&#039;ampia variet\u00e0 di scommesse durante la gara, permettendo cos\u00ec di reagire a ci\u00f2 che sta accadendo al momento e modificare le loro puntate inizialmente pianificate secondo le ultime informazioni disponibili.\" \/>\n<meta property=\"og:url\" content=\"https:\/\/www.sportingpedia.com\/it\/horse-racing-betting\/live-in-play-betting\/\" \/>\n<meta property=\"og:site_name\" content=\"Sportingpedia - Latest Sports News From All Over the World\" \/>\n<meta property=\"article:modified_time\" content=\"2025-05-15T13:37:35+00:00\" \/>\n<meta property=\"og:image\" content=\"https:\/\/www.sportingpedia.com\/wp-content\/uploads\/2021\/02\/horse-racing-betting_in-play.svg\" \/>\n<meta name=\"twitter:card\" content=\"summary_large_image\" \/>\n<meta name=\"twitter:label1\" content=\"Tempo di lettura stimato\" \/>\n\t<meta name=\"twitter:data1\" content=\"6 minuti\" \/>\n<script type=\"application\/ld+json\" class=\"yoast-schema-graph\">{\"@context\":\"https:\/\/schema.org\",\"@graph\":[{\"@type\":\"WebPage\",\"@id\":\"https:\/\/www.sportingpedia.com\/it\/horse-racing-betting\/live-in-play-betting\/\",\"url\":\"https:\/\/www.sportingpedia.com\/it\/horse-racing-betting\/live-in-play-betting\/\",\"name\":\"Scommesse Ippiche Live\/In-Play - Peculiarit\u00e0, Cash Out, Streaming Live\",\"isPartOf\":{\"@id\":\"https:\/\/www.sportingpedia.com\/it\/#website\"},\"primaryImageOfPage\":{\"@id\":\"https:\/\/www.sportingpedia.com\/it\/horse-racing-betting\/live-in-play-betting\/#primaryimage\"},\"image\":{\"@id\":\"https:\/\/www.sportingpedia.com\/it\/horse-racing-betting\/live-in-play-betting\/#primaryimage\"},\"thumbnailUrl\":\"https:\/\/www.sportingpedia.com\/wp-content\/uploads\/2021\/02\/horse-racing-betting_in-play.svg\",\"datePublished\":\"2025-04-10T06:57:20+00:00\",\"dateModified\":\"2025-05-15T13:37:35+00:00\",\"description\":\"Le scommesse Live\/In-Play consentono agli appassionati di corse dei cavalli di piazzare un'ampia variet\u00e0 di scommesse durante la gara, permettendo cos\u00ec di reagire a ci\u00f2 che sta accadendo al momento e modificare le loro puntate inizialmente pianificate secondo le ultime informazioni disponibili.\",\"breadcrumb\":{\"@id\":\"https:\/\/www.sportingpedia.com\/it\/horse-racing-betting\/live-in-play-betting\/#breadcrumb\"},\"inLanguage\":\"it-IT\",\"potentialAction\":[{\"@type\":\"ReadAction\",\"target\":[\"https:\/\/www.sportingpedia.com\/it\/horse-racing-betting\/live-in-play-betting\/\"]}]},{\"@type\":\"ImageObject\",\"inLanguage\":\"it-IT\",\"@id\":\"https:\/\/www.sportingpedia.com\/it\/horse-racing-betting\/live-in-play-betting\/#primaryimage\",\"url\":\"https:\/\/www.sportingpedia.com\/wp-content\/uploads\/2021\/02\/horse-racing-betting_in-play.svg\",\"contentUrl\":\"https:\/\/www.sportingpedia.com\/wp-content\/uploads\/2021\/02\/horse-racing-betting_in-play.svg\"},{\"@type\":\"BreadcrumbList\",\"@id\":\"https:\/\/www.sportingpedia.com\/it\/horse-racing-betting\/live-in-play-betting\/#breadcrumb\",\"itemListElement\":[{\"@type\":\"ListItem\",\"position\":1,\"name\":\"Home\",\"item\":\"https:\/\/www.sportingpedia.com\/it\/home-2\/\"},{\"@type\":\"ListItem\",\"position\":2,\"name\":\"Scommesse su Corse di Cavalli\",\"item\":\"https:\/\/www.sportingpedia.com\/it\/horse-racing-betting\/\"},{\"@type\":\"ListItem\",\"position\":3,\"name\":\"Scommesse Live\/In-Play\"}]},{\"@type\":\"WebSite\",\"@id\":\"https:\/\/www.sportingpedia.com\/it\/#website\",\"url\":\"https:\/\/www.sportingpedia.com\/it\/\",\"name\":\"Sportingpedia - Latest Sports News From All Over the World\",\"description\":\"\",\"publisher\":{\"@id\":\"https:\/\/www.sportingpedia.com\/it\/#organization\"},\"potentialAction\":[{\"@type\":\"SearchAction\",\"target\":{\"@type\":\"EntryPoint\",\"urlTemplate\":\"https:\/\/www.sportingpedia.com\/it\/?s={search_term_string}\"},\"query-input\":{\"@type\":\"PropertyValueSpecification\",\"valueRequired\":true,\"valueName\":\"search_term_string\"}}],\"inLanguage\":\"it-IT\"},{\"@type\":\"Organization\",\"@id\":\"https:\/\/www.sportingpedia.com\/it\/#organization\",\"name\":\"SportingPedia\",\"url\":\"https:\/\/www.sportingpedia.com\/it\/\",\"logo\":{\"@type\":\"ImageObject\",\"inLanguage\":\"it-IT\",\"@id\":\"https:\/\/www.sportingpedia.com\/it\/#\/schema\/logo\/image\/\",\"url\":\"https:\/\/www.sportingpedia.com\/wp-content\/uploads\/2019\/10\/SportingPedia_logo.png\",\"contentUrl\":\"https:\/\/www.sportingpedia.com\/wp-content\/uploads\/2019\/10\/SportingPedia_logo.png\",\"width\":600,\"height\":101,\"caption\":\"SportingPedia\"},\"image\":{\"@id\":\"https:\/\/www.sportingpedia.com\/it\/#\/schema\/logo\/image\/\"}}]}<\/script>\n<!-- \/ Yoast SEO plugin. -->","yoast_head_json":{"title":"Scommesse Ippiche Live\/In-Play - Peculiarit\u00e0, Cash Out, Streaming Live","description":"Le scommesse Live\/In-Play consentono agli appassionati di corse dei cavalli di piazzare un'ampia variet\u00e0 di scommesse durante la gara, permettendo cos\u00ec di reagire a ci\u00f2 che sta accadendo al momento e modificare le loro puntate inizialmente pianificate secondo le ultime informazioni disponibili.","robots":{"index":"index","follow":"follow","max-snippet":"max-snippet:-1","max-image-preview":"max-image-preview:large","max-video-preview":"max-video-preview:-1"},"canonical":"https:\/\/www.sportingpedia.com\/it\/horse-racing-betting\/live-in-play-betting\/","og_locale":"it_IT","og_type":"article","og_title":"Scommesse Ippiche Live\/In-Play - Peculiarit\u00e0, Cash Out, Streaming Live","og_description":"Le scommesse Live\/In-Play consentono agli appassionati di corse dei cavalli di piazzare un'ampia variet\u00e0 di scommesse durante la gara, permettendo cos\u00ec di reagire a ci\u00f2 che sta accadendo al momento e modificare le loro puntate inizialmente pianificate secondo le ultime informazioni disponibili.","og_url":"https:\/\/www.sportingpedia.com\/it\/horse-racing-betting\/live-in-play-betting\/","og_site_name":"Sportingpedia - Latest Sports News From All Over the World","article_modified_time":"2025-05-15T13:37:35+00:00","og_image":[{"url":"https:\/\/www.sportingpedia.com\/wp-content\/uploads\/2021\/02\/horse-racing-betting_in-play.svg","type":"","width":"","height":""}],"twitter_card":"summary_large_image","twitter_misc":{"Tempo di lettura stimato":"6 minuti"},"schema":{"@context":"https:\/\/schema.org","@graph":[{"@type":"WebPage","@id":"https:\/\/www.sportingpedia.com\/it\/horse-racing-betting\/live-in-play-betting\/","url":"https:\/\/www.sportingpedia.com\/it\/horse-racing-betting\/live-in-play-betting\/","name":"Scommesse Ippiche Live\/In-Play - Peculiarit\u00e0, Cash Out, Streaming Live","isPartOf":{"@id":"https:\/\/www.sportingpedia.com\/it\/#website"},"primaryImageOfPage":{"@id":"https:\/\/www.sportingpedia.com\/it\/horse-racing-betting\/live-in-play-betting\/#primaryimage"},"image":{"@id":"https:\/\/www.sportingpedia.com\/it\/horse-racing-betting\/live-in-play-betting\/#primaryimage"},"thumbnailUrl":"https:\/\/www.sportingpedia.com\/wp-content\/uploads\/2021\/02\/horse-racing-betting_in-play.svg","datePublished":"2025-04-10T06:57:20+00:00","dateModified":"2025-05-15T13:37:35+00:00","description":"Le scommesse Live\/In-Play consentono agli appassionati di corse dei cavalli di piazzare un'ampia variet\u00e0 di scommesse durante la gara, permettendo cos\u00ec di reagire a ci\u00f2 che sta accadendo al momento e modificare le loro puntate inizialmente pianificate secondo le ultime informazioni disponibili.","breadcrumb":{"@id":"https:\/\/www.sportingpedia.com\/it\/horse-racing-betting\/live-in-play-betting\/#breadcrumb"},"inLanguage":"it-IT","potentialAction":[{"@type":"ReadAction","target":["https:\/\/www.sportingpedia.com\/it\/horse-racing-betting\/live-in-play-betting\/"]}]},{"@type":"ImageObject","inLanguage":"it-IT","@id":"https:\/\/www.sportingpedia.com\/it\/horse-racing-betting\/live-in-play-betting\/#primaryimage","url":"https:\/\/www.sportingpedia.com\/wp-content\/uploads\/2021\/02\/horse-racing-betting_in-play.svg","contentUrl":"https:\/\/www.sportingpedia.com\/wp-content\/uploads\/2021\/02\/horse-racing-betting_in-play.svg"},{"@type":"BreadcrumbList","@id":"https:\/\/www.sportingpedia.com\/it\/horse-racing-betting\/live-in-play-betting\/#breadcrumb","itemListElement":[{"@type":"ListItem","position":1,"name":"Home","item":"https:\/\/www.sportingpedia.com\/it\/home-2\/"},{"@type":"ListItem","position":2,"name":"Scommesse su Corse di Cavalli","item":"https:\/\/www.sportingpedia.com\/it\/horse-racing-betting\/"},{"@type":"ListItem","position":3,"name":"Scommesse Live\/In-Play"}]},{"@type":"WebSite","@id":"https:\/\/www.sportingpedia.com\/it\/#website","url":"https:\/\/www.sportingpedia.com\/it\/","name":"Sportingpedia - Latest Sports News From All Over the World","description":"","publisher":{"@id":"https:\/\/www.sportingpedia.com\/it\/#organization"},"potentialAction":[{"@type":"SearchAction","target":{"@type":"EntryPoint","urlTemplate":"https:\/\/www.sportingpedia.com\/it\/?s={search_term_string}"},"query-input":{"@type":"PropertyValueSpecification","valueRequired":true,"valueName":"search_term_string"}}],"inLanguage":"it-IT"},{"@type":"Organization","@id":"https:\/\/www.sportingpedia.com\/it\/#organization","name":"SportingPedia","url":"https:\/\/www.sportingpedia.com\/it\/","logo":{"@type":"ImageObject","inLanguage":"it-IT","@id":"https:\/\/www.sportingpedia.com\/it\/#\/schema\/logo\/image\/","url":"https:\/\/www.sportingpedia.com\/wp-content\/uploads\/2019\/10\/SportingPedia_logo.png","contentUrl":"https:\/\/www.sportingpedia.com\/wp-content\/uploads\/2019\/10\/SportingPedia_logo.png","width":600,"height":101,"caption":"SportingPedia"},"image":{"@id":"https:\/\/www.sportingpedia.com\/it\/#\/schema\/logo\/image\/"}}]}},"_links":{"self":[{"href":"https:\/\/www.sportingpedia.com\/it\/wp-json\/wp\/v2\/pages\/115352","targetHints":{"allow":["GET"]}}],"collection":[{"href":"https:\/\/www.sportingpedia.com\/it\/wp-json\/wp\/v2\/pages"}],"about":[{"href":"https:\/\/www.sportingpedia.com\/it\/wp-json\/wp\/v2\/types\/page"}],"author":[{"embeddable":true,"href":"https:\/\/www.sportingpedia.com\/it\/wp-json\/wp\/v2\/users\/17"}],"replies":[{"embeddable":true,"href":"https:\/\/www.sportingpedia.com\/it\/wp-json\/wp\/v2\/comments?post=115352"}],"version-history":[{"count":2,"href":"https:\/\/www.sportingpedia.com\/it\/wp-json\/wp\/v2\/pages\/115352\/revisions"}],"predecessor-version":[{"id":128225,"href":"https:\/\/www.sportingpedia.com\/it\/wp-json\/wp\/v2\/pages\/115352\/revisions\/128225"}],"up":[{"embeddable":true,"href":"https:\/\/www.sportingpedia.com\/it\/wp-json\/wp\/v2\/pages\/115182"}],"wp:attachment":[{"href":"https:\/\/www.sportingpedia.com\/it\/wp-json\/wp\/v2\/media?parent=115352"}],"curies":[{"name":"wp","href":"https:\/\/api.w.org\/{rel}","templated":true}]}}