{"id":115355,"date":"2025-04-10T06:57:20","date_gmt":"2025-04-10T06:57:20","guid":{"rendered":"https:\/\/www.sportingpedia.com\/?page_id=115355"},"modified":"2025-11-17T09:08:27","modified_gmt":"2025-11-17T09:08:27","slug":"mma-standard-bets","status":"publish","type":"page","link":"https:\/\/www.sportingpedia.com\/it\/mma-betting\/mma-standard-bets\/","title":{"rendered":"Scommesse Standard MMA"},"content":{"rendered":"<p><img decoding=\"async\" src=\"https:\/\/www.sportingpedia.com\/wp-content\/uploads\/2021\/02\/mma-betting_intro.svg\" alt=\"Scommesse Standard MMA\" width=\"300\" height=\"150\" class=\"alignleft\" \/>Di solito le serate UFC comprendono pi\u00f9 combattimenti, offrendoti ore di azione ed emozione. L&#8217;essenza delle arti marziali miste prevede la disponibilit\u00e0 di diversi tipi di scommesse che vanno ben oltre l&#8217;opzione di puntare su chi vincer\u00e0 l&#8217;incontro. Questo sport consente agli scommettitori di mettere alla prova le proprie capacit\u00e0 attraverso <strong>diversi tipi di scommesse standard e di proposizione<\/strong>, quindi, se vuoi diventare un abile scommettitore MMA, devi comprendere correttamente ciascuna di esse. L&#8217;obiettivo principale di questo articolo \u00e8 introdurti ai mercati delle scommesse MMA convenzionali, i pi\u00f9 indicati per iniziare il tuo percorso nel campo delle scommesse sulle arti marziali miste. Abbiamo spiegato i principali aspetti di ciascun mercato, accompagnandoli con alcuni <strong>consigli di scommesse MMA<\/strong> di base per aiutarti a vivere un&#8217;esperienza di scommessa sportiva piacevole e redditizia.<\/p>\n\n<ol class=\"bookies-grid\">\r\n\t<li>\r\n\t\t<a rel=\"nofollow\" target=\"_blank\" href=\"\/out\/mybookie?au&#x3D;138&amp;bp&#x3D;1\"<\/a>\r\n\t\t\t<figure>\r\n\t\t\t  \t<img decoding=\"async\" src=\"https:\/\/www.sportingpedia.com\/wp-content\/uploads\/logos\/lg-mybookie-logo.jpg\" width=\"110\" height=\"55\">\r\n\t\t\t<\/figure>\r\n\r\n\t\t\t<div>\r\n\t\t\t  \t<span class=\"bookie-name\">MyBookie<\/span>\r\n\r\n\t\t\t  \t<span class=\"bookie-rating\">Rating: 4.9 <b>&starf;<\/b><\/span>\r\n\t\t\t<\/div>\r\n\t\t<\/a>\r\n\t<\/li>\r\n\t<li>\r\n\t\t<a rel=\"nofollow\" target=\"_blank\" href=\"\/out\/bovada?au&#x3D;138&amp;bp&#x3D;2\"<\/a>\r\n\t\t\t<figure>\r\n\t\t\t  \t<img decoding=\"async\" src=\"https:\/\/www.sportingpedia.com\/wp-content\/uploads\/logos\/lg-bovada-logo.jpg\" width=\"110\" height=\"55\">\r\n\t\t\t<\/figure>\r\n\r\n\t\t\t<div>\r\n\t\t\t  \t<span class=\"bookie-name\">Bovada<\/span>\r\n\r\n\t\t\t  \t<span class=\"bookie-rating\">Rating: 4.8 <b>&starf;<\/b><\/span>\r\n\t\t\t<\/div>\r\n\t\t<\/a>\r\n\t<\/li>\r\n\t<li>\r\n\t\t<a rel=\"nofollow\" target=\"_blank\" href=\"\/out\/xbet?au&#x3D;138&amp;bp&#x3D;3\"<\/a>\r\n\t\t\t<figure>\r\n\t\t\t  \t<img decoding=\"async\" src=\"https:\/\/www.sportingpedia.com\/wp-content\/uploads\/logos\/lg-xbet-logo.jpg\" width=\"110\" height=\"55\">\r\n\t\t\t<\/figure>\r\n\r\n\t\t\t<div>\r\n\t\t\t  \t<span class=\"bookie-name\">XBet<\/span>\r\n\r\n\t\t\t  \t<span class=\"bookie-rating\">Rating: 4.7 <b>&starf;<\/b><\/span>\r\n\t\t\t<\/div>\r\n\t\t<\/a>\r\n\t<\/li>\r\n\t<li>\r\n\t\t<a rel=\"nofollow\" target=\"_blank\" href=\"\/out\/intertops?au&#x3D;138&amp;bp&#x3D;4\"<\/a>\r\n\t\t\t<figure>\r\n\t\t\t  \t<img decoding=\"async\" src=\"https:\/\/www.sportingpedia.com\/wp-content\/uploads\/logos\/lg-everygame-logo.webp\" width=\"110\" height=\"55\">\r\n\t\t\t<\/figure>\r\n\r\n\t\t\t<div>\r\n\t\t\t  \t<span class=\"bookie-name\">Everygame<\/span>\r\n\r\n\t\t\t  \t<span class=\"bookie-rating\">Rating: 4.6 <b>&starf;<\/b><\/span>\r\n\t\t\t<\/div>\r\n\t\t<\/a>\r\n\t<\/li>\r\n\t<li>\r\n\t\t<a rel=\"nofollow\" target=\"_blank\" href=\"\/out\/betusr?au&#x3D;138&amp;bp&#x3D;5\"<\/a>\r\n\t\t\t<figure>\r\n\t\t\t  \t<img decoding=\"async\" src=\"https:\/\/www.sportingpedia.com\/wp-content\/uploads\/logos\/lg-betusr-logo.jpg\" width=\"110\" height=\"55\">\r\n\t\t\t<\/figure>\r\n\r\n\t\t\t<div>\r\n\t\t\t  \t<span class=\"bookie-name\">BetUSR<\/span>\r\n\r\n\t\t\t  \t<span class=\"bookie-rating\">Rating: 4.5 <b>&starf;<\/b><\/span>\r\n\t\t\t<\/div>\r\n\t\t<\/a>\r\n\t<\/li>\r\n\t<li>\r\n\t\t<a rel=\"nofollow\" target=\"_blank\" href=\"\/out\/vave?au&#x3D;138&amp;bp&#x3D;6\"<\/a>\r\n\t\t\t<figure>\r\n\t\t\t  \t<img decoding=\"async\" src=\"https:\/\/www.sportingpedia.com\/wp-content\/uploads\/logos\/lg-vave-logo.webp\" width=\"110\" height=\"55\">\r\n\t\t\t<\/figure>\r\n\r\n\t\t\t<div>\r\n\t\t\t  \t<span class=\"bookie-name\">Vave<\/span>\r\n\r\n\t\t\t  \t<span class=\"bookie-rating\">Rating: 4.4 <b>&starf;<\/b><\/span>\r\n\t\t\t<\/div>\r\n\t\t<\/a>\r\n\t<\/li>\r\n<\/ol><script>\n  setTimeout(function(){\n    if(!document.getElementById('JasHAAffsaMosaAdsANa2i')) {\n      jQuery('a[target=\"_blank\"]').removeAttr('target');\n    }\n  }, 1000);\n<\/script>\n\n<h2 id=\"moneyline\">Scommessa moneyline MMA<\/h2>\n<p><img decoding=\"async\" src=\"https:\/\/www.sportingpedia.com\/wp-content\/uploads\/2021\/02\/mma-betting_moneyline-bet.svg\" alt=\"Moneyline Bet\" width=\"300\" height=\"150\" class=\"alignleft\" \/>Anche chiamata scommessa sul vincitore finale, \u00e8 il tipo di puntata pi\u00f9 conosciuto e praticato dalla maggior parte degli appassionati di scommesse, poich\u00e9 \u00e8 il pi\u00f9 facile da comprendere. Come si pu\u00f2 intuire dal nome, questo mercato richiede di prevedere <strong>quale dei due combattenti sconfigger\u00e0 l&#8217;avversario<\/strong>, indipendentemente dal metodo di vittoria o dal momento dell&#8217;incontro in cui ci\u00f2 avviene. Sebbene un risultato di parit\u00e0 sia molto raro, \u00e8 comunque possibile e alcuni bookmaker online accettano scommesse su questa opzione. In tal caso il mercato \u00e8 chiamato 3-Way Moneyline e si presenta cos\u00ec:<\/p>\n<table class=\"previewTable\">\n<tr>\n<th colspan=\"2\">3-Way Moneyline<\/th>\n<\/tr>\n<tr>\n<td style=\"text-align: center\"><strong>Risultato<\/strong><\/td>\n<td style=\"text-align: center\"><strong>Quote<\/strong><\/td>\n<\/tr>\n<tr>\n<td>Vittoria di Alexander Volkanovski<\/td>\n<td>1,12 (- 833)<\/td>\n<\/tr>\n<tr>\n<td>Pareggio<\/td>\n<td>81,00 (+ 8000)<\/td>\n<\/tr>\n<tr>\n<td>Vittoria di Chan-Sung Jung<\/td>\n<td>6,50 (+ 550)<\/td>\n<\/tr>\n<\/table>\n<p>Le quote mostrate evidenziano chiaramente chi \u00e8 il favorito e chi lo sfavorito, e confermano che un risultato di parit\u00e0 non \u00e8 realmente atteso. Tuttavia, se scommetti 10 \u20ac su quest&#8217;ultima opzione e hai l&#8217;estremamente rara fortuna di indovinare, <strong>guadagnerai 800 \u20ac da aggiungere al tuo bankroll<\/strong> (10 x 81 &#8211; 10 = 800).<\/p>\n<p>L&#8217;unica differenza rispetto al 2-Way Moneyline \u00e8 l&#8217;assenza del mercato relativo al pareggio. Ecco un esempio tipico tratto da una serata di combattimenti UFC.<\/p>\n<table class=\"previewTable\">\n<tr>\n<th colspan=\"2\">2-Way Moneyline<\/th>\n<\/tr>\n<tr>\n<td style=\"text-align: center\"><strong>Risultato<\/strong><\/td>\n<td style=\"text-align: center\"><strong>Quote<\/strong><\/td>\n<\/tr>\n<tr>\n<td>Vittoria di Jordan Leavitt<\/td>\n<td>2,05 (+ 105)<\/td>\n<\/tr>\n<tr>\n<td>Vittoria di Trey Ogden<\/td>\n<td>1,72 (- 139)<\/td>\n<\/tr>\n<\/table>\n<p>In questo incontro, se ci affidiamo alle quote proposte dal bookmaker, le forze appaiono pi\u00f9 equilibrate, quindi prevederne l&#8217;esito sar\u00e0 probabilmente pi\u00f9 complesso. Non c&#8217;\u00e8 dubbio: <strong>le quote di vittoria sono parte integrante dell&#8217;esperienza di ogni scommettitore<\/strong>. Tuttavia non \u00e8 ragionevole basare le proprie previsioni esclusivamente su di esse. Dopotutto i bookmaker sono esseri umani e, in quanto tali, possono commettere errori. Inoltre, i <a href=\"https:\/\/www.sportingpedia.com\/it\/betting-sites\/\">siti di scommesse online<\/a> sono entit\u00e0 economiche, quindi devono rispettare alcuni principi di mercato e ci\u00f2 a volte incide sui numeri pubblicati.<\/p>\n<p>Il nostro consiglio \u00e8 di considerare le quote proposte dal bookmaker che preferisci, ma, al contempo, di svolgere un&#8217;analisi indipendente. In questo senso i risultati ottenuti da entrambi i combattenti possono anticipare in larga misura cosa aspettarsi nel prossimo incontro. La forma fisica attuale di un atleta \u00e8 fondamentale quando si valutano le sue possibilit\u00e0 di vittoria, quindi presta particolare attenzione agli ultimi match. <strong>Osserva sia le vittorie sia le sconfitte, cos\u00ec come la caratura dei rispettivi avversari<\/strong>. Non importa quanto sia abile un combattente: di tanto in tanto pu\u00f2 incontrare un avversario scomodo. Se riesci a individuare un dettaglio cos\u00ec importante, potresti avere un vantaggio su chi non ha approfondito altrettanto la propria ricerca pre-match.<\/p>\n<h2 id=\"over\">Scommesse over\/under MMA<\/h2>\n<p><img decoding=\"async\" src=\"https:\/\/www.sportingpedia.com\/wp-content\/uploads\/2021\/02\/mma-betting_over-under.svg\" alt=\"Scommesse Over\/Under\" width=\"300\" height=\"150\" class=\"alignleft\" \/>La scommessa sui round totali \u00e8 l&#8217;opposto del tipo descritto in precedenza, ma \u00e8 altrettanto popolare per la sua semplicit\u00e0 e l&#8217;elevata probabilit\u00e0 di pronostico corretto. Con \u00abopposto\u00bb intendiamo che il nome del vincitore, quando si effettua una puntata over\/under, non ha alcuna importanza, poich\u00e9 bisogna stabilire se l&#8217;incontro durer\u00e0 pi\u00f9 o meno di un numero predefinito di round. Alcuni bookmaker online accettano scommesse su una sola soglia, mentre altri offrono quote per tutte le opzioni possibili.<\/p>\n<table class=\"previewTable\">\n<tr>\n<th>Round<\/th>\n<th>Over<\/th>\n<th>Under<\/th>\n<\/tr>\n<tr>\n<td>1,5<\/td>\n<td>1,16<\/td>\n<td>5<\/td>\n<\/tr>\n<tr>\n<td>2,5<\/td>\n<td>1,28<\/td>\n<td>3,5<\/td>\n<\/tr>\n<tr>\n<td>3,5<\/td>\n<td>1,4<\/td>\n<td>2,75<\/td>\n<\/tr>\n<tr>\n<td>4,5<\/td>\n<td>1,5<\/td>\n<td>2,5<\/td>\n<\/tr>\n<\/table>\n<p>Sebbene non sia obbligatorio che il numero di round sia presentato in frazioni (per esempio 1,5), \u00e8 meglio evitare di scommettere su cifre tonde, a meno che non si cerchi un rischio maggiore. Ad esempio, se si punta su una scommessa over\/under fissata a 3 round e uno dei combattenti decide di ritirarsi appena prima dell&#8217;inizio del quarto, la puntata risulter\u00e0 perdente. \u00c8 quindi consigliabile scegliere un bookmaker che proponga un mercato over\/under a 3,5. Se pensi che il combattimento durer\u00e0 4 round, devi selezionare l&#8217;opzione over; se ritieni che la vittoria arriver\u00e0 entro il terzo round, dovrai puntare sull&#8217;opzione under. La durata di un round \u00e8 di 5 minuti, quindi <strong>.5 corrisponde a 2:30 minuti del rispettivo round<\/strong>.<\/p>\n<p>Per formulare un pronostico corretto \u00e8 necessario conoscere a fondo i combattenti. Familiarizza con le statistiche, prestando particolare attenzione alla durata media dei loro incontri. Anche lo stile di combattimento e la resistenza di entrambi i contendenti sono di notevole importanza. Se non li conosci bene, dedica tempo a verificare se sono aggressivi fin dal primo secondo, quale sia il livello della loro resistenza, se sanno sopportare il dolore e cos\u00ec via.<\/p>\n<h2 id=\"future\">Scommesse future MMA<\/h2>\n<p><img decoding=\"async\" src=\"https:\/\/www.sportingpedia.com\/wp-content\/uploads\/2021\/02\/nba-betting_future-bets.svg\" alt=\"Scommesse Future MMA\" width=\"300\" height=\"150\" class=\"alignleft\" \/>Come in molti altri sport, la natura delle MMA consente di piazzare alcune scommesse con settimane, talvolta mesi, di anticipo. <strong>Le scommesse future UFC rappresentano una variante impegnativa<\/strong>, che richiede agli appassionati di prevedere chi conquister\u00e0 un determinato titolo di cintura entro la fine dell&#8217;anno solare. Poich\u00e9 manca molto tempo alla conclusione della stagione, le quote di questo specifico mercato sono di solito piuttosto elevate. Al momento della stesura, le quote per il campione UFC dei pesi leggeri 2022 sono le seguenti:<\/p>\n<table class=\"previewTable\">\n<tr>\n<th colspan=\"4\">Campione dei Pesi Leggeri UFC 2022<\/th>\n<\/tr>\n<tr>\n<td>Charles Oliveira<\/td>\n<td>200<\/td>\n<td>Dustin Poirier<\/td>\n<td>900<\/td>\n<\/tr>\n<tr>\n<td>Islam Makhachev<\/td>\n<td>200<\/td>\n<td>Michael Chandler<\/td>\n<td>1.150<\/td>\n<\/tr>\n<tr>\n<td>Beneil Dariush<\/td>\n<td>400<\/td>\n<td>Rafael Dos Anjos<\/td>\n<td>2.000<\/td>\n<\/tr>\n<tr>\n<td>Justin Gaethje<\/td>\n<td>600<\/td>\n<td>Gregor Gillespie<\/td>\n<td>2.500<\/td>\n<\/tr>\n<tr>\n<td>Conor McGregor<\/td>\n<td>900<\/td>\n<td>Rafael Fiziev<\/td>\n<td>2.800<\/td>\n<\/tr>\n<\/table>\n<p>Un&#8217;altra tipologia di scommessa a lungo termine nelle MMA \u00e8 la outright, che consente agli scommettitori di puntare su <strong>combattimenti futuri non ancora confermati<\/strong>. Le trattative relative a grandi incontri tra star del ring includono aspetti come diritti d&#8217;immagine, date, sede e cos\u00ec via, e talvolta occorrono mesi prima che la tua puntata venga definita. Si tratta di una vera prova di pazienza, ma con il potenziale di pagare generosamente. Se un combattimento viene annullato prima che venga annunciata una data ufficiale, i bookmaker annullano tutte le scommesse piazzate e restituiscono le puntate.<\/p>\n<h2 id=\"conclusion\">Conclusione<\/h2>\n<p>Concludiamo la nostra panoramica sui <strong>tipi di scommesse standard MMA<\/strong> con un consiglio valido per tutte le puntate sulle arti marziali miste. \u00c8 vero che le MMA sono una disciplina molto apprezzata dagli scommettitori, ma la loro popolarit\u00e0 non raggiunge ancora quella del <a href=\"https:\/\/www.sportingpedia.com\/category\/soccer\/\">calcio<\/a>, per esempio. Per questo motivo i bookmaker online tendono spesso a dedicare pi\u00f9 tempo ed energie agli sport pi\u00f9 seguiti, lasciando talvolta spazio a errori di quotazione sulle MMA. Vale quindi la pena confrontare le quote e scommettere con l&#8217;operatore che, al momento del piazzamento della tua puntata, offre le condizioni pi\u00f9 vantaggiose.<\/p>\n","protected":false},"excerpt":{"rendered":"<p>Di solito le serate UFC comprendono pi\u00f9 combattimenti, offrendoti ore di azione ed emozione. L&#8217;essenza delle arti marziali miste prevede la disponibilit\u00e0 di diversi tipi di scommesse che vanno ben oltre l&#8217;opzione di puntare su chi vincer\u00e0 l&#8217;incontro. Questo sport consente agli scommettitori di mettere alla prova le proprie capacit\u00e0 attraverso diversi tipi di scommesse [&hellip;]<\/p>\n","protected":false},"author":8,"featured_media":0,"parent":115183,"menu_order":200,"comment_status":"closed","ping_status":"closed","template":"template-guide-page.php","meta":{"footnotes":""},"class_list":["post-115355","page","type-page","status-publish","hentry"],"yoast_head":"<!-- This site is optimized with the Yoast SEO plugin v26.6 - https:\/\/yoast.com\/wordpress\/plugins\/seo\/ -->\n<title>Scommesse Standard MMA - Testa a Testa, Over\/Under, Scommesse Future<\/title>\n<meta name=\"description\" content=\"L&#039;obiettivo principale dell&#039;articolo attuale \u00e8 introdurvi ai mercati di scommesse MMA convenzionali con cui \u00e8 consigliabile iniziare il vostro percorso nel campo delle scommesse sulle arti marziali miste.\" \/>\n<meta name=\"robots\" content=\"index, follow, max-snippet:-1, max-image-preview:large, max-video-preview:-1\" \/>\n<link rel=\"canonical\" href=\"https:\/\/www.sportingpedia.com\/it\/mma-betting\/mma-standard-bets\/\" \/>\n<meta property=\"og:locale\" content=\"it_IT\" \/>\n<meta property=\"og:type\" content=\"article\" \/>\n<meta property=\"og:title\" content=\"Scommesse Standard MMA - Testa a Testa, Over\/Under, Scommesse Future\" \/>\n<meta property=\"og:description\" content=\"L&#039;obiettivo principale dell&#039;articolo attuale \u00e8 introdurvi ai mercati di scommesse MMA convenzionali con cui \u00e8 consigliabile iniziare il vostro percorso nel campo delle scommesse sulle arti marziali miste.\" \/>\n<meta property=\"og:url\" content=\"https:\/\/www.sportingpedia.com\/it\/mma-betting\/mma-standard-bets\/\" \/>\n<meta property=\"og:site_name\" content=\"Sportingpedia - Latest Sports News From All Over the World\" \/>\n<meta property=\"article:modified_time\" content=\"2025-11-17T09:08:27+00:00\" \/>\n<meta property=\"og:image\" content=\"https:\/\/www.sportingpedia.com\/wp-content\/uploads\/2021\/02\/mma-betting_intro.svg\" \/>\n<meta name=\"twitter:card\" content=\"summary_large_image\" \/>\n<meta name=\"twitter:label1\" content=\"Tempo di lettura stimato\" \/>\n\t<meta name=\"twitter:data1\" content=\"7 minuti\" \/>\n<script type=\"application\/ld+json\" class=\"yoast-schema-graph\">{\"@context\":\"https:\/\/schema.org\",\"@graph\":[{\"@type\":\"WebPage\",\"@id\":\"https:\/\/www.sportingpedia.com\/it\/mma-betting\/mma-standard-bets\/\",\"url\":\"https:\/\/www.sportingpedia.com\/it\/mma-betting\/mma-standard-bets\/\",\"name\":\"Scommesse Standard MMA - Testa a Testa, Over\/Under, Scommesse Future\",\"isPartOf\":{\"@id\":\"https:\/\/www.sportingpedia.com\/it\/#website\"},\"primaryImageOfPage\":{\"@id\":\"https:\/\/www.sportingpedia.com\/it\/mma-betting\/mma-standard-bets\/#primaryimage\"},\"image\":{\"@id\":\"https:\/\/www.sportingpedia.com\/it\/mma-betting\/mma-standard-bets\/#primaryimage\"},\"thumbnailUrl\":\"https:\/\/www.sportingpedia.com\/wp-content\/uploads\/2021\/02\/mma-betting_intro.svg\",\"datePublished\":\"2025-04-10T06:57:20+00:00\",\"dateModified\":\"2025-11-17T09:08:27+00:00\",\"description\":\"L'obiettivo principale dell'articolo attuale \u00e8 introdurvi ai mercati di scommesse MMA convenzionali con cui \u00e8 consigliabile iniziare il vostro percorso nel campo delle scommesse sulle arti marziali miste.\",\"breadcrumb\":{\"@id\":\"https:\/\/www.sportingpedia.com\/it\/mma-betting\/mma-standard-bets\/#breadcrumb\"},\"inLanguage\":\"it-IT\",\"potentialAction\":[{\"@type\":\"ReadAction\",\"target\":[\"https:\/\/www.sportingpedia.com\/it\/mma-betting\/mma-standard-bets\/\"]}]},{\"@type\":\"ImageObject\",\"inLanguage\":\"it-IT\",\"@id\":\"https:\/\/www.sportingpedia.com\/it\/mma-betting\/mma-standard-bets\/#primaryimage\",\"url\":\"https:\/\/www.sportingpedia.com\/wp-content\/uploads\/2021\/02\/mma-betting_intro.svg\",\"contentUrl\":\"https:\/\/www.sportingpedia.com\/wp-content\/uploads\/2021\/02\/mma-betting_intro.svg\"},{\"@type\":\"BreadcrumbList\",\"@id\":\"https:\/\/www.sportingpedia.com\/it\/mma-betting\/mma-standard-bets\/#breadcrumb\",\"itemListElement\":[{\"@type\":\"ListItem\",\"position\":1,\"name\":\"Home\",\"item\":\"https:\/\/www.sportingpedia.com\/it\/home-2\/\"},{\"@type\":\"ListItem\",\"position\":2,\"name\":\"Scommesse su MMA e UFC\",\"item\":\"https:\/\/www.sportingpedia.com\/it\/mma-betting\/\"},{\"@type\":\"ListItem\",\"position\":3,\"name\":\"Scommesse Standard MMA\"}]},{\"@type\":\"WebSite\",\"@id\":\"https:\/\/www.sportingpedia.com\/it\/#website\",\"url\":\"https:\/\/www.sportingpedia.com\/it\/\",\"name\":\"Sportingpedia - Latest Sports News From All Over the World\",\"description\":\"\",\"publisher\":{\"@id\":\"https:\/\/www.sportingpedia.com\/it\/#organization\"},\"potentialAction\":[{\"@type\":\"SearchAction\",\"target\":{\"@type\":\"EntryPoint\",\"urlTemplate\":\"https:\/\/www.sportingpedia.com\/it\/?s={search_term_string}\"},\"query-input\":{\"@type\":\"PropertyValueSpecification\",\"valueRequired\":true,\"valueName\":\"search_term_string\"}}],\"inLanguage\":\"it-IT\"},{\"@type\":\"Organization\",\"@id\":\"https:\/\/www.sportingpedia.com\/it\/#organization\",\"name\":\"SportingPedia\",\"url\":\"https:\/\/www.sportingpedia.com\/it\/\",\"logo\":{\"@type\":\"ImageObject\",\"inLanguage\":\"it-IT\",\"@id\":\"https:\/\/www.sportingpedia.com\/it\/#\/schema\/logo\/image\/\",\"url\":\"https:\/\/www.sportingpedia.com\/wp-content\/uploads\/2019\/10\/SportingPedia_logo.png\",\"contentUrl\":\"https:\/\/www.sportingpedia.com\/wp-content\/uploads\/2019\/10\/SportingPedia_logo.png\",\"width\":600,\"height\":101,\"caption\":\"SportingPedia\"},\"image\":{\"@id\":\"https:\/\/www.sportingpedia.com\/it\/#\/schema\/logo\/image\/\"}}]}<\/script>\n<!-- \/ Yoast SEO plugin. -->","yoast_head_json":{"title":"Scommesse Standard MMA - Testa a Testa, Over\/Under, Scommesse Future","description":"L'obiettivo principale dell'articolo attuale \u00e8 introdurvi ai mercati di scommesse MMA convenzionali con cui \u00e8 consigliabile iniziare il vostro percorso nel campo delle scommesse sulle arti marziali miste.","robots":{"index":"index","follow":"follow","max-snippet":"max-snippet:-1","max-image-preview":"max-image-preview:large","max-video-preview":"max-video-preview:-1"},"canonical":"https:\/\/www.sportingpedia.com\/it\/mma-betting\/mma-standard-bets\/","og_locale":"it_IT","og_type":"article","og_title":"Scommesse Standard MMA - Testa a Testa, Over\/Under, Scommesse Future","og_description":"L'obiettivo principale dell'articolo attuale \u00e8 introdurvi ai mercati di scommesse MMA convenzionali con cui \u00e8 consigliabile iniziare il vostro percorso nel campo delle scommesse sulle arti marziali miste.","og_url":"https:\/\/www.sportingpedia.com\/it\/mma-betting\/mma-standard-bets\/","og_site_name":"Sportingpedia - Latest Sports News From All Over the World","article_modified_time":"2025-11-17T09:08:27+00:00","og_image":[{"url":"https:\/\/www.sportingpedia.com\/wp-content\/uploads\/2021\/02\/mma-betting_intro.svg","type":"","width":"","height":""}],"twitter_card":"summary_large_image","twitter_misc":{"Tempo di lettura stimato":"7 minuti"},"schema":{"@context":"https:\/\/schema.org","@graph":[{"@type":"WebPage","@id":"https:\/\/www.sportingpedia.com\/it\/mma-betting\/mma-standard-bets\/","url":"https:\/\/www.sportingpedia.com\/it\/mma-betting\/mma-standard-bets\/","name":"Scommesse Standard MMA - Testa a Testa, Over\/Under, Scommesse Future","isPartOf":{"@id":"https:\/\/www.sportingpedia.com\/it\/#website"},"primaryImageOfPage":{"@id":"https:\/\/www.sportingpedia.com\/it\/mma-betting\/mma-standard-bets\/#primaryimage"},"image":{"@id":"https:\/\/www.sportingpedia.com\/it\/mma-betting\/mma-standard-bets\/#primaryimage"},"thumbnailUrl":"https:\/\/www.sportingpedia.com\/wp-content\/uploads\/2021\/02\/mma-betting_intro.svg","datePublished":"2025-04-10T06:57:20+00:00","dateModified":"2025-11-17T09:08:27+00:00","description":"L'obiettivo principale dell'articolo attuale \u00e8 introdurvi ai mercati di scommesse MMA convenzionali con cui \u00e8 consigliabile iniziare il vostro percorso nel campo delle scommesse sulle arti marziali miste.","breadcrumb":{"@id":"https:\/\/www.sportingpedia.com\/it\/mma-betting\/mma-standard-bets\/#breadcrumb"},"inLanguage":"it-IT","potentialAction":[{"@type":"ReadAction","target":["https:\/\/www.sportingpedia.com\/it\/mma-betting\/mma-standard-bets\/"]}]},{"@type":"ImageObject","inLanguage":"it-IT","@id":"https:\/\/www.sportingpedia.com\/it\/mma-betting\/mma-standard-bets\/#primaryimage","url":"https:\/\/www.sportingpedia.com\/wp-content\/uploads\/2021\/02\/mma-betting_intro.svg","contentUrl":"https:\/\/www.sportingpedia.com\/wp-content\/uploads\/2021\/02\/mma-betting_intro.svg"},{"@type":"BreadcrumbList","@id":"https:\/\/www.sportingpedia.com\/it\/mma-betting\/mma-standard-bets\/#breadcrumb","itemListElement":[{"@type":"ListItem","position":1,"name":"Home","item":"https:\/\/www.sportingpedia.com\/it\/home-2\/"},{"@type":"ListItem","position":2,"name":"Scommesse su MMA e UFC","item":"https:\/\/www.sportingpedia.com\/it\/mma-betting\/"},{"@type":"ListItem","position":3,"name":"Scommesse Standard MMA"}]},{"@type":"WebSite","@id":"https:\/\/www.sportingpedia.com\/it\/#website","url":"https:\/\/www.sportingpedia.com\/it\/","name":"Sportingpedia - Latest Sports News From All Over the World","description":"","publisher":{"@id":"https:\/\/www.sportingpedia.com\/it\/#organization"},"potentialAction":[{"@type":"SearchAction","target":{"@type":"EntryPoint","urlTemplate":"https:\/\/www.sportingpedia.com\/it\/?s={search_term_string}"},"query-input":{"@type":"PropertyValueSpecification","valueRequired":true,"valueName":"search_term_string"}}],"inLanguage":"it-IT"},{"@type":"Organization","@id":"https:\/\/www.sportingpedia.com\/it\/#organization","name":"SportingPedia","url":"https:\/\/www.sportingpedia.com\/it\/","logo":{"@type":"ImageObject","inLanguage":"it-IT","@id":"https:\/\/www.sportingpedia.com\/it\/#\/schema\/logo\/image\/","url":"https:\/\/www.sportingpedia.com\/wp-content\/uploads\/2019\/10\/SportingPedia_logo.png","contentUrl":"https:\/\/www.sportingpedia.com\/wp-content\/uploads\/2019\/10\/SportingPedia_logo.png","width":600,"height":101,"caption":"SportingPedia"},"image":{"@id":"https:\/\/www.sportingpedia.com\/it\/#\/schema\/logo\/image\/"}}]}},"_links":{"self":[{"href":"https:\/\/www.sportingpedia.com\/it\/wp-json\/wp\/v2\/pages\/115355","targetHints":{"allow":["GET"]}}],"collection":[{"href":"https:\/\/www.sportingpedia.com\/it\/wp-json\/wp\/v2\/pages"}],"about":[{"href":"https:\/\/www.sportingpedia.com\/it\/wp-json\/wp\/v2\/types\/page"}],"author":[{"embeddable":true,"href":"https:\/\/www.sportingpedia.com\/it\/wp-json\/wp\/v2\/users\/8"}],"replies":[{"embeddable":true,"href":"https:\/\/www.sportingpedia.com\/it\/wp-json\/wp\/v2\/comments?post=115355"}],"version-history":[{"count":3,"href":"https:\/\/www.sportingpedia.com\/it\/wp-json\/wp\/v2\/pages\/115355\/revisions"}],"predecessor-version":[{"id":146276,"href":"https:\/\/www.sportingpedia.com\/it\/wp-json\/wp\/v2\/pages\/115355\/revisions\/146276"}],"up":[{"embeddable":true,"href":"https:\/\/www.sportingpedia.com\/it\/wp-json\/wp\/v2\/pages\/115183"}],"wp:attachment":[{"href":"https:\/\/www.sportingpedia.com\/it\/wp-json\/wp\/v2\/media?parent=115355"}],"curies":[{"name":"wp","href":"https:\/\/api.w.org\/{rel}","templated":true}]}}