{"id":115356,"date":"2025-04-10T06:57:21","date_gmt":"2025-04-10T06:57:21","guid":{"rendered":"https:\/\/www.sportingpedia.com\/?page_id=115356"},"modified":"2025-11-17T09:10:46","modified_gmt":"2025-11-17T09:10:46","slug":"mma-live-in-play-betting","status":"publish","type":"page","link":"https:\/\/www.sportingpedia.com\/it\/mma-betting\/mma-live-in-play-betting\/","title":{"rendered":"Scommesse live e in-play su MMA"},"content":{"rendered":"<p><img decoding=\"async\" src=\"https:\/\/www.sportingpedia.com\/wp-content\/uploads\/2021\/02\/mma-betting_intro.svg\" alt=\"Scommesse Live MMA\" width=\"300\" class=\"alignleft\" \/>L&#8217;industria del gioco d&#8217;azzardo ha compiuto un grande passo avanti alcuni anni fa, introducendo gradualmente la possibilit\u00e0 di scommettere in diretta. Come accade per ogni novit\u00e0, inizialmente gli scommettitori online erano molto cauti nei confronti delle scommesse live, ma oggigiorno \u00e8 difficile trovare qualcuno che non le abbia almeno provate. Le <strong>scommesse live MMA<\/strong> sono una forma di gioco d&#8217;azzardo che permette di piazzare le proprie puntate dopo l&#8217;inizio del combattimento. Mentre le scommesse tradizionali pre-partita devono essere effettuate entro il giorno precedente l&#8217;inizio dell&#8217;evento, l&#8217;opzione in-play consente di posticipare la puntata a una fase successiva. Un&#8217;altra differenza rispetto alla forma convenzionale di scommesse sportive \u00e8 che le quote non sono fisse ma cambiano dinamicamente a seconda di come si sviluppa l&#8217;incontro.<\/p>\n\n<p>A differenza di altri sport, come il <a href=\"https:\/\/www.sportingpedia.com\/it\/nba-betting\/introduction\/\">basket<\/a>, in cui il sistema di scommesse live \u00e8 gi\u00e0 ben consolidato e sviluppato, nel campo delle arti marziali miste la funzione \u00e8 ancora agli inizi. Le quote vengono aggiornate tra un round e l&#8217;altro e i tipi di scommesse MMA disponibili di solito spaziano tra <strong>Vincitore assoluto, Round vincente e Metodo di vittoria<\/strong>. Le puntate ad alta adrenalina di cui abbiamo discusso nella sezione precedente della nostra guida alle scommesse MMA non sono ancora disponibili per le giocate in-play. Tuttavia, ci aspettiamo che ci\u00f2 cambi se l&#8217;interesse per le scommesse su questo sport continuer\u00e0 a crescere.<\/p>\n<ol class=\"bookies-grid\">\r\n\t<li>\r\n\t\t<a rel=\"nofollow\" target=\"_blank\" href=\"\/out\/mybookie?au&#x3D;138&amp;bp&#x3D;1\"<\/a>\r\n\t\t\t<figure>\r\n\t\t\t  \t<img decoding=\"async\" src=\"https:\/\/www.sportingpedia.com\/wp-content\/uploads\/logos\/lg-mybookie-logo.jpg\" width=\"110\" height=\"55\">\r\n\t\t\t<\/figure>\r\n\r\n\t\t\t<div>\r\n\t\t\t  \t<span class=\"bookie-name\">MyBookie<\/span>\r\n\r\n\t\t\t  \t<span class=\"bookie-rating\">Rating: 4.9 <b>&starf;<\/b><\/span>\r\n\t\t\t<\/div>\r\n\t\t<\/a>\r\n\t<\/li>\r\n\t<li>\r\n\t\t<a rel=\"nofollow\" target=\"_blank\" href=\"\/out\/bovada?au&#x3D;138&amp;bp&#x3D;2\"<\/a>\r\n\t\t\t<figure>\r\n\t\t\t  \t<img decoding=\"async\" src=\"https:\/\/www.sportingpedia.com\/wp-content\/uploads\/logos\/lg-bovada-logo.jpg\" width=\"110\" height=\"55\">\r\n\t\t\t<\/figure>\r\n\r\n\t\t\t<div>\r\n\t\t\t  \t<span class=\"bookie-name\">Bovada<\/span>\r\n\r\n\t\t\t  \t<span class=\"bookie-rating\">Rating: 4.8 <b>&starf;<\/b><\/span>\r\n\t\t\t<\/div>\r\n\t\t<\/a>\r\n\t<\/li>\r\n\t<li>\r\n\t\t<a rel=\"nofollow\" target=\"_blank\" href=\"\/out\/xbet?au&#x3D;138&amp;bp&#x3D;3\"<\/a>\r\n\t\t\t<figure>\r\n\t\t\t  \t<img decoding=\"async\" src=\"https:\/\/www.sportingpedia.com\/wp-content\/uploads\/logos\/lg-xbet-logo.jpg\" width=\"110\" height=\"55\">\r\n\t\t\t<\/figure>\r\n\r\n\t\t\t<div>\r\n\t\t\t  \t<span class=\"bookie-name\">XBet<\/span>\r\n\r\n\t\t\t  \t<span class=\"bookie-rating\">Rating: 4.7 <b>&starf;<\/b><\/span>\r\n\t\t\t<\/div>\r\n\t\t<\/a>\r\n\t<\/li>\r\n\t<li>\r\n\t\t<a rel=\"nofollow\" target=\"_blank\" href=\"\/out\/intertops?au&#x3D;138&amp;bp&#x3D;4\"<\/a>\r\n\t\t\t<figure>\r\n\t\t\t  \t<img decoding=\"async\" src=\"https:\/\/www.sportingpedia.com\/wp-content\/uploads\/logos\/lg-everygame-logo.webp\" width=\"110\" height=\"55\">\r\n\t\t\t<\/figure>\r\n\r\n\t\t\t<div>\r\n\t\t\t  \t<span class=\"bookie-name\">Everygame<\/span>\r\n\r\n\t\t\t  \t<span class=\"bookie-rating\">Rating: 4.6 <b>&starf;<\/b><\/span>\r\n\t\t\t<\/div>\r\n\t\t<\/a>\r\n\t<\/li>\r\n\t<li>\r\n\t\t<a rel=\"nofollow\" target=\"_blank\" href=\"\/out\/betusr?au&#x3D;138&amp;bp&#x3D;5\"<\/a>\r\n\t\t\t<figure>\r\n\t\t\t  \t<img decoding=\"async\" src=\"https:\/\/www.sportingpedia.com\/wp-content\/uploads\/logos\/lg-betusr-logo.jpg\" width=\"110\" height=\"55\">\r\n\t\t\t<\/figure>\r\n\r\n\t\t\t<div>\r\n\t\t\t  \t<span class=\"bookie-name\">BetUSR<\/span>\r\n\r\n\t\t\t  \t<span class=\"bookie-rating\">Rating: 4.5 <b>&starf;<\/b><\/span>\r\n\t\t\t<\/div>\r\n\t\t<\/a>\r\n\t<\/li>\r\n\t<li>\r\n\t\t<a rel=\"nofollow\" target=\"_blank\" href=\"\/out\/vave?au&#x3D;138&amp;bp&#x3D;6\"<\/a>\r\n\t\t\t<figure>\r\n\t\t\t  \t<img decoding=\"async\" src=\"https:\/\/www.sportingpedia.com\/wp-content\/uploads\/logos\/lg-vave-logo.webp\" width=\"110\" height=\"55\">\r\n\t\t\t<\/figure>\r\n\r\n\t\t\t<div>\r\n\t\t\t  \t<span class=\"bookie-name\">Vave<\/span>\r\n\r\n\t\t\t  \t<span class=\"bookie-rating\">Rating: 4.4 <b>&starf;<\/b><\/span>\r\n\t\t\t<\/div>\r\n\t\t<\/a>\r\n\t<\/li>\r\n<\/ol><script>\n  setTimeout(function(){\n    if(!document.getElementById('JasHAAffsaMosaAdsANa2i')) {\n      jQuery('a[target=\"_blank\"]').removeAttr('target');\n    }\n  }, 1000);\n<\/script>\n\n<h2 id=\"specifics\">Specifiche delle scommesse MMA in tempo reale<\/h2>\n<p><img decoding=\"async\" src=\"https:\/\/www.sportingpedia.com\/wp-content\/uploads\/2021\/02\/nfl-betting-accumulators_special-cases.svg\" alt=\"Specifiche\" width=\"300\" height=\"150\" class=\"alignleft size-full\" \/>La prima cosa che gli appassionati di scommesse MMA devono valutare \u00e8 il momento ideale per piazzare le proprie puntate. Possiamo affermare con certezza che il primo round dell&#8217;incontro pu\u00f2, in larga misura, preannunciare come si svolger\u00e0 il resto dell&#8217;evento. Se riesci a cogliere i primi segnali che i combattenti forniscono istintivamente (provare una presa specifica, sferrare un attacco esplosivo subito dopo il gong o proteggere in modo evidente una parte del corpo), avrai probabilmente <strong>le informazioni giuste per aiutarti a fare una scommessa vincente<\/strong>. Ci\u00f2 dimostra ancora una volta che le scommesse in diretta sulle arti marziali miste richiedono di analizzare rapidamente ci\u00f2 che sta accadendo davanti ai tuoi occhi. Se hai un buon intuito per i cambiamenti nell&#8217;equilibrio di forze e abilit\u00e0, le tue scommesse live possono risultare non solo emozionanti ma anche redditizie.<\/p>\n<p>Un&#8217;altra cosa da osservare durante il primo round di un incontro di MMA \u00e8 il ritmo dell&#8217;azione. \u00c8 una regola non scritta che, pi\u00f9 pesanti sono <strong>i combattenti, meno \u00e8 probabile che riescano a mantenere un ritmo veloce<\/strong>. Se stai guardando un incontro tra pesi massimi e noti che i due contendenti si lanciano nel combattimento in modo aggressivo fin dall&#8217;inizio, ti consigliamo di non scommettere su un esito deciso dai giudici. Una volta compreso questo, dovrai soltanto valutare abilit\u00e0 e stile degli avversari per prevedere l&#8217;esito pi\u00f9 probabile.<\/p>\n<p>Uno degli aspetti delle scommesse live che apprezziamo di pi\u00f9 \u00e8 la possibilit\u00e0 per gli scommettitori di adattare il proprio ragionamento a ci\u00f2 che vedono. Sebbene non accada molto spesso, a volte i combattenti si comportano nell&#8217;ottagono in modo completamente inaspettato e mettono in pratica strategie mai utilizzate prima. Se ci\u00f2 dovesse accadere in un incontro su cui hai piazzato una scommessa pre-gara, <strong>grazie alle scommesse in-play hai l&#8217;opportunit\u00e0 di coprire la tua puntata<\/strong>. Il fatto che le quote vengano aggiornate durante gli intervalli tra i round ti lascia tempo sufficiente per confrontare le offerte dei diversi bookmaker e piazzare la giocata dove la quota \u00e8 pi\u00f9 vantaggiosa. A seconda dell&#8217;entit\u00e0 della tua puntata, anche una differenza minima pu\u00f2 tradursi in una vincita sensibilmente pi\u00f9 alta.<\/p>\n<table class=\"previewTable\">\n<tr>\n<th colspan=\"6\">Mercato Vincente<\/th>\n<\/tr>\n<tr>\n<td><\/td>\n<td><strong>bet365<\/strong><\/td>\n<td><strong>Unibet<\/strong><\/td>\n<td><strong>SBK<\/strong><\/td>\n<td><strong>QuinnBet<\/strong><\/td>\n<td><strong>Betfair<\/strong><\/td>\n<\/tr>\n<tr>\n<td><strong>Alexander Volkanovski<\/strong><\/td>\n<td>-700<\/td>\n<td>-800<\/td>\n<td>-1000<\/td>\n<td>-650<\/td>\n<td>-500<\/td>\n<\/tr>\n<tr>\n<td><strong>Chan Sung Jung<\/strong><\/td>\n<td>500<\/td>\n<td>500<\/td>\n<td>450<\/td>\n<td>425<\/td>\n<td>560<\/td>\n<\/tr>\n<\/table>\n<p>Non esistono praticamente limiti agli schemi e alle tendenze che puoi utilizzare per aumentare le tue possibilit\u00e0 di ottenere vincite maggiori con le scommesse in-play. Se percepisci il momento giusto e piazzi le tue puntate nella fase adeguata del combattimento, potrai godere di un&#8217;esperienza di <strong>scommesse redditizie<\/strong>. Siamo convinti che i mercati disponibili per le giocate live si espanderanno e che, di conseguenza, strategie e opportunit\u00e0 di vincita aumenteranno.<\/p>\n<h2 id=\"top\">Caratteristiche dei migliori siti di scommesse live su MMA<\/h2>\n<p><img decoding=\"async\" src=\"https:\/\/www.sportingpedia.com\/wp-content\/uploads\/2021\/02\/boxing-betting_features.svg\" alt=\"Caratteristiche\" width=\"300\" class=\"alignleft\" \/>Se hai intenzione di iniziare a piazzare scommesse sulle arti marziali miste, \u00e8 di fondamentale importanza trovare un bookmaker online affidabile che si adatti alle tue preferenze e, al contempo, protegga i tuoi dati personali da accessi non autorizzati. Anche se non sono numerosi come nel calcio, esistono comunque diversi siti di scommesse su Internet che propongono <strong>incontri di MMA dell&#8217;UFC, Bellator e ONE Championship<\/strong>, oltre ad altre sigle promotrici. Il numero di operatori \u00e8 quindi sufficiente e, se verifichi alcuni elementi chiave, non dovrai scendere a compromessi.<\/p>\n<p>Per quanto riguarda le scommesse in-play, uno degli aspetti da considerare \u00e8 la <strong>selezione dei mercati<\/strong>. Come accennato sopra, i tipi di scommesse MMA disponibili live sono ancora scarsi, ma alcuni bookmaker vanno oltre e limitano il loro portafoglio al solo vincitore dell&#8217;incontro. Non vale la pena investire tempo e denaro con un operatore del genere, soprattutto considerando che ci sono siti di primo livello che ti permettono di puntare sul metodo di vittoria o sul round in cui si concluder\u00e0 il combattimento. \u00c8 consigliabile aprire un conto presso questo tipo di bookmaker anche se sei un principiante e intendi piazzare scommesse MMA standard. Con il tempo, acquisirai esperienza e vorrai mettere in pratica le tue conoscenze in forme di gioco pi\u00f9 complesse.<\/p>\n<p>La maggior parte degli appassionati di scommesse oggi preferisce <strong>utilizzare dispositivi mobili per piazzare puntate<\/strong>. In quest&#8217;ottica, rappresenta un notevole vantaggio se l&#8217;operatore ha sviluppato un&#8217;app <a href=\"https:\/\/www.sportingpedia.com\/it\/betting-apps\/\">di scommesse<\/a> dedicata che consenta agli utenti di divertirsi anche in movimento. Immagina che il prossimo evento numerato dell&#8217;UFC sia programmato per un giorno in cui sei in vacanza. Non sarebbe fantastico poter puntare sul tuo favorito dal comfort della tua camera d&#8217;albergo?<\/p>\n<p>Parlando di visione, non possiamo non menzionare una funzione senza la quale le scommesse in-play non sarebbero cos\u00ec emozionanti: il <strong>live streaming<\/strong>. Questo \u00e8 un aspetto che evidenzia la specificit\u00e0 dell&#8217;MMA. \u00c8 superfluo dire che i combattimenti pi\u00f9 spettacolari e richiesti si svolgono negli eventi numerati dell&#8217;UFC. Tuttavia, questi incontri sono trasmessi in pay-per-view, perci\u00f2 \u00e8 necessario pagare un importo per seguirli in tempo reale. \u00c8 quasi impossibile trovare uno streaming di alta qualit\u00e0 che permetta di guardare l&#8217;UFC online gratuitamente. Alcuni eventi di rango inferiore dell&#8217;<strong>Ultimate Fighting Championship<\/strong> sono per\u00f2 disponibili in live streaming presso determinati bookmaker, quindi vale la pena verificarlo quando scegli l&#8217;operatore. Se sei un appassionato scommettitore di MMA non troppo esigente e riesci a provare emozione anche per i combattimenti organizzati da altre promozioni, avrai maggiori probabilit\u00e0 di assistere alle battaglie gratuitamente. Le compagnie pi\u00f9 piccole ricorrono infatti al live streaming per far seguire i loro incontri a un pubblico pi\u00f9 ampio.<\/p>\n<h2 id=\"final\">Parole finali<\/h2>\n<p><img decoding=\"async\" src=\"\/wp-content\/uploads\/2022\/01\/conclusion.svg\" alt=\"conclusione\" width=\"300\" height=\"150\" class=\"alignleft size-full\" \/>Le scommesse live sulle arti marziali miste sono un ambito del gioco d&#8217;azzardo online ancora in via di sviluppo. Auspichiamo che i principali bookmaker online includano presto scommesse speciali nelle loro offerte live. Naturalmente, puntare mentre i combattimenti di MMA sono in corso comporta un certo grado di rischio, ma, con la preparazione adeguata e seguendo le raccomandazioni illustrate in questa guida, il rischio potrebbe valere la pena di essere corso. Il risultato ideale \u00e8 <strong>piazzare la puntata giusta al momento perfetto e godere di un profitto significativo<\/strong>.<\/p>\n","protected":false},"excerpt":{"rendered":"<p>L&#8217;industria del gioco d&#8217;azzardo ha compiuto un grande passo avanti alcuni anni fa, introducendo gradualmente la possibilit\u00e0 di scommettere in diretta. Come accade per ogni novit\u00e0, inizialmente gli scommettitori online erano molto cauti nei confronti delle scommesse live, ma oggigiorno \u00e8 difficile trovare qualcuno che non le abbia almeno provate. Le scommesse live MMA sono [&hellip;]<\/p>\n","protected":false},"author":8,"featured_media":0,"parent":115183,"menu_order":500,"comment_status":"closed","ping_status":"closed","template":"template-guide-page.php","meta":{"footnotes":""},"class_list":["post-115356","page","type-page","status-publish","hentry"],"yoast_head":"<!-- This site is optimized with the Yoast SEO plugin v26.6 - https:\/\/yoast.com\/wordpress\/plugins\/seo\/ -->\n<title>Scommesse Live e In-Play su MMA<\/title>\n<meta name=\"description\" content=\"Le scommesse in diretta MMA ti permettano di piazzare le tue scommesse una volta che il combattimento \u00e8 iniziato.\" \/>\n<meta name=\"robots\" content=\"index, follow, max-snippet:-1, max-image-preview:large, max-video-preview:-1\" \/>\n<link rel=\"canonical\" href=\"https:\/\/www.sportingpedia.com\/it\/mma-betting\/mma-live-in-play-betting\/\" \/>\n<meta property=\"og:locale\" content=\"it_IT\" \/>\n<meta property=\"og:type\" content=\"article\" \/>\n<meta property=\"og:title\" content=\"Scommesse Live e In-Play su MMA\" \/>\n<meta property=\"og:description\" content=\"Le scommesse in diretta MMA ti permettano di piazzare le tue scommesse una volta che il combattimento \u00e8 iniziato.\" \/>\n<meta property=\"og:url\" content=\"https:\/\/www.sportingpedia.com\/it\/mma-betting\/mma-live-in-play-betting\/\" \/>\n<meta property=\"og:site_name\" content=\"Sportingpedia - Latest Sports News From All Over the World\" \/>\n<meta property=\"article:modified_time\" content=\"2025-11-17T09:10:46+00:00\" \/>\n<meta property=\"og:image\" content=\"https:\/\/www.sportingpedia.com\/wp-content\/uploads\/2021\/02\/mma-betting_intro.svg\" \/>\n<meta name=\"twitter:card\" content=\"summary_large_image\" \/>\n<meta name=\"twitter:label1\" content=\"Tempo di lettura stimato\" \/>\n\t<meta name=\"twitter:data1\" content=\"7 minuti\" \/>\n<script type=\"application\/ld+json\" class=\"yoast-schema-graph\">{\"@context\":\"https:\/\/schema.org\",\"@graph\":[{\"@type\":\"WebPage\",\"@id\":\"https:\/\/www.sportingpedia.com\/it\/mma-betting\/mma-live-in-play-betting\/\",\"url\":\"https:\/\/www.sportingpedia.com\/it\/mma-betting\/mma-live-in-play-betting\/\",\"name\":\"Scommesse Live e In-Play su MMA\",\"isPartOf\":{\"@id\":\"https:\/\/www.sportingpedia.com\/it\/#website\"},\"primaryImageOfPage\":{\"@id\":\"https:\/\/www.sportingpedia.com\/it\/mma-betting\/mma-live-in-play-betting\/#primaryimage\"},\"image\":{\"@id\":\"https:\/\/www.sportingpedia.com\/it\/mma-betting\/mma-live-in-play-betting\/#primaryimage\"},\"thumbnailUrl\":\"https:\/\/www.sportingpedia.com\/wp-content\/uploads\/2021\/02\/mma-betting_intro.svg\",\"datePublished\":\"2025-04-10T06:57:21+00:00\",\"dateModified\":\"2025-11-17T09:10:46+00:00\",\"description\":\"Le scommesse in diretta MMA ti permettano di piazzare le tue scommesse una volta che il combattimento \u00e8 iniziato.\",\"breadcrumb\":{\"@id\":\"https:\/\/www.sportingpedia.com\/it\/mma-betting\/mma-live-in-play-betting\/#breadcrumb\"},\"inLanguage\":\"it-IT\",\"potentialAction\":[{\"@type\":\"ReadAction\",\"target\":[\"https:\/\/www.sportingpedia.com\/it\/mma-betting\/mma-live-in-play-betting\/\"]}]},{\"@type\":\"ImageObject\",\"inLanguage\":\"it-IT\",\"@id\":\"https:\/\/www.sportingpedia.com\/it\/mma-betting\/mma-live-in-play-betting\/#primaryimage\",\"url\":\"https:\/\/www.sportingpedia.com\/wp-content\/uploads\/2021\/02\/mma-betting_intro.svg\",\"contentUrl\":\"https:\/\/www.sportingpedia.com\/wp-content\/uploads\/2021\/02\/mma-betting_intro.svg\"},{\"@type\":\"BreadcrumbList\",\"@id\":\"https:\/\/www.sportingpedia.com\/it\/mma-betting\/mma-live-in-play-betting\/#breadcrumb\",\"itemListElement\":[{\"@type\":\"ListItem\",\"position\":1,\"name\":\"Home\",\"item\":\"https:\/\/www.sportingpedia.com\/it\/home-2\/\"},{\"@type\":\"ListItem\",\"position\":2,\"name\":\"Scommesse su MMA e UFC\",\"item\":\"https:\/\/www.sportingpedia.com\/it\/mma-betting\/\"},{\"@type\":\"ListItem\",\"position\":3,\"name\":\"Scommesse live e in-play su MMA\"}]},{\"@type\":\"WebSite\",\"@id\":\"https:\/\/www.sportingpedia.com\/it\/#website\",\"url\":\"https:\/\/www.sportingpedia.com\/it\/\",\"name\":\"Sportingpedia - Latest Sports News From All Over the World\",\"description\":\"\",\"publisher\":{\"@id\":\"https:\/\/www.sportingpedia.com\/it\/#organization\"},\"potentialAction\":[{\"@type\":\"SearchAction\",\"target\":{\"@type\":\"EntryPoint\",\"urlTemplate\":\"https:\/\/www.sportingpedia.com\/it\/?s={search_term_string}\"},\"query-input\":{\"@type\":\"PropertyValueSpecification\",\"valueRequired\":true,\"valueName\":\"search_term_string\"}}],\"inLanguage\":\"it-IT\"},{\"@type\":\"Organization\",\"@id\":\"https:\/\/www.sportingpedia.com\/it\/#organization\",\"name\":\"SportingPedia\",\"url\":\"https:\/\/www.sportingpedia.com\/it\/\",\"logo\":{\"@type\":\"ImageObject\",\"inLanguage\":\"it-IT\",\"@id\":\"https:\/\/www.sportingpedia.com\/it\/#\/schema\/logo\/image\/\",\"url\":\"https:\/\/www.sportingpedia.com\/wp-content\/uploads\/2019\/10\/SportingPedia_logo.png\",\"contentUrl\":\"https:\/\/www.sportingpedia.com\/wp-content\/uploads\/2019\/10\/SportingPedia_logo.png\",\"width\":600,\"height\":101,\"caption\":\"SportingPedia\"},\"image\":{\"@id\":\"https:\/\/www.sportingpedia.com\/it\/#\/schema\/logo\/image\/\"}}]}<\/script>\n<!-- \/ Yoast SEO plugin. -->","yoast_head_json":{"title":"Scommesse Live e In-Play su MMA","description":"Le scommesse in diretta MMA ti permettano di piazzare le tue scommesse una volta che il combattimento \u00e8 iniziato.","robots":{"index":"index","follow":"follow","max-snippet":"max-snippet:-1","max-image-preview":"max-image-preview:large","max-video-preview":"max-video-preview:-1"},"canonical":"https:\/\/www.sportingpedia.com\/it\/mma-betting\/mma-live-in-play-betting\/","og_locale":"it_IT","og_type":"article","og_title":"Scommesse Live e In-Play su MMA","og_description":"Le scommesse in diretta MMA ti permettano di piazzare le tue scommesse una volta che il combattimento \u00e8 iniziato.","og_url":"https:\/\/www.sportingpedia.com\/it\/mma-betting\/mma-live-in-play-betting\/","og_site_name":"Sportingpedia - Latest Sports News From All Over the World","article_modified_time":"2025-11-17T09:10:46+00:00","og_image":[{"url":"https:\/\/www.sportingpedia.com\/wp-content\/uploads\/2021\/02\/mma-betting_intro.svg","type":"","width":"","height":""}],"twitter_card":"summary_large_image","twitter_misc":{"Tempo di lettura stimato":"7 minuti"},"schema":{"@context":"https:\/\/schema.org","@graph":[{"@type":"WebPage","@id":"https:\/\/www.sportingpedia.com\/it\/mma-betting\/mma-live-in-play-betting\/","url":"https:\/\/www.sportingpedia.com\/it\/mma-betting\/mma-live-in-play-betting\/","name":"Scommesse Live e In-Play su MMA","isPartOf":{"@id":"https:\/\/www.sportingpedia.com\/it\/#website"},"primaryImageOfPage":{"@id":"https:\/\/www.sportingpedia.com\/it\/mma-betting\/mma-live-in-play-betting\/#primaryimage"},"image":{"@id":"https:\/\/www.sportingpedia.com\/it\/mma-betting\/mma-live-in-play-betting\/#primaryimage"},"thumbnailUrl":"https:\/\/www.sportingpedia.com\/wp-content\/uploads\/2021\/02\/mma-betting_intro.svg","datePublished":"2025-04-10T06:57:21+00:00","dateModified":"2025-11-17T09:10:46+00:00","description":"Le scommesse in diretta MMA ti permettano di piazzare le tue scommesse una volta che il combattimento \u00e8 iniziato.","breadcrumb":{"@id":"https:\/\/www.sportingpedia.com\/it\/mma-betting\/mma-live-in-play-betting\/#breadcrumb"},"inLanguage":"it-IT","potentialAction":[{"@type":"ReadAction","target":["https:\/\/www.sportingpedia.com\/it\/mma-betting\/mma-live-in-play-betting\/"]}]},{"@type":"ImageObject","inLanguage":"it-IT","@id":"https:\/\/www.sportingpedia.com\/it\/mma-betting\/mma-live-in-play-betting\/#primaryimage","url":"https:\/\/www.sportingpedia.com\/wp-content\/uploads\/2021\/02\/mma-betting_intro.svg","contentUrl":"https:\/\/www.sportingpedia.com\/wp-content\/uploads\/2021\/02\/mma-betting_intro.svg"},{"@type":"BreadcrumbList","@id":"https:\/\/www.sportingpedia.com\/it\/mma-betting\/mma-live-in-play-betting\/#breadcrumb","itemListElement":[{"@type":"ListItem","position":1,"name":"Home","item":"https:\/\/www.sportingpedia.com\/it\/home-2\/"},{"@type":"ListItem","position":2,"name":"Scommesse su MMA e UFC","item":"https:\/\/www.sportingpedia.com\/it\/mma-betting\/"},{"@type":"ListItem","position":3,"name":"Scommesse live e in-play su MMA"}]},{"@type":"WebSite","@id":"https:\/\/www.sportingpedia.com\/it\/#website","url":"https:\/\/www.sportingpedia.com\/it\/","name":"Sportingpedia - Latest Sports News From All Over the World","description":"","publisher":{"@id":"https:\/\/www.sportingpedia.com\/it\/#organization"},"potentialAction":[{"@type":"SearchAction","target":{"@type":"EntryPoint","urlTemplate":"https:\/\/www.sportingpedia.com\/it\/?s={search_term_string}"},"query-input":{"@type":"PropertyValueSpecification","valueRequired":true,"valueName":"search_term_string"}}],"inLanguage":"it-IT"},{"@type":"Organization","@id":"https:\/\/www.sportingpedia.com\/it\/#organization","name":"SportingPedia","url":"https:\/\/www.sportingpedia.com\/it\/","logo":{"@type":"ImageObject","inLanguage":"it-IT","@id":"https:\/\/www.sportingpedia.com\/it\/#\/schema\/logo\/image\/","url":"https:\/\/www.sportingpedia.com\/wp-content\/uploads\/2019\/10\/SportingPedia_logo.png","contentUrl":"https:\/\/www.sportingpedia.com\/wp-content\/uploads\/2019\/10\/SportingPedia_logo.png","width":600,"height":101,"caption":"SportingPedia"},"image":{"@id":"https:\/\/www.sportingpedia.com\/it\/#\/schema\/logo\/image\/"}}]}},"_links":{"self":[{"href":"https:\/\/www.sportingpedia.com\/it\/wp-json\/wp\/v2\/pages\/115356","targetHints":{"allow":["GET"]}}],"collection":[{"href":"https:\/\/www.sportingpedia.com\/it\/wp-json\/wp\/v2\/pages"}],"about":[{"href":"https:\/\/www.sportingpedia.com\/it\/wp-json\/wp\/v2\/types\/page"}],"author":[{"embeddable":true,"href":"https:\/\/www.sportingpedia.com\/it\/wp-json\/wp\/v2\/users\/8"}],"replies":[{"embeddable":true,"href":"https:\/\/www.sportingpedia.com\/it\/wp-json\/wp\/v2\/comments?post=115356"}],"version-history":[{"count":5,"href":"https:\/\/www.sportingpedia.com\/it\/wp-json\/wp\/v2\/pages\/115356\/revisions"}],"predecessor-version":[{"id":146282,"href":"https:\/\/www.sportingpedia.com\/it\/wp-json\/wp\/v2\/pages\/115356\/revisions\/146282"}],"up":[{"embeddable":true,"href":"https:\/\/www.sportingpedia.com\/it\/wp-json\/wp\/v2\/pages\/115183"}],"wp:attachment":[{"href":"https:\/\/www.sportingpedia.com\/it\/wp-json\/wp\/v2\/media?parent=115356"}],"curies":[{"name":"wp","href":"https:\/\/api.w.org\/{rel}","templated":true}]}}