{"id":115357,"date":"2025-04-10T06:57:21","date_gmt":"2025-04-10T06:57:21","guid":{"rendered":"https:\/\/www.sportingpedia.com\/?page_id=115357"},"modified":"2025-11-17T09:16:03","modified_gmt":"2025-11-17T09:16:03","slug":"mma-proposition-bets","status":"publish","type":"page","link":"https:\/\/www.sportingpedia.com\/it\/mma-betting\/mma-proposition-bets\/","title":{"rendered":"Scommesse Proposition MMA"},"content":{"rendered":"<p><img decoding=\"async\" src=\"\/wp-content\/uploads\/2021\/02\/nhl-betting_proposition-bets.svg\" alt=\"Scommesse Speciali MMA\" width=\"300\" class=\"alignleft\" \/>Se non sei pi\u00f9 un principiante nelle scommesse MMA, ma finora hai piazzato le tue giocate con denaro reale solo sui mercati di scommesse standard, forse \u00e8 il momento di <strong>aggiungere un ulteriore livello di emozione alla tua esperienza di scommessa<\/strong>. Il modo migliore per farlo \u00e8 scegliere fra le diverse scommesse speciali sull&#8217;MMA che la maggior parte delle moderne agenzie di scommesse online mette a disposizione dei propri utenti registrati.<\/p>\n<p>In generale, le scommesse speciali si riferiscono ad aspetti del match (nel nostro caso, un incontro di MMA) che non riguardano chi vincer\u00e0 l&#8217;evento. Prevedere il metodo di vittoria o il round esatto in cui un incontro terminer\u00e0 \u00e8 un compito piuttosto impegnativo e, di conseguenza, <strong>la scommessa vincente viene ricompensata con una vincita cospicua<\/strong>. Questo tipo di puntate, pi\u00f9 rischioso, richiede una conoscenza approfondita dello sport e un attento monitoraggio delle prestazioni dei singoli combattenti.<\/p>\n\n<p>L&#8217;accessibilit\u00e0 delle scommesse speciali sulle piattaforme di scommesse online non \u00e8 sempre stata cos\u00ec ampia come oggi. Tuttavia, la popolarit\u00e0 di questo coinvolgente modo di scommettere \u00e8 cresciuta rapidamente negli ultimi anni e <strong>le scommesse speciali sono diventate parte integrante dei portafogli dei bookmaker<\/strong>. Pi\u00f9 i combattenti sono famosi in un determinato incontro, maggiore \u00e8 la variet\u00e0 di scommesse speciali che gli scommettitori possono piazzare.<\/p>\n<ol class=\"bookies-grid\">\r\n\t<li>\r\n\t\t<a rel=\"nofollow\" target=\"_blank\" href=\"\/out\/mybookie?au&#x3D;138&amp;bp&#x3D;1\"<\/a>\r\n\t\t\t<figure>\r\n\t\t\t  \t<img decoding=\"async\" src=\"https:\/\/www.sportingpedia.com\/wp-content\/uploads\/logos\/lg-mybookie-logo.jpg\" width=\"110\" height=\"55\">\r\n\t\t\t<\/figure>\r\n\r\n\t\t\t<div>\r\n\t\t\t  \t<span class=\"bookie-name\">MyBookie<\/span>\r\n\r\n\t\t\t  \t<span class=\"bookie-rating\">Rating: 4.9 <b>&starf;<\/b><\/span>\r\n\t\t\t<\/div>\r\n\t\t<\/a>\r\n\t<\/li>\r\n\t<li>\r\n\t\t<a rel=\"nofollow\" target=\"_blank\" href=\"\/out\/bovada?au&#x3D;138&amp;bp&#x3D;2\"<\/a>\r\n\t\t\t<figure>\r\n\t\t\t  \t<img decoding=\"async\" src=\"https:\/\/www.sportingpedia.com\/wp-content\/uploads\/logos\/lg-bovada-logo.jpg\" width=\"110\" height=\"55\">\r\n\t\t\t<\/figure>\r\n\r\n\t\t\t<div>\r\n\t\t\t  \t<span class=\"bookie-name\">Bovada<\/span>\r\n\r\n\t\t\t  \t<span class=\"bookie-rating\">Rating: 4.8 <b>&starf;<\/b><\/span>\r\n\t\t\t<\/div>\r\n\t\t<\/a>\r\n\t<\/li>\r\n\t<li>\r\n\t\t<a rel=\"nofollow\" target=\"_blank\" href=\"\/out\/xbet?au&#x3D;138&amp;bp&#x3D;3\"<\/a>\r\n\t\t\t<figure>\r\n\t\t\t  \t<img decoding=\"async\" src=\"https:\/\/www.sportingpedia.com\/wp-content\/uploads\/logos\/lg-xbet-logo.jpg\" width=\"110\" height=\"55\">\r\n\t\t\t<\/figure>\r\n\r\n\t\t\t<div>\r\n\t\t\t  \t<span class=\"bookie-name\">XBet<\/span>\r\n\r\n\t\t\t  \t<span class=\"bookie-rating\">Rating: 4.7 <b>&starf;<\/b><\/span>\r\n\t\t\t<\/div>\r\n\t\t<\/a>\r\n\t<\/li>\r\n\t<li>\r\n\t\t<a rel=\"nofollow\" target=\"_blank\" href=\"\/out\/intertops?au&#x3D;138&amp;bp&#x3D;4\"<\/a>\r\n\t\t\t<figure>\r\n\t\t\t  \t<img decoding=\"async\" src=\"https:\/\/www.sportingpedia.com\/wp-content\/uploads\/logos\/lg-everygame-logo.webp\" width=\"110\" height=\"55\">\r\n\t\t\t<\/figure>\r\n\r\n\t\t\t<div>\r\n\t\t\t  \t<span class=\"bookie-name\">Everygame<\/span>\r\n\r\n\t\t\t  \t<span class=\"bookie-rating\">Rating: 4.6 <b>&starf;<\/b><\/span>\r\n\t\t\t<\/div>\r\n\t\t<\/a>\r\n\t<\/li>\r\n\t<li>\r\n\t\t<a rel=\"nofollow\" target=\"_blank\" href=\"\/out\/betusr?au&#x3D;138&amp;bp&#x3D;5\"<\/a>\r\n\t\t\t<figure>\r\n\t\t\t  \t<img decoding=\"async\" src=\"https:\/\/www.sportingpedia.com\/wp-content\/uploads\/logos\/lg-betusr-logo.jpg\" width=\"110\" height=\"55\">\r\n\t\t\t<\/figure>\r\n\r\n\t\t\t<div>\r\n\t\t\t  \t<span class=\"bookie-name\">BetUSR<\/span>\r\n\r\n\t\t\t  \t<span class=\"bookie-rating\">Rating: 4.5 <b>&starf;<\/b><\/span>\r\n\t\t\t<\/div>\r\n\t\t<\/a>\r\n\t<\/li>\r\n\t<li>\r\n\t\t<a rel=\"nofollow\" target=\"_blank\" href=\"\/out\/vave?au&#x3D;138&amp;bp&#x3D;6\"<\/a>\r\n\t\t\t<figure>\r\n\t\t\t  \t<img decoding=\"async\" src=\"https:\/\/www.sportingpedia.com\/wp-content\/uploads\/logos\/lg-vave-logo.webp\" width=\"110\" height=\"55\">\r\n\t\t\t<\/figure>\r\n\r\n\t\t\t<div>\r\n\t\t\t  \t<span class=\"bookie-name\">Vave<\/span>\r\n\r\n\t\t\t  \t<span class=\"bookie-rating\">Rating: 4.4 <b>&starf;<\/b><\/span>\r\n\t\t\t<\/div>\r\n\t\t<\/a>\r\n\t<\/li>\r\n<\/ol><script>\n  setTimeout(function(){\n    if(!document.getElementById('JasHAAffsaMosaAdsANa2i')) {\n      jQuery('a[target=\"_blank\"]').removeAttr('target');\n    }\n  }, 1000);\n<\/script>\n\n<h2 id=\"victory\">Scommessa sul Metodo di Vittoria<\/h2>\n<p><img decoding=\"async\" src=\"\/wp-content\/uploads\/2021\/02\/mma-betting_method-of-victory.svg\" alt=\"Scommessa sul Metodo di Vittoria\" width=\"300\" height=\"150\" class=\"alignleft size-full\" \/>Grazie alle scommesse prop, gli scommettitori online si immergono pi\u00f9 a fondo nell&#8217;azione delle arti marziali miste e, a volte, questo pu\u00f2 portare a tifare contro il combattente scelto se sta per vincere ma non con il metodo su cui hai puntato. \u00c8 proprio questo a rendere cos\u00ec intrigante il mondo delle scommesse proposition. Vediamo ora le <strong>specificit\u00e0 del mercato delle scommesse sul Metodo di Vittoria<\/strong>.<\/p>\n<div class=\"clear\"><\/div>\n<p>Il tipico incontro di MMA pu\u00f2 concludersi nei seguenti tre modi:<\/p>\n<ul>\n<li>Knockout (KO) o Knockout tecnico (TKO)<\/li>\n<li>Sottomissione<\/li>\n<li>Decisione dei giudici (punti)<\/li>\n<\/ul>\n<p>Mentre alcuni bookmaker online consentono agli appassionati di puntare su questa variante pi\u00f9 semplice della scommessa, la maggior parte dei <a href=\"https:\/\/www.sportingpedia.com\/it\/betting-sites\/\">migliori bookmaker<\/a> offre l&#8217;opzione pi\u00f9 interessante di prevedere non solo il metodo di vittoria, ma anche il combattente che la otterr\u00e0.<\/p>\n<table class=\"previewTable\">\n<tr>\n<th colspan=\"2\">Daniel Santos vs Julio Arce<\/th>\n<\/tr>\n<tr>\n<td><strong>Metodo di Vittoria<\/strong><\/td>\n<td><strong>Quote scommesse<\/strong><\/td>\n<\/tr>\n<tr>\n<td>Julio Arce ai punti<\/td>\n<td>155<\/td>\n<\/tr>\n<tr>\n<td>Daniel Santos ai punti<\/td>\n<td>340<\/td>\n<\/tr>\n<tr>\n<td>Julio Arce per sottomissione<\/td>\n<td>460<\/td>\n<\/tr>\n<tr>\n<td>Daniel Santos per KO\/TKO<\/td>\n<td>500<\/td>\n<\/tr>\n<tr>\n<td>Julio Arce per KO\/TKO<\/td>\n<td>500<\/td>\n<\/tr>\n<tr>\n<td>Daniel Santos per sottomissione<\/td>\n<td>1200<\/td>\n<\/tr>\n<tr>\n<td>Pareggio<\/td>\n<td>5000<\/td>\n<\/tr>\n<\/table>\n<p>La tabella sopra mostra le quote attualmente disponibili per il mercato del Metodo di Vittoria nel <strong>combattimento tra Daniel Santos e Julio Arce a UFC 273<\/strong>, in programma il 9 aprile 2022. L&#8217;esempio indica chiaramente che l&#8217;esito pi\u00f9 probabile \u00e8 la vittoria di Arce ai punti. La vittoria di uno dei due per knockout o knockout tecnico ha quote meno vantaggiose, il che riflette il modo in cui, di solito, concludono i loro incontri di MMA.<\/p>\n<p>Un altro fattore che incide sulla probabilit\u00e0 dell&#8217;esito \u00e8 lo stile di combattimento di ciascun atleta. Ecco perch\u00e9 \u00e8 importante dedicare tempo a esaminare da vicino tutti i possibili dettagli. Analizzare i dati statistici \u00e8 sempre utile, ma <strong>aver visto abbastanza incontri dei due avversari pu\u00f2 rivelarsi l&#8217;asso nella manica<\/strong>. Molti lottatori di MMA hanno precedentemente gareggiato in Brazilian jiu jitsu, kickboxing, wrestling, Muay Thai e altre discipline. Anche questa informazione pu\u00f2 aiutarti a stimare correttamente come \u00e8 pi\u00f9 probabile che l&#8217;incontro si concluda.<\/p>\n<h2 id=\"round\">Scommesse sui round di MMA<\/h2>\n<p><img decoding=\"async\" src=\"\/wp-content\/uploads\/2021\/02\/mma-betting_round-betting.svg\" alt=\"Scommesse sui Round\" width=\"300\" class=\"alignleft\" \/>Una forma popolare di scommessa sulle arti marziali miste \u00e8 piazzare la tua <strong>puntata sul round esatto in cui il combattimento finir\u00e0<\/strong>. Puoi trovare questo tipo di scommessa in diverse varianti, ognuna delle quali \u00e8 pi\u00f9 difficile da prevedere della precedente. Ecco le opzioni offerte dai bookmaker online in tutto il mondo:<\/p>\n<div class=\"clear\"><\/div>\n<ul>\n<li>Scommessa base sul round<\/li>\n<li>Scommessa Round + vincitore<\/li>\n<li>Scommessa Round + vincitore + metodo<\/li>\n<\/ul>\n<p>Pi\u00f9 componenti ha una scommessa sul round, pi\u00f9 elevata sar\u00e0 la potenziale vincita. Nella tabella sottostante puoi vedere le <strong>quote per le scommesse sui round<\/strong> del combattimento tra Aljamain Sterling e Petr Yan, sempre a UFC 273. Per comodit\u00e0 di spiegazione abbiamo selezionato solo i mercati che riguardano il Round 1.<\/p>\n<table class=\"previewTable\">\n<tr>\n<th colspan=\"2\">Aljamain Sterling vs Petr Yan<\/th>\n<\/tr>\n<tr>\n<td><strong>Mercato delle Scommesse<\/strong><\/td>\n<td><strong>Quote delle Scommesse<\/strong><\/td>\n<\/tr>\n<tr>\n<td>Aljamain Sterling nel Round 1<\/td>\n<td>+2.000 (21,0)<\/td>\n<\/tr>\n<tr>\n<td>Petr Yan nel Round 1<\/td>\n<td>+450 (5,5)<\/td>\n<\/tr>\n<tr>\n<td>Aljamain Sterling per KO\/TKO nel Round 1<\/td>\n<td>+4.500 (46,0)<\/td>\n<\/tr>\n<tr>\n<td>Petr Yan per KO\/TKO nel Round 1<\/td>\n<td>+500 (6,0)<\/td>\n<\/tr>\n<tr>\n<td>Aljamain Sterling per sottomissione nel Round 1<\/td>\n<td>+2.800 (29,0)<\/td>\n<\/tr>\n<tr>\n<td>Petr Yan per sottomissione nel Round 1<\/td>\n<td>+2.000 (21,0)<\/td>\n<\/tr>\n<tr>\n<td>Vincita nel Round 1<\/td>\n<td>+400 (5,0)<\/td>\n<\/tr>\n<\/table>\n<p>Come avrai notato, i numeri variano notevolmente a seconda della puntata scelta. In caso di previsione vincente, <strong>con una puntata di 50 \u20ac, puoi aggiungere 200 \u20ac al tuo budget<\/strong> se scommetti solo sul round vincente, oppure 1.000 \u20ac se credi che Petr Yan vincer\u00e0 per sottomissione nel Round 1. Tuttavia, non farti ingannare da pagamenti allettanti e non puntare su combinazioni quasi impossibili. Assicurati di basare le tue previsioni su informazioni sostanziali e rilevanti, non su fattori soggettivi come la personalit\u00e0 del combattente, l&#8217;eventuale vincita elevata o l&#8217;emotivit\u00e0 del momento. Molto probabilmente esiste una valida ragione per quote dell&#8217;ordine di +4.500 (46,0) ed \u00e8 poco saggio rischiare i tuoi fondi su una selezione simile.<\/p>\n<p>Ricorda che, a causa della difficolt\u00e0 della forma pi\u00f9 complessa di scommesse sui round di MMA, l&#8217;interesse degli scommettitori non \u00e8 sempre elevato e alcuni bookmaker online non l&#8217;hanno inclusa fra i mercati disponibili. Come per altri aspetti delle arti marziali miste, <strong>la disponibilit\u00e0 di tipi di scommessa per un certo combattimento dipende in larga misura dal suo status e dalla popolarit\u00e0 dei combattenti<\/strong>.<\/p>\n<h2 id=\"final\">Consigli per le scommesse online sui prop di MMA<\/h2>\n<p><img decoding=\"async\" src=\"\/wp-content\/uploads\/2021\/02\/nfl-betting-value-betting_tips.svg\" alt=\"Consigli per le scommesse sui prop di MMA\" width=\"300\" height=\"150\" class=\"alignleft size-full\" \/>Non esiste una scommessa facile n\u00e9 un guadagno garantito. Gli analisti di settore spesso sottolineano che scommettere sugli incontri di MMA \u00e8 pi\u00f9 semplice rispetto agli sport di squadra, poich\u00e9 ci sono meno fattori da considerare. Sebbene ci\u00f2 sia in parte vero, quando si tenta di piazzare scommesse prop le cose si complicano. Vale comunque la pena ricordare che <strong>i prop di MMA offrono ottime opportunit\u00e0 di rendimenti elevati<\/strong>. Premesso che non esistono principi universali n\u00e9 una strategia sempre vincente, abbiamo raccolto alcuni consigli di base per le scommesse prop sull&#8217;MMA che possono aiutarti ad aumentare le probabilit\u00e0 di successo.<\/p>\n<p><strong>Concentrati sulla ricerca e sull&#8217;analisi, non sull&#8217;emotivit\u00e0<\/strong>. Siamo certi che tu lo sappia, ma lo ribadiamo: non \u00e8 una buona idea scommettere su un combattente solo perch\u00e9 ne sei un grande fan. Potrebbe essere l&#8217;atleta pi\u00f9 carismatico mai visto nell&#8217;ottagono e aver avuto un inizio di carriera impressionante, ma se non ha vinto un solo incontro nell&#8217;ultimo anno, vale davvero la pena rischiare i tuoi soldi?<\/p>\n<p>Non diciamo che un combattente del genere non possa vincere, ma basare la puntata su un&#8217;analisi approfondita \u00e8 sempre preferibile. Ad esempio, il rivale del tuo favorito potrebbe aver mostrato una forma migliore nei mesi precedenti al match, ma essersi infortunato durante l&#8217;allenamento. Se pensi che l&#8217;altro pugile possa approfittarne e mettere a segno un knockout all&#8217;inizio del combattimento, provaci. Considerata la natura di questo sport, <strong>gli incontri vengono spesso decisi da esplosivit\u00e0 e dinamismo pi\u00f9 che da strategia<\/strong>. La linea di demarcazione tra vittoria e sconfitta \u00e8 sottile e combattere in modo perfetto per tutto il match \u00e8 incredibilmente difficile. Una conoscenza dettagliata dello stile dei combattenti, della condizione fisica e della resistenza pu\u00f2 essere utile sia per le scommesse sul Metodo di Vittoria sia per quelle sul Round.<\/p>\n<p>Sappiamo che piazzare scommesse prop sull&#8217;MMA \u00e8 entusiasmante, ma non c&#8217;\u00e8 motivo di esagerare. In altre parole, non cogliere ogni opzione che incontri e, soprattutto, <strong>considera lo shopping delle linee un elemento fondamentale della tua esperienza di scommessa<\/strong>. Questa strategia \u00e8 utile per qualsiasi tipo di mercato, ma nelle scommesse prop di MMA pu\u00f2 davvero fare la differenza. Come nel <a href=\"https:\/\/www.sportingpedia.com\/boxing-betting\/introduction-to-online-boxing-betting\/\">pugilato<\/a>, anche nell&#8217;MMA talvolta esistono discrepanze significative fra le varie piattaforme in termini di quote. Pertanto, \u00e8 consigliabile aprire conti presso diversi bookmaker affidabili, in modo da poter sfruttare un&#8217;opportunit\u00e0 preziosa quando si presenta.<\/p>\n<h2 id=\"conclusion\">Conclusione<\/h2>\n<p><img decoding=\"async\" src=\"\/wp-content\/uploads\/2022\/01\/conclusion.svg\" alt=\"conclusion\" width=\"300\" height=\"150\" class=\"alignleft size-full\" \/><strong>Le scommesse prop rappresentano probabilmente la forma pi\u00f9 impegnativa di scommessa sugli eventi di arti marziali miste<\/strong>, consentendo agli appassionati pi\u00f9 esperti di mettere alla prova le proprie conoscenze e, potenzialmente, trasformarle in denaro. Fortunatamente, questa tipologia non \u00e8 pi\u00f9 un&#8217;eccezione e online esistono numerosi bookmaker affidabili fra cui scegliere. Prima di intraprendere questa avventura, valuta attentamente le tue abilit\u00e0. Se non ti senti ancora sicuro della tua padronanza, continua a familiarizzare con i vari aspetti dello sport, inizia con i tipi di scommesse pi\u00f9 semplici e torna alla nostra guida alle scommesse online sull&#8217;MMA ogni volta che hai bisogno di un ripasso.<\/p>\n","protected":false},"excerpt":{"rendered":"<p>Se non sei pi\u00f9 un principiante nelle scommesse MMA, ma finora hai piazzato le tue giocate con denaro reale solo sui mercati di scommesse standard, forse \u00e8 il momento di aggiungere un ulteriore livello di emozione alla tua esperienza di scommessa. Il modo migliore per farlo \u00e8 scegliere fra le diverse scommesse speciali sull&#8217;MMA che [&hellip;]<\/p>\n","protected":false},"author":8,"featured_media":0,"parent":115183,"menu_order":400,"comment_status":"closed","ping_status":"closed","template":"template-guide-page.php","meta":{"footnotes":""},"class_list":["post-115357","page","type-page","status-publish","hentry"],"yoast_head":"<!-- This site is optimized with the Yoast SEO plugin v26.6 - https:\/\/yoast.com\/wordpress\/plugins\/seo\/ -->\n<title>Scommesse Prop nella MMA - Consigli e Strategie<\/title>\n<meta name=\"description\" content=\"Le scommesse sulle proposte si riferiscono ad aspetti dell&#039;incontro di MMA che non hanno nulla a che fare con chi vince l&#039;evento particolare. Prevedere il metodo di vittoria o il round esatto in cui un combattimento terminer\u00e0 \u00e8 un compito piuttosto impegnativo e, in modo abbastanza logico, la scommessa vincente viene ricompensata con una vincita redditizia.\" \/>\n<meta name=\"robots\" content=\"index, follow, max-snippet:-1, max-image-preview:large, max-video-preview:-1\" \/>\n<link rel=\"canonical\" href=\"https:\/\/www.sportingpedia.com\/it\/mma-betting\/mma-proposition-bets\/\" \/>\n<meta property=\"og:locale\" content=\"it_IT\" \/>\n<meta property=\"og:type\" content=\"article\" \/>\n<meta property=\"og:title\" content=\"Scommesse Prop nella MMA - Consigli e Strategie\" \/>\n<meta property=\"og:description\" content=\"Le scommesse sulle proposte si riferiscono ad aspetti dell&#039;incontro di MMA che non hanno nulla a che fare con chi vince l&#039;evento particolare. Prevedere il metodo di vittoria o il round esatto in cui un combattimento terminer\u00e0 \u00e8 un compito piuttosto impegnativo e, in modo abbastanza logico, la scommessa vincente viene ricompensata con una vincita redditizia.\" \/>\n<meta property=\"og:url\" content=\"https:\/\/www.sportingpedia.com\/it\/mma-betting\/mma-proposition-bets\/\" \/>\n<meta property=\"og:site_name\" content=\"Sportingpedia - Latest Sports News From All Over the World\" \/>\n<meta property=\"article:modified_time\" content=\"2025-11-17T09:16:03+00:00\" \/>\n<meta name=\"twitter:card\" content=\"summary_large_image\" \/>\n<meta name=\"twitter:label1\" content=\"Tempo di lettura stimato\" \/>\n\t<meta name=\"twitter:data1\" content=\"8 minuti\" \/>\n<script type=\"application\/ld+json\" class=\"yoast-schema-graph\">{\"@context\":\"https:\/\/schema.org\",\"@graph\":[{\"@type\":\"WebPage\",\"@id\":\"https:\/\/www.sportingpedia.com\/it\/mma-betting\/mma-proposition-bets\/\",\"url\":\"https:\/\/www.sportingpedia.com\/it\/mma-betting\/mma-proposition-bets\/\",\"name\":\"Scommesse Prop nella MMA - Consigli e Strategie\",\"isPartOf\":{\"@id\":\"https:\/\/www.sportingpedia.com\/it\/#website\"},\"datePublished\":\"2025-04-10T06:57:21+00:00\",\"dateModified\":\"2025-11-17T09:16:03+00:00\",\"description\":\"Le scommesse sulle proposte si riferiscono ad aspetti dell'incontro di MMA che non hanno nulla a che fare con chi vince l'evento particolare. Prevedere il metodo di vittoria o il round esatto in cui un combattimento terminer\u00e0 \u00e8 un compito piuttosto impegnativo e, in modo abbastanza logico, la scommessa vincente viene ricompensata con una vincita redditizia.\",\"breadcrumb\":{\"@id\":\"https:\/\/www.sportingpedia.com\/it\/mma-betting\/mma-proposition-bets\/#breadcrumb\"},\"inLanguage\":\"it-IT\",\"potentialAction\":[{\"@type\":\"ReadAction\",\"target\":[\"https:\/\/www.sportingpedia.com\/it\/mma-betting\/mma-proposition-bets\/\"]}]},{\"@type\":\"BreadcrumbList\",\"@id\":\"https:\/\/www.sportingpedia.com\/it\/mma-betting\/mma-proposition-bets\/#breadcrumb\",\"itemListElement\":[{\"@type\":\"ListItem\",\"position\":1,\"name\":\"Home\",\"item\":\"https:\/\/www.sportingpedia.com\/it\/home-2\/\"},{\"@type\":\"ListItem\",\"position\":2,\"name\":\"Scommesse su MMA e UFC\",\"item\":\"https:\/\/www.sportingpedia.com\/it\/mma-betting\/\"},{\"@type\":\"ListItem\",\"position\":3,\"name\":\"Scommesse Proposition MMA\"}]},{\"@type\":\"WebSite\",\"@id\":\"https:\/\/www.sportingpedia.com\/it\/#website\",\"url\":\"https:\/\/www.sportingpedia.com\/it\/\",\"name\":\"Sportingpedia - Latest Sports News From All Over the World\",\"description\":\"\",\"publisher\":{\"@id\":\"https:\/\/www.sportingpedia.com\/it\/#organization\"},\"potentialAction\":[{\"@type\":\"SearchAction\",\"target\":{\"@type\":\"EntryPoint\",\"urlTemplate\":\"https:\/\/www.sportingpedia.com\/it\/?s={search_term_string}\"},\"query-input\":{\"@type\":\"PropertyValueSpecification\",\"valueRequired\":true,\"valueName\":\"search_term_string\"}}],\"inLanguage\":\"it-IT\"},{\"@type\":\"Organization\",\"@id\":\"https:\/\/www.sportingpedia.com\/it\/#organization\",\"name\":\"SportingPedia\",\"url\":\"https:\/\/www.sportingpedia.com\/it\/\",\"logo\":{\"@type\":\"ImageObject\",\"inLanguage\":\"it-IT\",\"@id\":\"https:\/\/www.sportingpedia.com\/it\/#\/schema\/logo\/image\/\",\"url\":\"https:\/\/www.sportingpedia.com\/wp-content\/uploads\/2019\/10\/SportingPedia_logo.png\",\"contentUrl\":\"https:\/\/www.sportingpedia.com\/wp-content\/uploads\/2019\/10\/SportingPedia_logo.png\",\"width\":600,\"height\":101,\"caption\":\"SportingPedia\"},\"image\":{\"@id\":\"https:\/\/www.sportingpedia.com\/it\/#\/schema\/logo\/image\/\"}}]}<\/script>\n<!-- \/ Yoast SEO plugin. -->","yoast_head_json":{"title":"Scommesse Prop nella MMA - Consigli e Strategie","description":"Le scommesse sulle proposte si riferiscono ad aspetti dell'incontro di MMA che non hanno nulla a che fare con chi vince l'evento particolare. Prevedere il metodo di vittoria o il round esatto in cui un combattimento terminer\u00e0 \u00e8 un compito piuttosto impegnativo e, in modo abbastanza logico, la scommessa vincente viene ricompensata con una vincita redditizia.","robots":{"index":"index","follow":"follow","max-snippet":"max-snippet:-1","max-image-preview":"max-image-preview:large","max-video-preview":"max-video-preview:-1"},"canonical":"https:\/\/www.sportingpedia.com\/it\/mma-betting\/mma-proposition-bets\/","og_locale":"it_IT","og_type":"article","og_title":"Scommesse Prop nella MMA - Consigli e Strategie","og_description":"Le scommesse sulle proposte si riferiscono ad aspetti dell'incontro di MMA che non hanno nulla a che fare con chi vince l'evento particolare. Prevedere il metodo di vittoria o il round esatto in cui un combattimento terminer\u00e0 \u00e8 un compito piuttosto impegnativo e, in modo abbastanza logico, la scommessa vincente viene ricompensata con una vincita redditizia.","og_url":"https:\/\/www.sportingpedia.com\/it\/mma-betting\/mma-proposition-bets\/","og_site_name":"Sportingpedia - Latest Sports News From All Over the World","article_modified_time":"2025-11-17T09:16:03+00:00","twitter_card":"summary_large_image","twitter_misc":{"Tempo di lettura stimato":"8 minuti"},"schema":{"@context":"https:\/\/schema.org","@graph":[{"@type":"WebPage","@id":"https:\/\/www.sportingpedia.com\/it\/mma-betting\/mma-proposition-bets\/","url":"https:\/\/www.sportingpedia.com\/it\/mma-betting\/mma-proposition-bets\/","name":"Scommesse Prop nella MMA - Consigli e Strategie","isPartOf":{"@id":"https:\/\/www.sportingpedia.com\/it\/#website"},"datePublished":"2025-04-10T06:57:21+00:00","dateModified":"2025-11-17T09:16:03+00:00","description":"Le scommesse sulle proposte si riferiscono ad aspetti dell'incontro di MMA che non hanno nulla a che fare con chi vince l'evento particolare. Prevedere il metodo di vittoria o il round esatto in cui un combattimento terminer\u00e0 \u00e8 un compito piuttosto impegnativo e, in modo abbastanza logico, la scommessa vincente viene ricompensata con una vincita redditizia.","breadcrumb":{"@id":"https:\/\/www.sportingpedia.com\/it\/mma-betting\/mma-proposition-bets\/#breadcrumb"},"inLanguage":"it-IT","potentialAction":[{"@type":"ReadAction","target":["https:\/\/www.sportingpedia.com\/it\/mma-betting\/mma-proposition-bets\/"]}]},{"@type":"BreadcrumbList","@id":"https:\/\/www.sportingpedia.com\/it\/mma-betting\/mma-proposition-bets\/#breadcrumb","itemListElement":[{"@type":"ListItem","position":1,"name":"Home","item":"https:\/\/www.sportingpedia.com\/it\/home-2\/"},{"@type":"ListItem","position":2,"name":"Scommesse su MMA e UFC","item":"https:\/\/www.sportingpedia.com\/it\/mma-betting\/"},{"@type":"ListItem","position":3,"name":"Scommesse Proposition MMA"}]},{"@type":"WebSite","@id":"https:\/\/www.sportingpedia.com\/it\/#website","url":"https:\/\/www.sportingpedia.com\/it\/","name":"Sportingpedia - Latest Sports News From All Over the World","description":"","publisher":{"@id":"https:\/\/www.sportingpedia.com\/it\/#organization"},"potentialAction":[{"@type":"SearchAction","target":{"@type":"EntryPoint","urlTemplate":"https:\/\/www.sportingpedia.com\/it\/?s={search_term_string}"},"query-input":{"@type":"PropertyValueSpecification","valueRequired":true,"valueName":"search_term_string"}}],"inLanguage":"it-IT"},{"@type":"Organization","@id":"https:\/\/www.sportingpedia.com\/it\/#organization","name":"SportingPedia","url":"https:\/\/www.sportingpedia.com\/it\/","logo":{"@type":"ImageObject","inLanguage":"it-IT","@id":"https:\/\/www.sportingpedia.com\/it\/#\/schema\/logo\/image\/","url":"https:\/\/www.sportingpedia.com\/wp-content\/uploads\/2019\/10\/SportingPedia_logo.png","contentUrl":"https:\/\/www.sportingpedia.com\/wp-content\/uploads\/2019\/10\/SportingPedia_logo.png","width":600,"height":101,"caption":"SportingPedia"},"image":{"@id":"https:\/\/www.sportingpedia.com\/it\/#\/schema\/logo\/image\/"}}]}},"_links":{"self":[{"href":"https:\/\/www.sportingpedia.com\/it\/wp-json\/wp\/v2\/pages\/115357","targetHints":{"allow":["GET"]}}],"collection":[{"href":"https:\/\/www.sportingpedia.com\/it\/wp-json\/wp\/v2\/pages"}],"about":[{"href":"https:\/\/www.sportingpedia.com\/it\/wp-json\/wp\/v2\/types\/page"}],"author":[{"embeddable":true,"href":"https:\/\/www.sportingpedia.com\/it\/wp-json\/wp\/v2\/users\/8"}],"replies":[{"embeddable":true,"href":"https:\/\/www.sportingpedia.com\/it\/wp-json\/wp\/v2\/comments?post=115357"}],"version-history":[{"count":3,"href":"https:\/\/www.sportingpedia.com\/it\/wp-json\/wp\/v2\/pages\/115357\/revisions"}],"predecessor-version":[{"id":146285,"href":"https:\/\/www.sportingpedia.com\/it\/wp-json\/wp\/v2\/pages\/115357\/revisions\/146285"}],"up":[{"embeddable":true,"href":"https:\/\/www.sportingpedia.com\/it\/wp-json\/wp\/v2\/pages\/115183"}],"wp:attachment":[{"href":"https:\/\/www.sportingpedia.com\/it\/wp-json\/wp\/v2\/media?parent=115357"}],"curies":[{"name":"wp","href":"https:\/\/api.w.org\/{rel}","templated":true}]}}