{"id":115360,"date":"2025-04-10T06:57:21","date_gmt":"2025-04-10T06:57:21","guid":{"rendered":"https:\/\/www.sportingpedia.com\/?page_id=115360"},"modified":"2025-11-17T10:21:51","modified_gmt":"2025-11-17T10:21:51","slug":"us-open-betting-guide","status":"publish","type":"page","link":"https:\/\/www.sportingpedia.com\/it\/tennis-betting\/us-open-betting-guide\/","title":{"rendered":"Guida alle Scommesse US Open"},"content":{"rendered":"<p><img decoding=\"async\" src=\"https:\/\/www.sportingpedia.com\/wp-content\/uploads\/2021\/02\/tennis-betting_intro.svg\" alt=\"Siti di Scommesse sul Tennis\" width=\"300\" class=\"alignleft\">Gli US Open sono l&#8217;ultimo grande evento tennistico dell&#8217;anno e, oltre a suscitare un notevole interesse tra gli spettatori, generano <strong>un&#8217;intensa attivit\u00e0 di scommesse online<\/strong>. Poich\u00e9 la stragrande maggioranza delle puntate sul tennis si concentra sui tornei del Grande Slam, non sorprende che questa nicchia nell&#8217;arena delle scommesse sportive online sia ben rappresentata dai principali operatori, i quali offrono un ricco ventaglio di mercati per le scommesse sugli US Open. I migliori bookmaker hanno persino istituito una sezione separata per gli US Open all&#8217;interno della funzione di live streaming dei loro siti web.<\/p>\n\n<p>Oltre al prestigio di vincere un torneo del Grande Slam, ci\u00f2 che spinge i migliori tennisti del mondo a competere sui campi di Flushing Meadows-Corona Park, nel Queens di New York, \u00e8 l&#8217;<strong>impressionante montepremi<\/strong> dell&#8217;evento. Secondo gli ultimi dati ufficiali pubblicati dagli organizzatori degli US Open, ciascuno dei vincitori dei singolari maschile e femminile ricever\u00e0 2.500.000 \u20ac, mentre per il doppio il premio \u00e8 di 660.000 \u20ac e per il doppio misto di 160.000 \u20ac. La struttura del torneo prevede anche competizioni junior, senior e in sedia a rotelle. Una tale organizzazione assicura un&#8217;abbondanza di partite su cui scommettere. Prima di addentrarci nei dettagli delle scommesse sugli US Open e nei nostri <strong>consigli per le scommesse sul tennis<\/strong>, impariamo qualcosa sul torneo stesso.<\/p>\n<ol class=\"bookies-grid\">\r\n\t<li>\r\n\t\t<a rel=\"nofollow\" target=\"_blank\" href=\"\/out\/mybookie?au&#x3D;138&amp;bp&#x3D;1\"<\/a>\r\n\t\t\t<figure>\r\n\t\t\t  \t<img decoding=\"async\" src=\"https:\/\/www.sportingpedia.com\/wp-content\/uploads\/logos\/lg-mybookie-logo.jpg\" width=\"110\" height=\"55\">\r\n\t\t\t<\/figure>\r\n\r\n\t\t\t<div>\r\n\t\t\t  \t<span class=\"bookie-name\">MyBookie<\/span>\r\n\r\n\t\t\t  \t<span class=\"bookie-rating\">Rating: 4.9 <b>&starf;<\/b><\/span>\r\n\t\t\t<\/div>\r\n\t\t<\/a>\r\n\t<\/li>\r\n\t<li>\r\n\t\t<a rel=\"nofollow\" target=\"_blank\" href=\"\/out\/bovada?au&#x3D;138&amp;bp&#x3D;2\"<\/a>\r\n\t\t\t<figure>\r\n\t\t\t  \t<img decoding=\"async\" src=\"https:\/\/www.sportingpedia.com\/wp-content\/uploads\/logos\/lg-bovada-logo.jpg\" width=\"110\" height=\"55\">\r\n\t\t\t<\/figure>\r\n\r\n\t\t\t<div>\r\n\t\t\t  \t<span class=\"bookie-name\">Bovada<\/span>\r\n\r\n\t\t\t  \t<span class=\"bookie-rating\">Rating: 4.8 <b>&starf;<\/b><\/span>\r\n\t\t\t<\/div>\r\n\t\t<\/a>\r\n\t<\/li>\r\n\t<li>\r\n\t\t<a rel=\"nofollow\" target=\"_blank\" href=\"\/out\/xbet?au&#x3D;138&amp;bp&#x3D;3\"<\/a>\r\n\t\t\t<figure>\r\n\t\t\t  \t<img decoding=\"async\" src=\"https:\/\/www.sportingpedia.com\/wp-content\/uploads\/logos\/lg-xbet-logo.jpg\" width=\"110\" height=\"55\">\r\n\t\t\t<\/figure>\r\n\r\n\t\t\t<div>\r\n\t\t\t  \t<span class=\"bookie-name\">XBet<\/span>\r\n\r\n\t\t\t  \t<span class=\"bookie-rating\">Rating: 4.7 <b>&starf;<\/b><\/span>\r\n\t\t\t<\/div>\r\n\t\t<\/a>\r\n\t<\/li>\r\n\t<li>\r\n\t\t<a rel=\"nofollow\" target=\"_blank\" href=\"\/out\/intertops?au&#x3D;138&amp;bp&#x3D;4\"<\/a>\r\n\t\t\t<figure>\r\n\t\t\t  \t<img decoding=\"async\" src=\"https:\/\/www.sportingpedia.com\/wp-content\/uploads\/logos\/lg-everygame-logo.webp\" width=\"110\" height=\"55\">\r\n\t\t\t<\/figure>\r\n\r\n\t\t\t<div>\r\n\t\t\t  \t<span class=\"bookie-name\">Everygame<\/span>\r\n\r\n\t\t\t  \t<span class=\"bookie-rating\">Rating: 4.6 <b>&starf;<\/b><\/span>\r\n\t\t\t<\/div>\r\n\t\t<\/a>\r\n\t<\/li>\r\n\t<li>\r\n\t\t<a rel=\"nofollow\" target=\"_blank\" href=\"\/out\/betusr?au&#x3D;138&amp;bp&#x3D;5\"<\/a>\r\n\t\t\t<figure>\r\n\t\t\t  \t<img decoding=\"async\" src=\"https:\/\/www.sportingpedia.com\/wp-content\/uploads\/logos\/lg-betusr-logo.jpg\" width=\"110\" height=\"55\">\r\n\t\t\t<\/figure>\r\n\r\n\t\t\t<div>\r\n\t\t\t  \t<span class=\"bookie-name\">BetUSR<\/span>\r\n\r\n\t\t\t  \t<span class=\"bookie-rating\">Rating: 4.5 <b>&starf;<\/b><\/span>\r\n\t\t\t<\/div>\r\n\t\t<\/a>\r\n\t<\/li>\r\n\t<li>\r\n\t\t<a rel=\"nofollow\" target=\"_blank\" href=\"\/out\/vave?au&#x3D;138&amp;bp&#x3D;6\"<\/a>\r\n\t\t\t<figure>\r\n\t\t\t  \t<img decoding=\"async\" src=\"https:\/\/www.sportingpedia.com\/wp-content\/uploads\/logos\/lg-vave-logo.webp\" width=\"110\" height=\"55\">\r\n\t\t\t<\/figure>\r\n\r\n\t\t\t<div>\r\n\t\t\t  \t<span class=\"bookie-name\">Vave<\/span>\r\n\r\n\t\t\t  \t<span class=\"bookie-rating\">Rating: 4.4 <b>&starf;<\/b><\/span>\r\n\t\t\t<\/div>\r\n\t\t<\/a>\r\n\t<\/li>\r\n<\/ol><script>\n  setTimeout(function(){\n    if(!document.getElementById('JasHAAffsaMosaAdsANa2i')) {\n      jQuery('a[target=\"_blank\"]').removeAttr('target');\n    }\n  }, 1000);\n<\/script>\n\n<h2 id=\"history\">Storia e caratteristiche degli US Open<\/h2>\n<p><img decoding=\"async\" src=\"https:\/\/www.sportingpedia.com\/wp-content\/uploads\/2021\/01\/background-history-of-sports-betting.svg\" alt=\"Storia e Caratteristiche degli US Open\" class=\"alignleft size-medium wp-image-23574\" \/>Gli United States Open Tennis Championships, o semplicemente US Open come tutti lo conosciamo, iniziano l&#8217;ultimo luned\u00ec di agosto di ogni anno e durano due settimane complete. All&#8217;inizio della loro esistenza il torneo si disputava in diverse localit\u00e0 e su superfici differenti: erba dal 1881 al 1974 e terra battuta dal 1975 al 1977. Dal 1978 la casa degli US Open \u00e8 l&#8217;attuale USTA Billie Jean King National Tennis Center, che ospita i <strong>cinque principali campionati: singolare maschile e femminile, doppio maschile e femminile e doppio misto<\/strong>. La superficie dei campi \u00e8 dura, costituita da uno strato acrilico su asfalto o cemento. Non \u00e8 sorprendente che si menzioni il tipo di superficie, poich\u00e9 rappresenta un fattore importante nelle previsioni di scommessa. Discuteremo la questione pi\u00f9 avanti in questo articolo della nostra <a href=\"https:\/\/www.sportingpedia.com\/it\/tennis-betting\/\">guida alle scommesse sul tennis<\/a>.<\/p>\n<p>Gli US Open non sono solo un grande evento sportivo, ma anche <strong>un&#8217;attrazione mediatica, turistica e per il gioco d&#8217;azzardo<\/strong>. Il torneo si gioca su 22 campi all&#8217;aperto e i tre principali sono l&#8217;Arthur Ashe Stadium, il Louis Armstrong Stadium e il Grandstand Stadium. Il primo, il pi\u00f9 grande, prende il nome da Arthur Ashe, che nella sua carriera ha vinto tre titoli importanti: US Open (1968), Australian Open (1970) e Wimbledon (1975). Il fatto che tutti i campi siano illuminati aumenta l&#8217;attrattiva del torneo, poich\u00e9 consente di disputare incontri in notturna.<\/p>\n<p>Nel 2005 gli organizzatori hanno introdotto un cambiamento interessante, poi seguito da molti colleghi in tutto il mondo. <strong>Tutti i campi interni sono stati verniciati di blu<\/strong>, colore che non solo facilita il monitoraggio della palla da parte di giocatori, spettatori e arbitri, ma \u00e8 anche considerato pi\u00f9 adatto dal punto di vista del branding. Nel tentativo di rendere i colori un elemento distintivo del tour, sono state presentate domande di registrazione del marchio per US Open Blue (77416359; 87854002) e US Open Green (87854014). Con questa firma visiva la USTA \u00e8 riuscita a promuovere anche i tornei di livello inferiore: quando lo spettatore medio riconosce quel particolare colore capisce subito che l&#8217;evento fa parte della serie US Open.<\/p>\n<h2 id=\"markets\">Struttura del torneo e mercati di scommesse popolari<\/h2>\n<p><img decoding=\"async\" src=\"https:\/\/www.sportingpedia.com\/wp-content\/uploads\/2021\/03\/mobile-sports-betting-app_banking.svg\" alt=\"Struttura del Torneo e Mercati di Scommesse Popolari\" width=\"300\" class=\"alignleft size-medium wp-image-26382\" \/> In generale, la struttura degli US Open non differisce in modo significativo da quella degli altri Slam. Comprende <strong>otto turni a eliminazione diretta per un totale di 128 giocatori nei singolari maschile e femminile<\/strong>. Nel torneo maschile le partite terminano quando uno dei giocatori vince tre set su cinque, mentre per le donne e nei doppi si giocano due set su tre. Dopo diversi cambiamenti nel corso degli anni, la finale femminile si disputa ora sempre l&#8217;ultimo sabato della competizione, mentre la finale maschile va in scena il giorno successivo.<\/p>\n<p>Fino a poco tempo fa, le regole degli US Open prevedevano un tie-break a 12 punti da giocare sul 6-6 nel set decisivo, una politica leggermente diversa da quella adottata dagli Australian Open, dal Roland Garros e da Wimbledon. Tuttavia, il 17 marzo 2022 il Grand Slam Board, composto dai rappresentanti dei quattro tornei del Grande Slam, ha annunciato l&#8217;introduzione di <strong>una prova di tie-break a 10 punti da giocare sul 6-6 nel set finale<\/strong>. L&#8217;obiettivo \u00e8 garantire maggiore coerenza tra i quattro grandi eventi tennistici. Resta da vedere come sar\u00e0 accolta la nuova regola, ma crediamo che migliorer\u00e0 l&#8217;esperienza di giocatori, tifosi e scommettitori.<\/p>\n<p>Per quanto riguarda i mercati delle scommesse sul tennis, probabilmente il pi\u00f9 popolare \u00e8 l&#8217;opzione <strong>Vincitore assoluto<\/strong>. Conosciuta anche come Futures, con questo tipo di puntata devi prevedere il vincitore dell&#8217;intero torneo. Quanto prima piazzi la scommessa rispetto all&#8217;evento, tanto pi\u00f9 alte saranno le quote. Ad esempio, quattro mesi prima degli US Open 2022 il favorito per il titolo maschile \u00e8 Novak Djokovic con quota 2,38 (+138). Se disputer\u00e0 una buona stagione senza infortuni, alla vigilia del torneo le sue quote scenderanno di certo. Tenendo presente quanto raramente siano redditizie le quote dei favoriti, non aspettare l&#8217;ultimo momento. Alcuni bookmaker permettono anche di scommettere sul <strong>giocatore che raggiunger\u00e0 la finale<\/strong>.<\/p>\n<p>Ecco un elenco completo dei campioni degli US Open degli ultimi dieci anni:<\/p>\n<table class=\"previewTable\">\n<tr>\n<th colspan=\"3\">Elenco dei Campioni Singolari degli US Open<\/th>\n<\/tr>\n<tr>\n<th>Anno<\/th>\n<th>Uomini<\/th>\n<th>Donne<\/th>\n<\/tr>\n<tr>\n<td>2012<\/td>\n<td>Andy Murray<\/td>\n<td>Serena Williams<\/td>\n<\/tr>\n<tr>\n<td>2013<\/td>\n<td>Rafael Nadal<\/td>\n<td>Serena Williams<\/td>\n<\/tr>\n<tr>\n<td>2014<\/td>\n<td>Marin Cilic<\/td>\n<td>Serena Williams<\/td>\n<\/tr>\n<tr>\n<td>2015<\/td>\n<td>Novak Djokovic<\/td>\n<td>Flavia Pennetta<\/td>\n<\/tr>\n<tr>\n<td>2016<\/td>\n<td>Stan Wawrinka<\/td>\n<td>Angelique Kerber<\/td>\n<\/tr>\n<tr>\n<td>2017<\/td>\n<td>Rafael Nadal<\/td>\n<td>Sloane Stephens<\/td>\n<\/tr>\n<tr>\n<td>2018<\/td>\n<td>Novak Djokovic<\/td>\n<td>Naomi Osaka<\/td>\n<\/tr>\n<tr>\n<td>2019<\/td>\n<td>Rafael Nadal<\/td>\n<td>Bianca Andreescu<\/td>\n<\/tr>\n<tr>\n<td>2020<\/td>\n<td>Dominic Thiem<\/td>\n<td>Naomi Osaka<\/td>\n<\/tr>\n<tr>\n<td>2021<\/td>\n<td>Daniil Medvedev<\/td>\n<td>Emma Raducanu<\/td>\n<\/tr>\n<\/table>\n<p>Poich\u00e9 gli US Open sono uno dei quattro tornei pi\u00f9 importanti in calendario, <strong>non c&#8217;\u00e8 praticamente alcuna limitazione al numero di mercati di scommesse disponibili<\/strong> presso i bookmaker online. Oltre alla scommessa Vincitore assoluto gi\u00e0 menzionata, gli appassionati di tennis possono mettere alla prova le loro capacit\u00e0 di previsione su un&#8217;ampia selezione di mercati partita, tra cui, ma non solo, 1&#215;2, Handicap, Tie-Break S\u00ec\/No, Totale giochi, Giocatore a vincere un set, Set a zero ecc.<\/p>\n<h2 id=\"tips\">Consigli base per scommesse US Open<\/h2>\n<p><img decoding=\"async\" src=\"https:\/\/www.sportingpedia.com\/wp-content\/uploads\/2021\/02\/nfl-betting-how-to-calculate_betting-exchanges.svg\" alt=\"Basic US Open Betting Tips\" width=\"300\" class=\"alignleft size-medium wp-image-25421\" \/>Con centinaia di opzioni di scommessa disponibili per ogni partita degli US Open, il torneo offre sicuramente <strong>molte opportunit\u00e0 per incrementare il tuo capitale<\/strong>. \u00c8 fondamentale seguire i consigli generali per scommettere con successo sul tennis, spiegati in dettaglio nell&#8217;articolo introduttivo di questa guida. Il minimo indispensabile da ricordare \u00e8 cercare valore in ogni puntata, non piazzare troppe scommesse contemporaneamente e, naturalmente, non lasciarsi guidare dalle emozioni.<\/p>\n<p>Se desideri aumentare ulteriormente le probabilit\u00e0 di piazzare scommesse vincenti su questo torneo, ti invitiamo a considerare alcuni aspetti specifici. La storia ha dimostrato che <strong>i campioni tendono a ripetersi<\/strong>. Prendiamo Novak Djokovic: la tabella sopra mostra che ha conquistato il titolo due volte negli ultimi dieci anni, ma non dice che \u00e8 stato finalista in altre quattro occasioni (2012, 2013, 2016 e 2021), quindi ha disputato la finale maschile sei volte su dieci. Le statistiche sono simili per Serena Williams, presente in cinque finali, tre delle quali vinte (2012, 2013 e 2014).<\/p>\n<p>Torniamo alla superficie di gioco. I campi in cemento richiedono uno stile complesso, quindi evita di puntare su tennisti che siano specialisti esclusivi di una certa superficie, come l&#8217;erba. Cerca giocatori che possano vantare <strong>un servizio potente, aggressivit\u00e0 nel produrre colpi vincenti e, non da ultimo, un&#8217;eccellente tecnica difensiva<\/strong>. Non basarti soltanto sulle abilit\u00e0 complessive: gli US Open sono l&#8217;ultimo Grand Slam dell&#8217;anno. \u00c8 possibile che alcuni atleti abbiano accumulato fatica durante la stagione o stiano ancora recuperando da un infortunio. Ecco un consiglio atipico ma utile: \u00e8 estremamente difficile mantenere la forma fisica al top per tutto l&#8217;anno, quindi, se qualcuno ha vinto l&#8217;Australian Open, non \u00e8 quasi mai una buona idea puntare su di lui o su di lei anche agli US Open (a meno che non si chiami Novak Djokovic). Analizza l&#8217;intera stagione tennistica e poi decidi quale scommessa piazzare.<\/p>\n<h2 id=\"conclusion\">Conclusione<\/h2>\n<p><img decoding=\"async\" src=\"https:\/\/www.sportingpedia.com\/wp-content\/uploads\/2021\/02\/nfl-betting-edit-bet_conclusion.svg\" alt=\"Conclusion\" width=\"300\" class=\"alignleft size-medium wp-image-25408\" \/>Dei quattro Grand Slam, l&#8217;US Open \u00e8 l&#8217;unico torneo disputato ogni anno senza interruzioni sin dalla sua istituzione. \u00c8 stato il teatro di <strong>alcuni dei match pi\u00f9 impressionanti della storia del tennis<\/strong>, come quelli tra John McEnroe e Bjorn Borg, Martina Navratilova e Chris Evert, Steffi Graf e Monica Seles, Pete Sampras e Andre Agassi, con quest&#8217;ultimo che ha scelto di concludere la propria magnifica carriera proprio a Flushing Meadows. Anche la nostra epoca ha i suoi eroi del tennis, che non vediamo l&#8217;ora di applaudire a New York ogni anno. Indubbiamente, gli United States Open Tennis Championships rappresentano una meta ambita per gli appassionati di scommesse online di tutto il mondo. Se sei gi\u00e0 fra questi devoti, esplora attentamente la nostra guida alle scommesse e prova a puntare sugli US Open.<\/p>\n","protected":false},"excerpt":{"rendered":"<p>Gli US Open sono l&#8217;ultimo grande evento tennistico dell&#8217;anno e, oltre a suscitare un notevole interesse tra gli spettatori, generano un&#8217;intensa attivit\u00e0 di scommesse online. Poich\u00e9 la stragrande maggioranza delle puntate sul tennis si concentra sui tornei del Grande Slam, non sorprende che questa nicchia nell&#8217;arena delle scommesse sportive online sia ben rappresentata dai principali [&hellip;]<\/p>\n","protected":false},"author":1,"featured_media":0,"parent":115185,"menu_order":200,"comment_status":"closed","ping_status":"closed","template":"template-guide-page.php","meta":{"footnotes":""},"class_list":["post-115360","page","type-page","status-publish","hentry"],"yoast_head":"<!-- This site is optimized with the Yoast SEO plugin v26.6 - https:\/\/yoast.com\/wordpress\/plugins\/seo\/ -->\n<title>Guida alle Scommesse US Open - Come scommettere sul tennis degli US Open<\/title>\n<meta name=\"description\" content=\"Con centinaia di opzioni di scommessa disponibili per ogni partita di tennis degli US Open, il torneo offre certamente molte possibilit\u00e0 di aggiungere soldi al tuo bankroll.\" \/>\n<meta name=\"robots\" content=\"index, follow, max-snippet:-1, max-image-preview:large, max-video-preview:-1\" \/>\n<link rel=\"canonical\" href=\"https:\/\/www.sportingpedia.com\/it\/tennis-betting\/us-open-betting-guide\/\" \/>\n<meta property=\"og:locale\" content=\"it_IT\" \/>\n<meta property=\"og:type\" content=\"article\" \/>\n<meta property=\"og:title\" content=\"Guida alle Scommesse US Open - Come scommettere sul tennis degli US Open\" \/>\n<meta property=\"og:description\" content=\"Con centinaia di opzioni di scommessa disponibili per ogni partita di tennis degli US Open, il torneo offre certamente molte possibilit\u00e0 di aggiungere soldi al tuo bankroll.\" \/>\n<meta property=\"og:url\" content=\"https:\/\/www.sportingpedia.com\/it\/tennis-betting\/us-open-betting-guide\/\" \/>\n<meta property=\"og:site_name\" content=\"Sportingpedia - Latest Sports News From All Over the World\" \/>\n<meta property=\"article:modified_time\" content=\"2025-11-17T10:21:51+00:00\" \/>\n<meta property=\"og:image\" content=\"https:\/\/www.sportingpedia.com\/wp-content\/uploads\/2021\/02\/tennis-betting_intro.svg\" \/>\n<meta name=\"twitter:card\" content=\"summary_large_image\" \/>\n<meta name=\"twitter:label1\" content=\"Tempo di lettura stimato\" \/>\n\t<meta name=\"twitter:data1\" content=\"9 minuti\" \/>\n<script type=\"application\/ld+json\" class=\"yoast-schema-graph\">{\"@context\":\"https:\/\/schema.org\",\"@graph\":[{\"@type\":\"WebPage\",\"@id\":\"https:\/\/www.sportingpedia.com\/it\/tennis-betting\/us-open-betting-guide\/\",\"url\":\"https:\/\/www.sportingpedia.com\/it\/tennis-betting\/us-open-betting-guide\/\",\"name\":\"Guida alle Scommesse US Open - Come scommettere sul tennis degli US Open\",\"isPartOf\":{\"@id\":\"https:\/\/www.sportingpedia.com\/it\/#website\"},\"primaryImageOfPage\":{\"@id\":\"https:\/\/www.sportingpedia.com\/it\/tennis-betting\/us-open-betting-guide\/#primaryimage\"},\"image\":{\"@id\":\"https:\/\/www.sportingpedia.com\/it\/tennis-betting\/us-open-betting-guide\/#primaryimage\"},\"thumbnailUrl\":\"https:\/\/www.sportingpedia.com\/wp-content\/uploads\/2021\/02\/tennis-betting_intro.svg\",\"datePublished\":\"2025-04-10T06:57:21+00:00\",\"dateModified\":\"2025-11-17T10:21:51+00:00\",\"description\":\"Con centinaia di opzioni di scommessa disponibili per ogni partita di tennis degli US Open, il torneo offre certamente molte possibilit\u00e0 di aggiungere soldi al tuo bankroll.\",\"breadcrumb\":{\"@id\":\"https:\/\/www.sportingpedia.com\/it\/tennis-betting\/us-open-betting-guide\/#breadcrumb\"},\"inLanguage\":\"it-IT\",\"potentialAction\":[{\"@type\":\"ReadAction\",\"target\":[\"https:\/\/www.sportingpedia.com\/it\/tennis-betting\/us-open-betting-guide\/\"]}]},{\"@type\":\"ImageObject\",\"inLanguage\":\"it-IT\",\"@id\":\"https:\/\/www.sportingpedia.com\/it\/tennis-betting\/us-open-betting-guide\/#primaryimage\",\"url\":\"https:\/\/www.sportingpedia.com\/wp-content\/uploads\/2021\/02\/tennis-betting_intro.svg\",\"contentUrl\":\"https:\/\/www.sportingpedia.com\/wp-content\/uploads\/2021\/02\/tennis-betting_intro.svg\"},{\"@type\":\"BreadcrumbList\",\"@id\":\"https:\/\/www.sportingpedia.com\/it\/tennis-betting\/us-open-betting-guide\/#breadcrumb\",\"itemListElement\":[{\"@type\":\"ListItem\",\"position\":1,\"name\":\"Home\",\"item\":\"https:\/\/www.sportingpedia.com\/it\/home-2\/\"},{\"@type\":\"ListItem\",\"position\":2,\"name\":\"Scommesse sul Tennis\",\"item\":\"https:\/\/www.sportingpedia.com\/it\/tennis-betting\/\"},{\"@type\":\"ListItem\",\"position\":3,\"name\":\"Guida alle Scommesse US Open\"}]},{\"@type\":\"WebSite\",\"@id\":\"https:\/\/www.sportingpedia.com\/it\/#website\",\"url\":\"https:\/\/www.sportingpedia.com\/it\/\",\"name\":\"Sportingpedia - Latest Sports News From All Over the World\",\"description\":\"\",\"publisher\":{\"@id\":\"https:\/\/www.sportingpedia.com\/it\/#organization\"},\"potentialAction\":[{\"@type\":\"SearchAction\",\"target\":{\"@type\":\"EntryPoint\",\"urlTemplate\":\"https:\/\/www.sportingpedia.com\/it\/?s={search_term_string}\"},\"query-input\":{\"@type\":\"PropertyValueSpecification\",\"valueRequired\":true,\"valueName\":\"search_term_string\"}}],\"inLanguage\":\"it-IT\"},{\"@type\":\"Organization\",\"@id\":\"https:\/\/www.sportingpedia.com\/it\/#organization\",\"name\":\"SportingPedia\",\"url\":\"https:\/\/www.sportingpedia.com\/it\/\",\"logo\":{\"@type\":\"ImageObject\",\"inLanguage\":\"it-IT\",\"@id\":\"https:\/\/www.sportingpedia.com\/it\/#\/schema\/logo\/image\/\",\"url\":\"https:\/\/www.sportingpedia.com\/wp-content\/uploads\/2019\/10\/SportingPedia_logo.png\",\"contentUrl\":\"https:\/\/www.sportingpedia.com\/wp-content\/uploads\/2019\/10\/SportingPedia_logo.png\",\"width\":600,\"height\":101,\"caption\":\"SportingPedia\"},\"image\":{\"@id\":\"https:\/\/www.sportingpedia.com\/it\/#\/schema\/logo\/image\/\"}}]}<\/script>\n<!-- \/ Yoast SEO plugin. -->","yoast_head_json":{"title":"Guida alle Scommesse US Open - Come scommettere sul tennis degli US Open","description":"Con centinaia di opzioni di scommessa disponibili per ogni partita di tennis degli US Open, il torneo offre certamente molte possibilit\u00e0 di aggiungere soldi al tuo bankroll.","robots":{"index":"index","follow":"follow","max-snippet":"max-snippet:-1","max-image-preview":"max-image-preview:large","max-video-preview":"max-video-preview:-1"},"canonical":"https:\/\/www.sportingpedia.com\/it\/tennis-betting\/us-open-betting-guide\/","og_locale":"it_IT","og_type":"article","og_title":"Guida alle Scommesse US Open - Come scommettere sul tennis degli US Open","og_description":"Con centinaia di opzioni di scommessa disponibili per ogni partita di tennis degli US Open, il torneo offre certamente molte possibilit\u00e0 di aggiungere soldi al tuo bankroll.","og_url":"https:\/\/www.sportingpedia.com\/it\/tennis-betting\/us-open-betting-guide\/","og_site_name":"Sportingpedia - Latest Sports News From All Over the World","article_modified_time":"2025-11-17T10:21:51+00:00","og_image":[{"url":"https:\/\/www.sportingpedia.com\/wp-content\/uploads\/2021\/02\/tennis-betting_intro.svg","type":"","width":"","height":""}],"twitter_card":"summary_large_image","twitter_misc":{"Tempo di lettura stimato":"9 minuti"},"schema":{"@context":"https:\/\/schema.org","@graph":[{"@type":"WebPage","@id":"https:\/\/www.sportingpedia.com\/it\/tennis-betting\/us-open-betting-guide\/","url":"https:\/\/www.sportingpedia.com\/it\/tennis-betting\/us-open-betting-guide\/","name":"Guida alle Scommesse US Open - Come scommettere sul tennis degli US Open","isPartOf":{"@id":"https:\/\/www.sportingpedia.com\/it\/#website"},"primaryImageOfPage":{"@id":"https:\/\/www.sportingpedia.com\/it\/tennis-betting\/us-open-betting-guide\/#primaryimage"},"image":{"@id":"https:\/\/www.sportingpedia.com\/it\/tennis-betting\/us-open-betting-guide\/#primaryimage"},"thumbnailUrl":"https:\/\/www.sportingpedia.com\/wp-content\/uploads\/2021\/02\/tennis-betting_intro.svg","datePublished":"2025-04-10T06:57:21+00:00","dateModified":"2025-11-17T10:21:51+00:00","description":"Con centinaia di opzioni di scommessa disponibili per ogni partita di tennis degli US Open, il torneo offre certamente molte possibilit\u00e0 di aggiungere soldi al tuo bankroll.","breadcrumb":{"@id":"https:\/\/www.sportingpedia.com\/it\/tennis-betting\/us-open-betting-guide\/#breadcrumb"},"inLanguage":"it-IT","potentialAction":[{"@type":"ReadAction","target":["https:\/\/www.sportingpedia.com\/it\/tennis-betting\/us-open-betting-guide\/"]}]},{"@type":"ImageObject","inLanguage":"it-IT","@id":"https:\/\/www.sportingpedia.com\/it\/tennis-betting\/us-open-betting-guide\/#primaryimage","url":"https:\/\/www.sportingpedia.com\/wp-content\/uploads\/2021\/02\/tennis-betting_intro.svg","contentUrl":"https:\/\/www.sportingpedia.com\/wp-content\/uploads\/2021\/02\/tennis-betting_intro.svg"},{"@type":"BreadcrumbList","@id":"https:\/\/www.sportingpedia.com\/it\/tennis-betting\/us-open-betting-guide\/#breadcrumb","itemListElement":[{"@type":"ListItem","position":1,"name":"Home","item":"https:\/\/www.sportingpedia.com\/it\/home-2\/"},{"@type":"ListItem","position":2,"name":"Scommesse sul Tennis","item":"https:\/\/www.sportingpedia.com\/it\/tennis-betting\/"},{"@type":"ListItem","position":3,"name":"Guida alle Scommesse US Open"}]},{"@type":"WebSite","@id":"https:\/\/www.sportingpedia.com\/it\/#website","url":"https:\/\/www.sportingpedia.com\/it\/","name":"Sportingpedia - Latest Sports News From All Over the World","description":"","publisher":{"@id":"https:\/\/www.sportingpedia.com\/it\/#organization"},"potentialAction":[{"@type":"SearchAction","target":{"@type":"EntryPoint","urlTemplate":"https:\/\/www.sportingpedia.com\/it\/?s={search_term_string}"},"query-input":{"@type":"PropertyValueSpecification","valueRequired":true,"valueName":"search_term_string"}}],"inLanguage":"it-IT"},{"@type":"Organization","@id":"https:\/\/www.sportingpedia.com\/it\/#organization","name":"SportingPedia","url":"https:\/\/www.sportingpedia.com\/it\/","logo":{"@type":"ImageObject","inLanguage":"it-IT","@id":"https:\/\/www.sportingpedia.com\/it\/#\/schema\/logo\/image\/","url":"https:\/\/www.sportingpedia.com\/wp-content\/uploads\/2019\/10\/SportingPedia_logo.png","contentUrl":"https:\/\/www.sportingpedia.com\/wp-content\/uploads\/2019\/10\/SportingPedia_logo.png","width":600,"height":101,"caption":"SportingPedia"},"image":{"@id":"https:\/\/www.sportingpedia.com\/it\/#\/schema\/logo\/image\/"}}]}},"_links":{"self":[{"href":"https:\/\/www.sportingpedia.com\/it\/wp-json\/wp\/v2\/pages\/115360","targetHints":{"allow":["GET"]}}],"collection":[{"href":"https:\/\/www.sportingpedia.com\/it\/wp-json\/wp\/v2\/pages"}],"about":[{"href":"https:\/\/www.sportingpedia.com\/it\/wp-json\/wp\/v2\/types\/page"}],"author":[{"embeddable":true,"href":"https:\/\/www.sportingpedia.com\/it\/wp-json\/wp\/v2\/users\/1"}],"replies":[{"embeddable":true,"href":"https:\/\/www.sportingpedia.com\/it\/wp-json\/wp\/v2\/comments?post=115360"}],"version-history":[{"count":4,"href":"https:\/\/www.sportingpedia.com\/it\/wp-json\/wp\/v2\/pages\/115360\/revisions"}],"predecessor-version":[{"id":146336,"href":"https:\/\/www.sportingpedia.com\/it\/wp-json\/wp\/v2\/pages\/115360\/revisions\/146336"}],"up":[{"embeddable":true,"href":"https:\/\/www.sportingpedia.com\/it\/wp-json\/wp\/v2\/pages\/115185"}],"wp:attachment":[{"href":"https:\/\/www.sportingpedia.com\/it\/wp-json\/wp\/v2\/media?parent=115360"}],"curies":[{"name":"wp","href":"https:\/\/api.w.org\/{rel}","templated":true}]}}