{"id":115394,"date":"2025-04-10T06:57:33","date_gmt":"2025-04-10T06:57:33","guid":{"rendered":"https:\/\/www.sportingpedia.com\/?page_id=115394"},"modified":"2025-11-13T14:21:03","modified_gmt":"2025-11-13T14:21:03","slug":"casino-deposit","status":"publish","type":"page","link":"https:\/\/www.sportingpedia.com\/it\/casino-deposit\/","title":{"rendered":"Metodi di pagamento sui casin\u00f2 online"},"content":{"rendered":"<p>Ti stai chiedendo quale soluzione di pagamento utilizzare sul tuo sito di gioco d&#8217;azzardo preferito? Se s\u00ec, SportingPedia \u00e8 qui per aiutarti a prendere la decisione giusta. L&#8217;elevato numero di metodi di pagamento offerti dagli operatori di gioco d&#8217;azzardo online potrebbe risultare, per dirla con un eufemismo, schiacciante.<\/p>\n<p>Non preoccuparti! Siamo qui per aiutarti con articoli completi sulle soluzioni di pagamento pi\u00f9 diffuse che i giocatori possono utilizzare per trasferire fondi da e verso i loro conti nei casin\u00f2 online. Ogni articolo propone un elenco dei migliori casin\u00f2 online presso i quali puoi utilizzare il relativo metodo, consentendoti di scegliere con facilit\u00e0 senza perdere tempo in ricerche.<\/p>\n<div class=\"grid-fixed-thumbnails\">    <div class=\"row\">\n            <a class=\"col-12 col-sm-6 col-md-4 child-page-thumbnail-wrapper\" href=\"https:\/\/www.sportingpedia.com\/it\/casino-deposit\/apple-pay-online-casinos\/\">\n            <div class=\"col-12 text-center child-page-thumbnail\">\n                <img decoding=\"async\" src=\"https:\/\/www.sportingpedia.com\/wp-content\/uploads\/2023\/01\/apple-pay.webp\" \/>\n                Casin\u00f2 con Apple Pay            <\/div>\n        <\/a>\n                    <a class=\"col-12 col-sm-6 col-md-4 child-page-thumbnail-wrapper\" href=\"https:\/\/www.sportingpedia.com\/it\/casino-deposit\/astropay-online-casinos\/\">\n            <div class=\"col-12 text-center child-page-thumbnail\">\n                <img decoding=\"async\" src=\"https:\/\/www.sportingpedia.com\/wp-content\/uploads\/2023\/01\/astropay-1.webp\" \/>\n                Casin\u00f2 con AstroPay            <\/div>\n        <\/a>\n                    <a class=\"col-12 col-sm-6 col-md-4 child-page-thumbnail-wrapper\" href=\"https:\/\/www.sportingpedia.com\/it\/casino-deposit\/bank-account-transfer-online-casinos\/\">\n            <div class=\"col-12 text-center child-page-thumbnail\">\n                <img decoding=\"async\" src=\"https:\/\/www.sportingpedia.com\/wp-content\/uploads\/2023\/01\/bank-transfer-featured.webp\" \/>\n                Casin\u00f2 con Bonifico Bancario            <\/div>\n        <\/a>\n                    <a class=\"col-12 col-sm-6 col-md-4 child-page-thumbnail-wrapper\" href=\"https:\/\/www.sportingpedia.com\/it\/casino-deposit\/credit-debit-cards-online-casinos\/\">\n            <div class=\"col-12 text-center child-page-thumbnail\">\n                <img decoding=\"async\" src=\"https:\/\/www.sportingpedia.com\/wp-content\/uploads\/2023\/01\/credit-debit-cards-featured.webp\" \/>\n                Casin\u00f2 con carte di credito            <\/div>\n        <\/a>\n                    <a class=\"col-12 col-sm-6 col-md-4 child-page-thumbnail-wrapper\" href=\"https:\/\/www.sportingpedia.com\/it\/casino-deposit\/prepaid-cards-online-casinos\/\">\n            <div class=\"col-12 text-center child-page-thumbnail\">\n                <img decoding=\"async\" src=\"https:\/\/www.sportingpedia.com\/wp-content\/uploads\/2023\/01\/prepaid-cards-featured.webp\" \/>\n                Casin\u00f2 con carte prepagate            <\/div>\n        <\/a>\n                    <a class=\"col-12 col-sm-6 col-md-4 child-page-thumbnail-wrapper\" href=\"https:\/\/www.sportingpedia.com\/it\/casino-deposit\/crypto-online-casinos\/\">\n            <div class=\"col-12 text-center child-page-thumbnail\">\n                <img decoding=\"async\" src=\"https:\/\/www.sportingpedia.com\/wp-content\/uploads\/2023\/01\/bitcoin-featured.webp\" \/>\n                Casin\u00f2 con crypto            <\/div>\n        <\/a>\n                    <a class=\"col-12 col-sm-6 col-md-4 child-page-thumbnail-wrapper\" href=\"https:\/\/www.sportingpedia.com\/it\/casino-deposit\/echeck-online-casinos\/\">\n            <div class=\"col-12 text-center child-page-thumbnail\">\n                <img decoding=\"async\" src=\"https:\/\/www.sportingpedia.com\/wp-content\/uploads\/2023\/01\/echeck-featured.webp\" \/>\n                Casin\u00f2 con eCheck            <\/div>\n        <\/a>\n                    <a class=\"col-12 col-sm-6 col-md-4 child-page-thumbnail-wrapper\" href=\"https:\/\/www.sportingpedia.com\/it\/casino-deposit\/flexepin-online-casinos\/\">\n            <div class=\"col-12 text-center child-page-thumbnail\">\n                <img decoding=\"async\" src=\"https:\/\/www.sportingpedia.com\/wp-content\/uploads\/2023\/01\/flexepin-1.webp\" \/>\n                Casin\u00f2 con Flexepin            <\/div>\n        <\/a>\n                    <a class=\"col-12 col-sm-6 col-md-4 child-page-thumbnail-wrapper\" href=\"https:\/\/www.sportingpedia.com\/it\/casino-deposit\/google-pay-online-casinos\/\">\n            <div class=\"col-12 text-center child-page-thumbnail\">\n                <img decoding=\"async\" src=\"https:\/\/www.sportingpedia.com\/wp-content\/uploads\/2023\/01\/google-pay.webp\" \/>\n                Casin\u00f2 con Google Pay            <\/div>\n        <\/a>\n                    <a class=\"col-12 col-sm-6 col-md-4 child-page-thumbnail-wrapper\" href=\"https:\/\/www.sportingpedia.com\/it\/casino-deposit\/jeton-online-casinos\/\">\n            <div class=\"col-12 text-center child-page-thumbnail\">\n                <img decoding=\"async\" src=\"https:\/\/www.sportingpedia.com\/wp-content\/uploads\/2023\/01\/jeton.webp\" \/>\n                Casin\u00f2 con Jeton            <\/div>\n        <\/a>\n                    <a class=\"col-12 col-sm-6 col-md-4 child-page-thumbnail-wrapper\" href=\"https:\/\/www.sportingpedia.com\/it\/casino-deposit\/mifinity-online-casinos\/\">\n            <div class=\"col-12 text-center child-page-thumbnail\">\n                <img decoding=\"async\" src=\"https:\/\/www.sportingpedia.com\/wp-content\/uploads\/2023\/01\/mifinity.webp\" \/>\n                Casin\u00f2 con MiFinity            <\/div>\n        <\/a>\n                    <a class=\"col-12 col-sm-6 col-md-4 child-page-thumbnail-wrapper\" href=\"https:\/\/www.sportingpedia.com\/it\/casino-deposit\/neosurf-online-casinos\/\">\n            <div class=\"col-12 text-center child-page-thumbnail\">\n                <img decoding=\"async\" src=\"https:\/\/www.sportingpedia.com\/wp-content\/uploads\/2023\/01\/neosurf.webp\" \/>\n                Casin\u00f2 con Neosurf            <\/div>\n        <\/a>\n                    <a class=\"col-12 col-sm-6 col-md-4 child-page-thumbnail-wrapper\" href=\"https:\/\/www.sportingpedia.com\/it\/casino-deposit\/paypal-online-casinos\/\">\n            <div class=\"col-12 text-center child-page-thumbnail\">\n                <img decoding=\"async\" src=\"https:\/\/www.sportingpedia.com\/wp-content\/uploads\/2023\/01\/paypal.webp\" \/>\n                Casin\u00f2 con PayPal            <\/div>\n        <\/a>\n                    <a class=\"col-12 col-sm-6 col-md-4 child-page-thumbnail-wrapper\" href=\"https:\/\/www.sportingpedia.com\/it\/casino-deposit\/paysafecard-online-casinos\/\">\n            <div class=\"col-12 text-center child-page-thumbnail\">\n                <img decoding=\"async\" src=\"https:\/\/www.sportingpedia.com\/wp-content\/uploads\/2023\/01\/paysafecard.webp\" \/>\n                Casin\u00f2 con Paysafecard            <\/div>\n        <\/a>\n                    <a class=\"col-12 col-sm-6 col-md-4 child-page-thumbnail-wrapper\" href=\"https:\/\/www.sportingpedia.com\/it\/casino-deposit\/e-wallet-online-casinos\/\">\n            <div class=\"col-12 text-center child-page-thumbnail\">\n                <img decoding=\"async\" src=\"https:\/\/www.sportingpedia.com\/wp-content\/uploads\/2023\/01\/ewallet-featured.webp\" \/>\n                Casin\u00f2 con portafogli digitali            <\/div>\n        <\/a>\n                    <a class=\"col-12 col-sm-6 col-md-4 child-page-thumbnail-wrapper\" href=\"https:\/\/www.sportingpedia.com\/it\/casino-deposit\/revolut-online-casinos\/\">\n            <div class=\"col-12 text-center child-page-thumbnail\">\n                <img decoding=\"async\" src=\"https:\/\/www.sportingpedia.com\/wp-content\/uploads\/2023\/01\/revolut-1.webp\" \/>\n                Casin\u00f2 con Revolut            <\/div>\n        <\/a>\n                            <\/div>\n            <\/div>\n","protected":false},"excerpt":{"rendered":"<p>Ti stai chiedendo quale soluzione di pagamento utilizzare sul tuo sito di gioco d&#8217;azzardo preferito? Se s\u00ec, SportingPedia \u00e8 qui per aiutarti a prendere la decisione giusta. L&#8217;elevato numero di metodi di pagamento offerti dagli operatori di gioco d&#8217;azzardo online potrebbe risultare, per dirla con un eufemismo, schiacciante. Non preoccuparti! Siamo qui per aiutarti con [&hellip;]<\/p>\n","protected":false},"author":1,"featured_media":0,"parent":0,"menu_order":0,"comment_status":"closed","ping_status":"closed","template":"template-payment-method.php","meta":{"footnotes":""},"class_list":["post-115394","page","type-page","status-publish","hentry"],"yoast_head":"<!-- This site is optimized with the Yoast SEO plugin v26.6 - https:\/\/yoast.com\/wordpress\/plugins\/seo\/ -->\n<title>Metodi di pagamento sui casin\u00f2 online: depositi e prelievi<\/title>\n<meta name=\"description\" content=\"Depositare e prelevare dal tuo conto del casin\u00f2 online \u00e8 essenziale per qualsiasi scommettitore.\" \/>\n<meta name=\"robots\" content=\"index, follow, max-snippet:-1, max-image-preview:large, max-video-preview:-1\" \/>\n<link rel=\"canonical\" href=\"https:\/\/www.sportingpedia.com\/it\/casino-deposit\/\" \/>\n<meta property=\"og:locale\" content=\"it_IT\" \/>\n<meta property=\"og:type\" content=\"article\" \/>\n<meta property=\"og:title\" content=\"Metodi di pagamento sui casin\u00f2 online: depositi e prelievi\" \/>\n<meta property=\"og:description\" content=\"Depositare e prelevare dal tuo conto del casin\u00f2 online \u00e8 essenziale per qualsiasi scommettitore.\" \/>\n<meta property=\"og:url\" content=\"https:\/\/www.sportingpedia.com\/it\/casino-deposit\/\" \/>\n<meta property=\"og:site_name\" content=\"Sportingpedia - Latest Sports News From All Over the World\" \/>\n<meta property=\"article:modified_time\" content=\"2025-11-13T14:21:03+00:00\" \/>\n<meta name=\"twitter:card\" content=\"summary_large_image\" \/>\n<meta name=\"twitter:label1\" content=\"Tempo di lettura stimato\" \/>\n\t<meta name=\"twitter:data1\" content=\"1 minuto\" \/>\n<script type=\"application\/ld+json\" class=\"yoast-schema-graph\">{\"@context\":\"https:\/\/schema.org\",\"@graph\":[{\"@type\":\"WebPage\",\"@id\":\"https:\/\/www.sportingpedia.com\/it\/casino-deposit\/\",\"url\":\"https:\/\/www.sportingpedia.com\/it\/casino-deposit\/\",\"name\":\"Metodi di pagamento sui casin\u00f2 online: depositi e prelievi\",\"isPartOf\":{\"@id\":\"https:\/\/www.sportingpedia.com\/it\/#website\"},\"datePublished\":\"2025-04-10T06:57:33+00:00\",\"dateModified\":\"2025-11-13T14:21:03+00:00\",\"description\":\"Depositare e prelevare dal tuo conto del casin\u00f2 online \u00e8 essenziale per qualsiasi scommettitore.\",\"breadcrumb\":{\"@id\":\"https:\/\/www.sportingpedia.com\/it\/casino-deposit\/#breadcrumb\"},\"inLanguage\":\"it-IT\",\"potentialAction\":[{\"@type\":\"ReadAction\",\"target\":[\"https:\/\/www.sportingpedia.com\/it\/casino-deposit\/\"]}]},{\"@type\":\"BreadcrumbList\",\"@id\":\"https:\/\/www.sportingpedia.com\/it\/casino-deposit\/#breadcrumb\",\"itemListElement\":[{\"@type\":\"ListItem\",\"position\":1,\"name\":\"Home\",\"item\":\"https:\/\/www.sportingpedia.com\/it\/home-2\/\"},{\"@type\":\"ListItem\",\"position\":2,\"name\":\"Metodi di pagamento sui casin\u00f2 online\"}]},{\"@type\":\"WebSite\",\"@id\":\"https:\/\/www.sportingpedia.com\/it\/#website\",\"url\":\"https:\/\/www.sportingpedia.com\/it\/\",\"name\":\"Sportingpedia - Latest Sports News From All Over the World\",\"description\":\"\",\"publisher\":{\"@id\":\"https:\/\/www.sportingpedia.com\/it\/#organization\"},\"potentialAction\":[{\"@type\":\"SearchAction\",\"target\":{\"@type\":\"EntryPoint\",\"urlTemplate\":\"https:\/\/www.sportingpedia.com\/it\/?s={search_term_string}\"},\"query-input\":{\"@type\":\"PropertyValueSpecification\",\"valueRequired\":true,\"valueName\":\"search_term_string\"}}],\"inLanguage\":\"it-IT\"},{\"@type\":\"Organization\",\"@id\":\"https:\/\/www.sportingpedia.com\/it\/#organization\",\"name\":\"SportingPedia\",\"url\":\"https:\/\/www.sportingpedia.com\/it\/\",\"logo\":{\"@type\":\"ImageObject\",\"inLanguage\":\"it-IT\",\"@id\":\"https:\/\/www.sportingpedia.com\/it\/#\/schema\/logo\/image\/\",\"url\":\"https:\/\/www.sportingpedia.com\/wp-content\/uploads\/2019\/10\/SportingPedia_logo.png\",\"contentUrl\":\"https:\/\/www.sportingpedia.com\/wp-content\/uploads\/2019\/10\/SportingPedia_logo.png\",\"width\":600,\"height\":101,\"caption\":\"SportingPedia\"},\"image\":{\"@id\":\"https:\/\/www.sportingpedia.com\/it\/#\/schema\/logo\/image\/\"}}]}<\/script>\n<!-- \/ Yoast SEO plugin. -->","yoast_head_json":{"title":"Metodi di pagamento sui casin\u00f2 online: depositi e prelievi","description":"Depositare e prelevare dal tuo conto del casin\u00f2 online \u00e8 essenziale per qualsiasi scommettitore.","robots":{"index":"index","follow":"follow","max-snippet":"max-snippet:-1","max-image-preview":"max-image-preview:large","max-video-preview":"max-video-preview:-1"},"canonical":"https:\/\/www.sportingpedia.com\/it\/casino-deposit\/","og_locale":"it_IT","og_type":"article","og_title":"Metodi di pagamento sui casin\u00f2 online: depositi e prelievi","og_description":"Depositare e prelevare dal tuo conto del casin\u00f2 online \u00e8 essenziale per qualsiasi scommettitore.","og_url":"https:\/\/www.sportingpedia.com\/it\/casino-deposit\/","og_site_name":"Sportingpedia - Latest Sports News From All Over the World","article_modified_time":"2025-11-13T14:21:03+00:00","twitter_card":"summary_large_image","twitter_misc":{"Tempo di lettura stimato":"1 minuto"},"schema":{"@context":"https:\/\/schema.org","@graph":[{"@type":"WebPage","@id":"https:\/\/www.sportingpedia.com\/it\/casino-deposit\/","url":"https:\/\/www.sportingpedia.com\/it\/casino-deposit\/","name":"Metodi di pagamento sui casin\u00f2 online: depositi e prelievi","isPartOf":{"@id":"https:\/\/www.sportingpedia.com\/it\/#website"},"datePublished":"2025-04-10T06:57:33+00:00","dateModified":"2025-11-13T14:21:03+00:00","description":"Depositare e prelevare dal tuo conto del casin\u00f2 online \u00e8 essenziale per qualsiasi scommettitore.","breadcrumb":{"@id":"https:\/\/www.sportingpedia.com\/it\/casino-deposit\/#breadcrumb"},"inLanguage":"it-IT","potentialAction":[{"@type":"ReadAction","target":["https:\/\/www.sportingpedia.com\/it\/casino-deposit\/"]}]},{"@type":"BreadcrumbList","@id":"https:\/\/www.sportingpedia.com\/it\/casino-deposit\/#breadcrumb","itemListElement":[{"@type":"ListItem","position":1,"name":"Home","item":"https:\/\/www.sportingpedia.com\/it\/home-2\/"},{"@type":"ListItem","position":2,"name":"Metodi di pagamento sui casin\u00f2 online"}]},{"@type":"WebSite","@id":"https:\/\/www.sportingpedia.com\/it\/#website","url":"https:\/\/www.sportingpedia.com\/it\/","name":"Sportingpedia - Latest Sports News From All Over the World","description":"","publisher":{"@id":"https:\/\/www.sportingpedia.com\/it\/#organization"},"potentialAction":[{"@type":"SearchAction","target":{"@type":"EntryPoint","urlTemplate":"https:\/\/www.sportingpedia.com\/it\/?s={search_term_string}"},"query-input":{"@type":"PropertyValueSpecification","valueRequired":true,"valueName":"search_term_string"}}],"inLanguage":"it-IT"},{"@type":"Organization","@id":"https:\/\/www.sportingpedia.com\/it\/#organization","name":"SportingPedia","url":"https:\/\/www.sportingpedia.com\/it\/","logo":{"@type":"ImageObject","inLanguage":"it-IT","@id":"https:\/\/www.sportingpedia.com\/it\/#\/schema\/logo\/image\/","url":"https:\/\/www.sportingpedia.com\/wp-content\/uploads\/2019\/10\/SportingPedia_logo.png","contentUrl":"https:\/\/www.sportingpedia.com\/wp-content\/uploads\/2019\/10\/SportingPedia_logo.png","width":600,"height":101,"caption":"SportingPedia"},"image":{"@id":"https:\/\/www.sportingpedia.com\/it\/#\/schema\/logo\/image\/"}}]}},"_links":{"self":[{"href":"https:\/\/www.sportingpedia.com\/it\/wp-json\/wp\/v2\/pages\/115394","targetHints":{"allow":["GET"]}}],"collection":[{"href":"https:\/\/www.sportingpedia.com\/it\/wp-json\/wp\/v2\/pages"}],"about":[{"href":"https:\/\/www.sportingpedia.com\/it\/wp-json\/wp\/v2\/types\/page"}],"author":[{"embeddable":true,"href":"https:\/\/www.sportingpedia.com\/it\/wp-json\/wp\/v2\/users\/1"}],"replies":[{"embeddable":true,"href":"https:\/\/www.sportingpedia.com\/it\/wp-json\/wp\/v2\/comments?post=115394"}],"version-history":[{"count":3,"href":"https:\/\/www.sportingpedia.com\/it\/wp-json\/wp\/v2\/pages\/115394\/revisions"}],"predecessor-version":[{"id":145999,"href":"https:\/\/www.sportingpedia.com\/it\/wp-json\/wp\/v2\/pages\/115394\/revisions\/145999"}],"wp:attachment":[{"href":"https:\/\/www.sportingpedia.com\/it\/wp-json\/wp\/v2\/media?parent=115394"}],"curies":[{"name":"wp","href":"https:\/\/api.w.org\/{rel}","templated":true}]}}