{"id":115422,"date":"2025-04-10T06:57:49","date_gmt":"2025-04-10T06:57:49","guid":{"rendered":"https:\/\/www.sportingpedia.com\/?page_id=115422"},"modified":"2025-11-17T12:05:33","modified_gmt":"2025-11-17T12:05:33","slug":"single-bet-calculator","status":"publish","type":"page","link":"https:\/\/www.sportingpedia.com\/it\/betting-calculators\/single-bet-calculator\/","title":{"rendered":"Calcolatore scommesse singole"},"content":{"rendered":"<p>Una scommessa singola \u00e8 il modo pi\u00f9 semplice per piazzare una puntata su un evento e ti permette di <strong>scommettere su un&#8217;unica selezione<\/strong>. Pu\u00f2 essere piazzata su una variet\u00e0 di esiti: la trovi spesso sulla vittoria di una squadra, sulla vittoria di un giocatore, sul cavallo vincitore di una corsa ecc.<\/p>\n<p>Se opti per una scommessa singola \u00abeach way\u00bb, potresti ottenere un profitto anche se la squadra o il giocatore su cui hai scommesso non vince. Per scoprire quale potrebbe essere il tuo ritorno potenziale, puoi utilizzare <strong>il nostro dettagliato Calcolatore di Scommessa Singola<\/strong>. Di seguito, abbiamo fornito anche informazioni su come funziona il nostro calcolatore.<\/p>\n\n\t\t<div class=\"container p-3 widget-betting-calculator\">\n\t\t\t<div class=\"row\">\n\t\t\t\t<div class=\"col-12 col-md-4 form-group\">\n\t\t\t\t\t<label for=\"format\">Formato quote:<\/label>\n\t\t\t\t\t<select class=\"form-control\" id=\"format\">\n\t\t\t\t\t\t<option value=\"decimal\">Decimale<\/option>\n\t\t\t\t\t\t<option value=\"american\">Americano<\/option>\n\t\t\t\t\t\t<option value=\"fractional\">Frazionario<\/option>\n\t\t\t\t\t<\/select>\n\t\t\t\t<\/div>\n\n\t\t\t\t<div class=\"col-12 col-md-4 form-group\">\n\t\t\t\t\t<label for=\"odds\">Quote:<\/label>\n\t\t\t\t\t<input type=\"text\" class=\"form-control\" id=\"odds\" placeholder=\"Inserisci le quote\">\n\t\t\t\t<\/div>\n\n\t\t\t\t<div class=\"col-12 col-md-4 form-group\">\n\t\t\t\t\t<label for=\"stake\">Puntata:<\/label>\n\t\t\t\t\t<input type=\"text\" class=\"form-control\" id=\"stake\" placeholder=\"Inserisci la puntata\">\n\t\t\t\t<\/div>\n\t\t\t<\/div>\n\n\t\t\t\t<div id=\"result\"><\/div>\n\n\t\t\t\t<button type=\"button\" class=\"btn btn-primary\" id=\"calculate\">Calcola<\/button>\n\t\t\t\t<button type=\"button\" class=\"btn btn-warning\" id=\"reset\">Reimposta<\/button>\n\t\t\t\t\n\t\t<\/div>\n\n\t\t<script>\n\t\t\tjQuery(document).ready(function($) {\n\t\t\t\t$(\"#calculate\").click(function() {\n\t\t\t\t\tvar format = $(\"#format\").val();\n\t\t\t\t\tvar odds = $(\"#odds\").val();\n\t\t\t\t\tvar stake = $(\"#stake\").val();\n\t\t\t\t\tif (format == \"decimal\") {\n\t\t\t\t\t\tif ($.isNumeric(odds) && odds > 1) {\n\t\t\t\t\t\t\tvar payout = (stake * odds).toFixed(2);\n\t\t\t\t\t\t\tvar profit = (payout - stake).toFixed(2);\n\t\t\t\t\t\t\t$(\"#result\").html(\"Pagamento: $\" + payout + \"<br>Profitto: $\" + profit).addClass(\"success\");\n\t\t\t\t\t\t} else {\n\t\t\t\t\t\t\t$(\"#result\").html(\"Inserisci una quota decimale valida maggiore di 1.\").addClass(\"error\");\n\t\t\t\t\t\t}\n\t\t\t\t\t} else if (format == \"american\") {\n\t\t\t\t\t\tif ($.isNumeric(odds)) {\n\t\t\t\t\t\t\tvar decimalOdds;\n\t\t\t\t\t\t\tif (odds > 0) {\n\t\t\t\t\t\t\t\tdecimalOdds = (odds \/ 100 + 1).toFixed(2);\n\t\t\t\t\t\t\t} else {\n\t\t\t\t\t\t\t\tdecimalOdds = (100 \/ -odds + 1).toFixed(2);\n\t\t\t\t\t\t\t}\n\t\t\t\t\t\t\tvar payout = (stake * decimalOdds).toFixed(2);\n\t\t\t\t\t\t\tvar profit = (payout - stake).toFixed(2);\n\t\t\t\t\t\t\t$(\"#result\").html(\"Pagamento: $\" + payout + \"<br>Profitto: $\" + profit).addClass(\"success\");\n\t\t\t\t\t\t} else {\n\t\t\t\t\t\t\t$(\"#result\").html(\"Inserisci una quota americana valida.\").addClass(\"error\");\n\t\t\t\t\t\t}\n\t\t\t\t\t} else if (format == \"fractional\") {\n\t\t\t\t\t\tif (\/^\\d+\\\/\\d+$\/.test(odds)) {\n\t\t\t\t\t\t\tvar parts = odds.split(\"\/\");\n\t\t\t\t\t\t\tvar numerator = parseInt(parts[0]);\n\t\t\t\t\t\t\tvar denominator = parseInt(parts[1]);\n\t\t\t\t\t\t\tvar decimalOdds = (numerator \/ denominator + 1).toFixed(2);\n\t\t\t\t\t\t\tvar payout = (stake * decimalOdds).toFixed(2);\n\t\t\t\t\t\t\tvar profit = (payout - stake).toFixed(2);\n\t\t\t\t\t\t\t$(\"#result\").html(\"Pagamento: $\" + payout + \"<br>Profitto: $\" + profit).addClass(\"success\");\n\t\t\t\t\t\t} else {\n\t\t\t\t\t\t\t$(\"#result\").html(\"Inserisci una quota frazionaria valida nel formato X\/Y.\").addClass(\"error\");\n\t\t\t\t\t\t}\n\t\t\t\t\t}\n\t\t\t\t});\n\n\t\t\t\t$(\"#reset\").click(function() {\n\t\t\t\t\t$(\"#odds\").val(\"\");\n\t\t\t\t\t$(\"#stake\").val(\"\");\n\t\t\t\t\t$(\"#result\").html(\"\").removeClass();\n\t\t\t\t});\n\t\t\t});\n\t\t<\/script>\n\t\n<div class=\"mb-3\">&nbsp;<\/div>\n\n<h2 id=\"what\">Che cos&#8217;\u00e8 una scommessa singola?<\/h2>\n<p><img decoding=\"async\" src=\"https:\/\/www.sportingpedia.com\/wp-content\/uploads\/2021\/02\/football-betting-accumulators-vs-single_single-bets.svg\" alt=\"Che cos'\u00e8 una Scommessa Singola?\" width=\"300\" height=\"150\" class=\"alignleft \">La scommessa singola \u00e8 la forma pi\u00f9 basilare di scommessa, che permette agli scommettitori di puntare denaro sull&#8217;esito di un evento sportivo o di altro tipo. I giocatori scelgono un solo risultato, come ad esempio il vincitore di una partita, da cui deriva il nome di questa opzione di scommessa. Se vuoi saperne di pi\u00f9 su questo e su altri tipi di scommesse, puoi anche visitare la nostra sezione <strong>Siti di Scommesse<\/strong> e leggere le nostre recensioni dettagliate sulle scommesse sportive.<\/p>\n<div class=\"clear\"><\/div>\n<h2 id=\"how\">Come funziona il nostro calcolatore di scommesse singole?<\/h2>\n<p><img decoding=\"async\" src=\"https:\/\/www.sportingpedia.com\/wp-content\/uploads\/2021\/02\/nfl-betting-cashout_calculating.svg\" alt=\"Come Funziona il Nostro Calcolatore di Scommesse Singole?\" width=\"300\" height=\"150\" class=\"alignleft \">Ogni volta che hai bisogno di aiuto per determinare il ritorno potenziale che puoi aspettarti dalle tue scommesse singole, puoi utilizzare il nostro Calcolatore di Scommesse Singole. Le impostazioni dello strumento ti permetteranno di <strong>scegliere tra i formati di quote pi\u00f9 popolari<\/strong>, consentendoti di inserire le quote della tua scommessa singola nel modo per te pi\u00f9 comprensibile. <\/p>\n<p>Dai un&#8217;occhiata al menu delle impostazioni del nostro calcolatore, che ti consente di sfruttare ulteriori opzioni, come aggiungere note a una selezione o attivare impostazioni each way aggiuntive. Per quanto riguarda le informazioni di base necessarie per i calcoli della tua scommessa singola, dovrai <strong>indicare se stai calcolando le quote su una scommessa singola each way oppure no<\/strong>. <\/p>\n<p>Il nostro calcolatore ti permetter\u00e0 anche di stimare il ritorno su selezioni multiple, invece di inserire separatamente le quote di ciascuna selezione. Potrai usare i nostri strumenti per calcolare il ritorno su un massimo di 20 selezioni, ma tieni presente che, quando il numero scelto supera quello previsto per una singola, una doppia o una tripla, la tua puntata verr\u00e0 calcolata come una perm (combinazione di scommesse).<\/p>\n<p>Se stai calcolando la tua scommessa singola su una corsa di cavalli e la <strong>Regola 4<\/strong> \u00e8 in vigore, puoi anche scegliere di calcolare il ritorno con la Regola 4 applicata. In tal caso dovrai selezionare il valore da dedurre dalla potenziale vincita. <\/p>\n<p>Per ciascuna selezione dovrai indicare il risultato, che pu\u00f2 essere Vincente, Pareggio, Perdente o Non valido\/Non partente. Il passo successivo \u00e8 <strong>inserire le quote della tua scommessa singola<\/strong>. Se preferisci un altro formato di quote, vai nelle impostazioni e scegli quello che desideri utilizzare. <\/p>\n<p>Se hai scelto di calcolare il ritorno su diverse selezioni, devi stabilire se la puntata che desideri piazzare rappresenta l&#8217;importo totale che intendi scommettere sulle selezioni scelte oppure l&#8217;importo da puntare su ciascuna selezione. La sezione successiva del calcolatore richiede l&#8217;inserimento dell&#8217;importo della tua puntata.<\/p>\n<p>Una volta compilate tutte le sezioni, il nostro calcolatore mostrer\u00e0 il totale delle tue scommesse, il ritorno totale che puoi aspettarti e il profitto totale che puoi ottenere se la tua sessione di scommesse avr\u00e0 successo. Puoi scegliere di salvare questa schedina o cancellare tutti i dettagli inseriti.<\/p>\n<h2 id=\"why\">Perch\u00e9 dovresti usare un calcolatore di scommesse singole?<\/h2>\n<p><img decoding=\"async\" src=\"https:\/\/www.sportingpedia.com\/wp-content\/uploads\/2021\/02\/football-betting-how-to-calculate-arbitrage-bets_why-do-such-opportunities-appear.svg\" alt=\"Why Should You Use a Single Bet Calculator\" width=\"300\" height=\"150\" class=\"alignleft \">Anche se le scommesse singole sono il modo pi\u00f9 semplice per puntare su un evento, <strong>puoi trarre grande beneficio dall&#8217;uso del nostro Calcolatore di Scommesse Singole<\/strong> prima di piazzare la tua puntata con un bookmaker. Se hai trovato quote diverse sullo stesso evento offerte da vari bookmaker, puoi usare il nostro calcolatore per confrontare quale bookmaker offrir\u00e0 una vincita potenziale migliore. Inoltre, puoi calcolare con facilit\u00e0 l&#8217;importo della tua puntata se il tuo obiettivo \u00e8 ottenere un ricavo specifico.  <\/p>\n<p>I calcolatori di scommesse singole sono anche <strong>estremamente utili per gli appassionati di corse di cavalli<\/strong>, poich\u00e9 consentono di inserire le quote di tutti i partecipanti e determinare quale cavallo possa offrire il miglior ritorno in caso di vittoria. Puoi farlo inserendo le quote di ciascun partecipante e scegliendo lo stesso importo di puntata per tutte le selezioni. In questo modo puoi individuare rapidamente scommesse dal valore pi\u00f9 alto.<\/p>\n<p>Se desideri effettuare scommesse doppie, triple o multiple invece di piazzare diverse scommesse singole, puoi anche fare riferimento ai nostri calcolatori per <strong>scommesse doppie, scommesse triple o scommesse accumulatore<\/strong>.<\/p>\n","protected":false},"excerpt":{"rendered":"<p>Una scommessa singola \u00e8 il modo pi\u00f9 semplice per piazzare una puntata su un evento e ti permette di scommettere su un&#8217;unica selezione. Pu\u00f2 essere piazzata su una variet\u00e0 di esiti: la trovi spesso sulla vittoria di una squadra, sulla vittoria di un giocatore, sul cavallo vincitore di una corsa ecc. Se opti per una [&hellip;]<\/p>\n","protected":false},"author":8,"featured_media":120374,"parent":115430,"menu_order":100,"comment_status":"closed","ping_status":"closed","template":"template-guide-page.php","meta":{"footnotes":""},"class_list":["post-115422","page","type-page","status-publish","has-post-thumbnail","hentry"],"yoast_head":"<!-- This site is optimized with the Yoast SEO plugin v26.6 - https:\/\/yoast.com\/wordpress\/plugins\/seo\/ -->\n<title>Calcolatore scommesse singole<\/title>\n<meta name=\"description\" content=\"Usa il nostro calcolatore di scommesse singole per calcolare il ritorno della tua scommessa.\" \/>\n<meta name=\"robots\" content=\"index, follow, max-snippet:-1, max-image-preview:large, max-video-preview:-1\" \/>\n<link rel=\"canonical\" href=\"https:\/\/www.sportingpedia.com\/it\/betting-calculators\/single-bet-calculator\/\" \/>\n<meta property=\"og:locale\" content=\"it_IT\" \/>\n<meta property=\"og:type\" content=\"article\" \/>\n<meta property=\"og:title\" content=\"Calcolatore scommesse singole\" \/>\n<meta property=\"og:description\" content=\"Usa il nostro calcolatore di scommesse singole per calcolare il ritorno della tua scommessa.\" \/>\n<meta property=\"og:url\" content=\"https:\/\/www.sportingpedia.com\/it\/betting-calculators\/single-bet-calculator\/\" \/>\n<meta property=\"og:site_name\" content=\"Sportingpedia - Latest Sports News From All Over the World\" \/>\n<meta property=\"article:modified_time\" content=\"2025-11-17T12:05:33+00:00\" \/>\n<meta name=\"twitter:card\" content=\"summary_large_image\" \/>\n<meta name=\"twitter:label1\" content=\"Tempo di lettura stimato\" \/>\n\t<meta name=\"twitter:data1\" content=\"5 minuti\" \/>\n<script type=\"application\/ld+json\" class=\"yoast-schema-graph\">{\"@context\":\"https:\/\/schema.org\",\"@graph\":[{\"@type\":\"WebPage\",\"@id\":\"https:\/\/www.sportingpedia.com\/it\/betting-calculators\/single-bet-calculator\/\",\"url\":\"https:\/\/www.sportingpedia.com\/it\/betting-calculators\/single-bet-calculator\/\",\"name\":\"Calcolatore scommesse singole\",\"isPartOf\":{\"@id\":\"https:\/\/www.sportingpedia.com\/it\/#website\"},\"primaryImageOfPage\":{\"@id\":\"https:\/\/www.sportingpedia.com\/it\/betting-calculators\/single-bet-calculator\/#primaryimage\"},\"image\":{\"@id\":\"https:\/\/www.sportingpedia.com\/it\/betting-calculators\/single-bet-calculator\/#primaryimage\"},\"thumbnailUrl\":\"https:\/\/www.sportingpedia.com\/wp-content\/uploads\/2023\/03\/single-bet-calculator-featured.svg\",\"datePublished\":\"2025-04-10T06:57:49+00:00\",\"dateModified\":\"2025-11-17T12:05:33+00:00\",\"description\":\"Usa il nostro calcolatore di scommesse singole per calcolare il ritorno della tua scommessa.\",\"breadcrumb\":{\"@id\":\"https:\/\/www.sportingpedia.com\/it\/betting-calculators\/single-bet-calculator\/#breadcrumb\"},\"inLanguage\":\"it-IT\",\"potentialAction\":[{\"@type\":\"ReadAction\",\"target\":[\"https:\/\/www.sportingpedia.com\/it\/betting-calculators\/single-bet-calculator\/\"]}]},{\"@type\":\"ImageObject\",\"inLanguage\":\"it-IT\",\"@id\":\"https:\/\/www.sportingpedia.com\/it\/betting-calculators\/single-bet-calculator\/#primaryimage\",\"url\":\"https:\/\/www.sportingpedia.com\/wp-content\/uploads\/2023\/03\/single-bet-calculator-featured.svg\",\"contentUrl\":\"https:\/\/www.sportingpedia.com\/wp-content\/uploads\/2023\/03\/single-bet-calculator-featured.svg\"},{\"@type\":\"BreadcrumbList\",\"@id\":\"https:\/\/www.sportingpedia.com\/it\/betting-calculators\/single-bet-calculator\/#breadcrumb\",\"itemListElement\":[{\"@type\":\"ListItem\",\"position\":1,\"name\":\"Home\",\"item\":\"https:\/\/www.sportingpedia.com\/it\/home-2\/\"},{\"@type\":\"ListItem\",\"position\":2,\"name\":\"Calcolatori per le Scommesse Sportive\",\"item\":\"https:\/\/www.sportingpedia.com\/it\/betting-calculators\/\"},{\"@type\":\"ListItem\",\"position\":3,\"name\":\"Calcolatore scommesse singole\"}]},{\"@type\":\"WebSite\",\"@id\":\"https:\/\/www.sportingpedia.com\/it\/#website\",\"url\":\"https:\/\/www.sportingpedia.com\/it\/\",\"name\":\"Sportingpedia - Latest Sports News From All Over the World\",\"description\":\"\",\"publisher\":{\"@id\":\"https:\/\/www.sportingpedia.com\/it\/#organization\"},\"potentialAction\":[{\"@type\":\"SearchAction\",\"target\":{\"@type\":\"EntryPoint\",\"urlTemplate\":\"https:\/\/www.sportingpedia.com\/it\/?s={search_term_string}\"},\"query-input\":{\"@type\":\"PropertyValueSpecification\",\"valueRequired\":true,\"valueName\":\"search_term_string\"}}],\"inLanguage\":\"it-IT\"},{\"@type\":\"Organization\",\"@id\":\"https:\/\/www.sportingpedia.com\/it\/#organization\",\"name\":\"SportingPedia\",\"url\":\"https:\/\/www.sportingpedia.com\/it\/\",\"logo\":{\"@type\":\"ImageObject\",\"inLanguage\":\"it-IT\",\"@id\":\"https:\/\/www.sportingpedia.com\/it\/#\/schema\/logo\/image\/\",\"url\":\"https:\/\/www.sportingpedia.com\/wp-content\/uploads\/2019\/10\/SportingPedia_logo.png\",\"contentUrl\":\"https:\/\/www.sportingpedia.com\/wp-content\/uploads\/2019\/10\/SportingPedia_logo.png\",\"width\":600,\"height\":101,\"caption\":\"SportingPedia\"},\"image\":{\"@id\":\"https:\/\/www.sportingpedia.com\/it\/#\/schema\/logo\/image\/\"}}]}<\/script>\n<!-- \/ Yoast SEO plugin. -->","yoast_head_json":{"title":"Calcolatore scommesse singole","description":"Usa il nostro calcolatore di scommesse singole per calcolare il ritorno della tua scommessa.","robots":{"index":"index","follow":"follow","max-snippet":"max-snippet:-1","max-image-preview":"max-image-preview:large","max-video-preview":"max-video-preview:-1"},"canonical":"https:\/\/www.sportingpedia.com\/it\/betting-calculators\/single-bet-calculator\/","og_locale":"it_IT","og_type":"article","og_title":"Calcolatore scommesse singole","og_description":"Usa il nostro calcolatore di scommesse singole per calcolare il ritorno della tua scommessa.","og_url":"https:\/\/www.sportingpedia.com\/it\/betting-calculators\/single-bet-calculator\/","og_site_name":"Sportingpedia - Latest Sports News From All Over the World","article_modified_time":"2025-11-17T12:05:33+00:00","twitter_card":"summary_large_image","twitter_misc":{"Tempo di lettura stimato":"5 minuti"},"schema":{"@context":"https:\/\/schema.org","@graph":[{"@type":"WebPage","@id":"https:\/\/www.sportingpedia.com\/it\/betting-calculators\/single-bet-calculator\/","url":"https:\/\/www.sportingpedia.com\/it\/betting-calculators\/single-bet-calculator\/","name":"Calcolatore scommesse singole","isPartOf":{"@id":"https:\/\/www.sportingpedia.com\/it\/#website"},"primaryImageOfPage":{"@id":"https:\/\/www.sportingpedia.com\/it\/betting-calculators\/single-bet-calculator\/#primaryimage"},"image":{"@id":"https:\/\/www.sportingpedia.com\/it\/betting-calculators\/single-bet-calculator\/#primaryimage"},"thumbnailUrl":"https:\/\/www.sportingpedia.com\/wp-content\/uploads\/2023\/03\/single-bet-calculator-featured.svg","datePublished":"2025-04-10T06:57:49+00:00","dateModified":"2025-11-17T12:05:33+00:00","description":"Usa il nostro calcolatore di scommesse singole per calcolare il ritorno della tua scommessa.","breadcrumb":{"@id":"https:\/\/www.sportingpedia.com\/it\/betting-calculators\/single-bet-calculator\/#breadcrumb"},"inLanguage":"it-IT","potentialAction":[{"@type":"ReadAction","target":["https:\/\/www.sportingpedia.com\/it\/betting-calculators\/single-bet-calculator\/"]}]},{"@type":"ImageObject","inLanguage":"it-IT","@id":"https:\/\/www.sportingpedia.com\/it\/betting-calculators\/single-bet-calculator\/#primaryimage","url":"https:\/\/www.sportingpedia.com\/wp-content\/uploads\/2023\/03\/single-bet-calculator-featured.svg","contentUrl":"https:\/\/www.sportingpedia.com\/wp-content\/uploads\/2023\/03\/single-bet-calculator-featured.svg"},{"@type":"BreadcrumbList","@id":"https:\/\/www.sportingpedia.com\/it\/betting-calculators\/single-bet-calculator\/#breadcrumb","itemListElement":[{"@type":"ListItem","position":1,"name":"Home","item":"https:\/\/www.sportingpedia.com\/it\/home-2\/"},{"@type":"ListItem","position":2,"name":"Calcolatori per le Scommesse Sportive","item":"https:\/\/www.sportingpedia.com\/it\/betting-calculators\/"},{"@type":"ListItem","position":3,"name":"Calcolatore scommesse singole"}]},{"@type":"WebSite","@id":"https:\/\/www.sportingpedia.com\/it\/#website","url":"https:\/\/www.sportingpedia.com\/it\/","name":"Sportingpedia - Latest Sports News From All Over the World","description":"","publisher":{"@id":"https:\/\/www.sportingpedia.com\/it\/#organization"},"potentialAction":[{"@type":"SearchAction","target":{"@type":"EntryPoint","urlTemplate":"https:\/\/www.sportingpedia.com\/it\/?s={search_term_string}"},"query-input":{"@type":"PropertyValueSpecification","valueRequired":true,"valueName":"search_term_string"}}],"inLanguage":"it-IT"},{"@type":"Organization","@id":"https:\/\/www.sportingpedia.com\/it\/#organization","name":"SportingPedia","url":"https:\/\/www.sportingpedia.com\/it\/","logo":{"@type":"ImageObject","inLanguage":"it-IT","@id":"https:\/\/www.sportingpedia.com\/it\/#\/schema\/logo\/image\/","url":"https:\/\/www.sportingpedia.com\/wp-content\/uploads\/2019\/10\/SportingPedia_logo.png","contentUrl":"https:\/\/www.sportingpedia.com\/wp-content\/uploads\/2019\/10\/SportingPedia_logo.png","width":600,"height":101,"caption":"SportingPedia"},"image":{"@id":"https:\/\/www.sportingpedia.com\/it\/#\/schema\/logo\/image\/"}}]}},"_links":{"self":[{"href":"https:\/\/www.sportingpedia.com\/it\/wp-json\/wp\/v2\/pages\/115422","targetHints":{"allow":["GET"]}}],"collection":[{"href":"https:\/\/www.sportingpedia.com\/it\/wp-json\/wp\/v2\/pages"}],"about":[{"href":"https:\/\/www.sportingpedia.com\/it\/wp-json\/wp\/v2\/types\/page"}],"author":[{"embeddable":true,"href":"https:\/\/www.sportingpedia.com\/it\/wp-json\/wp\/v2\/users\/8"}],"replies":[{"embeddable":true,"href":"https:\/\/www.sportingpedia.com\/it\/wp-json\/wp\/v2\/comments?post=115422"}],"version-history":[{"count":4,"href":"https:\/\/www.sportingpedia.com\/it\/wp-json\/wp\/v2\/pages\/115422\/revisions"}],"predecessor-version":[{"id":146363,"href":"https:\/\/www.sportingpedia.com\/it\/wp-json\/wp\/v2\/pages\/115422\/revisions\/146363"}],"up":[{"embeddable":true,"href":"https:\/\/www.sportingpedia.com\/it\/wp-json\/wp\/v2\/pages\/115430"}],"wp:featuredmedia":[{"embeddable":true,"href":"https:\/\/www.sportingpedia.com\/it\/wp-json\/wp\/v2\/media\/120374"}],"wp:attachment":[{"href":"https:\/\/www.sportingpedia.com\/it\/wp-json\/wp\/v2\/media?parent=115422"}],"curies":[{"name":"wp","href":"https:\/\/api.w.org\/{rel}","templated":true}]}}