{"id":115423,"date":"2025-04-10T06:57:49","date_gmt":"2025-04-10T06:57:49","guid":{"rendered":"https:\/\/www.sportingpedia.com\/?page_id=115423"},"modified":"2025-11-17T12:06:31","modified_gmt":"2025-11-17T12:06:31","slug":"double-bet-calculator","status":"publish","type":"page","link":"https:\/\/www.sportingpedia.com\/it\/betting-calculators\/double-bet-calculator\/","title":{"rendered":"Calcolatore scommesse doppie"},"content":{"rendered":"<p>La scommessa doppia \u00e8 un tipo semplice di scommessa che i giocatori possono piazzare su vari eventi sportivi e non sportivi. Si tratta di un&#8217;opzione di <strong>scommessa multipla<\/strong> composta da due selezioni e la vincita si ottiene solo se entrambe risultano vincenti. Per calcolare il ritorno su questo tipo di scommessa, puoi utilizzare il nostro Calcolatore di Scommesse Doppie qui sotto.<\/p>\n\n\t\t<div class=\"container p-3 widget-betting-calculator\">\n\t\t\t<div class=\"row\">\n\t\t\t\t<div class=\"col-12 col-md-6 form-group\">\n\t\t\t\t\t<label for=\"format\">Formato quote:<\/label>\n\t\t\t\t\t<select class=\"form-control\" id=\"format\">\n\t\t\t\t\t\t<option value=\"decimal\">Decimale<\/option>\n\t\t\t\t\t\t<option value=\"american\">Americano<\/option>\n\t\t\t\t\t\t<option value=\"fractional\">Frazionario<\/option>\n\t\t\t\t\t<\/select>\n\t\t\t\t<\/div>\n\t\t\t\t\n\t\t\t\t<div class=\"col-12 col-md-6 form-group\">\n\t\t\t\t\t<label for=\"stake\">Puntata:<\/label>\n\t\t\t\t\t<input type=\"text\" class=\"form-control\" id=\"stake\" placeholder=\"Inserisci la puntata\">\n\t\t\t\t<\/div>\n\n\t\t\t\t<div class=\"col-12 col-md-6 form-group\">\n\t\t\t\t\t<label for=\"odds\">Quote:<\/label>\n\t\t\t\t\t<input type=\"text\" class=\"form-control\" id=\"odds\" placeholder=\"Inserisci le quote\">\n\t\t\t\t<\/div>\n\n\t\t\t\t<div class=\"col-12 col-md-6 form-group\">\n\t\t\t\t\t<label for=\"odds2\">Quota 2:<\/label>\n\t\t\t\t\t<input type=\"text\" class=\"form-control\" id=\"odds2\" placeholder=\"Inserisci le quote\">\n\t\t\t\t<\/div>\n\t\t\t<\/div>\n\n\t\t\t\t<div id=\"result\"><\/div>\n\n\t\t\t\t<button type=\"button\" class=\"btn btn-primary\" id=\"calculate\">Calcola<\/button>\n\t\t\t\t<button type=\"button\" class=\"btn btn-warning\" id=\"reset\">Reimposta<\/button>\n\t\t\t\t\n\t\t<\/div>\n\n\t\t<script>\n\t\t\tjQuery(document).ready(function($) {\n\t\t\t\t$(\"#calculate\").click(function() {\n\t\t\t    var format = $(\"#format\").val();\n\t\t\t    var odds = $(\"#odds\").val();\n\t\t\t    var odds2 = $(\"#odds2\").val();\n\t\t\t    var stake = $(\"#stake\").val();\n\t\t\t    if (format == \"decimal\") {\n\t\t\t      \tif ($.isNumeric(odds) && odds > 1 && $.isNumeric(odds2) && odds2 > 1) {\n\t\t\t        \tvar payout = (stake * (parseFloat(odds) * parseFloat(odds2))).toFixed(2);\n\t\t\t        \tvar profit = (payout - stake).toFixed(2);\n\t\t\t        \t$(\"#result\").html(\"Pagamento: $\" + payout + \"<br>Profitto: $\" + profit).addClass(\"success\");\n\t\t\t      \t} else {\n\t\t\t        \t$(\"#result\").html(\"Inserisci quote decimali valide maggiori di 1.\").addClass(\"error\");\n\t\t\t      \t}\n\t\t\t    } else if (format == \"american\") {\n\t\t\t      \tif ($.isNumeric(odds) && $.isNumeric(odds2)) {\n\t\t\t\t        var decimalOdds, decimalOdds2;\n\t\t\t\t        if (odds > 0) {\n\t\t\t\t          decimalOdds = (odds \/ 100 + 1).toFixed(2);\n\t\t\t\t        } else {\n\t\t\t\t          decimalOdds = (100 \/ -odds + 1).toFixed(2);\n\t\t\t\t        }\n\t\t\t\t        if (odds2 > 0) {\n\t\t\t\t          decimalOdds2 = (odds2 \/ 100 + 1).toFixed(2);\n\t\t\t\t        } else {\n\t\t\t\t          decimalOdds2 = (100 \/ -odds2 + 1).toFixed(2);\n\t\t\t\t        }\n\t\t\t\t        var payout = (stake * (parseFloat(decimalOdds) * parseFloat(decimalOdds2))).toFixed(2);\n\t\t\t\t        var profit = (payout - stake).toFixed(2);\n\t\t\t\t        $(\"#result\").html(\"Pagamento: $\" + payout + \"<br>Profitto: $\" + profit).addClass(\"success\");\n\t\t\t      \t} else {\n\t\t\t        \t$(\"#result\").html(\"Inserisci quote americane valide.\").addClass(\"error\");\n\t\t\t      \t}\n\t\t\t    } else if (format == \"fractional\") {\n\t\t\t      \tif (\/^\\d+\\\/\\d+$\/.test(odds) && \/^\\d+\\\/\\d+$\/.test(odds2)) {\n\t\t\t\t        var parts = odds.split(\"\/\");\n\t\t\t\t        var numerator = parseInt(parts[0]);\n\t\t\t\t        var denominator = parseInt(parts[1]);\n\t\t\t\t        var decimalOdds = (numerator \/ denominator + 1).toFixed(2);\n\t\t\t\t        var parts2 = odds2.split(\"\/\");\n\t\t\t\t        var numerator2 = parseInt(parts2[0]);\n\t\t\t\t        var denominator2 = parseInt(parts2[1]);\n\t\t\t\t        var decimalOdds2 = (numerator2 \/ denominator2 + 1).toFixed(2);\n\t\t\t\t        var payout = (stake * (parseFloat(decimalOdds) * parseFloat(decimalOdds2))).toFixed(2);\n\t\t\t\t        var profit = (payout - stake).toFixed(2);\n\t\t\t\t        $(\"#result\").html(\"Pagamento: $\" + payout + \"<br>Profitto: $\" + profit).addClass(\"success\");\n\t\t\t      \t} else {\n\t\t\t        \t$(\"#result\").html(\"Inserisci quote frazionarie valide nel formato X\/Y.\").addClass(\"error\");\n\t\t\t      \t}\n\t\t\t    }\n\n\t\t\t  });\n\t\t\t  $(\"#reset\").click(function() {\n\t\t\t    $(\"#odds\").val(\"\");\n\t\t\t    $(\"#odds2\").val(\"\");\n\t\t\t    $(\"#stake\").val(\"\");\n\t\t\t    $(\"#result\").html(\"\").removeClass();\n\t\t\t  });\n\t\t\t});\n\t\t<\/script>\n\t\n<div class=\"mb-3\">&nbsp;<\/div>\n\n<h2 id=\"what\">Che cos&#8217;\u00e8 una scommessa doppia?<\/h2>\n<p><img decoding=\"async\" src=\"https:\/\/www.sportingpedia.com\/wp-content\/uploads\/2021\/02\/football-betting-accumulators-vs-single_single-bets.svg\" alt=\"Che Cos'\u00e8 una Scommessa Doppia?\" width=\"300\" height=\"150\" class=\"alignleft\">A differenza delle scommesse singole, nelle quali puoi scegliere due selezioni separate e vincere indipendentemente su ciascuna di esse, le scommesse doppie offrono i rendimenti in modo diverso. Ogni volta che scegli due eventi per la tua scommessa doppia, il ritorno del primo evento, purch\u00e9 vinca, verr\u00e0 reinvestito per coprire la puntata sul secondo evento. <strong>\u00c8 per questo che devi vincere entrambe le selezioni per ricevere una vincita<\/strong>.<\/p>\n<p>Se sei un principiante nelle scommesse sportive, potresti non vedere i vantaggi di piazzare una scommessa doppia invece di due scommesse singole sugli stessi eventi. In parole semplici, <strong>le quote di una scommessa doppia sono superiori a quelle offerte su due selezioni separate<\/strong>. Se utilizzi i nostri Calcolatori di Scommesse Singole e di Scommesse Doppie, noterai facilmente la differenza nel potenziale ritorno.<\/p>\n<p>Le scommesse doppie sono popolari tra i fan di calcio, tennis, corse di cavalli e di molti altri sport. Sebbene la parte difficile di questo tipo di scommessa sia centrare entrambe le selezioni, puoi vedere facilmente che il potenziale ritorno \u00e8 significativamente pi\u00f9 alto con le scommesse doppie. <strong>Le quote su questo tipo di scommessa sono calcolate moltiplicando le quote di ciascuna selezione<\/strong>. Il risultato rappresenter\u00e0 le quote combinate della tua scommessa doppia, che pagher\u00e0 solo se entrambi gli eventi risultano vincenti.<\/p>\n<p>\u00c8 anche possibile effettuare una scommessa doppia each way, simile a una scommessa singola each way: piazzerai due puntate identiche su due selezioni e entrambe dovranno risultare vincenti perch\u00e9 la tua scommessa doppia resti valida e generi un ritorno.<\/p>\n<h2 id=\"work\">Come funziona il nostro calcolatore di scommesse doppie?<\/h2>\n<p><img decoding=\"async\" src=\"https:\/\/www.sportingpedia.com\/wp-content\/uploads\/2021\/02\/nfl-betting-cashout_calculating.svg\" alt=\"Come Funziona il Nostro Calcolatore di Scommesse Doppie?\" width=\"300\" height=\"150\" class=\"alignleft\">Per calcolare il potenziale ritorno delle tue scommesse doppie puoi utilizzare il nostro strumento calcolatore: \u00e8 estremamente facile da usare e ti mostrer\u00e0 all&#8217;istante il profitto che puoi aspettarti. Per <strong>regolare il formato delle quote del calcolatore<\/strong>, vai nelle impostazioni dello strumento, dove potrai scegliere tra i formati di quota pi\u00f9 comuni. Puoi anche aggiungere note alle tue selezioni o attivare le impostazioni speciali each way.<\/p>\n<p>Una volta impostate le opzioni dello strumento, decidi se hai optato per <strong>le scommesse each way<\/strong>. Dovrai inoltre indicare il numero di selezioni su cui intendi scommettere. Poich\u00e9 stai effettuando una scommessa doppia, il numero minimo di selezioni richiesto \u00e8 due, ma puoi scegliere di visualizzare il ritorno per un massimo di 20 selezioni. Tieni presente che, se scegli pi\u00f9 selezioni del necessario per una scommessa doppia, le tue puntate saranno considerate permutazioni (combinazioni di scommesse).<\/p>\n<p>Se stai scommettendo su un cavallo in un evento di corse e viene applicata la <strong>Regola 4<\/strong>, puoi regolare le impostazioni del nostro calcolatore per includere questa regola nelle stime del ritorno potenziale. Il passo successivo \u00e8 scegliere l&#8217;esito di ciascuna selezione, con le opzioni disponibili tra Vincitore, pari merito, piazzato e Annullata\/Non partente.<\/p>\n<p>Dovrai quindi inserire le quote per ciascuna selezione della tua scommessa doppia, avendo la libert\u00e0 di inserirle nel formato che trovi pi\u00f9 comodo. <strong>Il passo successivo \u00e8 inserire l&#8217;importo che desideri scommettere<\/strong>, con il nostro calcolatore che ti permette di scegliere se applicare questo importo come totale della puntata o calcolare il ritorno considerandolo come somma da puntare per scommessa.<\/p>\n<p>Una volta inserite tutte le informazioni, vedrai l&#8217;importo totale che stai puntando, l&#8217;importo per singola scommessa, il ritorno complessivo e <strong>il profitto totale che puoi aspettarti dalle tue scommesse doppie<\/strong>. Puoi salvare la schedina generata o cancellare tutti i dettagli che hai inserito nello strumento calcolatore.<\/p>\n<h2 id=\"why\">Perch\u00e9 dovresti usare un calcolatore di scommesse doppie?<\/h2>\n<p><img decoding=\"async\" src=\"https:\/\/www.sportingpedia.com\/wp-content\/uploads\/2021\/02\/football-betting-how-to-calculate-arbitrage-bets_why-do-such-opportunities-appear.svg\" alt=\"Perch\u00e9 Dovresti Usare un Calcolatore di Scommesse Doppie?\" width=\"300\" height=\"150\" class=\"alignleft \">Anche se le scommesse doppie sono la forma pi\u00f9 semplice di scommessa multipla, \u00e8 comunque molto pi\u00f9 pratico calcolare i possibili ritorni con uno strumento calcolatore. Grazie a questo tipo di strumento, <strong>puoi anche notare chiaramente la differenza tra fare due scommesse singole o optare per una scommessa doppia<\/strong>. Con l&#8217;aiuto del nostro Calcolatore di Scommesse Doppie, puoi vedere come l&#8217;aumento del numero di selezioni influenzi l&#8217;importo totale della tua scommessa e il tuo possibile ricavo.<\/p>\n<p>In poche parole, <strong>utilizzare un Calcolatore di Scommesse Doppie<\/strong> ti aiuter\u00e0 a determinare il potenziale ricavo della tua sessione di gioco ancora prima di piazzare qualsiasi scommessa con un bookmaker. Se sei interessato alle scommesse multiple, puoi anche controllare il nostro Calcolatore di Scommesse Triple e il Calcolatore di Scommesse Accumulatore.<\/p>\n","protected":false},"excerpt":{"rendered":"<p>La scommessa doppia \u00e8 un tipo semplice di scommessa che i giocatori possono piazzare su vari eventi sportivi e non sportivi. Si tratta di un&#8217;opzione di scommessa multipla composta da due selezioni e la vincita si ottiene solo se entrambe risultano vincenti. Per calcolare il ritorno su questo tipo di scommessa, puoi utilizzare il nostro [&hellip;]<\/p>\n","protected":false},"author":8,"featured_media":120376,"parent":115430,"menu_order":200,"comment_status":"closed","ping_status":"closed","template":"template-guide-page.php","meta":{"footnotes":""},"class_list":["post-115423","page","type-page","status-publish","has-post-thumbnail","hentry"],"yoast_head":"<!-- This site is optimized with the Yoast SEO plugin v26.6 - https:\/\/yoast.com\/wordpress\/plugins\/seo\/ -->\n<title>Calcolatore scommesse doppie<\/title>\n<meta name=\"description\" content=\"Usa il nostro calcolatore scommesse doppie per calcolare il rendimento della tua scommessa.\" \/>\n<meta name=\"robots\" content=\"index, follow, max-snippet:-1, max-image-preview:large, max-video-preview:-1\" \/>\n<link rel=\"canonical\" href=\"https:\/\/www.sportingpedia.com\/it\/betting-calculators\/double-bet-calculator\/\" \/>\n<meta property=\"og:locale\" content=\"it_IT\" \/>\n<meta property=\"og:type\" content=\"article\" \/>\n<meta property=\"og:title\" content=\"Calcolatore scommesse doppie\" \/>\n<meta property=\"og:description\" content=\"Usa il nostro calcolatore scommesse doppie per calcolare il rendimento della tua scommessa.\" \/>\n<meta property=\"og:url\" content=\"https:\/\/www.sportingpedia.com\/it\/betting-calculators\/double-bet-calculator\/\" \/>\n<meta property=\"og:site_name\" content=\"Sportingpedia - Latest Sports News From All Over the World\" \/>\n<meta property=\"article:modified_time\" content=\"2025-11-17T12:06:31+00:00\" \/>\n<meta name=\"twitter:card\" content=\"summary_large_image\" \/>\n<meta name=\"twitter:label1\" content=\"Tempo di lettura stimato\" \/>\n\t<meta name=\"twitter:data1\" content=\"5 minuti\" \/>\n<script type=\"application\/ld+json\" class=\"yoast-schema-graph\">{\"@context\":\"https:\/\/schema.org\",\"@graph\":[{\"@type\":\"WebPage\",\"@id\":\"https:\/\/www.sportingpedia.com\/it\/betting-calculators\/double-bet-calculator\/\",\"url\":\"https:\/\/www.sportingpedia.com\/it\/betting-calculators\/double-bet-calculator\/\",\"name\":\"Calcolatore scommesse doppie\",\"isPartOf\":{\"@id\":\"https:\/\/www.sportingpedia.com\/it\/#website\"},\"primaryImageOfPage\":{\"@id\":\"https:\/\/www.sportingpedia.com\/it\/betting-calculators\/double-bet-calculator\/#primaryimage\"},\"image\":{\"@id\":\"https:\/\/www.sportingpedia.com\/it\/betting-calculators\/double-bet-calculator\/#primaryimage\"},\"thumbnailUrl\":\"https:\/\/www.sportingpedia.com\/wp-content\/uploads\/2023\/03\/double-bet-calculator-featured.svg\",\"datePublished\":\"2025-04-10T06:57:49+00:00\",\"dateModified\":\"2025-11-17T12:06:31+00:00\",\"description\":\"Usa il nostro calcolatore scommesse doppie per calcolare il rendimento della tua scommessa.\",\"breadcrumb\":{\"@id\":\"https:\/\/www.sportingpedia.com\/it\/betting-calculators\/double-bet-calculator\/#breadcrumb\"},\"inLanguage\":\"it-IT\",\"potentialAction\":[{\"@type\":\"ReadAction\",\"target\":[\"https:\/\/www.sportingpedia.com\/it\/betting-calculators\/double-bet-calculator\/\"]}]},{\"@type\":\"ImageObject\",\"inLanguage\":\"it-IT\",\"@id\":\"https:\/\/www.sportingpedia.com\/it\/betting-calculators\/double-bet-calculator\/#primaryimage\",\"url\":\"https:\/\/www.sportingpedia.com\/wp-content\/uploads\/2023\/03\/double-bet-calculator-featured.svg\",\"contentUrl\":\"https:\/\/www.sportingpedia.com\/wp-content\/uploads\/2023\/03\/double-bet-calculator-featured.svg\"},{\"@type\":\"BreadcrumbList\",\"@id\":\"https:\/\/www.sportingpedia.com\/it\/betting-calculators\/double-bet-calculator\/#breadcrumb\",\"itemListElement\":[{\"@type\":\"ListItem\",\"position\":1,\"name\":\"Home\",\"item\":\"https:\/\/www.sportingpedia.com\/it\/home-2\/\"},{\"@type\":\"ListItem\",\"position\":2,\"name\":\"Calcolatori per le Scommesse Sportive\",\"item\":\"https:\/\/www.sportingpedia.com\/it\/betting-calculators\/\"},{\"@type\":\"ListItem\",\"position\":3,\"name\":\"Calcolatore scommesse doppie\"}]},{\"@type\":\"WebSite\",\"@id\":\"https:\/\/www.sportingpedia.com\/it\/#website\",\"url\":\"https:\/\/www.sportingpedia.com\/it\/\",\"name\":\"Sportingpedia - Latest Sports News From All Over the World\",\"description\":\"\",\"publisher\":{\"@id\":\"https:\/\/www.sportingpedia.com\/it\/#organization\"},\"potentialAction\":[{\"@type\":\"SearchAction\",\"target\":{\"@type\":\"EntryPoint\",\"urlTemplate\":\"https:\/\/www.sportingpedia.com\/it\/?s={search_term_string}\"},\"query-input\":{\"@type\":\"PropertyValueSpecification\",\"valueRequired\":true,\"valueName\":\"search_term_string\"}}],\"inLanguage\":\"it-IT\"},{\"@type\":\"Organization\",\"@id\":\"https:\/\/www.sportingpedia.com\/it\/#organization\",\"name\":\"SportingPedia\",\"url\":\"https:\/\/www.sportingpedia.com\/it\/\",\"logo\":{\"@type\":\"ImageObject\",\"inLanguage\":\"it-IT\",\"@id\":\"https:\/\/www.sportingpedia.com\/it\/#\/schema\/logo\/image\/\",\"url\":\"https:\/\/www.sportingpedia.com\/wp-content\/uploads\/2019\/10\/SportingPedia_logo.png\",\"contentUrl\":\"https:\/\/www.sportingpedia.com\/wp-content\/uploads\/2019\/10\/SportingPedia_logo.png\",\"width\":600,\"height\":101,\"caption\":\"SportingPedia\"},\"image\":{\"@id\":\"https:\/\/www.sportingpedia.com\/it\/#\/schema\/logo\/image\/\"}}]}<\/script>\n<!-- \/ Yoast SEO plugin. -->","yoast_head_json":{"title":"Calcolatore scommesse doppie","description":"Usa il nostro calcolatore scommesse doppie per calcolare il rendimento della tua scommessa.","robots":{"index":"index","follow":"follow","max-snippet":"max-snippet:-1","max-image-preview":"max-image-preview:large","max-video-preview":"max-video-preview:-1"},"canonical":"https:\/\/www.sportingpedia.com\/it\/betting-calculators\/double-bet-calculator\/","og_locale":"it_IT","og_type":"article","og_title":"Calcolatore scommesse doppie","og_description":"Usa il nostro calcolatore scommesse doppie per calcolare il rendimento della tua scommessa.","og_url":"https:\/\/www.sportingpedia.com\/it\/betting-calculators\/double-bet-calculator\/","og_site_name":"Sportingpedia - Latest Sports News From All Over the World","article_modified_time":"2025-11-17T12:06:31+00:00","twitter_card":"summary_large_image","twitter_misc":{"Tempo di lettura stimato":"5 minuti"},"schema":{"@context":"https:\/\/schema.org","@graph":[{"@type":"WebPage","@id":"https:\/\/www.sportingpedia.com\/it\/betting-calculators\/double-bet-calculator\/","url":"https:\/\/www.sportingpedia.com\/it\/betting-calculators\/double-bet-calculator\/","name":"Calcolatore scommesse doppie","isPartOf":{"@id":"https:\/\/www.sportingpedia.com\/it\/#website"},"primaryImageOfPage":{"@id":"https:\/\/www.sportingpedia.com\/it\/betting-calculators\/double-bet-calculator\/#primaryimage"},"image":{"@id":"https:\/\/www.sportingpedia.com\/it\/betting-calculators\/double-bet-calculator\/#primaryimage"},"thumbnailUrl":"https:\/\/www.sportingpedia.com\/wp-content\/uploads\/2023\/03\/double-bet-calculator-featured.svg","datePublished":"2025-04-10T06:57:49+00:00","dateModified":"2025-11-17T12:06:31+00:00","description":"Usa il nostro calcolatore scommesse doppie per calcolare il rendimento della tua scommessa.","breadcrumb":{"@id":"https:\/\/www.sportingpedia.com\/it\/betting-calculators\/double-bet-calculator\/#breadcrumb"},"inLanguage":"it-IT","potentialAction":[{"@type":"ReadAction","target":["https:\/\/www.sportingpedia.com\/it\/betting-calculators\/double-bet-calculator\/"]}]},{"@type":"ImageObject","inLanguage":"it-IT","@id":"https:\/\/www.sportingpedia.com\/it\/betting-calculators\/double-bet-calculator\/#primaryimage","url":"https:\/\/www.sportingpedia.com\/wp-content\/uploads\/2023\/03\/double-bet-calculator-featured.svg","contentUrl":"https:\/\/www.sportingpedia.com\/wp-content\/uploads\/2023\/03\/double-bet-calculator-featured.svg"},{"@type":"BreadcrumbList","@id":"https:\/\/www.sportingpedia.com\/it\/betting-calculators\/double-bet-calculator\/#breadcrumb","itemListElement":[{"@type":"ListItem","position":1,"name":"Home","item":"https:\/\/www.sportingpedia.com\/it\/home-2\/"},{"@type":"ListItem","position":2,"name":"Calcolatori per le Scommesse Sportive","item":"https:\/\/www.sportingpedia.com\/it\/betting-calculators\/"},{"@type":"ListItem","position":3,"name":"Calcolatore scommesse doppie"}]},{"@type":"WebSite","@id":"https:\/\/www.sportingpedia.com\/it\/#website","url":"https:\/\/www.sportingpedia.com\/it\/","name":"Sportingpedia - Latest Sports News From All Over the World","description":"","publisher":{"@id":"https:\/\/www.sportingpedia.com\/it\/#organization"},"potentialAction":[{"@type":"SearchAction","target":{"@type":"EntryPoint","urlTemplate":"https:\/\/www.sportingpedia.com\/it\/?s={search_term_string}"},"query-input":{"@type":"PropertyValueSpecification","valueRequired":true,"valueName":"search_term_string"}}],"inLanguage":"it-IT"},{"@type":"Organization","@id":"https:\/\/www.sportingpedia.com\/it\/#organization","name":"SportingPedia","url":"https:\/\/www.sportingpedia.com\/it\/","logo":{"@type":"ImageObject","inLanguage":"it-IT","@id":"https:\/\/www.sportingpedia.com\/it\/#\/schema\/logo\/image\/","url":"https:\/\/www.sportingpedia.com\/wp-content\/uploads\/2019\/10\/SportingPedia_logo.png","contentUrl":"https:\/\/www.sportingpedia.com\/wp-content\/uploads\/2019\/10\/SportingPedia_logo.png","width":600,"height":101,"caption":"SportingPedia"},"image":{"@id":"https:\/\/www.sportingpedia.com\/it\/#\/schema\/logo\/image\/"}}]}},"_links":{"self":[{"href":"https:\/\/www.sportingpedia.com\/it\/wp-json\/wp\/v2\/pages\/115423","targetHints":{"allow":["GET"]}}],"collection":[{"href":"https:\/\/www.sportingpedia.com\/it\/wp-json\/wp\/v2\/pages"}],"about":[{"href":"https:\/\/www.sportingpedia.com\/it\/wp-json\/wp\/v2\/types\/page"}],"author":[{"embeddable":true,"href":"https:\/\/www.sportingpedia.com\/it\/wp-json\/wp\/v2\/users\/8"}],"replies":[{"embeddable":true,"href":"https:\/\/www.sportingpedia.com\/it\/wp-json\/wp\/v2\/comments?post=115423"}],"version-history":[{"count":5,"href":"https:\/\/www.sportingpedia.com\/it\/wp-json\/wp\/v2\/pages\/115423\/revisions"}],"predecessor-version":[{"id":146365,"href":"https:\/\/www.sportingpedia.com\/it\/wp-json\/wp\/v2\/pages\/115423\/revisions\/146365"}],"up":[{"embeddable":true,"href":"https:\/\/www.sportingpedia.com\/it\/wp-json\/wp\/v2\/pages\/115430"}],"wp:featuredmedia":[{"embeddable":true,"href":"https:\/\/www.sportingpedia.com\/it\/wp-json\/wp\/v2\/media\/120376"}],"wp:attachment":[{"href":"https:\/\/www.sportingpedia.com\/it\/wp-json\/wp\/v2\/media?parent=115423"}],"curies":[{"name":"wp","href":"https:\/\/api.w.org\/{rel}","templated":true}]}}