{"id":115424,"date":"2025-04-10T06:57:49","date_gmt":"2025-04-10T06:57:49","guid":{"rendered":"https:\/\/www.sportingpedia.com\/?page_id=115424"},"modified":"2025-11-17T12:07:21","modified_gmt":"2025-11-17T12:07:21","slug":"treble-bet-calculator","status":"publish","type":"page","link":"https:\/\/www.sportingpedia.com\/it\/betting-calculators\/treble-bet-calculator\/","title":{"rendered":"Calcolatore scommesse triple"},"content":{"rendered":"<p>Simili alle scommesse doppie, le scommesse triple combinano tre selezioni singole dirette e offrono un ritorno solo se vincono tutti e tre gli eventi. Se sei curioso di sapere quale potrebbe essere il pagamento di una scommessa tripla, puoi ricorrere al <strong>nostro calcolatore facile da usare<\/strong>, che riveler\u00e0 istantaneamente il potenziale profitto che puoi aspettarti.<\/p>\n\n\t\t<div class=\"container p-3 widget-betting-calculator\">\n\t\t\t<div class=\"row\">\n\t\t\t\t<div class=\"col-12 col-md-6 form-group\">\n\t\t\t\t\t<label for=\"format\">Formato quote:<\/label>\n\t\t\t\t\t<select class=\"form-control\" id=\"format\">\n\t\t\t\t\t\t<option value=\"decimal\">Decimale<\/option>\n\t\t\t\t\t\t<option value=\"american\">Americano<\/option>\n\t\t\t\t\t\t<option value=\"fractional\">Frazionario<\/option>\n\t\t\t\t\t<\/select>\n\t\t\t\t<\/div>\n\t\t\t\t\n\t\t\t\t<div class=\"col-12 col-md-6 form-group\">\n\t\t\t\t\t<label for=\"stake\">Puntata:<\/label>\n\t\t\t\t\t<input type=\"text\" class=\"form-control\" id=\"stake\" placeholder=\"Inserisci la puntata\">\n\t\t\t\t<\/div>\n\n\t\t\t\t<div class=\"col-12 col-md-4 form-group\">\n\t\t\t\t\t<label for=\"odds\">Quote:<\/label>\n\t\t\t\t\t<input type=\"text\" class=\"form-control\" id=\"odds\" placeholder=\"Inserisci le quote\">\n\t\t\t\t<\/div>\n\n\t\t\t\t<div class=\"col-12 col-md-4 form-group\">\n\t\t\t\t\t<label for=\"odds2\">Quota 2:<\/label>\n\t\t\t\t\t<input type=\"text\" class=\"form-control\" id=\"odds2\" placeholder=\"Inserisci le quote\">\n\t\t\t\t<\/div>\n\n\t\t\t\t<div class=\"col-12 col-md-4 form-group\">\n\t\t\t\t\t<label for=\"odds2\">Quota 3:<\/label>\n\t\t\t\t\t<input type=\"text\" class=\"form-control\" id=\"odds3\" placeholder=\"Inserisci le quote\">\n\t\t\t\t<\/div>\n\t\t\t<\/div>\n\n\t\t\t\t<div id=\"result\"><\/div>\n\n\t\t\t\t<button type=\"button\" class=\"btn btn-primary\" id=\"calculate\">Calcola<\/button>\n\t\t\t\t<button type=\"button\" class=\"btn btn-warning\" id=\"reset\">Reimposta<\/button>\n\t\t\t\t\n\t\t<\/div>\n\n\t\t<script>\n\t\t\tjQuery(document).ready(function($) {\n\t\t\t\t$(\"#calculate\").click(function() {\n\t\t\t\t    var format = $(\"#format\").val();\n\t\t\t\t    var odds = $(\"#odds\").val();\n\t\t\t\t    var odds2 = $(\"#odds2\").val();\n\t\t\t\t    var odds3 = $(\"#odds3\").val();\n\t\t\t\t    var stake = $(\"#stake\").val();\n\t\t\t\t    if (format == \"decimal\") {\n\t\t\t\t      \tif ($.isNumeric(odds) && odds > 1 && $.isNumeric(odds2) && odds2 > 1 && $.isNumeric(odds3) && odds3 > 1) {\n\t\t\t\t        \tvar payout = (stake * (parseFloat(odds) * parseFloat(odds2) * parseFloat(odds3))).toFixed(2);\n\t\t\t\t        \tvar profit = (payout - stake).toFixed(2);\n\t\t\t\t        \t$(\"#result\").html(\"Pagamento: $\" + payout + \"<br>Profitto: $\" + profit).addClass(\"success\");;\n\t\t\t\t      \t} else {\n\t\t\t\t        \t$(\"#result\").html(\"Inserisci quote decimali valide maggiori di 1.\").addClass(\"error\");\n\t\t\t\t      \t}\n\t\t\t\t    } else if (format == \"american\") {\n\t\t\t\t      \tif ($.isNumeric(odds) && $.isNumeric(odds2) && $.isNumeric(odds3)) {\n\t\t\t\t\t        var decimalOdds, decimalOdds2, decimalOdds3;\n\t\t\t\t\t        if (odds > 0) {\n\t\t\t\t\t          decimalOdds = (odds \/ 100 + 1).toFixed(2);\n\t\t\t\t\t        } else {\n\t\t\t\t\t          decimalOdds = (100 \/ -odds + 1).toFixed(2);\n\t\t\t\t\t        }\n\t\t\t\t\t        if (odds2 > 0) {\n\t\t\t\t\t          decimalOdds2 = (odds2 \/ 100 + 1).toFixed(2);\n\t\t\t\t\t        } else {\n\t\t\t\t\t          decimalOdds2 = (100 \/ -odds2 + 1).toFixed(2);\n\t\t\t\t\t        }\n\t\t\t\t\t        if (odds3 > 0) {\n\t\t\t\t\t          decimalOdds3 = (odds3 \/ 100 + 1).toFixed(2);\n\t\t\t\t\t        } else {\n\t\t\t\t\t          decimalOdds3 = (100 \/ -odds3 + 1).toFixed(2);\n\t\t\t\t\t        }\n\t\t\t\t\t        var payout = (stake * (parseFloat(decimalOdds) * parseFloat(decimalOdds2) * parseFloat(decimalOdds3))).toFixed(2);\n\t\t\t\t\t        var profit = (payout - stake).toFixed(2);\n\t\t\t\t\t        $(\"#result\").html(\"Pagamento: $\" + payout + \"<br>Profitto: $\" + profit).addClass(\"success\");;\n\t\t\t\t      \t} else {\n\t\t\t\t        \t$(\"#result\").html(\"Inserisci quote americane valide.\").addClass(\"error\");\n\t\t\t\t      \t}\n\t\t\t\t    } else if (format == \"fractional\") {\n\t\t\t\t      \tif (\/^\\d+\\\/\\d+$\/.test(odds) && \/^\\d+\\\/\\d+$\/.test(odds2) && \/^\\d+\\\/\\d+$\/.test(odds3)) {\n\t\t\t\t\t        var parts = odds.split(\"\/\");\n\t\t\t\t\t        var numerator = parseInt(parts[0]);\n\t\t\t\t\t        var denominator = parseInt(parts[1]);\n\t\t\t\t\t        var decimalOdds = (numerator \/ denominator + 1).toFixed(2);\n\t\t\t\t\t        var parts2 = odds2.split(\"\/\");\n\t\t\t\t\t        var numerator2 = parseInt(parts2[0]);\n\t\t\t\t\t        var denominator2 = parseInt(parts2[1]);\n\t\t\t\t\t        var decimalOdds2 = (numerator2 \/ denominator2 + 1).toFixed(2);\n\t\t\t\t\t        var parts3 = odds3.split(\"\/\");\n\t\t\t\t\t        var numerator3 = parseInt(parts3[0]);\n\t\t\t\t\t        var denominator3 = parseInt(parts3[1]);\n\t\t\t\t\t        var decimalOdds3 = (numerator3 \/ denominator3 + 1).toFixed(2);\n\t\t\t\t\t        var payout = (stake * (parseFloat(decimalOdds) * parseFloat(decimalOdds2) * parseFloat(decimalOdds3))).toFixed(2);\n\t\t\t\t\t        var profit = (payout - stake).toFixed(2);\n\t\t\t\t\t        $(\"#result\").html(\"Pagamento: $\" + payout + \"<br>Profitto: $\" + profit).addClass(\"success\");;\n\t\t\t\t      \t} else {\n\t\t\t\t        \t$(\"#result\").html(\"Inserisci quote frazionarie valide nel formato X\/Y.\").addClass(\"error\");\n\t\t\t\t      \t}\n\t\t\t\t    }\n\t\t\t\t});\n\n\t\t\t\t$(\"#reset\").click(function() {\n\t\t\t\t    $(\"#odds\").val(\"\");\n\t\t\t\t    $(\"#odds2\").val(\"\");\n\t\t\t\t    $(\"#odds3\").val(\"\");\n\t\t\t\t    $(\"#stake\").val(\"\");\n\t\t\t\t    $(\"#result\").html(\"\").removeClass();\n\t\t\t\t});\n\t\t\t});\n\t\t<\/script>\n\t\n<div class=\"mb-3\">&nbsp;<\/div>\n\n<h2 id=\"what\">Che cos&#8217;\u00e8 una scommessa tripla?<\/h2>\n<p><img decoding=\"async\" src=\"https:\/\/www.sportingpedia.com\/wp-content\/uploads\/2021\/02\/football-betting-accumulators-vs-single_single-bets.svg\" alt=\"Che cos'\u00e8 una Scommessa Tripla?\" width=\"300\" height=\"150\" class=\"alignleft \">Se ti stai chiedendo quale sia la differenza tra piazzare tre scommesse singole su selezioni diverse e piazzare una scommessa tripla sulle stesse selezioni, la risposta \u00e8 semplice: sta nelle quote. Invece di ottenere il ritorno specifico di ciascuna selezione, <strong>le quote delle tre selezioni vengono moltiplicate<\/strong> e applicate alla tua puntata, ma solo se tutte e tre vincono.<\/p>\n<p>Ogni volta che piazzi una scommessa tripla su tre eventi diversi, il ritorno ottenuto dalla prima selezione viene utilizzato come puntata per la seconda, mentre il profitto della seconda viene reinvestito sulla terza. In questo modo potrai ottenere un <strong>profitto significativamente pi\u00f9 alto<\/strong> se tutte e tre le selezioni risultano vincenti.<\/p>\n<p>Gli scommettitori possono anche effettuare scommesse triple each way, il che significa piazzare sia una tripla vincente sia una tripla piazzata sulle stesse tre selezioni. Poich\u00e9 in pratica stai piazzando due tipi di scommesse triple, la puntata viene naturalmente raddoppiata. Se desideri calcolare il ritorno potenziale di ciascuna parte, puoi semplicemente usare un calcolatore di scommesse triple.<\/p>\n<h2 id=\"how\">Come funziona il nostro calcolatore di scommesse triple?<\/h2>\n<p><img decoding=\"async\" src=\"https:\/\/www.sportingpedia.com\/wp-content\/uploads\/2021\/02\/nfl-betting-cashout_calculating.svg\" alt=\"Come Funziona il Nostro Calcolatore di Scommesse Triple?\" width=\"300\" height=\"150\" class=\"alignleft \">Il nostro calcolatore mostra immediatamente il ritorno potenziale della tua scommessa tripla ed \u00e8 estremamente facile da usare per qualsiasi scommettitore. Indipendentemente dal formato di quote che preferisci, <strong>puoi utilizzare il menu delle impostazioni del calcolatore per scegliere tra i formati pi\u00f9 comuni<\/strong>. Puoi inoltre aggiungere note alle tue selezioni o utilizzare impostazioni avanzate per la modalit\u00e0 each way. <\/p>\n<p>Una volta impostata la schedina, puoi scegliere se effettuare una tripla standard o una tripla each way. Il passo successivo \u00e8 definire il numero di selezioni su cui scommettere. Sebbene una tripla richieda tre selezioni, puoi anche visualizzare il ritorno fino a 20 selezioni. Tieni presente che, in questo caso, i calcoli su pi\u00f9 di tre selezioni saranno considerati stime del ritorno di perm <strong>(combinazioni di scommesse)<\/strong>.<\/p>\n<p>Se stai piazzando una tripla sulle corse di cavalli, puoi anche scegliere di includere la Regola 4 nei calcoli del ritorno potenziale. Successivamente seleziona l&#8217;esito su cui scommettere e inserisci le quote per ciascuna parte della scommessa tripla. Per ogni parte puoi indicare: vincitore, parit\u00e0, perso o annullato\/non partito.<\/p>\n<p>L&#8217;ultimo passaggio consiste nell&#8217;indicare la puntata e specificare se rappresenta l&#8217;importo totale della tripla o la puntata per ciascuna scommessa. Una volta fatto, vedrai l&#8217;importo totale scommesso, <strong>il ritorno complessivo e il profitto che puoi aspettarti dalla tripla vincente<\/strong>. Puoi quindi salvare la schedina generata dal calcolatore oppure cancellare tutti i dati inseriti.<\/p>\n<h2 id=\"why\">Perch\u00e9 dovresti usare un calcolatore di scommesse triple?<\/h2>\n<p><img decoding=\"async\" src=\"https:\/\/www.sportingpedia.com\/wp-content\/uploads\/2021\/02\/football-betting-how-to-calculate-arbitrage-bets_why-do-such-opportunities-appear.svg\" alt=\"Perch\u00e9 Dovresti Usare un Calcolatore di Scommesse a Treble?\" width=\"300\" height=\"150\" class=\"alignleft \">Utilizzare un calcolatore di scommesse triple \u00e8 un modo pratico per calcolare le quote combinate e confrontare il profitto che potresti ottenere rispetto a tre scommesse singole. Con il nostro strumento <strong>puoi visualizzare facilmente il ritorno potenziale e il profitto atteso<\/strong>, stabilendo cos\u00ec quale opzione di puntata sia pi\u00f9 vantaggiosa prima di scommettere con un bookmaker.<\/p>\n<p>Poich\u00e9 molti scommettitori apprezzano le scommesse each way, il nostro calcolatore presenta anche il ritorno potenziale di triple each way. \u00c8 inoltre possibile visualizzare i risultati applicando la Regola 4 e altre impostazioni specifiche, consentendo agli utenti di creare un bollettino il pi\u00f9 dettagliato possibile con il nostro strumento.<\/p>\n<p>Poich\u00e9 offriamo anche un <strong>Calcolatore di Scommesse Singole<\/strong>, gli scommettitori possono confrontare facilmente il ritorno potenziale di tre scommesse singole con quello di una scommessa tripla sulle stesse selezioni. Inoltre, chi \u00e8 interessato alle multiple pu\u00f2 usare i nostri calcolatori per le scommesse doppie e per l&#8217;accumulatore, cos\u00ec da individuare le opzioni migliori per le proprie sessioni di gioco.<\/p>\n","protected":false},"excerpt":{"rendered":"<p>Simili alle scommesse doppie, le scommesse triple combinano tre selezioni singole dirette e offrono un ritorno solo se vincono tutti e tre gli eventi. Se sei curioso di sapere quale potrebbe essere il pagamento di una scommessa tripla, puoi ricorrere al nostro calcolatore facile da usare, che riveler\u00e0 istantaneamente il potenziale profitto che puoi aspettarti. [&hellip;]<\/p>\n","protected":false},"author":8,"featured_media":120378,"parent":115430,"menu_order":300,"comment_status":"closed","ping_status":"closed","template":"template-guide-page.php","meta":{"footnotes":""},"class_list":["post-115424","page","type-page","status-publish","has-post-thumbnail","hentry"],"yoast_head":"<!-- This site is optimized with the Yoast SEO plugin v26.6 - https:\/\/yoast.com\/wordpress\/plugins\/seo\/ -->\n<title>Calcolatore Scommesse Triple<\/title>\n<meta name=\"description\" content=\"Usa il nostro calcolatore scommesse triple per calcolare il rendimento della tua scommessa.\" \/>\n<meta name=\"robots\" content=\"index, follow, max-snippet:-1, max-image-preview:large, max-video-preview:-1\" \/>\n<link rel=\"canonical\" href=\"https:\/\/www.sportingpedia.com\/it\/betting-calculators\/treble-bet-calculator\/\" \/>\n<meta property=\"og:locale\" content=\"it_IT\" \/>\n<meta property=\"og:type\" content=\"article\" \/>\n<meta property=\"og:title\" content=\"Calcolatore Scommesse Triple\" \/>\n<meta property=\"og:description\" content=\"Usa il nostro calcolatore scommesse triple per calcolare il rendimento della tua scommessa.\" \/>\n<meta property=\"og:url\" content=\"https:\/\/www.sportingpedia.com\/it\/betting-calculators\/treble-bet-calculator\/\" \/>\n<meta property=\"og:site_name\" content=\"Sportingpedia - Latest Sports News From All Over the World\" \/>\n<meta property=\"article:modified_time\" content=\"2025-11-17T12:07:21+00:00\" \/>\n<meta name=\"twitter:card\" content=\"summary_large_image\" \/>\n<meta name=\"twitter:label1\" content=\"Tempo di lettura stimato\" \/>\n\t<meta name=\"twitter:data1\" content=\"5 minuti\" \/>\n<script type=\"application\/ld+json\" class=\"yoast-schema-graph\">{\"@context\":\"https:\/\/schema.org\",\"@graph\":[{\"@type\":\"WebPage\",\"@id\":\"https:\/\/www.sportingpedia.com\/it\/betting-calculators\/treble-bet-calculator\/\",\"url\":\"https:\/\/www.sportingpedia.com\/it\/betting-calculators\/treble-bet-calculator\/\",\"name\":\"Calcolatore Scommesse Triple\",\"isPartOf\":{\"@id\":\"https:\/\/www.sportingpedia.com\/it\/#website\"},\"primaryImageOfPage\":{\"@id\":\"https:\/\/www.sportingpedia.com\/it\/betting-calculators\/treble-bet-calculator\/#primaryimage\"},\"image\":{\"@id\":\"https:\/\/www.sportingpedia.com\/it\/betting-calculators\/treble-bet-calculator\/#primaryimage\"},\"thumbnailUrl\":\"https:\/\/www.sportingpedia.com\/wp-content\/uploads\/2023\/03\/triple-bet-calculator-featured.svg\",\"datePublished\":\"2025-04-10T06:57:49+00:00\",\"dateModified\":\"2025-11-17T12:07:21+00:00\",\"description\":\"Usa il nostro calcolatore scommesse triple per calcolare il rendimento della tua scommessa.\",\"breadcrumb\":{\"@id\":\"https:\/\/www.sportingpedia.com\/it\/betting-calculators\/treble-bet-calculator\/#breadcrumb\"},\"inLanguage\":\"it-IT\",\"potentialAction\":[{\"@type\":\"ReadAction\",\"target\":[\"https:\/\/www.sportingpedia.com\/it\/betting-calculators\/treble-bet-calculator\/\"]}]},{\"@type\":\"ImageObject\",\"inLanguage\":\"it-IT\",\"@id\":\"https:\/\/www.sportingpedia.com\/it\/betting-calculators\/treble-bet-calculator\/#primaryimage\",\"url\":\"https:\/\/www.sportingpedia.com\/wp-content\/uploads\/2023\/03\/triple-bet-calculator-featured.svg\",\"contentUrl\":\"https:\/\/www.sportingpedia.com\/wp-content\/uploads\/2023\/03\/triple-bet-calculator-featured.svg\"},{\"@type\":\"BreadcrumbList\",\"@id\":\"https:\/\/www.sportingpedia.com\/it\/betting-calculators\/treble-bet-calculator\/#breadcrumb\",\"itemListElement\":[{\"@type\":\"ListItem\",\"position\":1,\"name\":\"Home\",\"item\":\"https:\/\/www.sportingpedia.com\/it\/home-2\/\"},{\"@type\":\"ListItem\",\"position\":2,\"name\":\"Calcolatori per le Scommesse Sportive\",\"item\":\"https:\/\/www.sportingpedia.com\/it\/betting-calculators\/\"},{\"@type\":\"ListItem\",\"position\":3,\"name\":\"Calcolatore scommesse triple\"}]},{\"@type\":\"WebSite\",\"@id\":\"https:\/\/www.sportingpedia.com\/it\/#website\",\"url\":\"https:\/\/www.sportingpedia.com\/it\/\",\"name\":\"Sportingpedia - Latest Sports News From All Over the World\",\"description\":\"\",\"publisher\":{\"@id\":\"https:\/\/www.sportingpedia.com\/it\/#organization\"},\"potentialAction\":[{\"@type\":\"SearchAction\",\"target\":{\"@type\":\"EntryPoint\",\"urlTemplate\":\"https:\/\/www.sportingpedia.com\/it\/?s={search_term_string}\"},\"query-input\":{\"@type\":\"PropertyValueSpecification\",\"valueRequired\":true,\"valueName\":\"search_term_string\"}}],\"inLanguage\":\"it-IT\"},{\"@type\":\"Organization\",\"@id\":\"https:\/\/www.sportingpedia.com\/it\/#organization\",\"name\":\"SportingPedia\",\"url\":\"https:\/\/www.sportingpedia.com\/it\/\",\"logo\":{\"@type\":\"ImageObject\",\"inLanguage\":\"it-IT\",\"@id\":\"https:\/\/www.sportingpedia.com\/it\/#\/schema\/logo\/image\/\",\"url\":\"https:\/\/www.sportingpedia.com\/wp-content\/uploads\/2019\/10\/SportingPedia_logo.png\",\"contentUrl\":\"https:\/\/www.sportingpedia.com\/wp-content\/uploads\/2019\/10\/SportingPedia_logo.png\",\"width\":600,\"height\":101,\"caption\":\"SportingPedia\"},\"image\":{\"@id\":\"https:\/\/www.sportingpedia.com\/it\/#\/schema\/logo\/image\/\"}}]}<\/script>\n<!-- \/ Yoast SEO plugin. -->","yoast_head_json":{"title":"Calcolatore Scommesse Triple","description":"Usa il nostro calcolatore scommesse triple per calcolare il rendimento della tua scommessa.","robots":{"index":"index","follow":"follow","max-snippet":"max-snippet:-1","max-image-preview":"max-image-preview:large","max-video-preview":"max-video-preview:-1"},"canonical":"https:\/\/www.sportingpedia.com\/it\/betting-calculators\/treble-bet-calculator\/","og_locale":"it_IT","og_type":"article","og_title":"Calcolatore Scommesse Triple","og_description":"Usa il nostro calcolatore scommesse triple per calcolare il rendimento della tua scommessa.","og_url":"https:\/\/www.sportingpedia.com\/it\/betting-calculators\/treble-bet-calculator\/","og_site_name":"Sportingpedia - Latest Sports News From All Over the World","article_modified_time":"2025-11-17T12:07:21+00:00","twitter_card":"summary_large_image","twitter_misc":{"Tempo di lettura stimato":"5 minuti"},"schema":{"@context":"https:\/\/schema.org","@graph":[{"@type":"WebPage","@id":"https:\/\/www.sportingpedia.com\/it\/betting-calculators\/treble-bet-calculator\/","url":"https:\/\/www.sportingpedia.com\/it\/betting-calculators\/treble-bet-calculator\/","name":"Calcolatore Scommesse Triple","isPartOf":{"@id":"https:\/\/www.sportingpedia.com\/it\/#website"},"primaryImageOfPage":{"@id":"https:\/\/www.sportingpedia.com\/it\/betting-calculators\/treble-bet-calculator\/#primaryimage"},"image":{"@id":"https:\/\/www.sportingpedia.com\/it\/betting-calculators\/treble-bet-calculator\/#primaryimage"},"thumbnailUrl":"https:\/\/www.sportingpedia.com\/wp-content\/uploads\/2023\/03\/triple-bet-calculator-featured.svg","datePublished":"2025-04-10T06:57:49+00:00","dateModified":"2025-11-17T12:07:21+00:00","description":"Usa il nostro calcolatore scommesse triple per calcolare il rendimento della tua scommessa.","breadcrumb":{"@id":"https:\/\/www.sportingpedia.com\/it\/betting-calculators\/treble-bet-calculator\/#breadcrumb"},"inLanguage":"it-IT","potentialAction":[{"@type":"ReadAction","target":["https:\/\/www.sportingpedia.com\/it\/betting-calculators\/treble-bet-calculator\/"]}]},{"@type":"ImageObject","inLanguage":"it-IT","@id":"https:\/\/www.sportingpedia.com\/it\/betting-calculators\/treble-bet-calculator\/#primaryimage","url":"https:\/\/www.sportingpedia.com\/wp-content\/uploads\/2023\/03\/triple-bet-calculator-featured.svg","contentUrl":"https:\/\/www.sportingpedia.com\/wp-content\/uploads\/2023\/03\/triple-bet-calculator-featured.svg"},{"@type":"BreadcrumbList","@id":"https:\/\/www.sportingpedia.com\/it\/betting-calculators\/treble-bet-calculator\/#breadcrumb","itemListElement":[{"@type":"ListItem","position":1,"name":"Home","item":"https:\/\/www.sportingpedia.com\/it\/home-2\/"},{"@type":"ListItem","position":2,"name":"Calcolatori per le Scommesse Sportive","item":"https:\/\/www.sportingpedia.com\/it\/betting-calculators\/"},{"@type":"ListItem","position":3,"name":"Calcolatore scommesse triple"}]},{"@type":"WebSite","@id":"https:\/\/www.sportingpedia.com\/it\/#website","url":"https:\/\/www.sportingpedia.com\/it\/","name":"Sportingpedia - Latest Sports News From All Over the World","description":"","publisher":{"@id":"https:\/\/www.sportingpedia.com\/it\/#organization"},"potentialAction":[{"@type":"SearchAction","target":{"@type":"EntryPoint","urlTemplate":"https:\/\/www.sportingpedia.com\/it\/?s={search_term_string}"},"query-input":{"@type":"PropertyValueSpecification","valueRequired":true,"valueName":"search_term_string"}}],"inLanguage":"it-IT"},{"@type":"Organization","@id":"https:\/\/www.sportingpedia.com\/it\/#organization","name":"SportingPedia","url":"https:\/\/www.sportingpedia.com\/it\/","logo":{"@type":"ImageObject","inLanguage":"it-IT","@id":"https:\/\/www.sportingpedia.com\/it\/#\/schema\/logo\/image\/","url":"https:\/\/www.sportingpedia.com\/wp-content\/uploads\/2019\/10\/SportingPedia_logo.png","contentUrl":"https:\/\/www.sportingpedia.com\/wp-content\/uploads\/2019\/10\/SportingPedia_logo.png","width":600,"height":101,"caption":"SportingPedia"},"image":{"@id":"https:\/\/www.sportingpedia.com\/it\/#\/schema\/logo\/image\/"}}]}},"_links":{"self":[{"href":"https:\/\/www.sportingpedia.com\/it\/wp-json\/wp\/v2\/pages\/115424","targetHints":{"allow":["GET"]}}],"collection":[{"href":"https:\/\/www.sportingpedia.com\/it\/wp-json\/wp\/v2\/pages"}],"about":[{"href":"https:\/\/www.sportingpedia.com\/it\/wp-json\/wp\/v2\/types\/page"}],"author":[{"embeddable":true,"href":"https:\/\/www.sportingpedia.com\/it\/wp-json\/wp\/v2\/users\/8"}],"replies":[{"embeddable":true,"href":"https:\/\/www.sportingpedia.com\/it\/wp-json\/wp\/v2\/comments?post=115424"}],"version-history":[{"count":6,"href":"https:\/\/www.sportingpedia.com\/it\/wp-json\/wp\/v2\/pages\/115424\/revisions"}],"predecessor-version":[{"id":146366,"href":"https:\/\/www.sportingpedia.com\/it\/wp-json\/wp\/v2\/pages\/115424\/revisions\/146366"}],"up":[{"embeddable":true,"href":"https:\/\/www.sportingpedia.com\/it\/wp-json\/wp\/v2\/pages\/115430"}],"wp:featuredmedia":[{"embeddable":true,"href":"https:\/\/www.sportingpedia.com\/it\/wp-json\/wp\/v2\/media\/120378"}],"wp:attachment":[{"href":"https:\/\/www.sportingpedia.com\/it\/wp-json\/wp\/v2\/media?parent=115424"}],"curies":[{"name":"wp","href":"https:\/\/api.w.org\/{rel}","templated":true}]}}