{"id":115426,"date":"2025-04-10T06:57:50","date_gmt":"2025-04-10T06:57:50","guid":{"rendered":"https:\/\/www.sportingpedia.com\/?page_id=115426"},"modified":"2025-11-17T12:08:25","modified_gmt":"2025-11-17T12:08:25","slug":"odds-calculator","status":"publish","type":"page","link":"https:\/\/www.sportingpedia.com\/it\/betting-calculators\/odds-calculator\/","title":{"rendered":"Calcolatore Quote per Scommesse"},"content":{"rendered":"<p>Uno dei modi pi\u00f9 semplici per determinare il potenziale ritorno di una scommessa \u00e8 <strong>usare un calcolatore di quote<\/strong>. Indipendentemente dal formato delle quote che preferisci, puoi usare il nostro strumento di calcolo per stimare rapidamente quale potrebbe essere il potenziale pagamento delle tue scommesse. Con il nostro calcolatore di quote per le scommesse puoi inserire la tua puntata e le quote nei formati americano, decimale o frazionario per calcolare il pagamento delle tue giocate.<\/p>\n\n\t\t<div class=\"container p-3 widget-betting-calculator\">\n\t\t\t<div class=\"row\">\n\t\t\t\t<div class=\"col-12 form-group\">\n\t\t\t\t\t<label for=\"odds-type\">Formato quote:<\/label>\n\t\t\t\t\t<select class=\"form-control\" id=\"odds-type\">\n\t\t\t\t\t\t<option value=\"decimal\">Decimale<\/option>\n\t\t\t\t\t\t<option value=\"american\">Americano<\/option>\n\t\t\t\t\t\t<option value=\"fractional\">Frazionario<\/option>\n\t\t\t\t\t<\/select>\n\t\t\t\t<\/div>\n\t\t\t\t\n\t\t\t    <div class=\"col-12 col-md-6 form-group\">\n\t\t\t      \t<label for=\"odds-input-1\">Quote squadra di casa:<\/label>\n\t\t\t      \t<input type=\"text\" class=\"form-control\" id=\"odds-input-1\" placeholder=\"Inserisci le quote\">\n\t\t\t    <\/div>\n\n\t\t\t    <div class=\"col-12 col-md-6 form-group\">\n\t\t\t      \t<label for=\"implied-odds-1\">Quote implicite squadra di casa:<\/label>\n\t\t\t      \t<input type=\"text\" class=\"form-control\" id=\"implied-odds-1\" readonly>\n\t\t\t    <\/div>\n\n\t\t\t\t<div class=\"col-12 col-md-6 form-group\">\n\t\t\t\t\t<label for=\"odds-input-2\">Quote pareggio:<\/label>\n\t\t\t\t\t<input type=\"text\" class=\"form-control\" id=\"odds-input-2\" placeholder=\"Inserisci le quote\">\n\t\t\t\t<\/div>\n\n\t\t\t\t<div class=\"col-12 col-md-6 form-group\">\n\t\t\t\t\t<label for=\"implied-odds-2\">Quote implicite pareggio:<\/label>\n\t\t\t\t\t<input type=\"text\" class=\"form-control\" id=\"implied-odds-2\" readonly>\n\t\t\t\t<\/div>\n\n\t\t\t\t<div class=\"col-12 col-md-6 form-group\">\n\t\t\t\t\t<label for=\"odds-input-3\">Quote squadra ospite:<\/label>\n\t\t\t\t\t<input type=\"text\" class=\"form-control\" id=\"odds-input-3\" placeholder=\"Inserisci le quote\">\n\t\t\t\t<\/div>\n\t\t\t\t\t   \n\t\t\t\t<div class=\"col-12 col-md-6 form-group\">\n\t\t\t\t\t<label for=\"implied-odds-3\">Quote implicite squadra ospite:<\/label>\n\t\t\t\t\t<input type=\"text\" class=\"form-control\" id=\"implied-odds-3\" readonly>\n\t\t\t\t<\/div>\n\n\t\t\t\t<div class=\"col-12 col-md-6 form-group\">\n\t\t\t\t\t<label for=\"margin-1x2\">Margine 1x2:<\/label>\n\t\t\t\t\t<input type=\"text\" class=\"form-control\" id=\"margin-1x2\" readonly>\n\t\t\t\t<\/div>\n\n\t\t\t\t<div class=\"col-12 col-md-6 form-group\">\n\t\t\t\t\t<label for=\"margin-2way\">Margine 2 vie:<\/label>\n\t\t\t\t\t<input type=\"text\" class=\"form-control\" id=\"margin-2way\" readonly>\n\t\t\t\t<\/div>\n\t\t\t<\/div>\n\n\t\t\t\t<button type=\"button\" class=\"btn btn-primary\" id=\"calculate\">Calcola<\/button>\n\t\t\t\t<button type=\"button\" class=\"btn btn-warning\" id=\"reset\">Reimposta<\/button>\n\t\t\t\t\n\t\t<\/div>\n\n\t\t<script>\n\t\t\tjQuery(document).ready(function($) {\n\t\t\t\t$(\"#calculate\").click(function() {\n\t\t\t\t    var oddsType = $(\"#odds-type\").val();\n\t\t\t        var odds1 = $(\"#odds-input-1\").val();\n\t\t\t        var odds2 = $(\"#odds-input-2\").val();\n\t\t\t        var odds3 = $(\"#odds-input-3\").val();\n\n\t\t\t        if (oddsType == \"decimal\") {\n\t\t\t            var decimalOdds1 = parseFloat(odds1);\n\t\t\t            var decimalOdds2 = parseFloat(odds2);\n\t\t\t            var decimalOdds3 = parseFloat(odds3);\n\t\t\t            var impliedOdds1 = (1 \/ decimalOdds1) * 100;\n\t\t\t            var impliedOdds2 = (1 \/ decimalOdds2) * 100;\n\t\t\t            var impliedOdds3 = (1 \/ decimalOdds3) * 100;\n\t\t\t        } else if (oddsType == \"american\") {\n\t\t\t            var decimalOdds1 = odds1 >= 0 ? (odds1 \/ 100) + 1 : (100 \/ Math.abs(odds1)) + 1;\n\t\t\t            var decimalOdds2 = odds2 >= 0 ? (odds2 \/ 100) + 1 : (100 \/ Math.abs(odds2)) + 1;\n\t\t\t            var decimalOdds3 = odds3 >= 0 ? (odds3 \/ 100) + 1 : (100 \/ Math.abs(odds3)) + 1;\n\n\t\t\t            var impliedOdds1 = (1 \/ decimalOdds1) * 100;\n\t\t\t            var impliedOdds2 = (1 \/ decimalOdds2) * 100;\n\t\t\t            var impliedOdds3 = (1 \/ decimalOdds3) * 100;\n\t\t\t        } else if (oddsType == \"fractional\") {\n\t\t\t            var numerator1 = parseFloat(odds1.split(\"\/\")[0]);\n\t\t\t            var denominator1 = parseFloat(odds1.split(\"\/\")[1]);\n\t\t\t            var numerator2 = parseFloat(odds2.split(\"\/\")[0]);\n\t\t\t            var denominator2 = parseFloat(odds2.split(\"\/\")[1]);\n\t\t\t            var numerator3 = parseFloat(odds3.split(\"\/\")[0]);\n\t\t\t            var denominator3 = parseFloat(odds3.split(\"\/\")[1]);\n\n\t\t\t            var decimalOdds1 = numerator1 \/ denominator1 + 1;\n\t\t\t            var decimalOdds2 = numerator2 \/ denominator2 + 1;\n\t\t\t            var decimalOdds3 = numerator3 \/ denominator3 + 1;\n\n\t\t\t            var impliedOdds1 = (1 \/ decimalOdds1) * 100;\n\t\t\t            var impliedOdds2 = (1 \/ decimalOdds2) * 100;\n\t\t\t            var impliedOdds3 = (1 \/ decimalOdds3) * 100;\n\t\t\t        }\n\n\t\t\t        var margin1x2;\n\t\t\t        var margin2way;\n\t\t\t        if (decimalOdds1 && decimalOdds2 && decimalOdds3) {\n\t\t\t            if (decimalOdds1 >= 1 && decimalOdds2 >= 1 && decimalOdds3 >= 1) {\n\t\t\t                margin1x2 = 1 - (1 \/ decimalOdds1 + 1 \/ decimalOdds2 + 1 \/ decimalOdds3);\n\t\t\t                margin2way = 1 - (1 \/ decimalOdds1 + 1 \/ decimalOdds3);\n\t\t\t            } else if (decimalOdds1 < 1 && decimalOdds2 < 1 && decimalOdds3 < 1) {\n\t\t\t                margin1x2 = (decimalOdds1 + decimalOdds2 + decimalOdds3) - 1;\n\t\t\t                margin2way = (decimalOdds1 + decimalOdds3) - 1;\n\t\t\t            } else {\n\t\t\t                var positiveDecimalOdds = [decimalOdds1, decimalOdds2, decimalOdds3].filter(odds => odds >= 1);\n\t\t\t                var negativeDecimalOdds = [decimalOdds1, decimalOdds2, decimalOdds3].filter(odds => odds < 1);\n\n\t\t\t                var positiveMargin = 0;\n\t\t\t                var negativeMargin = 0;\n\n\t\t\t                for (var i = 0; i < positiveDecimalOdds.length; i++) {\n\t\t\t                    positiveMargin += 1 \/ positiveDecimalOdds[i];\n\t\t\t                }\n\n\t\t\t                for (var i = 0; i < negativeDecimalOdds.length; i++) {\n\t\t\t                    negativeMargin += Math.abs(negativeDecimalOdds[i] \/ (negativeDecimalOdds[i] - 1));\n\t\t\t                }\n\n\t\t\t                margin1x2 = positiveMargin + negativeMargin - 1;\n\t\t\t                margin2way = positiveMargin + negativeMargin - 1 \/ decimalOdds2;\n\t\t\t            }\n\n\t\t\t            $(\"#implied-odds-1\").val(impliedOdds1.toFixed(2) + \"%\");\n\t\t\t            $(\"#implied-odds-2\").val(impliedOdds2.toFixed(2) + \"%\");\n\t\t\t            $(\"#implied-odds-3\").val(impliedOdds3.toFixed(2) + \"%\");\n\t\t\t            $(\"#margin-1x2\").val((margin1x2 * 100).toFixed(2) + \"%\");\n\t\t\t            $(\"#margin-2way\").val((margin2way * 100).toFixed(2) + \"%\");\n\t\t\t        }\n\t\t\t    });\n\n\t\t\t\t$(\"#reset\").click(function() {\n\t\t\t\t    $(\"#odds-input-1\").val(\"\");\n\t\t\t\t    $(\"#odds-input-2\").val(\"\");\n\t\t\t\t    $(\"#odds-input-3\").val(\"\");\n\t\t\t\t    $(\"#implied-odds-1\").val(\"\");\n\t\t\t\t    $(\"#implied-odds-2\").val(\"\");\n\t\t\t\t    $(\"#implied-odds-3\").val(\"\");\n\t\t\t\t    $(\"#margin-1x2\").val(\"\");\n\t\t\t\t    $(\"#margin-2way\").val(\"\");\n\t\t\t\t});\n\t\t\t});\n\t\t<\/script>\n\t\n<div class=\"mb-3\">&nbsp;<\/div>\n\n<h2 id=\"purpose\">Qual \u00e8 lo scopo delle quote delle scommesse?<\/h2>\n<p><img decoding=\"async\" src=\"https:\/\/www.sportingpedia.com\/wp-content\/uploads\/2021\/01\/betting-sites_fractional-odds.svg\" alt=\"Qual \u00e8 lo Scopo delle Quote delle Scommesse?\" width=\"300\" height=\"150\" class=\"alignleft \">Ogni volta che valuti se piazzare o meno una scommessa, \u00e8 importante conoscere la possibile vincita. Le quote che visualizzi presso il bookmaker che hai scelto sono collegate alla probabilit\u00e0 implicita che il rispettivo esito si verifichi. Se un bookmaker propone una scommessa la cui probabilit\u00e0 implicita \u00e8 inferiore a quella reale, hai individuato una puntata di grande valore.<\/p>\n<p>Utilizzando un <strong>calcolatore di quote<\/strong>, puoi facilmente calcolare le <strong>quote reali e implicite<\/strong> e stabilire se hai trovato un&#8217;opzione di gioco vantaggiosa. Per valutare il valore di una scommessa \u00e8 sufficiente inserire le quote offerte dal bookmaker e l&#8217;importo che desideri puntare. Il resto del calcolo viene eseguito istantaneamente dal calcolatore di quote, fornendoti subito il risultato.<\/p>\n<h2 id=\"difference\">Qual \u00e8 la differenza tra quote reali e quote implicite?<\/h2>\n<p><img decoding=\"async\" src=\"https:\/\/www.sportingpedia.com\/wp-content\/uploads\/2021\/02\/football-betting-introduction_football-betting-odds-explained.svg\" alt=\"Qual \u00e8 la Differenza tra Quote Reali e Quote Implicate?\" width=\"300\" height=\"150\" class=\"alignleft \">In parole semplici, le quote implicite rappresentano la conversione delle quote da parte del bookmaker in una probabilit\u00e0 di vincita. Finch\u00e9 conosci le quote offerte da un operatore di scommesse su una puntata, puoi <strong>usare il nostro calcolatore di quote per visualizzare la probabilit\u00e0 implicita<\/strong>. Prendiamo ad esempio una scommessa spread nel calcio, che di norma presenta quote di -110 su ciascun lato. Ci\u00f2 equivale a una probabilit\u00e0 di vincita del 52,38% per entrambe le scelte, che rappresenta quindi la quota implicita di questo tipo di scommessa.<\/p>\n<p>Le quote reali sono determinate principalmente dallo scommettitore e dalle sue previsioni sulla probabilit\u00e0 di un risultato. <strong>\u00c8 difficile stabilire con esattezza le quote reali, in quanto sono soggettive<\/strong>. Detto questo, \u00e8 possibile avvicinarsi alle quote reali ricorrendo a modelli predittivi. Puoi ricorrere all&#8217;handicapping per stimare la probabilit\u00e0 reale che un evento si verifichi. Se la probabilit\u00e0 reale supera quella implicita, si tratta di una scommessa di valore.<\/p>\n<h2 id=\"work\">Come funziona il nostro calcolatore di quote?<\/h2>\n<p><img decoding=\"async\" src=\"https:\/\/www.sportingpedia.com\/wp-content\/uploads\/2021\/02\/nfl-betting-cashout_calculating.svg\" alt=\"Come Funziona il Nostro Calcolatore di Quote?\" width=\"300\" height=\"150\" class=\"alignleft \">Utilizzando il nostro strumento, potrai visualizzare istantaneamente il potenziale ritorno di una scommessa presso il tuo bookmaker preferito. Per ottenere le informazioni che ti servono \u00e8 sufficiente inserire alcuni dettagli riguardanti la tua puntata. Puoi iniziare selezionando il tipo di scommessa che intendi piazzare: il nostro calcolatore supporta diverse opzioni.<\/p>\n<p>Dovrai poi inserire le quote nel formato che preferisci. <strong>Il nostro calcolatore di quote supporta i formati pi\u00f9 diffusi<\/strong>, permettendoti di inserire questi dati nel modo per te pi\u00f9 comodo. Una volta inserite le quote visualizzate sul bookmaker, vedrai la probabilit\u00e0 implicita espressa in percentuale. Il passo successivo consiste semplicemente nel digitare l&#8217;importo che desideri puntare: il calcolatore mostrer\u00e0 il ritorno totale e il profitto che puoi aspettarti in caso di successo.<\/p>\n<p>La schedina generata pu\u00f2 essere salvata oppure <strong>puoi azzerarla, operazione che canceller\u00e0 tutti i dettagli precedentemente inseriti<\/strong>. Puoi modificare le informazioni della tua scommessa finch\u00e9 il calcolatore non mostrer\u00e0 una puntata di valore con un potenziale ritorno elevato.<\/p>\n<h2 id=\"why\">Perch\u00e9 dovresti usare un calcolatore di quote?<\/h2>\n<p><img decoding=\"async\" src=\"https:\/\/www.sportingpedia.com\/wp-content\/uploads\/2021\/02\/football-betting-how-to-calculate-arbitrage-bets_why-do-such-opportunities-appear.svg\" alt=\"Perch\u00e9 Dovresti Usare un Calcolatore di Quote?\" width=\"300\" height=\"150\" class=\"alignleft \">Il modo pi\u00f9 semplice per determinare il valore di una scommessa \u00e8 utilizzare un <strong>calcolatore di quote<\/strong>. Finch\u00e9 conosci le quote della tua puntata e l&#8217;importo che intendi giocare, <strong>puoi vedere immediatamente la probabilit\u00e0 implicita e il potenziale profitto<\/strong>. Poich\u00e9 i calcolatori di quote forniscono risultati istantanei, occorre pochissimo tempo per effettuare i calcoli necessari e stabilire se una scommessa merita il tuo denaro.<\/p>\n<p><strong>Il nostro calcolatore di quote \u00e8 estremamente facile da usare<\/strong>: ti consente di operare con qualsiasi formato di quote tu preferisca. Inoltre, puoi impiegare questo strumento per diversi tipi di scommesse, cos\u00ec da individuare l&#8217;opzione che offre il miglior potenziale ritorno. Utilizzando un calcolatore di quote sarai in grado di prendere decisioni pi\u00f9 rapidamente e di accrescere le tue possibilit\u00e0 di vivere sessioni di scommesse online vantaggiose.<\/p>\n","protected":false},"excerpt":{"rendered":"<p>Uno dei modi pi\u00f9 semplici per determinare il potenziale ritorno di una scommessa \u00e8 usare un calcolatore di quote. Indipendentemente dal formato delle quote che preferisci, puoi usare il nostro strumento di calcolo per stimare rapidamente quale potrebbe essere il potenziale pagamento delle tue scommesse. Con il nostro calcolatore di quote per le scommesse puoi [&hellip;]<\/p>\n","protected":false},"author":8,"featured_media":120383,"parent":115430,"menu_order":400,"comment_status":"closed","ping_status":"closed","template":"template-guide-page.php","meta":{"footnotes":""},"class_list":["post-115426","page","type-page","status-publish","has-post-thumbnail","hentry"],"yoast_head":"<!-- This site is optimized with the Yoast SEO plugin v26.6 - https:\/\/yoast.com\/wordpress\/plugins\/seo\/ -->\n<title>Calcolatore Quote per Scommesse<\/title>\n<meta name=\"description\" content=\"Usa il nostro calcolatore quote per calcolare il rendimento delle tue scommesse sportive. Scopri quanto puoi guadagnare scommettendo sugli eventi sportivi.\" \/>\n<meta name=\"robots\" content=\"index, follow, max-snippet:-1, max-image-preview:large, max-video-preview:-1\" \/>\n<link rel=\"canonical\" href=\"https:\/\/www.sportingpedia.com\/it\/betting-calculators\/odds-calculator\/\" \/>\n<meta property=\"og:locale\" content=\"it_IT\" \/>\n<meta property=\"og:type\" content=\"article\" \/>\n<meta property=\"og:title\" content=\"Calcolatore Quote per Scommesse\" \/>\n<meta property=\"og:description\" content=\"Usa il nostro calcolatore quote per calcolare il rendimento delle tue scommesse sportive. Scopri quanto puoi guadagnare scommettendo sugli eventi sportivi.\" \/>\n<meta property=\"og:url\" content=\"https:\/\/www.sportingpedia.com\/it\/betting-calculators\/odds-calculator\/\" \/>\n<meta property=\"og:site_name\" content=\"Sportingpedia - Latest Sports News From All Over the World\" \/>\n<meta property=\"article:modified_time\" content=\"2025-11-17T12:08:25+00:00\" \/>\n<meta name=\"twitter:card\" content=\"summary_large_image\" \/>\n<meta name=\"twitter:label1\" content=\"Tempo di lettura stimato\" \/>\n\t<meta name=\"twitter:data1\" content=\"5 minuti\" \/>\n<script type=\"application\/ld+json\" class=\"yoast-schema-graph\">{\"@context\":\"https:\/\/schema.org\",\"@graph\":[{\"@type\":\"WebPage\",\"@id\":\"https:\/\/www.sportingpedia.com\/it\/betting-calculators\/odds-calculator\/\",\"url\":\"https:\/\/www.sportingpedia.com\/it\/betting-calculators\/odds-calculator\/\",\"name\":\"Calcolatore Quote per Scommesse\",\"isPartOf\":{\"@id\":\"https:\/\/www.sportingpedia.com\/it\/#website\"},\"primaryImageOfPage\":{\"@id\":\"https:\/\/www.sportingpedia.com\/it\/betting-calculators\/odds-calculator\/#primaryimage\"},\"image\":{\"@id\":\"https:\/\/www.sportingpedia.com\/it\/betting-calculators\/odds-calculator\/#primaryimage\"},\"thumbnailUrl\":\"https:\/\/www.sportingpedia.com\/wp-content\/uploads\/2023\/03\/odds-calculator-featured.svg\",\"datePublished\":\"2025-04-10T06:57:50+00:00\",\"dateModified\":\"2025-11-17T12:08:25+00:00\",\"description\":\"Usa il nostro calcolatore quote per calcolare il rendimento delle tue scommesse sportive. Scopri quanto puoi guadagnare scommettendo sugli eventi sportivi.\",\"breadcrumb\":{\"@id\":\"https:\/\/www.sportingpedia.com\/it\/betting-calculators\/odds-calculator\/#breadcrumb\"},\"inLanguage\":\"it-IT\",\"potentialAction\":[{\"@type\":\"ReadAction\",\"target\":[\"https:\/\/www.sportingpedia.com\/it\/betting-calculators\/odds-calculator\/\"]}]},{\"@type\":\"ImageObject\",\"inLanguage\":\"it-IT\",\"@id\":\"https:\/\/www.sportingpedia.com\/it\/betting-calculators\/odds-calculator\/#primaryimage\",\"url\":\"https:\/\/www.sportingpedia.com\/wp-content\/uploads\/2023\/03\/odds-calculator-featured.svg\",\"contentUrl\":\"https:\/\/www.sportingpedia.com\/wp-content\/uploads\/2023\/03\/odds-calculator-featured.svg\"},{\"@type\":\"BreadcrumbList\",\"@id\":\"https:\/\/www.sportingpedia.com\/it\/betting-calculators\/odds-calculator\/#breadcrumb\",\"itemListElement\":[{\"@type\":\"ListItem\",\"position\":1,\"name\":\"Home\",\"item\":\"https:\/\/www.sportingpedia.com\/it\/home-2\/\"},{\"@type\":\"ListItem\",\"position\":2,\"name\":\"Calcolatori per le Scommesse Sportive\",\"item\":\"https:\/\/www.sportingpedia.com\/it\/betting-calculators\/\"},{\"@type\":\"ListItem\",\"position\":3,\"name\":\"Calcolatore Quote per Scommesse\"}]},{\"@type\":\"WebSite\",\"@id\":\"https:\/\/www.sportingpedia.com\/it\/#website\",\"url\":\"https:\/\/www.sportingpedia.com\/it\/\",\"name\":\"Sportingpedia - Latest Sports News From All Over the World\",\"description\":\"\",\"publisher\":{\"@id\":\"https:\/\/www.sportingpedia.com\/it\/#organization\"},\"potentialAction\":[{\"@type\":\"SearchAction\",\"target\":{\"@type\":\"EntryPoint\",\"urlTemplate\":\"https:\/\/www.sportingpedia.com\/it\/?s={search_term_string}\"},\"query-input\":{\"@type\":\"PropertyValueSpecification\",\"valueRequired\":true,\"valueName\":\"search_term_string\"}}],\"inLanguage\":\"it-IT\"},{\"@type\":\"Organization\",\"@id\":\"https:\/\/www.sportingpedia.com\/it\/#organization\",\"name\":\"SportingPedia\",\"url\":\"https:\/\/www.sportingpedia.com\/it\/\",\"logo\":{\"@type\":\"ImageObject\",\"inLanguage\":\"it-IT\",\"@id\":\"https:\/\/www.sportingpedia.com\/it\/#\/schema\/logo\/image\/\",\"url\":\"https:\/\/www.sportingpedia.com\/wp-content\/uploads\/2019\/10\/SportingPedia_logo.png\",\"contentUrl\":\"https:\/\/www.sportingpedia.com\/wp-content\/uploads\/2019\/10\/SportingPedia_logo.png\",\"width\":600,\"height\":101,\"caption\":\"SportingPedia\"},\"image\":{\"@id\":\"https:\/\/www.sportingpedia.com\/it\/#\/schema\/logo\/image\/\"}}]}<\/script>\n<!-- \/ Yoast SEO plugin. -->","yoast_head_json":{"title":"Calcolatore Quote per Scommesse","description":"Usa il nostro calcolatore quote per calcolare il rendimento delle tue scommesse sportive. Scopri quanto puoi guadagnare scommettendo sugli eventi sportivi.","robots":{"index":"index","follow":"follow","max-snippet":"max-snippet:-1","max-image-preview":"max-image-preview:large","max-video-preview":"max-video-preview:-1"},"canonical":"https:\/\/www.sportingpedia.com\/it\/betting-calculators\/odds-calculator\/","og_locale":"it_IT","og_type":"article","og_title":"Calcolatore Quote per Scommesse","og_description":"Usa il nostro calcolatore quote per calcolare il rendimento delle tue scommesse sportive. Scopri quanto puoi guadagnare scommettendo sugli eventi sportivi.","og_url":"https:\/\/www.sportingpedia.com\/it\/betting-calculators\/odds-calculator\/","og_site_name":"Sportingpedia - Latest Sports News From All Over the World","article_modified_time":"2025-11-17T12:08:25+00:00","twitter_card":"summary_large_image","twitter_misc":{"Tempo di lettura stimato":"5 minuti"},"schema":{"@context":"https:\/\/schema.org","@graph":[{"@type":"WebPage","@id":"https:\/\/www.sportingpedia.com\/it\/betting-calculators\/odds-calculator\/","url":"https:\/\/www.sportingpedia.com\/it\/betting-calculators\/odds-calculator\/","name":"Calcolatore Quote per Scommesse","isPartOf":{"@id":"https:\/\/www.sportingpedia.com\/it\/#website"},"primaryImageOfPage":{"@id":"https:\/\/www.sportingpedia.com\/it\/betting-calculators\/odds-calculator\/#primaryimage"},"image":{"@id":"https:\/\/www.sportingpedia.com\/it\/betting-calculators\/odds-calculator\/#primaryimage"},"thumbnailUrl":"https:\/\/www.sportingpedia.com\/wp-content\/uploads\/2023\/03\/odds-calculator-featured.svg","datePublished":"2025-04-10T06:57:50+00:00","dateModified":"2025-11-17T12:08:25+00:00","description":"Usa il nostro calcolatore quote per calcolare il rendimento delle tue scommesse sportive. Scopri quanto puoi guadagnare scommettendo sugli eventi sportivi.","breadcrumb":{"@id":"https:\/\/www.sportingpedia.com\/it\/betting-calculators\/odds-calculator\/#breadcrumb"},"inLanguage":"it-IT","potentialAction":[{"@type":"ReadAction","target":["https:\/\/www.sportingpedia.com\/it\/betting-calculators\/odds-calculator\/"]}]},{"@type":"ImageObject","inLanguage":"it-IT","@id":"https:\/\/www.sportingpedia.com\/it\/betting-calculators\/odds-calculator\/#primaryimage","url":"https:\/\/www.sportingpedia.com\/wp-content\/uploads\/2023\/03\/odds-calculator-featured.svg","contentUrl":"https:\/\/www.sportingpedia.com\/wp-content\/uploads\/2023\/03\/odds-calculator-featured.svg"},{"@type":"BreadcrumbList","@id":"https:\/\/www.sportingpedia.com\/it\/betting-calculators\/odds-calculator\/#breadcrumb","itemListElement":[{"@type":"ListItem","position":1,"name":"Home","item":"https:\/\/www.sportingpedia.com\/it\/home-2\/"},{"@type":"ListItem","position":2,"name":"Calcolatori per le Scommesse Sportive","item":"https:\/\/www.sportingpedia.com\/it\/betting-calculators\/"},{"@type":"ListItem","position":3,"name":"Calcolatore Quote per Scommesse"}]},{"@type":"WebSite","@id":"https:\/\/www.sportingpedia.com\/it\/#website","url":"https:\/\/www.sportingpedia.com\/it\/","name":"Sportingpedia - Latest Sports News From All Over the World","description":"","publisher":{"@id":"https:\/\/www.sportingpedia.com\/it\/#organization"},"potentialAction":[{"@type":"SearchAction","target":{"@type":"EntryPoint","urlTemplate":"https:\/\/www.sportingpedia.com\/it\/?s={search_term_string}"},"query-input":{"@type":"PropertyValueSpecification","valueRequired":true,"valueName":"search_term_string"}}],"inLanguage":"it-IT"},{"@type":"Organization","@id":"https:\/\/www.sportingpedia.com\/it\/#organization","name":"SportingPedia","url":"https:\/\/www.sportingpedia.com\/it\/","logo":{"@type":"ImageObject","inLanguage":"it-IT","@id":"https:\/\/www.sportingpedia.com\/it\/#\/schema\/logo\/image\/","url":"https:\/\/www.sportingpedia.com\/wp-content\/uploads\/2019\/10\/SportingPedia_logo.png","contentUrl":"https:\/\/www.sportingpedia.com\/wp-content\/uploads\/2019\/10\/SportingPedia_logo.png","width":600,"height":101,"caption":"SportingPedia"},"image":{"@id":"https:\/\/www.sportingpedia.com\/it\/#\/schema\/logo\/image\/"}}]}},"_links":{"self":[{"href":"https:\/\/www.sportingpedia.com\/it\/wp-json\/wp\/v2\/pages\/115426","targetHints":{"allow":["GET"]}}],"collection":[{"href":"https:\/\/www.sportingpedia.com\/it\/wp-json\/wp\/v2\/pages"}],"about":[{"href":"https:\/\/www.sportingpedia.com\/it\/wp-json\/wp\/v2\/types\/page"}],"author":[{"embeddable":true,"href":"https:\/\/www.sportingpedia.com\/it\/wp-json\/wp\/v2\/users\/8"}],"replies":[{"embeddable":true,"href":"https:\/\/www.sportingpedia.com\/it\/wp-json\/wp\/v2\/comments?post=115426"}],"version-history":[{"count":3,"href":"https:\/\/www.sportingpedia.com\/it\/wp-json\/wp\/v2\/pages\/115426\/revisions"}],"predecessor-version":[{"id":146367,"href":"https:\/\/www.sportingpedia.com\/it\/wp-json\/wp\/v2\/pages\/115426\/revisions\/146367"}],"up":[{"embeddable":true,"href":"https:\/\/www.sportingpedia.com\/it\/wp-json\/wp\/v2\/pages\/115430"}],"wp:featuredmedia":[{"embeddable":true,"href":"https:\/\/www.sportingpedia.com\/it\/wp-json\/wp\/v2\/media\/120383"}],"wp:attachment":[{"href":"https:\/\/www.sportingpedia.com\/it\/wp-json\/wp\/v2\/media?parent=115426"}],"curies":[{"name":"wp","href":"https:\/\/api.w.org\/{rel}","templated":true}]}}