{"id":115428,"date":"2025-04-10T06:57:50","date_gmt":"2025-04-10T06:57:50","guid":{"rendered":"https:\/\/www.sportingpedia.com\/?page_id=115428"},"modified":"2025-11-17T12:09:41","modified_gmt":"2025-11-17T12:09:41","slug":"hedge-betting-calculator","status":"publish","type":"page","link":"https:\/\/www.sportingpedia.com\/it\/betting-calculators\/hedge-betting-calculator\/","title":{"rendered":"Calcolatore Scommesse Copertura"},"content":{"rendered":"<p>La copertura \u00e8 un metodo utilizzato dagli scommettitori sportivi che desiderano assicurarsi un profitto da una scommessa specifica. Ci\u00f2 pu\u00f2 essere fatto <strong>puntando sul lato opposto della scommessa stessa<\/strong>. In questo modo gli scommettitori possono bilanciare le probabilit\u00e0 di vittoria o ridurre le perdite derivanti dalla puntata originale. Per calcolare l&#8217;importo che devi scommettere per coprire la tua scommessa iniziale, puoi usare il nostro calcolatore di copertura.<\/p>\n\n        <section class=\"section-arb-calculator my-3\">\n            <div class=\"row\">\n                <div class=\"col-md-6\">\n                    <div class=\"form-col\">\n                        <div class=\"col-inner\">\n                            <span class=\"odds-title pl\">Inserisci quote &amp; puntata<\/span>\n \n                            <div class=\"bet-row\">\n                                <div class=\"col-input-block row-arb-bet\" data-id=\"1\">\n                                    <label>Scommessa 1<\/label>\n\n                                    <div class=\"input-odds\"><input maxlength=\"10\" class=\"form-input\" type=\"text\" id=\"odds_1\" placeholder=\"Inserisci le quote della Scommessa 1\">\n                                    <\/div>\n                                <\/div>\n\n                                <div class=\"col-input-block row-arb-bet\" data-id=\"2\">\n                                    <label>Scommessa 2<\/label>\n\n                                    <div class=\"input-odds\"><input maxlength=\"10\" class=\"form-input\" type=\"text\" id=\"odds_2\" placeholder=\"Inserisci le quote della Scommessa 2\">\n                                    <\/div>\n                                <\/div>\n                            <\/div>\n\n                            <div class=\"col-input-block\">\n                                <label>Puntata<\/label>\n\n                                <div class=\"input-odds\"><input class=\"form-input\" type=\"text\" id=\"stake_total\" placeholder=\"Please Enter Stake\">\n                                <\/div>\n                            <\/div>\n                        <\/div>\n                    <\/div>\n\n                    <div class=\"btn-odds\"> \n                        <a href=\"javascript:void(0);\" class=\"btn btn-reset\" id=\"more_bets\">\n                            <i class=\"ico ico--more\"><\/i> Altre scommesse\n                        <\/a>    \n\n                        <a href=\"javascript:void(0);\" class=\"btn btn-reset\" id=\"reset\">\n                            <i class=\"ico ico--reset\"><\/i> Reimposta\n                        <\/a>\n\n                        <a href=\"javascript:void(0);\" class=\"btn btn-submit\" id=\"submit_arbitrage\">\n                            <i class=\"ico ico--calc\"><\/i> Calcola<\/a>\n                    <\/div>\n                <\/div>\n\n                <div class=\"col-md-6\">\n                    <div class=\"form-col\">\n                        <div class=\"col\">\n                            <span class=\"odds-title\">Stake<\/span>\n\n                            <div class=\"stake-row\">\n                                <span class=\"odds-title title-mob\" id=\"stake_title_1\">Puntata Scommessa 1<\/span>\n\n                                <div class=\"input-text\"> <span class=\"text-input\" id=\"stake_1\">$0.00 <\/span> <\/div>\n\n                                <span class=\"odds-title title-mob\" id=\"stake_title_2\">Puntata Scommessa 2<\/span>\n\n                                <div class=\"input-text\"> <span class=\"text-input\" id=\"stake_2\">$0.00 <\/span> <\/div>\n\n                            <\/div>                                                              \n                        <\/div>\n\n                        <div class=\"col\">\n                            <span class=\"odds-title\">Pagamento<\/span>\n\n                            <div class=\"payout-row\">\n                                <span class=\"odds-title title-mob\" id=\"payout_title_1\">Pagamento Scommessa 1<\/span>\n\n                                <div class=\"input-text\"> <span class=\"text-input\" id=\"payout_1\">$0.00 <\/span> <\/div>\n\n                                <span class=\"odds-title title-mob\" id=\"payout_title_2\">Pagamento Scommessa 2<\/span>\n\n                                <div class=\"input-text\"> <span class=\"text-input\" id=\"payout_2\">$0.00 <\/span> <\/div>\n                            <\/div>                                                              \n                        <\/div>\n                    <\/div>\n\n                    <div class=\"odds-output\">\n                        <ul>\n                            <li>\n                                <span class=\"result-label\">Pagamento totale:<\/span>\n\n                                <span class=\"result-input\" id=\"total_payout\">$0.00 <\/span>\n                            <\/li>\n\n                            <li>\n                                <span class=\"result-label\">Profitto totale:<\/span>\n\n                                <span class=\"result-input\" id=\"total_profit\">$0.00 <\/span> \n                            <\/li>\n\n                            <li>\n                                <span class=\"result-label\">ROI:<\/span>\n\n                                <span class=\"result-input\" id=\"roi\">0.00 <\/span>\n                            <\/li>                       \n                        <\/ul>\n                    <\/div>\n                <\/div>\n            <\/div>\n        <\/section>\n    \n\n<h2 id=\"what\">Cosa significa fare hedging nelle scommesse sportive?<\/h2>\n<p><img decoding=\"async\" src=\"https:\/\/www.sportingpedia.com\/wp-content\/uploads\/2021\/02\/football-betting-accumulators-vs-single_single-bets.svg\" alt=\"Cosa Significa Fare Hedging nelle Scommesse Sportive?\" width=\"300\" height=\"150\" class=\"alignleft \">L&#8217;hedging viene effettuato principalmente su <strong>scommesse future<\/strong> in cui si punta su squadre destinate a vincere tornei molto tempo prima dell&#8217;evento. Avvicinandosi alla conclusione della stagione, le quote di vittoria della squadra possono diminuire sensibilmente e molti scommettitori colgono l&#8217;occasione per coprire le puntate iniziali e garantire un certo profitto anche se la squadra su cui hanno scommesso in origine dovesse perdere.<\/p>\n<p><strong>Il modo pi\u00f9 semplice per capire l&#8217;hedging \u00e8 guardare un esempio specifico<\/strong>. Supponiamo che tu abbia deciso di sostenere la Squadra A con una scommessa futura di 100 $ a una quota di +2500, garantendo una vincita di 2.600 \u20ac se la Squadra A vince il torneo. Il profitto totale su questa puntata \u00e8 stimato in 2.500 \u20ac. Per coprire la puntata originale potresti piazzare 1.000 \u20ac sulla Squadra B a una quota di -150, con un ritorno previsto di 1.667 \u20ac, ottenendo cos\u00ec un profitto potenziale di 667 \u20ac.<\/p>\n<p>Se includi l&#8217;hedging nei tuoi calcoli otterrai i seguenti risultati: se la Squadra A, che hai sostenuto inizialmente, vince il torneo, riceverai un pagamento di 2.600 \u20ac, ma dovrai detrarre 100 \u20ac (la puntata originale) e 1.000 \u20ac (scommessa di copertura), ottenendo cos\u00ec un profitto totale di 1.500 \u20ac. Nel frattempo, se vince la scommessa di copertura, otterrai un ritorno di 1.667 \u20ac meno 1.100 \u20ac, vale a dire il totale delle due puntate, con un profitto complessivo di 567 \u20ac. <strong>Sebbene la vittoria della scommessa di copertura generi un profitto significativamente inferiore, gli scommettitori possono comunque ottenere un rendimento pi\u00f9 che discreto<\/strong>.<\/p>\n<h2 id=\"how\">Come funziona il nostro calcolatore di copertura?<\/h2>\n<p><img decoding=\"async\" src=\"https:\/\/www.sportingpedia.com\/wp-content\/uploads\/2021\/02\/nfl-betting-cashout_calculating.svg\" alt=\"Come Funziona il Nostro Calcolatore di Copertura?\" width=\"300\" height=\"150\" class=\"alignleft \">Se ti stai chiedendo come stimare l&#8217;importo che dovresti puntare come copertura per conseguire un determinato guadagno, o se desideri semplicemente visualizzare il potenziale ritorno della copertura, puoi usare il nostro calcolatore di copertura. <strong>Lo strumento \u00e8 estremamente facile da usare<\/strong> e fornisce risultati istantanei dopo l&#8217;inserimento dei dati richiesti.<\/p>\n<p>Puoi iniziare scegliendo il formato delle quote che preferisci, <strong>il nostro calcolatore supporta tutte le varianti di quote pi\u00f9 diffuse<\/strong>. Successivamente dovrai indicare le quote della tua scommessa originale e l&#8217;importo che hai puntato sulla squadra. Poich\u00e9 hai deciso di effettuare una scommessa di copertura, dovrai anche inserire le relative quote. Una volta completate queste sezioni il calcolatore indicher\u00e0 istantaneamente quanto dovresti puntare sulla scommessa di copertura per assicurarti un profitto.<\/p>\n<p>Dal momento che il calcolatore determina l&#8217;importo della scommessa di copertura, visualizzerai anche il totale delle tue puntate, il pagamento complessivo e il profitto previsto. Puoi scegliere di salvare la schedina generata oppure cancellare tutti i dati e tornare indietro per modificare le informazioni inserite.<\/p>\n<h2 id=\"why\">Perch\u00e9 dovresti usare un calcolatore di hedging?<\/h2>\n<p><img decoding=\"async\" src=\"https:\/\/www.sportingpedia.com\/wp-content\/uploads\/2021\/02\/football-betting-how-to-calculate-arbitrage-bets_why-do-such-opportunities-appear.svg\" alt=\"Why Should You Use a Hedge Calculator?\" width=\"300\" height=\"150\" class=\"alignleft \">Grazie al nostro calcolatore di hedging puoi determinare facilmente l&#8217;importo da puntare per garantirti un profitto adeguato in diverse circostanze. Sebbene l&#8217;hedging comporti il rischio di ridurre il margine della tua puntata originale, <strong>questo tipo di scommessa ti offre comunque una certa sicurezza<\/strong>, permettendoti di ottenere un buon ritorno anche se la scommessa iniziale dovesse perdere.<\/p>\n<p>\u00c8 particolarmente utile utilizzare un calcolatore di hedging se sei un appassionato di scommesse future. Se hai gi\u00e0 puntato su una squadra perch\u00e9 vinca un torneo, il calcolatore di hedging pu\u00f2 aiutarti a stimare rapidamente quanto devi <strong>puntare come copertura<\/strong> per garantirti comunque un profitto dalla tua sessione di scommesse future.<\/p>\n<p>Calcolare l&#8217;importo esatto della tua scommessa di hedging pu\u00f2 essere complicato, a meno che tu non utilizzi un <strong>calcolatore di hedging<\/strong>. Questo strumento \u00e8 semplice da usare e impiega solo pochi secondi per stabilire quale dovrebbe essere la puntata di copertura necessaria a garantire un profitto indipendentemente dall&#8217;esito dell&#8217;evento.<\/p>\n","protected":false},"excerpt":{"rendered":"<p>La copertura \u00e8 un metodo utilizzato dagli scommettitori sportivi che desiderano assicurarsi un profitto da una scommessa specifica. Ci\u00f2 pu\u00f2 essere fatto puntando sul lato opposto della scommessa stessa. In questo modo gli scommettitori possono bilanciare le probabilit\u00e0 di vittoria o ridurre le perdite derivanti dalla puntata originale. Per calcolare l&#8217;importo che devi scommettere per [&hellip;]<\/p>\n","protected":false},"author":8,"featured_media":120388,"parent":115430,"menu_order":500,"comment_status":"closed","ping_status":"closed","template":"template-guide-page.php","meta":{"footnotes":""},"class_list":["post-115428","page","type-page","status-publish","has-post-thumbnail","hentry"],"yoast_head":"<!-- This site is optimized with the Yoast SEO plugin v26.6 - https:\/\/yoast.com\/wordpress\/plugins\/seo\/ -->\n<title>Calcolatore Scommesse Hedge - Calcola il Ritorno dall&#039;Hedging<\/title>\n<meta name=\"description\" content=\"Usa il nostro calcolatore Hedge Betting per calcolare il ritorno dall&#039;hedging. Scopri quanto puoi guadagnare dalla tua scommessa hedge sugli eventi sportivi.\" \/>\n<meta name=\"robots\" content=\"index, follow, max-snippet:-1, max-image-preview:large, max-video-preview:-1\" \/>\n<link rel=\"canonical\" href=\"https:\/\/www.sportingpedia.com\/it\/betting-calculators\/hedge-betting-calculator\/\" \/>\n<meta property=\"og:locale\" content=\"it_IT\" \/>\n<meta property=\"og:type\" content=\"article\" \/>\n<meta property=\"og:title\" content=\"Calcolatore Scommesse Hedge - Calcola il Ritorno dall&#039;Hedging\" \/>\n<meta property=\"og:description\" content=\"Usa il nostro calcolatore Hedge Betting per calcolare il ritorno dall&#039;hedging. Scopri quanto puoi guadagnare dalla tua scommessa hedge sugli eventi sportivi.\" \/>\n<meta property=\"og:url\" content=\"https:\/\/www.sportingpedia.com\/it\/betting-calculators\/hedge-betting-calculator\/\" \/>\n<meta property=\"og:site_name\" content=\"Sportingpedia - Latest Sports News From All Over the World\" \/>\n<meta property=\"article:modified_time\" content=\"2025-11-17T12:09:41+00:00\" \/>\n<meta name=\"twitter:card\" content=\"summary_large_image\" \/>\n<meta name=\"twitter:label1\" content=\"Tempo di lettura stimato\" \/>\n\t<meta name=\"twitter:data1\" content=\"4 minuti\" \/>\n<script type=\"application\/ld+json\" class=\"yoast-schema-graph\">{\"@context\":\"https:\/\/schema.org\",\"@graph\":[{\"@type\":\"WebPage\",\"@id\":\"https:\/\/www.sportingpedia.com\/it\/betting-calculators\/hedge-betting-calculator\/\",\"url\":\"https:\/\/www.sportingpedia.com\/it\/betting-calculators\/hedge-betting-calculator\/\",\"name\":\"Calcolatore Scommesse Hedge - Calcola il Ritorno dall'Hedging\",\"isPartOf\":{\"@id\":\"https:\/\/www.sportingpedia.com\/it\/#website\"},\"primaryImageOfPage\":{\"@id\":\"https:\/\/www.sportingpedia.com\/it\/betting-calculators\/hedge-betting-calculator\/#primaryimage\"},\"image\":{\"@id\":\"https:\/\/www.sportingpedia.com\/it\/betting-calculators\/hedge-betting-calculator\/#primaryimage\"},\"thumbnailUrl\":\"https:\/\/www.sportingpedia.com\/wp-content\/uploads\/2023\/03\/hedge-calculator-featured.svg\",\"datePublished\":\"2025-04-10T06:57:50+00:00\",\"dateModified\":\"2025-11-17T12:09:41+00:00\",\"description\":\"Usa il nostro calcolatore Hedge Betting per calcolare il ritorno dall'hedging. Scopri quanto puoi guadagnare dalla tua scommessa hedge sugli eventi sportivi.\",\"breadcrumb\":{\"@id\":\"https:\/\/www.sportingpedia.com\/it\/betting-calculators\/hedge-betting-calculator\/#breadcrumb\"},\"inLanguage\":\"it-IT\",\"potentialAction\":[{\"@type\":\"ReadAction\",\"target\":[\"https:\/\/www.sportingpedia.com\/it\/betting-calculators\/hedge-betting-calculator\/\"]}]},{\"@type\":\"ImageObject\",\"inLanguage\":\"it-IT\",\"@id\":\"https:\/\/www.sportingpedia.com\/it\/betting-calculators\/hedge-betting-calculator\/#primaryimage\",\"url\":\"https:\/\/www.sportingpedia.com\/wp-content\/uploads\/2023\/03\/hedge-calculator-featured.svg\",\"contentUrl\":\"https:\/\/www.sportingpedia.com\/wp-content\/uploads\/2023\/03\/hedge-calculator-featured.svg\"},{\"@type\":\"BreadcrumbList\",\"@id\":\"https:\/\/www.sportingpedia.com\/it\/betting-calculators\/hedge-betting-calculator\/#breadcrumb\",\"itemListElement\":[{\"@type\":\"ListItem\",\"position\":1,\"name\":\"Home\",\"item\":\"https:\/\/www.sportingpedia.com\/it\/home-2\/\"},{\"@type\":\"ListItem\",\"position\":2,\"name\":\"Calcolatori per le Scommesse Sportive\",\"item\":\"https:\/\/www.sportingpedia.com\/it\/betting-calculators\/\"},{\"@type\":\"ListItem\",\"position\":3,\"name\":\"Calcolatore Scommesse Copertura\"}]},{\"@type\":\"WebSite\",\"@id\":\"https:\/\/www.sportingpedia.com\/it\/#website\",\"url\":\"https:\/\/www.sportingpedia.com\/it\/\",\"name\":\"Sportingpedia - Latest Sports News From All Over the World\",\"description\":\"\",\"publisher\":{\"@id\":\"https:\/\/www.sportingpedia.com\/it\/#organization\"},\"potentialAction\":[{\"@type\":\"SearchAction\",\"target\":{\"@type\":\"EntryPoint\",\"urlTemplate\":\"https:\/\/www.sportingpedia.com\/it\/?s={search_term_string}\"},\"query-input\":{\"@type\":\"PropertyValueSpecification\",\"valueRequired\":true,\"valueName\":\"search_term_string\"}}],\"inLanguage\":\"it-IT\"},{\"@type\":\"Organization\",\"@id\":\"https:\/\/www.sportingpedia.com\/it\/#organization\",\"name\":\"SportingPedia\",\"url\":\"https:\/\/www.sportingpedia.com\/it\/\",\"logo\":{\"@type\":\"ImageObject\",\"inLanguage\":\"it-IT\",\"@id\":\"https:\/\/www.sportingpedia.com\/it\/#\/schema\/logo\/image\/\",\"url\":\"https:\/\/www.sportingpedia.com\/wp-content\/uploads\/2019\/10\/SportingPedia_logo.png\",\"contentUrl\":\"https:\/\/www.sportingpedia.com\/wp-content\/uploads\/2019\/10\/SportingPedia_logo.png\",\"width\":600,\"height\":101,\"caption\":\"SportingPedia\"},\"image\":{\"@id\":\"https:\/\/www.sportingpedia.com\/it\/#\/schema\/logo\/image\/\"}}]}<\/script>\n<!-- \/ Yoast SEO plugin. -->","yoast_head_json":{"title":"Calcolatore Scommesse Hedge - Calcola il Ritorno dall'Hedging","description":"Usa il nostro calcolatore Hedge Betting per calcolare il ritorno dall'hedging. Scopri quanto puoi guadagnare dalla tua scommessa hedge sugli eventi sportivi.","robots":{"index":"index","follow":"follow","max-snippet":"max-snippet:-1","max-image-preview":"max-image-preview:large","max-video-preview":"max-video-preview:-1"},"canonical":"https:\/\/www.sportingpedia.com\/it\/betting-calculators\/hedge-betting-calculator\/","og_locale":"it_IT","og_type":"article","og_title":"Calcolatore Scommesse Hedge - Calcola il Ritorno dall'Hedging","og_description":"Usa il nostro calcolatore Hedge Betting per calcolare il ritorno dall'hedging. Scopri quanto puoi guadagnare dalla tua scommessa hedge sugli eventi sportivi.","og_url":"https:\/\/www.sportingpedia.com\/it\/betting-calculators\/hedge-betting-calculator\/","og_site_name":"Sportingpedia - Latest Sports News From All Over the World","article_modified_time":"2025-11-17T12:09:41+00:00","twitter_card":"summary_large_image","twitter_misc":{"Tempo di lettura stimato":"4 minuti"},"schema":{"@context":"https:\/\/schema.org","@graph":[{"@type":"WebPage","@id":"https:\/\/www.sportingpedia.com\/it\/betting-calculators\/hedge-betting-calculator\/","url":"https:\/\/www.sportingpedia.com\/it\/betting-calculators\/hedge-betting-calculator\/","name":"Calcolatore Scommesse Hedge - Calcola il Ritorno dall'Hedging","isPartOf":{"@id":"https:\/\/www.sportingpedia.com\/it\/#website"},"primaryImageOfPage":{"@id":"https:\/\/www.sportingpedia.com\/it\/betting-calculators\/hedge-betting-calculator\/#primaryimage"},"image":{"@id":"https:\/\/www.sportingpedia.com\/it\/betting-calculators\/hedge-betting-calculator\/#primaryimage"},"thumbnailUrl":"https:\/\/www.sportingpedia.com\/wp-content\/uploads\/2023\/03\/hedge-calculator-featured.svg","datePublished":"2025-04-10T06:57:50+00:00","dateModified":"2025-11-17T12:09:41+00:00","description":"Usa il nostro calcolatore Hedge Betting per calcolare il ritorno dall'hedging. Scopri quanto puoi guadagnare dalla tua scommessa hedge sugli eventi sportivi.","breadcrumb":{"@id":"https:\/\/www.sportingpedia.com\/it\/betting-calculators\/hedge-betting-calculator\/#breadcrumb"},"inLanguage":"it-IT","potentialAction":[{"@type":"ReadAction","target":["https:\/\/www.sportingpedia.com\/it\/betting-calculators\/hedge-betting-calculator\/"]}]},{"@type":"ImageObject","inLanguage":"it-IT","@id":"https:\/\/www.sportingpedia.com\/it\/betting-calculators\/hedge-betting-calculator\/#primaryimage","url":"https:\/\/www.sportingpedia.com\/wp-content\/uploads\/2023\/03\/hedge-calculator-featured.svg","contentUrl":"https:\/\/www.sportingpedia.com\/wp-content\/uploads\/2023\/03\/hedge-calculator-featured.svg"},{"@type":"BreadcrumbList","@id":"https:\/\/www.sportingpedia.com\/it\/betting-calculators\/hedge-betting-calculator\/#breadcrumb","itemListElement":[{"@type":"ListItem","position":1,"name":"Home","item":"https:\/\/www.sportingpedia.com\/it\/home-2\/"},{"@type":"ListItem","position":2,"name":"Calcolatori per le Scommesse Sportive","item":"https:\/\/www.sportingpedia.com\/it\/betting-calculators\/"},{"@type":"ListItem","position":3,"name":"Calcolatore Scommesse Copertura"}]},{"@type":"WebSite","@id":"https:\/\/www.sportingpedia.com\/it\/#website","url":"https:\/\/www.sportingpedia.com\/it\/","name":"Sportingpedia - Latest Sports News From All Over the World","description":"","publisher":{"@id":"https:\/\/www.sportingpedia.com\/it\/#organization"},"potentialAction":[{"@type":"SearchAction","target":{"@type":"EntryPoint","urlTemplate":"https:\/\/www.sportingpedia.com\/it\/?s={search_term_string}"},"query-input":{"@type":"PropertyValueSpecification","valueRequired":true,"valueName":"search_term_string"}}],"inLanguage":"it-IT"},{"@type":"Organization","@id":"https:\/\/www.sportingpedia.com\/it\/#organization","name":"SportingPedia","url":"https:\/\/www.sportingpedia.com\/it\/","logo":{"@type":"ImageObject","inLanguage":"it-IT","@id":"https:\/\/www.sportingpedia.com\/it\/#\/schema\/logo\/image\/","url":"https:\/\/www.sportingpedia.com\/wp-content\/uploads\/2019\/10\/SportingPedia_logo.png","contentUrl":"https:\/\/www.sportingpedia.com\/wp-content\/uploads\/2019\/10\/SportingPedia_logo.png","width":600,"height":101,"caption":"SportingPedia"},"image":{"@id":"https:\/\/www.sportingpedia.com\/it\/#\/schema\/logo\/image\/"}}]}},"_links":{"self":[{"href":"https:\/\/www.sportingpedia.com\/it\/wp-json\/wp\/v2\/pages\/115428","targetHints":{"allow":["GET"]}}],"collection":[{"href":"https:\/\/www.sportingpedia.com\/it\/wp-json\/wp\/v2\/pages"}],"about":[{"href":"https:\/\/www.sportingpedia.com\/it\/wp-json\/wp\/v2\/types\/page"}],"author":[{"embeddable":true,"href":"https:\/\/www.sportingpedia.com\/it\/wp-json\/wp\/v2\/users\/8"}],"replies":[{"embeddable":true,"href":"https:\/\/www.sportingpedia.com\/it\/wp-json\/wp\/v2\/comments?post=115428"}],"version-history":[{"count":3,"href":"https:\/\/www.sportingpedia.com\/it\/wp-json\/wp\/v2\/pages\/115428\/revisions"}],"predecessor-version":[{"id":146368,"href":"https:\/\/www.sportingpedia.com\/it\/wp-json\/wp\/v2\/pages\/115428\/revisions\/146368"}],"up":[{"embeddable":true,"href":"https:\/\/www.sportingpedia.com\/it\/wp-json\/wp\/v2\/pages\/115430"}],"wp:featuredmedia":[{"embeddable":true,"href":"https:\/\/www.sportingpedia.com\/it\/wp-json\/wp\/v2\/media\/120388"}],"wp:attachment":[{"href":"https:\/\/www.sportingpedia.com\/it\/wp-json\/wp\/v2\/media?parent=115428"}],"curies":[{"name":"wp","href":"https:\/\/api.w.org\/{rel}","templated":true}]}}